{"id":12273,"date":"2024-12-11T17:22:18","date_gmt":"2024-12-11T17:22:18","guid":{"rendered":"https:\/\/elementus.lv\/?page_id=12273"},"modified":"2025-02-19T08:23:54","modified_gmt":"2025-02-19T08:23:54","slug":"atomic-absorption","status":"publish","type":"page","link":"https:\/\/elementus.lv\/de\/atomic-absorption\/","title":{"rendered":"Atomabsorptionsspektrometrie (AAS)"},"content":{"rendered":"<div data-elementor-type=\"wp-page\" data-elementor-id=\"12273\" class=\"elementor elementor-12273\" data-elementor-post-type=\"page\">\n\t\t\t\t        <section class=\"elementor-section elementor-top-section elementor-element elementor-element-1d1c928 elementor-section-boxed elementor-section-height-default elementor-section-height-default pxl-type-header-none pxl-row-scroll-none\" data-id=\"1d1c928\" data-element_type=\"section\" data-e-type=\"section\" data-settings=\"{&quot;background_background&quot;:&quot;classic&quot;}\">\n\n                            <div class=\"elementor-background-overlay\"><\/div>\n            \n                <div class=\"elementor-container elementor-column-gap-default\">\n                <div class=\"elementor-column elementor-col-100 elementor-top-column elementor-element elementor-element-9152dcf pxl-column-element-default pxl-column-none\" data-id=\"9152dcf\" data-element_type=\"column\" data-e-type=\"column\">\r\n        <div class=\"elementor-widget-wrap elementor-element-populated\">\r\n                     \r\n        \t\t<div class=\"elementor-element elementor-element-e55b1ed elementor-widget elementor-widget-pxl_heading\" data-id=\"e55b1ed\" data-element_type=\"widget\" data-e-type=\"widget\" data-widget_type=\"pxl_heading.default\">\n\t\t\t\t<div class=\"elementor-widget-container\">\n\t\t\t\t\t<div class=\"pxl-heading\">\n\t<div class=\"pxl-heading--inner\">\n\t\t\t\t<h3 class=\"pxl-item--title\" data-wow-delay=\"ms\">\n\t\t\tAtomabsorptionsspektrometrie (AAS)\t\t\n\t\t<\/h3>\n\t\t\t<\/div>\n<\/div>\t\t\t\t<\/div>\n\t\t\t\t<\/div>\n\t\t            <\/div>\r\n        <\/div>\r\n        \t\t\t<\/div>\n\t\t<\/section>\n\t\t        <section class=\"elementor-section elementor-top-section elementor-element elementor-element-f8c8e81 elementor-section-boxed elementor-section-height-default elementor-section-height-default pxl-type-header-none pxl-row-scroll-none\" data-id=\"f8c8e81\" data-element_type=\"section\" data-e-type=\"section\">\n\n                \n                <div class=\"elementor-container elementor-column-gap-default\">\n                <div class=\"elementor-column elementor-col-50 elementor-top-column elementor-element elementor-element-40a7ed6 pxl-column-element-default pxl-column-none\" data-id=\"40a7ed6\" data-element_type=\"column\" data-e-type=\"column\">\r\n        <div class=\"elementor-widget-wrap elementor-element-populated\">\r\n                     \r\n        \t\t<div class=\"elementor-element elementor-element-afead70 elementor-widget elementor-widget-pxl_text_editor\" data-id=\"afead70\" data-element_type=\"widget\" data-e-type=\"widget\" data-widget_type=\"pxl_text_editor.default\">\n\t\t\t\t<div class=\"elementor-widget-container\">\n\t\t\t\t\t<div class=\"pxl-text-editor\">\n\t<div class=\"pxl-item--inner\" data-wow-delay=\"ms\">\n\t\t<h5 style=\"text-align: justify\">Mit der contrAA 800 Plattform bieten wir die weltweit fortschrittlichsten Atomabsorptionsspektrometrie(AAS)-Systeme an. Die Empfindlichkeit und Robustheit der contrAA 800 Serie konkurriert dank der einzigartigen hochaufl\u00f6senden Kontinuumsquellen-Atomabsorptionstechnologie (HR-CS-AAS) sogar mit ICP-Systemen.<\/h5>\t<\/div>\n<\/div>\t\t\t\t<\/div>\n\t\t\t\t<\/div>\n\t\t            <\/div>\r\n        <\/div>\r\n                <div class=\"elementor-column elementor-col-50 elementor-top-column elementor-element elementor-element-6229ead pxl-column-element-default pxl-column-none\" data-id=\"6229ead\" data-element_type=\"column\" data-e-type=\"column\">\r\n        <div class=\"elementor-widget-wrap elementor-element-populated\">\r\n                     \r\n        \t\t<div class=\"elementor-element elementor-element-7ab806e elementor-widget elementor-widget-pxl_image\" data-id=\"7ab806e\" data-element_type=\"widget\" data-e-type=\"widget\" data-widget_type=\"pxl_image.default\">\n\t\t\t\t<div class=\"elementor-widget-container\">\n\t\t\t\t\t<div class=\"pxl-image-single\" data-wow-delay=\"ms\">\r\n                                        <div class=\"pxl-item--inner\">\r\n                    <a href=\"https:\/\/www.analytik-jena.com\/\" target=\"_blank\" rel=\"noopener\">                        <img fetchpriority=\"high\" decoding=\"async\" width=\"520\" height=\"97\" src=\"https:\/\/elementus.lv\/wp-content\/uploads\/2025\/01\/logo-1.png\" class=\"no-lazyload attachment-full\" alt=\"\" srcset=\"https:\/\/elementus.lv\/wp-content\/uploads\/2025\/01\/logo-1.png 520w, https:\/\/elementus.lv\/wp-content\/uploads\/2025\/01\/logo-1-300x56.png 300w\" sizes=\"(max-width: 520px) 100vw, 520px\" \/>                    <\/a>                <\/div>\r\n                        <\/div>\t\t\t\t<\/div>\n\t\t\t\t<\/div>\n\t\t            <\/div>\r\n        <\/div>\r\n        \t\t\t<\/div>\n\t\t<\/section>\n\t\t        <section class=\"elementor-section elementor-top-section elementor-element elementor-element-a4145a8 elementor-section-boxed elementor-section-height-default elementor-section-height-default pxl-type-header-none pxl-row-scroll-none\" data-id=\"a4145a8\" data-element_type=\"section\" data-e-type=\"section\">\n\n                \n                <div class=\"elementor-container elementor-column-gap-default\">\n                <div class=\"elementor-column elementor-col-50 elementor-top-column elementor-element elementor-element-7f7ace8 pxl-column-element-default pxl-column-none\" data-id=\"7f7ace8\" data-element_type=\"column\" data-e-type=\"column\">\r\n        <div class=\"elementor-widget-wrap elementor-element-populated\">\r\n                     \r\n        \t\t<div class=\"elementor-element elementor-element-87242af elementor-widget__width-initial elementor-widget elementor-widget-image\" data-id=\"87242af\" data-element_type=\"widget\" data-e-type=\"widget\" data-widget_type=\"image.default\">\n\t\t\t\t<div class=\"elementor-widget-container\">\n\t\t\t\t\t\t\t\t\t\t\t\t<figure class=\"wp-caption\">\n\t\t\t\t\t\t\t\t\t\t\t<a href=\"https:\/\/elementus.lv\/wp-content\/uploads\/2024\/12\/Slice-1.png\" data-elementor-open-lightbox=\"yes\" data-elementor-lightbox-title=\"Slice 1\" data-e-action-hash=\"#elementor-action%3Aaction%3Dlightbox%26settings%3DeyJpZCI6MTI4NjcsInVybCI6Imh0dHBzOlwvXC9lbGVtZW50dXMubHZcL3dwLWNvbnRlbnRcL3VwbG9hZHNcLzIwMjRcLzEyXC9TbGljZS0xLnBuZyJ9\">\n\t\t\t\t\t\t\t<img decoding=\"async\" width=\"1024\" height=\"606\" src=\"https:\/\/elementus.lv\/wp-content\/uploads\/2024\/12\/Slice-1-1024x606.png\" class=\"attachment-large size-large wp-image-12867\" alt=\"\" srcset=\"https:\/\/elementus.lv\/wp-content\/uploads\/2024\/12\/Slice-1-1024x606.png 1024w, https:\/\/elementus.lv\/wp-content\/uploads\/2024\/12\/Slice-1-300x178.png 300w, https:\/\/elementus.lv\/wp-content\/uploads\/2024\/12\/Slice-1-768x455.png 768w, https:\/\/elementus.lv\/wp-content\/uploads\/2024\/12\/Slice-1-1536x909.png 1536w, https:\/\/elementus.lv\/wp-content\/uploads\/2024\/12\/Slice-1-2048x1212.png 2048w, https:\/\/elementus.lv\/wp-content\/uploads\/2024\/12\/Slice-1-1170x693.png 1170w, https:\/\/elementus.lv\/wp-content\/uploads\/2024\/12\/Slice-1-600x355.png 600w\" sizes=\"(max-width: 1024px) 100vw, 1024px\" \/>\t\t\t\t\t\t\t\t<\/a>\n\t\t\t\t\t\t\t\t\t\t\t<figcaption class=\"widget-image-caption wp-caption-text\"><\/figcaption>\n\t\t\t\t\t\t\t\t\t\t<\/figure>\n\t\t\t\t\t\t\t\t\t<\/div>\n\t\t\t\t<\/div>\n\t\t            <\/div>\r\n        <\/div>\r\n                <div class=\"elementor-column elementor-col-50 elementor-top-column elementor-element elementor-element-d3fdd8a pxl-column-element-default pxl-column-none\" data-id=\"d3fdd8a\" data-element_type=\"column\" data-e-type=\"column\">\r\n        <div class=\"elementor-widget-wrap elementor-element-populated\">\r\n                     \r\n        \t\t<div class=\"elementor-element elementor-element-834cce4 elementor-widget__width-initial elementor-widget elementor-widget-pxl_text_editor\" data-id=\"834cce4\" data-element_type=\"widget\" data-e-type=\"widget\" data-widget_type=\"pxl_text_editor.default\">\n\t\t\t\t<div class=\"elementor-widget-container\">\n\t\t\t\t\t<div class=\"pxl-text-editor\">\n\t<div class=\"pxl-item--inner\" data-wow-delay=\"ms\">\n\t\t<p style=\"text-align: justify\">Neben den High-End-Systemen contrAA 800 bieten wir eine Vielzahl weiterer Atomabsorptionsspektrometer f\u00fcr unterschiedlichste analytische Aufgaben und Anforderungen an: Das Einsteigermodell novAA 800 AAS ist ein optimales Spektrometer f\u00fcr Routineanwendungen und kann auch in rauen Umgebungen eingesetzt werden. F\u00fcr bestimmte Spurenanalysen sind unsere AAS der ZEEnit-Serie mit Zeeman-Untergrundkorrektur der dritten Generation ideal.<\/p><p style=\"text-align: justify\">Die Atomabsorptionsspektroskopie (AAS) ist eine leistungsstarke Analysemethode zur quantitativen und qualitativen Messung von Metallen und Metalloiden in Proben. Diese in der analytischen Chemie seit langem bew\u00e4hrte Methode beruht auf dem Prinzip der Strahlungsabsorption: Die Atome des zu analysierenden Elements absorbieren elektromagnetische Strahlung, dann wird die daraus resultierende Abnahme der Intensit\u00e4t bestimmter Teile des Spektrums gemessen, was Aufschluss \u00fcber die Zusammensetzung der Probe gibt.  Die Atomabsorptionsspektroskopie hat den Vorteil einer hohen Selektivit\u00e4t<\/p>\t<\/div>\n<\/div>\t\t\t\t<\/div>\n\t\t\t\t<\/div>\n\t\t            <\/div>\r\n        <\/div>\r\n        \t\t\t<\/div>\n\t\t<\/section>\n\t\t        <section class=\"elementor-section elementor-top-section elementor-element elementor-element-4111541 elementor-section-boxed elementor-section-height-default elementor-section-height-default pxl-type-header-none pxl-row-scroll-none\" data-id=\"4111541\" data-element_type=\"section\" data-e-type=\"section\">\n\n                \n                <div class=\"elementor-container elementor-column-gap-default\">\n                <div class=\"elementor-column elementor-col-100 elementor-top-column elementor-element elementor-element-bc7770f pxl-column-element-default pxl-column-none\" data-id=\"bc7770f\" data-element_type=\"column\" data-e-type=\"column\">\r\n        <div class=\"elementor-widget-wrap elementor-element-populated\">\r\n                     \r\n        \t\t<div class=\"elementor-element elementor-element-3e1529b elementor-widget__width-initial elementor-widget elementor-widget-pxl_text_editor\" data-id=\"3e1529b\" data-element_type=\"widget\" data-e-type=\"widget\" data-widget_type=\"pxl_text_editor.default\">\n\t\t\t\t<div class=\"elementor-widget-container\">\n\t\t\t\t\t<div class=\"pxl-text-editor\">\n\t<div class=\"pxl-item--inner\" data-wow-delay=\"ms\">\n\t\t<p style=\"text-align: justify\">und eine breite Palette von Anwendungen. Die AAS ist in vielen Industriezweigen eine wichtige Methode zur Prozess- und Qualit\u00e4tskontrolle. Als zuverl\u00e4ssige chemische Analysemethode kann die Atomabsorptionsspektroskopie beispielsweise zur \u00dcberpr\u00fcfung von Lebensmitteln auf toxische Metalle, zur Analyse von toxischen Spurenelementen in Oberfl\u00e4chen- und Trinkwasser oder zur normgerechten Messung von Schwermetallen in Kl\u00e4rschlamm und Boden eingesetzt werden. Weitere Anwendungen finden sich in der chemischen Industrie, im \u00d6l- und Gassektor, im Bergbau, in der Metallverarbeitung und in der Umweltanalytik. In der Praxis wird diese Methode entweder bei w\u00e4ssrigen L\u00f6sungen oder bei Feststoffen angewandt.<\/p>\t<\/div>\n<\/div>\t\t\t\t<\/div>\n\t\t\t\t<\/div>\n\t\t            <\/div>\r\n        <\/div>\r\n        \t\t\t<\/div>\n\t\t<\/section>\n\t\t        <section class=\"elementor-section elementor-top-section elementor-element elementor-element-d8cd663 elementor-section-boxed elementor-section-height-default elementor-section-height-default pxl-type-header-none pxl-row-scroll-none\" data-id=\"d8cd663\" data-element_type=\"section\" data-e-type=\"section\">\n\n                \n                <div class=\"elementor-container elementor-column-gap-default\">\n                <div class=\"elementor-column elementor-col-33 elementor-top-column elementor-element elementor-element-888cb89 pxl-column-element-default pxl-column-none\" data-id=\"888cb89\" data-element_type=\"column\" data-e-type=\"column\">\r\n        <div class=\"elementor-widget-wrap elementor-element-populated\">\r\n                     \r\n        \t\t<div class=\"elementor-element elementor-element-62a42b2 elementor-widget elementor-widget-pxl_showcase\" data-id=\"62a42b2\" data-element_type=\"widget\" data-e-type=\"widget\" data-widget_type=\"pxl_showcase.default\">\n\t\t\t\t<div class=\"elementor-widget-container\">\n\t\t\t\t\t<div class=\"pxl-showcase layout1\" data-wow-delay=\"ms\">\r\n    <div class=\"inner-box item-normarl\">\r\n        <div class=\"item-feature\">\r\n            <img decoding=\"async\" width=\"2560\" height=\"1706\" src=\"https:\/\/elementus.lv\/wp-content\/uploads\/2024\/12\/contrAA_800_D_AS_FD_Front-1-scaled.jpg\" class=\"attachment-full\" alt=\"\" srcset=\"https:\/\/elementus.lv\/wp-content\/uploads\/2024\/12\/contrAA_800_D_AS_FD_Front-1-scaled.jpg 2560w, https:\/\/elementus.lv\/wp-content\/uploads\/2024\/12\/contrAA_800_D_AS_FD_Front-1-300x200.jpg 300w, https:\/\/elementus.lv\/wp-content\/uploads\/2024\/12\/contrAA_800_D_AS_FD_Front-1-1024x683.jpg 1024w, https:\/\/elementus.lv\/wp-content\/uploads\/2024\/12\/contrAA_800_D_AS_FD_Front-1-768x512.jpg 768w, https:\/\/elementus.lv\/wp-content\/uploads\/2024\/12\/contrAA_800_D_AS_FD_Front-1-1536x1024.jpg 1536w, https:\/\/elementus.lv\/wp-content\/uploads\/2024\/12\/contrAA_800_D_AS_FD_Front-1-2048x1365.jpg 2048w, https:\/\/elementus.lv\/wp-content\/uploads\/2024\/12\/contrAA_800_D_AS_FD_Front-1-1065x710.jpg 1065w, https:\/\/elementus.lv\/wp-content\/uploads\/2024\/12\/contrAA_800_D_AS_FD_Front-1-600x400.jpg 600w\" sizes=\"(max-width: 2560px) 100vw, 2560px\" \/>            <div class=\"pxl-item-links\">\r\n                                    <a class=\"link-1\" href=\"https:\/\/elementus.lv\/wp-content\/uploads\/2024\/12\/contrAA-800.pdf\" target=\"_blank\">\r\n                        <span>ContrAA800-Katalog<\/span>\r\n                    <\/a>\r\n                                                    <a class=\"link-2\" href=\"https:\/\/elementus.lv\/wp-content\/uploads\/2024\/12\/contrAA-800.pdf\">\r\n                        <span><\/span>\r\n                    <\/a>\r\n                            <\/div>\r\n        <\/div>\r\n        <h3 class=\"item-title\">\r\n            <a href=\"https:\/\/elementus.lv\/wp-content\/uploads\/2024\/12\/contrAA-800.pdf\" target=\"_blank\">                ContrAA800-Katalog            <\/a>                    <\/h3>\r\n    <\/div>\r\n<\/div>\t\t\t\t<\/div>\n\t\t\t\t<\/div>\n\t\t\t\t<div class=\"elementor-element elementor-element-31bfaeb elementor-align-center elementor-widget elementor-widget-button\" data-id=\"31bfaeb\" data-element_type=\"widget\" data-e-type=\"widget\" data-widget_type=\"button.default\">\n\t\t\t\t<div class=\"elementor-widget-container\">\n\t\t\t\t\t\t\t\t\t<div class=\"elementor-button-wrapper\">\n\t\t\t\t\t<a class=\"elementor-button elementor-button-link elementor-size-sm\" href=\"https:\/\/elementus.lv\/wp-content\/uploads\/2024\/12\/contrAA-800.pdf?dl=1\" download=\"contrAA-800.pdf\">\n\t\t\t\t\t\t<span class=\"elementor-button-content-wrapper\">\n\t\t\t\t\t\t\t\t\t<span class=\"elementor-button-text\">Katalog herunterladen<\/span>\n\t\t\t\t\t<\/span>\n\t\t\t\t\t<\/a>\n\t\t\t\t<\/div>\n\t\t\t\t\t\t\t\t<\/div>\n\t\t\t\t<\/div>\n\t\t            <\/div>\r\n        <\/div>\r\n                <div class=\"elementor-column elementor-col-33 elementor-top-column elementor-element elementor-element-300e7c8 pxl-column-element-default pxl-column-none\" data-id=\"300e7c8\" data-element_type=\"column\" data-e-type=\"column\">\r\n        <div class=\"elementor-widget-wrap elementor-element-populated\">\r\n                     \r\n        \t\t<div class=\"elementor-element elementor-element-0152a2f elementor-widget__width-initial elementor-widget elementor-widget-pxl_showcase\" data-id=\"0152a2f\" data-element_type=\"widget\" data-e-type=\"widget\" data-widget_type=\"pxl_showcase.default\">\n\t\t\t\t<div class=\"elementor-widget-container\">\n\t\t\t\t\t<div class=\"pxl-showcase layout1\" data-wow-delay=\"ms\">\r\n    <div class=\"inner-box item-normarl\">\r\n        <div class=\"item-feature\">\r\n            <img loading=\"lazy\" decoding=\"async\" width=\"2560\" height=\"1662\" src=\"https:\/\/elementus.lv\/wp-content\/uploads\/2024\/12\/novAA_800_D_HS60-scaled.jpg\" class=\"attachment-full\" alt=\"\" srcset=\"https:\/\/elementus.lv\/wp-content\/uploads\/2024\/12\/novAA_800_D_HS60-scaled.jpg 2560w, https:\/\/elementus.lv\/wp-content\/uploads\/2024\/12\/novAA_800_D_HS60-300x195.jpg 300w, https:\/\/elementus.lv\/wp-content\/uploads\/2024\/12\/novAA_800_D_HS60-1024x665.jpg 1024w, https:\/\/elementus.lv\/wp-content\/uploads\/2024\/12\/novAA_800_D_HS60-768x499.jpg 768w, https:\/\/elementus.lv\/wp-content\/uploads\/2024\/12\/novAA_800_D_HS60-1536x997.jpg 1536w, https:\/\/elementus.lv\/wp-content\/uploads\/2024\/12\/novAA_800_D_HS60-2048x1330.jpg 2048w, https:\/\/elementus.lv\/wp-content\/uploads\/2024\/12\/novAA_800_D_HS60-1093x710.jpg 1093w, https:\/\/elementus.lv\/wp-content\/uploads\/2024\/12\/novAA_800_D_HS60-600x390.jpg 600w\" sizes=\"(max-width: 2560px) 100vw, 2560px\" \/>            <div class=\"pxl-item-links\">\r\n                                    <a class=\"link-1\" href=\"https:\/\/elementus.lv\/wp-content\/uploads\/2024\/12\/novAA800-1.pdf\" target=\"_blank\">\r\n                        <span>novAA 800 D HS60 Katalog<\/span>\r\n                    <\/a>\r\n                                                    <a class=\"link-2\" href=\"https:\/\/elementus.lv\/wp-content\/uploads\/2024\/12\/novAA800-1.pdf\">\r\n                        <span><\/span>\r\n                    <\/a>\r\n                            <\/div>\r\n        <\/div>\r\n        <h3 class=\"item-title\">\r\n            <a href=\"https:\/\/elementus.lv\/wp-content\/uploads\/2024\/12\/novAA800-1.pdf\" target=\"_blank\">                novAA 800 D HS60            <\/a>                    <\/h3>\r\n    <\/div>\r\n<\/div>\t\t\t\t<\/div>\n\t\t\t\t<\/div>\n\t\t\t\t<div class=\"elementor-element elementor-element-8726b83 elementor-align-center elementor-widget elementor-widget-button\" data-id=\"8726b83\" data-element_type=\"widget\" data-e-type=\"widget\" data-widget_type=\"button.default\">\n\t\t\t\t<div class=\"elementor-widget-container\">\n\t\t\t\t\t\t\t\t\t<div class=\"elementor-button-wrapper\">\n\t\t\t\t\t<a class=\"elementor-button elementor-button-link elementor-size-sm\" href=\"https:\/\/elementus.lv\/wp-content\/uploads\/2024\/12\/novAA800-1.pdf?dl=1\" download=\"novAA800-1.pdf\">\n\t\t\t\t\t\t<span class=\"elementor-button-content-wrapper\">\n\t\t\t\t\t\t\t\t\t<span class=\"elementor-button-text\">Katalog herunterladen<\/span>\n\t\t\t\t\t<\/span>\n\t\t\t\t\t<\/a>\n\t\t\t\t<\/div>\n\t\t\t\t\t\t\t\t<\/div>\n\t\t\t\t<\/div>\n\t\t            <\/div>\r\n        <\/div>\r\n                <div class=\"elementor-column elementor-col-33 elementor-top-column elementor-element elementor-element-f80b812 pxl-column-element-default pxl-column-none\" data-id=\"f80b812\" data-element_type=\"column\" data-e-type=\"column\">\r\n        <div class=\"elementor-widget-wrap elementor-element-populated\">\r\n                     \r\n        \t\t<div class=\"elementor-element elementor-element-9f05d65 elementor-widget elementor-widget-pxl_showcase\" data-id=\"9f05d65\" data-element_type=\"widget\" data-e-type=\"widget\" data-widget_type=\"pxl_showcase.default\">\n\t\t\t\t<div class=\"elementor-widget-container\">\n\t\t\t\t\t<div class=\"pxl-showcase layout1\" data-wow-delay=\"ms\">\r\n    <div class=\"inner-box item-normarl\">\r\n        <div class=\"item-feature\">\r\n            <img loading=\"lazy\" decoding=\"async\" width=\"10698\" height=\"5794\" src=\"https:\/\/elementus.lv\/wp-content\/uploads\/2024\/12\/ZEEnit_700P_AS_HS_ALPHA.png\" class=\"attachment-full\" alt=\"\" srcset=\"https:\/\/elementus.lv\/wp-content\/uploads\/2024\/12\/ZEEnit_700P_AS_HS_ALPHA.png 10698w, https:\/\/elementus.lv\/wp-content\/uploads\/2024\/12\/ZEEnit_700P_AS_HS_ALPHA-300x162.png 300w, https:\/\/elementus.lv\/wp-content\/uploads\/2024\/12\/ZEEnit_700P_AS_HS_ALPHA-1024x555.png 1024w, https:\/\/elementus.lv\/wp-content\/uploads\/2024\/12\/ZEEnit_700P_AS_HS_ALPHA-768x416.png 768w, https:\/\/elementus.lv\/wp-content\/uploads\/2024\/12\/ZEEnit_700P_AS_HS_ALPHA-1536x832.png 1536w, https:\/\/elementus.lv\/wp-content\/uploads\/2024\/12\/ZEEnit_700P_AS_HS_ALPHA-2048x1109.png 2048w, https:\/\/elementus.lv\/wp-content\/uploads\/2024\/12\/ZEEnit_700P_AS_HS_ALPHA-1170x634.png 1170w, https:\/\/elementus.lv\/wp-content\/uploads\/2024\/12\/ZEEnit_700P_AS_HS_ALPHA-600x325.png 600w\" sizes=\"(max-width: 10698px) 100vw, 10698px\" \/>            <div class=\"pxl-item-links\">\r\n                                    <a class=\"link-1\" href=\"https:\/\/elementus.lv\/wp-content\/uploads\/2024\/12\/ZEEnit.pdf\" target=\"_blank\">\r\n                        <span>ZEEnit 700P AS HS ALPHA Katalog<\/span>\r\n                    <\/a>\r\n                                                    <a class=\"link-2\" href=\"https:\/\/elementus.lv\/wp-content\/uploads\/2024\/12\/ZEEnit.pdf\">\r\n                        <span><\/span>\r\n                    <\/a>\r\n                            <\/div>\r\n        <\/div>\r\n        <h3 class=\"item-title\">\r\n            <a href=\"https:\/\/elementus.lv\/wp-content\/uploads\/2024\/12\/ZEEnit.pdf\" target=\"_blank\">                ZEEnit 700P AS HS ALPHA Katalog            <\/a>                    <\/h3>\r\n    <\/div>\r\n<\/div>\t\t\t\t<\/div>\n\t\t\t\t<\/div>\n\t\t\t\t<div class=\"elementor-element elementor-element-5d4f90c elementor-align-center elementor-widget elementor-widget-button\" data-id=\"5d4f90c\" data-element_type=\"widget\" data-e-type=\"widget\" data-widget_type=\"button.default\">\n\t\t\t\t<div class=\"elementor-widget-container\">\n\t\t\t\t\t\t\t\t\t<div class=\"elementor-button-wrapper\">\n\t\t\t\t\t<a class=\"elementor-button elementor-button-link elementor-size-sm\" href=\"https:\/\/elementus.lv\/wp-content\/uploads\/2024\/12\/ZEEnit.pdf?dl=1\" download=\"ZEEnit.pdf\">\n\t\t\t\t\t\t<span class=\"elementor-button-content-wrapper\">\n\t\t\t\t\t\t\t\t\t<span class=\"elementor-button-text\">Katalog herunterladen<\/span>\n\t\t\t\t\t<\/span>\n\t\t\t\t\t<\/a>\n\t\t\t\t<\/div>\n\t\t\t\t\t\t\t\t<\/div>\n\t\t\t\t<\/div>\n\t\t            <\/div>\r\n        <\/div>\r\n        \t\t\t<\/div>\n\t\t<\/section>\n\t\t\t\t<\/div>","protected":false},"excerpt":{"rendered":"<p>Atomic Absorption Spectrometry (AAS) With the contrAA 800 platform we offer the most advanced atomic absorption spectrometry(AAS) systems worldwide. The sensitivity and robustness of the contrAA 800 series rivals even ICP systems thanky to its unique high-resolution continuum source atomic absorption technology (HR-CS-AAS). Next to the high-end contrAA 800 systems we offer a variety of [&hellip;]<\/p>\n","protected":false},"author":1,"featured_media":0,"parent":0,"menu_order":0,"comment_status":"closed","ping_status":"closed","template":"","meta":{"footnotes":""},"class_list":["post-12273","page","type-page","status-publish","hentry"],"_links":{"self":[{"href":"https:\/\/elementus.lv\/de\/wp-json\/wp\/v2\/pages\/12273","targetHints":{"allow":["GET"]}}],"collection":[{"href":"https:\/\/elementus.lv\/de\/wp-json\/wp\/v2\/pages"}],"about":[{"href":"https:\/\/elementus.lv\/de\/wp-json\/wp\/v2\/types\/page"}],"author":[{"embeddable":true,"href":"https:\/\/elementus.lv\/de\/wp-json\/wp\/v2\/users\/1"}],"replies":[{"embeddable":true,"href":"https:\/\/elementus.lv\/de\/wp-json\/wp\/v2\/comments?post=12273"}],"version-history":[{"count":97,"href":"https:\/\/elementus.lv\/de\/wp-json\/wp\/v2\/pages\/12273\/revisions"}],"predecessor-version":[{"id":16588,"href":"https:\/\/elementus.lv\/de\/wp-json\/wp\/v2\/pages\/12273\/revisions\/16588"}],"wp:attachment":[{"href":"https:\/\/elementus.lv\/de\/wp-json\/wp\/v2\/media?parent=12273"}],"curies":[{"name":"wp","href":"https:\/\/api.w.org\/{rel}","templated":true}]}}