{"id":13504,"date":"2024-12-22T18:56:30","date_gmt":"2024-12-22T18:56:30","guid":{"rendered":"https:\/\/elementus.lv\/?page_id=13504"},"modified":"2025-04-14T11:04:31","modified_gmt":"2025-04-14T11:04:31","slug":"centrifuges","status":"publish","type":"page","link":"https:\/\/elementus.lv\/de\/centrifuges\/","title":{"rendered":"Zentrifugen"},"content":{"rendered":"<div data-elementor-type=\"wp-page\" data-elementor-id=\"13504\" class=\"elementor elementor-13504\" data-elementor-post-type=\"page\">\n\t\t\t\t        <section class=\"elementor-section elementor-top-section elementor-element elementor-element-450d65f elementor-section-boxed elementor-section-height-default elementor-section-height-default pxl-type-header-none pxl-row-scroll-none\" data-id=\"450d65f\" data-element_type=\"section\" data-e-type=\"section\" data-settings=\"{&quot;background_background&quot;:&quot;classic&quot;}\">\n\n                            <div class=\"elementor-background-overlay\"><\/div>\n            \n                <div class=\"elementor-container elementor-column-gap-default\">\n                <div class=\"elementor-column elementor-col-100 elementor-top-column elementor-element elementor-element-fa947ab pxl-column-element-default pxl-column-none\" data-id=\"fa947ab\" data-element_type=\"column\" data-e-type=\"column\">\r\n        <div class=\"elementor-widget-wrap elementor-element-populated\">\r\n                     \r\n        \t\t<div class=\"elementor-element elementor-element-c363c4f elementor-widget elementor-widget-pxl_heading\" data-id=\"c363c4f\" data-element_type=\"widget\" data-e-type=\"widget\" data-widget_type=\"pxl_heading.default\">\n\t\t\t\t<div class=\"elementor-widget-container\">\n\t\t\t\t\t<div class=\"pxl-heading\">\n\t<div class=\"pxl-heading--inner\">\n\t\t\t\t<h3 class=\"pxl-item--title\" data-wow-delay=\"ms\">\n\t\t\tZentrifugen\t\t\n\t\t<\/h3>\n\t\t\t<\/div>\n<\/div>\t\t\t\t<\/div>\n\t\t\t\t<\/div>\n\t\t            <\/div>\r\n        <\/div>\r\n        \t\t\t<\/div>\n\t\t<\/section>\n\t\t        <section class=\"elementor-section elementor-top-section elementor-element elementor-element-3e6297e elementor-section-content-middle elementor-section-boxed elementor-section-height-default elementor-section-height-default pxl-type-header-none pxl-row-scroll-none\" data-id=\"3e6297e\" data-element_type=\"section\" data-e-type=\"section\">\n\n                \n                <div class=\"elementor-container elementor-column-gap-default\">\n                <div class=\"elementor-column elementor-col-50 elementor-top-column elementor-element elementor-element-8074325 pxl-column-element-default pxl-column-none\" data-id=\"8074325\" data-element_type=\"column\" data-e-type=\"column\">\r\n        <div class=\"elementor-widget-wrap elementor-element-populated\">\r\n                     \r\n        \t\t<div class=\"elementor-element elementor-element-1951334 elementor-widget elementor-widget-pxl_text_editor\" data-id=\"1951334\" data-element_type=\"widget\" data-e-type=\"widget\" data-widget_type=\"pxl_text_editor.default\">\n\t\t\t\t<div class=\"elementor-widget-container\">\n\t\t\t\t\t<div class=\"pxl-text-editor\">\n\t<div class=\"pxl-item--inner\" data-wow-delay=\"ms\">\n\t\t<h3><strong>Labor-Zentrifugen: Pr\u00e4zision und Zuverl\u00e4ssigkeit f\u00fcr Ihren wissenschaftlichen Bedarf<\/strong><\/h3>\t<\/div>\n<\/div>\t\t\t\t<\/div>\n\t\t\t\t<\/div>\n\t\t            <\/div>\r\n        <\/div>\r\n                <div class=\"elementor-column elementor-col-50 elementor-top-column elementor-element elementor-element-7b5ec23 pxl-column-element-default pxl-column-none\" data-id=\"7b5ec23\" data-element_type=\"column\" data-e-type=\"column\">\r\n        <div class=\"elementor-widget-wrap elementor-element-populated\">\r\n                     \r\n        \t\t<div class=\"elementor-element elementor-element-d661700 elementor-widget elementor-widget-pxl_image\" data-id=\"d661700\" data-element_type=\"widget\" data-e-type=\"widget\" data-widget_type=\"pxl_image.default\">\n\t\t\t\t<div class=\"elementor-widget-container\">\n\t\t\t\t\t<div class=\"pxl-image-single\" data-wow-delay=\"ms\">\r\n                                        <div class=\"pxl-item--inner\">\r\n                    <a href=\"https:\/\/eu-en.ohaus.com\/en-eu\/products\/equipment\/centrifuges?aliaspath=%2FProducts%2FEquipment%2FCentrifuges\" target=\"_blank\" rel=\"noopener\">                        <img fetchpriority=\"high\" decoding=\"async\" width=\"300\" height=\"284\" src=\"https:\/\/elementus.lv\/wp-content\/uploads\/2024\/12\/ohaus-logo-49F2E59E95-seeklogo.com_.png\" class=\"no-lazyload attachment-full\" alt=\"\" \/>                    <\/a>                <\/div>\r\n                        <\/div>\t\t\t\t<\/div>\n\t\t\t\t<\/div>\n\t\t            <\/div>\r\n        <\/div>\r\n        \t\t\t<\/div>\n\t\t<\/section>\n\t\t        <section class=\"elementor-section elementor-top-section elementor-element elementor-element-aad5a90 elementor-section-boxed elementor-section-height-default elementor-section-height-default pxl-type-header-none pxl-row-scroll-none\" data-id=\"aad5a90\" data-element_type=\"section\" data-e-type=\"section\">\n\n                \n                <div class=\"elementor-container elementor-column-gap-default\">\n                <div class=\"elementor-column elementor-col-100 elementor-top-column elementor-element elementor-element-ea3ca08 pxl-column-element-default pxl-column-none\" data-id=\"ea3ca08\" data-element_type=\"column\" data-e-type=\"column\">\r\n        <div class=\"elementor-widget-wrap elementor-element-populated\">\r\n                     \r\n        \t\t<div class=\"elementor-element elementor-element-2029c4c elementor-widget elementor-widget-pxl_text_editor\" data-id=\"2029c4c\" data-element_type=\"widget\" data-e-type=\"widget\" data-widget_type=\"pxl_text_editor.default\">\n\t\t\t\t<div class=\"elementor-widget-container\">\n\t\t\t\t\t<div class=\"pxl-text-editor\">\n\t<div class=\"pxl-item--inner\" data-wow-delay=\"ms\">\n\t\t<p>OHAUS-Zentrifugen sind hochwertige Laborger\u00e4te, die f\u00fcr eine effiziente und zuverl\u00e4ssige Probentrennung konzipiert sind. Sie werden h\u00e4ufig in der Forschung, in klinischen und industriellen Anwendungen eingesetzt und bieten pr\u00e4zise Leistung, benutzerfreundliche Bedienung und eine robuste Konstruktion.<\/p>\t<\/div>\n<\/div>\t\t\t\t<\/div>\n\t\t\t\t<\/div>\n\t\t            <\/div>\r\n        <\/div>\r\n        \t\t\t<\/div>\n\t\t<\/section>\n\t\t        <section class=\"elementor-section elementor-top-section elementor-element elementor-element-9504761 elementor-section-boxed elementor-section-height-default elementor-section-height-default pxl-type-header-none pxl-row-scroll-none\" data-id=\"9504761\" data-element_type=\"section\" data-e-type=\"section\">\n\n                \n                <div class=\"elementor-container elementor-column-gap-default\">\n                <div class=\"elementor-column elementor-col-50 elementor-top-column elementor-element elementor-element-47e5699 pxl-column-element-default pxl-column-none\" data-id=\"47e5699\" data-element_type=\"column\" data-e-type=\"column\">\r\n        <div class=\"elementor-widget-wrap elementor-element-populated\">\r\n                     \r\n        \t\t<div class=\"elementor-element elementor-element-5b7b66b elementor-widget elementor-widget-pxl_text_editor\" data-id=\"5b7b66b\" data-element_type=\"widget\" data-e-type=\"widget\" data-widget_type=\"pxl_text_editor.default\">\n\t\t\t\t<div class=\"elementor-widget-container\">\n\t\t\t\t\t<div class=\"pxl-text-editor\">\n\t<div class=\"pxl-item--inner\" data-wow-delay=\"ms\">\n\t\t<p><strong>Hauptmerkmale der OHAUS-Zentrifugen:<\/strong><\/p><p>Laborzentrifugen sind vielseitige Ger\u00e4te, die in zahlreichen Bereichen eine wichtige Rolle spielen. Einige der h\u00e4ufigsten Anwendungen sind:<\/p><ul><li><strong>Vielfalt der Modelle:<\/strong> Erh\u00e4ltlich in Tisch- und Hochgeschwindigkeitskonfigurationen f\u00fcr unterschiedliche Laboranforderungen.<\/li><li><strong>Fortgeschrittene Kontrollsysteme:<\/strong> Intuitive digitale Schnittstellen mit anpassbaren Einstellungen f\u00fcr Geschwindigkeit, Zeit und Beschleunigung\/Verz\u00f6gerung.<\/li><li><strong>Hohe Leistung:<\/strong> Leistungsstarke Motoren sorgen f\u00fcr eine gleichm\u00e4\u00dfige und schnelle Trennung von biologischen, chemischen und industriellen Proben.<\/li><li><strong>Vielseitige Rotoroptionen:<\/strong> Kompatibel mit mehreren Rotortypen f\u00fcr R\u00f6hrchen, Mikrotiterplatten und Flaschen, was die Flexibilit\u00e4t erh\u00f6ht.<\/li><li><strong>Sicherheit und Langlebigkeit:<\/strong> Ausgestattet mit Unwuchterkennung, automatisch verriegelnden Rotoren und sicheren Deckelmechanismen f\u00fcr verbesserten Benutzerschutz.<\/li><li><strong>Kompaktes und ergonomisches Design:<\/strong> Platzsparende Konstruktion mit niedrigem Ger\u00e4uschpegel f\u00fcr ein angenehmes Arbeitsumfeld.<\/li><\/ul>\t<\/div>\n<\/div>\t\t\t\t<\/div>\n\t\t\t\t<\/div>\n\t\t            <\/div>\r\n        <\/div>\r\n                <div class=\"elementor-column elementor-col-50 elementor-top-column elementor-element elementor-element-36b5945 pxl-column-element-default pxl-column-none\" data-id=\"36b5945\" data-element_type=\"column\" data-e-type=\"column\">\r\n        <div class=\"elementor-widget-wrap elementor-element-populated\">\r\n                     \r\n        \t\t<div class=\"elementor-element elementor-element-e74d5fd elementor-widget elementor-widget-pxl_image\" data-id=\"e74d5fd\" data-element_type=\"widget\" data-e-type=\"widget\" data-widget_type=\"pxl_image.default\">\n\t\t\t\t<div class=\"elementor-widget-container\">\n\t\t\t\t\t<div class=\"pxl-image-single\" data-wow-delay=\"ms\">\r\n                                        <div class=\"pxl-item--inner\">\r\n                                            <img decoding=\"async\" width=\"600\" height=\"413\" src=\"https:\/\/elementus.lv\/wp-content\/uploads\/2025\/01\/df12d205-2223-4a3c-8240-c88722812b7d.jpg\" class=\"no-lazyload attachment-full\" alt=\"\" srcset=\"https:\/\/elementus.lv\/wp-content\/uploads\/2025\/01\/df12d205-2223-4a3c-8240-c88722812b7d.jpg 600w, https:\/\/elementus.lv\/wp-content\/uploads\/2025\/01\/df12d205-2223-4a3c-8240-c88722812b7d-300x207.jpg 300w, https:\/\/elementus.lv\/wp-content\/uploads\/2025\/01\/df12d205-2223-4a3c-8240-c88722812b7d-18x12.jpg 18w\" sizes=\"(max-width: 600px) 100vw, 600px\" \/>                                    <\/div>\r\n                        <\/div>\t\t\t\t<\/div>\n\t\t\t\t<\/div>\n\t\t            <\/div>\r\n        <\/div>\r\n        \t\t\t<\/div>\n\t\t<\/section>\n\t\t        <section class=\"elementor-section elementor-top-section elementor-element elementor-element-b9e6de3 elementor-section-boxed elementor-section-height-default elementor-section-height-default pxl-type-header-none pxl-row-scroll-none\" data-id=\"b9e6de3\" data-element_type=\"section\" data-e-type=\"section\">\n\n                \n                <div class=\"elementor-container elementor-column-gap-default\">\n                <div class=\"elementor-column elementor-col-100 elementor-top-column elementor-element elementor-element-6e3d29e pxl-column-element-default pxl-column-none\" data-id=\"6e3d29e\" data-element_type=\"column\" data-e-type=\"column\">\r\n        <div class=\"elementor-widget-wrap elementor-element-populated\">\r\n                     \r\n        \t\t<div class=\"elementor-element elementor-element-fecd783 elementor-widget elementor-widget-pxl_text_editor\" data-id=\"fecd783\" data-element_type=\"widget\" data-e-type=\"widget\" data-widget_type=\"pxl_text_editor.default\">\n\t\t\t\t<div class=\"elementor-widget-container\">\n\t\t\t\t\t<div class=\"pxl-text-editor\">\n\t<div class=\"pxl-item--inner\" data-wow-delay=\"ms\">\n\t\t<ul><li><strong>Trennung von Blutplasma:<\/strong> In medizinischen und klinischen Laboratorien werden Zentrifugen zur Trennung von Blutbestandteilen wie Plasma, Serum und roten Blutk\u00f6rperchen verwendet, die f\u00fcr diagnostische Tests unerl\u00e4sslich sind.<\/li><li><strong>Partikelabscheidung:<\/strong> Zentrifugen werden auch in Chemie- und Umweltlabors eingesetzt, um feine Partikel wie Sedimente oder Schadstoffe von Fl\u00fcssigkeiten abzutrennen.<\/li><\/ul>\t<\/div>\n<\/div>\t\t\t\t<\/div>\n\t\t\t\t<\/div>\n\t\t            <\/div>\r\n        <\/div>\r\n        \t\t\t<\/div>\n\t\t<\/section>\n\t\t        <section class=\"elementor-section elementor-top-section elementor-element elementor-element-81ebf8c elementor-section-boxed elementor-section-height-default elementor-section-height-default pxl-type-header-none pxl-row-scroll-none\" data-id=\"81ebf8c\" data-element_type=\"section\" data-e-type=\"section\">\n\n                \n                <div class=\"elementor-container elementor-column-gap-default\">\n                <div class=\"elementor-column elementor-col-50 elementor-top-column elementor-element elementor-element-bfa0a2a pxl-column-element-default pxl-column-none\" data-id=\"bfa0a2a\" data-element_type=\"column\" data-e-type=\"column\">\r\n        <div class=\"elementor-widget-wrap elementor-element-populated\">\r\n                     \r\n        \t\t<div class=\"elementor-element elementor-element-f81da1a elementor-widget elementor-widget-pxl_text_editor\" data-id=\"f81da1a\" data-element_type=\"widget\" data-e-type=\"widget\" data-widget_type=\"pxl_text_editor.default\">\n\t\t\t\t<div class=\"elementor-widget-container\">\n\t\t\t\t\t<div class=\"pxl-text-editor\">\n\t<div class=\"pxl-item--inner\" data-wow-delay=\"ms\">\n\t\t<p><strong>Arten von Laborzentrifugen<\/strong><\/p><p>Je nach den spezifischen Anforderungen Ihres Labors k\u00f6nnen Sie zwischen verschiedenen Zentrifugentypen w\u00e4hlen. Jeder Typ ist so konzipiert, dass er bestimmte Anforderungen in Bezug auf Kapazit\u00e4t, Geschwindigkeit und Anwendung erf\u00fcllt.<\/p><p><strong>Mikrozentrifugen:<\/strong> Mikrozentrifugen sind kompakt und werden in der Regel f\u00fcr kleinvolumige Proben verwendet, wie z. B. bei molekularbiologischen Anwendungen. Sie sind ideal f\u00fcr das Zentrifugieren kleiner Reagenzgl\u00e4ser, in der Regel im Bereich von 1,5 bis 2 mL. Diese Zentrifugen bieten hohe Geschwindigkeiten und eine pr\u00e4zise Steuerung, die eine effiziente Trennung von Komponenten in kleinen Probenmengen gew\u00e4hrleistet.<\/p><p><strong>Wesentliche Merkmale:<\/strong><\/p><ul><li>Geringe Stellfl\u00e4che, ideal f\u00fcr begrenzten Raum<\/li><li>Drehzahlen bis zu 15.000 U\/min oder mehr<\/li><li>Normalerweise f\u00fcr die Forschung in der Molekularbiologie, Genetik und klinischen Diagnostik verwendet<\/li><\/ul>\t<\/div>\n<\/div>\t\t\t\t<\/div>\n\t\t\t\t<\/div>\n\t\t            <\/div>\r\n        <\/div>\r\n                <div class=\"elementor-column elementor-col-50 elementor-top-column elementor-element elementor-element-8844201 pxl-column-element-default pxl-column-none\" data-id=\"8844201\" data-element_type=\"column\" data-e-type=\"column\">\r\n        <div class=\"elementor-widget-wrap elementor-element-populated\">\r\n                     \r\n        \t\t<div class=\"elementor-element elementor-element-b6d2fac elementor-widget elementor-widget-pxl_image\" data-id=\"b6d2fac\" data-element_type=\"widget\" data-e-type=\"widget\" data-widget_type=\"pxl_image.default\">\n\t\t\t\t<div class=\"elementor-widget-container\">\n\t\t\t\t\t<div class=\"pxl-image-single\" data-wow-delay=\"ms\">\r\n                                        <div class=\"pxl-item--inner\">\r\n                                            <img decoding=\"async\" width=\"600\" height=\"284\" src=\"https:\/\/elementus.lv\/wp-content\/uploads\/2025\/01\/FC5515_and_FC5515R_family_With_all_rotor__35149-e1744628251385.jpg\" class=\"no-lazyload attachment-full\" alt=\"\" srcset=\"https:\/\/elementus.lv\/wp-content\/uploads\/2025\/01\/FC5515_and_FC5515R_family_With_all_rotor__35149-e1744628251385.jpg 600w, https:\/\/elementus.lv\/wp-content\/uploads\/2025\/01\/FC5515_and_FC5515R_family_With_all_rotor__35149-e1744628251385-300x142.jpg 300w, https:\/\/elementus.lv\/wp-content\/uploads\/2025\/01\/FC5515_and_FC5515R_family_With_all_rotor__35149-e1744628251385-18x9.jpg 18w\" sizes=\"(max-width: 600px) 100vw, 600px\" \/>                                    <\/div>\r\n                        <\/div>\t\t\t\t<\/div>\n\t\t\t\t<\/div>\n\t\t            <\/div>\r\n        <\/div>\r\n        \t\t\t<\/div>\n\t\t<\/section>\n\t\t        <section class=\"elementor-section elementor-top-section elementor-element elementor-element-801d477 elementor-section-boxed elementor-section-height-default elementor-section-height-default pxl-type-header-none pxl-row-scroll-none\" data-id=\"801d477\" data-element_type=\"section\" data-e-type=\"section\">\n\n                \n                <div class=\"elementor-container elementor-column-gap-default\">\n                <div class=\"elementor-column elementor-col-100 elementor-top-column elementor-element elementor-element-638aecd pxl-column-element-default pxl-column-none\" data-id=\"638aecd\" data-element_type=\"column\" data-e-type=\"column\">\r\n        <div class=\"elementor-widget-wrap elementor-element-populated\">\r\n                     \r\n        \t\t<div class=\"elementor-element elementor-element-3f91e6d elementor-widget elementor-widget-pxl_text_editor\" data-id=\"3f91e6d\" data-element_type=\"widget\" data-e-type=\"widget\" data-widget_type=\"pxl_text_editor.default\">\n\t\t\t\t<div class=\"elementor-widget-container\">\n\t\t\t\t\t<div class=\"pxl-text-editor\">\n\t<div class=\"pxl-item--inner\" data-wow-delay=\"ms\">\n\t\t<p><strong>Benchtop-Zentrifugen:<\/strong> Diese Zentrifugen sind f\u00fcr gr\u00f6\u00dfere Proben geeignet als Mikrozentrifugen und werden h\u00e4ufig in Forschungs- und klinischen Labors eingesetzt. Sie bieten gr\u00f6\u00dfere Probenkapazit\u00e4ten, in der Regel von 50 mL bis 500 mL, und k\u00f6nnen mit verschiedenen Rotoren ausgestattet werden, um eine Vielzahl von Probentypen aufzunehmen.<\/p><p><strong>Wesentliche Merkmale:<\/strong><\/p><ul><li>H\u00f6here Kapazit\u00e4t und gr\u00f6\u00dferer Stichprobenumfang<\/li><li>Vielseitig mit austauschbaren Rotoren<\/li><li>Ideal f\u00fcr die Probenvorbereitung, Proteinstudien oder klinische Routinearbeiten<\/li><\/ul><p><strong>Hochgeschwindigkeitszentrifugen:<\/strong> Hochgeschwindigkeitszentrifugen sind f\u00fcr Anwendungen konzipiert, die extrem hohe Drehzahlen erfordern, die oft \u00fcber 20.000 U\/min liegen. Sie werden h\u00e4ufig in der biochemischen, klinischen und Umweltforschung eingesetzt, wo die Trennung von Partikeln bei hohen Geschwindigkeiten erforderlich ist.<\/p><p><strong>Wesentliche Merkmale:<\/strong><\/p><ul><li>Geschwindigkeiten von mehr als 20.000 U\/min<\/li><li>Geeignet f\u00fcr die Abtrennung kleiner Partikel, Proteine oder Nukleins\u00e4uren<\/li><li>Erweiterte Temperaturkontrolle f\u00fcr w\u00e4rmeempfindliche Proben<\/li><\/ul><p><strong>Ultra-Zentrifugen:<\/strong> Ultrazentrifugen sind f\u00fcr Forschungsarbeiten konzipiert, die h\u00f6chste Geschwindigkeiten erfordern, in der Regel \u00fcber 100.000 Umdrehungen pro Minute. Diese Zentrifugen sind ideal f\u00fcr die Trennung von Makromolek\u00fclen, Proteinen und anderen winzigen Partikeln, deren Isolierung extreme Kr\u00e4fte erfordert. Ultrazentrifugen werden h\u00e4ufig in Forschungsbereichen wie der Genomik, Proteomik und Nanotechnologie eingesetzt.<\/p><p><strong>Wesentliche Merkmale:<\/strong><\/p><ul><li>Kann extrem hohe Drehzahlen erreichen (\u00fcber 100.000 U\/min)<\/li><li>Fortschrittliche Technologie f\u00fcr ultrafeine Trennungen<\/li><li>Wird h\u00e4ufig in der fortgeschrittenen wissenschaftlichen Forschung und bei industriellen Anwendungen eingesetzt<\/li><\/ul><p><strong>Gek\u00fchlte Zentrifugen:<\/strong> Gek\u00fchlte Zentrifugen sind mit einem K\u00fchlsystem ausgestattet, um einen Hitzestau w\u00e4hrend des Hochgeschwindigkeitsschleuderns zu verhindern. Diese Funktion ist entscheidend f\u00fcr temperaturempfindliche Proben wie Enzyme, Zellen oder DNA, die sich bei \u00fcberm\u00e4\u00dfiger Hitzeeinwirkung zersetzen k\u00f6nnen.<\/p><p><strong>Wesentliche Merkmale:<\/strong><\/p><ul><li>Temperaturkontrolle f\u00fcr empfindliche Proben<\/li><li>\u00dcblich in biologischen, klinischen und pharmazeutischen Labors<\/li><li>Ideal f\u00fcr Proben, die bei einer konstanten, niedrigen Temperatur gehalten werden m\u00fcssen<\/li><\/ul>\t<\/div>\n<\/div>\t\t\t\t<\/div>\n\t\t\t\t<\/div>\n\t\t            <\/div>\r\n        <\/div>\r\n        \t\t\t<\/div>\n\t\t<\/section>\n\t\t        <section class=\"elementor-section elementor-top-section elementor-element elementor-element-4dc2741 elementor-section-boxed elementor-section-height-default elementor-section-height-default pxl-type-header-none pxl-row-scroll-none\" data-id=\"4dc2741\" data-element_type=\"section\" data-e-type=\"section\">\n\n                \n                <div class=\"elementor-container elementor-column-gap-default\">\n                <div class=\"elementor-column elementor-col-100 elementor-top-column elementor-element elementor-element-66d4232 pxl-column-element-default pxl-column-none\" data-id=\"66d4232\" data-element_type=\"column\" data-e-type=\"column\">\r\n        <div class=\"elementor-widget-wrap\">\r\n                     \r\n                    <\/div>\r\n        <\/div>\r\n        \t\t\t<\/div>\n\t\t<\/section>\n\t\t        <section class=\"elementor-section elementor-top-section elementor-element elementor-element-95f4494 elementor-section-boxed elementor-section-height-default elementor-section-height-default pxl-type-header-none pxl-row-scroll-none\" data-id=\"95f4494\" data-element_type=\"section\" data-e-type=\"section\">\n\n                \n                <div class=\"elementor-container elementor-column-gap-default\">\n                <div class=\"elementor-column elementor-col-33 elementor-top-column elementor-element elementor-element-acd1f87 pxl-column-element-default pxl-column-none\" data-id=\"acd1f87\" data-element_type=\"column\" data-e-type=\"column\">\r\n        <div class=\"elementor-widget-wrap\">\r\n                     \r\n                    <\/div>\r\n        <\/div>\r\n                <div class=\"elementor-column elementor-col-33 elementor-top-column elementor-element elementor-element-e850b71 pxl-column-element-default pxl-column-none\" data-id=\"e850b71\" data-element_type=\"column\" data-e-type=\"column\">\r\n        <div class=\"elementor-widget-wrap elementor-element-populated\">\r\n                     \r\n        \t\t<div class=\"elementor-element elementor-element-a145176 elementor-widget__width-initial elementor-widget-laptop__width-initial balance-prod-cards elementor-widget elementor-widget-pxl_showcase\" data-id=\"a145176\" data-element_type=\"widget\" data-e-type=\"widget\" data-widget_type=\"pxl_showcase.default\">\n\t\t\t\t<div class=\"elementor-widget-container\">\n\t\t\t\t\t<div class=\"pxl-showcase layout1\" data-wow-delay=\"ms\">\r\n    <div class=\"inner-box item-normarl\">\r\n        <div class=\"item-feature\">\r\n            <img loading=\"lazy\" decoding=\"async\" width=\"300\" height=\"284\" src=\"https:\/\/elementus.lv\/wp-content\/uploads\/2024\/12\/ohaus-logo-49F2E59E95-seeklogo.com_.png\" class=\"attachment-full\" alt=\"\" \/>            <div class=\"pxl-item-links\">\r\n                                    <a class=\"link-1\" >\r\n                        <span>Ohaus-Katalog <\/span>\r\n                    <\/a>\r\n                                                    <a class=\"link-2\" href=\"https:\/\/elementus.lv\/wp-content\/uploads\/2025\/01\/Catalog_2025_EN_EU_extreme_compression.pdf\">\r\n                        <span><\/span>\r\n                    <\/a>\r\n                            <\/div>\r\n        <\/div>\r\n        <h3 class=\"item-title\">\r\n            <a href=\"https:\/\/elementus.lv\/wp-content\/uploads\/2025\/01\/Catalog_2025_EN_EU_extreme_compression.pdf\" target=\"_blank\">                Ohaus            <\/a>                    <\/h3>\r\n    <\/div>\r\n<\/div>\t\t\t\t<\/div>\n\t\t\t\t<\/div>\n\t\t\t\t<div class=\"elementor-element elementor-element-9ee43db elementor-align-center elementor-widget-laptop__width-initial elementor-widget elementor-widget-button\" data-id=\"9ee43db\" data-element_type=\"widget\" data-e-type=\"widget\" data-widget_type=\"button.default\">\n\t\t\t\t<div class=\"elementor-widget-container\">\n\t\t\t\t\t\t\t\t\t<div class=\"elementor-button-wrapper\">\n\t\t\t\t\t<a class=\"elementor-button elementor-button-link elementor-size-sm\" href=\"https:\/\/elementus.lv\/wp-content\/uploads\/2025\/01\/Catalog_2025_EN_EU_extreme_compression.pdf\" target=\"_blank\" download=\"Catalog_2025_EN_EU_extreme_compression.pdf\">\n\t\t\t\t\t\t<span class=\"elementor-button-content-wrapper\">\n\t\t\t\t\t\t\t\t\t<span class=\"elementor-button-text\">Katalog herunterladen <\/span>\n\t\t\t\t\t<\/span>\n\t\t\t\t\t<\/a>\n\t\t\t\t<\/div>\n\t\t\t\t\t\t\t\t<\/div>\n\t\t\t\t<\/div>\n\t\t            <\/div>\r\n        <\/div>\r\n                <div class=\"elementor-column elementor-col-33 elementor-top-column elementor-element elementor-element-e759416 pxl-column-element-default pxl-column-none\" data-id=\"e759416\" data-element_type=\"column\" data-e-type=\"column\">\r\n        <div class=\"elementor-widget-wrap\">\r\n                     \r\n                    <\/div>\r\n        <\/div>\r\n        \t\t\t<\/div>\n\t\t<\/section>\n\t\t\t\t<\/div>","protected":false},"excerpt":{"rendered":"<p>Centrifuges Laboratory Centrifuges: Precision and Reliability for Your Scientific Needs OHAUS centrifuges are high-quality laboratory instruments designed for efficient and reliable sample separation. They are widely used in research, clinical, and industrial applications, offering precise performance, user-friendly operation, and robust construction. Key Features of OHAUS Centrifuges: Laboratory centrifuges are versatile tools that play a vital [&hellip;]<\/p>\n","protected":false},"author":1,"featured_media":0,"parent":0,"menu_order":0,"comment_status":"closed","ping_status":"closed","template":"","meta":{"footnotes":""},"class_list":["post-13504","page","type-page","status-publish","hentry"],"_links":{"self":[{"href":"https:\/\/elementus.lv\/de\/wp-json\/wp\/v2\/pages\/13504","targetHints":{"allow":["GET"]}}],"collection":[{"href":"https:\/\/elementus.lv\/de\/wp-json\/wp\/v2\/pages"}],"about":[{"href":"https:\/\/elementus.lv\/de\/wp-json\/wp\/v2\/types\/page"}],"author":[{"embeddable":true,"href":"https:\/\/elementus.lv\/de\/wp-json\/wp\/v2\/users\/1"}],"replies":[{"embeddable":true,"href":"https:\/\/elementus.lv\/de\/wp-json\/wp\/v2\/comments?post=13504"}],"version-history":[{"count":52,"href":"https:\/\/elementus.lv\/de\/wp-json\/wp\/v2\/pages\/13504\/revisions"}],"predecessor-version":[{"id":16473,"href":"https:\/\/elementus.lv\/de\/wp-json\/wp\/v2\/pages\/13504\/revisions\/16473"}],"wp:attachment":[{"href":"https:\/\/elementus.lv\/de\/wp-json\/wp\/v2\/media?parent=13504"}],"curies":[{"name":"wp","href":"https:\/\/api.w.org\/{rel}","templated":true}]}}