{"id":13551,"date":"2024-12-19T15:36:15","date_gmt":"2024-12-19T15:36:15","guid":{"rendered":"https:\/\/elementus.lv\/?page_id=13551"},"modified":"2025-03-31T08:22:16","modified_gmt":"2025-03-31T08:22:16","slug":"reagents","status":"publish","type":"page","link":"https:\/\/elementus.lv\/de\/reagents\/","title":{"rendered":"Reagenzien"},"content":{"rendered":"<div data-elementor-type=\"wp-page\" data-elementor-id=\"13551\" class=\"elementor elementor-13551\" data-elementor-post-type=\"page\">\n\t\t\t\t        <section class=\"elementor-section elementor-top-section elementor-element elementor-element-997ae46 elementor-section-boxed elementor-section-height-default elementor-section-height-default pxl-type-header-none pxl-row-scroll-none\" data-id=\"997ae46\" data-element_type=\"section\" data-e-type=\"section\">\n\n                \n                <div class=\"elementor-container elementor-column-gap-default\">\n                <div class=\"elementor-column elementor-col-100 elementor-top-column elementor-element elementor-element-f8d19bf pxl-column-element-default pxl-column-none\" data-id=\"f8d19bf\" data-element_type=\"column\" data-e-type=\"column\">\r\n        <div class=\"elementor-widget-wrap\">\r\n                     \r\n                    <\/div>\r\n        <\/div>\r\n        \t\t\t<\/div>\n\t\t<\/section>\n\t\t        <section class=\"elementor-section elementor-top-section elementor-element elementor-element-6963dbd elementor-section-boxed elementor-section-height-default elementor-section-height-default pxl-type-header-none pxl-row-scroll-none\" data-id=\"6963dbd\" data-element_type=\"section\" data-e-type=\"section\" data-settings=\"{&quot;background_background&quot;:&quot;classic&quot;}\">\n\n                            <div class=\"elementor-background-overlay\"><\/div>\n            \n                <div class=\"elementor-container elementor-column-gap-default\">\n                <div class=\"elementor-column elementor-col-100 elementor-top-column elementor-element elementor-element-81bd6c9 pxl-column-element-default pxl-column-none\" data-id=\"81bd6c9\" data-element_type=\"column\" data-e-type=\"column\">\r\n        <div class=\"elementor-widget-wrap elementor-element-populated\">\r\n                     \r\n        \t\t<div class=\"elementor-element elementor-element-63a16b1 elementor-widget elementor-widget-pxl_heading\" data-id=\"63a16b1\" data-element_type=\"widget\" data-e-type=\"widget\" data-widget_type=\"pxl_heading.default\">\n\t\t\t\t<div class=\"elementor-widget-container\">\n\t\t\t\t\t<div class=\"pxl-heading\">\n\t<div class=\"pxl-heading--inner\">\n\t\t\t\t<h3 class=\"pxl-item--title\" data-wow-delay=\"ms\">\n\t\t\tReagenzien\t\t\n\t\t<\/h3>\n\t\t\t<\/div>\n<\/div>\t\t\t\t<\/div>\n\t\t\t\t<\/div>\n\t\t            <\/div>\r\n        <\/div>\r\n        \t\t\t<\/div>\n\t\t<\/section>\n\t\t        <section class=\"elementor-section elementor-top-section elementor-element elementor-element-41e1919 elementor-section-boxed elementor-section-height-default elementor-section-height-default pxl-type-header-none pxl-row-scroll-none\" data-id=\"41e1919\" data-element_type=\"section\" data-e-type=\"section\">\n\n                \n                <div class=\"elementor-container elementor-column-gap-default\">\n                <div class=\"elementor-column elementor-col-100 elementor-top-column elementor-element elementor-element-af5a914 pxl-column-element-default pxl-column-none\" data-id=\"af5a914\" data-element_type=\"column\" data-e-type=\"column\">\r\n        <div class=\"elementor-widget-wrap elementor-element-populated\">\r\n                     \r\n        \t\t<div class=\"elementor-element elementor-element-7eb7ab2 elementor-widget elementor-widget-pxl_text_editor\" data-id=\"7eb7ab2\" data-element_type=\"widget\" data-e-type=\"widget\" data-widget_type=\"pxl_text_editor.default\">\n\t\t\t\t<div class=\"elementor-widget-container\">\n\t\t\t\t\t<div class=\"pxl-text-editor\">\n\t<div class=\"pxl-item--inner\" data-wow-delay=\"ms\">\n\t\t<h3><strong>Chemische Reagenzien und Reaktivstoffe: Reinheit, Sicherheit und verl\u00e4ssliche Versorgung<\/strong><\/h3>\t<\/div>\n<\/div>\t\t\t\t<\/div>\n\t\t\t\t<\/div>\n\t\t            <\/div>\r\n        <\/div>\r\n        \t\t\t<\/div>\n\t\t<\/section>\n\t\t        <section class=\"elementor-section elementor-top-section elementor-element elementor-element-b9382e2 elementor-section-boxed elementor-section-height-default elementor-section-height-default pxl-type-header-none pxl-row-scroll-none\" data-id=\"b9382e2\" data-element_type=\"section\" data-e-type=\"section\">\n\n                \n                <div class=\"elementor-container elementor-column-gap-default\">\n                <div class=\"elementor-column elementor-col-100 elementor-top-column elementor-element elementor-element-40e6713 pxl-column-element-default pxl-column-none\" data-id=\"40e6713\" data-element_type=\"column\" data-e-type=\"column\">\r\n        <div class=\"elementor-widget-wrap elementor-element-populated\">\r\n                     \r\n        \t\t<div class=\"elementor-element elementor-element-7a0b4d0 elementor-widget elementor-widget-pxl_text_editor\" data-id=\"7a0b4d0\" data-element_type=\"widget\" data-e-type=\"widget\" data-widget_type=\"pxl_text_editor.default\">\n\t\t\t\t<div class=\"elementor-widget-container\">\n\t\t\t\t\t<div class=\"pxl-text-editor\">\n\t<div class=\"pxl-item--inner\" data-wow-delay=\"ms\">\n\t\t<p>Hochwertige chemische Reagenzien und Reagenzien sind das Herzst\u00fcck eines jeden erfolgreichen Laborbetriebs. Ihre Reinheit, Stabilit\u00e4t und Verf\u00fcgbarkeit wirken sich direkt auf Forschungsergebnisse, industrielle Prozesse und Bildungsexperimente aus. Unser Ziel ist es, Ihnen die besten Produkte und Dienstleistungen f\u00fcr Ihre spezifischen Anforderungen zu bieten, um Pr\u00e4zision, Sicherheit und Effizienz bei Ihrer Arbeit zu gew\u00e4hrleisten.<\/p>\t<\/div>\n<\/div>\t\t\t\t<\/div>\n\t\t\t\t<\/div>\n\t\t            <\/div>\r\n        <\/div>\r\n        \t\t\t<\/div>\n\t\t<\/section>\n\t\t        <section class=\"elementor-section elementor-top-section elementor-element elementor-element-848252a elementor-section-boxed elementor-section-height-default elementor-section-height-default pxl-type-header-none pxl-row-scroll-none\" data-id=\"848252a\" data-element_type=\"section\" data-e-type=\"section\">\n\n                \n                <div class=\"elementor-container elementor-column-gap-default\">\n                <div class=\"elementor-column elementor-col-50 elementor-top-column elementor-element elementor-element-f8b73e0 pxl-column-element-default pxl-column-none\" data-id=\"f8b73e0\" data-element_type=\"column\" data-e-type=\"column\">\r\n        <div class=\"elementor-widget-wrap elementor-element-populated\">\r\n                     \r\n        \t\t<div class=\"elementor-element elementor-element-db10561 elementor-widget elementor-widget-image\" data-id=\"db10561\" data-element_type=\"widget\" data-e-type=\"widget\" data-widget_type=\"image.default\">\n\t\t\t\t<div class=\"elementor-widget-container\">\n\t\t\t\t\t\t\t\t\t\t\t\t\t\t\t<img fetchpriority=\"high\" decoding=\"async\" width=\"1024\" height=\"683\" src=\"https:\/\/elementus.lv\/wp-content\/uploads\/2025\/03\/dynamic-reaction-in-chemical-old-school-laboratory-2023-11-27-05-30-15-utc-1024x683.jpg\" class=\"attachment-large size-large wp-image-16381\" alt=\"\" srcset=\"https:\/\/elementus.lv\/wp-content\/uploads\/2025\/03\/dynamic-reaction-in-chemical-old-school-laboratory-2023-11-27-05-30-15-utc-1024x683.jpg 1024w, https:\/\/elementus.lv\/wp-content\/uploads\/2025\/03\/dynamic-reaction-in-chemical-old-school-laboratory-2023-11-27-05-30-15-utc-300x200.jpg 300w, https:\/\/elementus.lv\/wp-content\/uploads\/2025\/03\/dynamic-reaction-in-chemical-old-school-laboratory-2023-11-27-05-30-15-utc-768x512.jpg 768w, https:\/\/elementus.lv\/wp-content\/uploads\/2025\/03\/dynamic-reaction-in-chemical-old-school-laboratory-2023-11-27-05-30-15-utc-1536x1024.jpg 1536w, https:\/\/elementus.lv\/wp-content\/uploads\/2025\/03\/dynamic-reaction-in-chemical-old-school-laboratory-2023-11-27-05-30-15-utc-2048x1365.jpg 2048w, https:\/\/elementus.lv\/wp-content\/uploads\/2025\/03\/dynamic-reaction-in-chemical-old-school-laboratory-2023-11-27-05-30-15-utc-18x12.jpg 18w, https:\/\/elementus.lv\/wp-content\/uploads\/2025\/03\/dynamic-reaction-in-chemical-old-school-laboratory-2023-11-27-05-30-15-utc-1065x710.jpg 1065w, https:\/\/elementus.lv\/wp-content\/uploads\/2025\/03\/dynamic-reaction-in-chemical-old-school-laboratory-2023-11-27-05-30-15-utc-600x400.jpg 600w\" sizes=\"(max-width: 1024px) 100vw, 1024px\" \/>\t\t\t\t\t\t\t\t\t\t\t\t\t\t\t<\/div>\n\t\t\t\t<\/div>\n\t\t            <\/div>\r\n        <\/div>\r\n                <div class=\"elementor-column elementor-col-50 elementor-top-column elementor-element elementor-element-d747efa pxl-column-element-default pxl-column-none\" data-id=\"d747efa\" data-element_type=\"column\" data-e-type=\"column\">\r\n        <div class=\"elementor-widget-wrap elementor-element-populated\">\r\n                     \r\n        \t\t<div class=\"elementor-element elementor-element-d31d0f9 elementor-widget elementor-widget-pxl_text_editor\" data-id=\"d31d0f9\" data-element_type=\"widget\" data-e-type=\"widget\" data-widget_type=\"pxl_text_editor.default\">\n\t\t\t\t<div class=\"elementor-widget-container\">\n\t\t\t\t\t<div class=\"pxl-text-editor\">\n\t<div class=\"pxl-item--inner\" data-wow-delay=\"ms\">\n\t\t<p><strong>Reinheit: Pr\u00e4zision, der Sie vertrauen k\u00f6nnen<\/strong><\/p><p>Die Reinheit chemischer Reagenzien ist entscheidend f\u00fcr die Erzielung konsistenter und zuverl\u00e4ssiger Ergebnisse. Wir bieten eine breite Palette von Chemikalien mit zertifizierten Reinheitsgraden an, von analytisch bis ultrahochrein, um die Kompatibilit\u00e4t auch mit den anspruchsvollsten Anwendungen zu gew\u00e4hrleisten. Jede Charge wird streng gepr\u00fcft und mit einem Analysezertifikat (COA) versehen, um die Einhaltung der internationalen Normen zu gew\u00e4hrleisten.<\/p><p><strong>Haltbarkeitsdauer: Stabilit\u00e4t, auf die Sie z\u00e4hlen k\u00f6nnen<\/strong><\/p><p>Um die Wirksamkeit chemischer Reagenzien \u00fcber einen l\u00e4ngeren Zeitraum zu erhalten, ist eine ordnungsgem\u00e4\u00dfe Lagerung und Stabilit\u00e4t unerl\u00e4sslich. Wir w\u00e4hlen sorgf\u00e4ltig Lieferanten und Produkte aus, die strenge Kriterien f\u00fcr die Haltbarkeit erf\u00fcllen, um sicherzustellen, dass Ihre Reagenzien w\u00e4hrend ihrer gesamten Nutzungsdauer optimal funktionieren. Mit einer klaren Kennzeichnung und Hinweisen zu den Lagerungsbedingungen k\u00f6nnen Sie sich auf die Langlebigkeit Ihrer Chemikalien verlassen.<\/p><p><strong>Bescheinigungen: Gepr\u00fcfte Qualit\u00e4t und Konformit\u00e4t<\/strong><\/p><p>Unsere chemischen Reagenzien werden durch eine umfassende Dokumentation, einschlie\u00dflich COAs und Sicherheitsdatenbl\u00e4ttern (MSDS), unterst\u00fctzt, um Transparenz und R\u00fcckverfolgbarkeit zu gew\u00e4hrleisten.<\/p><p>\u00a0<\/p>\t<\/div>\n<\/div>\t\t\t\t<\/div>\n\t\t\t\t<\/div>\n\t\t            <\/div>\r\n        <\/div>\r\n        \t\t\t<\/div>\n\t\t<\/section>\n\t\t        <section class=\"elementor-section elementor-top-section elementor-element elementor-element-dd605a5 elementor-section-boxed elementor-section-height-default elementor-section-height-default pxl-type-header-none pxl-row-scroll-none\" data-id=\"dd605a5\" data-element_type=\"section\" data-e-type=\"section\">\n\n                \n                <div class=\"elementor-container elementor-column-gap-default\">\n                <div class=\"elementor-column elementor-col-50 elementor-top-column elementor-element elementor-element-0592401 pxl-column-element-default pxl-column-none\" data-id=\"0592401\" data-element_type=\"column\" data-e-type=\"column\">\r\n        <div class=\"elementor-widget-wrap elementor-element-populated\">\r\n                     \r\n        \t\t<div class=\"elementor-element elementor-element-49af830 elementor-widget elementor-widget-pxl_text_editor\" data-id=\"49af830\" data-element_type=\"widget\" data-e-type=\"widget\" data-widget_type=\"pxl_text_editor.default\">\n\t\t\t\t<div class=\"elementor-widget-container\">\n\t\t\t\t\t<div class=\"pxl-text-editor\">\n\t<div class=\"pxl-item--inner\" data-wow-delay=\"ms\">\n\t\t<p>Ganz gleich, ob Sie Chemikalien f\u00fcr die Forschung, die pharmazeutische Produktion oder f\u00fcr industrielle Prozesse ben\u00f6tigen, unsere Zertifizierungen erf\u00fcllen die beh\u00f6rdlichen und qualit\u00e4tssichernden Anforderungen, so dass Sie sich keine Sorgen machen m\u00fcssen.<\/p><p><strong>Sicherheit: Ihre Priorit\u00e4t ist unsere<\/strong><\/p><p>Der Umgang mit Chemikalien erfordert die strikte Einhaltung von Sicherheitsprotokollen. Wir stellen Ihre Sicherheit in den Vordergrund, indem wir f\u00fcr jedes Produkt detaillierte Sicherheitsdatenbl\u00e4tter bereitstellen, in denen m\u00f6gliche Gefahren, Anweisungen zur sicheren Handhabung und Entsorgungsrichtlinien aufgef\u00fchrt sind. Unser Team steht Ihnen au\u00dferdem bei allen Fragen zur Seite und sorgt daf\u00fcr, dass Ihre Arbeitsumgebung sicher ist und die Sicherheitsvorschriften eingehalten werden.<\/p>\t<\/div>\n<\/div>\t\t\t\t<\/div>\n\t\t\t\t<\/div>\n\t\t\t\t<div class=\"elementor-element elementor-element-3c3c1c4 elementor-widget elementor-widget-pxl_text_editor\" data-id=\"3c3c1c4\" data-element_type=\"widget\" data-e-type=\"widget\" data-widget_type=\"pxl_text_editor.default\">\n\t\t\t\t<div class=\"elementor-widget-container\">\n\t\t\t\t\t<div class=\"pxl-text-editor\">\n\t<div class=\"pxl-item--inner\" data-wow-delay=\"ms\">\n\t\t<p class=\"\" data-start=\"476\" data-end=\"522\"><strong data-start=\"476\" data-end=\"522\">Schnelle Lieferung: Produkte, wenn Sie sie brauchen<\/strong><\/p><p class=\"\" data-start=\"524\" data-end=\"858\">Wir wissen, dass Verz\u00f6gerungen bei der Lieferung von wichtigen Reagenzien Ihre Arbeit st\u00f6ren k\u00f6nnen. Deshalb bieten wir einen schnellen und zuverl\u00e4ssigen Lieferservice, der sicherstellt, dass Ihre Chemikalien p\u00fcnktlich und in optimalem Zustand ankommen. Mit einer optimierten Lieferkette und einem gut gepflegten Bestand verk\u00fcrzen wir Wartezeiten und helfen Ihnen, Ihre Projekte im Zeitplan zu halten.<\/p>\t<\/div>\n<\/div>\t\t\t\t<\/div>\n\t\t\t\t<\/div>\n\t\t            <\/div>\r\n        <\/div>\r\n                <div class=\"elementor-column elementor-col-50 elementor-top-column elementor-element elementor-element-8bcccfd pxl-column-element-default pxl-column-none\" data-id=\"8bcccfd\" data-element_type=\"column\" data-e-type=\"column\">\r\n        <div class=\"elementor-widget-wrap elementor-element-populated\">\r\n                     \r\n        \t\t<div class=\"elementor-element elementor-element-158adb9 elementor-widget elementor-widget-image\" data-id=\"158adb9\" data-element_type=\"widget\" data-e-type=\"widget\" data-widget_type=\"image.default\">\n\t\t\t\t<div class=\"elementor-widget-container\">\n\t\t\t\t\t\t\t\t\t\t\t\t\t\t\t<img decoding=\"async\" width=\"1024\" height=\"683\" src=\"https:\/\/elementus.lv\/wp-content\/uploads\/2025\/03\/chemistry-science-2023-11-27-04-52-48-utc-1024x683.jpg\" class=\"attachment-large size-large wp-image-16382\" alt=\"\" srcset=\"https:\/\/elementus.lv\/wp-content\/uploads\/2025\/03\/chemistry-science-2023-11-27-04-52-48-utc-1024x683.jpg 1024w, https:\/\/elementus.lv\/wp-content\/uploads\/2025\/03\/chemistry-science-2023-11-27-04-52-48-utc-300x200.jpg 300w, https:\/\/elementus.lv\/wp-content\/uploads\/2025\/03\/chemistry-science-2023-11-27-04-52-48-utc-768x512.jpg 768w, https:\/\/elementus.lv\/wp-content\/uploads\/2025\/03\/chemistry-science-2023-11-27-04-52-48-utc-1536x1024.jpg 1536w, https:\/\/elementus.lv\/wp-content\/uploads\/2025\/03\/chemistry-science-2023-11-27-04-52-48-utc-2048x1365.jpg 2048w, https:\/\/elementus.lv\/wp-content\/uploads\/2025\/03\/chemistry-science-2023-11-27-04-52-48-utc-18x12.jpg 18w, https:\/\/elementus.lv\/wp-content\/uploads\/2025\/03\/chemistry-science-2023-11-27-04-52-48-utc-1065x710.jpg 1065w, https:\/\/elementus.lv\/wp-content\/uploads\/2025\/03\/chemistry-science-2023-11-27-04-52-48-utc-600x400.jpg 600w\" sizes=\"(max-width: 1024px) 100vw, 1024px\" \/>\t\t\t\t\t\t\t\t\t\t\t\t\t\t\t<\/div>\n\t\t\t\t<\/div>\n\t\t            <\/div>\r\n        <\/div>\r\n        \t\t\t<\/div>\n\t\t<\/section>\n\t\t        <section class=\"elementor-section elementor-top-section elementor-element elementor-element-474db00 elementor-section-boxed elementor-section-height-default elementor-section-height-default pxl-type-header-none pxl-row-scroll-none\" data-id=\"474db00\" data-element_type=\"section\" data-e-type=\"section\">\n\n                \n                <div class=\"elementor-container elementor-column-gap-default\">\n                <div class=\"elementor-column elementor-col-100 elementor-top-column elementor-element elementor-element-5b0ae0e pxl-column-element-default pxl-column-none\" data-id=\"5b0ae0e\" data-element_type=\"column\" data-e-type=\"column\">\r\n        <div class=\"elementor-widget-wrap elementor-element-populated\">\r\n                     \r\n        \t\t<div class=\"elementor-element elementor-element-f750c26 elementor-widget elementor-widget-pxl_text_editor\" data-id=\"f750c26\" data-element_type=\"widget\" data-e-type=\"widget\" data-widget_type=\"pxl_text_editor.default\">\n\t\t\t\t<div class=\"elementor-widget-container\">\n\t\t\t\t\t<div class=\"pxl-text-editor\">\n\t<div class=\"pxl-item--inner\" data-wow-delay=\"ms\">\n\t\t<p><strong>Warum sollten Sie uns w\u00e4hlen?<\/strong><\/p><p><strong>Gro\u00dfe Auswahl:<\/strong> Von Basisreagenzien bis zu Spezialchemikalien - wir bieten alles, was Sie brauchen.<\/p><p><strong>Qualit\u00e4tssicherung:<\/strong> Strenge Pr\u00fcfungen und Zertifizierungen gew\u00e4hrleisten eine gleichbleibende Qualit\u00e4t.<br \/><strong>Sicherheit geht vor:<\/strong> Umfassende Dokumentation und fachkundige Anleitung f\u00fcr eine sichere Anwendung.<br \/><strong>Zuverl\u00e4ssige Lieferung:<\/strong> Schneller Versand und sorgf\u00e4ltige Bestandsverwaltung.<br \/><strong>Kundenbetreuung:<\/strong> Ein sachkundiges Team, das Sie bei jedem Schritt unterst\u00fctzt.<\/p>\t<\/div>\n<\/div>\t\t\t\t<\/div>\n\t\t\t\t<\/div>\n\t\t            <\/div>\r\n        <\/div>\r\n        \t\t\t<\/div>\n\t\t<\/section>\n\t\t        <section class=\"elementor-section elementor-top-section elementor-element elementor-element-6a607d7 elementor-section-boxed elementor-section-height-default elementor-section-height-default pxl-type-header-none pxl-row-scroll-none\" data-id=\"6a607d7\" data-element_type=\"section\" data-e-type=\"section\">\n\n                \n                <div class=\"elementor-container elementor-column-gap-default\">\n                <div class=\"elementor-column elementor-col-33 elementor-top-column elementor-element elementor-element-54ffe7e pxl-column-element-default pxl-column-none\" data-id=\"54ffe7e\" data-element_type=\"column\" data-e-type=\"column\">\r\n        <div class=\"elementor-widget-wrap\">\r\n                     \r\n                    <\/div>\r\n        <\/div>\r\n                <div class=\"elementor-column elementor-col-33 elementor-top-column elementor-element elementor-element-e77907e pxl-column-element-default pxl-column-none\" data-id=\"e77907e\" data-element_type=\"column\" data-e-type=\"column\">\r\n        <div class=\"elementor-widget-wrap elementor-element-populated\">\r\n                     \r\n        \t\t<div class=\"elementor-element elementor-element-722a1aa elementor-widget__width-inherit elementor-widget-laptop__width-initial elementor-widget elementor-widget-html\" data-id=\"722a1aa\" data-element_type=\"widget\" data-e-type=\"widget\" data-widget_type=\"html.default\">\n\t\t\t\t<div class=\"elementor-widget-container\">\n\t\t\t\t\t<button id='callaction'><a target='_blank' href='https:\/\/elementus.lv\/lv\/contact\/' style='color:white; font-weight:bold;'>Kontakt<\/a><\/button>\t\t\t\t<\/div>\n\t\t\t\t<\/div>\n\t\t            <\/div>\r\n        <\/div>\r\n                <div class=\"elementor-column elementor-col-33 elementor-top-column elementor-element elementor-element-a2228ac pxl-column-element-default pxl-column-none\" data-id=\"a2228ac\" data-element_type=\"column\" data-e-type=\"column\">\r\n        <div class=\"elementor-widget-wrap\">\r\n                     \r\n                    <\/div>\r\n        <\/div>\r\n        \t\t\t<\/div>\n\t\t<\/section>\n\t\t\t\t<\/div>","protected":false},"excerpt":{"rendered":"<p>Reagents Chemical Reagents and Reactives: Purity, Safety, and Reliable Supply At the core of any successful laboratory operation are high-quality chemical reagents and reactives. Their purity, stability, and availability directly impact research outcomes, industrial processes, and educational experiments. Our mission is to provide you with the best products and services to meet your specific needs, [&hellip;]<\/p>\n","protected":false},"author":1,"featured_media":0,"parent":0,"menu_order":0,"comment_status":"closed","ping_status":"closed","template":"","meta":{"footnotes":""},"class_list":["post-13551","page","type-page","status-publish","hentry"],"_links":{"self":[{"href":"https:\/\/elementus.lv\/de\/wp-json\/wp\/v2\/pages\/13551","targetHints":{"allow":["GET"]}}],"collection":[{"href":"https:\/\/elementus.lv\/de\/wp-json\/wp\/v2\/pages"}],"about":[{"href":"https:\/\/elementus.lv\/de\/wp-json\/wp\/v2\/types\/page"}],"author":[{"embeddable":true,"href":"https:\/\/elementus.lv\/de\/wp-json\/wp\/v2\/users\/1"}],"replies":[{"embeddable":true,"href":"https:\/\/elementus.lv\/de\/wp-json\/wp\/v2\/comments?post=13551"}],"version-history":[{"count":39,"href":"https:\/\/elementus.lv\/de\/wp-json\/wp\/v2\/pages\/13551\/revisions"}],"predecessor-version":[{"id":16411,"href":"https:\/\/elementus.lv\/de\/wp-json\/wp\/v2\/pages\/13551\/revisions\/16411"}],"wp:attachment":[{"href":"https:\/\/elementus.lv\/de\/wp-json\/wp\/v2\/media?parent=13551"}],"curies":[{"name":"wp","href":"https:\/\/api.w.org\/{rel}","templated":true}]}}