{"id":13553,"date":"2024-12-19T15:36:41","date_gmt":"2024-12-19T15:36:41","guid":{"rendered":"https:\/\/elementus.lv\/?page_id=13553"},"modified":"2025-01-21T18:38:48","modified_gmt":"2025-01-21T18:38:48","slug":"thermal-control","status":"publish","type":"page","link":"https:\/\/elementus.lv\/de\/thermal-control\/","title":{"rendered":"Thermische Kontrolle"},"content":{"rendered":"<div data-elementor-type=\"wp-page\" data-elementor-id=\"13553\" class=\"elementor elementor-13553\" data-elementor-post-type=\"page\">\n\t\t\t\t        <section class=\"elementor-section elementor-top-section elementor-element elementor-element-dba1e4f elementor-section-boxed elementor-section-height-default elementor-section-height-default pxl-type-header-none pxl-row-scroll-none\" data-id=\"dba1e4f\" data-element_type=\"section\" data-e-type=\"section\">\n\n                \n                <div class=\"elementor-container elementor-column-gap-default\">\n                <div class=\"elementor-column elementor-col-100 elementor-top-column elementor-element elementor-element-6ac2234 pxl-column-element-default pxl-column-none\" data-id=\"6ac2234\" data-element_type=\"column\" data-e-type=\"column\">\r\n        <div class=\"elementor-widget-wrap\">\r\n                     \r\n                    <\/div>\r\n        <\/div>\r\n        \t\t\t<\/div>\n\t\t<\/section>\n\t\t        <section class=\"elementor-section elementor-top-section elementor-element elementor-element-ee43aa1 elementor-section-boxed elementor-section-height-default elementor-section-height-default pxl-type-header-none pxl-row-scroll-none\" data-id=\"ee43aa1\" data-element_type=\"section\" data-e-type=\"section\" data-settings=\"{&quot;background_background&quot;:&quot;classic&quot;}\">\n\n                            <div class=\"elementor-background-overlay\"><\/div>\n            \n                <div class=\"elementor-container elementor-column-gap-default\">\n                <div class=\"elementor-column elementor-col-100 elementor-top-column elementor-element elementor-element-8fb81e3 pxl-column-element-default pxl-column-none\" data-id=\"8fb81e3\" data-element_type=\"column\" data-e-type=\"column\">\r\n        <div class=\"elementor-widget-wrap elementor-element-populated\">\r\n                     \r\n        \t\t<div class=\"elementor-element elementor-element-6715460 elementor-widget elementor-widget-pxl_heading\" data-id=\"6715460\" data-element_type=\"widget\" data-e-type=\"widget\" data-widget_type=\"pxl_heading.default\">\n\t\t\t\t<div class=\"elementor-widget-container\">\n\t\t\t\t\t<div class=\"pxl-heading\">\n\t<div class=\"pxl-heading--inner\">\n\t\t\t\t<h3 class=\"pxl-item--title\" data-wow-delay=\"ms\">\n\t\t\tThermische Kontrolle\t\t\n\t\t<\/h3>\n\t\t\t<\/div>\n<\/div>\t\t\t\t<\/div>\n\t\t\t\t<\/div>\n\t\t            <\/div>\r\n        <\/div>\r\n        \t\t\t<\/div>\n\t\t<\/section>\n\t\t        <section class=\"elementor-section elementor-top-section elementor-element elementor-element-fa5cf5e elementor-section-boxed elementor-section-height-default elementor-section-height-default pxl-type-header-none pxl-row-scroll-none\" data-id=\"fa5cf5e\" data-element_type=\"section\" data-e-type=\"section\">\n\n                \n                <div class=\"elementor-container elementor-column-gap-default\">\n                <div class=\"elementor-column elementor-col-50 elementor-top-column elementor-element elementor-element-390a892 pxl-column-element-default pxl-column-none\" data-id=\"390a892\" data-element_type=\"column\" data-e-type=\"column\">\r\n        <div class=\"elementor-widget-wrap elementor-element-populated\">\r\n                     \r\n        \t\t<div class=\"elementor-element elementor-element-d8dc243 elementor-widget elementor-widget-pxl_text_editor\" data-id=\"d8dc243\" data-element_type=\"widget\" data-e-type=\"widget\" data-widget_type=\"pxl_text_editor.default\">\n\t\t\t\t<div class=\"elementor-widget-container\">\n\t\t\t\t\t<div class=\"pxl-text-editor\">\n\t<div class=\"pxl-item--inner\" data-wow-delay=\"ms\">\n\t\t<h3><strong>Temperaturkontrolle in pharmazeutischen Laboratorien: Ein Schl\u00fcssel zu Genauigkeit und Qualit\u00e4t<\/strong><\/h3>\t<\/div>\n<\/div>\t\t\t\t<\/div>\n\t\t\t\t<\/div>\n\t\t            <\/div>\r\n        <\/div>\r\n                <div class=\"elementor-column elementor-col-50 elementor-top-column elementor-element elementor-element-308c83f pxl-column-element-default pxl-column-none\" data-id=\"308c83f\" data-element_type=\"column\" data-e-type=\"column\">\r\n        <div class=\"elementor-widget-wrap elementor-element-populated\">\r\n                     \r\n        \t\t<div class=\"elementor-element elementor-element-bacbe24 elementor-widget__width-initial elementor-widget elementor-widget-pxl_image\" data-id=\"bacbe24\" data-element_type=\"widget\" data-e-type=\"widget\" data-widget_type=\"pxl_image.default\">\n\t\t\t\t<div class=\"elementor-widget-container\">\n\t\t\t\t\t<div class=\"pxl-image-single\" data-wow-delay=\"ms\">\r\n                                        <div class=\"pxl-item--inner\">\r\n                    <a href=\" https:\/\/www.huber-online.com\/en\/\" target=\"_blank\">                        <img fetchpriority=\"high\" decoding=\"async\" width=\"450\" height=\"112\" src=\"https:\/\/elementus.lv\/wp-content\/uploads\/2025\/01\/logo-2.png\" class=\"no-lazyload attachment-full\" alt=\"\" srcset=\"https:\/\/elementus.lv\/wp-content\/uploads\/2025\/01\/logo-2.png 450w, https:\/\/elementus.lv\/wp-content\/uploads\/2025\/01\/logo-2-300x75.png 300w\" sizes=\"(max-width: 450px) 100vw, 450px\" \/>                    <\/a>                <\/div>\r\n                        <\/div>\t\t\t\t<\/div>\n\t\t\t\t<\/div>\n\t\t            <\/div>\r\n        <\/div>\r\n        \t\t\t<\/div>\n\t\t<\/section>\n\t\t        <section class=\"elementor-section elementor-top-section elementor-element elementor-element-9075f2e elementor-section-boxed elementor-section-height-default elementor-section-height-default pxl-type-header-none pxl-row-scroll-none\" data-id=\"9075f2e\" data-element_type=\"section\" data-e-type=\"section\">\n\n                \n                <div class=\"elementor-container elementor-column-gap-default\">\n                <div class=\"elementor-column elementor-col-100 elementor-top-column elementor-element elementor-element-1fefb53 pxl-column-element-default pxl-column-none\" data-id=\"1fefb53\" data-element_type=\"column\" data-e-type=\"column\">\r\n        <div class=\"elementor-widget-wrap elementor-element-populated\">\r\n                     \r\n        \t\t<div class=\"elementor-element elementor-element-1a57c50 elementor-widget elementor-widget-pxl_text_editor\" data-id=\"1a57c50\" data-element_type=\"widget\" data-e-type=\"widget\" data-widget_type=\"pxl_text_editor.default\">\n\t\t\t\t<div class=\"elementor-widget-container\">\n\t\t\t\t\t<div class=\"pxl-text-editor\">\n\t<div class=\"pxl-item--inner\" data-wow-delay=\"ms\">\n\t\t<p>Die Temperaturkontrolle ist einer der wichtigsten Faktoren f\u00fcr den Erfolg von Prozessen in pharmazeutischen Labors. Die Pr\u00e4zision, Reproduzierbarkeit und Sicherheit von Forschungs- und Produktionsergebnissen h\u00e4ngt in hohem Ma\u00dfe von der Einhaltung der erforderlichen Temperaturbedingungen ab. Um dies zu erreichen, werden in den Labors spezielle Ger\u00e4te wie Thermostate, K\u00e4ltemaschinen und Heizger\u00e4te eingesetzt.<\/p><p><strong>Die Wichtigkeit der Temperaturkontrolle<\/strong><\/p><p>Pharmazeutische Prozesse wie Synthese, Extraktion, Analyse und Lagerung erfordern eine strenge Temperaturkontrolle:<\/p><ul><li><strong>Gew\u00e4hrleistung der Stabilit\u00e4t des Stoffes<\/strong>: Viele pharmazeutische Wirkstoffe sind empfindlich gegen\u00fcber Temperaturschwankungen<\/li><li><strong>Verbessern Sie die analytische Genauigkeit<\/strong>: Chemische Reaktionen und Tests erfordern pr\u00e4zise Temperaturbedingungen f\u00fcr zuverl\u00e4ssige Ergebnisse.<\/li><li><strong>Erf\u00fcllung gesetzlicher Anforderungen<\/strong>: Internationale Normen wie GMP (Good Manufacturing Practices) und GLP (Good Laboratory Practices) schreiben stabile Laborbedingungen vor.<\/li><\/ul>\t<\/div>\n<\/div>\t\t\t\t<\/div>\n\t\t\t\t<\/div>\n\t\t            <\/div>\r\n        <\/div>\r\n        \t\t\t<\/div>\n\t\t<\/section>\n\t\t        <section class=\"elementor-section elementor-top-section elementor-element elementor-element-92e4c5a elementor-section-boxed elementor-section-height-default elementor-section-height-default pxl-type-header-none pxl-row-scroll-none\" data-id=\"92e4c5a\" data-element_type=\"section\" data-e-type=\"section\">\n\n                \n                <div class=\"elementor-container elementor-column-gap-default\">\n                <div class=\"elementor-column elementor-col-50 elementor-top-column elementor-element elementor-element-2efab28 pxl-column-element-default pxl-column-none\" data-id=\"2efab28\" data-element_type=\"column\" data-e-type=\"column\">\r\n        <div class=\"elementor-widget-wrap elementor-element-populated\">\r\n                     \r\n        \t\t<div class=\"elementor-element elementor-element-5e81507 elementor-widget-laptop__width-initial elementor-widget elementor-widget-pxl_text_editor\" data-id=\"5e81507\" data-element_type=\"widget\" data-e-type=\"widget\" data-widget_type=\"pxl_text_editor.default\">\n\t\t\t\t<div class=\"elementor-widget-container\">\n\t\t\t\t\t<div class=\"pxl-text-editor\">\n\t<div class=\"pxl-item--inner\" data-wow-delay=\"ms\">\n\t\t<p><strong>Ausr\u00fcstung zur Temperaturkontrolle<\/strong><\/p><p><strong>Thermostate<br \/><\/strong>Thermostate sorgen f\u00fcr stabile Temperaturen in einem Bereich zwischen K\u00fchlen und Heizen.<\/p><ul><li><strong>Wasserb\u00e4der<\/strong>: Ideal f\u00fcr die Inkubation von Reagenzgl\u00e4sern, Proben oder L\u00f6sungen bei konstanten Temperaturen.<\/li><li><strong>Umw\u00e4lzthermostate<\/strong>: Sie sorgen f\u00fcr eine gleichm\u00e4\u00dfige Temperaturverteilung in einem geschlossenen System und werden h\u00e4ufig f\u00fcr chemische Reaktoren und Analyseger\u00e4te verwendet.<\/li><\/ul><p><strong>K\u00fchlanlagen<br \/><\/strong>K\u00e4ltemaschinen werden f\u00fcr Prozesse eingesetzt, die eine Aufrechterhaltung niedriger Temperaturen oder eine W\u00e4rmeabfuhr erfordern.<\/p><ul><li><strong>R\u00fcckk\u00fchler<\/strong>: Unverzichtbar f\u00fcr die K\u00fchlung von Laborger\u00e4ten, einschlie\u00dflich Spektrometern und Reaktoren.<\/li><li><strong>Schnellgefrierger\u00e4te<\/strong>: Entscheidend f\u00fcr die Lagerung biologischer Proben wie Seren und Impfstoffe.<\/li><\/ul><p><strong>Heizungen<br \/><\/strong>Erhitzer sorgen f\u00fcr eine zuverl\u00e4ssige Temperaturerh\u00f6hung bei verschiedenen Prozessen.<\/p><ul><li><strong>Heizplatten und Heizbl\u00f6cke<\/strong>: Geeignet f\u00fcr die Arbeit mit Reagenzien oder Proben, die bei hohen Temperaturen behandelt werden m\u00fcssen.<\/li><li><strong>Labor\u00f6fen<\/strong>: Zum Trocknen, Sterilisieren oder zur thermischen Verarbeitung von Materialien.<\/li><\/ul>\t<\/div>\n<\/div>\t\t\t\t<\/div>\n\t\t\t\t<\/div>\n\t\t            <\/div>\r\n        <\/div>\r\n                <div class=\"elementor-column elementor-col-50 elementor-top-column elementor-element elementor-element-19f8f89 pxl-column-element-default pxl-column-none\" data-id=\"19f8f89\" data-element_type=\"column\" data-e-type=\"column\">\r\n        <div class=\"elementor-widget-wrap elementor-element-populated\">\r\n                     \r\n        \t\t<div class=\"elementor-element elementor-element-7d7e9b8 elementor-widget-laptop__width-initial elementor-widget elementor-widget-image\" data-id=\"7d7e9b8\" data-element_type=\"widget\" data-e-type=\"widget\" data-widget_type=\"image.default\">\n\t\t\t\t<div class=\"elementor-widget-container\">\n\t\t\t\t\t\t\t\t\t\t\t\t\t\t\t<img decoding=\"async\" width=\"683\" height=\"1024\" src=\"https:\/\/elementus.lv\/wp-content\/uploads\/2025\/01\/Huber_Unichiller-500Tw_3030.0011.01-683x1024.jpg\" class=\"attachment-large size-large wp-image-14867\" alt=\"\" srcset=\"https:\/\/elementus.lv\/wp-content\/uploads\/2025\/01\/Huber_Unichiller-500Tw_3030.0011.01-683x1024.jpg 683w, https:\/\/elementus.lv\/wp-content\/uploads\/2025\/01\/Huber_Unichiller-500Tw_3030.0011.01-200x300.jpg 200w, https:\/\/elementus.lv\/wp-content\/uploads\/2025\/01\/Huber_Unichiller-500Tw_3030.0011.01-768x1151.jpg 768w, https:\/\/elementus.lv\/wp-content\/uploads\/2025\/01\/Huber_Unichiller-500Tw_3030.0011.01-1025x1536.jpg 1025w, https:\/\/elementus.lv\/wp-content\/uploads\/2025\/01\/Huber_Unichiller-500Tw_3030.0011.01-1366x2048.jpg 1366w, https:\/\/elementus.lv\/wp-content\/uploads\/2025\/01\/Huber_Unichiller-500Tw_3030.0011.01-474x710.jpg 474w, https:\/\/elementus.lv\/wp-content\/uploads\/2025\/01\/Huber_Unichiller-500Tw_3030.0011.01-600x899.jpg 600w, https:\/\/elementus.lv\/wp-content\/uploads\/2025\/01\/Huber_Unichiller-500Tw_3030.0011.01-scaled.jpg 1708w\" sizes=\"(max-width: 683px) 100vw, 683px\" \/>\t\t\t\t\t\t\t\t\t\t\t\t\t\t\t<\/div>\n\t\t\t\t<\/div>\n\t\t            <\/div>\r\n        <\/div>\r\n        \t\t\t<\/div>\n\t\t<\/section>\n\t\t        <section class=\"elementor-section elementor-top-section elementor-element elementor-element-91e1de9 elementor-section-boxed elementor-section-height-default elementor-section-height-default pxl-type-header-none pxl-row-scroll-none\" data-id=\"91e1de9\" data-element_type=\"section\" data-e-type=\"section\">\n\n                \n                <div class=\"elementor-container elementor-column-gap-default\">\n                <div class=\"elementor-column elementor-col-100 elementor-top-column elementor-element elementor-element-cfa6f66 pxl-column-element-default pxl-column-none\" data-id=\"cfa6f66\" data-element_type=\"column\" data-e-type=\"column\">\r\n        <div class=\"elementor-widget-wrap elementor-element-populated\">\r\n                     \r\n        \t\t<div class=\"elementor-element elementor-element-de1b78a elementor-widget elementor-widget-pxl_text_editor\" data-id=\"de1b78a\" data-element_type=\"widget\" data-e-type=\"widget\" data-widget_type=\"pxl_text_editor.default\">\n\t\t\t\t<div class=\"elementor-widget-container\">\n\t\t\t\t\t<div class=\"pxl-text-editor\">\n\t<div class=\"pxl-item--inner\" data-wow-delay=\"ms\">\n\t\t<p><strong>Schl\u00fcsselfaktoren bei der Auswahl der Ausr\u00fcstung<br \/><\/strong>Bei der Auswahl von Thermostaten, K\u00fchlern oder Heizger\u00e4ten f\u00fcr pharmazeutische Laboratorien ist Folgendes zu beachten:<\/p><ul><li><strong>Verbessern Sie die analytische Genauigkeit<\/strong>: Chemische Reaktionen und Tests erfordern pr\u00e4zise Temperaturbedingungen f\u00fcr zuverl\u00e4ssige Ergebnisse.<\/li><li><strong>Erf\u00fcllung gesetzlicher Anforderungen<\/strong>: Internationale Normen wie GMP (Good Manufacturing Practices) und GLP (Good Laboratory Practices) schreiben stabile Laborbedingungen vor.<\/li><\/ul><p><strong>Ausr\u00fcstung zur Temperaturkontrolle<\/strong><\/p><p><strong> Thermostate<br \/><\/strong>Thermostate sorgen f\u00fcr stabile Temperaturen in einem Bereich zwischen K\u00fchlen und Heizen.<\/p><ul><li><strong>Wasserb\u00e4der<\/strong>: Ideal f\u00fcr die Inkubation von Reagenzgl\u00e4sern, Proben oder L\u00f6sungen bei konstanten Temperaturen.<\/li><li><strong>Umw\u00e4lzthermostate<\/strong>: Sie sorgen f\u00fcr eine gleichm\u00e4\u00dfige Temperaturverteilung in einem geschlossenen System und werden h\u00e4ufig f\u00fcr chemische Reaktoren und Analyseger\u00e4te verwendet.<\/li><\/ul>\t<\/div>\n<\/div>\t\t\t\t<\/div>\n\t\t\t\t<\/div>\n\t\t            <\/div>\r\n        <\/div>\r\n        \t\t\t<\/div>\n\t\t<\/section>\n\t\t        <section class=\"elementor-section elementor-top-section elementor-element elementor-element-ee4dc8a elementor-section-boxed elementor-section-height-default elementor-section-height-default pxl-type-header-none pxl-row-scroll-none\" data-id=\"ee4dc8a\" data-element_type=\"section\" data-e-type=\"section\">\n\n                \n                <div class=\"elementor-container elementor-column-gap-default\">\n                <div class=\"elementor-column elementor-col-50 elementor-top-column elementor-element elementor-element-ff1d3e1 pxl-column-element-default pxl-column-none\" data-id=\"ff1d3e1\" data-element_type=\"column\" data-e-type=\"column\">\r\n        <div class=\"elementor-widget-wrap elementor-element-populated\">\r\n                     \r\n        \t\t<div class=\"elementor-element elementor-element-586c952 elementor-widget elementor-widget-image\" data-id=\"586c952\" data-element_type=\"widget\" data-e-type=\"widget\" data-widget_type=\"image.default\">\n\t\t\t\t<div class=\"elementor-widget-container\">\n\t\t\t\t\t\t\t\t\t\t\t\t\t\t\t<img decoding=\"async\" width=\"815\" height=\"1024\" src=\"https:\/\/elementus.lv\/wp-content\/uploads\/2024\/12\/Huber_Group_KISS-CC-K6_grau-mit-Reaktor1-815x1024.jpg\" class=\"attachment-large size-large wp-image-13558\" alt=\"\" srcset=\"https:\/\/elementus.lv\/wp-content\/uploads\/2024\/12\/Huber_Group_KISS-CC-K6_grau-mit-Reaktor1-815x1024.jpg 815w, https:\/\/elementus.lv\/wp-content\/uploads\/2024\/12\/Huber_Group_KISS-CC-K6_grau-mit-Reaktor1-239x300.jpg 239w, https:\/\/elementus.lv\/wp-content\/uploads\/2024\/12\/Huber_Group_KISS-CC-K6_grau-mit-Reaktor1-768x965.jpg 768w, https:\/\/elementus.lv\/wp-content\/uploads\/2024\/12\/Huber_Group_KISS-CC-K6_grau-mit-Reaktor1-1223x1536.jpg 1223w, https:\/\/elementus.lv\/wp-content\/uploads\/2024\/12\/Huber_Group_KISS-CC-K6_grau-mit-Reaktor1-1630x2048.jpg 1630w, https:\/\/elementus.lv\/wp-content\/uploads\/2024\/12\/Huber_Group_KISS-CC-K6_grau-mit-Reaktor1-565x710.jpg 565w, https:\/\/elementus.lv\/wp-content\/uploads\/2024\/12\/Huber_Group_KISS-CC-K6_grau-mit-Reaktor1-600x754.jpg 600w, https:\/\/elementus.lv\/wp-content\/uploads\/2024\/12\/Huber_Group_KISS-CC-K6_grau-mit-Reaktor1-scaled.jpg 2038w\" sizes=\"(max-width: 815px) 100vw, 815px\" \/>\t\t\t\t\t\t\t\t\t\t\t\t\t\t\t<\/div>\n\t\t\t\t<\/div>\n\t\t            <\/div>\r\n        <\/div>\r\n                <div class=\"elementor-column elementor-col-50 elementor-top-column elementor-element elementor-element-f76718a pxl-column-element-default pxl-column-none\" data-id=\"f76718a\" data-element_type=\"column\" data-e-type=\"column\">\r\n        <div class=\"elementor-widget-wrap elementor-element-populated\">\r\n                     \r\n        \t\t<div class=\"elementor-element elementor-element-531e143 elementor-widget-laptop__width-initial elementor-widget elementor-widget-pxl_text_editor\" data-id=\"531e143\" data-element_type=\"widget\" data-e-type=\"widget\" data-widget_type=\"pxl_text_editor.default\">\n\t\t\t\t<div class=\"elementor-widget-container\">\n\t\t\t\t\t<div class=\"pxl-text-editor\">\n\t<div class=\"pxl-item--inner\" data-wow-delay=\"ms\">\n\t\t<p><strong>Anwendungen der Temperaturkontrolle<\/strong><\/p><ul><li><strong>Stabilit\u00e4tspr\u00fcfung von Arzneimitteln<\/strong>: Mit Hilfe von Inkubatoren und K\u00fchlger\u00e4ten l\u00e4sst sich untersuchen, wie Arzneimittel auf Temperatur\u00e4nderungen reagieren.<\/li><li><strong>Chemische Synthese<\/strong>: Thermostate und Heizungen sorgen f\u00fcr optimale Bedingungen f\u00fcr Reaktionen.<\/li><li><strong>Lagerung von biologischem Material<\/strong>: K\u00fchlger\u00e4te halten die Proben unter Tiefk\u00fchlbedingungen.<\/li><\/ul><p><strong>Warum ist Temperaturkontrolle wichtig?<\/strong><\/p><p>Die Aufrechterhaltung pr\u00e4ziser Temperaturbedingungen ist die Grundlage f\u00fcr eine sichere und wirksame Arzneimittelproduktion. Schon geringe Abweichungen k\u00f6nnen die chemische Struktur von Arzneimitteln ver\u00e4ndern, ihre Wirksamkeit verringern oder sie verderben.<\/p><p>Die Temperaturkontrolle ist eine grundlegende Voraussetzung f\u00fcr pharmazeutische Labors, die hohe Qualit\u00e4tsstandards einhalten m\u00fcssen. Die Wahl zuverl\u00e4ssiger Ger\u00e4te wie Thermostate, K\u00fchlger\u00e4te und Heizungen gew\u00e4hrleistet stabile Bedingungen f\u00fcr Forschung und Produktion, minimiert Risiken und steigert die Prozesseffizienz.<\/p><p>Durch die Investition in moderne Temperaturkontrollger\u00e4te erhalten pharmazeutische Labors die notwendigen Werkzeuge, um Genauigkeit, Zuverl\u00e4ssigkeit und die Einhaltung internationaler Standards zu erreichen.<\/p>\t<\/div>\n<\/div>\t\t\t\t<\/div>\n\t\t\t\t<\/div>\n\t\t            <\/div>\r\n        <\/div>\r\n        \t\t\t<\/div>\n\t\t<\/section>\n\t\t        <section class=\"elementor-section elementor-top-section elementor-element elementor-element-95e75ba elementor-section-boxed elementor-section-height-default elementor-section-height-default pxl-type-header-none pxl-row-scroll-none\" data-id=\"95e75ba\" data-element_type=\"section\" data-e-type=\"section\">\n\n                \n                <div class=\"elementor-container elementor-column-gap-default\">\n                <div class=\"elementor-column elementor-col-33 elementor-top-column elementor-element elementor-element-62e1d3d pxl-column-element-default pxl-column-none\" data-id=\"62e1d3d\" data-element_type=\"column\" data-e-type=\"column\">\r\n        <div class=\"elementor-widget-wrap\">\r\n                     \r\n                    <\/div>\r\n        <\/div>\r\n                <div class=\"elementor-column elementor-col-33 elementor-top-column elementor-element elementor-element-d420ef0 pxl-column-element-default pxl-column-none\" data-id=\"d420ef0\" data-element_type=\"column\" data-e-type=\"column\">\r\n        <div class=\"elementor-widget-wrap elementor-element-populated\">\r\n                     \r\n        \t\t<div class=\"elementor-element elementor-element-078ed6d elementor-widget__width-inherit elementor-widget-laptop__width-initial balance-prod-cards elementor-widget elementor-widget-pxl_showcase\" data-id=\"078ed6d\" data-element_type=\"widget\" data-e-type=\"widget\" data-widget_type=\"pxl_showcase.default\">\n\t\t\t\t<div class=\"elementor-widget-container\">\n\t\t\t\t\t<div class=\"pxl-showcase layout1\" data-wow-delay=\"ms\">\r\n    <div class=\"inner-box item-normarl\">\r\n        <div class=\"item-feature\">\r\n            <img loading=\"lazy\" decoding=\"async\" width=\"450\" height=\"112\" src=\"https:\/\/elementus.lv\/wp-content\/uploads\/2024\/12\/Logo-2.png\" class=\"attachment-full\" alt=\"\" srcset=\"https:\/\/elementus.lv\/wp-content\/uploads\/2024\/12\/Logo-2.png 450w, https:\/\/elementus.lv\/wp-content\/uploads\/2024\/12\/Logo-2-300x75.png 300w\" sizes=\"(max-width: 450px) 100vw, 450px\" \/>            <div class=\"pxl-item-links\">\r\n                                    <a class=\"link-1\" href=\"https:\/\/elementus.lv\/wp-content\/uploads\/2024\/12\/Huber_Katalog_2024-2025_EN.pdf\" target=\"_blank\">\r\n                        <span>Huber-Katalog<\/span>\r\n                    <\/a>\r\n                                                    <a class=\"link-2\" href=\"https:\/\/elementus.lv\/wp-content\/uploads\/2024\/12\/Huber_Katalog_2024-2025_EN.pdf\">\r\n                        <span><\/span>\r\n                    <\/a>\r\n                            <\/div>\r\n        <\/div>\r\n        <h3 class=\"item-title\">\r\n            <a href=\"https:\/\/elementus.lv\/wp-content\/uploads\/2024\/12\/novAA800-1.pdf\" target=\"_blank\">                Huber            <\/a>                    <\/h3>\r\n    <\/div>\r\n<\/div>\t\t\t\t<\/div>\n\t\t\t\t<\/div>\n\t\t\t\t<div class=\"elementor-element elementor-element-465c97f elementor-align-center elementor-widget-laptop__width-initial elementor-widget__width-inherit elementor-widget elementor-widget-button\" data-id=\"465c97f\" data-element_type=\"widget\" data-e-type=\"widget\" data-widget_type=\"button.default\">\n\t\t\t\t<div class=\"elementor-widget-container\">\n\t\t\t\t\t\t\t\t\t<div class=\"elementor-button-wrapper\">\n\t\t\t\t\t<a class=\"elementor-button elementor-button-link elementor-size-sm\" href=\"https:\/\/elementus.lv\/wp-content\/uploads\/2024\/12\/Huber_Katalog_2024-2025_EN.pdf?dl=1\" download=\"Huber_Katalog_2024-2025_EN.pdf\">\n\t\t\t\t\t\t<span class=\"elementor-button-content-wrapper\">\n\t\t\t\t\t\t\t\t\t<span class=\"elementor-button-text\">Katalog herunterladen<\/span>\n\t\t\t\t\t<\/span>\n\t\t\t\t\t<\/a>\n\t\t\t\t<\/div>\n\t\t\t\t\t\t\t\t<\/div>\n\t\t\t\t<\/div>\n\t\t            <\/div>\r\n        <\/div>\r\n                <div class=\"elementor-column elementor-col-33 elementor-top-column elementor-element elementor-element-fcefc10 pxl-column-element-default pxl-column-none\" data-id=\"fcefc10\" data-element_type=\"column\" data-e-type=\"column\">\r\n        <div class=\"elementor-widget-wrap\">\r\n                     \r\n                    <\/div>\r\n        <\/div>\r\n        \t\t\t<\/div>\n\t\t<\/section>\n\t\t\t\t<\/div>","protected":false},"excerpt":{"rendered":"<p>Thermal Control Temperature Control in Pharmaceutical Laboratories: A Key to Accuracy and Quality Temperature control is one of the most critical factors influencing the success of processes in pharmaceutical laboratories. The precision, reproducibility, and safety of research and production results depend heavily on maintaining the required temperature conditions. To achieve this, laboratories utilize specialized equipment [&hellip;]<\/p>\n","protected":false},"author":1,"featured_media":0,"parent":0,"menu_order":0,"comment_status":"closed","ping_status":"closed","template":"","meta":{"footnotes":""},"class_list":["post-13553","page","type-page","status-publish","hentry"],"_links":{"self":[{"href":"https:\/\/elementus.lv\/de\/wp-json\/wp\/v2\/pages\/13553","targetHints":{"allow":["GET"]}}],"collection":[{"href":"https:\/\/elementus.lv\/de\/wp-json\/wp\/v2\/pages"}],"about":[{"href":"https:\/\/elementus.lv\/de\/wp-json\/wp\/v2\/types\/page"}],"author":[{"embeddable":true,"href":"https:\/\/elementus.lv\/de\/wp-json\/wp\/v2\/users\/1"}],"replies":[{"embeddable":true,"href":"https:\/\/elementus.lv\/de\/wp-json\/wp\/v2\/comments?post=13553"}],"version-history":[{"count":68,"href":"https:\/\/elementus.lv\/de\/wp-json\/wp\/v2\/pages\/13553\/revisions"}],"predecessor-version":[{"id":15432,"href":"https:\/\/elementus.lv\/de\/wp-json\/wp\/v2\/pages\/13553\/revisions\/15432"}],"wp:attachment":[{"href":"https:\/\/elementus.lv\/de\/wp-json\/wp\/v2\/media?parent=13553"}],"curies":[{"name":"wp","href":"https:\/\/api.w.org\/{rel}","templated":true}]}}