{"id":13579,"date":"2024-12-19T23:11:05","date_gmt":"2024-12-19T23:11:05","guid":{"rendered":"https:\/\/elementus.lv\/?page_id=13579"},"modified":"2025-02-19T08:27:09","modified_gmt":"2025-02-19T08:27:09","slug":"icp-oes","status":"publish","type":"page","link":"https:\/\/elementus.lv\/de\/icp-oes\/","title":{"rendered":"ICP-OES"},"content":{"rendered":"<div data-elementor-type=\"wp-page\" data-elementor-id=\"13579\" class=\"elementor elementor-13579\" data-elementor-post-type=\"page\">\n\t\t\t\t        <section class=\"elementor-section elementor-top-section elementor-element elementor-element-f5396da elementor-section-boxed elementor-section-height-default elementor-section-height-default pxl-type-header-none pxl-row-scroll-none\" data-id=\"f5396da\" data-element_type=\"section\" data-e-type=\"section\">\n\n                \n                <div class=\"elementor-container elementor-column-gap-default\">\n                <div class=\"elementor-column elementor-col-100 elementor-top-column elementor-element elementor-element-9d5e0fe pxl-column-element-default pxl-column-none\" data-id=\"9d5e0fe\" data-element_type=\"column\" data-e-type=\"column\">\r\n        <div class=\"elementor-widget-wrap\">\r\n                     \r\n                    <\/div>\r\n        <\/div>\r\n        \t\t\t<\/div>\n\t\t<\/section>\n\t\t        <section class=\"elementor-section elementor-top-section elementor-element elementor-element-ea8e0d9 elementor-section-boxed elementor-section-height-default elementor-section-height-default pxl-type-header-none pxl-row-scroll-none\" data-id=\"ea8e0d9\" data-element_type=\"section\" data-e-type=\"section\" data-settings=\"{&quot;background_background&quot;:&quot;classic&quot;}\">\n\n                            <div class=\"elementor-background-overlay\"><\/div>\n            \n                <div class=\"elementor-container elementor-column-gap-default\">\n                <div class=\"elementor-column elementor-col-100 elementor-top-column elementor-element elementor-element-c20978d pxl-column-element-default pxl-column-none\" data-id=\"c20978d\" data-element_type=\"column\" data-e-type=\"column\">\r\n        <div class=\"elementor-widget-wrap elementor-element-populated\">\r\n                     \r\n        \t\t<div class=\"elementor-element elementor-element-09f6ac4 elementor-widget elementor-widget-pxl_heading\" data-id=\"09f6ac4\" data-element_type=\"widget\" data-e-type=\"widget\" data-widget_type=\"pxl_heading.default\">\n\t\t\t\t<div class=\"elementor-widget-container\">\n\t\t\t\t\t<div class=\"pxl-heading\">\n\t<div class=\"pxl-heading--inner\">\n\t\t\t\t<h3 class=\"pxl-item--title\" data-wow-delay=\"ms\">\n\t\t\tICP-OES\t\t\n\t\t<\/h3>\n\t\t\t<\/div>\n<\/div>\t\t\t\t<\/div>\n\t\t\t\t<\/div>\n\t\t            <\/div>\r\n        <\/div>\r\n        \t\t\t<\/div>\n\t\t<\/section>\n\t\t        <section class=\"elementor-section elementor-top-section elementor-element elementor-element-69ba034 elementor-section-boxed elementor-section-height-default elementor-section-height-default pxl-type-header-none pxl-row-scroll-none\" data-id=\"69ba034\" data-element_type=\"section\" data-e-type=\"section\">\n\n                \n                <div class=\"elementor-container elementor-column-gap-default\">\n                <div class=\"elementor-column elementor-col-50 elementor-top-column elementor-element elementor-element-297f2e9 pxl-column-element-default pxl-column-none\" data-id=\"297f2e9\" data-element_type=\"column\" data-e-type=\"column\">\r\n        <div class=\"elementor-widget-wrap elementor-element-populated\">\r\n                     \r\n        \t\t<div class=\"elementor-element elementor-element-26ef0ee elementor-widget elementor-widget-pxl_text_editor\" data-id=\"26ef0ee\" data-element_type=\"widget\" data-e-type=\"widget\" data-widget_type=\"pxl_text_editor.default\">\n\t\t\t\t<div class=\"elementor-widget-container\">\n\t\t\t\t\t<div class=\"pxl-text-editor\">\n\t<div class=\"pxl-item--inner\" data-wow-delay=\"ms\">\n\t\t<h5 style=\"text-align: justify\">Die PlasmaQuant 9100 ICP-OES-Serie von Analytik Jena bietet eine Vielzahl innovativer Features, um ein leistungsf\u00e4higes Analysewerkzeug mit bestm\u00f6glicher ICP-OES-Performance und einer breiten Anwendbarkeit von Routineanalysen bis hin zu hochkomplexen analytischen Aufgabenstellungen bereitzustellen. Die PlasmaQuant 9100 ICP-OES-Serie besteht aus zwei Modellen, dem PlasmaQuant 9100 Routine-Allrounder und dem PlasmaQuant 9100 Elite Hochleistungs-ICP-OES. Sie umfasst vier Hauptmerkmale sowie eine Vielzahl von Tuning-M\u00f6glichkeiten und Funktionen, um die volle Bandbreite an analytischen M\u00f6glichkeiten zu bieten.<\/h5>\t<\/div>\n<\/div>\t\t\t\t<\/div>\n\t\t\t\t<\/div>\n\t\t            <\/div>\r\n        <\/div>\r\n                <div class=\"elementor-column elementor-col-50 elementor-top-column elementor-element elementor-element-2e99518 pxl-column-element-default pxl-column-none\" data-id=\"2e99518\" data-element_type=\"column\" data-e-type=\"column\">\r\n        <div class=\"elementor-widget-wrap elementor-element-populated\">\r\n                     \r\n        \t\t<div class=\"elementor-element elementor-element-266e16b elementor-widget elementor-widget-pxl_image\" data-id=\"266e16b\" data-element_type=\"widget\" data-e-type=\"widget\" data-widget_type=\"pxl_image.default\">\n\t\t\t\t<div class=\"elementor-widget-container\">\n\t\t\t\t\t<div class=\"pxl-image-single\" data-wow-delay=\"ms\">\r\n                                        <div class=\"pxl-item--inner\">\r\n                    <a href=\"https:\/\/www.analytik-jena.com\/\" target=\"_blank\" rel=\"noopener\">                        <img fetchpriority=\"high\" decoding=\"async\" width=\"520\" height=\"97\" src=\"https:\/\/elementus.lv\/wp-content\/uploads\/2025\/01\/logo-1.png\" class=\"no-lazyload attachment-full\" alt=\"\" srcset=\"https:\/\/elementus.lv\/wp-content\/uploads\/2025\/01\/logo-1.png 520w, https:\/\/elementus.lv\/wp-content\/uploads\/2025\/01\/logo-1-300x56.png 300w\" sizes=\"(max-width: 520px) 100vw, 520px\" \/>                    <\/a>                <\/div>\r\n                        <\/div>\t\t\t\t<\/div>\n\t\t\t\t<\/div>\n\t\t            <\/div>\r\n        <\/div>\r\n        \t\t\t<\/div>\n\t\t<\/section>\n\t\t        <section class=\"elementor-section elementor-top-section elementor-element elementor-element-3db74dd elementor-section-boxed elementor-section-height-default elementor-section-height-default pxl-type-header-none pxl-row-scroll-none\" data-id=\"3db74dd\" data-element_type=\"section\" data-e-type=\"section\">\n\n                \n                <div class=\"elementor-container elementor-column-gap-default\">\n                <div class=\"elementor-column elementor-col-50 elementor-top-column elementor-element elementor-element-3eedb04 pxl-column-element-default pxl-column-none\" data-id=\"3eedb04\" data-element_type=\"column\" data-e-type=\"column\">\r\n        <div class=\"elementor-widget-wrap elementor-element-populated\">\r\n                     \r\n        \t\t<div class=\"elementor-element elementor-element-bbf628b elementor-widget elementor-widget-pxl_image\" data-id=\"bbf628b\" data-element_type=\"widget\" data-e-type=\"widget\" data-widget_type=\"pxl_image.default\">\n\t\t\t\t<div class=\"elementor-widget-container\">\n\t\t\t\t\t<div class=\"pxl-image-single\" data-wow-delay=\"ms\">\r\n                                        <div class=\"pxl-item--inner\">\r\n                                            <img decoding=\"async\" width=\"2560\" height=\"1440\" src=\"https:\/\/elementus.lv\/wp-content\/uploads\/2024\/12\/AJ_002_PlasmaQuant_9100_Elite_2er_003-scaled.jpg\" class=\"no-lazyload attachment-full\" alt=\"\" srcset=\"https:\/\/elementus.lv\/wp-content\/uploads\/2024\/12\/AJ_002_PlasmaQuant_9100_Elite_2er_003-scaled.jpg 2560w, https:\/\/elementus.lv\/wp-content\/uploads\/2024\/12\/AJ_002_PlasmaQuant_9100_Elite_2er_003-300x169.jpg 300w, https:\/\/elementus.lv\/wp-content\/uploads\/2024\/12\/AJ_002_PlasmaQuant_9100_Elite_2er_003-1024x576.jpg 1024w, https:\/\/elementus.lv\/wp-content\/uploads\/2024\/12\/AJ_002_PlasmaQuant_9100_Elite_2er_003-768x432.jpg 768w, https:\/\/elementus.lv\/wp-content\/uploads\/2024\/12\/AJ_002_PlasmaQuant_9100_Elite_2er_003-1536x864.jpg 1536w, https:\/\/elementus.lv\/wp-content\/uploads\/2024\/12\/AJ_002_PlasmaQuant_9100_Elite_2er_003-2048x1152.jpg 2048w, https:\/\/elementus.lv\/wp-content\/uploads\/2024\/12\/AJ_002_PlasmaQuant_9100_Elite_2er_003-1170x658.jpg 1170w, https:\/\/elementus.lv\/wp-content\/uploads\/2024\/12\/AJ_002_PlasmaQuant_9100_Elite_2er_003-600x338.jpg 600w\" sizes=\"(max-width: 2560px) 100vw, 2560px\" \/>                                    <\/div>\r\n                        <\/div>\t\t\t\t<\/div>\n\t\t\t\t<\/div>\n\t\t            <\/div>\r\n        <\/div>\r\n                <div class=\"elementor-column elementor-col-50 elementor-top-column elementor-element elementor-element-71beb3b pxl-column-element-default pxl-column-none\" data-id=\"71beb3b\" data-element_type=\"column\" data-e-type=\"column\">\r\n        <div class=\"elementor-widget-wrap elementor-element-populated\">\r\n                     \r\n        \t\t<div class=\"elementor-element elementor-element-4251324 elementor-widget elementor-widget-pxl_text_editor\" data-id=\"4251324\" data-element_type=\"widget\" data-e-type=\"widget\" data-widget_type=\"pxl_text_editor.default\">\n\t\t\t\t<div class=\"elementor-widget-container\">\n\t\t\t\t\t<div class=\"pxl-text-editor\">\n\t<div class=\"pxl-item--inner\" data-wow-delay=\"ms\">\n\t\t<p>Die wichtigsten Merkmale sind:<\/p><ul><li>V Shuttle-Brenner, der eine lange Lebensdauer der Brennerkomponenten bietet, den Wartungsaufwand minimiert und Probleme im Zusammenhang mit Auswaschungen und Probenablagerungen reduziert<\/li><li>Hochfrequenzgenerator, der ein Plasma von au\u00dferordentlicher Robustheit bietet, um jeden Probentyp mit minimalem Aufwand und maximaler Emissionsausbeute zu betreiben<\/li><li>Dual View Plus-Plasmabetrachtungsmodi, die den Arbeitsbereich des Ger\u00e4ts auf ein Maximum erweitern, den Aufwand f\u00fcr die Probenvorbereitung minimieren und effiziente Messungen erm\u00f6glichen<\/li><li>Hochaufl\u00f6sendes optisches System f\u00fcr eine interferenzfreie Analyse in jeder Art von Probenmatrix mit \u00e4u\u00dferst zuverl\u00e4ssiger Datenqualit\u00e4t.<\/li><\/ul>\t<\/div>\n<\/div>\t\t\t\t<\/div>\n\t\t\t\t<\/div>\n\t\t            <\/div>\r\n        <\/div>\r\n        \t\t\t<\/div>\n\t\t<\/section>\n\t\t        <section class=\"elementor-section elementor-top-section elementor-element elementor-element-02ada88 elementor-section-boxed elementor-section-height-default elementor-section-height-default pxl-type-header-none pxl-row-scroll-none\" data-id=\"02ada88\" data-element_type=\"section\" data-e-type=\"section\">\n\n                \n                <div class=\"elementor-container elementor-column-gap-default\">\n                <div class=\"elementor-column elementor-col-100 elementor-top-column elementor-element elementor-element-384afcf pxl-column-element-default pxl-column-none\" data-id=\"384afcf\" data-element_type=\"column\" data-e-type=\"column\">\r\n        <div class=\"elementor-widget-wrap elementor-element-populated\">\r\n                     \r\n        \t\t<div class=\"elementor-element elementor-element-3b409cb elementor-widget elementor-widget-pxl_text_editor\" data-id=\"3b409cb\" data-element_type=\"widget\" data-e-type=\"widget\" data-widget_type=\"pxl_text_editor.default\">\n\t\t\t\t<div class=\"elementor-widget-container\">\n\t\t\t\t\t<div class=\"pxl-text-editor\">\n\t<div class=\"pxl-item--inner\" data-wow-delay=\"ms\">\n\t\t<p><strong>PlasmaQuant 9100<\/strong><\/p><p>Mit einem klaren Schwerpunkt auf breiter Anwendbarkeit, Einfachheit und Kosteneffizienz in allgemeinen Anwendungen ist das PlasmaQuant 9100 nicht nur ein weiteres ICP-OES. Mit seinen Hochleistungsmerkmalen erm\u00f6glicht es eine gr\u00f6\u00dfere Matrixtoleranz, einen gro\u00dfen Arbeitsbereich und eine hohe Messempfindlichkeit. Es liefert hochwertige Ergebnisse in der Auftragsanalytik, Zuverl\u00e4ssigkeit in der Qualit\u00e4tskontrolle und h\u00f6chste Standards in der regulierten Industrie. Ob Sie On-Off-Messungen, Methodenflexibilit\u00e4t im Schichtbetrieb oder kontinuierliche Aspiration anspruchsvoller Proben anstreben, das PlasmaQuant 9100 ist Ihr Ger\u00e4t der Wahl.<\/p><p><strong>PlasmaQuant 9100 Elite<\/strong><\/p><p>Hohe spektrale Aufl\u00f6sung: das Extra, das bei ICP-OES den Unterschied macht. Das PlasmaQuant 9100 Elite deckt spektrale Details auf wie kein anderes ICP-OES. Durch die Beseitigung g\u00e4ngiger spektraler Interferenzen werden Kompromisse bei der Linienauswahl minimiert und die Verwendung hochempfindlicher Emissionslinien f\u00fcr jede Anwendung erm\u00f6glicht. In Kombination mit seiner Matrixtoleranz und \u00fcberragenden Empfindlichkeit erm\u00f6glicht dies ein bisher ungeahntes analytisches Potenzial mit \u00fcberragender Pr\u00e4zision, Genauigkeit und Nachweisgrenzen in jeder Art von Probe. Das PlasmaQuant 9100 Elite ist die erste Wahl, wenn es um spektrale Aufl\u00f6sung und Empfindlichkeit geht, und die ideale L\u00f6sung f\u00fcr Ihre anspruchsvollen Analyseroutinen.<\/p><p>Die Konfiguration der PlasmaQuant 9100-Ger\u00e4te kann auf die spezifischen Anforderungen der jeweiligen Anwendung zugeschnitten werden. Eine Reihe von Zubeh\u00f6r- und Upgrade-Optionen bieten ein hohes Ma\u00df an Anwendungsflexibilit\u00e4t, eine einfache Probenhandhabung und einen hohen Durchsatz. Anwendungsspezifische Probeneinleitungskits f\u00fcr die Analyse von matrixarmen Probentypen, salzhaltigen oder metallischen Proben mit hohem Matrixgehalt, flusss\u00e4urehaltigen Proben oder organischen Proben sind erh\u00e4ltlich. Eine Vielzahl von kompatiblen Autosamplern erm\u00f6glicht die Automatisierung der Probenanalyse und minimiert den Zeitaufwand f\u00fcr das Bedienpersonal. Es gibt eine Reihe von Autosamplern, die konfiguriert werden k\u00f6nnen, von Standard-Autosamplern f\u00fcr w\u00e4ssrige L\u00f6sungen \u00fcber Sampler f\u00fcr organische Proben unterschiedlicher Viskosit\u00e4t bis hin zu automatischen Verd\u00fcnnungsstationen, um die Automatisierung des Laborarbeitsablaufs zu maximieren. Zus\u00e4tzlich k\u00f6nnen die Autosampler durch schnelle Probenzuf\u00fchrungssysteme erg\u00e4nzt werden, um den Probendurchsatz und die Rentabilit\u00e4t des ICP-OES-Systems zu erh\u00f6hen. Das PlasmaQuant 9100 ist immer einsatzbereit. Ein schnelles Aufheizen des Systems und ein sich selbst ausrichtendes Spektrometer mit interner Neonkorrektur garantieren eine Systemverf\u00fcgbarkeit innerhalb weniger Minuten und erm\u00f6glichen somit eine sehr wirtschaftliche Ger\u00e4tenutzung.<\/p><p>Die F\u00e4higkeit, komplexe und konzentrierte Proben zu analysieren, starke spektrale Interferenzen aufzul\u00f6sen, Spuren- und Ultraspuren-Konzentrationen zu erkennen und \u00fcber einen breiten Konzentrationsbereich zu arbeiten, machen das PlasmaQuant 9100 zum idealen Werkzeug f\u00fcr industrielle QC- und F&amp;E-Labore sowie f\u00fcr Vertragslabore und staatliche Beh\u00f6rden mit anspruchsvollen Probentypen und strengen Qualit\u00e4tsanforderungen. Kunden aus verschiedenen Branchen, z. B. \u00d6l &amp; Gas, Metall &amp; Bergbau und Chemie, vertrauen auf seine Leistung und Stabilit\u00e4t. Das PlasmaQuant 9100 garantiert Ihrem Labor einen Wettbewerbsvorteil in Bezug auf erweiterte analytische M\u00f6glichkeiten, Analysequalit\u00e4t und Kosteneffizienz.<\/p>\t<\/div>\n<\/div>\t\t\t\t<\/div>\n\t\t\t\t<\/div>\n\t\t            <\/div>\r\n        <\/div>\r\n        \t\t\t<\/div>\n\t\t<\/section>\n\t\t        <section class=\"elementor-section elementor-top-section elementor-element elementor-element-37784bd elementor-section-boxed elementor-section-height-default elementor-section-height-default pxl-type-header-none pxl-row-scroll-none\" data-id=\"37784bd\" data-element_type=\"section\" data-e-type=\"section\">\n\n                \n                <div class=\"elementor-container elementor-column-gap-default\">\n                <div class=\"elementor-column elementor-col-50 elementor-top-column elementor-element elementor-element-c8efac7 pxl-column-element-default pxl-column-none\" data-id=\"c8efac7\" data-element_type=\"column\" data-e-type=\"column\">\r\n        <div class=\"elementor-widget-wrap elementor-element-populated\">\r\n                     \r\n        \t\t<div class=\"elementor-element elementor-element-3371ab9 elementor-widget__width-initial elementor-widget elementor-widget-pxl_showcase\" data-id=\"3371ab9\" data-element_type=\"widget\" data-e-type=\"widget\" data-widget_type=\"pxl_showcase.default\">\n\t\t\t\t<div class=\"elementor-widget-container\">\n\t\t\t\t\t<div class=\"pxl-showcase layout2\" data-wow-delay=\"ms\">\r\n    <div class=\"inner-box item-normarl\">\r\n        <div class=\"item-feature\">\r\n                        <img decoding=\"async\" width=\"300\" height=\"169\" src=\"https:\/\/elementus.lv\/wp-content\/uploads\/2024\/12\/AJ_008_PlasmaQuant_9100_detail_3-300x169.jpg\" class=\"attachment-medium\" alt=\"\" srcset=\"https:\/\/elementus.lv\/wp-content\/uploads\/2024\/12\/AJ_008_PlasmaQuant_9100_detail_3-300x169.jpg 300w, https:\/\/elementus.lv\/wp-content\/uploads\/2024\/12\/AJ_008_PlasmaQuant_9100_detail_3-1024x576.jpg 1024w, https:\/\/elementus.lv\/wp-content\/uploads\/2024\/12\/AJ_008_PlasmaQuant_9100_detail_3-768x432.jpg 768w, https:\/\/elementus.lv\/wp-content\/uploads\/2024\/12\/AJ_008_PlasmaQuant_9100_detail_3-1536x864.jpg 1536w, https:\/\/elementus.lv\/wp-content\/uploads\/2024\/12\/AJ_008_PlasmaQuant_9100_detail_3-2048x1152.jpg 2048w, https:\/\/elementus.lv\/wp-content\/uploads\/2024\/12\/AJ_008_PlasmaQuant_9100_detail_3-1170x658.jpg 1170w, https:\/\/elementus.lv\/wp-content\/uploads\/2024\/12\/AJ_008_PlasmaQuant_9100_detail_3-600x338.jpg 600w\" sizes=\"(max-width: 300px) 100vw, 300px\" \/>            <div class=\"pxl-item-links\">\r\n                                    <a class=\"link-1\" href=\"https:\/\/elementus.lv\/wp-content\/uploads\/2024\/12\/Br_PlasmaQuant_PQ9000_en.pdf\">\r\n                        <span>PlasmaQuant 9100 Katalog<\/span>\r\n                    <\/a>\r\n                                                    <a class=\"link-2\" href=\"https:\/\/elementus.lv\/wp-content\/uploads\/2024\/12\/Br_PlasmaQuant_PQ9000_en.pdf\">\r\n                        <span><\/span>\r\n                    <\/a>\r\n                            <\/div>\r\n        <\/div>\r\n        <h3 class=\"item-title\">\r\n                            PlasmaQuant 9100                    <\/h3>\r\n    <\/div>\r\n<\/div>\t\t\t\t<\/div>\n\t\t\t\t<\/div>\n\t\t\t\t<div class=\"elementor-element elementor-element-6a68a4d elementor-align-center elementor-widget-laptop__width-initial elementor-widget__width-initial elementor-widget elementor-widget-button\" data-id=\"6a68a4d\" data-element_type=\"widget\" data-e-type=\"widget\" data-widget_type=\"button.default\">\n\t\t\t\t<div class=\"elementor-widget-container\">\n\t\t\t\t\t\t\t\t\t<div class=\"elementor-button-wrapper\">\n\t\t\t\t\t<a class=\"elementor-button elementor-button-link elementor-size-sm\" href=\"https:\/\/elementus.lv\/wp-content\/uploads\/2024\/12\/Br_PlasmaQuant_PQ9000_en.pdf?dl=1\" download=\"Br_PlasmaQuant_PQ9000_en\">\n\t\t\t\t\t\t<span class=\"elementor-button-content-wrapper\">\n\t\t\t\t\t\t\t\t\t<span class=\"elementor-button-text\">Katalog herunterladen<\/span>\n\t\t\t\t\t<\/span>\n\t\t\t\t\t<\/a>\n\t\t\t\t<\/div>\n\t\t\t\t\t\t\t\t<\/div>\n\t\t\t\t<\/div>\n\t\t            <\/div>\r\n        <\/div>\r\n                <div class=\"elementor-column elementor-col-50 elementor-top-column elementor-element elementor-element-563d6d5 pxl-column-element-default pxl-column-none\" data-id=\"563d6d5\" data-element_type=\"column\" data-e-type=\"column\">\r\n        <div class=\"elementor-widget-wrap elementor-element-populated\">\r\n                     \r\n        \t\t<div class=\"elementor-element elementor-element-f903a13 elementor-widget__width-initial elementor-widget elementor-widget-pxl_showcase\" data-id=\"f903a13\" data-element_type=\"widget\" data-e-type=\"widget\" data-widget_type=\"pxl_showcase.default\">\n\t\t\t\t<div class=\"elementor-widget-container\">\n\t\t\t\t\t<div class=\"pxl-showcase layout2\" data-wow-delay=\"ms\">\r\n    <div class=\"inner-box item-normarl\">\r\n        <div class=\"item-feature\">\r\n                        <img loading=\"lazy\" decoding=\"async\" width=\"300\" height=\"169\" src=\"https:\/\/elementus.lv\/wp-content\/uploads\/2024\/12\/AJ_002_PlasmaQuant_9100_Elite_2er_003-300x169.jpg\" class=\"attachment-medium\" alt=\"\" srcset=\"https:\/\/elementus.lv\/wp-content\/uploads\/2024\/12\/AJ_002_PlasmaQuant_9100_Elite_2er_003-300x169.jpg 300w, https:\/\/elementus.lv\/wp-content\/uploads\/2024\/12\/AJ_002_PlasmaQuant_9100_Elite_2er_003-1024x576.jpg 1024w, https:\/\/elementus.lv\/wp-content\/uploads\/2024\/12\/AJ_002_PlasmaQuant_9100_Elite_2er_003-768x432.jpg 768w, https:\/\/elementus.lv\/wp-content\/uploads\/2024\/12\/AJ_002_PlasmaQuant_9100_Elite_2er_003-1536x864.jpg 1536w, https:\/\/elementus.lv\/wp-content\/uploads\/2024\/12\/AJ_002_PlasmaQuant_9100_Elite_2er_003-2048x1152.jpg 2048w, https:\/\/elementus.lv\/wp-content\/uploads\/2024\/12\/AJ_002_PlasmaQuant_9100_Elite_2er_003-1170x658.jpg 1170w, https:\/\/elementus.lv\/wp-content\/uploads\/2024\/12\/AJ_002_PlasmaQuant_9100_Elite_2er_003-600x338.jpg 600w\" sizes=\"(max-width: 300px) 100vw, 300px\" \/>            <div class=\"pxl-item-links\">\r\n                                    <a class=\"link-1\" href=\"https:\/\/elementus.lv\/wp-content\/uploads\/2024\/12\/Br_PlasmaQuant_9100_series_en.pdf\">\r\n                        <span>PlasmaQuant 9100 Elite Katalog<\/span>\r\n                    <\/a>\r\n                                                    <a class=\"link-2\" href=\"https:\/\/elementus.lv\/wp-content\/uploads\/2024\/12\/Br_PlasmaQuant_9100_series_en.pdf\">\r\n                        <span><\/span>\r\n                    <\/a>\r\n                            <\/div>\r\n        <\/div>\r\n        <h3 class=\"item-title\">\r\n                            PlasmaQuant 9100 Elite                    <\/h3>\r\n    <\/div>\r\n<\/div>\t\t\t\t<\/div>\n\t\t\t\t<\/div>\n\t\t\t\t<div class=\"elementor-element elementor-element-9b51f5a elementor-align-center elementor-widget-laptop__width-initial elementor-widget elementor-widget-button\" data-id=\"9b51f5a\" data-element_type=\"widget\" data-e-type=\"widget\" data-widget_type=\"button.default\">\n\t\t\t\t<div class=\"elementor-widget-container\">\n\t\t\t\t\t\t\t\t\t<div class=\"elementor-button-wrapper\">\n\t\t\t\t\t<a class=\"elementor-button elementor-button-link elementor-size-sm\" href=\"https:\/\/elementus.lv\/wp-content\/uploads\/2024\/12\/Br_PlasmaQuant_9100_series_en.pdf?dl=1\" download=\"Br_PlasmaQuant_9100_series_en.pdf\">\n\t\t\t\t\t\t<span class=\"elementor-button-content-wrapper\">\n\t\t\t\t\t\t\t\t\t<span class=\"elementor-button-text\">Katalog herunterladen<\/span>\n\t\t\t\t\t<\/span>\n\t\t\t\t\t<\/a>\n\t\t\t\t<\/div>\n\t\t\t\t\t\t\t\t<\/div>\n\t\t\t\t<\/div>\n\t\t            <\/div>\r\n        <\/div>\r\n        \t\t\t<\/div>\n\t\t<\/section>\n\t\t\t\t<\/div>","protected":false},"excerpt":{"rendered":"<p>ICP-OES The PlasmaQuant 9100 ICP-OES series of Analytik Jena offers a multitude of innovative features to provide a powerful analytical tool with the best possible ICP-OES performance and a broad applicability from routine analyses to highly complex analytical tasks. The PlasmaQuant 9100 ICP-OES series consists of two models, the PlasmaQuant 9100 routine allrounder and the [&hellip;]<\/p>\n","protected":false},"author":1,"featured_media":0,"parent":0,"menu_order":0,"comment_status":"closed","ping_status":"closed","template":"","meta":{"footnotes":""},"class_list":["post-13579","page","type-page","status-publish","hentry"],"_links":{"self":[{"href":"https:\/\/elementus.lv\/de\/wp-json\/wp\/v2\/pages\/13579","targetHints":{"allow":["GET"]}}],"collection":[{"href":"https:\/\/elementus.lv\/de\/wp-json\/wp\/v2\/pages"}],"about":[{"href":"https:\/\/elementus.lv\/de\/wp-json\/wp\/v2\/types\/page"}],"author":[{"embeddable":true,"href":"https:\/\/elementus.lv\/de\/wp-json\/wp\/v2\/users\/1"}],"replies":[{"embeddable":true,"href":"https:\/\/elementus.lv\/de\/wp-json\/wp\/v2\/comments?post=13579"}],"version-history":[{"count":61,"href":"https:\/\/elementus.lv\/de\/wp-json\/wp\/v2\/pages\/13579\/revisions"}],"predecessor-version":[{"id":16248,"href":"https:\/\/elementus.lv\/de\/wp-json\/wp\/v2\/pages\/13579\/revisions\/16248"}],"wp:attachment":[{"href":"https:\/\/elementus.lv\/de\/wp-json\/wp\/v2\/media?parent=13579"}],"curies":[{"name":"wp","href":"https:\/\/api.w.org\/{rel}","templated":true}]}}