{"id":13602,"date":"2024-12-19T23:50:37","date_gmt":"2024-12-19T23:50:37","guid":{"rendered":"https:\/\/elementus.lv\/?page_id=13602"},"modified":"2025-02-18T11:57:20","modified_gmt":"2025-02-18T11:57:20","slug":"mercur-analyzers","status":"publish","type":"page","link":"https:\/\/elementus.lv\/de\/mercur-analyzers\/","title":{"rendered":"Mercur-Analysatoren"},"content":{"rendered":"<div data-elementor-type=\"wp-page\" data-elementor-id=\"13602\" class=\"elementor elementor-13602\" data-elementor-post-type=\"page\">\n\t\t\t\t        <section class=\"elementor-section elementor-top-section elementor-element elementor-element-8100dc6 elementor-section-boxed elementor-section-height-default elementor-section-height-default pxl-type-header-none pxl-row-scroll-none\" data-id=\"8100dc6\" data-element_type=\"section\" data-e-type=\"section\">\n\n                \n                <div class=\"elementor-container elementor-column-gap-default\">\n                <div class=\"elementor-column elementor-col-100 elementor-top-column elementor-element elementor-element-f0fb24b pxl-column-element-default pxl-column-none\" data-id=\"f0fb24b\" data-element_type=\"column\" data-e-type=\"column\">\r\n        <div class=\"elementor-widget-wrap\">\r\n                     \r\n                    <\/div>\r\n        <\/div>\r\n        \t\t\t<\/div>\n\t\t<\/section>\n\t\t        <section class=\"elementor-section elementor-top-section elementor-element elementor-element-4baa74b elementor-section-boxed elementor-section-height-default elementor-section-height-default pxl-type-header-none pxl-row-scroll-none\" data-id=\"4baa74b\" data-element_type=\"section\" data-e-type=\"section\" data-settings=\"{&quot;background_background&quot;:&quot;classic&quot;}\">\n\n                            <div class=\"elementor-background-overlay\"><\/div>\n            \n                <div class=\"elementor-container elementor-column-gap-default\">\n                <div class=\"elementor-column elementor-col-100 elementor-top-column elementor-element elementor-element-cb6a1fd pxl-column-element-default pxl-column-none\" data-id=\"cb6a1fd\" data-element_type=\"column\" data-e-type=\"column\">\r\n        <div class=\"elementor-widget-wrap elementor-element-populated\">\r\n                     \r\n        \t\t<div class=\"elementor-element elementor-element-e40efac elementor-widget elementor-widget-pxl_heading\" data-id=\"e40efac\" data-element_type=\"widget\" data-e-type=\"widget\" data-widget_type=\"pxl_heading.default\">\n\t\t\t\t<div class=\"elementor-widget-container\">\n\t\t\t\t\t<div class=\"pxl-heading\">\n\t<div class=\"pxl-heading--inner\">\n\t\t\t\t<h3 class=\"pxl-item--title\" data-wow-delay=\"ms\">\n\t\t\tMercur-Analysatoren\t\t\n\t\t<\/h3>\n\t\t\t<\/div>\n<\/div>\t\t\t\t<\/div>\n\t\t\t\t<\/div>\n\t\t            <\/div>\r\n        <\/div>\r\n        \t\t\t<\/div>\n\t\t<\/section>\n\t\t        <section class=\"elementor-section elementor-top-section elementor-element elementor-element-682916a elementor-section-boxed elementor-section-height-default elementor-section-height-default pxl-type-header-none pxl-row-scroll-none\" data-id=\"682916a\" data-element_type=\"section\" data-e-type=\"section\">\n\n                \n                <div class=\"elementor-container elementor-column-gap-default\">\n                <div class=\"elementor-column elementor-col-50 elementor-top-column elementor-element elementor-element-8e770c2 pxl-column-element-default pxl-column-none\" data-id=\"8e770c2\" data-element_type=\"column\" data-e-type=\"column\">\r\n        <div class=\"elementor-widget-wrap elementor-element-populated\">\r\n                     \r\n        \t\t<div class=\"elementor-element elementor-element-19a205f elementor-widget-laptop__width-initial elementor-widget elementor-widget-pxl_text_editor\" data-id=\"19a205f\" data-element_type=\"widget\" data-e-type=\"widget\" data-widget_type=\"pxl_text_editor.default\">\n\t\t\t\t<div class=\"elementor-widget-container\">\n\t\t\t\t\t<div class=\"pxl-text-editor\">\n\t<div class=\"pxl-item--inner\" data-wow-delay=\"ms\">\n\t\t<h5><strong>Analytik Jena mercur DUO plus<\/strong> ist ein hochmodernes und vielseitiges Analyseinstrument f\u00fcr die pr\u00e4zise Quecksilberanalyse in verschiedenen Probenmatrizes. Dieses System kombiniert innovative Technologie mit einem robusten Design, um eine unvergleichliche Leistung beim Nachweis von Quecksilberkonzentrationen im Ultraspurenbereich zu erzielen und die Einhaltung globaler Umwelt-, Pharma- und Industriestandards zu gew\u00e4hrleisten.<\/h5>\t<\/div>\n<\/div>\t\t\t\t<\/div>\n\t\t\t\t<\/div>\n\t\t            <\/div>\r\n        <\/div>\r\n                <div class=\"elementor-column elementor-col-50 elementor-top-column elementor-element elementor-element-f68bc84 pxl-column-element-default pxl-column-none\" data-id=\"f68bc84\" data-element_type=\"column\" data-e-type=\"column\">\r\n        <div class=\"elementor-widget-wrap elementor-element-populated\">\r\n                     \r\n        \t\t<div class=\"elementor-element elementor-element-fb7dce8 elementor-widget elementor-widget-pxl_image\" data-id=\"fb7dce8\" data-element_type=\"widget\" data-e-type=\"widget\" data-widget_type=\"pxl_image.default\">\n\t\t\t\t<div class=\"elementor-widget-container\">\n\t\t\t\t\t<div class=\"pxl-image-single\" data-wow-delay=\"ms\">\r\n                                        <div class=\"pxl-item--inner\">\r\n                    <a href=\"https:\/\/www.analytik-jena.com\/\" target=\"_blank\" rel=\"noopener\">                        <img fetchpriority=\"high\" decoding=\"async\" width=\"520\" height=\"97\" src=\"https:\/\/elementus.lv\/wp-content\/uploads\/2025\/01\/logo-1.png\" class=\"no-lazyload attachment-full\" alt=\"\" srcset=\"https:\/\/elementus.lv\/wp-content\/uploads\/2025\/01\/logo-1.png 520w, https:\/\/elementus.lv\/wp-content\/uploads\/2025\/01\/logo-1-300x56.png 300w\" sizes=\"(max-width: 520px) 100vw, 520px\" \/>                    <\/a>                <\/div>\r\n                        <\/div>\t\t\t\t<\/div>\n\t\t\t\t<\/div>\n\t\t            <\/div>\r\n        <\/div>\r\n        \t\t\t<\/div>\n\t\t<\/section>\n\t\t        <section class=\"elementor-section elementor-top-section elementor-element elementor-element-adb84f0 elementor-section-boxed elementor-section-height-default elementor-section-height-default pxl-type-header-none pxl-row-scroll-none\" data-id=\"adb84f0\" data-element_type=\"section\" data-e-type=\"section\">\n\n                \n                <div class=\"elementor-container elementor-column-gap-default\">\n                <div class=\"elementor-column elementor-col-100 elementor-top-column elementor-element elementor-element-9035fbb pxl-column-element-default pxl-column-none\" data-id=\"9035fbb\" data-element_type=\"column\" data-e-type=\"column\">\r\n        <div class=\"elementor-widget-wrap elementor-element-populated\">\r\n                     \r\n        \t\t<div class=\"elementor-element elementor-element-e09a0cd elementor-widget elementor-widget-pxl_text_editor\" data-id=\"e09a0cd\" data-element_type=\"widget\" data-e-type=\"widget\" data-widget_type=\"pxl_text_editor.default\">\n\t\t\t\t<div class=\"elementor-widget-container\">\n\t\t\t\t\t<div class=\"pxl-text-editor\">\n\t<div class=\"pxl-item--inner\" data-wow-delay=\"ms\">\n\t\t<p><strong>Wesentliche Merkmale:<\/strong><\/p><ul><li><strong>Integration zweier Technologien<\/strong>:<br \/>Das mercur DUO plus verf\u00fcgt sowohl \u00fcber die Kaltdampf-Atomabsorptionsspektroskopie (CV-AAS) als auch \u00fcber die Kaltdampf-Atomfluoreszenzspektroskopie (CV-AFS) und bietet damit eine hohe Flexibilit\u00e4t und Empfindlichkeit, die auf die analytischen Anforderungen zugeschnitten ist.<\/li><li><strong>Ultra-Trace-Detektion<\/strong>:<br \/>Mit seinen hochmodernen Detektionssystemen erreicht das Ger\u00e4t Nachweisgrenzen im sub-parts-per-trillion (ppt)-Bereich und eignet sich damit f\u00fcr hochsensible Anwendungen wie Umwelt\u00fcberwachung und Lebensmittelsicherheitsanalysen.<\/li><li><strong>Automatisierte Probenverarbeitung<\/strong>:<br \/>Ausgestattet mit einem fortschrittlichen Auto-Sampler unterst\u00fctzt der mercur DUO plus einen effizienten Durchsatz, indem er mehrere Proben in einer einzigen Sequenz verarbeitet, was die Arbeitsbelastung des Bedieners reduziert und die Produktivit\u00e4t des Labors verbessert.<\/li><li><strong>Benutzerfreundlicher Betrieb<\/strong>:<br \/>Die intuitive Softwareschnittstelle vereinfacht den Ger\u00e4tebetrieb, die Methodenentwicklung und die Datenanalyse. Au\u00dferdem unterst\u00fctzt sie die Einhaltung der Guten Laborpraxis (GLP) und gew\u00e4hrleistet eine sichere Datenverwaltung.<\/li><li><strong>Vielseitigkeit der Anwendungen<\/strong>:<br \/>Das mercur DUO plus ist ideal f\u00fcr die Analyse von Quecksilber in fl\u00fcssigen, festen und gasf\u00f6rmigen Proben in verschiedenen Industriezweigen, einschlie\u00dflich Umweltwissenschaften, Petrochemie, Pharmazie und Lebensmittelsicherheit.<\/li><li><strong>Geringer Wartungsaufwand und Nachhaltigkeit<\/strong>:<br \/>Das System ist auf langfristige Zuverl\u00e4ssigkeit und minimalen Wartungsaufwand ausgelegt. Sein effizienter Reagenzienverbrauch und sein Abfallmanagementsystem tragen zu nachhaltigen Laborpraktiken bei.<\/li><\/ul><p><strong>Anwendungen:<\/strong><\/p><ul><li><strong>Umwelt\u00fcberwachung<\/strong>: Analyse von Wasser, Boden und Luft auf Quecksilberverunreinigungen zur Einhaltung gesetzlicher Standards.<\/li><li><strong>Sicherheit von Lebensmitteln und Getr\u00e4nken<\/strong>: Nachweis von Quecksilber in Meeresfr\u00fcchten und anderen Verbrauchsg\u00fctern.<\/li><li><strong>Pharmazeutische Qualit\u00e4tskontrolle<\/strong>: Pr\u00e4zise Bestimmung des Quecksilbergehalts in Rohstoffen und Endprodukten.<\/li><li><strong>Industrielle Anwendungen<\/strong>: Quecksilberanalyse in der Petrochemie, im Bergbau und im Energiesektor.<\/li><\/ul>\t<\/div>\n<\/div>\t\t\t\t<\/div>\n\t\t\t\t<\/div>\n\t\t            <\/div>\r\n        <\/div>\r\n        \t\t\t<\/div>\n\t\t<\/section>\n\t\t        <section class=\"elementor-section elementor-top-section elementor-element elementor-element-ce30838 elementor-section-boxed elementor-section-height-default elementor-section-height-default pxl-type-header-none pxl-row-scroll-none\" data-id=\"ce30838\" data-element_type=\"section\" data-e-type=\"section\">\n\n                \n                <div class=\"elementor-container elementor-column-gap-default\">\n                <div class=\"elementor-column elementor-col-50 elementor-top-column elementor-element elementor-element-e621950 pxl-column-element-default pxl-column-none\" data-id=\"e621950\" data-element_type=\"column\" data-e-type=\"column\">\r\n        <div class=\"elementor-widget-wrap elementor-element-populated\">\r\n                     \r\n        \t\t<div class=\"elementor-element elementor-element-8765f55 elementor-widget elementor-widget-pxl_showcase\" data-id=\"8765f55\" data-element_type=\"widget\" data-e-type=\"widget\" data-widget_type=\"pxl_showcase.default\">\n\t\t\t\t<div class=\"elementor-widget-container\">\n\t\t\t\t\t<div class=\"pxl-showcase layout2\" data-wow-delay=\"ms\">\r\n    <div class=\"inner-box item-normarl\">\r\n        <div class=\"item-feature\">\r\n                        <img decoding=\"async\" width=\"300\" height=\"132\" src=\"https:\/\/elementus.lv\/wp-content\/uploads\/2024\/12\/mercur_AS_FD-300x132.jpg\" class=\"attachment-medium\" alt=\"\" srcset=\"https:\/\/elementus.lv\/wp-content\/uploads\/2024\/12\/mercur_AS_FD-300x132.jpg 300w, https:\/\/elementus.lv\/wp-content\/uploads\/2024\/12\/mercur_AS_FD-1024x450.jpg 1024w, https:\/\/elementus.lv\/wp-content\/uploads\/2024\/12\/mercur_AS_FD-768x338.jpg 768w, https:\/\/elementus.lv\/wp-content\/uploads\/2024\/12\/mercur_AS_FD-1536x676.jpg 1536w, https:\/\/elementus.lv\/wp-content\/uploads\/2024\/12\/mercur_AS_FD-2048x901.jpg 2048w, https:\/\/elementus.lv\/wp-content\/uploads\/2024\/12\/mercur_AS_FD-1170x515.jpg 1170w, https:\/\/elementus.lv\/wp-content\/uploads\/2024\/12\/mercur_AS_FD-600x264.jpg 600w\" sizes=\"(max-width: 300px) 100vw, 300px\" \/>            <div class=\"pxl-item-links\">\r\n                                    <a class=\"link-1\" href=\"https:\/\/elementus.lv\/wp-content\/uploads\/2024\/12\/Mercur.pdf\">\r\n                        <span>Mercur AS FD-Katalog<\/span>\r\n                    <\/a>\r\n                                                    <a class=\"link-2\" href=\"https:\/\/elementus.lv\/wp-content\/uploads\/2024\/12\/Mercur.pdf\">\r\n                        <span><\/span>\r\n                    <\/a>\r\n                            <\/div>\r\n        <\/div>\r\n        <h3 class=\"item-title\">\r\n                            Mercur AS FD                    <\/h3>\r\n    <\/div>\r\n<\/div>\t\t\t\t<\/div>\n\t\t\t\t<\/div>\n\t\t\t\t<div class=\"elementor-element elementor-element-5a3f096 elementor-align-center elementor-widget-laptop__width-initial elementor-widget elementor-widget-button\" data-id=\"5a3f096\" data-element_type=\"widget\" data-e-type=\"widget\" data-widget_type=\"button.default\">\n\t\t\t\t<div class=\"elementor-widget-container\">\n\t\t\t\t\t\t\t\t\t<div class=\"elementor-button-wrapper\">\n\t\t\t\t\t<a class=\"elementor-button elementor-button-link elementor-size-sm\" href=\"https:\/\/elementus.lv\/wp-content\/uploads\/2024\/12\/Mercur.pdf?dl=1\" download=\"Mercur\">\n\t\t\t\t\t\t<span class=\"elementor-button-content-wrapper\">\n\t\t\t\t\t\t\t\t\t<span class=\"elementor-button-text\">Katalog herunterladen<\/span>\n\t\t\t\t\t<\/span>\n\t\t\t\t\t<\/a>\n\t\t\t\t<\/div>\n\t\t\t\t\t\t\t\t<\/div>\n\t\t\t\t<\/div>\n\t\t            <\/div>\r\n        <\/div>\r\n                <div class=\"elementor-column elementor-col-50 elementor-top-column elementor-element elementor-element-d71e556 pxl-column-element-default pxl-column-none\" data-id=\"d71e556\" data-element_type=\"column\" data-e-type=\"column\">\r\n        <div class=\"elementor-widget-wrap elementor-element-populated\">\r\n                     \r\n        \t\t<div class=\"elementor-element elementor-element-7d6abe5 elementor-widget__width-initial elementor-widget elementor-widget-pxl_showcase\" data-id=\"7d6abe5\" data-element_type=\"widget\" data-e-type=\"widget\" data-widget_type=\"pxl_showcase.default\">\n\t\t\t\t<div class=\"elementor-widget-container\">\n\t\t\t\t\t<div class=\"pxl-showcase layout2\" data-wow-delay=\"ms\">\r\n    <div class=\"inner-box item-normarl\">\r\n        <div class=\"item-feature\">\r\n                        <img decoding=\"async\" width=\"300\" height=\"154\" src=\"https:\/\/elementus.lv\/wp-content\/uploads\/2024\/12\/mercur_cover_ALPHA-300x154.png\" class=\"attachment-medium\" alt=\"\" srcset=\"https:\/\/elementus.lv\/wp-content\/uploads\/2024\/12\/mercur_cover_ALPHA-300x154.png 300w, https:\/\/elementus.lv\/wp-content\/uploads\/2024\/12\/mercur_cover_ALPHA-1024x527.png 1024w, https:\/\/elementus.lv\/wp-content\/uploads\/2024\/12\/mercur_cover_ALPHA-768x395.png 768w, https:\/\/elementus.lv\/wp-content\/uploads\/2024\/12\/mercur_cover_ALPHA-1536x791.png 1536w, https:\/\/elementus.lv\/wp-content\/uploads\/2024\/12\/mercur_cover_ALPHA-2048x1055.png 2048w, https:\/\/elementus.lv\/wp-content\/uploads\/2024\/12\/mercur_cover_ALPHA-1170x603.png 1170w, https:\/\/elementus.lv\/wp-content\/uploads\/2024\/12\/mercur_cover_ALPHA-600x309.png 600w\" sizes=\"(max-width: 300px) 100vw, 300px\" \/>            <div class=\"pxl-item-links\">\r\n                                    <a class=\"link-1\" href=\"https:\/\/elementus.lv\/wp-content\/uploads\/2024\/12\/Br_PlasmaQuant_9100_series_en.pdf\">\r\n                        <span>Merkur ALPHA<\/span>\r\n                    <\/a>\r\n                                                    <a class=\"link-2\" href=\"https:\/\/elementus.lv\/wp-content\/uploads\/2024\/12\/Br_PlasmaQuant_9100_series_en.pdf\">\r\n                        <span><\/span>\r\n                    <\/a>\r\n                            <\/div>\r\n        <\/div>\r\n        <h3 class=\"item-title\">\r\n                            Merkur ALPHA                    <\/h3>\r\n    <\/div>\r\n<\/div>\t\t\t\t<\/div>\n\t\t\t\t<\/div>\n\t\t            <\/div>\r\n        <\/div>\r\n        \t\t\t<\/div>\n\t\t<\/section>\n\t\t\t\t<\/div>","protected":false},"excerpt":{"rendered":"<p>Mercur Analyzers Analytik Jena mercur DUO plus is a highly advanced and versatile analytical instrument designed for precise mercury analysis in various sample matrices. This system combines innovative technology with robust design to provide unparalleled performance in detecting mercury concentrations at ultra-trace levels, ensuring compliance with global environmental, pharmaceutical, and industrial standards. Key Features: Dual [&hellip;]<\/p>\n","protected":false},"author":1,"featured_media":0,"parent":0,"menu_order":0,"comment_status":"closed","ping_status":"closed","template":"","meta":{"footnotes":""},"class_list":["post-13602","page","type-page","status-publish","hentry"],"_links":{"self":[{"href":"https:\/\/elementus.lv\/de\/wp-json\/wp\/v2\/pages\/13602","targetHints":{"allow":["GET"]}}],"collection":[{"href":"https:\/\/elementus.lv\/de\/wp-json\/wp\/v2\/pages"}],"about":[{"href":"https:\/\/elementus.lv\/de\/wp-json\/wp\/v2\/types\/page"}],"author":[{"embeddable":true,"href":"https:\/\/elementus.lv\/de\/wp-json\/wp\/v2\/users\/1"}],"replies":[{"embeddable":true,"href":"https:\/\/elementus.lv\/de\/wp-json\/wp\/v2\/comments?post=13602"}],"version-history":[{"count":43,"href":"https:\/\/elementus.lv\/de\/wp-json\/wp\/v2\/pages\/13602\/revisions"}],"predecessor-version":[{"id":16160,"href":"https:\/\/elementus.lv\/de\/wp-json\/wp\/v2\/pages\/13602\/revisions\/16160"}],"wp:attachment":[{"href":"https:\/\/elementus.lv\/de\/wp-json\/wp\/v2\/media?parent=13602"}],"curies":[{"name":"wp","href":"https:\/\/api.w.org\/{rel}","templated":true}]}}