{"id":13614,"date":"2024-12-20T00:02:40","date_gmt":"2024-12-20T00:02:40","guid":{"rendered":"https:\/\/elementus.lv\/?page_id=13614"},"modified":"2026-04-22T09:54:16","modified_gmt":"2026-04-22T09:54:16","slug":"toc","status":"publish","type":"page","link":"https:\/\/elementus.lv\/de\/toc\/","title":{"rendered":"TOC"},"content":{"rendered":"<div data-elementor-type=\"wp-page\" data-elementor-id=\"13614\" class=\"elementor elementor-13614\" data-elementor-post-type=\"page\">\n\t\t\t\t        <section class=\"elementor-section elementor-top-section elementor-element elementor-element-56ffe86 elementor-section-boxed elementor-section-height-default elementor-section-height-default pxl-type-header-none pxl-row-scroll-none\" data-id=\"56ffe86\" data-element_type=\"section\" data-e-type=\"section\" data-settings=\"{&quot;background_background&quot;:&quot;classic&quot;}\">\n\n                            <div class=\"elementor-background-overlay\"><\/div>\n            \n                <div class=\"elementor-container elementor-column-gap-default\">\n                <div class=\"elementor-column elementor-col-100 elementor-top-column elementor-element elementor-element-2c3b622 pxl-column-element-default pxl-column-none\" data-id=\"2c3b622\" data-element_type=\"column\" data-e-type=\"column\">\r\n        <div class=\"elementor-widget-wrap elementor-element-populated\">\r\n                     \r\n        \t\t<div class=\"elementor-element elementor-element-eed4772 elementor-widget elementor-widget-pxl_heading\" data-id=\"eed4772\" data-element_type=\"widget\" data-e-type=\"widget\" data-widget_type=\"pxl_heading.default\">\n\t\t\t\t<div class=\"elementor-widget-container\">\n\t\t\t\t\t<div class=\"pxl-heading\">\n\t<div class=\"pxl-heading--inner\">\n\t\t\t\t<h3 class=\"pxl-item--title\" data-wow-delay=\"ms\">\n\t\t\tTOC\t\t\n\t\t<\/h3>\n\t\t\t<\/div>\n<\/div>\t\t\t\t<\/div>\n\t\t\t\t<\/div>\n\t\t            <\/div>\r\n        <\/div>\r\n        \t\t\t<\/div>\n\t\t<\/section>\n\t\t        <section class=\"elementor-section elementor-top-section elementor-element elementor-element-cc091bc elementor-section-boxed elementor-section-height-default elementor-section-height-default pxl-type-header-none pxl-row-scroll-none\" data-id=\"cc091bc\" data-element_type=\"section\" data-e-type=\"section\">\n\n                \n                <div class=\"elementor-container elementor-column-gap-default\">\n                <div class=\"elementor-column elementor-col-50 elementor-top-column elementor-element elementor-element-0e44193 pxl-column-element-default pxl-column-none\" data-id=\"0e44193\" data-element_type=\"column\" data-e-type=\"column\">\r\n        <div class=\"elementor-widget-wrap elementor-element-populated\">\r\n                     \r\n        \t\t<div class=\"elementor-element elementor-element-4c1b6be elementor-widget elementor-widget-pxl_text_editor\" data-id=\"4c1b6be\" data-element_type=\"widget\" data-e-type=\"widget\" data-widget_type=\"pxl_text_editor.default\">\n\t\t\t\t<div class=\"elementor-widget-container\">\n\t\t\t\t\t<div class=\"pxl-text-editor\">\n\t<div class=\"pxl-item--inner\" data-wow-delay=\"ms\">\n\t\t<h5>Die neue multi N\/C x300 Serie setzt neue Ma\u00dfst\u00e4be in Sachen Effizienz, Matrixtoleranz und Benutzerfreundlichkeit der TOC\/TNb-Analyse. Cleveres Design, ausgereifte Technologien, eine moderne Softwareoberfl\u00e4che und vielf\u00e4ltige Automatisierungsoptionen sorgen f\u00fcr reibungslose Arbeitsabl\u00e4ufe, pr\u00e4zise Ergebnisse und niedrige Gesamtbetriebskosten. Ob stark partikelhaltige Abwasserproben oder Reinstwasser, ob hoher Durchsatz oder Spezialanwendungen, ob feste oder fl\u00fcssige Proben - in unserer Produktpalette finden Sie das passende Ger\u00e4t. Durch den modularen Aufbau kann Ihr Ger\u00e4t speziell f\u00fcr Ihre Anforderungen konfiguriert werden.<\/h5>\t<\/div>\n<\/div>\t\t\t\t<\/div>\n\t\t\t\t<\/div>\n\t\t            <\/div>\r\n        <\/div>\r\n                <div class=\"elementor-column elementor-col-50 elementor-top-column elementor-element elementor-element-1dce5b9 pxl-column-element-default pxl-column-none\" data-id=\"1dce5b9\" data-element_type=\"column\" data-e-type=\"column\">\r\n        <div class=\"elementor-widget-wrap elementor-element-populated\">\r\n                     \r\n        \t\t<div class=\"elementor-element elementor-element-9f85794 elementor-widget__width-initial elementor-widget elementor-widget-pxl_image\" data-id=\"9f85794\" data-element_type=\"widget\" data-e-type=\"widget\" data-widget_type=\"pxl_image.default\">\n\t\t\t\t<div class=\"elementor-widget-container\">\n\t\t\t\t\t<div class=\"pxl-image-single\" data-wow-delay=\"ms\">\r\n                                        <div class=\"pxl-item--inner\">\r\n                    <a href=\"https:\/\/www.analytik-jena.com\/\" target=\"_blank\" rel=\"noopener\">                        <img fetchpriority=\"high\" decoding=\"async\" width=\"520\" height=\"97\" src=\"https:\/\/elementus.lv\/wp-content\/uploads\/2025\/01\/logo-1.png\" class=\"no-lazyload attachment-full\" alt=\"\" srcset=\"https:\/\/elementus.lv\/wp-content\/uploads\/2025\/01\/logo-1.png 520w, https:\/\/elementus.lv\/wp-content\/uploads\/2025\/01\/logo-1-300x56.png 300w\" sizes=\"(max-width: 520px) 100vw, 520px\" \/>                    <\/a>                <\/div>\r\n                        <\/div>\t\t\t\t<\/div>\n\t\t\t\t<\/div>\n\t\t            <\/div>\r\n        <\/div>\r\n        \t\t\t<\/div>\n\t\t<\/section>\n\t\t        <section class=\"elementor-section elementor-top-section elementor-element elementor-element-c94e919 elementor-section-boxed elementor-section-height-default elementor-section-height-default pxl-type-header-none pxl-row-scroll-none\" data-id=\"c94e919\" data-element_type=\"section\" data-e-type=\"section\">\n\n                \n                <div class=\"elementor-container elementor-column-gap-default\">\n                <div class=\"elementor-column elementor-col-50 elementor-top-column elementor-element elementor-element-4184870 pxl-column-element-default pxl-column-none\" data-id=\"4184870\" data-element_type=\"column\" data-e-type=\"column\">\r\n        <div class=\"elementor-widget-wrap elementor-element-populated\">\r\n                     \r\n        \t\t<div class=\"elementor-element elementor-element-5509f55 elementor-widget elementor-widget-pxl_image\" data-id=\"5509f55\" data-element_type=\"widget\" data-e-type=\"widget\" data-widget_type=\"pxl_image.default\">\n\t\t\t\t<div class=\"elementor-widget-container\">\n\t\t\t\t\t<div class=\"pxl-image-single\" data-wow-delay=\"ms\">\r\n                                        <div class=\"pxl-item--inner\">\r\n                                            <img decoding=\"async\" width=\"2560\" height=\"1440\" src=\"https:\/\/elementus.lv\/wp-content\/uploads\/2024\/12\/IMG_multiNC_Serie_2300_3300_4300UV_01-scaled.jpg\" class=\"no-lazyload attachment-full\" alt=\"\" srcset=\"https:\/\/elementus.lv\/wp-content\/uploads\/2024\/12\/IMG_multiNC_Serie_2300_3300_4300UV_01-scaled.jpg 2560w, https:\/\/elementus.lv\/wp-content\/uploads\/2024\/12\/IMG_multiNC_Serie_2300_3300_4300UV_01-300x169.jpg 300w, https:\/\/elementus.lv\/wp-content\/uploads\/2024\/12\/IMG_multiNC_Serie_2300_3300_4300UV_01-1024x576.jpg 1024w, https:\/\/elementus.lv\/wp-content\/uploads\/2024\/12\/IMG_multiNC_Serie_2300_3300_4300UV_01-768x432.jpg 768w, https:\/\/elementus.lv\/wp-content\/uploads\/2024\/12\/IMG_multiNC_Serie_2300_3300_4300UV_01-1536x864.jpg 1536w, https:\/\/elementus.lv\/wp-content\/uploads\/2024\/12\/IMG_multiNC_Serie_2300_3300_4300UV_01-2048x1152.jpg 2048w, https:\/\/elementus.lv\/wp-content\/uploads\/2024\/12\/IMG_multiNC_Serie_2300_3300_4300UV_01-1170x658.jpg 1170w, https:\/\/elementus.lv\/wp-content\/uploads\/2024\/12\/IMG_multiNC_Serie_2300_3300_4300UV_01-600x338.jpg 600w\" sizes=\"(max-width: 2560px) 100vw, 2560px\" \/>                                    <\/div>\r\n                        <\/div>\t\t\t\t<\/div>\n\t\t\t\t<\/div>\n\t\t            <\/div>\r\n        <\/div>\r\n                <div class=\"elementor-column elementor-col-50 elementor-top-column elementor-element elementor-element-4115be2 pxl-column-element-default pxl-column-none\" data-id=\"4115be2\" data-element_type=\"column\" data-e-type=\"column\">\r\n        <div class=\"elementor-widget-wrap elementor-element-populated\">\r\n                     \r\n        \t\t<div class=\"elementor-element elementor-element-6681962 elementor-widget elementor-widget-pxl_text_editor\" data-id=\"6681962\" data-element_type=\"widget\" data-e-type=\"widget\" data-widget_type=\"pxl_text_editor.default\">\n\t\t\t\t<div class=\"elementor-widget-container\">\n\t\t\t\t\t<div class=\"pxl-text-editor\">\n\t<div class=\"pxl-item--inner\" data-wow-delay=\"ms\">\n\t\t<p><strong>Katalytische Verbrennung bei hoher Temperatur oder UV-Aufschluss?<\/strong><\/p><p>Ger\u00e4te mit katalytischer Hochtemperaturverbrennung bieten eine hervorragende Partikelhandhabung und au\u00dfergew\u00f6hnliche Empfindlichkeit. Unsere UV-Ger\u00e4te erreichen eine beeindruckende Pr\u00e4zision und einen persulfatfreien Aufschluss im Ultraspurenbereich sowie eine schnelle und vollst\u00e4ndige Probenoxidation, selbst bei komplexen Matrices.<\/p><p>Durch jahrzehntelange Erfahrung in der Entwicklung von Analyseger\u00e4ten und die weltweite Betreuung unserer erfolgreichen Kunden sind wir mit den Anforderungen der TOC\/TN<sub>b<\/sub>\u00a0Analyse. Wir finden f\u00fcr Sie das perfekte Analyseger\u00e4t, das die t\u00e4gliche Arbeit in Ihrem Labor erleichtert.<\/p><p><strong>TOC-Analyse \/ TNb-Analyse<\/strong><\/p><p>Die TOC\/TNb-Analyse ist eine Methode zur Messung des gesamten organischen Kohlenstoffs (TOC)<\/p>\t<\/div>\n<\/div>\t\t\t\t<\/div>\n\t\t\t\t<\/div>\n\t\t            <\/div>\r\n        <\/div>\r\n        \t\t\t<\/div>\n\t\t<\/section>\n\t\t        <section class=\"elementor-section elementor-top-section elementor-element elementor-element-d946a81 elementor-section-boxed elementor-section-height-default elementor-section-height-default pxl-type-header-none pxl-row-scroll-none\" data-id=\"d946a81\" data-element_type=\"section\" data-e-type=\"section\">\n\n                \n                <div class=\"elementor-container elementor-column-gap-default\">\n                <div class=\"elementor-column elementor-col-100 elementor-top-column elementor-element elementor-element-7b3b11d pxl-column-element-default pxl-column-none\" data-id=\"7b3b11d\" data-element_type=\"column\" data-e-type=\"column\">\r\n        <div class=\"elementor-widget-wrap elementor-element-populated\">\r\n                     \r\n        \t\t<div class=\"elementor-element elementor-element-273c3c0 elementor-widget elementor-widget-pxl_text_editor\" data-id=\"273c3c0\" data-element_type=\"widget\" data-e-type=\"widget\" data-widget_type=\"pxl_text_editor.default\">\n\t\t\t\t<div class=\"elementor-widget-container\">\n\t\t\t\t\t<div class=\"pxl-text-editor\">\n\t<div class=\"pxl-item--inner\" data-wow-delay=\"ms\">\n\t\t<p>und den gesamten gebundenen Stickstoff (TNb) in einer Probe. Diese Methode eignet sich sowohl f\u00fcr die Analyse von fl\u00fcssigen als auch von festen Materialien. Sie wird haupts\u00e4chlich in der Umweltanalytik zur Beurteilung der Wasser- oder Bodenqualit\u00e4t, in der pharmazeutischen Industrie zur Beurteilung der Reinstwasserqualit\u00e4t (oder zur Reinigungsvalidierung) und in verschiedenen anderen Industriezweigen von der Energieerzeugung \u00fcber die chemische Industrie bis hin zum \u00d6l- und Gassektor eingesetzt.<\/p><p><strong>Katalytische Verbrennung bei hoher Temperatur oder UV-Aufschluss?<\/strong><\/p><p>Ger\u00e4te mit katalytischer Hochtemperaturverbrennung bieten eine hervorragende Partikelhandhabung und au\u00dfergew\u00f6hnliche Empfindlichkeit. Unsere UV-Ger\u00e4te erreichen eine beeindruckende Pr\u00e4zision und einen persulfatfreien Aufschluss im Ultraspurenbereich sowie eine schnelle und vollst\u00e4ndige Probenoxidation, selbst bei komplexen Matrices.<\/p><p>Durch jahrzehntelange Erfahrung in der Entwicklung von Analyseger\u00e4ten und die weltweite Betreuung unserer erfolgreichen Kunden sind wir mit den Anforderungen der TOC\/TN<sub>b<\/sub>\u00a0Analyse. Wir finden f\u00fcr Sie das perfekte Analyseger\u00e4t, das die t\u00e4gliche Arbeit in Ihrem Labor erleichtert.<\/p>\t<\/div>\n<\/div>\t\t\t\t<\/div>\n\t\t\t\t<\/div>\n\t\t            <\/div>\r\n        <\/div>\r\n        \t\t\t<\/div>\n\t\t<\/section>\n\t\t        <section class=\"elementor-section elementor-top-section elementor-element elementor-element-7f5856d elementor-section-boxed elementor-section-height-default elementor-section-height-default pxl-type-header-none pxl-row-scroll-none\" data-id=\"7f5856d\" data-element_type=\"section\" data-e-type=\"section\">\n\n                \n                <div class=\"elementor-container elementor-column-gap-default\">\n                <div class=\"elementor-column elementor-col-33 elementor-top-column elementor-element elementor-element-7b5f1e2 pxl-column-element-default pxl-column-none\" data-id=\"7b5f1e2\" data-element_type=\"column\" data-e-type=\"column\">\r\n        <div class=\"elementor-widget-wrap elementor-element-populated\">\r\n                     \r\n        \t\t<div class=\"elementor-element elementor-element-828db33 elementor-widget__width-initial elementor-widget-laptop__width-initial balance-prod-cards elementor-widget elementor-widget-pxl_showcase\" data-id=\"828db33\" data-element_type=\"widget\" data-e-type=\"widget\" data-widget_type=\"pxl_showcase.default\">\n\t\t\t\t<div class=\"elementor-widget-container\">\n\t\t\t\t\t<div class=\"pxl-showcase layout1\" data-wow-delay=\"ms\">\r\n    <div class=\"inner-box item-normarl\">\r\n        <div class=\"item-feature\">\r\n            <img decoding=\"async\" width=\"2560\" height=\"1440\" src=\"https:\/\/elementus.lv\/wp-content\/uploads\/2024\/12\/IMG_multiNC_Serie_2300_3300_4300UV_01-scaled.jpg\" class=\"attachment-full\" alt=\"\" srcset=\"https:\/\/elementus.lv\/wp-content\/uploads\/2024\/12\/IMG_multiNC_Serie_2300_3300_4300UV_01-scaled.jpg 2560w, https:\/\/elementus.lv\/wp-content\/uploads\/2024\/12\/IMG_multiNC_Serie_2300_3300_4300UV_01-300x169.jpg 300w, https:\/\/elementus.lv\/wp-content\/uploads\/2024\/12\/IMG_multiNC_Serie_2300_3300_4300UV_01-1024x576.jpg 1024w, https:\/\/elementus.lv\/wp-content\/uploads\/2024\/12\/IMG_multiNC_Serie_2300_3300_4300UV_01-768x432.jpg 768w, https:\/\/elementus.lv\/wp-content\/uploads\/2024\/12\/IMG_multiNC_Serie_2300_3300_4300UV_01-1536x864.jpg 1536w, https:\/\/elementus.lv\/wp-content\/uploads\/2024\/12\/IMG_multiNC_Serie_2300_3300_4300UV_01-2048x1152.jpg 2048w, https:\/\/elementus.lv\/wp-content\/uploads\/2024\/12\/IMG_multiNC_Serie_2300_3300_4300UV_01-1170x658.jpg 1170w, https:\/\/elementus.lv\/wp-content\/uploads\/2024\/12\/IMG_multiNC_Serie_2300_3300_4300UV_01-600x338.jpg 600w\" sizes=\"(max-width: 2560px) 100vw, 2560px\" \/>            <div class=\"pxl-item-links\">\r\n                                    <a class=\"link-1\" href=\"https:\/\/elementus.lv\/wp-content\/uploads\/2026\/04\/Multi-X-2500.pdf\" target=\"_blank\">\r\n                        <span>Multi X2500 Katalog<\/span>\r\n                    <\/a>\r\n                                                    <a class=\"link-2\" href=\"https:\/\/elementus.lv\/wp-content\/uploads\/2026\/04\/Multi-X-2500.pdf\">\r\n                        <span><\/span>\r\n                    <\/a>\r\n                            <\/div>\r\n        <\/div>\r\n        <h3 class=\"item-title\">\r\n            <a href=\"https:\/\/elementus.lv\/wp-content\/uploads\/2026\/04\/Multi-X-2500.pdf\" target=\"_blank\">                Multi X2500            <\/a>                    <\/h3>\r\n    <\/div>\r\n<\/div>\t\t\t\t<\/div>\n\t\t\t\t<\/div>\n\t\t\t\t<div class=\"elementor-element elementor-element-a329331 elementor-align-center elementor-widget elementor-widget-button\" data-id=\"a329331\" data-element_type=\"widget\" data-e-type=\"widget\" data-widget_type=\"button.default\">\n\t\t\t\t<div class=\"elementor-widget-container\">\n\t\t\t\t\t\t\t\t\t<div class=\"elementor-button-wrapper\">\n\t\t\t\t\t<a class=\"elementor-button elementor-button-link elementor-size-sm\" href=\"https:\/\/elementus.lv\/wp-content\/uploads\/2024\/12\/Huber_Katalog_2024-2025_EN.pdf?dl=1\" target=\"_blank\" download=\"Huber_Katalog_2024-2025_EN.pdf\">\n\t\t\t\t\t\t<span class=\"elementor-button-content-wrapper\">\n\t\t\t\t\t\t\t\t\t<span class=\"elementor-button-text\">Katalog herunterladen<\/span>\n\t\t\t\t\t<\/span>\n\t\t\t\t\t<\/a>\n\t\t\t\t<\/div>\n\t\t\t\t\t\t\t\t<\/div>\n\t\t\t\t<\/div>\n\t\t            <\/div>\r\n        <\/div>\r\n                <div class=\"elementor-column elementor-col-33 elementor-top-column elementor-element elementor-element-6cc326d pxl-column-element-default pxl-column-none\" data-id=\"6cc326d\" data-element_type=\"column\" data-e-type=\"column\">\r\n        <div class=\"elementor-widget-wrap elementor-element-populated\">\r\n                     \r\n        \t\t<div class=\"elementor-element elementor-element-6f8cb3c elementor-widget__width-initial elementor-widget-laptop__width-initial balance-prod-cards elementor-widget elementor-widget-pxl_showcase\" data-id=\"6f8cb3c\" data-element_type=\"widget\" data-e-type=\"widget\" data-widget_type=\"pxl_showcase.default\">\n\t\t\t\t<div class=\"elementor-widget-container\">\n\t\t\t\t\t<div class=\"pxl-showcase layout1\" data-wow-delay=\"ms\">\r\n    <div class=\"inner-box item-normarl\">\r\n        <div class=\"item-feature\">\r\n            <img loading=\"lazy\" decoding=\"async\" width=\"2560\" height=\"1440\" src=\"https:\/\/elementus.lv\/wp-content\/uploads\/2024\/12\/IMG_multiNC4300UV_AS21hp_01_Front-scaled.jpg\" class=\"attachment-full\" alt=\"\" srcset=\"https:\/\/elementus.lv\/wp-content\/uploads\/2024\/12\/IMG_multiNC4300UV_AS21hp_01_Front-scaled.jpg 2560w, https:\/\/elementus.lv\/wp-content\/uploads\/2024\/12\/IMG_multiNC4300UV_AS21hp_01_Front-300x169.jpg 300w, https:\/\/elementus.lv\/wp-content\/uploads\/2024\/12\/IMG_multiNC4300UV_AS21hp_01_Front-1024x576.jpg 1024w, https:\/\/elementus.lv\/wp-content\/uploads\/2024\/12\/IMG_multiNC4300UV_AS21hp_01_Front-768x432.jpg 768w, https:\/\/elementus.lv\/wp-content\/uploads\/2024\/12\/IMG_multiNC4300UV_AS21hp_01_Front-1536x864.jpg 1536w, https:\/\/elementus.lv\/wp-content\/uploads\/2024\/12\/IMG_multiNC4300UV_AS21hp_01_Front-2048x1152.jpg 2048w, https:\/\/elementus.lv\/wp-content\/uploads\/2024\/12\/IMG_multiNC4300UV_AS21hp_01_Front-1170x658.jpg 1170w, https:\/\/elementus.lv\/wp-content\/uploads\/2024\/12\/IMG_multiNC4300UV_AS21hp_01_Front-600x338.jpg 600w\" sizes=\"(max-width: 2560px) 100vw, 2560px\" \/>            <div class=\"pxl-item-links\">\r\n                                    <a class=\"link-1\" href=\"https:\/\/elementus.lv\/wp-content\/uploads\/2026\/04\/multi-NC-x300.pdf\" target=\"_blank\">\r\n                        <span>Multi NC x300 Catalog<\/span>\r\n                    <\/a>\r\n                                                    <a class=\"link-2\" href=\"https:\/\/elementus.lv\/wp-content\/uploads\/2026\/04\/multi-NC-x300.pdf\">\r\n                        <span><\/span>\r\n                    <\/a>\r\n                            <\/div>\r\n        <\/div>\r\n        <h3 class=\"item-title\">\r\n            <a href=\"https:\/\/elementus.lv\/wp-content\/uploads\/2026\/04\/multi-NC-x300.pdf\" target=\"_blank\">                Multi NC x300            <\/a>                    <\/h3>\r\n    <\/div>\r\n<\/div>\t\t\t\t<\/div>\n\t\t\t\t<\/div>\n\t\t\t\t<div class=\"elementor-element elementor-element-23c77fd elementor-align-center elementor-widget elementor-widget-button\" data-id=\"23c77fd\" data-element_type=\"widget\" data-e-type=\"widget\" data-widget_type=\"button.default\">\n\t\t\t\t<div class=\"elementor-widget-container\">\n\t\t\t\t\t\t\t\t\t<div class=\"elementor-button-wrapper\">\n\t\t\t\t\t<a class=\"elementor-button elementor-button-link elementor-size-sm\" href=\"https:\/\/elementus.lv\/wp-content\/uploads\/2024\/12\/Huber_Katalog_2024-2025_EN.pdf?dl=1\" target=\"_blank\" download=\"Huber_Katalog_2024-2025_EN.pdf\">\n\t\t\t\t\t\t<span class=\"elementor-button-content-wrapper\">\n\t\t\t\t\t\t\t\t\t<span class=\"elementor-button-text\">Katalog herunterladen<\/span>\n\t\t\t\t\t<\/span>\n\t\t\t\t\t<\/a>\n\t\t\t\t<\/div>\n\t\t\t\t\t\t\t\t<\/div>\n\t\t\t\t<\/div>\n\t\t            <\/div>\r\n        <\/div>\r\n                <div class=\"elementor-column elementor-col-33 elementor-top-column elementor-element elementor-element-8fcdd08 pxl-column-element-default pxl-column-none\" data-id=\"8fcdd08\" data-element_type=\"column\" data-e-type=\"column\">\r\n        <div class=\"elementor-widget-wrap elementor-element-populated\">\r\n                     \r\n        \t\t<div class=\"elementor-element elementor-element-66626fb elementor-widget__width-initial elementor-widget-laptop__width-initial balance-prod-cards elementor-widget elementor-widget-pxl_showcase\" data-id=\"66626fb\" data-element_type=\"widget\" data-e-type=\"widget\" data-widget_type=\"pxl_showcase.default\">\n\t\t\t\t<div class=\"elementor-widget-container\">\n\t\t\t\t\t<div class=\"pxl-showcase layout1\" data-wow-delay=\"ms\">\r\n    <div class=\"inner-box item-normarl\">\r\n        <div class=\"item-feature\">\r\n            <img loading=\"lazy\" decoding=\"async\" width=\"2560\" height=\"1440\" src=\"https:\/\/elementus.lv\/wp-content\/uploads\/2024\/12\/IMG_multiNC_Serie_2300_3300_4300UV_01-1-scaled.jpg\" class=\"attachment-full\" alt=\"\" srcset=\"https:\/\/elementus.lv\/wp-content\/uploads\/2024\/12\/IMG_multiNC_Serie_2300_3300_4300UV_01-1-scaled.jpg 2560w, https:\/\/elementus.lv\/wp-content\/uploads\/2024\/12\/IMG_multiNC_Serie_2300_3300_4300UV_01-1-300x169.jpg 300w, https:\/\/elementus.lv\/wp-content\/uploads\/2024\/12\/IMG_multiNC_Serie_2300_3300_4300UV_01-1-1024x576.jpg 1024w, https:\/\/elementus.lv\/wp-content\/uploads\/2024\/12\/IMG_multiNC_Serie_2300_3300_4300UV_01-1-768x432.jpg 768w, https:\/\/elementus.lv\/wp-content\/uploads\/2024\/12\/IMG_multiNC_Serie_2300_3300_4300UV_01-1-1536x864.jpg 1536w, https:\/\/elementus.lv\/wp-content\/uploads\/2024\/12\/IMG_multiNC_Serie_2300_3300_4300UV_01-1-2048x1152.jpg 2048w, https:\/\/elementus.lv\/wp-content\/uploads\/2024\/12\/IMG_multiNC_Serie_2300_3300_4300UV_01-1-1170x658.jpg 1170w, https:\/\/elementus.lv\/wp-content\/uploads\/2024\/12\/IMG_multiNC_Serie_2300_3300_4300UV_01-1-600x338.jpg 600w\" sizes=\"(max-width: 2560px) 100vw, 2560px\" \/>            <div class=\"pxl-item-links\">\r\n                                    <a class=\"link-1\" href=\"https:\/\/elementus.lv\/wp-content\/uploads\/2026\/04\/multiNC.pdf\" target=\"_blank\">\r\n                        <span>Multi NC Catalog<\/span>\r\n                    <\/a>\r\n                                                    <a class=\"link-2\" href=\"https:\/\/elementus.lv\/wp-content\/uploads\/2026\/04\/multiNC.pdf\">\r\n                        <span><\/span>\r\n                    <\/a>\r\n                            <\/div>\r\n        <\/div>\r\n        <h3 class=\"item-title\">\r\n            <a href=\"https:\/\/elementus.lv\/wp-content\/uploads\/2026\/04\/multiNC.pdf\" target=\"_blank\">                Multi NC            <\/a>                    <\/h3>\r\n    <\/div>\r\n<\/div>\t\t\t\t<\/div>\n\t\t\t\t<\/div>\n\t\t\t\t<div class=\"elementor-element elementor-element-392eebc elementor-align-center elementor-widget elementor-widget-button\" data-id=\"392eebc\" data-element_type=\"widget\" data-e-type=\"widget\" data-widget_type=\"button.default\">\n\t\t\t\t<div class=\"elementor-widget-container\">\n\t\t\t\t\t\t\t\t\t<div class=\"elementor-button-wrapper\">\n\t\t\t\t\t<a class=\"elementor-button elementor-button-link elementor-size-sm\" href=\"https:\/\/elementus.lv\/wp-content\/uploads\/2024\/12\/Huber_Katalog_2024-2025_EN.pdf?dl=1\" target=\"_blank\" download=\"Huber_Katalog_2024-2025_EN.pdf\">\n\t\t\t\t\t\t<span class=\"elementor-button-content-wrapper\">\n\t\t\t\t\t\t\t\t\t<span class=\"elementor-button-text\">Katalog herunterladen<\/span>\n\t\t\t\t\t<\/span>\n\t\t\t\t\t<\/a>\n\t\t\t\t<\/div>\n\t\t\t\t\t\t\t\t<\/div>\n\t\t\t\t<\/div>\n\t\t            <\/div>\r\n        <\/div>\r\n        \t\t\t<\/div>\n\t\t<\/section>\n\t\t\t\t<\/div>","protected":false},"excerpt":{"rendered":"<p>TOC The new multi N\/C x300 series sets new standards in efficiency, matrix tolerance and the user friendliness of TOC\/TNb\u00a0analysis. Clever design, sophisticated technologies, a modern software interface and diverse automation options ensure smooth workflows, precise results and low overall operating costs. Whether wastewater samples with high levels of particles or ultrapure water, high throughput [&hellip;]<\/p>\n","protected":false},"author":1,"featured_media":0,"parent":0,"menu_order":0,"comment_status":"closed","ping_status":"closed","template":"","meta":{"footnotes":""},"class_list":["post-13614","page","type-page","status-publish","hentry"],"_links":{"self":[{"href":"https:\/\/elementus.lv\/de\/wp-json\/wp\/v2\/pages\/13614","targetHints":{"allow":["GET"]}}],"collection":[{"href":"https:\/\/elementus.lv\/de\/wp-json\/wp\/v2\/pages"}],"about":[{"href":"https:\/\/elementus.lv\/de\/wp-json\/wp\/v2\/types\/page"}],"author":[{"embeddable":true,"href":"https:\/\/elementus.lv\/de\/wp-json\/wp\/v2\/users\/1"}],"replies":[{"embeddable":true,"href":"https:\/\/elementus.lv\/de\/wp-json\/wp\/v2\/comments?post=13614"}],"version-history":[{"count":55,"href":"https:\/\/elementus.lv\/de\/wp-json\/wp\/v2\/pages\/13614\/revisions"}],"predecessor-version":[{"id":17205,"href":"https:\/\/elementus.lv\/de\/wp-json\/wp\/v2\/pages\/13614\/revisions\/17205"}],"wp:attachment":[{"href":"https:\/\/elementus.lv\/de\/wp-json\/wp\/v2\/media?parent=13614"}],"curies":[{"name":"wp","href":"https:\/\/api.w.org\/{rel}","templated":true}]}}