{"id":13648,"date":"2024-12-20T11:54:13","date_gmt":"2024-12-20T11:54:13","guid":{"rendered":"https:\/\/elementus.lv\/?page_id=13648"},"modified":"2025-01-21T18:39:52","modified_gmt":"2025-01-21T18:39:52","slug":"uv-vis","status":"publish","type":"page","link":"https:\/\/elementus.lv\/de\/uv-vis\/","title":{"rendered":"UV-VIS"},"content":{"rendered":"<div data-elementor-type=\"wp-page\" data-elementor-id=\"13648\" class=\"elementor elementor-13648\" data-elementor-post-type=\"page\">\n\t\t\t\t        <section class=\"elementor-section elementor-top-section elementor-element elementor-element-31640cd elementor-section-boxed elementor-section-height-default elementor-section-height-default pxl-type-header-none pxl-row-scroll-none\" data-id=\"31640cd\" data-element_type=\"section\" data-e-type=\"section\" data-settings=\"{&quot;background_background&quot;:&quot;classic&quot;}\">\n\n                            <div class=\"elementor-background-overlay\"><\/div>\n            \n                <div class=\"elementor-container elementor-column-gap-default\">\n                <div class=\"elementor-column elementor-col-100 elementor-top-column elementor-element elementor-element-6f2759a pxl-column-element-default pxl-column-none\" data-id=\"6f2759a\" data-element_type=\"column\" data-e-type=\"column\">\r\n        <div class=\"elementor-widget-wrap elementor-element-populated\">\r\n                     \r\n        \t\t<div class=\"elementor-element elementor-element-9fee298 elementor-widget elementor-widget-pxl_heading\" data-id=\"9fee298\" data-element_type=\"widget\" data-e-type=\"widget\" data-widget_type=\"pxl_heading.default\">\n\t\t\t\t<div class=\"elementor-widget-container\">\n\t\t\t\t\t<div class=\"pxl-heading\">\n\t<div class=\"pxl-heading--inner\">\n\t\t\t\t<h3 class=\"pxl-item--title\" data-wow-delay=\"ms\">\n\t\t\tUV-VIS\t\t\n\t\t<\/h3>\n\t\t\t<\/div>\n<\/div>\t\t\t\t<\/div>\n\t\t\t\t<\/div>\n\t\t            <\/div>\r\n        <\/div>\r\n        \t\t\t<\/div>\n\t\t<\/section>\n\t\t        <section class=\"elementor-section elementor-top-section elementor-element elementor-element-feb2272 elementor-section-boxed elementor-section-height-default elementor-section-height-default pxl-type-header-none pxl-row-scroll-none\" data-id=\"feb2272\" data-element_type=\"section\" data-e-type=\"section\">\n\n                \n                <div class=\"elementor-container elementor-column-gap-default\">\n                <div class=\"elementor-column elementor-col-50 elementor-top-column elementor-element elementor-element-35f2f26 pxl-column-element-default pxl-column-none\" data-id=\"35f2f26\" data-element_type=\"column\" data-e-type=\"column\">\r\n        <div class=\"elementor-widget-wrap elementor-element-populated\">\r\n                     \r\n        \t\t<div class=\"elementor-element elementor-element-0f3d5b8 elementor-widget elementor-widget-pxl_text_editor\" data-id=\"0f3d5b8\" data-element_type=\"widget\" data-e-type=\"widget\" data-widget_type=\"pxl_text_editor.default\">\n\t\t\t\t<div class=\"elementor-widget-container\">\n\t\t\t\t\t<div class=\"pxl-text-editor\">\n\t<div class=\"pxl-item--inner\" data-wow-delay=\"ms\">\n\t\t<h5 style=\"text-align: justify\">Die SPECORD PLUS Serie umfasst UV\/Vis-Ger\u00e4te von herausragender Pr\u00e4zision und Zuverl\u00e4ssigkeit, intuitiver Bedienung mit einer benutzerfreundlichen und leistungsf\u00e4higen Software und einem sehr umfangreichen Zubeh\u00f6rprogramm. Ob Routineanalytik oder komplexe Anwendungen, sowohl UV\/Vis-Einsteiger als auch -Experten k\u00f6nnen problemlos konsistente und reproduzierbare Messergebnisse von h\u00f6chster Qualit\u00e4t erzielen. Die SPECORD PLUS Serie bietet die Flexibilit\u00e4t und Benutzerfreundlichkeit, um aktuellen und zuk\u00fcnftigen analytischen Herausforderungen gerecht zu werden.<\/h5>\t<\/div>\n<\/div>\t\t\t\t<\/div>\n\t\t\t\t<\/div>\n\t\t            <\/div>\r\n        <\/div>\r\n                <div class=\"elementor-column elementor-col-50 elementor-top-column elementor-element elementor-element-02ce0db pxl-column-element-default pxl-column-none\" data-id=\"02ce0db\" data-element_type=\"column\" data-e-type=\"column\">\r\n        <div class=\"elementor-widget-wrap elementor-element-populated\">\r\n                     \r\n        \t\t<div class=\"elementor-element elementor-element-631757b elementor-widget elementor-widget-pxl_image\" data-id=\"631757b\" data-element_type=\"widget\" data-e-type=\"widget\" data-widget_type=\"pxl_image.default\">\n\t\t\t\t<div class=\"elementor-widget-container\">\n\t\t\t\t\t<div class=\"pxl-image-single\" data-wow-delay=\"ms\">\r\n                                        <div class=\"pxl-item--inner\">\r\n                    <a href=\"https:\/\/www.analytik-jena.com\/\" target=\"_blank\" rel=\"noopener\">                        <img fetchpriority=\"high\" decoding=\"async\" width=\"520\" height=\"97\" src=\"https:\/\/elementus.lv\/wp-content\/uploads\/2025\/01\/logo-1.png\" class=\"no-lazyload attachment-full\" alt=\"\" srcset=\"https:\/\/elementus.lv\/wp-content\/uploads\/2025\/01\/logo-1.png 520w, https:\/\/elementus.lv\/wp-content\/uploads\/2025\/01\/logo-1-300x56.png 300w\" sizes=\"(max-width: 520px) 100vw, 520px\" \/>                    <\/a>                <\/div>\r\n                        <\/div>\t\t\t\t<\/div>\n\t\t\t\t<\/div>\n\t\t            <\/div>\r\n        <\/div>\r\n        \t\t\t<\/div>\n\t\t<\/section>\n\t\t        <section class=\"elementor-section elementor-top-section elementor-element elementor-element-9d0e034 elementor-section-boxed elementor-section-height-default elementor-section-height-default pxl-type-header-none pxl-row-scroll-none\" data-id=\"9d0e034\" data-element_type=\"section\" data-e-type=\"section\">\n\n                \n                <div class=\"elementor-container elementor-column-gap-default\">\n                <div class=\"elementor-column elementor-col-50 elementor-top-column elementor-element elementor-element-3e04f35 pxl-column-element-default pxl-column-none\" data-id=\"3e04f35\" data-element_type=\"column\" data-e-type=\"column\">\r\n        <div class=\"elementor-widget-wrap elementor-element-populated\">\r\n                     \r\n        \t\t<div class=\"elementor-element elementor-element-4358094 elementor-widget elementor-widget-pxl_image\" data-id=\"4358094\" data-element_type=\"widget\" data-e-type=\"widget\" data-widget_type=\"pxl_image.default\">\n\t\t\t\t<div class=\"elementor-widget-container\">\n\t\t\t\t\t<div class=\"pxl-image-single\" data-wow-delay=\"ms\">\r\n                                        <div class=\"pxl-item--inner\">\r\n                                            <img decoding=\"async\" width=\"2560\" height=\"1708\" src=\"https:\/\/elementus.lv\/wp-content\/uploads\/2024\/12\/IMG_SPECORD_PLUS_Accessory_cuvette_carousel_002-scaled.jpg\" class=\"no-lazyload attachment-full\" alt=\"\" srcset=\"https:\/\/elementus.lv\/wp-content\/uploads\/2024\/12\/IMG_SPECORD_PLUS_Accessory_cuvette_carousel_002-scaled.jpg 2560w, https:\/\/elementus.lv\/wp-content\/uploads\/2024\/12\/IMG_SPECORD_PLUS_Accessory_cuvette_carousel_002-300x200.jpg 300w, https:\/\/elementus.lv\/wp-content\/uploads\/2024\/12\/IMG_SPECORD_PLUS_Accessory_cuvette_carousel_002-1024x683.jpg 1024w, https:\/\/elementus.lv\/wp-content\/uploads\/2024\/12\/IMG_SPECORD_PLUS_Accessory_cuvette_carousel_002-768x512.jpg 768w, https:\/\/elementus.lv\/wp-content\/uploads\/2024\/12\/IMG_SPECORD_PLUS_Accessory_cuvette_carousel_002-1536x1025.jpg 1536w, https:\/\/elementus.lv\/wp-content\/uploads\/2024\/12\/IMG_SPECORD_PLUS_Accessory_cuvette_carousel_002-2048x1366.jpg 2048w, https:\/\/elementus.lv\/wp-content\/uploads\/2024\/12\/IMG_SPECORD_PLUS_Accessory_cuvette_carousel_002-1064x710.jpg 1064w, https:\/\/elementus.lv\/wp-content\/uploads\/2024\/12\/IMG_SPECORD_PLUS_Accessory_cuvette_carousel_002-600x400.jpg 600w\" sizes=\"(max-width: 2560px) 100vw, 2560px\" \/>                                    <\/div>\r\n                        <\/div>\t\t\t\t<\/div>\n\t\t\t\t<\/div>\n\t\t            <\/div>\r\n        <\/div>\r\n                <div class=\"elementor-column elementor-col-50 elementor-top-column elementor-element elementor-element-c3fa236 pxl-column-element-default pxl-column-none\" data-id=\"c3fa236\" data-element_type=\"column\" data-e-type=\"column\">\r\n        <div class=\"elementor-widget-wrap elementor-element-populated\">\r\n                     \r\n        \t\t<div class=\"elementor-element elementor-element-d9dfccf elementor-widget elementor-widget-pxl_text_editor\" data-id=\"d9dfccf\" data-element_type=\"widget\" data-e-type=\"widget\" data-widget_type=\"pxl_text_editor.default\">\n\t\t\t\t<div class=\"elementor-widget-container\">\n\t\t\t\t\t<div class=\"pxl-text-editor\">\n\t<div class=\"pxl-item--inner\" data-wow-delay=\"ms\">\n\t\t<p><strong>Der Allesk\u00f6nner f\u00fcr die UV\/Vis-Spektroskopie<\/strong><\/p><p>Die Anforderungen an analytische Pr\u00fcfungen werden immer anspruchsvoller und komplexer, die Vorschriften und Normen immer strenger. Die SPECORD PLUS Ger\u00e4tefamilie f\u00fcr die UV\/Vis-Analyse bietet die passende L\u00f6sung. Jahrzehntelange Erfahrung in der Spektroskopie in Kombination mit innovativem und intelligentem Engineering und einer st\u00e4ndig aktualisierten Software nach neuesten gesetzlichen Anforderungen ergeben das SPECORD PLUS Spektralphotometer. Das robuste und funktionsorientierte Design, einschlie\u00dflich einer 10-Jahres-Garantie auf die Optik, garantiert ein zuverl\u00e4ssiges und langlebiges Spektralphotometer f\u00fcr viele Jahre verl\u00e4sslicher Ergebnisse. Die Kombination von Deuterium- und Halogenlampen gew\u00e4hrleistet eine hohe Energieintensit\u00e4t \u00fcber den gesamten Wellenl\u00e4ngenbereich und damit eine hohe Aufl\u00f6sung auch im hohen und niedrigen Wellenl\u00e4ngenbereich. Dies ist besonders wichtig f\u00fcr den erweiterten Wellenl\u00e4ngenbereich von 185 bis 1200 nm, der nicht nur im UV-Bereich, sondern auch im NIR-Bereich \u00fcber den normalen Wellenl\u00e4ngenbereich hinausgeht.<\/p>\t<\/div>\n<\/div>\t\t\t\t<\/div>\n\t\t\t\t<\/div>\n\t\t            <\/div>\r\n        <\/div>\r\n        \t\t\t<\/div>\n\t\t<\/section>\n\t\t        <section class=\"elementor-section elementor-top-section elementor-element elementor-element-c6f0138 elementor-section-boxed elementor-section-height-default elementor-section-height-default pxl-type-header-none pxl-row-scroll-none\" data-id=\"c6f0138\" data-element_type=\"section\" data-e-type=\"section\">\n\n                \n                <div class=\"elementor-container elementor-column-gap-default\">\n                <div class=\"elementor-column elementor-col-100 elementor-top-column elementor-element elementor-element-cbcd52b pxl-column-element-default pxl-column-none\" data-id=\"cbcd52b\" data-element_type=\"column\" data-e-type=\"column\">\r\n        <div class=\"elementor-widget-wrap elementor-element-populated\">\r\n                     \r\n        \t\t<div class=\"elementor-element elementor-element-6db3a5d elementor-widget elementor-widget-pxl_text_editor\" data-id=\"6db3a5d\" data-element_type=\"widget\" data-e-type=\"widget\" data-widget_type=\"pxl_text_editor.default\">\n\t\t\t\t<div class=\"elementor-widget-container\">\n\t\t\t\t\t<div class=\"pxl-text-editor\">\n\t<div class=\"pxl-item--inner\" data-wow-delay=\"ms\">\n\t\t<p>Vielf\u00e4ltige und flexible Anwendungen werden nicht nur durch die hohe Genauigkeit und den erweiterten Wellenl\u00e4ngenbereich, sondern auch durch die gro\u00dfe Anzahl an Zubeh\u00f6r unterst\u00fctzt. In dem gro\u00dfen Probenraum des SPECORD PLUS Spektralphotometers k\u00f6nnen rechteckige und zylindrische K\u00fcvetten mit bis zu 10 cm eingesetzt werden. Zus\u00e4tzlich ist ein Halter f\u00fcr runde K\u00fcvetten mit variablen Durchmessern von 11 bis 16 mm f\u00fcr alle g\u00e4ngigen Hersteller erh\u00e4ltlich. Auch Mikrovolumenmessungen werden durch spezielle Adapter f\u00fcr UVette, Mikro- und Ultramikrok\u00fcvetten und Tray Cell f\u00fcr Volumina bis zu 4 \u00b5L unterst\u00fctzt. Die Mittenh\u00f6he kann f\u00fcr genaue Ergebnisse eingestellt werden. Zus\u00e4tzlich sind verschiedene temperaturgesteuerte K\u00fcvettenhalter und K\u00fcvettenwechsler, auf Wunsch auch mit R\u00fchrer, erh\u00e4ltlich. Ein spezieller Temperatursensor erm\u00f6glicht eine genaue Temperatureinstellung von 0,1 \u00b0C. F\u00fcr die Hochdurchsatzanalyse stehen Autosampler mit bis zu 116 Positionen, Faserkopplung mit Tauchsonden, Sippersysteme und ein K\u00fcvettenkarussell zur Verf\u00fcgung. Es k\u00f6nnen nicht nur fl\u00fcssige und gel\u00f6ste Proben analysiert werden, sondern spezielle Ger\u00e4te erm\u00f6glichen auch die UV\/Vis-spektroskopische Analyse von gasf\u00f6rmigen, festen und pulverf\u00f6rmigen Proben. Diese Anwendungsvielfalt wird durch Zubeh\u00f6r wie den Halter f\u00fcr Absorptionsr\u00f6hrchen, die Integrationskugel und weiteres Zubeh\u00f6r f\u00fcr Scanning, Transmission und Reflexion mit einstellbaren Winkeln und verschiedenen Durchmessern unterst\u00fctzt. Der neu entwickelte Halter f\u00fcr Kontaktlinsen f\u00fcr Transmissionsmessungen ist in verschiedenen Durchmessern erh\u00e4ltlich. Der gro\u00dfe Probenraum erm\u00f6glicht nicht nur den flexiblen Einsatz von zwei Zubeh\u00f6rteilen gleichzeitig, wie z.B. dem 2\u00d78-fach K\u00fcvettenwechsler, sondern auch einen schnellen und bequemen Austausch der einzelnen Zubeh\u00f6rteile. Als besonderes Merkmal f\u00fcr unterbrechungsfreie Messungen gilt nicht nur die lange Lebensdauer der Lampen, sondern zus\u00e4tzlich der werkzeuglose und schnelle Lampenwechsel.<\/p><p>Die Software ASpect UV ist ein leistungsstarkes und flexibles Werkzeug f\u00fcr die Aufnahme und Analyse von UV\/Vis-Daten. Die Software basiert auf Windows und ist daher f\u00fcr den Anwender intuitiv zu bedienen. Die einfache Bedienung wird zus\u00e4tzlich durch zehn vorinstallierte Sprachen unterst\u00fctzt, darunter Englisch, Deutsch, Spanisch, Franz\u00f6sisch und Mandarin. Die individuell anpassbare Quick-Start-Funktion erm\u00f6glicht Anwendern die automatisierte Aufnahme und Auswertung von UV\/Vis-Daten mit nur wenigen Klicks. Die Zusatzmodule f\u00fcr FDA 21 CFR Part 11, Ph. Eur. und USP erm\u00f6glichen pharmakonforme Messungen ohne gro\u00dfen Aufwand. Mehrere Ebenen der Benutzerverwaltung sind vorinstalliert und k\u00f6nnen leicht modifiziert und angepasst werden. Das System mit flexiblen digitalen Signaturen erleichtert zus\u00e4tzlich die Arbeit in streng regulierten Branchen wie der Pharmaindustrie.<\/p><p>Die hervorragende Hardware des SPECORD PLUS Spektralphotometers und das umfangreiche Zubeh\u00f6r in Kombination mit der flexiblen und leistungsstarken Software ASpect UV erm\u00f6glichen flexible Anwendungen in den verschiedensten Branchen.<\/p>\t<\/div>\n<\/div>\t\t\t\t<\/div>\n\t\t\t\t<\/div>\n\t\t            <\/div>\r\n        <\/div>\r\n        \t\t\t<\/div>\n\t\t<\/section>\n\t\t        <section class=\"elementor-section elementor-top-section elementor-element elementor-element-3f83fe6 elementor-section-boxed elementor-section-height-default elementor-section-height-default pxl-type-header-none pxl-row-scroll-none\" data-id=\"3f83fe6\" data-element_type=\"section\" data-e-type=\"section\">\n\n                \n                <div class=\"elementor-container elementor-column-gap-default\">\n                <div class=\"elementor-column elementor-col-50 elementor-top-column elementor-element elementor-element-3278251 pxl-column-element-default pxl-column-none\" data-id=\"3278251\" data-element_type=\"column\" data-e-type=\"column\">\r\n        <div class=\"elementor-widget-wrap elementor-element-populated\">\r\n                     \r\n        \t\t<div class=\"elementor-element elementor-element-76aaacf elementor-widget elementor-widget-pxl_showcase\" data-id=\"76aaacf\" data-element_type=\"widget\" data-e-type=\"widget\" data-widget_type=\"pxl_showcase.default\">\n\t\t\t\t<div class=\"elementor-widget-container\">\n\t\t\t\t\t<div class=\"pxl-showcase layout2\" data-wow-delay=\"ms\">\r\n    <div class=\"inner-box item-normarl\">\r\n        <div class=\"item-feature\">\r\n                        <img decoding=\"async\" width=\"300\" height=\"220\" src=\"https:\/\/elementus.lv\/wp-content\/uploads\/2024\/12\/Specord_50_PLUS_left-300x220.jpg\" class=\"attachment-medium\" alt=\"\" srcset=\"https:\/\/elementus.lv\/wp-content\/uploads\/2024\/12\/Specord_50_PLUS_left-300x220.jpg 300w, https:\/\/elementus.lv\/wp-content\/uploads\/2024\/12\/Specord_50_PLUS_left-1024x752.jpg 1024w, https:\/\/elementus.lv\/wp-content\/uploads\/2024\/12\/Specord_50_PLUS_left-768x564.jpg 768w, https:\/\/elementus.lv\/wp-content\/uploads\/2024\/12\/Specord_50_PLUS_left-1536x1127.jpg 1536w, https:\/\/elementus.lv\/wp-content\/uploads\/2024\/12\/Specord_50_PLUS_left-2048x1503.jpg 2048w, https:\/\/elementus.lv\/wp-content\/uploads\/2024\/12\/Specord_50_PLUS_left-967x710.jpg 967w, https:\/\/elementus.lv\/wp-content\/uploads\/2024\/12\/Specord_50_PLUS_left-600x440.jpg 600w\" sizes=\"(max-width: 300px) 100vw, 300px\" \/>            <div class=\"pxl-item-links\">\r\n                                    <a class=\"link-1\" >\r\n                        <span>Specord 50 PLUS<\/span>\r\n                    <\/a>\r\n                                            <\/div>\r\n        <\/div>\r\n        <h3 class=\"item-title\">\r\n                            Specord 50 PLUS                    <\/h3>\r\n    <\/div>\r\n<\/div>\t\t\t\t<\/div>\n\t\t\t\t<\/div>\n\t\t            <\/div>\r\n        <\/div>\r\n                <div class=\"elementor-column elementor-col-50 elementor-top-column elementor-element elementor-element-d8c1d1e pxl-column-element-default pxl-column-none\" data-id=\"d8c1d1e\" data-element_type=\"column\" data-e-type=\"column\">\r\n        <div class=\"elementor-widget-wrap elementor-element-populated\">\r\n                     \r\n        \t\t<div class=\"elementor-element elementor-element-9af088b elementor-widget__width-initial elementor-widget elementor-widget-pxl_showcase\" data-id=\"9af088b\" data-element_type=\"widget\" data-e-type=\"widget\" data-widget_type=\"pxl_showcase.default\">\n\t\t\t\t<div class=\"elementor-widget-container\">\n\t\t\t\t\t<div class=\"pxl-showcase layout2\" data-wow-delay=\"ms\">\r\n    <div class=\"inner-box item-normarl\">\r\n        <div class=\"item-feature\">\r\n                        <img loading=\"lazy\" decoding=\"async\" width=\"300\" height=\"199\" src=\"https:\/\/elementus.lv\/wp-content\/uploads\/2024\/12\/Specord_250_PLUS_alpha-300x199.png\" class=\"attachment-medium\" alt=\"\" srcset=\"https:\/\/elementus.lv\/wp-content\/uploads\/2024\/12\/Specord_250_PLUS_alpha-300x199.png 300w, https:\/\/elementus.lv\/wp-content\/uploads\/2024\/12\/Specord_250_PLUS_alpha-1024x678.png 1024w, https:\/\/elementus.lv\/wp-content\/uploads\/2024\/12\/Specord_250_PLUS_alpha-768x508.png 768w, https:\/\/elementus.lv\/wp-content\/uploads\/2024\/12\/Specord_250_PLUS_alpha-1536x1017.png 1536w, https:\/\/elementus.lv\/wp-content\/uploads\/2024\/12\/Specord_250_PLUS_alpha-2048x1356.png 2048w, https:\/\/elementus.lv\/wp-content\/uploads\/2024\/12\/Specord_250_PLUS_alpha-1073x710.png 1073w, https:\/\/elementus.lv\/wp-content\/uploads\/2024\/12\/Specord_250_PLUS_alpha-600x397.png 600w\" sizes=\"(max-width: 300px) 100vw, 300px\" \/>            <div class=\"pxl-item-links\">\r\n                                    <a class=\"link-1\" >\r\n                        <span>Specord 250 PLUS<\/span>\r\n                    <\/a>\r\n                                            <\/div>\r\n        <\/div>\r\n        <h3 class=\"item-title\">\r\n                            Specord 250 PLUS                    <\/h3>\r\n    <\/div>\r\n<\/div>\t\t\t\t<\/div>\n\t\t\t\t<\/div>\n\t\t            <\/div>\r\n        <\/div>\r\n        \t\t\t<\/div>\n\t\t<\/section>\n\t\t\t\t<\/div>","protected":false},"excerpt":{"rendered":"<p>UV-VIS The SPECORD PLUS series includes UV\/Vis instruments of outstanding precision and reliability, intuitive operation with a user-friendly and powerful software, and a very broad range of accessories. Whether routine analysis or complex applications, both UV\/Vis novices and experts can easily achieve consistent and reproducible measurement results of highest quality. The SPECORD PLUS series offers [&hellip;]<\/p>\n","protected":false},"author":1,"featured_media":0,"parent":0,"menu_order":0,"comment_status":"closed","ping_status":"closed","template":"","meta":{"footnotes":""},"class_list":["post-13648","page","type-page","status-publish","hentry"],"_links":{"self":[{"href":"https:\/\/elementus.lv\/de\/wp-json\/wp\/v2\/pages\/13648","targetHints":{"allow":["GET"]}}],"collection":[{"href":"https:\/\/elementus.lv\/de\/wp-json\/wp\/v2\/pages"}],"about":[{"href":"https:\/\/elementus.lv\/de\/wp-json\/wp\/v2\/types\/page"}],"author":[{"embeddable":true,"href":"https:\/\/elementus.lv\/de\/wp-json\/wp\/v2\/users\/1"}],"replies":[{"embeddable":true,"href":"https:\/\/elementus.lv\/de\/wp-json\/wp\/v2\/comments?post=13648"}],"version-history":[{"count":25,"href":"https:\/\/elementus.lv\/de\/wp-json\/wp\/v2\/pages\/13648\/revisions"}],"predecessor-version":[{"id":15434,"href":"https:\/\/elementus.lv\/de\/wp-json\/wp\/v2\/pages\/13648\/revisions\/15434"}],"wp:attachment":[{"href":"https:\/\/elementus.lv\/de\/wp-json\/wp\/v2\/media?parent=13648"}],"curies":[{"name":"wp","href":"https:\/\/api.w.org\/{rel}","templated":true}]}}