{"id":13702,"date":"2024-12-22T19:58:03","date_gmt":"2024-12-22T19:58:03","guid":{"rendered":"https:\/\/elementus.lv\/?page_id=13702"},"modified":"2025-03-29T19:22:04","modified_gmt":"2025-03-29T19:22:04","slug":"ovens","status":"publish","type":"page","link":"https:\/\/elementus.lv\/de\/ovens\/","title":{"rendered":"\u00d6fen"},"content":{"rendered":"<div data-elementor-type=\"wp-page\" data-elementor-id=\"13702\" class=\"elementor elementor-13702\" data-elementor-post-type=\"page\">\n\t\t\t\t        <section class=\"elementor-section elementor-top-section elementor-element elementor-element-6adeee0 elementor-section-boxed elementor-section-height-default elementor-section-height-default pxl-type-header-none pxl-row-scroll-none\" data-id=\"6adeee0\" data-element_type=\"section\" data-e-type=\"section\" data-settings=\"{&quot;background_background&quot;:&quot;classic&quot;}\">\n\n                            <div class=\"elementor-background-overlay\"><\/div>\n            \n                <div class=\"elementor-container elementor-column-gap-default\">\n                <div class=\"elementor-column elementor-col-100 elementor-top-column elementor-element elementor-element-3579537 pxl-column-element-default pxl-column-none\" data-id=\"3579537\" data-element_type=\"column\" data-e-type=\"column\">\r\n        <div class=\"elementor-widget-wrap elementor-element-populated\">\r\n                     \r\n        \t\t<div class=\"elementor-element elementor-element-a57bb3f elementor-widget elementor-widget-pxl_heading\" data-id=\"a57bb3f\" data-element_type=\"widget\" data-e-type=\"widget\" data-widget_type=\"pxl_heading.default\">\n\t\t\t\t<div class=\"elementor-widget-container\">\n\t\t\t\t\t<div class=\"pxl-heading\">\n\t<div class=\"pxl-heading--inner\">\n\t\t\t\t<h3 class=\"pxl-item--title\" data-wow-delay=\"ms\">\n\t\t\t\u00d6fen\t\t\n\t\t<\/h3>\n\t\t\t<\/div>\n<\/div>\t\t\t\t<\/div>\n\t\t\t\t<\/div>\n\t\t            <\/div>\r\n        <\/div>\r\n        \t\t\t<\/div>\n\t\t<\/section>\n\t\t        <section class=\"elementor-section elementor-top-section elementor-element elementor-element-a84b820 elementor-section-boxed elementor-section-height-default elementor-section-height-default pxl-type-header-none pxl-row-scroll-none\" data-id=\"a84b820\" data-element_type=\"section\" data-e-type=\"section\">\n\n                \n                <div class=\"elementor-container elementor-column-gap-default\">\n                <div class=\"elementor-column elementor-col-50 elementor-top-column elementor-element elementor-element-266a170 pxl-column-element-default pxl-column-none\" data-id=\"266a170\" data-element_type=\"column\" data-e-type=\"column\">\r\n        <div class=\"elementor-widget-wrap elementor-element-populated\">\r\n                     \r\n        \t\t<div class=\"elementor-element elementor-element-8c83a60 elementor-widget__width-initial elementor-widget elementor-widget-pxl_text_editor\" data-id=\"8c83a60\" data-element_type=\"widget\" data-e-type=\"widget\" data-widget_type=\"pxl_text_editor.default\">\n\t\t\t\t<div class=\"elementor-widget-container\">\n\t\t\t\t\t<div class=\"pxl-text-editor\">\n\t<div class=\"pxl-item--inner\" data-wow-delay=\"ms\">\n\t\t<h3><strong>Labor\u00f6fen: Pr\u00e4zision und Verl\u00e4sslichkeit f\u00fcr Ihre wissenschaftlichen Anforderungen<\/strong><\/h3>\t<\/div>\n<\/div>\t\t\t\t<\/div>\n\t\t\t\t<\/div>\n\t\t            <\/div>\r\n        <\/div>\r\n                <div class=\"elementor-column elementor-col-50 elementor-top-column elementor-element elementor-element-0332b7c pxl-column-element-default pxl-column-none\" data-id=\"0332b7c\" data-element_type=\"column\" data-e-type=\"column\">\r\n        <div class=\"elementor-widget-wrap elementor-element-populated\">\r\n                     \r\n        \t\t<div class=\"elementor-element elementor-element-ca716c3 elementor-widget elementor-widget-pxl_image\" data-id=\"ca716c3\" data-element_type=\"widget\" data-e-type=\"widget\" data-widget_type=\"pxl_image.default\">\n\t\t\t\t<div class=\"elementor-widget-container\">\n\t\t\t\t\t<div class=\"pxl-image-single\" data-wow-delay=\"ms\">\r\n                                        <div class=\"pxl-item--inner\">\r\n                    <a href=\"https:\/\/www.memmert.com\/en\/home\" target=\"_blank\" rel=\"noopener\">                        <img fetchpriority=\"high\" decoding=\"async\" width=\"1175\" height=\"217\" src=\"https:\/\/elementus.lv\/wp-content\/uploads\/2025\/02\/1784_SNOL_logo_RGB.png\" class=\"no-lazyload attachment-full\" alt=\"\" srcset=\"https:\/\/elementus.lv\/wp-content\/uploads\/2025\/02\/1784_SNOL_logo_RGB.png 1175w, https:\/\/elementus.lv\/wp-content\/uploads\/2025\/02\/1784_SNOL_logo_RGB-300x55.png 300w, https:\/\/elementus.lv\/wp-content\/uploads\/2025\/02\/1784_SNOL_logo_RGB-1024x189.png 1024w, https:\/\/elementus.lv\/wp-content\/uploads\/2025\/02\/1784_SNOL_logo_RGB-768x142.png 768w, https:\/\/elementus.lv\/wp-content\/uploads\/2025\/02\/1784_SNOL_logo_RGB-18x3.png 18w, https:\/\/elementus.lv\/wp-content\/uploads\/2025\/02\/1784_SNOL_logo_RGB-1170x216.png 1170w, https:\/\/elementus.lv\/wp-content\/uploads\/2025\/02\/1784_SNOL_logo_RGB-600x111.png 600w\" sizes=\"(max-width: 1175px) 100vw, 1175px\" \/>                    <\/a>                <\/div>\r\n                        <\/div>\t\t\t\t<\/div>\n\t\t\t\t<\/div>\n\t\t            <\/div>\r\n        <\/div>\r\n        \t\t\t<\/div>\n\t\t<\/section>\n\t\t        <section class=\"elementor-section elementor-top-section elementor-element elementor-element-4f3543b elementor-section-boxed elementor-section-height-default elementor-section-height-default pxl-type-header-none pxl-row-scroll-none\" data-id=\"4f3543b\" data-element_type=\"section\" data-e-type=\"section\">\n\n                \n                <div class=\"elementor-container elementor-column-gap-default\">\n                <div class=\"elementor-column elementor-col-50 elementor-top-column elementor-element elementor-element-a59d789 pxl-column-element-default pxl-column-none\" data-id=\"a59d789\" data-element_type=\"column\" data-e-type=\"column\">\r\n        <div class=\"elementor-widget-wrap elementor-element-populated\">\r\n                     \r\n        \t\t<div class=\"elementor-element elementor-element-95481a3 elementor-widget__width-initial elementor-widget elementor-widget-pxl_text_editor\" data-id=\"95481a3\" data-element_type=\"widget\" data-e-type=\"widget\" data-widget_type=\"pxl_text_editor.default\">\n\t\t\t\t<div class=\"elementor-widget-container\">\n\t\t\t\t\t<div class=\"pxl-text-editor\">\n\t<div class=\"pxl-item--inner\" data-wow-delay=\"ms\">\n\t\t<p>SNOL hat sich auf die Herstellung hochwertiger Labor- und Industrie\u00f6fen f\u00fcr verschiedene thermische Anwendungen spezialisiert. Die Produktpalette umfasst<\/p><ul><li><strong>Kammer\u00f6fen<\/strong> - Diese industriellen Elektro\u00f6fen mit induzierter Luftzirkulation gew\u00e4hrleisten eine pr\u00e4zise Temperaturverteilung und werden in Sektoren wie der Elektronik-, Kunststoff- und Metallindustrie f\u00fcr Prozesse bis zu 750\u00b0C eingesetzt.<\/li><li><strong>Keramische Kammer\u00f6fen<\/strong> - Diese \u00d6fen, die zum H\u00e4rten, Gl\u00fchen und Normalisieren gebaut wurden, k\u00f6nnen mit aggressiven Materialien umgehen und bei Temperaturen von bis zu 1300\u00b0C arbeiten.<\/li><li><strong>Muffel- und Veraschungs\u00f6fen<\/strong> - Diese \u00d6fen wurden f\u00fcr Abbrandprozesse entwickelt und arbeiten im Temperaturbereich von 900 bis 1300 \u00b0C. Sie verf\u00fcgen \u00fcber Funktionen wie \u00dcbertemperaturschutz, USB-Datenaufzeichnung und l\u00fcfterunterst\u00fctzte Kamine f\u00fcr den Rauchabzug. Rohr\u00f6fen - Diese \u00d6fen eignen sich f\u00fcr wissenschaftliche Forschung und industrielle Anwendungen und sind ideal f\u00fcr pr\u00e4zise thermische Prozesse bis zu 1250 \u00b0C.<\/li><li><strong>Inkubatoren<\/strong> - SNOL stellt auch Laborinkubatoren mit Optionen wie Edelstahlkammern, programmierbaren Steuerungen und OTP-Schutz her.<\/li><\/ul>\t<\/div>\n<\/div>\t\t\t\t<\/div>\n\t\t\t\t<\/div>\n\t\t\t\t<div class=\"elementor-element elementor-element-a4c2f49 elementor-widget-laptop__width-initial elementor-widget elementor-widget-image\" data-id=\"a4c2f49\" data-element_type=\"widget\" data-e-type=\"widget\" data-widget_type=\"image.default\">\n\t\t\t\t<div class=\"elementor-widget-container\">\n\t\t\t\t\t\t\t\t\t\t\t\t\t\t\t<img decoding=\"async\" width=\"1024\" height=\"768\" src=\"https:\/\/elementus.lv\/wp-content\/uploads\/2025\/03\/SNOL_64-2v-1024x768-1.jpg\" class=\"attachment-large size-large wp-image-16374\" alt=\"\" srcset=\"https:\/\/elementus.lv\/wp-content\/uploads\/2025\/03\/SNOL_64-2v-1024x768-1.jpg 1024w, https:\/\/elementus.lv\/wp-content\/uploads\/2025\/03\/SNOL_64-2v-1024x768-1-300x225.jpg 300w, https:\/\/elementus.lv\/wp-content\/uploads\/2025\/03\/SNOL_64-2v-1024x768-1-768x576.jpg 768w, https:\/\/elementus.lv\/wp-content\/uploads\/2025\/03\/SNOL_64-2v-1024x768-1-16x12.jpg 16w, https:\/\/elementus.lv\/wp-content\/uploads\/2025\/03\/SNOL_64-2v-1024x768-1-947x710.jpg 947w, https:\/\/elementus.lv\/wp-content\/uploads\/2025\/03\/SNOL_64-2v-1024x768-1-600x450.jpg 600w\" sizes=\"(max-width: 1024px) 100vw, 1024px\" \/>\t\t\t\t\t\t\t\t\t\t\t\t\t\t\t<\/div>\n\t\t\t\t<\/div>\n\t\t            <\/div>\r\n        <\/div>\r\n                <div class=\"elementor-column elementor-col-50 elementor-top-column elementor-element elementor-element-7d772f3 pxl-column-element-default pxl-column-none\" data-id=\"7d772f3\" data-element_type=\"column\" data-e-type=\"column\">\r\n        <div class=\"elementor-widget-wrap elementor-element-populated\">\r\n                     \r\n        \t\t<div class=\"elementor-element elementor-element-042b0a2 elementor-widget elementor-widget-image\" data-id=\"042b0a2\" data-element_type=\"widget\" data-e-type=\"widget\" data-widget_type=\"image.default\">\n\t\t\t\t<div class=\"elementor-widget-container\">\n\t\t\t\t\t\t\t\t\t\t\t\t\t\t\t<img decoding=\"async\" width=\"417\" height=\"400\" src=\"https:\/\/elementus.lv\/wp-content\/uploads\/2025\/03\/Memmert-Stainless-Steel-Interior-417x400-1.jpg\" class=\"attachment-large size-large wp-image-16375\" alt=\"\" srcset=\"https:\/\/elementus.lv\/wp-content\/uploads\/2025\/03\/Memmert-Stainless-Steel-Interior-417x400-1.jpg 417w, https:\/\/elementus.lv\/wp-content\/uploads\/2025\/03\/Memmert-Stainless-Steel-Interior-417x400-1-300x288.jpg 300w, https:\/\/elementus.lv\/wp-content\/uploads\/2025\/03\/Memmert-Stainless-Steel-Interior-417x400-1-13x12.jpg 13w\" sizes=\"(max-width: 417px) 100vw, 417px\" \/>\t\t\t\t\t\t\t\t\t\t\t\t\t\t\t<\/div>\n\t\t\t\t<\/div>\n\t\t            <\/div>\r\n        <\/div>\r\n        \t\t\t<\/div>\n\t\t<\/section>\n\t\t        <section class=\"elementor-section elementor-top-section elementor-element elementor-element-39ffc7e elementor-section-boxed elementor-section-height-default elementor-section-height-default pxl-type-header-none pxl-row-scroll-none\" data-id=\"39ffc7e\" data-element_type=\"section\" data-e-type=\"section\">\n\n                \n                <div class=\"elementor-container elementor-column-gap-default\">\n                <div class=\"elementor-column elementor-col-50 elementor-top-column elementor-element elementor-element-3362e07 pxl-column-element-default pxl-column-none\" data-id=\"3362e07\" data-element_type=\"column\" data-e-type=\"column\">\r\n        <div class=\"elementor-widget-wrap\">\r\n                     \r\n                    <\/div>\r\n        <\/div>\r\n                <div class=\"elementor-column elementor-col-50 elementor-top-column elementor-element elementor-element-cd39e7d pxl-column-element-default pxl-column-none\" data-id=\"cd39e7d\" data-element_type=\"column\" data-e-type=\"column\">\r\n        <div class=\"elementor-widget-wrap\">\r\n                     \r\n                    <\/div>\r\n        <\/div>\r\n        \t\t\t<\/div>\n\t\t<\/section>\n\t\t        <section class=\"elementor-section elementor-top-section elementor-element elementor-element-eeebfb9 elementor-section-boxed elementor-section-height-default elementor-section-height-default pxl-type-header-none pxl-row-scroll-none\" data-id=\"eeebfb9\" data-element_type=\"section\" data-e-type=\"section\">\n\n                \n                <div class=\"elementor-container elementor-column-gap-default\">\n                <div class=\"elementor-column elementor-col-33 elementor-top-column elementor-element elementor-element-82c0b0a pxl-column-element-default pxl-column-none\" data-id=\"82c0b0a\" data-element_type=\"column\" data-e-type=\"column\">\r\n        <div class=\"elementor-widget-wrap\">\r\n                     \r\n                    <\/div>\r\n        <\/div>\r\n                <div class=\"elementor-column elementor-col-33 elementor-top-column elementor-element elementor-element-368cd9d pxl-column-element-default pxl-column-none\" data-id=\"368cd9d\" data-element_type=\"column\" data-e-type=\"column\">\r\n        <div class=\"elementor-widget-wrap elementor-element-populated\">\r\n                     \r\n        \t\t<div class=\"elementor-element elementor-element-d58d979 elementor-widget__width-initial elementor-widget-laptop__width-initial balance-prod-cards elementor-widget elementor-widget-pxl_showcase\" data-id=\"d58d979\" data-element_type=\"widget\" data-e-type=\"widget\" data-widget_type=\"pxl_showcase.default\">\n\t\t\t\t<div class=\"elementor-widget-container\">\n\t\t\t\t\t<div class=\"pxl-showcase layout1\" data-wow-delay=\"ms\">\r\n    <div class=\"inner-box item-normarl\">\r\n        <div class=\"item-feature\">\r\n            <img loading=\"lazy\" decoding=\"async\" width=\"1175\" height=\"217\" src=\"https:\/\/elementus.lv\/wp-content\/uploads\/2025\/02\/1784_SNOL_logo_RGB.png\" class=\"attachment-full\" alt=\"\" srcset=\"https:\/\/elementus.lv\/wp-content\/uploads\/2025\/02\/1784_SNOL_logo_RGB.png 1175w, https:\/\/elementus.lv\/wp-content\/uploads\/2025\/02\/1784_SNOL_logo_RGB-300x55.png 300w, https:\/\/elementus.lv\/wp-content\/uploads\/2025\/02\/1784_SNOL_logo_RGB-1024x189.png 1024w, https:\/\/elementus.lv\/wp-content\/uploads\/2025\/02\/1784_SNOL_logo_RGB-768x142.png 768w, https:\/\/elementus.lv\/wp-content\/uploads\/2025\/02\/1784_SNOL_logo_RGB-18x3.png 18w, https:\/\/elementus.lv\/wp-content\/uploads\/2025\/02\/1784_SNOL_logo_RGB-1170x216.png 1170w, https:\/\/elementus.lv\/wp-content\/uploads\/2025\/02\/1784_SNOL_logo_RGB-600x111.png 600w\" sizes=\"(max-width: 1175px) 100vw, 1175px\" \/>            <div class=\"pxl-item-links\">\r\n                                    <a class=\"link-1\" href=\"https:\/\/elementus.lv\/wp-content\/uploads\/2025\/02\/SNOL-Laboratory-Industrial-2024.pdf\" target=\"_blank\">\r\n                        <span>Snol-Katalog<\/span>\r\n                    <\/a>\r\n                                            <\/div>\r\n        <\/div>\r\n        <h3 class=\"item-title\">\r\n            <a href=\"https:\/\/elementus.lv\/wp-content\/uploads\/2025\/02\/SNOL-Laboratory-Industrial-2024.pdf\" target=\"_blank\">                Snol            <\/a>                    <\/h3>\r\n    <\/div>\r\n<\/div>\t\t\t\t<\/div>\n\t\t\t\t<\/div>\n\t\t\t\t<div class=\"elementor-element elementor-element-de52a67 elementor-align-center elementor-widget-laptop__width-initial elementor-widget elementor-widget-button\" data-id=\"de52a67\" data-element_type=\"widget\" data-e-type=\"widget\" data-widget_type=\"button.default\">\n\t\t\t\t<div class=\"elementor-widget-container\">\n\t\t\t\t\t\t\t\t\t<div class=\"elementor-button-wrapper\">\n\t\t\t\t\t<a class=\"elementor-button elementor-button-link elementor-size-sm\" href=\"https:\/\/elementus.lv\/wp-content\/uploads\/2025\/02\/SNOL-Laboratory-Industrial-2024.pdf?dl=1\" target=\"_blank\" download=\"SNOL-Laboratory-Industrial-2024.pdf\">\n\t\t\t\t\t\t<span class=\"elementor-button-content-wrapper\">\n\t\t\t\t\t\t\t\t\t<span class=\"elementor-button-text\">Katalog herunterladen<\/span>\n\t\t\t\t\t<\/span>\n\t\t\t\t\t<\/a>\n\t\t\t\t<\/div>\n\t\t\t\t\t\t\t\t<\/div>\n\t\t\t\t<\/div>\n\t\t            <\/div>\r\n        <\/div>\r\n                <div class=\"elementor-column elementor-col-33 elementor-top-column elementor-element elementor-element-dc02af3 pxl-column-element-default pxl-column-none\" data-id=\"dc02af3\" data-element_type=\"column\" data-e-type=\"column\">\r\n        <div class=\"elementor-widget-wrap\">\r\n                     \r\n                    <\/div>\r\n        <\/div>\r\n        \t\t\t<\/div>\n\t\t<\/section>\n\t\t\t\t<\/div>","protected":false},"excerpt":{"rendered":"<p>Ovens Laboratory Ovens: Precision and Reliability for Your Scientific Needs SNOL specializes in manufacturing high-quality laboratory and industrial furnaces designed for various thermal processing applications. Their product range includes Chamber Ovens \u2013 These industrial electric ovens with induced air circulation ensure precise temperature distribution and are used in sectors like electronics, plastics, and metal industries, [&hellip;]<\/p>\n","protected":false},"author":1,"featured_media":0,"parent":0,"menu_order":0,"comment_status":"closed","ping_status":"closed","template":"","meta":{"footnotes":""},"class_list":["post-13702","page","type-page","status-publish","hentry"],"_links":{"self":[{"href":"https:\/\/elementus.lv\/de\/wp-json\/wp\/v2\/pages\/13702","targetHints":{"allow":["GET"]}}],"collection":[{"href":"https:\/\/elementus.lv\/de\/wp-json\/wp\/v2\/pages"}],"about":[{"href":"https:\/\/elementus.lv\/de\/wp-json\/wp\/v2\/types\/page"}],"author":[{"embeddable":true,"href":"https:\/\/elementus.lv\/de\/wp-json\/wp\/v2\/users\/1"}],"replies":[{"embeddable":true,"href":"https:\/\/elementus.lv\/de\/wp-json\/wp\/v2\/comments?post=13702"}],"version-history":[{"count":49,"href":"https:\/\/elementus.lv\/de\/wp-json\/wp\/v2\/pages\/13702\/revisions"}],"predecessor-version":[{"id":16378,"href":"https:\/\/elementus.lv\/de\/wp-json\/wp\/v2\/pages\/13702\/revisions\/16378"}],"wp:attachment":[{"href":"https:\/\/elementus.lv\/de\/wp-json\/wp\/v2\/media?parent=13702"}],"curies":[{"name":"wp","href":"https:\/\/api.w.org\/{rel}","templated":true}]}}