{"id":13712,"date":"2024-12-22T20:06:42","date_gmt":"2024-12-22T20:06:42","guid":{"rendered":"https:\/\/elementus.lv\/?page_id=13712"},"modified":"2025-04-14T11:35:21","modified_gmt":"2025-04-14T11:35:21","slug":"ph-meters","status":"publish","type":"page","link":"https:\/\/elementus.lv\/de\/ph-meters\/","title":{"rendered":"pH-Messger\u00e4te"},"content":{"rendered":"<div data-elementor-type=\"wp-page\" data-elementor-id=\"13712\" class=\"elementor elementor-13712\" data-elementor-post-type=\"page\">\n\t\t\t\t        <section class=\"elementor-section elementor-top-section elementor-element elementor-element-ab69c4f elementor-section-boxed elementor-section-height-default elementor-section-height-default pxl-type-header-none pxl-row-scroll-none\" data-id=\"ab69c4f\" data-element_type=\"section\" data-e-type=\"section\" data-settings=\"{&quot;background_background&quot;:&quot;classic&quot;}\">\n\n                            <div class=\"elementor-background-overlay\"><\/div>\n            \n                <div class=\"elementor-container elementor-column-gap-default\">\n                <div class=\"elementor-column elementor-col-100 elementor-top-column elementor-element elementor-element-e15b533 pxl-column-element-default pxl-column-none\" data-id=\"e15b533\" data-element_type=\"column\" data-e-type=\"column\">\r\n        <div class=\"elementor-widget-wrap elementor-element-populated\">\r\n                     \r\n        \t\t<div class=\"elementor-element elementor-element-b8998de elementor-widget elementor-widget-pxl_heading\" data-id=\"b8998de\" data-element_type=\"widget\" data-e-type=\"widget\" data-widget_type=\"pxl_heading.default\">\n\t\t\t\t<div class=\"elementor-widget-container\">\n\t\t\t\t\t<div class=\"pxl-heading\">\n\t<div class=\"pxl-heading--inner\">\n\t\t\t\t<h3 class=\"pxl-item--title\" data-wow-delay=\"ms\">\n\t\t\tpH-Messger\u00e4te\t\t\n\t\t<\/h3>\n\t\t\t<\/div>\n<\/div>\t\t\t\t<\/div>\n\t\t\t\t<\/div>\n\t\t            <\/div>\r\n        <\/div>\r\n        \t\t\t<\/div>\n\t\t<\/section>\n\t\t        <section class=\"elementor-section elementor-top-section elementor-element elementor-element-6ae476b elementor-section-boxed elementor-section-height-default elementor-section-height-default pxl-type-header-none pxl-row-scroll-none\" data-id=\"6ae476b\" data-element_type=\"section\" data-e-type=\"section\">\n\n                \n                <div class=\"elementor-container elementor-column-gap-default\">\n                <div class=\"elementor-column elementor-col-50 elementor-top-column elementor-element elementor-element-72380cd pxl-column-element-default pxl-column-none\" data-id=\"72380cd\" data-element_type=\"column\" data-e-type=\"column\">\r\n        <div class=\"elementor-widget-wrap elementor-element-populated\">\r\n                     \r\n        \t\t<div class=\"elementor-element elementor-element-e117bdf elementor-widget elementor-widget-pxl_text_editor\" data-id=\"e117bdf\" data-element_type=\"widget\" data-e-type=\"widget\" data-widget_type=\"pxl_text_editor.default\">\n\t\t\t\t<div class=\"elementor-widget-container\">\n\t\t\t\t\t<div class=\"pxl-text-editor\">\n\t<div class=\"pxl-item--inner\" data-wow-delay=\"ms\">\n\t\t<h5>pH-Meter sind unverzichtbare Instrumente in Laboratorien verschiedener wissenschaftlicher und industrieller Disziplinen. Sie liefern genaue und zuverl\u00e4ssige Messungen des S\u00e4ure- oder Alkaligehalts einer L\u00f6sung, eines kritischen Parameters bei chemischen Reaktionen, Qualit\u00e4tskontrolle und biologischen Prozessen. Von der Umwelt\u00fcberwachung bis zur pharmazeutischen Produktion spielen pH-Meter eine zentrale Rolle bei der Gew\u00e4hrleistung von Pr\u00e4zision und Konsistenz.<\/h5>\t<\/div>\n<\/div>\t\t\t\t<\/div>\n\t\t\t\t<\/div>\n\t\t            <\/div>\r\n        <\/div>\r\n                <div class=\"elementor-column elementor-col-50 elementor-top-column elementor-element elementor-element-dffe429 pxl-column-element-default pxl-column-none\" data-id=\"dffe429\" data-element_type=\"column\" data-e-type=\"column\">\r\n        <div class=\"elementor-widget-wrap elementor-element-populated\">\r\n                     \r\n        \t\t<div class=\"elementor-element elementor-element-e4b1b59 elementor-widget-laptop__width-initial elementor-widget-mobile__width-initial elementor-widget elementor-widget-pxl_image\" data-id=\"e4b1b59\" data-element_type=\"widget\" data-e-type=\"widget\" data-widget_type=\"pxl_image.default\">\n\t\t\t\t<div class=\"elementor-widget-container\">\n\t\t\t\t\t<div class=\"pxl-image-single\" data-wow-delay=\"ms\">\r\n                                        <div class=\"pxl-item--inner\">\r\n                    <a href=\"https:\/\/www.hannainst.com\/\" target=\"_blank\" rel=\"noopener\">                        <img fetchpriority=\"high\" decoding=\"async\" width=\"301\" height=\"167\" src=\"https:\/\/elementus.lv\/wp-content\/uploads\/2025\/01\/logo-6.png\" class=\"no-lazyload attachment-full\" alt=\"\" \/>                    <\/a>                <\/div>\r\n                        <\/div>\t\t\t\t<\/div>\n\t\t\t\t<\/div>\n\t\t\t\t<div class=\"elementor-element elementor-element-17adced elementor-widget-mobile__width-initial elementor-widget elementor-widget-pxl_image\" data-id=\"17adced\" data-element_type=\"widget\" data-e-type=\"widget\" data-widget_type=\"pxl_image.default\">\n\t\t\t\t<div class=\"elementor-widget-container\">\n\t\t\t\t\t<div class=\"pxl-image-single\" data-wow-delay=\"ms\">\r\n                                        <div class=\"pxl-item--inner\">\r\n                    <a href=\"https:\/\/www.mt.com\/us\/en\/home.html\" target=\"_blank\" rel=\"noopener\">                        <img decoding=\"async\" width=\"236\" height=\"100\" src=\"https:\/\/elementus.lv\/wp-content\/uploads\/2025\/01\/Mettler-Toledo-Logo_236x100-1.png\" class=\"no-lazyload attachment-full\" alt=\"\" \/>                    <\/a>                <\/div>\r\n                        <\/div>\t\t\t\t<\/div>\n\t\t\t\t<\/div>\n\t\t            <\/div>\r\n        <\/div>\r\n        \t\t\t<\/div>\n\t\t<\/section>\n\t\t        <section class=\"elementor-section elementor-top-section elementor-element elementor-element-d17525d elementor-section-boxed elementor-section-height-default elementor-section-height-default pxl-type-header-none pxl-row-scroll-none\" data-id=\"d17525d\" data-element_type=\"section\" data-e-type=\"section\">\n\n                \n                <div class=\"elementor-container elementor-column-gap-default\">\n                <div class=\"elementor-column elementor-col-50 elementor-top-column elementor-element elementor-element-008a70e pxl-column-element-default pxl-column-none\" data-id=\"008a70e\" data-element_type=\"column\" data-e-type=\"column\">\r\n        <div class=\"elementor-widget-wrap elementor-element-populated\">\r\n                     \r\n        \t\t<div class=\"elementor-element elementor-element-6d15c97 elementor-widget elementor-widget-pxl_text_editor\" data-id=\"6d15c97\" data-element_type=\"widget\" data-e-type=\"widget\" data-widget_type=\"pxl_text_editor.default\">\n\t\t\t\t<div class=\"elementor-widget-container\">\n\t\t\t\t\t<div class=\"pxl-text-editor\">\n\t<div class=\"pxl-item--inner\" data-wow-delay=\"ms\">\n\t\t<p><strong>Arten von pH-Messger\u00e4ten<\/strong><\/p><ul><li><strong>Benchtop-pH-Meter<\/strong><br \/>Diese Messger\u00e4te sind in den meisten Labors zu finden und bieten eine hohe Genauigkeit und Funktionalit\u00e4t. Sie sind h\u00e4ufig mit Funktionen wie Temperaturkompensation, Datenspeicherung und Multiparametermessung ausgestattet.<\/li><li><strong>Tragbare pH-Messger\u00e4te<\/strong><br \/>Diese leichten, batteriebetriebenen Ger\u00e4te sind ideal f\u00fcr die Arbeit im Feld und f\u00fcr Pr\u00fcfungen vor Ort. Sie sind kompakt und robust und eignen sich daher f\u00fcr Umweltproben und industrielle Anwendungen.<\/li><li><strong>Stift-pH-Meter<\/strong><br \/>Diese erschwinglichen Messger\u00e4te wurden f\u00fcr schnelle und einfache Messungen entwickelt und werden f\u00fcr weniger anspruchsvolle Anwendungen wie die \u00dcberpr\u00fcfung von Aquarienwasser oder einfache Bildungsexperimente verwendet.<\/li><li><strong>Spezialisierte pH-Messger\u00e4te<\/strong><br \/>Fortgeschrittene Modelle sind auf spezielle Anwendungen zugeschnitten, z. B. auf die Analyse von Lebensmitteln, Hochtemperaturproben oder Messungen in L\u00f6sungen mit geringer Ionenst\u00e4rke.<\/li><\/ul>\t<\/div>\n<\/div>\t\t\t\t<\/div>\n\t\t\t\t<\/div>\n\t\t            <\/div>\r\n        <\/div>\r\n                <div class=\"elementor-column elementor-col-50 elementor-top-column elementor-element elementor-element-cbb84cc pxl-column-element-default pxl-column-none\" data-id=\"cbb84cc\" data-element_type=\"column\" data-e-type=\"column\">\r\n        <div class=\"elementor-widget-wrap elementor-element-populated\">\r\n                     \r\n        \t\t<div class=\"elementor-element elementor-element-46d5c1a elementor-widget elementor-widget-pxl_image\" data-id=\"46d5c1a\" data-element_type=\"widget\" data-e-type=\"widget\" data-widget_type=\"pxl_image.default\">\n\t\t\t\t<div class=\"elementor-widget-container\">\n\t\t\t\t\t<div class=\"pxl-image-single\" data-wow-delay=\"ms\">\r\n                                        <div class=\"pxl-item--inner\">\r\n                                            <img decoding=\"async\" width=\"800\" height=\"833\" src=\"https:\/\/elementus.lv\/wp-content\/uploads\/2025\/01\/0D-24-42.jpg\" class=\"no-lazyload attachment-full\" alt=\"\" srcset=\"https:\/\/elementus.lv\/wp-content\/uploads\/2025\/01\/0D-24-42.jpg 800w, https:\/\/elementus.lv\/wp-content\/uploads\/2025\/01\/0D-24-42-288x300.jpg 288w, https:\/\/elementus.lv\/wp-content\/uploads\/2025\/01\/0D-24-42-768x800.jpg 768w, https:\/\/elementus.lv\/wp-content\/uploads\/2025\/01\/0D-24-42-12x12.jpg 12w, https:\/\/elementus.lv\/wp-content\/uploads\/2025\/01\/0D-24-42-682x710.jpg 682w, https:\/\/elementus.lv\/wp-content\/uploads\/2025\/01\/0D-24-42-600x625.jpg 600w\" sizes=\"(max-width: 800px) 100vw, 800px\" \/>                                    <\/div>\r\n                        <\/div>\t\t\t\t<\/div>\n\t\t\t\t<\/div>\n\t\t            <\/div>\r\n        <\/div>\r\n        \t\t\t<\/div>\n\t\t<\/section>\n\t\t        <section class=\"elementor-section elementor-top-section elementor-element elementor-element-25bbd43 elementor-section-boxed elementor-section-height-default elementor-section-height-default pxl-type-header-none pxl-row-scroll-none\" data-id=\"25bbd43\" data-element_type=\"section\" data-e-type=\"section\">\n\n                \n                <div class=\"elementor-container elementor-column-gap-default\">\n                <div class=\"elementor-column elementor-col-50 elementor-top-column elementor-element elementor-element-3473b6d pxl-column-element-default pxl-column-none\" data-id=\"3473b6d\" data-element_type=\"column\" data-e-type=\"column\">\r\n        <div class=\"elementor-widget-wrap elementor-element-populated\">\r\n                     \r\n        \t\t<div class=\"elementor-element elementor-element-a0f3d8a elementor-widget elementor-widget-pxl_image\" data-id=\"a0f3d8a\" data-element_type=\"widget\" data-e-type=\"widget\" data-widget_type=\"pxl_image.default\">\n\t\t\t\t<div class=\"elementor-widget-container\">\n\t\t\t\t\t<div class=\"pxl-image-single\" data-wow-delay=\"ms\">\r\n                                        <div class=\"pxl-item--inner\">\r\n                                            <img loading=\"lazy\" decoding=\"async\" width=\"500\" height=\"500\" src=\"https:\/\/elementus.lv\/wp-content\/uploads\/2025\/01\/Piramide-Ambiente-FiveEasy-F20-Mettler-Toledo.jpg\" class=\"no-lazyload attachment-full\" alt=\"\" srcset=\"https:\/\/elementus.lv\/wp-content\/uploads\/2025\/01\/Piramide-Ambiente-FiveEasy-F20-Mettler-Toledo.jpg 500w, https:\/\/elementus.lv\/wp-content\/uploads\/2025\/01\/Piramide-Ambiente-FiveEasy-F20-Mettler-Toledo-300x300.jpg 300w, https:\/\/elementus.lv\/wp-content\/uploads\/2025\/01\/Piramide-Ambiente-FiveEasy-F20-Mettler-Toledo-150x150.jpg 150w, https:\/\/elementus.lv\/wp-content\/uploads\/2025\/01\/Piramide-Ambiente-FiveEasy-F20-Mettler-Toledo-12x12.jpg 12w, https:\/\/elementus.lv\/wp-content\/uploads\/2025\/01\/Piramide-Ambiente-FiveEasy-F20-Mettler-Toledo-250x250.jpg 250w, https:\/\/elementus.lv\/wp-content\/uploads\/2025\/01\/Piramide-Ambiente-FiveEasy-F20-Mettler-Toledo-96x96.jpg 96w\" sizes=\"(max-width: 500px) 100vw, 500px\" \/>                                    <\/div>\r\n                        <\/div>\t\t\t\t<\/div>\n\t\t\t\t<\/div>\n\t\t            <\/div>\r\n        <\/div>\r\n                <div class=\"elementor-column elementor-col-50 elementor-top-column elementor-element elementor-element-2ca8c58 pxl-column-element-default pxl-column-none\" data-id=\"2ca8c58\" data-element_type=\"column\" data-e-type=\"column\">\r\n        <div class=\"elementor-widget-wrap elementor-element-populated\">\r\n                     \r\n        \t\t<div class=\"elementor-element elementor-element-dd02a39 elementor-widget elementor-widget-pxl_text_editor\" data-id=\"dd02a39\" data-element_type=\"widget\" data-e-type=\"widget\" data-widget_type=\"pxl_text_editor.default\">\n\t\t\t\t<div class=\"elementor-widget-container\">\n\t\t\t\t\t<div class=\"pxl-text-editor\">\n\t<div class=\"pxl-item--inner\" data-wow-delay=\"ms\">\n\t\t<p>Ein Standard-pH-Meter besteht aus den folgenden Komponenten:<\/p><ul><li><strong>pH-Elektrode<\/strong><br \/>Die Elektrode ist das Herzst\u00fcck des pH-Messger\u00e4ts. Sie besteht in der Regel aus einem Glaskolben, der f\u00fcr H\u207a-Ionen empfindlich ist, und einer Referenzelektrode. Die ordnungsgem\u00e4\u00dfe Wartung der Elektrode ist entscheidend f\u00fcr genaue Messwerte.<\/li><li><strong>Z\u00e4hler Einheit<\/strong><br \/>Diese elektronische Einheit wertet die Signale der Elektrode aus und zeigt den pH-Wert an. Moderne Messger\u00e4te verf\u00fcgen h\u00e4ufig \u00fcber digitale Schnittstellen und Datenprotokollierungsfunktionen.<\/li><li><strong>Temperatursensor<\/strong><br \/>Da pH-Messwerte temperaturabh\u00e4ngig sein k\u00f6nnen, verf\u00fcgen viele Messger\u00e4te \u00fcber eine automatische Temperaturkompensation (ATC), um genaue Ergebnisse zu gew\u00e4hrleisten.<\/li><\/ul><p><strong>Anwendungen von pH-Messger\u00e4ten im Labor<\/strong><\/p>\t<\/div>\n<\/div>\t\t\t\t<\/div>\n\t\t\t\t<\/div>\n\t\t            <\/div>\r\n        <\/div>\r\n        \t\t\t<\/div>\n\t\t<\/section>\n\t\t        <section class=\"elementor-section elementor-top-section elementor-element elementor-element-449033a elementor-section-boxed elementor-section-height-default elementor-section-height-default pxl-type-header-none pxl-row-scroll-none\" data-id=\"449033a\" data-element_type=\"section\" data-e-type=\"section\">\n\n                \n                <div class=\"elementor-container elementor-column-gap-default\">\n                <div class=\"elementor-column elementor-col-100 elementor-top-column elementor-element elementor-element-7bc6a1b pxl-column-element-default pxl-column-none\" data-id=\"7bc6a1b\" data-element_type=\"column\" data-e-type=\"column\">\r\n        <div class=\"elementor-widget-wrap elementor-element-populated\">\r\n                     \r\n        \t\t<div class=\"elementor-element elementor-element-6b30437 elementor-widget elementor-widget-pxl_text_editor\" data-id=\"6b30437\" data-element_type=\"widget\" data-e-type=\"widget\" data-widget_type=\"pxl_text_editor.default\">\n\t\t\t\t<div class=\"elementor-widget-container\">\n\t\t\t\t\t<div class=\"pxl-text-editor\">\n\t<div class=\"pxl-item--inner\" data-wow-delay=\"ms\">\n\t\t<ul><li><strong>Umweltpr\u00fcfungen<\/strong><br \/>pH-Meter werden zur Beurteilung der Wasserqualit\u00e4t in Fl\u00fcssen, Seen und Kl\u00e4ranlagen eingesetzt, um das \u00f6kologische Gleichgewicht und die Einhaltung von Vorschriften zu gew\u00e4hrleisten.<\/li><li><strong>Pharmazeutische Industrie<\/strong><br \/>Die Aufrechterhaltung pr\u00e4ziser pH-Werte ist f\u00fcr die Formulierung von Arzneimitteln, f\u00fcr Stabilit\u00e4tstests und f\u00fcr die Qualit\u00e4tskontrolle von entscheidender Bedeutung.<\/li><li><strong>Lebensmittel und Getr\u00e4nke<\/strong><br \/>Die \u00dcberwachung des pH-Werts in Lebensmitteln und Getr\u00e4nken gew\u00e4hrleistet Produktsicherheit, Qualit\u00e4t und Geschmack. Zum Beispiel ist die Kontrolle des pH-Werts bei Fermentationsprozessen wie der Joghurt- und Bierherstellung entscheidend.<\/li><li><strong>Chemische Forschung<\/strong><br \/>Eine genaue pH-Messung ist f\u00fcr die Untersuchung der Reaktionskinetik, die Materialsynthese und die analytische Chemie unerl\u00e4sslich.<\/li><li><strong>Biologie und Biotechnologie<\/strong><br \/>Der pH-Wert beeinflusst die Aktivit\u00e4t von Enzymen, die Bedingungen in Zellkulturen und die Stabilit\u00e4t von Proteinen, weshalb pH-Messger\u00e4te in diesen Bereichen unverzichtbar sind.<\/li><\/ul>\t<\/div>\n<\/div>\t\t\t\t<\/div>\n\t\t\t\t<\/div>\n\t\t            <\/div>\r\n        <\/div>\r\n        \t\t\t<\/div>\n\t\t<\/section>\n\t\t        <section class=\"elementor-section elementor-top-section elementor-element elementor-element-3c1748d elementor-section-boxed elementor-section-height-default elementor-section-height-default pxl-type-header-none pxl-row-scroll-none\" data-id=\"3c1748d\" data-element_type=\"section\" data-e-type=\"section\">\n\n                \n                <div class=\"elementor-container elementor-column-gap-default\">\n                <div class=\"elementor-column elementor-col-50 elementor-top-column elementor-element elementor-element-04ea812 pxl-column-element-default pxl-column-none\" data-id=\"04ea812\" data-element_type=\"column\" data-e-type=\"column\">\r\n        <div class=\"elementor-widget-wrap elementor-element-populated\">\r\n                     \r\n        \t\t<div class=\"elementor-element elementor-element-7e1cba8 elementor-widget__width-initial elementor-widget-laptop__width-initial balance-prod-cards elementor-widget elementor-widget-pxl_showcase\" data-id=\"7e1cba8\" data-element_type=\"widget\" data-e-type=\"widget\" data-widget_type=\"pxl_showcase.default\">\n\t\t\t\t<div class=\"elementor-widget-container\">\n\t\t\t\t\t<div class=\"pxl-showcase layout1\" data-wow-delay=\"ms\">\r\n    <div class=\"inner-box item-normarl\">\r\n        <div class=\"item-feature\">\r\n            <img loading=\"lazy\" decoding=\"async\" width=\"301\" height=\"167\" src=\"https:\/\/elementus.lv\/wp-content\/uploads\/2025\/01\/logo-6.png\" class=\"attachment-full\" alt=\"\" \/>            <div class=\"pxl-item-links\">\r\n                                    <a class=\"link-1\" href=\"https:\/\/elementus.lv\/wp-content\/uploads\/2024\/12\/hannainst-katalogas.pdf?dl=1\" target=\"_blank\">\r\n                        <span>Hanna Instrumente<\/span>\r\n                    <\/a>\r\n                                            <\/div>\r\n        <\/div>\r\n        <h3 class=\"item-title\">\r\n            <a href=\"https:\/\/elementus.lv\/wp-content\/uploads\/2024\/12\/hannainst-katalogas.pdf\" target=\"_blank\">                Hanna Instrumente            <\/a>                    <\/h3>\r\n    <\/div>\r\n<\/div>\t\t\t\t<\/div>\n\t\t\t\t<\/div>\n\t\t\t\t<div class=\"elementor-element elementor-element-ab9957a elementor-align-center elementor-widget-laptop__width-initial elementor-widget elementor-widget-button\" data-id=\"ab9957a\" data-element_type=\"widget\" data-e-type=\"widget\" data-widget_type=\"button.default\">\n\t\t\t\t<div class=\"elementor-widget-container\">\n\t\t\t\t\t\t\t\t\t<div class=\"elementor-button-wrapper\">\n\t\t\t\t\t<a class=\"elementor-button elementor-button-link elementor-size-sm\" href=\"https:\/\/elementus.lv\/wp-content\/uploads\/2024\/12\/hannainst-katalogas.pdf?dl=1\" download=\"hannainst-katalogas.pdf\">\n\t\t\t\t\t\t<span class=\"elementor-button-content-wrapper\">\n\t\t\t\t\t\t\t\t\t<span class=\"elementor-button-text\">Katalog herunterladen<\/span>\n\t\t\t\t\t<\/span>\n\t\t\t\t\t<\/a>\n\t\t\t\t<\/div>\n\t\t\t\t\t\t\t\t<\/div>\n\t\t\t\t<\/div>\n\t\t            <\/div>\r\n        <\/div>\r\n                <div class=\"elementor-column elementor-col-50 elementor-top-column elementor-element elementor-element-9dab629 pxl-column-element-default pxl-column-none\" data-id=\"9dab629\" data-element_type=\"column\" data-e-type=\"column\">\r\n        <div class=\"elementor-widget-wrap elementor-element-populated\">\r\n                     \r\n        \t\t<div class=\"elementor-element elementor-element-344bd46 elementor-widget__width-initial elementor-widget-laptop__width-initial balance-prod-cards elementor-widget elementor-widget-pxl_showcase\" data-id=\"344bd46\" data-element_type=\"widget\" data-e-type=\"widget\" data-widget_type=\"pxl_showcase.default\">\n\t\t\t\t<div class=\"elementor-widget-container\">\n\t\t\t\t\t<div class=\"pxl-showcase layout1\" data-wow-delay=\"ms\">\r\n    <div class=\"inner-box item-normarl\">\r\n        <div class=\"item-feature\">\r\n            <img loading=\"lazy\" decoding=\"async\" width=\"236\" height=\"100\" src=\"https:\/\/elementus.lv\/wp-content\/uploads\/2025\/01\/Mettler-Toledo-Logo_236x100-1.png\" class=\"attachment-full\" alt=\"\" \/>            <div class=\"pxl-item-links\">\r\n                                    <a class=\"link-1\" href=\"https:\/\/elementus.lv\/wp-content\/uploads\/2025\/01\/MT_Analytical_Instruments_Catalog_2025_EN_compressed.pdf?dl=1\" target=\"_blank\">\r\n                        <span>Mettler Toledo<\/span>\r\n                    <\/a>\r\n                                            <\/div>\r\n        <\/div>\r\n        <h3 class=\"item-title\">\r\n            <a href=\"https:\/\/elementus.lv\/wp-content\/uploads\/2025\/01\/MT_Analytical_Instruments_Catalog_2025_EN_compressed.pdf?dl=1\" target=\"_blank\">                Mettler Toledo            <\/a>                    <\/h3>\r\n    <\/div>\r\n<\/div>\t\t\t\t<\/div>\n\t\t\t\t<\/div>\n\t\t\t\t<div class=\"elementor-element elementor-element-8e232c4 elementor-align-center elementor-widget-laptop__width-initial elementor-widget elementor-widget-button\" data-id=\"8e232c4\" data-element_type=\"widget\" data-e-type=\"widget\" data-widget_type=\"button.default\">\n\t\t\t\t<div class=\"elementor-widget-container\">\n\t\t\t\t\t\t\t\t\t<div class=\"elementor-button-wrapper\">\n\t\t\t\t\t<a class=\"elementor-button elementor-button-link elementor-size-sm\" href=\"https:\/\/elementus.lv\/wp-content\/uploads\/2025\/01\/MT_Analytical_Instruments_Catalog_2025_EN_compressed.pdf?dl=1\" target=\"_blank\" download=\"MT_Analytical_Instruments_Catalog_2025_EN_compressed.pdf\">\n\t\t\t\t\t\t<span class=\"elementor-button-content-wrapper\">\n\t\t\t\t\t\t\t\t\t<span class=\"elementor-button-text\">Katalog herunterladen<\/span>\n\t\t\t\t\t<\/span>\n\t\t\t\t\t<\/a>\n\t\t\t\t<\/div>\n\t\t\t\t\t\t\t\t<\/div>\n\t\t\t\t<\/div>\n\t\t            <\/div>\r\n        <\/div>\r\n        \t\t\t<\/div>\n\t\t<\/section>\n\t\t\t\t<\/div>","protected":false},"excerpt":{"rendered":"<p>pH Meters pH meters are essential instruments in laboratories across various scientific and industrial disciplines. They provide accurate and reliable measurements of the acidity or alkalinity of a solution, a critical parameter in chemical reactions, quality control, and biological processes. From environmental monitoring to pharmaceutical manufacturing, pH meters play a pivotal role in ensuring precision [&hellip;]<\/p>\n","protected":false},"author":1,"featured_media":0,"parent":0,"menu_order":0,"comment_status":"closed","ping_status":"closed","template":"","meta":{"footnotes":""},"class_list":["post-13712","page","type-page","status-publish","hentry"],"_links":{"self":[{"href":"https:\/\/elementus.lv\/de\/wp-json\/wp\/v2\/pages\/13712","targetHints":{"allow":["GET"]}}],"collection":[{"href":"https:\/\/elementus.lv\/de\/wp-json\/wp\/v2\/pages"}],"about":[{"href":"https:\/\/elementus.lv\/de\/wp-json\/wp\/v2\/types\/page"}],"author":[{"embeddable":true,"href":"https:\/\/elementus.lv\/de\/wp-json\/wp\/v2\/users\/1"}],"replies":[{"embeddable":true,"href":"https:\/\/elementus.lv\/de\/wp-json\/wp\/v2\/comments?post=13712"}],"version-history":[{"count":46,"href":"https:\/\/elementus.lv\/de\/wp-json\/wp\/v2\/pages\/13712\/revisions"}],"predecessor-version":[{"id":16485,"href":"https:\/\/elementus.lv\/de\/wp-json\/wp\/v2\/pages\/13712\/revisions\/16485"}],"wp:attachment":[{"href":"https:\/\/elementus.lv\/de\/wp-json\/wp\/v2\/media?parent=13712"}],"curies":[{"name":"wp","href":"https:\/\/api.w.org\/{rel}","templated":true}]}}