{"id":13763,"date":"2024-12-22T20:40:57","date_gmt":"2024-12-22T20:40:57","guid":{"rendered":"https:\/\/elementus.lv\/?page_id=13763"},"modified":"2025-01-21T18:33:41","modified_gmt":"2025-01-21T18:33:41","slug":"local-extractors","status":"publish","type":"page","link":"https:\/\/elementus.lv\/de\/local-extractors\/","title":{"rendered":"Lokale Extraktoren"},"content":{"rendered":"<div data-elementor-type=\"wp-page\" data-elementor-id=\"13763\" class=\"elementor elementor-13763\" data-elementor-post-type=\"page\">\n\t\t\t\t        <section class=\"elementor-section elementor-top-section elementor-element elementor-element-8fdb854 elementor-section-boxed elementor-section-height-default elementor-section-height-default pxl-type-header-none pxl-row-scroll-none\" data-id=\"8fdb854\" data-element_type=\"section\" data-e-type=\"section\" data-settings=\"{&quot;background_background&quot;:&quot;classic&quot;}\">\n\n                            <div class=\"elementor-background-overlay\"><\/div>\n            \n                <div class=\"elementor-container elementor-column-gap-default\">\n                <div class=\"elementor-column elementor-col-100 elementor-top-column elementor-element elementor-element-6535af3 pxl-column-element-default pxl-column-none\" data-id=\"6535af3\" data-element_type=\"column\" data-e-type=\"column\">\r\n        <div class=\"elementor-widget-wrap elementor-element-populated\">\r\n                     \r\n        \t\t<div class=\"elementor-element elementor-element-e86dfc0 elementor-widget elementor-widget-pxl_heading\" data-id=\"e86dfc0\" data-element_type=\"widget\" data-e-type=\"widget\" data-widget_type=\"pxl_heading.default\">\n\t\t\t\t<div class=\"elementor-widget-container\">\n\t\t\t\t\t<div class=\"pxl-heading\">\n\t<div class=\"pxl-heading--inner\">\n\t\t\t\t<h3 class=\"pxl-item--title\" data-wow-delay=\"ms\">\n\t\t\tLokale Extraktoren\t\t\n\t\t<\/h3>\n\t\t\t<\/div>\n<\/div>\t\t\t\t<\/div>\n\t\t\t\t<\/div>\n\t\t            <\/div>\r\n        <\/div>\r\n        \t\t\t<\/div>\n\t\t<\/section>\n\t\t        <section class=\"elementor-section elementor-top-section elementor-element elementor-element-95d7245 elementor-section-boxed elementor-section-height-default elementor-section-height-default pxl-type-header-none pxl-row-scroll-none\" data-id=\"95d7245\" data-element_type=\"section\" data-e-type=\"section\">\n\n                \n                <div class=\"elementor-container elementor-column-gap-default\">\n                <div class=\"elementor-column elementor-col-50 elementor-top-column elementor-element elementor-element-62108f4 pxl-column-element-default pxl-column-none\" data-id=\"62108f4\" data-element_type=\"column\" data-e-type=\"column\">\r\n        <div class=\"elementor-widget-wrap elementor-element-populated\">\r\n                     \r\n        \t\t<div class=\"elementor-element elementor-element-501d774 elementor-widget elementor-widget-pxl_text_editor\" data-id=\"501d774\" data-element_type=\"widget\" data-e-type=\"widget\" data-widget_type=\"pxl_text_editor.default\">\n\t\t\t\t<div class=\"elementor-widget-container\">\n\t\t\t\t\t<div class=\"pxl-text-editor\">\n\t<div class=\"pxl-item--inner\" data-wow-delay=\"ms\">\n\t\t<h3><strong>Fokus auf saubere Luft und eine sichere Laborumgebung.<\/strong><\/h3>\t<\/div>\n<\/div>\t\t\t\t<\/div>\n\t\t\t\t<\/div>\n\t\t            <\/div>\r\n        <\/div>\r\n                <div class=\"elementor-column elementor-col-50 elementor-top-column elementor-element elementor-element-3983221 pxl-column-element-default pxl-column-none\" data-id=\"3983221\" data-element_type=\"column\" data-e-type=\"column\">\r\n        <div class=\"elementor-widget-wrap elementor-element-populated\">\r\n                     \r\n        \t\t<div class=\"elementor-element elementor-element-1ae2934 elementor-widget elementor-widget-pxl_image\" data-id=\"1ae2934\" data-element_type=\"widget\" data-e-type=\"widget\" data-widget_type=\"pxl_image.default\">\n\t\t\t\t<div class=\"elementor-widget-container\">\n\t\t\t\t\t<div class=\"pxl-image-single\" data-wow-delay=\"ms\">\r\n                                        <div class=\"pxl-item--inner\">\r\n                                            <img fetchpriority=\"high\" decoding=\"async\" width=\"2048\" height=\"666\" src=\"https:\/\/elementus.lv\/wp-content\/uploads\/2025\/01\/Fumex-Logo-2048x666-1199833346.png\" class=\"no-lazyload attachment-full\" alt=\"\" srcset=\"https:\/\/elementus.lv\/wp-content\/uploads\/2025\/01\/Fumex-Logo-2048x666-1199833346.png 2048w, https:\/\/elementus.lv\/wp-content\/uploads\/2025\/01\/Fumex-Logo-2048x666-1199833346-300x98.png 300w, https:\/\/elementus.lv\/wp-content\/uploads\/2025\/01\/Fumex-Logo-2048x666-1199833346-1024x333.png 1024w, https:\/\/elementus.lv\/wp-content\/uploads\/2025\/01\/Fumex-Logo-2048x666-1199833346-768x250.png 768w, https:\/\/elementus.lv\/wp-content\/uploads\/2025\/01\/Fumex-Logo-2048x666-1199833346-1536x500.png 1536w, https:\/\/elementus.lv\/wp-content\/uploads\/2025\/01\/Fumex-Logo-2048x666-1199833346-1170x380.png 1170w, https:\/\/elementus.lv\/wp-content\/uploads\/2025\/01\/Fumex-Logo-2048x666-1199833346-600x195.png 600w\" sizes=\"(max-width: 2048px) 100vw, 2048px\" \/>                                    <\/div>\r\n                        <\/div>\t\t\t\t<\/div>\n\t\t\t\t<\/div>\n\t\t            <\/div>\r\n        <\/div>\r\n        \t\t\t<\/div>\n\t\t<\/section>\n\t\t        <section class=\"elementor-section elementor-top-section elementor-element elementor-element-2c5ec5f elementor-section-boxed elementor-section-height-default elementor-section-height-default pxl-type-header-none pxl-row-scroll-none\" data-id=\"2c5ec5f\" data-element_type=\"section\" data-e-type=\"section\">\n\n                \n                <div class=\"elementor-container elementor-column-gap-default\">\n                <div class=\"elementor-column elementor-col-50 elementor-top-column elementor-element elementor-element-73de38f pxl-column-element-default pxl-column-none\" data-id=\"73de38f\" data-element_type=\"column\" data-e-type=\"column\">\r\n        <div class=\"elementor-widget-wrap elementor-element-populated\">\r\n                     \r\n        \t\t<div class=\"elementor-element elementor-element-f4da1be elementor-widget__width-initial elementor-widget elementor-widget-pxl_image\" data-id=\"f4da1be\" data-element_type=\"widget\" data-e-type=\"widget\" data-widget_type=\"pxl_image.default\">\n\t\t\t\t<div class=\"elementor-widget-container\">\n\t\t\t\t\t<div class=\"pxl-image-single\" data-wow-delay=\"ms\">\r\n                                        <div class=\"pxl-item--inner\">\r\n                                            <img decoding=\"async\" width=\"402\" height=\"600\" src=\"https:\/\/elementus.lv\/wp-content\/uploads\/2025\/01\/Local-extractors2.jpg\" class=\"no-lazyload attachment-full\" alt=\"\" srcset=\"https:\/\/elementus.lv\/wp-content\/uploads\/2025\/01\/Local-extractors2.jpg 402w, https:\/\/elementus.lv\/wp-content\/uploads\/2025\/01\/Local-extractors2-201x300.jpg 201w\" sizes=\"(max-width: 402px) 100vw, 402px\" \/>                                    <\/div>\r\n                        <\/div>\t\t\t\t<\/div>\n\t\t\t\t<\/div>\n\t\t            <\/div>\r\n        <\/div>\r\n                <div class=\"elementor-column elementor-col-50 elementor-top-column elementor-element elementor-element-43e57c7 pxl-column-element-default pxl-column-none\" data-id=\"43e57c7\" data-element_type=\"column\" data-e-type=\"column\">\r\n        <div class=\"elementor-widget-wrap elementor-element-populated\">\r\n                     \r\n        \t\t<div class=\"elementor-element elementor-element-4750443 elementor-widget elementor-widget-pxl_text_editor\" data-id=\"4750443\" data-element_type=\"widget\" data-e-type=\"widget\" data-widget_type=\"pxl_text_editor.default\">\n\t\t\t\t<div class=\"elementor-widget-container\">\n\t\t\t\t\t<div class=\"pxl-text-editor\">\n\t<div class=\"pxl-item--inner\" data-wow-delay=\"ms\">\n\t\t<p>Ein gutes Arbeitsumfeld in Labors, Krankenh\u00e4usern und Schulen ist ein Schl\u00fcsselfaktor f\u00fcr die Erhaltung der Wettbewerbsf\u00e4higkeit und tr\u00e4gt zu Gesundheit, Engagement, Effizienz und Qualit\u00e4t bei. Sie ist jedoch keine Selbstverst\u00e4ndlichkeit. Der Mensch ist von der Luftverschmutzung in Form von Ger\u00fcchen, Gasen und Partikeln betroffen. Wir bei Fumex entwickeln Produkte, die effektiv f\u00fcr eine saubere, sichere und gesunde Arbeitsumgebung sorgen.<\/p><p>Die Produkte zeichnen sich durch modernes Design und hohe Verarbeitungsqualit\u00e4t, Effizienz und Energieeffizienz aus. Durch flexible, innovative und oft einzigartige Designl\u00f6sungen schaffen wir sowohl f\u00fcr Installateure als auch f\u00fcr Endverbraucher reine Vorteile bei Installation, Nutzung und Service.<\/p><p>Profitieren Sie von unserem Angebot f\u00fcr eine Laborumgebung.<\/p>\t<\/div>\n<\/div>\t\t\t\t<\/div>\n\t\t\t\t<\/div>\n\t\t            <\/div>\r\n        <\/div>\r\n        \t\t\t<\/div>\n\t\t<\/section>\n\t\t\t\t<\/div>","protected":false},"excerpt":{"rendered":"<p>Local Extractors Focus on clean air and a safe lab environment. Good working environment in laboratory environment, hospitals and schools is a key factor for maintaining competitiveness and contributes to health, commitment, efficiency and quality. However, it can not be taken for granted. Humans are affected by air pollution in the form of odors, gases [&hellip;]<\/p>\n","protected":false},"author":1,"featured_media":0,"parent":0,"menu_order":0,"comment_status":"closed","ping_status":"closed","template":"","meta":{"footnotes":""},"class_list":["post-13763","page","type-page","status-publish","hentry"],"_links":{"self":[{"href":"https:\/\/elementus.lv\/de\/wp-json\/wp\/v2\/pages\/13763","targetHints":{"allow":["GET"]}}],"collection":[{"href":"https:\/\/elementus.lv\/de\/wp-json\/wp\/v2\/pages"}],"about":[{"href":"https:\/\/elementus.lv\/de\/wp-json\/wp\/v2\/types\/page"}],"author":[{"embeddable":true,"href":"https:\/\/elementus.lv\/de\/wp-json\/wp\/v2\/users\/1"}],"replies":[{"embeddable":true,"href":"https:\/\/elementus.lv\/de\/wp-json\/wp\/v2\/comments?post=13763"}],"version-history":[{"count":18,"href":"https:\/\/elementus.lv\/de\/wp-json\/wp\/v2\/pages\/13763\/revisions"}],"predecessor-version":[{"id":15421,"href":"https:\/\/elementus.lv\/de\/wp-json\/wp\/v2\/pages\/13763\/revisions\/15421"}],"wp:attachment":[{"href":"https:\/\/elementus.lv\/de\/wp-json\/wp\/v2\/media?parent=13763"}],"curies":[{"name":"wp","href":"https:\/\/api.w.org\/{rel}","templated":true}]}}