{"id":14674,"date":"2025-01-08T12:40:59","date_gmt":"2025-01-08T12:40:59","guid":{"rendered":"https:\/\/elementus.lv\/?page_id=14674"},"modified":"2025-03-29T20:26:56","modified_gmt":"2025-03-29T20:26:56","slug":"brand","status":"publish","type":"page","link":"https:\/\/elementus.lv\/de\/brand\/","title":{"rendered":"Brand"},"content":{"rendered":"<div data-elementor-type=\"wp-page\" data-elementor-id=\"14674\" class=\"elementor elementor-14674\" data-elementor-post-type=\"page\">\n\t\t\t\t        <section class=\"elementor-section elementor-top-section elementor-element elementor-element-3d42c46 elementor-section-boxed elementor-section-height-default elementor-section-height-default pxl-type-header-none pxl-row-scroll-none\" data-id=\"3d42c46\" data-element_type=\"section\" data-e-type=\"section\" data-settings=\"{&quot;background_background&quot;:&quot;classic&quot;}\">\n\n                            <div class=\"elementor-background-overlay\"><\/div>\n            \n                <div class=\"elementor-container elementor-column-gap-default\">\n                <div class=\"elementor-column elementor-col-100 elementor-top-column elementor-element elementor-element-087e9c6 pxl-column-element-default pxl-column-none\" data-id=\"087e9c6\" data-element_type=\"column\" data-e-type=\"column\">\r\n        <div class=\"elementor-widget-wrap elementor-element-populated\">\r\n                     \r\n        \t\t<div class=\"elementor-element elementor-element-9ff00b5 elementor-widget elementor-widget-pxl_heading\" data-id=\"9ff00b5\" data-element_type=\"widget\" data-e-type=\"widget\" data-widget_type=\"pxl_heading.default\">\n\t\t\t\t<div class=\"elementor-widget-container\">\n\t\t\t\t\t<div class=\"pxl-heading\">\n\t<div class=\"pxl-heading--inner\">\n\t\t\t\t<h3 class=\"pxl-item--title\" data-wow-delay=\"ms\">\n\t\t\tBrand\t\t\n\t\t<\/h3>\n\t\t\t<\/div>\n<\/div>\t\t\t\t<\/div>\n\t\t\t\t<\/div>\n\t\t            <\/div>\r\n        <\/div>\r\n        \t\t\t<\/div>\n\t\t<\/section>\n\t\t        <section class=\"elementor-section elementor-top-section elementor-element elementor-element-16cca7f elementor-section-boxed elementor-section-height-default elementor-section-height-default pxl-type-header-none pxl-row-scroll-none\" data-id=\"16cca7f\" data-element_type=\"section\" data-e-type=\"section\">\n\n                \n                <div class=\"elementor-container elementor-column-gap-default\">\n                <div class=\"elementor-column elementor-col-50 elementor-top-column elementor-element elementor-element-99aba0e pxl-column-element-default pxl-column-none\" data-id=\"99aba0e\" data-element_type=\"column\" data-e-type=\"column\">\r\n        <div class=\"elementor-widget-wrap elementor-element-populated\">\r\n                     \r\n        \t\t<div class=\"elementor-element elementor-element-4af8dd3 elementor-widget elementor-widget-pxl_text_editor\" data-id=\"4af8dd3\" data-element_type=\"widget\" data-e-type=\"widget\" data-widget_type=\"pxl_text_editor.default\">\n\t\t\t\t<div class=\"elementor-widget-container\">\n\t\t\t\t\t<div class=\"pxl-text-editor\">\n\t<div class=\"pxl-item--inner\" data-wow-delay=\"ms\">\n\t\t<h4>Pr\u00e4zision und Verl\u00e4sslichkeit mit BRAND\u00ae Pipetten<\/h4>\t<\/div>\n<\/div>\t\t\t\t<\/div>\n\t\t\t\t<\/div>\n\t\t            <\/div>\r\n        <\/div>\r\n                <div class=\"elementor-column elementor-col-50 elementor-top-column elementor-element elementor-element-fed6d55 pxl-column-element-default pxl-column-none\" data-id=\"fed6d55\" data-element_type=\"column\" data-e-type=\"column\">\r\n        <div class=\"elementor-widget-wrap elementor-element-populated\">\r\n                     \r\n        \t\t<div class=\"elementor-element elementor-element-345823e elementor-widget elementor-widget-pxl_image\" data-id=\"345823e\" data-element_type=\"widget\" data-e-type=\"widget\" data-widget_type=\"pxl_image.default\">\n\t\t\t\t<div class=\"elementor-widget-container\">\n\t\t\t\t\t<div class=\"pxl-image-single\" data-wow-delay=\"ms\">\r\n                                        <div class=\"pxl-item--inner\">\r\n                    <a href=\"https:\/\/www.brand.de\/en\/\" target=\"_blank\" rel=\"noopener\">                        <img decoding=\"async\" width=\"128\" height=\"158\" src=\"https:\/\/elementus.lv\/wp-content\/uploads\/2025\/01\/csm_BRAND_Logo_registered_weissraum_1740bc768d-small.png\" class=\"no-lazyload attachment-full\" alt=\"\" \/>                    <\/a>                <\/div>\r\n                        <\/div>\t\t\t\t<\/div>\n\t\t\t\t<\/div>\n\t\t            <\/div>\r\n        <\/div>\r\n        \t\t\t<\/div>\n\t\t<\/section>\n\t\t        <section class=\"elementor-section elementor-top-section elementor-element elementor-element-45188f2 elementor-section-boxed elementor-section-height-default elementor-section-height-default pxl-type-header-none pxl-row-scroll-none\" data-id=\"45188f2\" data-element_type=\"section\" data-e-type=\"section\">\n\n                \n                <div class=\"elementor-container elementor-column-gap-default\">\n                <div class=\"elementor-column elementor-col-100 elementor-top-column elementor-element elementor-element-e2a0d97 pxl-column-element-default pxl-column-none\" data-id=\"e2a0d97\" data-element_type=\"column\" data-e-type=\"column\">\r\n        <div class=\"elementor-widget-wrap elementor-element-populated\">\r\n                     \r\n        \t\t<div class=\"elementor-element elementor-element-92d8196 elementor-widget elementor-widget-pxl_text_editor\" data-id=\"92d8196\" data-element_type=\"widget\" data-e-type=\"widget\" data-widget_type=\"pxl_text_editor.default\">\n\t\t\t\t<div class=\"elementor-widget-container\">\n\t\t\t\t\t<div class=\"pxl-text-editor\">\n\t<div class=\"pxl-item--inner\" data-wow-delay=\"ms\">\n\t\t<p>BRAND\u00ae Pipetten sind der Ma\u00dfstab f\u00fcr pr\u00e4zises Liquid Handling in Laboren weltweit. Entwickelt mit deutscher Ingenieurskunst und jahrzehntelanger Erfahrung bietet BRAND\u00ae ein umfassendes Sortiment an Pipettierl\u00f6sungen f\u00fcr Forscher, Kliniker und Laborexperten, die Genauigkeit, Zuverl\u00e4ssigkeit und ergonomische Bedienung suchen.<\/p>\t<\/div>\n<\/div>\t\t\t\t<\/div>\n\t\t\t\t<\/div>\n\t\t            <\/div>\r\n        <\/div>\r\n        \t\t\t<\/div>\n\t\t<\/section>\n\t\t        <section class=\"elementor-section elementor-top-section elementor-element elementor-element-dc3905c elementor-section-boxed elementor-section-height-default elementor-section-height-default pxl-type-header-none pxl-row-scroll-none\" data-id=\"dc3905c\" data-element_type=\"section\" data-e-type=\"section\">\n\n                \n                <div class=\"elementor-container elementor-column-gap-default\">\n                <div class=\"elementor-column elementor-col-50 elementor-top-column elementor-element elementor-element-0e168e3 pxl-column-element-default pxl-column-none\" data-id=\"0e168e3\" data-element_type=\"column\" data-e-type=\"column\">\r\n        <div class=\"elementor-widget-wrap elementor-element-populated\">\r\n                     \r\n        \t\t<div class=\"elementor-element elementor-element-d20d722 elementor-widget__width-initial elementor-widget elementor-widget-pxl_text_editor\" data-id=\"d20d722\" data-element_type=\"widget\" data-e-type=\"widget\" data-widget_type=\"pxl_text_editor.default\">\n\t\t\t\t<div class=\"elementor-widget-container\">\n\t\t\t\t\t<div class=\"pxl-text-editor\">\n\t<div class=\"pxl-item--inner\" data-wow-delay=\"ms\">\n\t\t<p><strong>Pr\u00e4zision und Verl\u00e4sslichkeit mit BRAND\u00ae Pipetten<\/strong><\/p><p>BRAND\u00ae Pipetten sind der Ma\u00dfstab f\u00fcr pr\u00e4zises Liquid Handling in Laboren weltweit. Entwickelt mit deutscher Ingenieurskunst und jahrzehntelanger Erfahrung bietet BRAND\u00ae ein umfassendes Sortiment an Pipettierl\u00f6sungen f\u00fcr Forscher, Kliniker und Laborexperten, die Genauigkeit, Zuverl\u00e4ssigkeit und ergonomische Bedienung suchen.<\/p><p><strong>Hauptmerkmale der BRAND\u00ae Pipetten:<\/strong><\/p><ul><li><strong>Pr\u00e4zision und Genauigkeit<\/strong>: BRAND\u00ae Pipetten sind kalibriert, um eine gleichbleibende Leistung zu gew\u00e4hrleisten, selbst bei den empfindlichsten Anwendungen.<\/li><li><strong>Ergonomisches Design<\/strong>: Die leichte Konstruktion und die durchdachten Griffe verringern die Belastung bei l\u00e4ngerem Gebrauch und erh\u00f6hen den Benutzerkomfort.<\/li><\/ul>\t<\/div>\n<\/div>\t\t\t\t<\/div>\n\t\t\t\t<\/div>\n\t\t            <\/div>\r\n        <\/div>\r\n                <div class=\"elementor-column elementor-col-50 elementor-top-column elementor-element elementor-element-6fb3ced pxl-column-element-default pxl-column-none\" data-id=\"6fb3ced\" data-element_type=\"column\" data-e-type=\"column\">\r\n        <div class=\"elementor-widget-wrap elementor-element-populated\">\r\n                     \r\n        \t\t<div class=\"elementor-element elementor-element-3063778 elementor-widget__width-initial elementor-widget elementor-widget-pxl_image\" data-id=\"3063778\" data-element_type=\"widget\" data-e-type=\"widget\" data-widget_type=\"pxl_image.default\">\n\t\t\t\t<div class=\"elementor-widget-container\">\n\t\t\t\t\t<div class=\"pxl-image-single\" data-wow-delay=\"ms\">\r\n                                        <div class=\"pxl-item--inner\">\r\n                                            <img fetchpriority=\"high\" decoding=\"async\" width=\"300\" height=\"300\" src=\"https:\/\/elementus.lv\/wp-content\/uploads\/2025\/01\/Brand.jpg\" class=\"no-lazyload attachment-full\" alt=\"\" srcset=\"https:\/\/elementus.lv\/wp-content\/uploads\/2025\/01\/Brand.jpg 300w, https:\/\/elementus.lv\/wp-content\/uploads\/2025\/01\/Brand-150x150.jpg 150w, https:\/\/elementus.lv\/wp-content\/uploads\/2025\/01\/Brand-250x250.jpg 250w, https:\/\/elementus.lv\/wp-content\/uploads\/2025\/01\/Brand-96x96.jpg 96w\" sizes=\"(max-width: 300px) 100vw, 300px\" \/>                                    <\/div>\r\n                        <\/div>\t\t\t\t<\/div>\n\t\t\t\t<\/div>\n\t\t            <\/div>\r\n        <\/div>\r\n        \t\t\t<\/div>\n\t\t<\/section>\n\t\t        <section class=\"elementor-section elementor-top-section elementor-element elementor-element-d988598 elementor-section-boxed elementor-section-height-default elementor-section-height-default pxl-type-header-none pxl-row-scroll-none\" data-id=\"d988598\" data-element_type=\"section\" data-e-type=\"section\">\n\n                \n                <div class=\"elementor-container elementor-column-gap-default\">\n                <div class=\"elementor-column elementor-col-50 elementor-top-column elementor-element elementor-element-7d6f808 pxl-column-element-default pxl-column-none\" data-id=\"7d6f808\" data-element_type=\"column\" data-e-type=\"column\">\r\n        <div class=\"elementor-widget-wrap elementor-element-populated\">\r\n                     \r\n        \t\t<div class=\"elementor-element elementor-element-fd6a869 elementor-widget__width-initial elementor-widget elementor-widget-pxl_image\" data-id=\"fd6a869\" data-element_type=\"widget\" data-e-type=\"widget\" data-widget_type=\"pxl_image.default\">\n\t\t\t\t<div class=\"elementor-widget-container\">\n\t\t\t\t\t<div class=\"pxl-image-single\" data-wow-delay=\"ms\">\r\n                                        <div class=\"pxl-item--inner\">\r\n                                            <img decoding=\"async\" width=\"1000\" height=\"1000\" src=\"https:\/\/elementus.lv\/wp-content\/uploads\/2025\/03\/PIP5229.jpg\" class=\"no-lazyload attachment-full\" alt=\"\" srcset=\"https:\/\/elementus.lv\/wp-content\/uploads\/2025\/03\/PIP5229.jpg 1000w, https:\/\/elementus.lv\/wp-content\/uploads\/2025\/03\/PIP5229-300x300.jpg 300w, https:\/\/elementus.lv\/wp-content\/uploads\/2025\/03\/PIP5229-150x150.jpg 150w, https:\/\/elementus.lv\/wp-content\/uploads\/2025\/03\/PIP5229-768x768.jpg 768w, https:\/\/elementus.lv\/wp-content\/uploads\/2025\/03\/PIP5229-12x12.jpg 12w, https:\/\/elementus.lv\/wp-content\/uploads\/2025\/03\/PIP5229-710x710.jpg 710w, https:\/\/elementus.lv\/wp-content\/uploads\/2025\/03\/PIP5229-600x600.jpg 600w, https:\/\/elementus.lv\/wp-content\/uploads\/2025\/03\/PIP5229-250x250.jpg 250w, https:\/\/elementus.lv\/wp-content\/uploads\/2025\/03\/PIP5229-96x96.jpg 96w\" sizes=\"(max-width: 1000px) 100vw, 1000px\" \/>                                    <\/div>\r\n                        <\/div>\t\t\t\t<\/div>\n\t\t\t\t<\/div>\n\t\t            <\/div>\r\n        <\/div>\r\n                <div class=\"elementor-column elementor-col-50 elementor-top-column elementor-element elementor-element-4cc5f17 pxl-column-element-default pxl-column-none\" data-id=\"4cc5f17\" data-element_type=\"column\" data-e-type=\"column\">\r\n        <div class=\"elementor-widget-wrap elementor-element-populated\">\r\n                     \r\n        \t\t<div class=\"elementor-element elementor-element-4e76c1d elementor-widget__width-initial elementor-widget elementor-widget-pxl_text_editor\" data-id=\"4e76c1d\" data-element_type=\"widget\" data-e-type=\"widget\" data-widget_type=\"pxl_text_editor.default\">\n\t\t\t\t<div class=\"elementor-widget-container\">\n\t\t\t\t\t<div class=\"pxl-text-editor\">\n\t<div class=\"pxl-item--inner\" data-wow-delay=\"ms\">\n\t\t<ul><li><strong>Breite Palette von Modellen<\/strong>: Von Einkanal- \u00fcber Mehrkanal- bis hin zu elektronischen Pipetten bietet BRAND\u00ae Optionen f\u00fcr die unterschiedlichsten Laboranforderungen.<\/li><li><strong>Chemische Best\u00e4ndigkeit<\/strong>: Hergestellt aus hochwertigen Materialien f\u00fcr Langlebigkeit und Kompatibilit\u00e4t mit einer Vielzahl von Reagenzien.<\/li><li><strong>Einfache Wartung<\/strong>: Einfache Demontage und autoklavierbare Komponenten erm\u00f6glichen eine problemlose Reinigung und Sterilisation.<p><strong>Produktportfolio:<\/strong><\/p><\/li><\/ul><ul><li><strong>Ein-Kanal-Pipetten<\/strong>: Ideal f\u00fcr hochpr\u00e4zise Anwendungen mit Schwerpunkt auf der individuellen Probenhandhabung.<\/li><li><strong>Mehrkanal-Pipetten<\/strong>: Erh\u00e4ltlich in 8- und 12-Kanal-Konfigurationen f\u00fcr effizientes Arbeiten mit Mikroplatten.<\/li><li><strong>Elektronische Pipetten<\/strong>: Fortschrittliche digitale Steuerung f\u00fcr automatisiertes Liquid Handling mit hohem Durchsatz.<\/li><li><strong>Zubeh\u00f6r<\/strong>: Ein umfassendes Angebot an Pipettenspitzen, St\u00e4ndern und Kalibrierungswerkzeugen zur Optimierung der Leistung.<\/li><\/ul><p>\u00a0<\/p>\t<\/div>\n<\/div>\t\t\t\t<\/div>\n\t\t\t\t<\/div>\n\t\t            <\/div>\r\n        <\/div>\r\n        \t\t\t<\/div>\n\t\t<\/section>\n\t\t        <section class=\"elementor-section elementor-top-section elementor-element elementor-element-8a9d9a6 elementor-section-boxed elementor-section-height-default elementor-section-height-default pxl-type-header-none pxl-row-scroll-none\" data-id=\"8a9d9a6\" data-element_type=\"section\" data-e-type=\"section\">\n\n                \n                <div class=\"elementor-container elementor-column-gap-default\">\n                <div class=\"elementor-column elementor-col-100 elementor-top-column elementor-element elementor-element-6e1f5aa pxl-column-element-default pxl-column-none\" data-id=\"6e1f5aa\" data-element_type=\"column\" data-e-type=\"column\">\r\n        <div class=\"elementor-widget-wrap elementor-element-populated\">\r\n                     \r\n        \t\t<div class=\"elementor-element elementor-element-faf9d38 elementor-widget__width-initial elementor-widget elementor-widget-pxl_text_editor\" data-id=\"faf9d38\" data-element_type=\"widget\" data-e-type=\"widget\" data-widget_type=\"pxl_text_editor.default\">\n\t\t\t\t<div class=\"elementor-widget-container\">\n\t\t\t\t\t<div class=\"pxl-text-editor\">\n\t<div class=\"pxl-item--inner\" data-wow-delay=\"ms\">\n\t\t<p><strong>Warum BRAND\u00ae w\u00e4hlen?<\/strong><\/p><ul><li><strong>ISO-zertifizierte Fertigung:<\/strong> BRAND\u00ae Pipetten werden nach den h\u00f6chsten internationalen Standards zur Qualit\u00e4tssicherung hergestellt.<br \/>Nachhaltigkeitsverpflichtung: BRAND\u00ae wendet bei der Produktion umweltbewusste Praktiken an und minimiert Abfall und Energieverbrauch.<br \/>Weltweites Vertrauen: BRAND\u00ae Pipetten werden weltweit in akademischen, industriellen und klinischen Labors eingesetzt und sind ein zuverl\u00e4ssiger Partner f\u00fcr genaue Ergebnisse.<\/li><li><strong>BRAND\u00ae-Pipetten<\/strong> sind mehr als nur Werkzeuge - sie sind eine Investition in die Pr\u00e4zision und Qualit\u00e4t Ihrer Arbeit. Erleben Sie unvergleichliche Leistung und Benutzerfreundlichkeit mit den BRAND\u00ae Pipetten, der zuverl\u00e4ssigen Wahl f\u00fcr Labore \u00fcberall.<\/li><\/ul>\t<\/div>\n<\/div>\t\t\t\t<\/div>\n\t\t\t\t<\/div>\n\t\t            <\/div>\r\n        <\/div>\r\n        \t\t\t<\/div>\n\t\t<\/section>\n\t\t        <section class=\"elementor-section elementor-top-section elementor-element elementor-element-64380ed elementor-section-boxed elementor-section-height-default elementor-section-height-default pxl-type-header-none pxl-row-scroll-none\" data-id=\"64380ed\" data-element_type=\"section\" data-e-type=\"section\">\n\n                \n                <div class=\"elementor-container elementor-column-gap-default\">\n                <div class=\"elementor-column elementor-col-33 elementor-top-column elementor-element elementor-element-9f362dd pxl-column-element-default pxl-column-none\" data-id=\"9f362dd\" data-element_type=\"column\" data-e-type=\"column\">\r\n        <div class=\"elementor-widget-wrap\">\r\n                     \r\n                    <\/div>\r\n        <\/div>\r\n                <div class=\"elementor-column elementor-col-33 elementor-top-column elementor-element elementor-element-905af25 pxl-column-element-default pxl-column-none\" data-id=\"905af25\" data-element_type=\"column\" data-e-type=\"column\">\r\n        <div class=\"elementor-widget-wrap elementor-element-populated\">\r\n                     \r\n        \t\t<div class=\"elementor-element elementor-element-76e67b7 elementor-widget__width-initial elementor-widget elementor-widget-pxl_showcase\" data-id=\"76e67b7\" data-element_type=\"widget\" data-e-type=\"widget\" data-widget_type=\"pxl_showcase.default\">\n\t\t\t\t<div class=\"elementor-widget-container\">\n\t\t\t\t\t<div class=\"pxl-showcase layout2\" data-wow-delay=\"ms\">\r\n    <div class=\"inner-box item-normarl\">\r\n        <div class=\"item-feature\">\r\n                        <img loading=\"lazy\" decoding=\"async\" width=\"200\" height=\"226\" src=\"https:\/\/elementus.lv\/wp-content\/uploads\/2024\/12\/csm_BRAND_Logo_registered_weissraum_1740bc768d.png\" class=\"attachment-medium\" alt=\"\" \/>            <div class=\"pxl-item-links\">\r\n                                    <a class=\"link-1\" href=\"https:\/\/elementus.lv\/wp-content\/uploads\/2025\/01\/Brand.pdf\" target=\"_blank\">\r\n                        <span>Brand<\/span>\r\n                    <\/a>\r\n                                                    <a class=\"link-2\" href=\"https:\/\/elementus.lv\/wp-content\/uploads\/2025\/01\/Brand.pdf?dl\">\r\n                        <span><\/span>\r\n                    <\/a>\r\n                            <\/div>\r\n        <\/div>\r\n        <h3 class=\"item-title\">\r\n                            Brand                    <\/h3>\r\n    <\/div>\r\n<\/div>\t\t\t\t<\/div>\n\t\t\t\t<\/div>\n\t\t\t\t<div class=\"elementor-element elementor-element-b913c2f elementor-align-center elementor-widget elementor-widget-button\" data-id=\"b913c2f\" data-element_type=\"widget\" data-e-type=\"widget\" data-widget_type=\"button.default\">\n\t\t\t\t<div class=\"elementor-widget-container\">\n\t\t\t\t\t\t\t\t\t<div class=\"elementor-button-wrapper\">\n\t\t\t\t\t<a class=\"elementor-button elementor-button-link elementor-size-sm\" href=\"https:\/\/elementus.lv\/wp-content\/uploads\/2025\/01\/Brand.pdf?dl=1\" download=\"Brand.pdf\">\n\t\t\t\t\t\t<span class=\"elementor-button-content-wrapper\">\n\t\t\t\t\t\t\t\t\t<span class=\"elementor-button-text\">Katalog herunterladen<\/span>\n\t\t\t\t\t<\/span>\n\t\t\t\t\t<\/a>\n\t\t\t\t<\/div>\n\t\t\t\t\t\t\t\t<\/div>\n\t\t\t\t<\/div>\n\t\t            <\/div>\r\n        <\/div>\r\n                <div class=\"elementor-column elementor-col-33 elementor-top-column elementor-element elementor-element-8a969fe pxl-column-element-default pxl-column-none\" data-id=\"8a969fe\" data-element_type=\"column\" data-e-type=\"column\">\r\n        <div class=\"elementor-widget-wrap\">\r\n                     \r\n                    <\/div>\r\n        <\/div>\r\n        \t\t\t<\/div>\n\t\t<\/section>\n\t\t\t\t<\/div>","protected":false},"excerpt":{"rendered":"<p>Brand Precision and Reliability with BRAND\u00ae Pipettes BRAND\u00ae pipettes are the benchmark for precision liquid handling in laboratories worldwide. Designed with German engineering excellence and decades of expertise, BRAND\u00ae offers a comprehensive range of pipetting solutions for researchers, clinicians, and lab professionals seeking accuracy, reliability, and ergonomic operation. Precision and Reliability with BRAND\u00ae Pipettes BRAND\u00ae [&hellip;]<\/p>\n","protected":false},"author":1,"featured_media":0,"parent":0,"menu_order":0,"comment_status":"closed","ping_status":"closed","template":"","meta":{"footnotes":""},"class_list":["post-14674","page","type-page","status-publish","hentry"],"_links":{"self":[{"href":"https:\/\/elementus.lv\/de\/wp-json\/wp\/v2\/pages\/14674","targetHints":{"allow":["GET"]}}],"collection":[{"href":"https:\/\/elementus.lv\/de\/wp-json\/wp\/v2\/pages"}],"about":[{"href":"https:\/\/elementus.lv\/de\/wp-json\/wp\/v2\/types\/page"}],"author":[{"embeddable":true,"href":"https:\/\/elementus.lv\/de\/wp-json\/wp\/v2\/users\/1"}],"replies":[{"embeddable":true,"href":"https:\/\/elementus.lv\/de\/wp-json\/wp\/v2\/comments?post=14674"}],"version-history":[{"count":51,"href":"https:\/\/elementus.lv\/de\/wp-json\/wp\/v2\/pages\/14674\/revisions"}],"predecessor-version":[{"id":16390,"href":"https:\/\/elementus.lv\/de\/wp-json\/wp\/v2\/pages\/14674\/revisions\/16390"}],"wp:attachment":[{"href":"https:\/\/elementus.lv\/de\/wp-json\/wp\/v2\/media?parent=14674"}],"curies":[{"name":"wp","href":"https:\/\/api.w.org\/{rel}","templated":true}]}}