{"id":14681,"date":"2025-01-08T13:02:50","date_gmt":"2025-01-08T13:02:50","guid":{"rendered":"https:\/\/elementus.lv\/?page_id=14681"},"modified":"2025-03-29T16:50:39","modified_gmt":"2025-03-29T16:50:39","slug":"burkle","status":"publish","type":"page","link":"https:\/\/elementus.lv\/de\/burkle\/","title":{"rendered":"Burkle"},"content":{"rendered":"<div data-elementor-type=\"wp-page\" data-elementor-id=\"14681\" class=\"elementor elementor-14681\" data-elementor-post-type=\"page\">\n\t\t\t\t        <section class=\"elementor-section elementor-top-section elementor-element elementor-element-f1352da elementor-section-boxed elementor-section-height-default elementor-section-height-default pxl-type-header-none pxl-row-scroll-none\" data-id=\"f1352da\" data-element_type=\"section\" data-e-type=\"section\" data-settings=\"{&quot;background_background&quot;:&quot;classic&quot;}\">\n\n                            <div class=\"elementor-background-overlay\"><\/div>\n            \n                <div class=\"elementor-container elementor-column-gap-default\">\n                <div class=\"elementor-column elementor-col-100 elementor-top-column elementor-element elementor-element-b06f798 pxl-column-element-default pxl-column-none\" data-id=\"b06f798\" data-element_type=\"column\" data-e-type=\"column\">\r\n        <div class=\"elementor-widget-wrap elementor-element-populated\">\r\n                     \r\n        \t\t<div class=\"elementor-element elementor-element-5764dc2 elementor-widget elementor-widget-pxl_heading\" data-id=\"5764dc2\" data-element_type=\"widget\" data-e-type=\"widget\" data-widget_type=\"pxl_heading.default\">\n\t\t\t\t<div class=\"elementor-widget-container\">\n\t\t\t\t\t<div class=\"pxl-heading\">\n\t<div class=\"pxl-heading--inner\">\n\t\t\t\t<h3 class=\"pxl-item--title\" data-wow-delay=\"ms\">\n\t\t\tB\u00fcrkle\t\t\n\t\t<\/h3>\n\t\t\t<\/div>\n<\/div>\t\t\t\t<\/div>\n\t\t\t\t<\/div>\n\t\t            <\/div>\r\n        <\/div>\r\n        \t\t\t<\/div>\n\t\t<\/section>\n\t\t        <section class=\"elementor-section elementor-top-section elementor-element elementor-element-ba7b742 elementor-section-boxed elementor-section-height-default elementor-section-height-default pxl-type-header-none pxl-row-scroll-none\" data-id=\"ba7b742\" data-element_type=\"section\" data-e-type=\"section\">\n\n                \n                <div class=\"elementor-container elementor-column-gap-default\">\n                <div class=\"elementor-column elementor-col-100 elementor-top-column elementor-element elementor-element-13de5d0 pxl-column-element-default pxl-column-none\" data-id=\"13de5d0\" data-element_type=\"column\" data-e-type=\"column\">\r\n        <div class=\"elementor-widget-wrap elementor-element-populated\">\r\n                     \r\n        \t\t<div class=\"elementor-element elementor-element-e7ce829 elementor-widget__width-initial elementor-widget elementor-widget-pxl_text_editor\" data-id=\"e7ce829\" data-element_type=\"widget\" data-e-type=\"widget\" data-widget_type=\"pxl_text_editor.default\">\n\t\t\t\t<div class=\"elementor-widget-container\">\n\t\t\t\t\t<div class=\"pxl-text-editor\">\n\t<div class=\"pxl-item--inner\" data-wow-delay=\"ms\">\n\t\t\t<\/div>\n<\/div>\t\t\t\t<\/div>\n\t\t\t\t<\/div>\n\t\t            <\/div>\r\n        <\/div>\r\n        \t\t\t<\/div>\n\t\t<\/section>\n\t\t        <section class=\"elementor-section elementor-top-section elementor-element elementor-element-c30c0d7 elementor-section-boxed elementor-section-height-default elementor-section-height-default pxl-type-header-none pxl-row-scroll-none\" data-id=\"c30c0d7\" data-element_type=\"section\" data-e-type=\"section\">\n\n                \n                <div class=\"elementor-container elementor-column-gap-default\">\n                <div class=\"elementor-column elementor-col-50 elementor-top-column elementor-element elementor-element-b1587d0 pxl-column-element-default pxl-column-none\" data-id=\"b1587d0\" data-element_type=\"column\" data-e-type=\"column\">\r\n        <div class=\"elementor-widget-wrap elementor-element-populated\">\r\n                     \r\n        \t\t<div class=\"elementor-element elementor-element-050cc4e elementor-widget__width-initial elementor-widget elementor-widget-pxl_text_editor\" data-id=\"050cc4e\" data-element_type=\"widget\" data-e-type=\"widget\" data-widget_type=\"pxl_text_editor.default\">\n\t\t\t\t<div class=\"elementor-widget-container\">\n\t\t\t\t\t<div class=\"pxl-text-editor\">\n\t<div class=\"pxl-item--inner\" data-wow-delay=\"ms\">\n\t\t<h5>B\u00fcrkle bietet ein breites Spektrum an hochwertigen Probennehmern, Fass- und Containerpumpen sowie Laborbedarf mit dem Fokus auf Qualit\u00e4t und Innovation. Mit einer breiten Produktpalette und umfassenden Beratungsleistungen unterst\u00fctzt B\u00fcrkle weltweit Kunden aus den unterschiedlichsten Bereichen von Industrie, Labor und Wissenschaft.<\/h5>\t<\/div>\n<\/div>\t\t\t\t<\/div>\n\t\t\t\t<\/div>\n\t\t            <\/div>\r\n        <\/div>\r\n                <div class=\"elementor-column elementor-col-50 elementor-top-column elementor-element elementor-element-d8af92d pxl-column-element-default pxl-column-none\" data-id=\"d8af92d\" data-element_type=\"column\" data-e-type=\"column\">\r\n        <div class=\"elementor-widget-wrap elementor-element-populated\">\r\n                     \r\n        \t\t<div class=\"elementor-element elementor-element-6b223fa elementor-widget__width-initial elementor-widget elementor-widget-pxl_image\" data-id=\"6b223fa\" data-element_type=\"widget\" data-e-type=\"widget\" data-widget_type=\"pxl_image.default\">\n\t\t\t\t<div class=\"elementor-widget-container\">\n\t\t\t\t\t<div class=\"pxl-image-single\" data-wow-delay=\"ms\">\r\n                                        <div class=\"pxl-item--inner\">\r\n                    <a href=\"https:\/\/www.buerkle.de\/en\" target=\"_blank\" rel=\"noopener\">                        <img fetchpriority=\"high\" decoding=\"async\" width=\"275\" height=\"183\" src=\"https:\/\/elementus.lv\/wp-content\/uploads\/2024\/12\/download-4.png\" class=\"no-lazyload attachment-full\" alt=\"\" \/>                    <\/a>                <\/div>\r\n                        <\/div>\t\t\t\t<\/div>\n\t\t\t\t<\/div>\n\t\t            <\/div>\r\n        <\/div>\r\n        \t\t\t<\/div>\n\t\t<\/section>\n\t\t        <section class=\"elementor-section elementor-top-section elementor-element elementor-element-f9d970c elementor-section-boxed elementor-section-height-default elementor-section-height-default pxl-type-header-none pxl-row-scroll-none\" data-id=\"f9d970c\" data-element_type=\"section\" data-e-type=\"section\">\n\n                \n                <div class=\"elementor-container elementor-column-gap-default\">\n                <div class=\"elementor-column elementor-col-33 elementor-top-column elementor-element elementor-element-4be1617 pxl-column-element-default pxl-column-none\" data-id=\"4be1617\" data-element_type=\"column\" data-e-type=\"column\">\r\n        <div class=\"elementor-widget-wrap elementor-element-populated\">\r\n                     \r\n        \t\t<div class=\"elementor-element elementor-element-b50f194 elementor-widget elementor-widget-pxl_text_editor\" data-id=\"b50f194\" data-element_type=\"widget\" data-e-type=\"widget\" data-widget_type=\"pxl_text_editor.default\">\n\t\t\t\t<div class=\"elementor-widget-container\">\n\t\t\t\t\t<div class=\"pxl-text-editor\">\n\t<div class=\"pxl-item--inner\" data-wow-delay=\"ms\">\n\t\t<p><strong>Produkte:<\/strong><\/p><p>Laborzentrifugen sind vielseitige Ger\u00e4te, die in zahlreichen Bereichen eine wichtige Rolle spielen. Einige der h\u00e4ufigsten Anwendungen sind:<\/p><ul><li><strong>Ausr\u00fcstung f\u00fcr die Probenahme<\/strong> - L\u00f6ffel, Schaufeln, Probenehmer f\u00fcr Fl\u00fcssigkeiten, Pulver und Granulate.<\/li><li><strong>Abgabesysteme<\/strong> - Pumpen und Dosierl\u00f6sungen f\u00fcr Chemie- und Laboranwendungen.<\/li><li><strong>Beh\u00e4lter und Flaschen<\/strong> - Sicherheitsbeh\u00e4lter, F\u00e4sser und Transportl\u00f6sungen.<\/li><li><strong>Labor-Zubeh\u00f6r<\/strong> - Trichter, Spatel, R\u00fchrer und Schl\u00e4uche<\/li><\/ul>\t<\/div>\n<\/div>\t\t\t\t<\/div>\n\t\t\t\t<\/div>\n\t\t            <\/div>\r\n        <\/div>\r\n                <div class=\"elementor-column elementor-col-33 elementor-top-column elementor-element elementor-element-2979b8a pxl-column-element-default pxl-column-none\" data-id=\"2979b8a\" data-element_type=\"column\" data-e-type=\"column\">\r\n        <div class=\"elementor-widget-wrap elementor-element-populated\">\r\n                     \r\n        \t\t<div class=\"elementor-element elementor-element-bdc5d2c elementor-widget-laptop__width-initial elementor-widget elementor-widget-image\" data-id=\"bdc5d2c\" data-element_type=\"widget\" data-e-type=\"widget\" data-widget_type=\"image.default\">\n\t\t\t\t<div class=\"elementor-widget-container\">\n\t\t\t\t\t\t\t\t\t\t\t\t\t\t\t<img decoding=\"async\" width=\"376\" height=\"500\" src=\"https:\/\/elementus.lv\/wp-content\/uploads\/2025\/03\/63760-2505899.jpg\" class=\"attachment-large size-large wp-image-16276\" alt=\"\" srcset=\"https:\/\/elementus.lv\/wp-content\/uploads\/2025\/03\/63760-2505899.jpg 376w, https:\/\/elementus.lv\/wp-content\/uploads\/2025\/03\/63760-2505899-226x300.jpg 226w, https:\/\/elementus.lv\/wp-content\/uploads\/2025\/03\/63760-2505899-9x12.jpg 9w\" sizes=\"(max-width: 376px) 100vw, 376px\" \/>\t\t\t\t\t\t\t\t\t\t\t\t\t\t\t<\/div>\n\t\t\t\t<\/div>\n\t\t            <\/div>\r\n        <\/div>\r\n                <div class=\"elementor-column elementor-col-33 elementor-top-column elementor-element elementor-element-e65b3db pxl-column-element-default pxl-column-none\" data-id=\"e65b3db\" data-element_type=\"column\" data-e-type=\"column\">\r\n        <div class=\"elementor-widget-wrap elementor-element-populated\">\r\n                     \r\n        \t\t<div class=\"elementor-element elementor-element-6b75ba2 elementor-widget-laptop__width-initial elementor-widget-mobile__width-initial elementor-widget elementor-widget-pxl_image\" data-id=\"6b75ba2\" data-element_type=\"widget\" data-e-type=\"widget\" data-widget_type=\"pxl_image.default\">\n\t\t\t\t<div class=\"elementor-widget-container\">\n\t\t\t\t\t<div class=\"pxl-image-single\" data-wow-delay=\"ms\">\r\n                                        <div class=\"pxl-item--inner\">\r\n                                            <img decoding=\"async\" width=\"332\" height=\"335\" src=\"https:\/\/elementus.lv\/wp-content\/uploads\/2025\/03\/1578387133_water-sampler-5354-5355.jpg\" class=\"no-lazyload attachment-full\" alt=\"\" srcset=\"https:\/\/elementus.lv\/wp-content\/uploads\/2025\/03\/1578387133_water-sampler-5354-5355.jpg 332w, https:\/\/elementus.lv\/wp-content\/uploads\/2025\/03\/1578387133_water-sampler-5354-5355-297x300.jpg 297w, https:\/\/elementus.lv\/wp-content\/uploads\/2025\/03\/1578387133_water-sampler-5354-5355-150x150.jpg 150w, https:\/\/elementus.lv\/wp-content\/uploads\/2025\/03\/1578387133_water-sampler-5354-5355-12x12.jpg 12w, https:\/\/elementus.lv\/wp-content\/uploads\/2025\/03\/1578387133_water-sampler-5354-5355-96x96.jpg 96w\" sizes=\"(max-width: 332px) 100vw, 332px\" \/>                                    <\/div>\r\n                        <\/div>\t\t\t\t<\/div>\n\t\t\t\t<\/div>\n\t\t\t\t<div class=\"elementor-element elementor-element-6a55a78 elementor-widget-laptop__width-initial elementor-widget-mobile__width-initial elementor-widget elementor-widget-image\" data-id=\"6a55a78\" data-element_type=\"widget\" data-e-type=\"widget\" data-widget_type=\"image.default\">\n\t\t\t\t<div class=\"elementor-widget-container\">\n\t\t\t\t\t\t\t\t\t\t\t\t\t\t\t<img loading=\"lazy\" decoding=\"async\" width=\"540\" height=\"450\" src=\"https:\/\/elementus.lv\/wp-content\/uploads\/2025\/03\/buerkle-5354-4100-long-handle-sampler-telescoop-bottle-holder-pr53319.jpg\" class=\"attachment-large size-large wp-image-16275\" alt=\"\" srcset=\"https:\/\/elementus.lv\/wp-content\/uploads\/2025\/03\/buerkle-5354-4100-long-handle-sampler-telescoop-bottle-holder-pr53319.jpg 540w, https:\/\/elementus.lv\/wp-content\/uploads\/2025\/03\/buerkle-5354-4100-long-handle-sampler-telescoop-bottle-holder-pr53319-300x250.jpg 300w, https:\/\/elementus.lv\/wp-content\/uploads\/2025\/03\/buerkle-5354-4100-long-handle-sampler-telescoop-bottle-holder-pr53319-14x12.jpg 14w\" sizes=\"(max-width: 540px) 100vw, 540px\" \/>\t\t\t\t\t\t\t\t\t\t\t\t\t\t\t<\/div>\n\t\t\t\t<\/div>\n\t\t            <\/div>\r\n        <\/div>\r\n        \t\t\t<\/div>\n\t\t<\/section>\n\t\t        <section class=\"elementor-section elementor-top-section elementor-element elementor-element-a94343f elementor-section-boxed elementor-section-height-default elementor-section-height-default pxl-type-header-none pxl-row-scroll-none\" data-id=\"a94343f\" data-element_type=\"section\" data-e-type=\"section\">\n\n                \n                <div class=\"elementor-container elementor-column-gap-default\">\n                <div class=\"elementor-column elementor-col-100 elementor-top-column elementor-element elementor-element-b48af5d pxl-column-element-default pxl-column-none\" data-id=\"b48af5d\" data-element_type=\"column\" data-e-type=\"column\">\r\n        <div class=\"elementor-widget-wrap elementor-element-populated\">\r\n                     \r\n        \t\t<div class=\"elementor-element elementor-element-6c6c7b4 elementor-widget__width-initial elementor-widget elementor-widget-pxl_showcase\" data-id=\"6c6c7b4\" data-element_type=\"widget\" data-e-type=\"widget\" data-widget_type=\"pxl_showcase.default\">\n\t\t\t\t<div class=\"elementor-widget-container\">\n\t\t\t\t\t<div class=\"pxl-showcase layout2\" data-wow-delay=\"ms\">\r\n    <div class=\"inner-box item-normarl\">\r\n        <div class=\"item-feature\">\r\n                        <img loading=\"lazy\" decoding=\"async\" width=\"275\" height=\"183\" src=\"https:\/\/elementus.lv\/wp-content\/uploads\/2024\/12\/download-4.png\" class=\"attachment-medium\" alt=\"\" \/>            <div class=\"pxl-item-links\">\r\n                                    <a class=\"link-1\" href=\"https:\/\/elementus.lv\/wp-content\/uploads\/2024\/12\/buerkle_catalogue_2024_english_no_prices.pdf?dl=1\" target=\"_blank\">\r\n                        <span>Burkle-Katalog<\/span>\r\n                    <\/a>\r\n                                                    <a class=\"link-2\" href=\"https:\/\/elementus.lv\/wp-content\/uploads\/2024\/12\/buerkle_catalogue_2024_english_no_prices.pdf?dl=1\">\r\n                        <span><\/span>\r\n                    <\/a>\r\n                            <\/div>\r\n        <\/div>\r\n        <h3 class=\"item-title\">\r\n                            Burkle                    <\/h3>\r\n    <\/div>\r\n<\/div>\t\t\t\t<\/div>\n\t\t\t\t<\/div>\n\t\t\t\t<div class=\"elementor-element elementor-element-65fd908 elementor-align-center elementor-widget elementor-widget-button\" data-id=\"65fd908\" data-element_type=\"widget\" data-e-type=\"widget\" data-widget_type=\"button.default\">\n\t\t\t\t<div class=\"elementor-widget-container\">\n\t\t\t\t\t\t\t\t\t<div class=\"elementor-button-wrapper\">\n\t\t\t\t\t<a class=\"elementor-button elementor-button-link elementor-size-sm\" href=\"https:\/\/elementus.lv\/wp-content\/uploads\/2024\/12\/buerkle_catalogue_2024_english_no_prices.pdf?dl=1\" download=\"buerkle_catalogue_2024_english_no_prices.pdf\">\n\t\t\t\t\t\t<span class=\"elementor-button-content-wrapper\">\n\t\t\t\t\t\t\t\t\t<span class=\"elementor-button-text\">Katalog herunterladen<\/span>\n\t\t\t\t\t<\/span>\n\t\t\t\t\t<\/a>\n\t\t\t\t<\/div>\n\t\t\t\t\t\t\t\t<\/div>\n\t\t\t\t<\/div>\n\t\t            <\/div>\r\n        <\/div>\r\n        \t\t\t<\/div>\n\t\t<\/section>\n\t\t\t\t<\/div>","protected":false},"excerpt":{"rendered":"<p>B\u00fcrkle B\u00fcrkle offers a wide range of high-quality samplers, drum and container pumps as well as laboratory supplies with a focus on quality and innovation. With a wide range of products and comprehensive consulting services, B\u00fcrkle supports customers from a wide variety of industrial, laboratory and scientific sectors worldwide. Products: Laboratory centrifuges are versatile tools [&hellip;]<\/p>\n","protected":false},"author":1,"featured_media":0,"parent":0,"menu_order":0,"comment_status":"closed","ping_status":"closed","template":"","meta":{"footnotes":""},"class_list":["post-14681","page","type-page","status-publish","hentry"],"_links":{"self":[{"href":"https:\/\/elementus.lv\/de\/wp-json\/wp\/v2\/pages\/14681","targetHints":{"allow":["GET"]}}],"collection":[{"href":"https:\/\/elementus.lv\/de\/wp-json\/wp\/v2\/pages"}],"about":[{"href":"https:\/\/elementus.lv\/de\/wp-json\/wp\/v2\/types\/page"}],"author":[{"embeddable":true,"href":"https:\/\/elementus.lv\/de\/wp-json\/wp\/v2\/users\/1"}],"replies":[{"embeddable":true,"href":"https:\/\/elementus.lv\/de\/wp-json\/wp\/v2\/comments?post=14681"}],"version-history":[{"count":54,"href":"https:\/\/elementus.lv\/de\/wp-json\/wp\/v2\/pages\/14681\/revisions"}],"predecessor-version":[{"id":16308,"href":"https:\/\/elementus.lv\/de\/wp-json\/wp\/v2\/pages\/14681\/revisions\/16308"}],"wp:attachment":[{"href":"https:\/\/elementus.lv\/de\/wp-json\/wp\/v2\/media?parent=14681"}],"curies":[{"name":"wp","href":"https:\/\/api.w.org\/{rel}","templated":true}]}}