{"id":14695,"date":"2025-01-08T13:18:43","date_gmt":"2025-01-08T13:18:43","guid":{"rendered":"https:\/\/elementus.lv\/?page_id=14695"},"modified":"2025-04-14T12:16:50","modified_gmt":"2025-04-14T12:16:50","slug":"dwk","status":"publish","type":"page","link":"https:\/\/elementus.lv\/de\/dwk\/","title":{"rendered":"DWK"},"content":{"rendered":"<div data-elementor-type=\"wp-page\" data-elementor-id=\"14695\" class=\"elementor elementor-14695\" data-elementor-post-type=\"page\">\n\t\t\t\t        <section class=\"elementor-section elementor-top-section elementor-element elementor-element-1b69415 elementor-section-boxed elementor-section-height-default elementor-section-height-default pxl-type-header-none pxl-row-scroll-none\" data-id=\"1b69415\" data-element_type=\"section\" data-e-type=\"section\" data-settings=\"{&quot;background_background&quot;:&quot;classic&quot;}\">\n\n                            <div class=\"elementor-background-overlay\"><\/div>\n            \n                <div class=\"elementor-container elementor-column-gap-default\">\n                <div class=\"elementor-column elementor-col-100 elementor-top-column elementor-element elementor-element-1470810 pxl-column-element-default pxl-column-none\" data-id=\"1470810\" data-element_type=\"column\" data-e-type=\"column\">\r\n        <div class=\"elementor-widget-wrap elementor-element-populated\">\r\n                     \r\n        \t\t<div class=\"elementor-element elementor-element-2af5a44 elementor-widget elementor-widget-pxl_heading\" data-id=\"2af5a44\" data-element_type=\"widget\" data-e-type=\"widget\" data-widget_type=\"pxl_heading.default\">\n\t\t\t\t<div class=\"elementor-widget-container\">\n\t\t\t\t\t<div class=\"pxl-heading\">\n\t<div class=\"pxl-heading--inner\">\n\t\t\t\t<h3 class=\"pxl-item--title\" data-wow-delay=\"ms\">\n\t\t\tDWK\t\t\n\t\t<\/h3>\n\t\t\t<\/div>\n<\/div>\t\t\t\t<\/div>\n\t\t\t\t<\/div>\n\t\t            <\/div>\r\n        <\/div>\r\n        \t\t\t<\/div>\n\t\t<\/section>\n\t\t        <section class=\"elementor-section elementor-top-section elementor-element elementor-element-6abc391 elementor-section-boxed elementor-section-height-default elementor-section-height-default pxl-type-header-none pxl-row-scroll-none\" data-id=\"6abc391\" data-element_type=\"section\" data-e-type=\"section\">\n\n                \n                <div class=\"elementor-container elementor-column-gap-default\">\n                <div class=\"elementor-column elementor-col-50 elementor-top-column elementor-element elementor-element-ccfdeb7 pxl-column-element-default pxl-column-none\" data-id=\"ccfdeb7\" data-element_type=\"column\" data-e-type=\"column\">\r\n        <div class=\"elementor-widget-wrap elementor-element-populated\">\r\n                     \r\n        \t\t<div class=\"elementor-element elementor-element-fcb24cb elementor-widget elementor-widget-pxl_text_editor\" data-id=\"fcb24cb\" data-element_type=\"widget\" data-e-type=\"widget\" data-widget_type=\"pxl_text_editor.default\">\n\t\t\t\t<div class=\"elementor-widget-container\">\n\t\t\t\t\t<div class=\"pxl-text-editor\">\n\t<div class=\"pxl-item--inner\" data-wow-delay=\"ms\">\n\t\t<h5>DURAN\u00ae ist eine weltweit anerkannte Premiummarke f\u00fcr Laborglas, bekannt f\u00fcr sein hochwertiges Borosilikatglas 3.3, das in Deutschland hergestellt wird. Mit mehr als 120 Jahren Erfahrung verbindet DURAN\u00ae au\u00dfergew\u00f6hnliche Fertigungsstandards mit einer Verpflichtung zur Innovation und bietet ein umfassendes Portfolio von mehr als 3.000 Produkten, die haupts\u00e4chlich nach DIN\/ISO-Normen hergestellt werden.<\/h5>\t<\/div>\n<\/div>\t\t\t\t<\/div>\n\t\t\t\t<\/div>\n\t\t            <\/div>\r\n        <\/div>\r\n                <div class=\"elementor-column elementor-col-50 elementor-top-column elementor-element elementor-element-deec69c pxl-column-element-default pxl-column-none\" data-id=\"deec69c\" data-element_type=\"column\" data-e-type=\"column\">\r\n        <div class=\"elementor-widget-wrap elementor-element-populated\">\r\n                     \r\n        \t\t<div class=\"elementor-element elementor-element-851a53d elementor-widget elementor-widget-pxl_image\" data-id=\"851a53d\" data-element_type=\"widget\" data-e-type=\"widget\" data-widget_type=\"pxl_image.default\">\n\t\t\t\t<div class=\"elementor-widget-container\">\n\t\t\t\t\t<div class=\"pxl-image-single\" data-wow-delay=\"ms\">\r\n                                        <div class=\"pxl-item--inner\">\r\n                    <a href=\"https:\/\/www.dwk.com\/\" target=\"_blank\" rel=\"noopener\">                        <img fetchpriority=\"high\" decoding=\"async\" width=\"319\" height=\"158\" src=\"https:\/\/elementus.lv\/wp-content\/uploads\/2024\/12\/download-1-1.png\" class=\"no-lazyload attachment-full\" alt=\"\" srcset=\"https:\/\/elementus.lv\/wp-content\/uploads\/2024\/12\/download-1-1.png 319w, https:\/\/elementus.lv\/wp-content\/uploads\/2024\/12\/download-1-1-300x149.png 300w\" sizes=\"(max-width: 319px) 100vw, 319px\" \/>                    <\/a>                <\/div>\r\n                        <\/div>\t\t\t\t<\/div>\n\t\t\t\t<\/div>\n\t\t            <\/div>\r\n        <\/div>\r\n        \t\t\t<\/div>\n\t\t<\/section>\n\t\t        <section class=\"elementor-section elementor-top-section elementor-element elementor-element-0a87643 elementor-section-boxed elementor-section-height-default elementor-section-height-default pxl-type-header-none pxl-row-scroll-none\" data-id=\"0a87643\" data-element_type=\"section\" data-e-type=\"section\">\n\n                \n                <div class=\"elementor-container elementor-column-gap-default\">\n                <div class=\"elementor-column elementor-col-50 elementor-top-column elementor-element elementor-element-6186449 pxl-column-element-default pxl-column-none\" data-id=\"6186449\" data-element_type=\"column\" data-e-type=\"column\">\r\n        <div class=\"elementor-widget-wrap elementor-element-populated\">\r\n                     \r\n        \t\t<div class=\"elementor-element elementor-element-f123cf3 elementor-widget elementor-widget-pxl_text_editor\" data-id=\"f123cf3\" data-element_type=\"widget\" data-e-type=\"widget\" data-widget_type=\"pxl_text_editor.default\">\n\t\t\t\t<div class=\"elementor-widget-container\">\n\t\t\t\t\t<div class=\"pxl-text-editor\">\n\t<div class=\"pxl-item--inner\" data-wow-delay=\"ms\">\n\t\t<p><strong>Eigenschaften von DURAN\u00ae Borosilikatglas 3.3:<\/strong><\/p><ul><li><strong>Gleichbleibende Qualit\u00e4t<\/strong>: DURAN\u00ae Glas ist bekannt f\u00fcr seine hohe reproduzierbare und zuverl\u00e4ssige Qualit\u00e4t.<\/li><li><strong>Chemische Best\u00e4ndigkeit<\/strong>: Au\u00dfergew\u00f6hnliche Chemikalienbest\u00e4ndigkeit und inertes Verhalten, daher ideal f\u00fcr anspruchsvolle Laboranwendungen.<\/li><li><strong>Transparenz<\/strong>: Bietet klare Sicht, unerl\u00e4sslich f\u00fcr Pr\u00e4zisionsarbeit im Labor.<\/li><li><strong>Thermische Eigenschaften<\/strong>: Hohe Gebrauchstemperatur, minimale thermische Ausdehnung und ausgezeichnete Temperaturwechselbest\u00e4ndigkeit.<\/li><li><strong>Pharmazeutische Normen<\/strong>: Entspricht den Anforderungen f\u00fcr neutrales Glas des Typs 1 nach USP\/EP\/JP und ist somit f\u00fcr den pharmazeutischen Gebrauch geeignet.<\/li><\/ul><p><strong>Produktportfolio:<\/strong><\/p><p>DURAN\u00ae bietet ein breites Sortiment an Laborglas, das auf die verschiedenen Anwendungen zugeschnitten ist:<\/p>\t<\/div>\n<\/div>\t\t\t\t<\/div>\n\t\t\t\t<\/div>\n\t\t            <\/div>\r\n        <\/div>\r\n                <div class=\"elementor-column elementor-col-50 elementor-top-column elementor-element elementor-element-77015f0 pxl-column-element-default pxl-column-none\" data-id=\"77015f0\" data-element_type=\"column\" data-e-type=\"column\">\r\n        <div class=\"elementor-widget-wrap elementor-element-populated\">\r\n                     \r\n        \t\t<div class=\"elementor-element elementor-element-75c5351 elementor-widget-laptop__width-initial elementor-widget elementor-widget-pxl_logo\" data-id=\"75c5351\" data-element_type=\"widget\" data-e-type=\"widget\" data-widget_type=\"pxl_logo.default\">\n\t\t\t\t<div class=\"elementor-widget-container\">\n\t\t\t\t\t    <div class=\"pxl-logo logo-normal\" data-wow-delay=\"ms\">\r\n                    <img decoding=\"async\" width=\"940\" height=\"932\" src=\"https:\/\/elementus.lv\/wp-content\/uploads\/2025\/03\/media-bottles-wheaton.jpg\" class=\"attachment-full\" alt=\"\" srcset=\"https:\/\/elementus.lv\/wp-content\/uploads\/2025\/03\/media-bottles-wheaton.jpg 940w, https:\/\/elementus.lv\/wp-content\/uploads\/2025\/03\/media-bottles-wheaton-300x297.jpg 300w, https:\/\/elementus.lv\/wp-content\/uploads\/2025\/03\/media-bottles-wheaton-150x150.jpg 150w, https:\/\/elementus.lv\/wp-content\/uploads\/2025\/03\/media-bottles-wheaton-768x761.jpg 768w, https:\/\/elementus.lv\/wp-content\/uploads\/2025\/03\/media-bottles-wheaton-12x12.jpg 12w, https:\/\/elementus.lv\/wp-content\/uploads\/2025\/03\/media-bottles-wheaton-716x710.jpg 716w, https:\/\/elementus.lv\/wp-content\/uploads\/2025\/03\/media-bottles-wheaton-600x595.jpg 600w, https:\/\/elementus.lv\/wp-content\/uploads\/2025\/03\/media-bottles-wheaton-96x96.jpg 96w\" sizes=\"(max-width: 940px) 100vw, 940px\" \/>            <\/div>\r\n\t\t\t\t<\/div>\n\t\t\t\t<\/div>\n\t\t            <\/div>\r\n        <\/div>\r\n        \t\t\t<\/div>\n\t\t<\/section>\n\t\t        <section class=\"elementor-section elementor-top-section elementor-element elementor-element-270a1df elementor-section-boxed elementor-section-height-default elementor-section-height-default pxl-type-header-none pxl-row-scroll-none\" data-id=\"270a1df\" data-element_type=\"section\" data-e-type=\"section\">\n\n                \n                <div class=\"elementor-container elementor-column-gap-default\">\n                <div class=\"elementor-column elementor-col-50 elementor-top-column elementor-element elementor-element-a0a58be pxl-column-element-default pxl-column-none\" data-id=\"a0a58be\" data-element_type=\"column\" data-e-type=\"column\">\r\n        <div class=\"elementor-widget-wrap elementor-element-populated\">\r\n                     \r\n        \t\t<div class=\"elementor-element elementor-element-e3976ff elementor-widget-laptop__width-initial elementor-widget elementor-widget-pxl_logo\" data-id=\"e3976ff\" data-element_type=\"widget\" data-e-type=\"widget\" data-widget_type=\"pxl_logo.default\">\n\t\t\t\t<div class=\"elementor-widget-container\">\n\t\t\t\t\t    <div class=\"pxl-logo logo-normal\" data-wow-delay=\"ms\">\r\n                    <img decoding=\"async\" width=\"1349\" height=\"867\" src=\"https:\/\/elementus.lv\/wp-content\/uploads\/2025\/03\/dwk_vials.jpg\" class=\"attachment-full\" alt=\"\" srcset=\"https:\/\/elementus.lv\/wp-content\/uploads\/2025\/03\/dwk_vials.jpg 1349w, https:\/\/elementus.lv\/wp-content\/uploads\/2025\/03\/dwk_vials-300x193.jpg 300w, https:\/\/elementus.lv\/wp-content\/uploads\/2025\/03\/dwk_vials-1024x658.jpg 1024w, https:\/\/elementus.lv\/wp-content\/uploads\/2025\/03\/dwk_vials-768x494.jpg 768w, https:\/\/elementus.lv\/wp-content\/uploads\/2025\/03\/dwk_vials-18x12.jpg 18w, https:\/\/elementus.lv\/wp-content\/uploads\/2025\/03\/dwk_vials-1105x710.jpg 1105w, https:\/\/elementus.lv\/wp-content\/uploads\/2025\/03\/dwk_vials-600x386.jpg 600w\" sizes=\"(max-width: 1349px) 100vw, 1349px\" \/>            <\/div>\r\n\t\t\t\t<\/div>\n\t\t\t\t<\/div>\n\t\t            <\/div>\r\n        <\/div>\r\n                <div class=\"elementor-column elementor-col-50 elementor-top-column elementor-element elementor-element-62bb543 pxl-column-element-default pxl-column-none\" data-id=\"62bb543\" data-element_type=\"column\" data-e-type=\"column\">\r\n        <div class=\"elementor-widget-wrap elementor-element-populated\">\r\n                     \r\n        \t\t<div class=\"elementor-element elementor-element-cd156ac elementor-widget-laptop__width-initial elementor-widget elementor-widget-pxl_text_editor\" data-id=\"cd156ac\" data-element_type=\"widget\" data-e-type=\"widget\" data-widget_type=\"pxl_text_editor.default\">\n\t\t\t\t<div class=\"elementor-widget-container\">\n\t\t\t\t\t<div class=\"pxl-text-editor\">\n\t<div class=\"pxl-item--inner\" data-wow-delay=\"ms\">\n\t\t<ul><li><strong>Becher<\/strong>: Erh\u00e4ltlich in niedrigen und hohen Formen, um verschiedenen Bed\u00fcrfnissen gerecht zu werden.<\/li><li><strong>Erlenmeyerkolben<\/strong>: Zur Auswahl stehen Ausf\u00fchrungen mit breitem und schmalem Hals.<\/li><li><strong>Flaschen zum Erhitzen<\/strong>: Rund- und Flachbodenflaschen, die speziell f\u00fcr Heizzwecke entwickelt wurden.<\/li><li><strong>Super Duty Reihe<\/strong>: Verbesserte mechanische Festigkeit f\u00fcr mehr Sicherheit im Labor.<\/li><\/ul><p>DURAN\u00ae Bechergl\u00e4ser und Kolben sind seit Jahrzehnten in Laboren auf der ganzen Welt zuverl\u00e4ssig und vielseitig einsetzbar. Was auch immer Ihre Anwendung ist, DURAN\u00ae Glaswaren gew\u00e4hrleisten Leistung und Sicherheit in jeder Laborumgebung.<\/p>\t<\/div>\n<\/div>\t\t\t\t<\/div>\n\t\t\t\t<\/div>\n\t\t            <\/div>\r\n        <\/div>\r\n        \t\t\t<\/div>\n\t\t<\/section>\n\t\t        <section class=\"elementor-section elementor-top-section elementor-element elementor-element-b7dc3f7 elementor-section-boxed elementor-section-height-default elementor-section-height-default pxl-type-header-none pxl-row-scroll-none\" data-id=\"b7dc3f7\" data-element_type=\"section\" data-e-type=\"section\">\n\n                \n                <div class=\"elementor-container elementor-column-gap-default\">\n                <div class=\"elementor-column elementor-col-50 elementor-top-column elementor-element elementor-element-4211d55 pxl-column-element-default pxl-column-none\" data-id=\"4211d55\" data-element_type=\"column\" data-e-type=\"column\">\r\n        <div class=\"elementor-widget-wrap elementor-element-populated\">\r\n                     \r\n        \t\t<div class=\"elementor-element elementor-element-600da18 elementor-widget elementor-widget-pxl_text_editor\" data-id=\"600da18\" data-element_type=\"widget\" data-e-type=\"widget\" data-widget_type=\"pxl_text_editor.default\">\n\t\t\t\t<div class=\"elementor-widget-container\">\n\t\t\t\t\t<div class=\"pxl-text-editor\">\n\t<div class=\"pxl-item--inner\" data-wow-delay=\"ms\">\n\t\t<p><strong>Eigenschaften von DURAN\u00ae Borosilikatglas 3.3:<\/strong><\/p><ul><li><strong>Gleichbleibende Qualit\u00e4t<\/strong>: DURAN\u00ae Glas ist bekannt f\u00fcr seine hohe reproduzierbare und zuverl\u00e4ssige Qualit\u00e4t.<\/li><li><strong>Chemische Best\u00e4ndigkeit<\/strong>: Au\u00dfergew\u00f6hnliche Chemikalienbest\u00e4ndigkeit und inertes Verhalten, daher ideal f\u00fcr anspruchsvolle Laboranwendungen.<\/li><li><strong>Transparenz<\/strong>: Bietet klare Sicht, unerl\u00e4sslich f\u00fcr Pr\u00e4zisionsarbeit im Labor.<\/li><li><strong>Thermische Eigenschaften<\/strong>: Hohe Gebrauchstemperatur, minimale thermische Ausdehnung und ausgezeichnete Temperaturwechselbest\u00e4ndigkeit.<\/li><li><strong>Pharmazeutische Normen<\/strong>: Entspricht den Anforderungen f\u00fcr neutrales Glas des Typs 1 nach USP\/EP\/JP und ist somit f\u00fcr den pharmazeutischen Gebrauch geeignet.<\/li><\/ul>\t<\/div>\n<\/div>\t\t\t\t<\/div>\n\t\t\t\t<\/div>\n\t\t            <\/div>\r\n        <\/div>\r\n                <div class=\"elementor-column elementor-col-50 elementor-top-column elementor-element elementor-element-7b3c709 pxl-column-element-default pxl-column-none\" data-id=\"7b3c709\" data-element_type=\"column\" data-e-type=\"column\">\r\n        <div class=\"elementor-widget-wrap elementor-element-populated\">\r\n                     \r\n        \t\t<div class=\"elementor-element elementor-element-77d5b10 elementor-widget-laptop__width-initial elementor-widget elementor-widget-pxl_logo\" data-id=\"77d5b10\" data-element_type=\"widget\" data-e-type=\"widget\" data-widget_type=\"pxl_logo.default\">\n\t\t\t\t<div class=\"elementor-widget-container\">\n\t\t\t\t\t    <div class=\"pxl-logo logo-normal\" data-wow-delay=\"ms\">\r\n                    <img loading=\"lazy\" decoding=\"async\" width=\"500\" height=\"500\" src=\"https:\/\/elementus.lv\/wp-content\/uploads\/2025\/03\/39970-16973809.jpg\" class=\"attachment-full\" alt=\"\" srcset=\"https:\/\/elementus.lv\/wp-content\/uploads\/2025\/03\/39970-16973809.jpg 500w, https:\/\/elementus.lv\/wp-content\/uploads\/2025\/03\/39970-16973809-300x300.jpg 300w, https:\/\/elementus.lv\/wp-content\/uploads\/2025\/03\/39970-16973809-150x150.jpg 150w, https:\/\/elementus.lv\/wp-content\/uploads\/2025\/03\/39970-16973809-12x12.jpg 12w, https:\/\/elementus.lv\/wp-content\/uploads\/2025\/03\/39970-16973809-250x250.jpg 250w, https:\/\/elementus.lv\/wp-content\/uploads\/2025\/03\/39970-16973809-96x96.jpg 96w\" sizes=\"(max-width: 500px) 100vw, 500px\" \/>            <\/div>\r\n\t\t\t\t<\/div>\n\t\t\t\t<\/div>\n\t\t            <\/div>\r\n        <\/div>\r\n        \t\t\t<\/div>\n\t\t<\/section>\n\t\t        <section class=\"elementor-section elementor-top-section elementor-element elementor-element-1ab342f elementor-section-boxed elementor-section-height-default elementor-section-height-default pxl-type-header-none pxl-row-scroll-none\" data-id=\"1ab342f\" data-element_type=\"section\" data-e-type=\"section\">\n\n                \n                <div class=\"elementor-container elementor-column-gap-default\">\n                <div class=\"elementor-column elementor-col-33 elementor-top-column elementor-element elementor-element-3829058 pxl-column-element-default pxl-column-none\" data-id=\"3829058\" data-element_type=\"column\" data-e-type=\"column\">\r\n        <div class=\"elementor-widget-wrap\">\r\n                     \r\n                    <\/div>\r\n        <\/div>\r\n                <div class=\"elementor-column elementor-col-33 elementor-top-column elementor-element elementor-element-af3459d pxl-column-element-default pxl-column-none\" data-id=\"af3459d\" data-element_type=\"column\" data-e-type=\"column\">\r\n        <div class=\"elementor-widget-wrap elementor-element-populated\">\r\n                     \r\n        \t\t<div class=\"elementor-element elementor-element-d1b02a9 elementor-widget elementor-widget-pxl_showcase\" data-id=\"d1b02a9\" data-element_type=\"widget\" data-e-type=\"widget\" data-widget_type=\"pxl_showcase.default\">\n\t\t\t\t<div class=\"elementor-widget-container\">\n\t\t\t\t\t<div class=\"pxl-showcase layout2\" data-wow-delay=\"ms\">\r\n    <div class=\"inner-box item-normarl\">\r\n        <div class=\"item-feature\">\r\n                        <img loading=\"lazy\" decoding=\"async\" width=\"300\" height=\"149\" src=\"https:\/\/elementus.lv\/wp-content\/uploads\/2024\/12\/download-1-1-300x149.png\" class=\"attachment-medium\" alt=\"\" srcset=\"https:\/\/elementus.lv\/wp-content\/uploads\/2024\/12\/download-1-1-300x149.png 300w, https:\/\/elementus.lv\/wp-content\/uploads\/2024\/12\/download-1-1.png 319w\" sizes=\"(max-width: 300px) 100vw, 300px\" \/>            <div class=\"pxl-item-links\">\r\n                                    <a class=\"link-1\" href=\"https:\/\/elementus.lv\/wp-content\/uploads\/2025\/01\/DWK-catalog.pdf\" target=\"_blank\">\r\n                        <span>DWK<\/span>\r\n                    <\/a>\r\n                                            <\/div>\r\n        <\/div>\r\n        <h3 class=\"item-title\">\r\n                            DWK                    <\/h3>\r\n    <\/div>\r\n<\/div>\t\t\t\t<\/div>\n\t\t\t\t<\/div>\n\t\t\t\t<div class=\"elementor-element elementor-element-d50c6a5 elementor-align-center elementor-widget elementor-widget-button\" data-id=\"d50c6a5\" data-element_type=\"widget\" data-e-type=\"widget\" data-widget_type=\"button.default\">\n\t\t\t\t<div class=\"elementor-widget-container\">\n\t\t\t\t\t\t\t\t\t<div class=\"elementor-button-wrapper\">\n\t\t\t\t\t<a class=\"elementor-button elementor-button-link elementor-size-sm\" href=\"https:\/\/elementus.lv\/wp-content\/uploads\/2025\/01\/DWK-catalog.pdf?dl=1\" download=\"DWK-catalog.pdf\">\n\t\t\t\t\t\t<span class=\"elementor-button-content-wrapper\">\n\t\t\t\t\t\t\t\t\t<span class=\"elementor-button-text\">Katalog herunterladen<\/span>\n\t\t\t\t\t<\/span>\n\t\t\t\t\t<\/a>\n\t\t\t\t<\/div>\n\t\t\t\t\t\t\t\t<\/div>\n\t\t\t\t<\/div>\n\t\t            <\/div>\r\n        <\/div>\r\n                <div class=\"elementor-column elementor-col-33 elementor-top-column elementor-element elementor-element-f38efc6 pxl-column-element-default pxl-column-none\" data-id=\"f38efc6\" data-element_type=\"column\" data-e-type=\"column\">\r\n        <div class=\"elementor-widget-wrap\">\r\n                     \r\n                    <\/div>\r\n        <\/div>\r\n        \t\t\t<\/div>\n\t\t<\/section>\n\t\t\t\t<\/div>","protected":false},"excerpt":{"rendered":"<p>DWK DURAN\u00ae is a globally recognized premium brand for laboratory glassware, renowned for its high-quality borosilicate glass 3.3, which is engineered in Germany. With over 120 years of expertise, DURAN\u00ae combines exceptional manufacturing standards with a commitment to innovation, offering a comprehensive portfolio of over 3,000 products, primarily manufactured to DIN\/ISO standards. Features of DURAN\u00ae [&hellip;]<\/p>\n","protected":false},"author":1,"featured_media":0,"parent":0,"menu_order":0,"comment_status":"closed","ping_status":"closed","template":"","meta":{"footnotes":""},"class_list":["post-14695","page","type-page","status-publish","hentry"],"_links":{"self":[{"href":"https:\/\/elementus.lv\/de\/wp-json\/wp\/v2\/pages\/14695","targetHints":{"allow":["GET"]}}],"collection":[{"href":"https:\/\/elementus.lv\/de\/wp-json\/wp\/v2\/pages"}],"about":[{"href":"https:\/\/elementus.lv\/de\/wp-json\/wp\/v2\/types\/page"}],"author":[{"embeddable":true,"href":"https:\/\/elementus.lv\/de\/wp-json\/wp\/v2\/users\/1"}],"replies":[{"embeddable":true,"href":"https:\/\/elementus.lv\/de\/wp-json\/wp\/v2\/comments?post=14695"}],"version-history":[{"count":41,"href":"https:\/\/elementus.lv\/de\/wp-json\/wp\/v2\/pages\/14695\/revisions"}],"predecessor-version":[{"id":16510,"href":"https:\/\/elementus.lv\/de\/wp-json\/wp\/v2\/pages\/14695\/revisions\/16510"}],"wp:attachment":[{"href":"https:\/\/elementus.lv\/de\/wp-json\/wp\/v2\/media?parent=14695"}],"curies":[{"name":"wp","href":"https:\/\/api.w.org\/{rel}","templated":true}]}}