{"id":14875,"date":"2025-01-09T13:45:01","date_gmt":"2025-01-09T13:45:01","guid":{"rendered":"https:\/\/elementus.lv\/?page_id=14875"},"modified":"2025-01-21T18:33:14","modified_gmt":"2025-01-21T18:33:14","slug":"laminar-cabinets","status":"publish","type":"page","link":"https:\/\/elementus.lv\/de\/laminar-cabinets\/","title":{"rendered":"Laminar Schr\u00e4nke"},"content":{"rendered":"<div data-elementor-type=\"wp-page\" data-elementor-id=\"14875\" class=\"elementor elementor-14875\" data-elementor-post-type=\"page\">\n\t\t\t\t        <section class=\"elementor-section elementor-top-section elementor-element elementor-element-d9b9895 elementor-section-boxed elementor-section-height-default elementor-section-height-default pxl-type-header-none pxl-row-scroll-none\" data-id=\"d9b9895\" data-element_type=\"section\" data-e-type=\"section\" data-settings=\"{&quot;background_background&quot;:&quot;classic&quot;}\">\n\n                            <div class=\"elementor-background-overlay\"><\/div>\n            \n                <div class=\"elementor-container elementor-column-gap-default\">\n                <div class=\"elementor-column elementor-col-100 elementor-top-column elementor-element elementor-element-01372ee pxl-column-element-default pxl-column-none\" data-id=\"01372ee\" data-element_type=\"column\" data-e-type=\"column\">\r\n        <div class=\"elementor-widget-wrap elementor-element-populated\">\r\n                     \r\n        \t\t<div class=\"elementor-element elementor-element-b81800c elementor-widget elementor-widget-pxl_heading\" data-id=\"b81800c\" data-element_type=\"widget\" data-e-type=\"widget\" data-widget_type=\"pxl_heading.default\">\n\t\t\t\t<div class=\"elementor-widget-container\">\n\t\t\t\t\t<div class=\"pxl-heading\">\n\t<div class=\"pxl-heading--inner\">\n\t\t\t\t<h3 class=\"pxl-item--title\" data-wow-delay=\"ms\">\n\t\t\tLaminar Schr\u00e4nke\t\t\n\t\t<\/h3>\n\t\t\t<\/div>\n<\/div>\t\t\t\t<\/div>\n\t\t\t\t<\/div>\n\t\t            <\/div>\r\n        <\/div>\r\n        \t\t\t<\/div>\n\t\t<\/section>\n\t\t        <section class=\"elementor-section elementor-top-section elementor-element elementor-element-dddc5ce elementor-section-boxed elementor-section-height-default elementor-section-height-default pxl-type-header-none pxl-row-scroll-none\" data-id=\"dddc5ce\" data-element_type=\"section\" data-e-type=\"section\">\n\n                \n                <div class=\"elementor-container elementor-column-gap-default\">\n                <div class=\"elementor-column elementor-col-50 elementor-top-column elementor-element elementor-element-3e9420a pxl-column-element-default pxl-column-none\" data-id=\"3e9420a\" data-element_type=\"column\" data-e-type=\"column\">\r\n        <div class=\"elementor-widget-wrap elementor-element-populated\">\r\n                     \r\n        \t\t<div class=\"elementor-element elementor-element-33636f9 elementor-widget elementor-widget-pxl_text_editor\" data-id=\"33636f9\" data-element_type=\"widget\" data-e-type=\"widget\" data-widget_type=\"pxl_text_editor.default\">\n\t\t\t\t<div class=\"elementor-widget-container\">\n\t\t\t\t\t<div class=\"pxl-text-editor\">\n\t<div class=\"pxl-item--inner\" data-wow-delay=\"ms\">\n\t\t<h3>TopAir Systeme: Innovative L\u00f6sungen f\u00fcr Reinraum- und Laborumgebungen<\/h3>\t<\/div>\n<\/div>\t\t\t\t<\/div>\n\t\t\t\t<\/div>\n\t\t            <\/div>\r\n        <\/div>\r\n                <div class=\"elementor-column elementor-col-50 elementor-top-column elementor-element elementor-element-14706e2 pxl-column-element-default pxl-column-none\" data-id=\"14706e2\" data-element_type=\"column\" data-e-type=\"column\">\r\n        <div class=\"elementor-widget-wrap elementor-element-populated\">\r\n                     \r\n        \t\t<div class=\"elementor-element elementor-element-6184dad elementor-widget elementor-widget-pxl_image\" data-id=\"6184dad\" data-element_type=\"widget\" data-e-type=\"widget\" data-widget_type=\"pxl_image.default\">\n\t\t\t\t<div class=\"elementor-widget-container\">\n\t\t\t\t\t<div class=\"pxl-image-single\" data-wow-delay=\"ms\">\r\n                                        <div class=\"pxl-item--inner\">\r\n                                            <img fetchpriority=\"high\" decoding=\"async\" width=\"600\" height=\"240\" src=\"https:\/\/elementus.lv\/wp-content\/uploads\/2025\/01\/LOGO-19.png\" class=\"no-lazyload attachment-full\" alt=\"\" srcset=\"https:\/\/elementus.lv\/wp-content\/uploads\/2025\/01\/LOGO-19.png 600w, https:\/\/elementus.lv\/wp-content\/uploads\/2025\/01\/LOGO-19-300x120.png 300w\" sizes=\"(max-width: 600px) 100vw, 600px\" \/>                                    <\/div>\r\n                        <\/div>\t\t\t\t<\/div>\n\t\t\t\t<\/div>\n\t\t            <\/div>\r\n        <\/div>\r\n        \t\t\t<\/div>\n\t\t<\/section>\n\t\t        <section class=\"elementor-section elementor-top-section elementor-element elementor-element-24fe192 elementor-section-boxed elementor-section-height-default elementor-section-height-default pxl-type-header-none pxl-row-scroll-none\" data-id=\"24fe192\" data-element_type=\"section\" data-e-type=\"section\">\n\n                \n                <div class=\"elementor-container elementor-column-gap-default\">\n                <div class=\"elementor-column elementor-col-100 elementor-top-column elementor-element elementor-element-bc87ec3 pxl-column-element-default pxl-column-none\" data-id=\"bc87ec3\" data-element_type=\"column\" data-e-type=\"column\">\r\n        <div class=\"elementor-widget-wrap elementor-element-populated\">\r\n                     \r\n        \t\t<div class=\"elementor-element elementor-element-b4a74e5 elementor-widget elementor-widget-pxl_text_editor\" data-id=\"b4a74e5\" data-element_type=\"widget\" data-e-type=\"widget\" data-widget_type=\"pxl_text_editor.default\">\n\t\t\t\t<div class=\"elementor-widget-container\">\n\t\t\t\t\t<div class=\"pxl-text-editor\">\n\t<div class=\"pxl-item--inner\" data-wow-delay=\"ms\">\n\t\t<p>TopAir Systems ist ein f\u00fchrender Hersteller, der sich auf hochwertige Reinraum- und Laborausr\u00fcstungen spezialisiert hat, die den strengen Anforderungen der modernen Industrie entsprechen. Mit dem Fokus auf Innovation, Effizienz und Sicherheit liefert TopAir Systems eine Reihe von Produkten, die Forschung, Gesundheitswesen und industrielle Anwendungen weltweit unterst\u00fctzen.<\/p>\t<\/div>\n<\/div>\t\t\t\t<\/div>\n\t\t\t\t<\/div>\n\t\t            <\/div>\r\n        <\/div>\r\n        \t\t\t<\/div>\n\t\t<\/section>\n\t\t        <section class=\"elementor-section elementor-top-section elementor-element elementor-element-e15367d elementor-section-boxed elementor-section-height-default elementor-section-height-default pxl-type-header-none pxl-row-scroll-none\" data-id=\"e15367d\" data-element_type=\"section\" data-e-type=\"section\">\n\n                \n                <div class=\"elementor-container elementor-column-gap-default\">\n                <div class=\"elementor-column elementor-col-50 elementor-top-column elementor-element elementor-element-c0928b2 pxl-column-element-default pxl-column-none\" data-id=\"c0928b2\" data-element_type=\"column\" data-e-type=\"column\">\r\n        <div class=\"elementor-widget-wrap elementor-element-populated\">\r\n                     \r\n        \t\t<div class=\"elementor-element elementor-element-1b56ebb elementor-widget elementor-widget-pxl_image\" data-id=\"1b56ebb\" data-element_type=\"widget\" data-e-type=\"widget\" data-widget_type=\"pxl_image.default\">\n\t\t\t\t<div class=\"elementor-widget-container\">\n\t\t\t\t\t<div class=\"pxl-image-single\" data-wow-delay=\"ms\">\r\n                                        <div class=\"pxl-item--inner\">\r\n                                            <img decoding=\"async\" width=\"500\" height=\"660\" src=\"https:\/\/elementus.lv\/wp-content\/uploads\/2025\/01\/slide-prod.png\" class=\"no-lazyload attachment-full\" alt=\"\" srcset=\"https:\/\/elementus.lv\/wp-content\/uploads\/2025\/01\/slide-prod.png 500w, https:\/\/elementus.lv\/wp-content\/uploads\/2025\/01\/slide-prod-227x300.png 227w\" sizes=\"(max-width: 500px) 100vw, 500px\" \/>                                    <\/div>\r\n                        <\/div>\t\t\t\t<\/div>\n\t\t\t\t<\/div>\n\t\t            <\/div>\r\n        <\/div>\r\n                <div class=\"elementor-column elementor-col-50 elementor-top-column elementor-element elementor-element-2b7dcd0 pxl-column-element-default pxl-column-none\" data-id=\"2b7dcd0\" data-element_type=\"column\" data-e-type=\"column\">\r\n        <div class=\"elementor-widget-wrap elementor-element-populated\">\r\n                     \r\n        \t\t<div class=\"elementor-element elementor-element-3ab6f0c elementor-widget elementor-widget-pxl_text_editor\" data-id=\"3ab6f0c\" data-element_type=\"widget\" data-e-type=\"widget\" data-widget_type=\"pxl_text_editor.default\">\n\t\t\t\t<div class=\"elementor-widget-container\">\n\t\t\t\t\t<div class=\"pxl-text-editor\">\n\t<div class=\"pxl-item--inner\" data-wow-delay=\"ms\">\n\t\t<p><strong>Wichtige Produktangebote<\/strong><\/p><ol><li><strong>Abzugshauben<\/strong> TopAir Systems bietet eine Reihe von Dunstabzugshauben an, darunter kanalisierte und kanalfreie Modelle, die einen optimalen Schutz der Benutzer beim Umgang mit Gefahrstoffen gew\u00e4hrleisten. Die kanalfreien Abzugshauben verf\u00fcgen \u00fcber eine fortschrittliche Filtertechnologie, die ein H\u00f6chstma\u00df an Luftqualit\u00e4t und die Einhaltung internationaler Sicherheitsstandards gew\u00e4hrleistet.<\/li><li><strong>Laminar Flow Kabinette<\/strong> Diese Schr\u00e4nke sind f\u00fcr Umgebungen konzipiert, die einen sterilen Arbeitsbereich erfordern, wie z. B. die pharmazeutische Produktion, die Elektronik und die Laborforschung. Die Laminar-Flow-L\u00f6sungen von TopAir gew\u00e4hrleisten eine konstante Luftreinigung und Kontaminationskontrolle.<\/li><li><strong>Biosicherheits-Kabinette<\/strong> Die Biosicherheitsschr\u00e4nke von TopAir sind so konstruiert, dass sie maximalen Schutz f\u00fcr das Personal und empfindliche Materialien bieten. Sie sind ideal f\u00fcr den Umgang mit biologischen Stoffen und die Einhaltung von Biosicherheitsstandards.<\/li><li><strong>Chemikalienlagerschr\u00e4nke<\/strong> Die f\u00fcr die sichere Lagerung gef\u00e4hrlicher Chemikalien konzipierten Schr\u00e4nke von TopAir zeichnen sich durch eine robuste Konstruktion und fortschrittliche Sicherheitsmechanismen aus, einschlie\u00dflich Bel\u00fcftung und Feuerbest\u00e4ndigkeit.<\/li><li><strong>Laborm\u00f6bel<\/strong> TopAir bietet auch ergonomische und langlebige Laborm\u00f6bel an, darunter Werkb\u00e4nke, Lagerl\u00f6sungen und Regale. Diese Produkte sind anpassbar, um die spezifischen Anforderungen verschiedener Laboreinrichtungen zu erf\u00fcllen.<\/li><li><strong>Air Showers und Passboxen<\/strong> Um die Integrit\u00e4t des Reinraums zu erhalten, stellt TopAir Luftduschen und Passboxen her, die die Partikelkontamination beim Personal- oder Materialtransfer reduzieren.<\/li><\/ol>\t<\/div>\n<\/div>\t\t\t\t<\/div>\n\t\t\t\t<\/div>\n\t\t            <\/div>\r\n        <\/div>\r\n        \t\t\t<\/div>\n\t\t<\/section>\n\t\t        <section class=\"elementor-section elementor-top-section elementor-element elementor-element-4944d0a elementor-section-boxed elementor-section-height-default elementor-section-height-default pxl-type-header-none pxl-row-scroll-none\" data-id=\"4944d0a\" data-element_type=\"section\" data-e-type=\"section\">\n\n                \n                <div class=\"elementor-container elementor-column-gap-default\">\n                <div class=\"elementor-column elementor-col-50 elementor-top-column elementor-element elementor-element-db87a99 pxl-column-element-default pxl-column-none\" data-id=\"db87a99\" data-element_type=\"column\" data-e-type=\"column\">\r\n        <div class=\"elementor-widget-wrap elementor-element-populated\">\r\n                     \r\n        \t\t<div class=\"elementor-element elementor-element-1eca192 elementor-widget elementor-widget-pxl_text_editor\" data-id=\"1eca192\" data-element_type=\"widget\" data-e-type=\"widget\" data-widget_type=\"pxl_text_editor.default\">\n\t\t\t\t<div class=\"elementor-widget-container\">\n\t\t\t\t\t<div class=\"pxl-text-editor\">\n\t<div class=\"pxl-item--inner\" data-wow-delay=\"ms\">\n\t\t<p><strong>Warum TopAir Systems w\u00e4hlen?<\/strong><\/p><ul><li><strong>Hochwertige Materialien:<\/strong> TopAir verwendet haltbare, chemikalienbest\u00e4ndige Materialien wie Polypropylen und Edelstahl, um eine lange Lebensdauer der Produkte zu gew\u00e4hrleisten.<\/li><li><strong>Anpassbare L\u00f6sungen:<\/strong> Die Produkte sind auf die individuellen Anforderungen von Kunden aus den verschiedensten Branchen zugeschnitten.<\/li><li><strong>Einhaltung der Sicherheitsvorschriften:<\/strong> Alle Produkte erf\u00fcllen strenge internationale Normen wie ISO-, CE- und OSHA-Richtlinien.<\/li><li><strong>Innovative Technologie:<\/strong> TopAir integriert modernste Filter- und Luftstromtechnologien, um Leistung und Sicherheit zu verbessern.<\/li><\/ul><p><strong>Bediente Branchen<\/strong><\/p><p>TopAir Systems ist f\u00fcr eine Vielzahl von Branchen t\u00e4tig, darunter:<\/p><ul><li>Biotechnologie und Pharmazeutika<\/li><li>Gesundheitswesen und medizinische Forschung<\/li><li>Elektronik und Halbleiterherstellung<\/li><li>Chemische Verarbeitung<\/li><li>Akademische und Bildungseinrichtungen<\/li><\/ul><p>TopAir Systems hat sich der Bereitstellung zuverl\u00e4ssiger, innovativer L\u00f6sungen verschrieben, die die Produktivit\u00e4t und Sicherheit in Labor- und Reinraumumgebungen erh\u00f6hen. Weitere Informationen finden Sie auf der Website des Unternehmens oder in seinem Produktkatalog.<\/p>\t<\/div>\n<\/div>\t\t\t\t<\/div>\n\t\t\t\t<\/div>\n\t\t            <\/div>\r\n        <\/div>\r\n                <div class=\"elementor-column elementor-col-50 elementor-top-column elementor-element elementor-element-780079b pxl-column-element-default pxl-column-none\" data-id=\"780079b\" data-element_type=\"column\" data-e-type=\"column\">\r\n        <div class=\"elementor-widget-wrap elementor-element-populated\">\r\n                     \r\n        \t\t<div class=\"elementor-element elementor-element-979c6c6 elementor-widget elementor-widget-pxl_image\" data-id=\"979c6c6\" data-element_type=\"widget\" data-e-type=\"widget\" data-widget_type=\"pxl_image.default\">\n\t\t\t\t<div class=\"elementor-widget-container\">\n\t\t\t\t\t<div class=\"pxl-image-single\" data-wow-delay=\"ms\">\r\n                                        <div class=\"pxl-item--inner\">\r\n                                            <img decoding=\"async\" width=\"564\" height=\"744\" src=\"https:\/\/elementus.lv\/wp-content\/uploads\/2025\/01\/bio-a2.jpg\" class=\"no-lazyload attachment-full\" alt=\"\" srcset=\"https:\/\/elementus.lv\/wp-content\/uploads\/2025\/01\/bio-a2.jpg 564w, https:\/\/elementus.lv\/wp-content\/uploads\/2025\/01\/bio-a2-227x300.jpg 227w, https:\/\/elementus.lv\/wp-content\/uploads\/2025\/01\/bio-a2-538x710.jpg 538w\" sizes=\"(max-width: 564px) 100vw, 564px\" \/>                                    <\/div>\r\n                        <\/div>\t\t\t\t<\/div>\n\t\t\t\t<\/div>\n\t\t            <\/div>\r\n        <\/div>\r\n        \t\t\t<\/div>\n\t\t<\/section>\n\t\t        <section class=\"elementor-section elementor-top-section elementor-element elementor-element-f1307e8 elementor-section-boxed elementor-section-height-default elementor-section-height-default pxl-type-header-none pxl-row-scroll-none\" data-id=\"f1307e8\" data-element_type=\"section\" data-e-type=\"section\">\n\n                \n                <div class=\"elementor-container elementor-column-gap-default\">\n                <div class=\"elementor-column elementor-col-33 elementor-top-column elementor-element elementor-element-e3c4da2 pxl-column-element-default pxl-column-none\" data-id=\"e3c4da2\" data-element_type=\"column\" data-e-type=\"column\">\r\n        <div class=\"elementor-widget-wrap\">\r\n                     \r\n                    <\/div>\r\n        <\/div>\r\n                <div class=\"elementor-column elementor-col-33 elementor-top-column elementor-element elementor-element-0391b80 pxl-column-element-default pxl-column-none\" data-id=\"0391b80\" data-element_type=\"column\" data-e-type=\"column\">\r\n        <div class=\"elementor-widget-wrap elementor-element-populated\">\r\n                     \r\n        \t\t<div class=\"elementor-element elementor-element-beee355 elementor-widget elementor-widget-pxl_showcase\" data-id=\"beee355\" data-element_type=\"widget\" data-e-type=\"widget\" data-widget_type=\"pxl_showcase.default\">\n\t\t\t\t<div class=\"elementor-widget-container\">\n\t\t\t\t\t<div class=\"pxl-showcase layout1\" data-wow-delay=\"ms\">\r\n    <div class=\"inner-box item-normarl\">\r\n        <div class=\"item-feature\">\r\n            <img loading=\"lazy\" decoding=\"async\" width=\"564\" height=\"744\" src=\"https:\/\/elementus.lv\/wp-content\/uploads\/2025\/01\/bio-a2.jpg\" class=\"attachment-full\" alt=\"\" srcset=\"https:\/\/elementus.lv\/wp-content\/uploads\/2025\/01\/bio-a2.jpg 564w, https:\/\/elementus.lv\/wp-content\/uploads\/2025\/01\/bio-a2-227x300.jpg 227w, https:\/\/elementus.lv\/wp-content\/uploads\/2025\/01\/bio-a2-538x710.jpg 538w\" sizes=\"(max-width: 564px) 100vw, 564px\" \/>            <div class=\"pxl-item-links\">\r\n                                    <a class=\"link-1\" href=\"https:\/\/elementus.lv\/wp-content\/uploads\/2025\/01\/Laminar-cabinets.pdf\" target=\"_blank\">\r\n                        <span>TOPAIR-Katalog<\/span>\r\n                    <\/a>\r\n                                                    <a class=\"link-2\" href=\"https:\/\/elementus.lv\/wp-content\/uploads\/2025\/01\/Laminar-cabinets.pdf\">\r\n                        <span><\/span>\r\n                    <\/a>\r\n                            <\/div>\r\n        <\/div>\r\n        <h3 class=\"item-title\">\r\n            <a href=\"https:\/\/elementus.lv\/wp-content\/uploads\/2025\/01\/Laminar-cabinets.pdf\" target=\"_blank\">                TOPAIR-Katalog            <\/a>                    <\/h3>\r\n    <\/div>\r\n<\/div>\t\t\t\t<\/div>\n\t\t\t\t<\/div>\n\t\t\t\t<div class=\"elementor-element elementor-element-89fd43a elementor-align-center elementor-widget elementor-widget-button\" data-id=\"89fd43a\" data-element_type=\"widget\" data-e-type=\"widget\" data-widget_type=\"button.default\">\n\t\t\t\t<div class=\"elementor-widget-container\">\n\t\t\t\t\t\t\t\t\t<div class=\"elementor-button-wrapper\">\n\t\t\t\t\t<a class=\"elementor-button elementor-button-link elementor-size-sm\" href=\"https:\/\/elementus.lv\/wp-content\/uploads\/2025\/01\/Laminar-cabinets.pdf?dl=1\" download=\"Laminar-cabinets.pdf\">\n\t\t\t\t\t\t<span class=\"elementor-button-content-wrapper\">\n\t\t\t\t\t\t\t\t\t<span class=\"elementor-button-text\">Katalog herunterladen<\/span>\n\t\t\t\t\t<\/span>\n\t\t\t\t\t<\/a>\n\t\t\t\t<\/div>\n\t\t\t\t\t\t\t\t<\/div>\n\t\t\t\t<\/div>\n\t\t            <\/div>\r\n        <\/div>\r\n                <div class=\"elementor-column elementor-col-33 elementor-top-column elementor-element elementor-element-8130496 pxl-column-element-default pxl-column-none\" data-id=\"8130496\" data-element_type=\"column\" data-e-type=\"column\">\r\n        <div class=\"elementor-widget-wrap\">\r\n                     \r\n                    <\/div>\r\n        <\/div>\r\n        \t\t\t<\/div>\n\t\t<\/section>\n\t\t\t\t<\/div>","protected":false},"excerpt":{"rendered":"<p>Laminar Cabinets TopAir Systems: Innovative Solutions for Cleanroom and Laboratory Environments TopAir Systems is a leading manufacturer specializing in high-quality cleanroom and laboratory equipment designed to meet the stringent demands of modern industries. With a focus on innovation, efficiency, and safety, TopAir Systems delivers a range of products that support research, healthcare, and industrial applications [&hellip;]<\/p>\n","protected":false},"author":1,"featured_media":0,"parent":0,"menu_order":0,"comment_status":"closed","ping_status":"closed","template":"","meta":{"footnotes":""},"class_list":["post-14875","page","type-page","status-publish","hentry"],"_links":{"self":[{"href":"https:\/\/elementus.lv\/de\/wp-json\/wp\/v2\/pages\/14875","targetHints":{"allow":["GET"]}}],"collection":[{"href":"https:\/\/elementus.lv\/de\/wp-json\/wp\/v2\/pages"}],"about":[{"href":"https:\/\/elementus.lv\/de\/wp-json\/wp\/v2\/types\/page"}],"author":[{"embeddable":true,"href":"https:\/\/elementus.lv\/de\/wp-json\/wp\/v2\/users\/1"}],"replies":[{"embeddable":true,"href":"https:\/\/elementus.lv\/de\/wp-json\/wp\/v2\/comments?post=14875"}],"version-history":[{"count":8,"href":"https:\/\/elementus.lv\/de\/wp-json\/wp\/v2\/pages\/14875\/revisions"}],"predecessor-version":[{"id":15420,"href":"https:\/\/elementus.lv\/de\/wp-json\/wp\/v2\/pages\/14875\/revisions\/15420"}],"wp:attachment":[{"href":"https:\/\/elementus.lv\/de\/wp-json\/wp\/v2\/media?parent=14875"}],"curies":[{"name":"wp","href":"https:\/\/api.w.org\/{rel}","templated":true}]}}