{"id":12273,"date":"2024-12-11T17:22:18","date_gmt":"2024-12-11T17:22:18","guid":{"rendered":"https:\/\/elementus.lv\/?page_id=12273"},"modified":"2025-02-19T08:23:54","modified_gmt":"2025-02-19T08:23:54","slug":"atomic-absorption","status":"publish","type":"page","link":"https:\/\/elementus.lv\/lv\/atomic-absorption\/","title":{"rendered":"Atomu absorbcijas spektrometrija (AAS)"},"content":{"rendered":"<div data-elementor-type=\"wp-page\" data-elementor-id=\"12273\" class=\"elementor elementor-12273\" data-elementor-post-type=\"page\">\n\t\t\t\t        <section class=\"elementor-section elementor-top-section elementor-element elementor-element-1d1c928 elementor-section-boxed elementor-section-height-default elementor-section-height-default pxl-type-header-none pxl-row-scroll-none\" data-id=\"1d1c928\" data-element_type=\"section\" data-e-type=\"section\" data-settings=\"{&quot;background_background&quot;:&quot;classic&quot;}\">\n\n                            <div class=\"elementor-background-overlay\"><\/div>\n            \n                <div class=\"elementor-container elementor-column-gap-default\">\n                <div class=\"elementor-column elementor-col-100 elementor-top-column elementor-element elementor-element-9152dcf pxl-column-element-default pxl-column-none\" data-id=\"9152dcf\" data-element_type=\"column\" data-e-type=\"column\">\r\n        <div class=\"elementor-widget-wrap elementor-element-populated\">\r\n                     \r\n        \t\t<div class=\"elementor-element elementor-element-e55b1ed elementor-widget elementor-widget-pxl_heading\" data-id=\"e55b1ed\" data-element_type=\"widget\" data-e-type=\"widget\" data-widget_type=\"pxl_heading.default\">\n\t\t\t\t<div class=\"elementor-widget-container\">\n\t\t\t\t\t<div class=\"pxl-heading\">\n\t<div class=\"pxl-heading--inner\">\n\t\t\t\t<h3 class=\"pxl-item--title\" data-wow-delay=\"ms\">\n\t\t\tAtomu absorbcijas spektrometrija (AAS)\t\t\n\t\t<\/h3>\n\t\t\t<\/div>\n<\/div>\t\t\t\t<\/div>\n\t\t\t\t<\/div>\n\t\t            <\/div>\r\n        <\/div>\r\n        \t\t\t<\/div>\n\t\t<\/section>\n\t\t        <section class=\"elementor-section elementor-top-section elementor-element elementor-element-f8c8e81 elementor-section-boxed elementor-section-height-default elementor-section-height-default pxl-type-header-none pxl-row-scroll-none\" data-id=\"f8c8e81\" data-element_type=\"section\" data-e-type=\"section\">\n\n                \n                <div class=\"elementor-container elementor-column-gap-default\">\n                <div class=\"elementor-column elementor-col-50 elementor-top-column elementor-element elementor-element-40a7ed6 pxl-column-element-default pxl-column-none\" data-id=\"40a7ed6\" data-element_type=\"column\" data-e-type=\"column\">\r\n        <div class=\"elementor-widget-wrap elementor-element-populated\">\r\n                     \r\n        \t\t<div class=\"elementor-element elementor-element-afead70 elementor-widget elementor-widget-pxl_text_editor\" data-id=\"afead70\" data-element_type=\"widget\" data-e-type=\"widget\" data-widget_type=\"pxl_text_editor.default\">\n\t\t\t\t<div class=\"elementor-widget-container\">\n\t\t\t\t\t<div class=\"pxl-text-editor\">\n\t<div class=\"pxl-item--inner\" data-wow-delay=\"ms\">\n\t\t<h5 style=\"text-align: justify\">contrAA 800 - vismodern\u0101k\u0101 atomu absorbcijas spektrometrijas (AAS) sist\u0113ma pasaul\u0113. Pateicoties unik\u0101lajai augstas iz\u0161\u0137irtsp\u0113jas nep\u0101rtraukt\u0101s atom\u0101r\u0101s absorbcijas avota tehnolo\u0123ijai (HR-CS-AAS), contrAA 800  jut\u012bba un precizitate ir l\u012bdzv\u0113rt\u012bga pat ICP sist\u0113m\u0101m.<\/h5>\t<\/div>\n<\/div>\t\t\t\t<\/div>\n\t\t\t\t<\/div>\n\t\t            <\/div>\r\n        <\/div>\r\n                <div class=\"elementor-column elementor-col-50 elementor-top-column elementor-element elementor-element-6229ead pxl-column-element-default pxl-column-none\" data-id=\"6229ead\" data-element_type=\"column\" data-e-type=\"column\">\r\n        <div class=\"elementor-widget-wrap elementor-element-populated\">\r\n                     \r\n        \t\t<div class=\"elementor-element elementor-element-7ab806e elementor-widget elementor-widget-pxl_image\" data-id=\"7ab806e\" data-element_type=\"widget\" data-e-type=\"widget\" data-widget_type=\"pxl_image.default\">\n\t\t\t\t<div class=\"elementor-widget-container\">\n\t\t\t\t\t<div class=\"pxl-image-single\" data-wow-delay=\"ms\">\r\n                                        <div class=\"pxl-item--inner\">\r\n                    <a href=\"https:\/\/www.analytik-jena.com\/\" target=\"_blank\" rel=\"noopener\">                        <img fetchpriority=\"high\" decoding=\"async\" width=\"520\" height=\"97\" src=\"https:\/\/elementus.lv\/wp-content\/uploads\/2025\/01\/logo-1.png\" class=\"no-lazyload attachment-full\" alt=\"\" srcset=\"https:\/\/elementus.lv\/wp-content\/uploads\/2025\/01\/logo-1.png 520w, https:\/\/elementus.lv\/wp-content\/uploads\/2025\/01\/logo-1-300x56.png 300w\" sizes=\"(max-width: 520px) 100vw, 520px\" \/>                    <\/a>                <\/div>\r\n                        <\/div>\t\t\t\t<\/div>\n\t\t\t\t<\/div>\n\t\t            <\/div>\r\n        <\/div>\r\n        \t\t\t<\/div>\n\t\t<\/section>\n\t\t        <section class=\"elementor-section elementor-top-section elementor-element elementor-element-a4145a8 elementor-section-boxed elementor-section-height-default elementor-section-height-default pxl-type-header-none pxl-row-scroll-none\" data-id=\"a4145a8\" data-element_type=\"section\" data-e-type=\"section\">\n\n                \n                <div class=\"elementor-container elementor-column-gap-default\">\n                <div class=\"elementor-column elementor-col-50 elementor-top-column elementor-element elementor-element-7f7ace8 pxl-column-element-default pxl-column-none\" data-id=\"7f7ace8\" data-element_type=\"column\" data-e-type=\"column\">\r\n        <div class=\"elementor-widget-wrap elementor-element-populated\">\r\n                     \r\n        \t\t<div class=\"elementor-element elementor-element-87242af elementor-widget__width-initial elementor-widget elementor-widget-image\" data-id=\"87242af\" data-element_type=\"widget\" data-e-type=\"widget\" data-widget_type=\"image.default\">\n\t\t\t\t<div class=\"elementor-widget-container\">\n\t\t\t\t\t\t\t\t\t\t\t\t<figure class=\"wp-caption\">\n\t\t\t\t\t\t\t\t\t\t\t<a href=\"https:\/\/elementus.lv\/wp-content\/uploads\/2024\/12\/Slice-1.png\" data-elementor-open-lightbox=\"yes\" data-elementor-lightbox-title=\"Slice 1\" data-e-action-hash=\"#elementor-action%3Aaction%3Dlightbox%26settings%3DeyJpZCI6MTI4NjcsInVybCI6Imh0dHBzOlwvXC9lbGVtZW50dXMubHZcL3dwLWNvbnRlbnRcL3VwbG9hZHNcLzIwMjRcLzEyXC9TbGljZS0xLnBuZyJ9\">\n\t\t\t\t\t\t\t<img decoding=\"async\" width=\"1024\" height=\"606\" src=\"https:\/\/elementus.lv\/wp-content\/uploads\/2024\/12\/Slice-1-1024x606.png\" class=\"attachment-large size-large wp-image-12867\" alt=\"\" srcset=\"https:\/\/elementus.lv\/wp-content\/uploads\/2024\/12\/Slice-1-1024x606.png 1024w, https:\/\/elementus.lv\/wp-content\/uploads\/2024\/12\/Slice-1-300x178.png 300w, https:\/\/elementus.lv\/wp-content\/uploads\/2024\/12\/Slice-1-768x455.png 768w, https:\/\/elementus.lv\/wp-content\/uploads\/2024\/12\/Slice-1-1536x909.png 1536w, https:\/\/elementus.lv\/wp-content\/uploads\/2024\/12\/Slice-1-2048x1212.png 2048w, https:\/\/elementus.lv\/wp-content\/uploads\/2024\/12\/Slice-1-1170x693.png 1170w, https:\/\/elementus.lv\/wp-content\/uploads\/2024\/12\/Slice-1-600x355.png 600w\" sizes=\"(max-width: 1024px) 100vw, 1024px\" \/>\t\t\t\t\t\t\t\t<\/a>\n\t\t\t\t\t\t\t\t\t\t\t<figcaption class=\"widget-image-caption wp-caption-text\"><\/figcaption>\n\t\t\t\t\t\t\t\t\t\t<\/figure>\n\t\t\t\t\t\t\t\t\t<\/div>\n\t\t\t\t<\/div>\n\t\t            <\/div>\r\n        <\/div>\r\n                <div class=\"elementor-column elementor-col-50 elementor-top-column elementor-element elementor-element-d3fdd8a pxl-column-element-default pxl-column-none\" data-id=\"d3fdd8a\" data-element_type=\"column\" data-e-type=\"column\">\r\n        <div class=\"elementor-widget-wrap elementor-element-populated\">\r\n                     \r\n        \t\t<div class=\"elementor-element elementor-element-834cce4 elementor-widget__width-initial elementor-widget elementor-widget-pxl_text_editor\" data-id=\"834cce4\" data-element_type=\"widget\" data-e-type=\"widget\" data-widget_type=\"pxl_text_editor.default\">\n\t\t\t\t<div class=\"elementor-widget-container\">\n\t\t\t\t\t<div class=\"pxl-text-editor\">\n\t<div class=\"pxl-item--inner\" data-wow-delay=\"ms\">\n\t\t<p style=\"text-align: justify\">novAA 800 AAS ir optim\u0101ls spektrometrs ikdienas lietojumiem, ZEEnit s\u0113rijas AAS (atomabsorbcijas spektrometri) ar tre\u0161\u0101s paaudzes Z\u0113mana fona korekciju ir ide\u0101li piem\u0113roti noteiktu mikroelementu anal\u012bzei. To uzlabot\u0101 Z\u0113mana korekcijas tehnolo\u0123ija efekt\u012bvi kompens\u0113 fona absorbciju, nodro\u0161inot augstu jut\u012bbu un precizit\u0101ti, \u012bpa\u0161i sare\u017e\u0123\u012bt\u0101s matric\u0101s.<\/p><p style=\"text-align: justify\">Atomu absorbcijas spektroskopija (AAS) ir sp\u0113c\u012bga anal\u012btiska metode met\u0101lu un metalo\u012bdu kvantitat\u012bvai un kvalitat\u012bvai noteik\u0161anai paraugos. \u0160\u012b metode, kas anal\u012btiskaj\u0101 \u0137\u012bmij\u0101 jau sen ir p\u0101rbaud\u012bta, balst\u0101s uz starojuma absorbcijas principu: Analiz\u0113jam\u0101 elementa atomi absorb\u0113 elektromagn\u0113tisko starojumu, p\u0113c tam m\u0113ra intensit\u0101tes samazin\u0101\u0161anos noteikt\u0101s spektra da\u013c\u0101s, t\u0101d\u0113j\u0101di ieg\u016bstot inform\u0101ciju par parauga sast\u0101vu. Atomu absorbcijas spektroskopijas priek\u0161roc\u012bba ir augsta selektivit\u0101te.<\/p>\t<\/div>\n<\/div>\t\t\t\t<\/div>\n\t\t\t\t<\/div>\n\t\t            <\/div>\r\n        <\/div>\r\n        \t\t\t<\/div>\n\t\t<\/section>\n\t\t        <section class=\"elementor-section elementor-top-section elementor-element elementor-element-4111541 elementor-section-boxed elementor-section-height-default elementor-section-height-default pxl-type-header-none pxl-row-scroll-none\" data-id=\"4111541\" data-element_type=\"section\" data-e-type=\"section\">\n\n                \n                <div class=\"elementor-container elementor-column-gap-default\">\n                <div class=\"elementor-column elementor-col-100 elementor-top-column elementor-element elementor-element-bc7770f pxl-column-element-default pxl-column-none\" data-id=\"bc7770f\" data-element_type=\"column\" data-e-type=\"column\">\r\n        <div class=\"elementor-widget-wrap elementor-element-populated\">\r\n                     \r\n        \t\t<div class=\"elementor-element elementor-element-3e1529b elementor-widget__width-initial elementor-widget elementor-widget-pxl_text_editor\" data-id=\"3e1529b\" data-element_type=\"widget\" data-e-type=\"widget\" data-widget_type=\"pxl_text_editor.default\">\n\t\t\t\t<div class=\"elementor-widget-container\">\n\t\t\t\t\t<div class=\"pxl-text-editor\">\n\t<div class=\"pxl-item--inner\" data-wow-delay=\"ms\">\n\t\t<p style=\"text-align: justify\">AAS ir viena no galvenaj\u0101m procesu kontroles un kvalit\u0101tes kontroles metod\u0113m daudz\u0101s r\u016bpniec\u012bbas nozar\u0113s. K\u0101 uzticamu \u0137\u012bmisk\u0101s anal\u012bzes metodi atomu absorbcijas spektroskopiju var izmantot, piem\u0113ram, lai p\u0101rbaud\u012btu, vai p\u0101rtik\u0101 nav toksisku met\u0101lu, analiz\u0113tu toksiskus mikroelementus virszemes \u016bde\u0146os un dzeramaj\u0101 \u016bden\u012b vai noteiktu smago met\u0101lu saturu notek\u016bde\u0146u d\u016b\u0146\u0101s un augsn\u0113 saska\u0146\u0101 ar standartiem. Citi pielietojumi ir aktualiz\u0113ju\u0161ies \u0137\u012bmiskaj\u0101 r\u016bpniec\u012bb\u0101, naftas un g\u0101zes nozar\u0113, kalnr\u016bpniec\u012bb\u0101, met\u0101lapstr\u0101d\u0113 un vides anal\u012bz\u0113. Praks\u0113 \u0161o metodi izmanto vai nu \u016bdens \u0161\u0137\u012bdumiem, vai ciet\u0101m viel\u0101m.<\/p>\t<\/div>\n<\/div>\t\t\t\t<\/div>\n\t\t\t\t<\/div>\n\t\t            <\/div>\r\n        <\/div>\r\n        \t\t\t<\/div>\n\t\t<\/section>\n\t\t        <section class=\"elementor-section elementor-top-section elementor-element elementor-element-d8cd663 elementor-section-boxed elementor-section-height-default elementor-section-height-default pxl-type-header-none pxl-row-scroll-none\" data-id=\"d8cd663\" data-element_type=\"section\" data-e-type=\"section\">\n\n                \n                <div class=\"elementor-container elementor-column-gap-default\">\n                <div class=\"elementor-column elementor-col-33 elementor-top-column elementor-element elementor-element-888cb89 pxl-column-element-default pxl-column-none\" data-id=\"888cb89\" data-element_type=\"column\" data-e-type=\"column\">\r\n        <div class=\"elementor-widget-wrap elementor-element-populated\">\r\n                     \r\n        \t\t<div class=\"elementor-element elementor-element-62a42b2 elementor-widget elementor-widget-pxl_showcase\" data-id=\"62a42b2\" data-element_type=\"widget\" data-e-type=\"widget\" data-widget_type=\"pxl_showcase.default\">\n\t\t\t\t<div class=\"elementor-widget-container\">\n\t\t\t\t\t<div class=\"pxl-showcase layout1\" data-wow-delay=\"ms\">\r\n    <div class=\"inner-box item-normarl\">\r\n        <div class=\"item-feature\">\r\n            <img decoding=\"async\" width=\"2560\" height=\"1706\" src=\"https:\/\/elementus.lv\/wp-content\/uploads\/2024\/12\/contrAA_800_D_AS_FD_Front-1-scaled.jpg\" class=\"attachment-full\" alt=\"\" srcset=\"https:\/\/elementus.lv\/wp-content\/uploads\/2024\/12\/contrAA_800_D_AS_FD_Front-1-scaled.jpg 2560w, https:\/\/elementus.lv\/wp-content\/uploads\/2024\/12\/contrAA_800_D_AS_FD_Front-1-300x200.jpg 300w, https:\/\/elementus.lv\/wp-content\/uploads\/2024\/12\/contrAA_800_D_AS_FD_Front-1-1024x683.jpg 1024w, https:\/\/elementus.lv\/wp-content\/uploads\/2024\/12\/contrAA_800_D_AS_FD_Front-1-768x512.jpg 768w, https:\/\/elementus.lv\/wp-content\/uploads\/2024\/12\/contrAA_800_D_AS_FD_Front-1-1536x1024.jpg 1536w, https:\/\/elementus.lv\/wp-content\/uploads\/2024\/12\/contrAA_800_D_AS_FD_Front-1-2048x1365.jpg 2048w, https:\/\/elementus.lv\/wp-content\/uploads\/2024\/12\/contrAA_800_D_AS_FD_Front-1-1065x710.jpg 1065w, https:\/\/elementus.lv\/wp-content\/uploads\/2024\/12\/contrAA_800_D_AS_FD_Front-1-600x400.jpg 600w\" sizes=\"(max-width: 2560px) 100vw, 2560px\" \/>            <div class=\"pxl-item-links\">\r\n                                    <a class=\"link-1\" href=\"https:\/\/elementus.lv\/wp-content\/uploads\/2024\/12\/contrAA-800.pdf\" target=\"_blank\">\r\n                        <span>ContrAA800 katalogs<\/span>\r\n                    <\/a>\r\n                                                    <a class=\"link-2\" href=\"https:\/\/elementus.lv\/wp-content\/uploads\/2024\/12\/contrAA-800.pdf\">\r\n                        <span><\/span>\r\n                    <\/a>\r\n                            <\/div>\r\n        <\/div>\r\n        <h3 class=\"item-title\">\r\n            <a href=\"https:\/\/elementus.lv\/wp-content\/uploads\/2024\/12\/contrAA-800.pdf\" target=\"_blank\">                ContrAA800 katalogs            <\/a>                    <\/h3>\r\n    <\/div>\r\n<\/div>\t\t\t\t<\/div>\n\t\t\t\t<\/div>\n\t\t\t\t<div class=\"elementor-element elementor-element-31bfaeb elementor-align-center elementor-widget elementor-widget-button\" data-id=\"31bfaeb\" data-element_type=\"widget\" data-e-type=\"widget\" data-widget_type=\"button.default\">\n\t\t\t\t<div class=\"elementor-widget-container\">\n\t\t\t\t\t\t\t\t\t<div class=\"elementor-button-wrapper\">\n\t\t\t\t\t<a class=\"elementor-button elementor-button-link elementor-size-sm\" href=\"https:\/\/elementus.lv\/wp-content\/uploads\/2024\/12\/contrAA-800.pdf?dl=1\" download=\"contrAA-800.pdf\">\n\t\t\t\t\t\t<span class=\"elementor-button-content-wrapper\">\n\t\t\t\t\t\t\t\t\t<span class=\"elementor-button-text\">Lejupiel\u0101d\u0113t katalogu<\/span>\n\t\t\t\t\t<\/span>\n\t\t\t\t\t<\/a>\n\t\t\t\t<\/div>\n\t\t\t\t\t\t\t\t<\/div>\n\t\t\t\t<\/div>\n\t\t            <\/div>\r\n        <\/div>\r\n                <div class=\"elementor-column elementor-col-33 elementor-top-column elementor-element elementor-element-300e7c8 pxl-column-element-default pxl-column-none\" data-id=\"300e7c8\" data-element_type=\"column\" data-e-type=\"column\">\r\n        <div class=\"elementor-widget-wrap elementor-element-populated\">\r\n                     \r\n        \t\t<div class=\"elementor-element elementor-element-0152a2f elementor-widget__width-initial elementor-widget elementor-widget-pxl_showcase\" data-id=\"0152a2f\" data-element_type=\"widget\" data-e-type=\"widget\" data-widget_type=\"pxl_showcase.default\">\n\t\t\t\t<div class=\"elementor-widget-container\">\n\t\t\t\t\t<div class=\"pxl-showcase layout1\" data-wow-delay=\"ms\">\r\n    <div class=\"inner-box item-normarl\">\r\n        <div class=\"item-feature\">\r\n            <img loading=\"lazy\" decoding=\"async\" width=\"2560\" height=\"1662\" src=\"https:\/\/elementus.lv\/wp-content\/uploads\/2024\/12\/novAA_800_D_HS60-scaled.jpg\" class=\"attachment-full\" alt=\"\" srcset=\"https:\/\/elementus.lv\/wp-content\/uploads\/2024\/12\/novAA_800_D_HS60-scaled.jpg 2560w, https:\/\/elementus.lv\/wp-content\/uploads\/2024\/12\/novAA_800_D_HS60-300x195.jpg 300w, https:\/\/elementus.lv\/wp-content\/uploads\/2024\/12\/novAA_800_D_HS60-1024x665.jpg 1024w, https:\/\/elementus.lv\/wp-content\/uploads\/2024\/12\/novAA_800_D_HS60-768x499.jpg 768w, https:\/\/elementus.lv\/wp-content\/uploads\/2024\/12\/novAA_800_D_HS60-1536x997.jpg 1536w, https:\/\/elementus.lv\/wp-content\/uploads\/2024\/12\/novAA_800_D_HS60-2048x1330.jpg 2048w, https:\/\/elementus.lv\/wp-content\/uploads\/2024\/12\/novAA_800_D_HS60-1093x710.jpg 1093w, https:\/\/elementus.lv\/wp-content\/uploads\/2024\/12\/novAA_800_D_HS60-600x390.jpg 600w\" sizes=\"(max-width: 2560px) 100vw, 2560px\" \/>            <div class=\"pxl-item-links\">\r\n                                    <a class=\"link-1\" href=\"https:\/\/elementus.lv\/wp-content\/uploads\/2024\/12\/novAA800-1.pdf\" target=\"_blank\">\r\n                        <span>NovAA 800 D HS60 katalogs<\/span>\r\n                    <\/a>\r\n                                                    <a class=\"link-2\" href=\"https:\/\/elementus.lv\/wp-content\/uploads\/2024\/12\/novAA800-1.pdf\">\r\n                        <span><\/span>\r\n                    <\/a>\r\n                            <\/div>\r\n        <\/div>\r\n        <h3 class=\"item-title\">\r\n            <a href=\"https:\/\/elementus.lv\/wp-content\/uploads\/2024\/12\/novAA800-1.pdf\" target=\"_blank\">                novAA 800 D HS60            <\/a>                    <\/h3>\r\n    <\/div>\r\n<\/div>\t\t\t\t<\/div>\n\t\t\t\t<\/div>\n\t\t\t\t<div class=\"elementor-element elementor-element-8726b83 elementor-align-center elementor-widget elementor-widget-button\" data-id=\"8726b83\" data-element_type=\"widget\" data-e-type=\"widget\" data-widget_type=\"button.default\">\n\t\t\t\t<div class=\"elementor-widget-container\">\n\t\t\t\t\t\t\t\t\t<div class=\"elementor-button-wrapper\">\n\t\t\t\t\t<a class=\"elementor-button elementor-button-link elementor-size-sm\" href=\"https:\/\/elementus.lv\/wp-content\/uploads\/2024\/12\/novAA800-1.pdf?dl=1\" download=\"novAA800-1.pdf\">\n\t\t\t\t\t\t<span class=\"elementor-button-content-wrapper\">\n\t\t\t\t\t\t\t\t\t<span class=\"elementor-button-text\">Lejupiel\u0101d\u0113t katalogu<\/span>\n\t\t\t\t\t<\/span>\n\t\t\t\t\t<\/a>\n\t\t\t\t<\/div>\n\t\t\t\t\t\t\t\t<\/div>\n\t\t\t\t<\/div>\n\t\t            <\/div>\r\n        <\/div>\r\n                <div class=\"elementor-column elementor-col-33 elementor-top-column elementor-element elementor-element-f80b812 pxl-column-element-default pxl-column-none\" data-id=\"f80b812\" data-element_type=\"column\" data-e-type=\"column\">\r\n        <div class=\"elementor-widget-wrap elementor-element-populated\">\r\n                     \r\n        \t\t<div class=\"elementor-element elementor-element-9f05d65 elementor-widget elementor-widget-pxl_showcase\" data-id=\"9f05d65\" data-element_type=\"widget\" data-e-type=\"widget\" data-widget_type=\"pxl_showcase.default\">\n\t\t\t\t<div class=\"elementor-widget-container\">\n\t\t\t\t\t<div class=\"pxl-showcase layout1\" data-wow-delay=\"ms\">\r\n    <div class=\"inner-box item-normarl\">\r\n        <div class=\"item-feature\">\r\n            <img loading=\"lazy\" decoding=\"async\" width=\"10698\" height=\"5794\" src=\"https:\/\/elementus.lv\/wp-content\/uploads\/2024\/12\/ZEEnit_700P_AS_HS_ALPHA.png\" class=\"attachment-full\" alt=\"\" srcset=\"https:\/\/elementus.lv\/wp-content\/uploads\/2024\/12\/ZEEnit_700P_AS_HS_ALPHA.png 10698w, https:\/\/elementus.lv\/wp-content\/uploads\/2024\/12\/ZEEnit_700P_AS_HS_ALPHA-300x162.png 300w, https:\/\/elementus.lv\/wp-content\/uploads\/2024\/12\/ZEEnit_700P_AS_HS_ALPHA-1024x555.png 1024w, https:\/\/elementus.lv\/wp-content\/uploads\/2024\/12\/ZEEnit_700P_AS_HS_ALPHA-768x416.png 768w, https:\/\/elementus.lv\/wp-content\/uploads\/2024\/12\/ZEEnit_700P_AS_HS_ALPHA-1536x832.png 1536w, https:\/\/elementus.lv\/wp-content\/uploads\/2024\/12\/ZEEnit_700P_AS_HS_ALPHA-2048x1109.png 2048w, https:\/\/elementus.lv\/wp-content\/uploads\/2024\/12\/ZEEnit_700P_AS_HS_ALPHA-1170x634.png 1170w, https:\/\/elementus.lv\/wp-content\/uploads\/2024\/12\/ZEEnit_700P_AS_HS_ALPHA-600x325.png 600w\" sizes=\"(max-width: 10698px) 100vw, 10698px\" \/>            <div class=\"pxl-item-links\">\r\n                                    <a class=\"link-1\" href=\"https:\/\/elementus.lv\/wp-content\/uploads\/2024\/12\/ZEEnit.pdf\" target=\"_blank\">\r\n                        <span>ZEEnit 700P AS HS ALPHA Katalogs<\/span>\r\n                    <\/a>\r\n                                                    <a class=\"link-2\" href=\"https:\/\/elementus.lv\/wp-content\/uploads\/2024\/12\/ZEEnit.pdf\">\r\n                        <span><\/span>\r\n                    <\/a>\r\n                            <\/div>\r\n        <\/div>\r\n        <h3 class=\"item-title\">\r\n            <a href=\"https:\/\/elementus.lv\/wp-content\/uploads\/2024\/12\/ZEEnit.pdf\" target=\"_blank\">                ZEEnit 700P AS HS ALPHA Katalogs            <\/a>                    <\/h3>\r\n    <\/div>\r\n<\/div>\t\t\t\t<\/div>\n\t\t\t\t<\/div>\n\t\t\t\t<div class=\"elementor-element elementor-element-5d4f90c elementor-align-center elementor-widget elementor-widget-button\" data-id=\"5d4f90c\" data-element_type=\"widget\" data-e-type=\"widget\" data-widget_type=\"button.default\">\n\t\t\t\t<div class=\"elementor-widget-container\">\n\t\t\t\t\t\t\t\t\t<div class=\"elementor-button-wrapper\">\n\t\t\t\t\t<a class=\"elementor-button elementor-button-link elementor-size-sm\" href=\"https:\/\/elementus.lv\/wp-content\/uploads\/2024\/12\/ZEEnit.pdf?dl=1\" download=\"ZEEnit.pdf\">\n\t\t\t\t\t\t<span class=\"elementor-button-content-wrapper\">\n\t\t\t\t\t\t\t\t\t<span class=\"elementor-button-text\">Lejupiel\u0101d\u0113t katalogu<\/span>\n\t\t\t\t\t<\/span>\n\t\t\t\t\t<\/a>\n\t\t\t\t<\/div>\n\t\t\t\t\t\t\t\t<\/div>\n\t\t\t\t<\/div>\n\t\t            <\/div>\r\n        <\/div>\r\n        \t\t\t<\/div>\n\t\t<\/section>\n\t\t\t\t<\/div>","protected":false},"excerpt":{"rendered":"<p>Atomic Absorption Spectrometry (AAS) With the contrAA 800 platform we offer the most advanced atomic absorption spectrometry(AAS) systems worldwide. The sensitivity and robustness of the contrAA 800 series rivals even ICP systems thanky to its unique high-resolution continuum source atomic absorption technology (HR-CS-AAS). Next to the high-end contrAA 800 systems we offer a variety of [&hellip;]<\/p>\n","protected":false},"author":1,"featured_media":0,"parent":0,"menu_order":0,"comment_status":"closed","ping_status":"closed","template":"","meta":{"footnotes":""},"class_list":["post-12273","page","type-page","status-publish","hentry"],"_links":{"self":[{"href":"https:\/\/elementus.lv\/lv\/wp-json\/wp\/v2\/pages\/12273","targetHints":{"allow":["GET"]}}],"collection":[{"href":"https:\/\/elementus.lv\/lv\/wp-json\/wp\/v2\/pages"}],"about":[{"href":"https:\/\/elementus.lv\/lv\/wp-json\/wp\/v2\/types\/page"}],"author":[{"embeddable":true,"href":"https:\/\/elementus.lv\/lv\/wp-json\/wp\/v2\/users\/1"}],"replies":[{"embeddable":true,"href":"https:\/\/elementus.lv\/lv\/wp-json\/wp\/v2\/comments?post=12273"}],"version-history":[{"count":97,"href":"https:\/\/elementus.lv\/lv\/wp-json\/wp\/v2\/pages\/12273\/revisions"}],"predecessor-version":[{"id":16588,"href":"https:\/\/elementus.lv\/lv\/wp-json\/wp\/v2\/pages\/12273\/revisions\/16588"}],"wp:attachment":[{"href":"https:\/\/elementus.lv\/lv\/wp-json\/wp\/v2\/media?parent=12273"}],"curies":[{"name":"wp","href":"https:\/\/api.w.org\/{rel}","templated":true}]}}