{"id":13222,"date":"2024-12-16T14:41:57","date_gmt":"2024-12-16T14:41:57","guid":{"rendered":"https:\/\/elementus.lv\/?page_id=13222"},"modified":"2024-12-16T14:42:34","modified_gmt":"2024-12-16T14:42:34","slug":"header-4-sticky","status":"publish","type":"page","link":"https:\/\/elementus.lv\/lv\/header-4-sticky\/","title":{"rendered":"Header 4 &#8211; sticky"},"content":{"rendered":"<div data-elementor-type=\"wp-page\" data-elementor-id=\"13222\" class=\"elementor elementor-13222\" data-elementor-post-type=\"page\">\n\t\t\t\t        <section class=\"elementor-section elementor-top-section elementor-element elementor-element-07687fd elementor-section-boxed elementor-section-height-default elementor-section-height-default pxl-type-header-none pxl-row-scroll-none\" data-id=\"07687fd\" data-element_type=\"section\" data-e-type=\"section\">\n\n                \n                <div class=\"elementor-container elementor-column-gap-default\">\n                <div class=\"elementor-column elementor-col-50 elementor-top-column elementor-element elementor-element-676d835 pxl-column-element-default pxl-column-none\" data-id=\"676d835\" data-element_type=\"column\" data-e-type=\"column\">\r\n        <div class=\"elementor-widget-wrap elementor-element-populated\">\r\n                     \r\n        \t\t<div class=\"elementor-element elementor-element-4aa1b65 elementor-widget__width-initial elementor-widget elementor-widget-pxl_logo\" data-id=\"4aa1b65\" data-element_type=\"widget\" data-e-type=\"widget\" data-widget_type=\"pxl_logo.default\">\n\t\t\t\t<div class=\"elementor-widget-container\">\n\t\t\t\t\t    <div class=\"pxl-logo logo-normal\" data-wow-delay=\"ms\">\r\n        <a href=\"https:\/\/elementus.lv\/lv\/about-us\/\">            <img fetchpriority=\"high\" decoding=\"async\" width=\"1499\" height=\"426\" src=\"https:\/\/elementus.lv\/wp-content\/uploads\/2024\/12\/cropped-logo-1.png\" class=\"attachment-full\" alt=\"Elementus\" srcset=\"https:\/\/elementus.lv\/wp-content\/uploads\/2024\/12\/cropped-logo-1.png 1499w, https:\/\/elementus.lv\/wp-content\/uploads\/2024\/12\/cropped-logo-1-300x85.png 300w, https:\/\/elementus.lv\/wp-content\/uploads\/2024\/12\/cropped-logo-1-1024x291.png 1024w, https:\/\/elementus.lv\/wp-content\/uploads\/2024\/12\/cropped-logo-1-768x218.png 768w, https:\/\/elementus.lv\/wp-content\/uploads\/2024\/12\/cropped-logo-1-1170x333.png 1170w, https:\/\/elementus.lv\/wp-content\/uploads\/2024\/12\/cropped-logo-1-600x171.png 600w\" sizes=\"(max-width: 1499px) 100vw, 1499px\" \/>        <\/a>    <\/div>\r\n\t\t\t\t<\/div>\n\t\t\t\t<\/div>\n\t\t            <\/div>\r\n        <\/div>\r\n                <div class=\"elementor-column elementor-col-50 elementor-top-column elementor-element elementor-element-7658a0b pxl-column-element-default pxl-column-none\" data-id=\"7658a0b\" data-element_type=\"column\" data-e-type=\"column\">\r\n        <div class=\"elementor-widget-wrap elementor-element-populated\">\r\n                     \r\n        \t\t<div class=\"elementor-element elementor-element-df90c5c space-menu-custom mr-30 elementor-widget__width-initial elementor-widget elementor-widget-pxl_menu\" data-id=\"df90c5c\" data-element_type=\"widget\" data-e-type=\"widget\" data-widget_type=\"pxl_menu.default\">\n\t\t\t\t<div class=\"elementor-widget-container\">\n\t\t\t\t\t    <div class=\"pxl-nav-menu pxl-nav-menu1 line-on line-color-gradient\">\r\n        <div class=\"menu-primary-menu-english-container\"><ul id=\"menu-primary-menu-english\" class=\"pxl-menu-primary clearfix\"><li id=\"menu-item-12070\" class=\"menu-item menu-item-type-custom menu-item-object-custom menu-item-12070\"><a href=\"https:\/\/elementus.lv\/lv\/about-us\/\"><span>Par mums<\/span><i class=\"caseicon-angle-arrow-down pxl-hide\"><\/i><\/a><\/li>\n<li id=\"menu-item-12087\" class=\"menu-item menu-item-type-custom menu-item-object-custom menu-item-12087\"><a href=\"https:\/\/elementus.lv\/lv\/meet-our-expert\/\"><span>M\u016bsu eksperts<\/span><i class=\"caseicon-angle-arrow-down pxl-hide\"><\/i><\/a><\/li>\n<li id=\"menu-item-13282\" class=\"menu-item menu-item-type-custom menu-item-object-custom menu-item-has-children menu-item-13282\"><a href=\"https:\/\/elementus.lv\/lv\/products\/\"><span>Produkti<\/span><i class=\"caseicon-angle-arrow-down pxl-hide\"><\/i><\/a>\n<ul class=\"sub-menu\">\n\t<li id=\"menu-item-13321\" class=\"menu-item menu-item-type-custom menu-item-object-custom menu-item-has-children menu-item-13321\"><a href=\"https:\/\/elementus.lv\/lv\/analytical-equipment\/\"><span>Anal\u012btisk\u0101s iek\u0101rtas<\/span><i class=\"caseicon-angle-arrow-down pxl-hide\"><\/i><\/a>\n\t<ul class=\"sub-menu\">\n\t\t<li id=\"menu-item-12766\" class=\"menu-item menu-item-type-custom menu-item-object-custom menu-item-12766\"><a href=\"https:\/\/elementus.lv\/lv\/atomic-absorption\/\"><span>Atomu absorbcija<\/span><i class=\"caseicon-angle-arrow-down pxl-hide\"><\/i><\/a><\/li>\n\t\t<li id=\"menu-item-13337\" class=\"menu-item menu-item-type-custom menu-item-object-custom menu-item-13337\"><a href=\"https:\/\/elementus.lv\/lv\/element-analyzers\/\"><span>Elementu analizatori<\/span><i class=\"caseicon-angle-arrow-down pxl-hide\"><\/i><\/a><\/li>\n\t\t<li id=\"menu-item-13401\" class=\"menu-item menu-item-type-custom menu-item-object-custom menu-item-13401\"><a href=\"https:\/\/elementus.lv\/lv\/icp-ms\/\"><span>ICP-MS<\/span><i class=\"caseicon-angle-arrow-down pxl-hide\"><\/i><\/a><\/li>\n\t\t<li id=\"menu-item-13580\" class=\"menu-item menu-item-type-custom menu-item-object-custom menu-item-13580\"><a href=\"https:\/\/elementus.lv\/lv\/icp-oes\/\"><span>ICP-OES<\/span><i class=\"caseicon-angle-arrow-down pxl-hide\"><\/i><\/a><\/li>\n\t\t<li id=\"menu-item-13601\" class=\"menu-item menu-item-type-custom menu-item-object-custom menu-item-13601\"><a href=\"https:\/\/elementus.lv\/lv\/mercur-analyzers\/\"><span>Dz\u012bvsudraba analizatori<\/span><i class=\"caseicon-angle-arrow-down pxl-hide\"><\/i><\/a><\/li>\n\t\t<li id=\"menu-item-13613\" class=\"menu-item menu-item-type-custom menu-item-object-custom menu-item-13613\"><a href=\"https:\/\/elementus.lv\/lv\/toc\/\"><span>TOC<\/span><i class=\"caseicon-angle-arrow-down pxl-hide\"><\/i><\/a><\/li>\n\t<\/ul>\n<\/li>\n\t<li id=\"menu-item-13658\" class=\"menu-item menu-item-type-custom menu-item-object-custom menu-item-13658\"><a href=\"https:\/\/elementus.lv\/lv\/uv-vis\/\"><span>UV-VIS<\/span><i class=\"caseicon-angle-arrow-down pxl-hide\"><\/i><\/a><\/li>\n\t<li id=\"menu-item-13451\" class=\"menu-item menu-item-type-custom menu-item-object-custom menu-item-has-children menu-item-13451\"><a href=\"https:\/\/elementus.lv\/lv\/laboratory-equipment\/\"><span>Laboratorijas apr\u012bkojums<\/span><i class=\"caseicon-angle-arrow-down pxl-hide\"><\/i><\/a>\n\t<ul class=\"sub-menu\">\n\t\t<li id=\"menu-item-13452\" class=\"menu-item menu-item-type-custom menu-item-object-custom menu-item-13452\"><a href=\"https:\/\/elementus.lv\/lv\/balances\/\"><span>Laboratorijas svari<\/span><i class=\"caseicon-angle-arrow-down pxl-hide\"><\/i><\/a><\/li>\n\t\t<li id=\"menu-item-13453\" class=\"menu-item menu-item-type-custom menu-item-object-custom menu-item-13453\"><a href=\"https:\/\/elementus.lv\/lv\/centrifuges\/\"><span>Centrif\u016bgas<\/span><i class=\"caseicon-angle-arrow-down pxl-hide\"><\/i><\/a><\/li>\n\t\t<li id=\"menu-item-13454\" class=\"menu-item menu-item-type-custom menu-item-object-custom menu-item-13454\"><a href=\"https:\/\/elementus.lv\/lv\/climate-chambers\/\"><span>Klimata kameras<\/span><i class=\"caseicon-angle-arrow-down pxl-hide\"><\/i><\/a><\/li>\n\t\t<li id=\"menu-item-13455\" class=\"menu-item menu-item-type-custom menu-item-object-custom menu-item-13455\"><a href=\"https:\/\/elementus.lv\/lv\/incubators\/\"><span>Inkubatori<\/span><i class=\"caseicon-angle-arrow-down pxl-hide\"><\/i><\/a><\/li>\n\t\t<li id=\"menu-item-13456\" class=\"menu-item menu-item-type-custom menu-item-object-custom menu-item-13456\"><a href=\"https:\/\/elementus.lv\/lv\/mixers-and-stirrers\/\"><span>Mais\u012bt\u0101ji un mikseri<\/span><i class=\"caseicon-angle-arrow-down pxl-hide\"><\/i><\/a><\/li>\n\t\t<li id=\"menu-item-13457\" class=\"menu-item menu-item-type-custom menu-item-object-custom menu-item-13457\"><a href=\"https:\/\/elementus.lv\/lv\/ovens\/\"><span>\u017davskapji<\/span><i class=\"caseicon-angle-arrow-down pxl-hide\"><\/i><\/a><\/li>\n\t\t<li id=\"menu-item-13458\" class=\"menu-item menu-item-type-custom menu-item-object-custom menu-item-13458\"><a href=\"https:\/\/elementus.lv\/lv\/ph-meters\/\"><span>pH m\u0113r\u012bt\u0101ji<\/span><i class=\"caseicon-angle-arrow-down pxl-hide\"><\/i><\/a><\/li>\n\t\t<li id=\"menu-item-13459\" class=\"menu-item menu-item-type-custom menu-item-object-custom menu-item-13459\"><a href=\"https:\/\/elementus.lv\/lv\/refrigerators-and-freezers\/\"><span>Ledusskapji un sald\u0113tavas<\/span><i class=\"caseicon-angle-arrow-down pxl-hide\"><\/i><\/a><\/li>\n\t\t<li id=\"menu-item-13460\" class=\"menu-item menu-item-type-custom menu-item-object-custom menu-item-13460\"><a href=\"https:\/\/elementus.lv\/lv\/vacuum-pumps\/\"><span>Vakuuma s\u016bk\u0146i<\/span><i class=\"caseicon-angle-arrow-down pxl-hide\"><\/i><\/a><\/li>\n\t\t<li id=\"menu-item-13461\" class=\"menu-item menu-item-type-custom menu-item-object-custom menu-item-13461\"><a href=\"https:\/\/elementus.lv\/lv\/water-and-filtration\/\"><span>\u016adens un filtr\u0113\u0161ana<\/span><i class=\"caseicon-angle-arrow-down pxl-hide\"><\/i><\/a><\/li>\n\t<\/ul>\n<\/li>\n\t<li id=\"menu-item-13524\" class=\"menu-item menu-item-type-custom menu-item-object-custom menu-item-has-children menu-item-13524\"><a href=\"https:\/\/elementus.lv\/lv\/laboratory-furniture\/\"><span>Laboratorijas m\u0113beles<\/span><i class=\"caseicon-angle-arrow-down pxl-hide\"><\/i><\/a>\n\t<ul class=\"sub-menu\">\n\t\t<li id=\"menu-item-17002\" class=\"menu-item menu-item-type-post_type menu-item-object-page menu-item-17002\"><a href=\"https:\/\/elementus.lv\/lv\/fume-hood-configurator\/\"><span>Velkmes skapja konfigurators<\/span><i class=\"caseicon-angle-arrow-down pxl-hide\"><\/i><\/a><\/li>\n\t\t<li id=\"menu-item-13525\" class=\"menu-item menu-item-type-custom menu-item-object-custom menu-item-13525\"><a href=\"https:\/\/elementus.lv\/lv\/fume-cupboards\/\"><span>Velkmes skapis<\/span><i class=\"caseicon-angle-arrow-down pxl-hide\"><\/i><\/a><\/li>\n\t\t<li id=\"menu-item-17017\" class=\"menu-item menu-item-type-post_type menu-item-object-page menu-item-17017\"><a href=\"https:\/\/elementus.lv\/lv\/laboratory-table-configurator\/\"><span>Laboratorijas galda konfigurators<\/span><i class=\"caseicon-angle-arrow-down pxl-hide\"><\/i><\/a><\/li>\n\t\t<li id=\"menu-item-16771\" class=\"menu-item menu-item-type-post_type menu-item-object-page menu-item-16771\"><a href=\"https:\/\/elementus.lv\/lv\/laboratory-tables-and-sinks\/\"><span>Laboratorijas galdi un izlietnes<\/span><i class=\"caseicon-angle-arrow-down pxl-hide\"><\/i><\/a><\/li>\n\t\t<li id=\"menu-item-13526\" class=\"menu-item menu-item-type-custom menu-item-object-custom menu-item-13526\"><a href=\"https:\/\/elementus.lv\/lv\/laminar-cabinets\/\"><span>Lamin\u0101rais skapis<\/span><i class=\"caseicon-angle-arrow-down pxl-hide\"><\/i><\/a><\/li>\n\t\t<li id=\"menu-item-13527\" class=\"menu-item menu-item-type-custom menu-item-object-custom menu-item-13527\"><a href=\"https:\/\/elementus.lv\/lv\/local-extractors\/\"><span>Lok\u0101las velkmes<\/span><i class=\"caseicon-angle-arrow-down pxl-hide\"><\/i><\/a><\/li>\n\t\t<li id=\"menu-item-13528\" class=\"menu-item menu-item-type-custom menu-item-object-custom menu-item-13528\"><a href=\"https:\/\/elementus.lv\/lv\/coming-soon\/\"><span>Rea\u0123entu skapis<\/span><i class=\"caseicon-angle-arrow-down pxl-hide\"><\/i><\/a><\/li>\n\t<\/ul>\n<\/li>\n\t<li id=\"menu-item-13428\" class=\"menu-item menu-item-type-custom menu-item-object-custom menu-item-has-children menu-item-13428\"><a href=\"https:\/\/elementus.lv\/lv\/glassware-and-labware\/\"><span>Stikla un laboratorijas piederumi<\/span><i class=\"caseicon-angle-arrow-down pxl-hide\"><\/i><\/a>\n\t<ul class=\"sub-menu\">\n\t\t<li id=\"menu-item-14660\" class=\"menu-item menu-item-type-custom menu-item-object-custom menu-item-14660\"><a href=\"https:\/\/elementus.lv\/lv\/bochem\/\"><span>Bochem<\/span><i class=\"caseicon-angle-arrow-down pxl-hide\"><\/i><\/a><\/li>\n\t\t<li id=\"menu-item-14661\" class=\"menu-item menu-item-type-custom menu-item-object-custom menu-item-14661\"><a href=\"https:\/\/elementus.lv\/lv\/brand\/\"><span>Brand<\/span><i class=\"caseicon-angle-arrow-down pxl-hide\"><\/i><\/a><\/li>\n\t\t<li id=\"menu-item-14662\" class=\"menu-item menu-item-type-custom menu-item-object-custom menu-item-14662\"><a href=\"https:\/\/elementus.lv\/lv\/burkle\/\"><span>Burkle<\/span><i class=\"caseicon-angle-arrow-down pxl-hide\"><\/i><\/a><\/li>\n\t\t<li id=\"menu-item-14663\" class=\"menu-item menu-item-type-custom menu-item-object-custom menu-item-14663\"><a href=\"https:\/\/elementus.lv\/lv\/dwk\/\"><span>DWK<\/span><i class=\"caseicon-angle-arrow-down pxl-hide\"><\/i><\/a><\/li>\n\t\t<li id=\"menu-item-14664\" class=\"menu-item menu-item-type-custom menu-item-object-custom menu-item-14664\"><a href=\"https:\/\/elementus.lv\/lv\/vitlab\/\"><span>Vitlab<\/span><i class=\"caseicon-angle-arrow-down pxl-hide\"><\/i><\/a><\/li>\n\t<\/ul>\n<\/li>\n\t<li id=\"menu-item-13287\" class=\"menu-item menu-item-type-custom menu-item-object-custom menu-item-13287\"><a href=\"https:\/\/elementus.lv\/lv\/thermal-control\/\"><span>Temperat\u016bras kontrole<\/span><i class=\"caseicon-angle-arrow-down pxl-hide\"><\/i><\/a><\/li>\n\t<li id=\"menu-item-13285\" class=\"menu-item menu-item-type-custom menu-item-object-custom menu-item-13285\"><a href=\"https:\/\/elementus.lv\/lv\/reagents\/\"><span>Rea\u0123enti<\/span><i class=\"caseicon-angle-arrow-down pxl-hide\"><\/i><\/a><\/li>\n\t<li id=\"menu-item-16301\" class=\"menu-item menu-item-type-custom menu-item-object-custom menu-item-16301\"><a href=\"https:\/\/elementus.lv\/lv\/consumables\/\"><span>Izlietoj\u0101mie materi\u0101li<\/span><i class=\"caseicon-angle-arrow-down pxl-hide\"><\/i><\/a><\/li>\n<\/ul>\n<\/li>\n<li id=\"menu-item-14224\" class=\"menu-item menu-item-type-custom menu-item-object-custom menu-item-has-children menu-item-14224\"><a href=\"https:\/\/elementus.lv\/lv\/services\/\"><span>Pakalpojumi<\/span><i class=\"caseicon-angle-arrow-down pxl-hide\"><\/i><\/a>\n<ul class=\"sub-menu\">\n\t<li id=\"menu-item-12794\" class=\"menu-item menu-item-type-custom menu-item-object-custom menu-item-12794\"><a href=\"https:\/\/elementus.lv\/lv\/laboratory-design-and-planning\/\"><span>Laboratorijas pl\u0101no\u0161ana un projekt\u0113\u0161ana<\/span><i class=\"caseicon-angle-arrow-down pxl-hide\"><\/i><\/a><\/li>\n\t<li id=\"menu-item-13041\" class=\"menu-item menu-item-type-custom menu-item-object-custom menu-item-13041\"><a href=\"https:\/\/elementus.lv\/lv\/repair-and-maintenance\/\"><span>Remonts un apkope<\/span><i class=\"caseicon-angle-arrow-down pxl-hide\"><\/i><\/a><\/li>\n<\/ul>\n<\/li>\n<li id=\"menu-item-13229\" class=\"menu-item menu-item-type-custom menu-item-object-custom menu-item-13229\"><a href=\"https:\/\/elementus.lv\/lv\/partners\/\"><span>Partneri<\/span><i class=\"caseicon-angle-arrow-down pxl-hide\"><\/i><\/a><\/li>\n<li id=\"menu-item-13108\" class=\"menu-item menu-item-type-custom menu-item-object-custom menu-item-13108\"><a href=\"https:\/\/elementus.lv\/lv\/news\/\"><span>Zi\u0146as<\/span><i class=\"caseicon-angle-arrow-down pxl-hide\"><\/i><\/a><\/li>\n<li id=\"menu-item-12218\" class=\"menu-item menu-item-type-custom menu-item-object-custom menu-item-12218\"><a href=\"https:\/\/elementus.lv\/lv\/contact\/\"><span>Sazinies<\/span><i class=\"caseicon-angle-arrow-down pxl-hide\"><\/i><\/a><\/li>\n<li id=\"menu-item-15901\" class=\"trp-language-switcher-container menu-item menu-item-type-post_type menu-item-object-language_switcher menu-item-has-children current-language-menu-item menu-item-15901\"><a href=\"https:\/\/elementus.lv\/lv\/wp-json\/wp\/v2\/pages\/13222\"><span><span data-no-translation><img decoding=\"async\" class=\"trp-flag-image\" src=\"https:\/\/elementus.lv\/wp-content\/plugins\/translatepress-multilingual\/assets\/images\/flags\/lv.png\" width=\"18\" height=\"12\" alt=\"lv\" title=\"Latvian\"><\/span><\/span><i class=\"caseicon-angle-arrow-down pxl-hide\"><\/i><\/a>\n<ul class=\"sub-menu\">\n\t<li id=\"menu-item-15762\" class=\"trp-language-switcher-container menu-item menu-item-type-post_type menu-item-object-language_switcher current-language-menu-item menu-item-15762\"><a href=\"https:\/\/elementus.lv\/lv\/wp-json\/wp\/v2\/pages\/13222\"><span><span data-no-translation><img decoding=\"async\" class=\"trp-flag-image\" src=\"https:\/\/elementus.lv\/wp-content\/plugins\/translatepress-multilingual\/assets\/images\/flags\/en_US.png\" width=\"18\" height=\"12\" alt=\"en_US\" title=\"English\"><\/span><\/span><i class=\"caseicon-angle-arrow-down pxl-hide\"><\/i><\/a><\/li>\n\t<li id=\"menu-item-15760\" class=\"trp-language-switcher-container menu-item menu-item-type-post_type menu-item-object-language_switcher current-language-menu-item menu-item-15760\"><a href=\"https:\/\/elementus.lv\/lv\/wp-json\/wp\/v2\/pages\/13222\"><span><span data-no-translation><img loading=\"lazy\" decoding=\"async\" class=\"trp-flag-image\" src=\"https:\/\/elementus.lv\/wp-content\/plugins\/translatepress-multilingual\/assets\/images\/flags\/de_DE.png\" width=\"18\" height=\"12\" alt=\"de_DE\" title=\"German\"><\/span><\/span><i class=\"caseicon-angle-arrow-down pxl-hide\"><\/i><\/a><\/li>\n<\/ul>\n<\/li>\n<\/ul><\/div>    <\/div>\r\n\t\t\t\t<\/div>\n\t\t\t\t<\/div>\n\t\t            <\/div>\r\n        <\/div>\r\n        \t\t\t<\/div>\n\t\t<\/section>\n\t\t\t\t<\/div>","protected":false},"excerpt":{"rendered":"<p>About Us Meet Our Expert Products Analytical Equipment Atomic Absorption Element Analyzers ICP-MS ICP-OES Mercur Analyzers TOC UV-VIS Glassware And Labware Bochem Brand Burkle DWK Vitalab Laboratory Equipment Balances Centrifuges Climate Chambers Incubators Mixers And Stirrers Ovens pH Meters Refrigerators And Freezers Vacuum Pumps Water And Filtration Laboratory Furniture Fume Cupboards Laminar Cabinets Local Extractors [&hellip;]<\/p>\n","protected":false},"author":1,"featured_media":0,"parent":0,"menu_order":0,"comment_status":"closed","ping_status":"closed","template":"","meta":{"footnotes":""},"class_list":["post-13222","page","type-page","status-publish","hentry"],"_links":{"self":[{"href":"https:\/\/elementus.lv\/lv\/wp-json\/wp\/v2\/pages\/13222","targetHints":{"allow":["GET"]}}],"collection":[{"href":"https:\/\/elementus.lv\/lv\/wp-json\/wp\/v2\/pages"}],"about":[{"href":"https:\/\/elementus.lv\/lv\/wp-json\/wp\/v2\/types\/page"}],"author":[{"embeddable":true,"href":"https:\/\/elementus.lv\/lv\/wp-json\/wp\/v2\/users\/1"}],"replies":[{"embeddable":true,"href":"https:\/\/elementus.lv\/lv\/wp-json\/wp\/v2\/comments?post=13222"}],"version-history":[{"count":5,"href":"https:\/\/elementus.lv\/lv\/wp-json\/wp\/v2\/pages\/13222\/revisions"}],"predecessor-version":[{"id":16436,"href":"https:\/\/elementus.lv\/lv\/wp-json\/wp\/v2\/pages\/13222\/revisions\/16436"}],"wp:attachment":[{"href":"https:\/\/elementus.lv\/lv\/wp-json\/wp\/v2\/media?parent=13222"}],"curies":[{"name":"wp","href":"https:\/\/api.w.org\/{rel}","templated":true}]}}