{"id":13283,"date":"2024-12-17T21:10:37","date_gmt":"2024-12-17T21:10:37","guid":{"rendered":"https:\/\/elementus.lv\/?page_id=13283"},"modified":"2025-01-21T18:37:30","modified_gmt":"2025-01-21T18:37:30","slug":"products","status":"publish","type":"page","link":"https:\/\/elementus.lv\/lv\/products\/","title":{"rendered":"Produkti"},"content":{"rendered":"<div data-elementor-type=\"wp-page\" data-elementor-id=\"13283\" class=\"elementor elementor-13283\" data-elementor-post-type=\"page\">\n\t\t\t\t        <section class=\"elementor-section elementor-top-section elementor-element elementor-element-ff8495a elementor-section-boxed elementor-section-height-default elementor-section-height-default pxl-type-header-none pxl-row-scroll-none\" data-id=\"ff8495a\" data-element_type=\"section\" data-e-type=\"section\">\n\n                \n                <div class=\"elementor-container elementor-column-gap-default\">\n                <div class=\"elementor-column elementor-col-100 elementor-top-column elementor-element elementor-element-34b9954 pxl-column-element-default pxl-column-none\" data-id=\"34b9954\" data-element_type=\"column\" data-e-type=\"column\">\r\n        <div class=\"elementor-widget-wrap\">\r\n                     \r\n                    <\/div>\r\n        <\/div>\r\n        \t\t\t<\/div>\n\t\t<\/section>\n\t\t        <section class=\"elementor-section elementor-top-section elementor-element elementor-element-b74dac8 elementor-section-boxed elementor-section-height-default elementor-section-height-default pxl-type-header-none pxl-row-scroll-none\" data-id=\"b74dac8\" data-element_type=\"section\" data-e-type=\"section\" data-settings=\"{&quot;background_background&quot;:&quot;classic&quot;}\">\n\n                            <div class=\"elementor-background-overlay\"><\/div>\n            \n                <div class=\"elementor-container elementor-column-gap-default\">\n                <div class=\"elementor-column elementor-col-100 elementor-top-column elementor-element elementor-element-85e9b66 pxl-column-element-default pxl-column-none\" data-id=\"85e9b66\" data-element_type=\"column\" data-e-type=\"column\">\r\n        <div class=\"elementor-widget-wrap elementor-element-populated\">\r\n                     \r\n        \t\t<div class=\"elementor-element elementor-element-44d9bce elementor-widget elementor-widget-pxl_heading\" data-id=\"44d9bce\" data-element_type=\"widget\" data-e-type=\"widget\" data-widget_type=\"pxl_heading.default\">\n\t\t\t\t<div class=\"elementor-widget-container\">\n\t\t\t\t\t<div class=\"pxl-heading\">\n\t<div class=\"pxl-heading--inner\">\n\t\t\t\t<h3 class=\"pxl-item--title\" data-wow-delay=\"ms\">\n\t\t\tProdukti\t\t\n\t\t<\/h3>\n\t\t\t<\/div>\n<\/div>\t\t\t\t<\/div>\n\t\t\t\t<\/div>\n\t\t            <\/div>\r\n        <\/div>\r\n        \t\t\t<\/div>\n\t\t<\/section>\n\t\t        <section class=\"elementor-section elementor-top-section elementor-element elementor-element-c5e3889 elementor-section-boxed elementor-section-height-default elementor-section-height-default pxl-type-header-none pxl-row-scroll-none\" data-id=\"c5e3889\" data-element_type=\"section\" data-e-type=\"section\">\n\n                \n                <div class=\"elementor-container elementor-column-gap-default\">\n                <div class=\"elementor-column elementor-col-33 elementor-top-column elementor-element elementor-element-8690e43 pxl-column-element-default pxl-column-none\" data-id=\"8690e43\" data-element_type=\"column\" data-e-type=\"column\">\r\n        <div class=\"elementor-widget-wrap elementor-element-populated\">\r\n                     \r\n        \t\t<div class=\"elementor-element elementor-element-dea9367 elementor-widget elementor-widget-pxl_showcase\" data-id=\"dea9367\" data-element_type=\"widget\" data-e-type=\"widget\" data-widget_type=\"pxl_showcase.default\">\n\t\t\t\t<div class=\"elementor-widget-container\">\n\t\t\t\t\t<div class=\"pxl-showcase layout2\" data-wow-delay=\"ms\">\r\n    <div class=\"inner-box item-normarl\">\r\n        <div class=\"item-feature\">\r\n                        <img fetchpriority=\"high\" decoding=\"async\" width=\"300\" height=\"191\" src=\"https:\/\/elementus.lv\/wp-content\/uploads\/2024\/12\/contrAA_800D_AS_FD_view_device_righ_side-300x191.jpg\" class=\"attachment-medium\" alt=\"\" srcset=\"https:\/\/elementus.lv\/wp-content\/uploads\/2024\/12\/contrAA_800D_AS_FD_view_device_righ_side-300x191.jpg 300w, https:\/\/elementus.lv\/wp-content\/uploads\/2024\/12\/contrAA_800D_AS_FD_view_device_righ_side-1024x651.jpg 1024w, https:\/\/elementus.lv\/wp-content\/uploads\/2024\/12\/contrAA_800D_AS_FD_view_device_righ_side-768x488.jpg 768w, https:\/\/elementus.lv\/wp-content\/uploads\/2024\/12\/contrAA_800D_AS_FD_view_device_righ_side-1536x976.jpg 1536w, https:\/\/elementus.lv\/wp-content\/uploads\/2024\/12\/contrAA_800D_AS_FD_view_device_righ_side-2048x1301.jpg 2048w, https:\/\/elementus.lv\/wp-content\/uploads\/2024\/12\/contrAA_800D_AS_FD_view_device_righ_side-1117x710.jpg 1117w, https:\/\/elementus.lv\/wp-content\/uploads\/2024\/12\/contrAA_800D_AS_FD_view_device_righ_side-600x381.jpg 600w\" sizes=\"(max-width: 300px) 100vw, 300px\" \/>            <div class=\"pxl-item-links\">\r\n                                    <a class=\"link-1\" href=\"https:\/\/elementus.lv\/lv\/analytical-equipment\/\">\r\n                        <span>Anal\u012btisk\u0101s iek\u0101rtas<\/span>\r\n                    <\/a>\r\n                                                    <a class=\"link-2\" href=\"https:\/\/elementus.lv\/lv\/analytical-equipment\/\">\r\n                        <span><\/span>\r\n                    <\/a>\r\n                            <\/div>\r\n        <\/div>\r\n        <h3 class=\"item-title\">\r\n                            Anal\u012btisk\u0101s iek\u0101rtas                    <\/h3>\r\n    <\/div>\r\n<\/div>\t\t\t\t<\/div>\n\t\t\t\t<\/div>\n\t\t            <\/div>\r\n        <\/div>\r\n                <div class=\"elementor-column elementor-col-33 elementor-top-column elementor-element elementor-element-ab4a3ce pxl-column-element-default pxl-column-none\" data-id=\"ab4a3ce\" data-element_type=\"column\" data-e-type=\"column\">\r\n        <div class=\"elementor-widget-wrap elementor-element-populated\">\r\n                     \r\n        \t\t<div class=\"elementor-element elementor-element-417d278 elementor-widget__width-initial elementor-widget elementor-widget-pxl_showcase\" data-id=\"417d278\" data-element_type=\"widget\" data-e-type=\"widget\" data-widget_type=\"pxl_showcase.default\">\n\t\t\t\t<div class=\"elementor-widget-container\">\n\t\t\t\t\t<div class=\"pxl-showcase layout2\" data-wow-delay=\"ms\">\r\n    <div class=\"inner-box item-normarl\">\r\n        <div class=\"item-feature\">\r\n                        <img decoding=\"async\" width=\"300\" height=\"200\" src=\"https:\/\/elementus.lv\/wp-content\/uploads\/2024\/12\/empty-bottle-set-for-cosmetics-2023-11-27-04-50-04-utc-300x200.jpg\" class=\"attachment-medium\" alt=\"\" srcset=\"https:\/\/elementus.lv\/wp-content\/uploads\/2024\/12\/empty-bottle-set-for-cosmetics-2023-11-27-04-50-04-utc-300x200.jpg 300w, https:\/\/elementus.lv\/wp-content\/uploads\/2024\/12\/empty-bottle-set-for-cosmetics-2023-11-27-04-50-04-utc-1024x684.jpg 1024w, https:\/\/elementus.lv\/wp-content\/uploads\/2024\/12\/empty-bottle-set-for-cosmetics-2023-11-27-04-50-04-utc-768x513.jpg 768w, https:\/\/elementus.lv\/wp-content\/uploads\/2024\/12\/empty-bottle-set-for-cosmetics-2023-11-27-04-50-04-utc-1536x1025.jpg 1536w, https:\/\/elementus.lv\/wp-content\/uploads\/2024\/12\/empty-bottle-set-for-cosmetics-2023-11-27-04-50-04-utc-2048x1367.jpg 2048w, https:\/\/elementus.lv\/wp-content\/uploads\/2024\/12\/empty-bottle-set-for-cosmetics-2023-11-27-04-50-04-utc-1064x710.jpg 1064w, https:\/\/elementus.lv\/wp-content\/uploads\/2024\/12\/empty-bottle-set-for-cosmetics-2023-11-27-04-50-04-utc-885x593.jpg 885w, https:\/\/elementus.lv\/wp-content\/uploads\/2024\/12\/empty-bottle-set-for-cosmetics-2023-11-27-04-50-04-utc-600x401.jpg 600w\" sizes=\"(max-width: 300px) 100vw, 300px\" \/>            <div class=\"pxl-item-links\">\r\n                                    <a class=\"link-1\" href=\"https:\/\/elementus.lv\/lv\/glassware-and-labware\/\">\r\n                        <span>Stikla un laboratorijas piederumi<\/span>\r\n                    <\/a>\r\n                                                    <a class=\"link-2\" href=\"https:\/\/elementus.lv\/lv\/glassware-and-labware\/\">\r\n                        <span><\/span>\r\n                    <\/a>\r\n                            <\/div>\r\n        <\/div>\r\n        <h3 class=\"item-title\">\r\n                            Stikla un laboratorijas piederumi                    <\/h3>\r\n    <\/div>\r\n<\/div>\t\t\t\t<\/div>\n\t\t\t\t<\/div>\n\t\t            <\/div>\r\n        <\/div>\r\n                <div class=\"elementor-column elementor-col-33 elementor-top-column elementor-element elementor-element-1b8a363 pxl-column-element-default pxl-column-none\" data-id=\"1b8a363\" data-element_type=\"column\" data-e-type=\"column\">\r\n        <div class=\"elementor-widget-wrap elementor-element-populated\">\r\n                     \r\n        \t\t<div class=\"elementor-element elementor-element-e686bd1 elementor-widget__width-initial elementor-widget elementor-widget-pxl_showcase\" data-id=\"e686bd1\" data-element_type=\"widget\" data-e-type=\"widget\" data-widget_type=\"pxl_showcase.default\">\n\t\t\t\t<div class=\"elementor-widget-container\">\n\t\t\t\t\t<div class=\"pxl-showcase layout2\" data-wow-delay=\"ms\">\r\n    <div class=\"inner-box item-normarl\">\r\n        <div class=\"item-feature\">\r\n                        <img decoding=\"async\" width=\"300\" height=\"200\" src=\"https:\/\/elementus.lv\/wp-content\/uploads\/2025\/01\/reverse-osmosis-water-cleaning-filter-2021-08-26-16-26-40-utc1-300x200.png\" class=\"attachment-medium\" alt=\"\" srcset=\"https:\/\/elementus.lv\/wp-content\/uploads\/2025\/01\/reverse-osmosis-water-cleaning-filter-2021-08-26-16-26-40-utc1-300x200.png 300w, https:\/\/elementus.lv\/wp-content\/uploads\/2025\/01\/reverse-osmosis-water-cleaning-filter-2021-08-26-16-26-40-utc1-1024x684.png 1024w, https:\/\/elementus.lv\/wp-content\/uploads\/2025\/01\/reverse-osmosis-water-cleaning-filter-2021-08-26-16-26-40-utc1-768x513.png 768w, https:\/\/elementus.lv\/wp-content\/uploads\/2025\/01\/reverse-osmosis-water-cleaning-filter-2021-08-26-16-26-40-utc1-1536x1026.png 1536w, https:\/\/elementus.lv\/wp-content\/uploads\/2025\/01\/reverse-osmosis-water-cleaning-filter-2021-08-26-16-26-40-utc1-2048x1368.png 2048w, https:\/\/elementus.lv\/wp-content\/uploads\/2025\/01\/reverse-osmosis-water-cleaning-filter-2021-08-26-16-26-40-utc1-1063x710.png 1063w, https:\/\/elementus.lv\/wp-content\/uploads\/2025\/01\/reverse-osmosis-water-cleaning-filter-2021-08-26-16-26-40-utc1-885x593.png 885w, https:\/\/elementus.lv\/wp-content\/uploads\/2025\/01\/reverse-osmosis-water-cleaning-filter-2021-08-26-16-26-40-utc1-600x401.png 600w\" sizes=\"(max-width: 300px) 100vw, 300px\" \/>            <div class=\"pxl-item-links\">\r\n                                    <a class=\"link-1\" href=\"https:\/\/elementus.lv\/lv\/laboratory-equipment\/\">\r\n                        <span>Laboratorijas apr\u012bkojums<\/span>\r\n                    <\/a>\r\n                                                    <a class=\"link-2\" href=\"https:\/\/elementus.lv\/lv\/laboratory-equipment\/\">\r\n                        <span><\/span>\r\n                    <\/a>\r\n                            <\/div>\r\n        <\/div>\r\n        <h3 class=\"item-title\">\r\n                            Laboratorijas apr\u012bkojums                    <\/h3>\r\n    <\/div>\r\n<\/div>\t\t\t\t<\/div>\n\t\t\t\t<\/div>\n\t\t            <\/div>\r\n        <\/div>\r\n        \t\t\t<\/div>\n\t\t<\/section>\n\t\t        <section class=\"elementor-section elementor-top-section elementor-element elementor-element-de555f4 elementor-section-boxed elementor-section-height-default elementor-section-height-default pxl-type-header-none pxl-row-scroll-none\" data-id=\"de555f4\" data-element_type=\"section\" data-e-type=\"section\">\n\n                \n                <div class=\"elementor-container elementor-column-gap-default\">\n                <div class=\"elementor-column elementor-col-33 elementor-top-column elementor-element elementor-element-e11f3f0 pxl-column-element-default pxl-column-none\" data-id=\"e11f3f0\" data-element_type=\"column\" data-e-type=\"column\">\r\n        <div class=\"elementor-widget-wrap elementor-element-populated\">\r\n                     \r\n        \t\t<div class=\"elementor-element elementor-element-edfd25a elementor-widget elementor-widget-pxl_showcase\" data-id=\"edfd25a\" data-element_type=\"widget\" data-e-type=\"widget\" data-widget_type=\"pxl_showcase.default\">\n\t\t\t\t<div class=\"elementor-widget-container\">\n\t\t\t\t\t<div class=\"pxl-showcase layout2\" data-wow-delay=\"ms\">\r\n    <div class=\"inner-box item-normarl\">\r\n        <div class=\"item-feature\">\r\n                        <img loading=\"lazy\" decoding=\"async\" width=\"300\" height=\"200\" src=\"https:\/\/elementus.lv\/wp-content\/uploads\/2024\/12\/interior-of-a-modern-laboratory-research-in-a-hosp-2024-01-18-18-19-49-utc-300x200.jpg\" class=\"attachment-medium\" alt=\"\" srcset=\"https:\/\/elementus.lv\/wp-content\/uploads\/2024\/12\/interior-of-a-modern-laboratory-research-in-a-hosp-2024-01-18-18-19-49-utc-300x200.jpg 300w, https:\/\/elementus.lv\/wp-content\/uploads\/2024\/12\/interior-of-a-modern-laboratory-research-in-a-hosp-2024-01-18-18-19-49-utc-1024x683.jpg 1024w, https:\/\/elementus.lv\/wp-content\/uploads\/2024\/12\/interior-of-a-modern-laboratory-research-in-a-hosp-2024-01-18-18-19-49-utc-768x512.jpg 768w, https:\/\/elementus.lv\/wp-content\/uploads\/2024\/12\/interior-of-a-modern-laboratory-research-in-a-hosp-2024-01-18-18-19-49-utc-1536x1024.jpg 1536w, https:\/\/elementus.lv\/wp-content\/uploads\/2024\/12\/interior-of-a-modern-laboratory-research-in-a-hosp-2024-01-18-18-19-49-utc-2048x1365.jpg 2048w, https:\/\/elementus.lv\/wp-content\/uploads\/2024\/12\/interior-of-a-modern-laboratory-research-in-a-hosp-2024-01-18-18-19-49-utc-1065x710.jpg 1065w, https:\/\/elementus.lv\/wp-content\/uploads\/2024\/12\/interior-of-a-modern-laboratory-research-in-a-hosp-2024-01-18-18-19-49-utc-885x593.jpg 885w, https:\/\/elementus.lv\/wp-content\/uploads\/2024\/12\/interior-of-a-modern-laboratory-research-in-a-hosp-2024-01-18-18-19-49-utc-600x400.jpg 600w\" sizes=\"(max-width: 300px) 100vw, 300px\" \/>            <div class=\"pxl-item-links\">\r\n                                    <a class=\"link-1\" href=\"https:\/\/elementus.lv\/lv\/laboratory-furniture\/\">\r\n                        <span>Laboratorijas m\u0113beles<\/span>\r\n                    <\/a>\r\n                                                    <a class=\"link-2\" href=\"https:\/\/elementus.lv\/lv\/laboratory-furniture\/\">\r\n                        <span><\/span>\r\n                    <\/a>\r\n                            <\/div>\r\n        <\/div>\r\n        <h3 class=\"item-title\">\r\n                            Laboratorijas m\u0113beles                    <\/h3>\r\n    <\/div>\r\n<\/div>\t\t\t\t<\/div>\n\t\t\t\t<\/div>\n\t\t            <\/div>\r\n        <\/div>\r\n                <div class=\"elementor-column elementor-col-33 elementor-top-column elementor-element elementor-element-ed1589c pxl-column-element-default pxl-column-none\" data-id=\"ed1589c\" data-element_type=\"column\" data-e-type=\"column\">\r\n        <div class=\"elementor-widget-wrap elementor-element-populated\">\r\n                     \r\n        \t\t<div class=\"elementor-element elementor-element-1374582 elementor-widget__width-initial elementor-widget elementor-widget-pxl_showcase\" data-id=\"1374582\" data-element_type=\"widget\" data-e-type=\"widget\" data-widget_type=\"pxl_showcase.default\">\n\t\t\t\t<div class=\"elementor-widget-container\">\n\t\t\t\t\t<div class=\"pxl-showcase layout2\" data-wow-delay=\"ms\">\r\n    <div class=\"inner-box item-normarl\">\r\n        <div class=\"item-feature\">\r\n                        <img loading=\"lazy\" decoding=\"async\" width=\"300\" height=\"200\" src=\"https:\/\/elementus.lv\/wp-content\/uploads\/2024\/12\/drug-research-and-development-2022-04-09-07-46-02-utc-300x200.jpg\" class=\"attachment-medium\" alt=\"\" srcset=\"https:\/\/elementus.lv\/wp-content\/uploads\/2024\/12\/drug-research-and-development-2022-04-09-07-46-02-utc-300x200.jpg 300w, https:\/\/elementus.lv\/wp-content\/uploads\/2024\/12\/drug-research-and-development-2022-04-09-07-46-02-utc-1024x683.jpg 1024w, https:\/\/elementus.lv\/wp-content\/uploads\/2024\/12\/drug-research-and-development-2022-04-09-07-46-02-utc-768x512.jpg 768w, https:\/\/elementus.lv\/wp-content\/uploads\/2024\/12\/drug-research-and-development-2022-04-09-07-46-02-utc-1536x1024.jpg 1536w, https:\/\/elementus.lv\/wp-content\/uploads\/2024\/12\/drug-research-and-development-2022-04-09-07-46-02-utc-2048x1365.jpg 2048w, https:\/\/elementus.lv\/wp-content\/uploads\/2024\/12\/drug-research-and-development-2022-04-09-07-46-02-utc-1065x710.jpg 1065w, https:\/\/elementus.lv\/wp-content\/uploads\/2024\/12\/drug-research-and-development-2022-04-09-07-46-02-utc-885x593.jpg 885w, https:\/\/elementus.lv\/wp-content\/uploads\/2024\/12\/drug-research-and-development-2022-04-09-07-46-02-utc-600x400.jpg 600w\" sizes=\"(max-width: 300px) 100vw, 300px\" \/>            <div class=\"pxl-item-links\">\r\n                                    <a class=\"link-1\" href=\"https:\/\/elementus.lv\/lv\/reagents\/\">\r\n                        <span>Rea\u0123enti<\/span>\r\n                    <\/a>\r\n                                                    <a class=\"link-2\" href=\"https:\/\/elementus.lv\/lv\/reagents\/\">\r\n                        <span><\/span>\r\n                    <\/a>\r\n                            <\/div>\r\n        <\/div>\r\n        <h3 class=\"item-title\">\r\n                            Rea\u0123enti                    <\/h3>\r\n    <\/div>\r\n<\/div>\t\t\t\t<\/div>\n\t\t\t\t<\/div>\n\t\t            <\/div>\r\n        <\/div>\r\n                <div class=\"elementor-column elementor-col-33 elementor-top-column elementor-element elementor-element-98ad70c pxl-column-element-default pxl-column-none\" data-id=\"98ad70c\" data-element_type=\"column\" data-e-type=\"column\">\r\n        <div class=\"elementor-widget-wrap elementor-element-populated\">\r\n                     \r\n        \t\t<div class=\"elementor-element elementor-element-195a212 elementor-widget__width-initial elementor-widget elementor-widget-pxl_showcase\" data-id=\"195a212\" data-element_type=\"widget\" data-e-type=\"widget\" data-widget_type=\"pxl_showcase.default\">\n\t\t\t\t<div class=\"elementor-widget-container\">\n\t\t\t\t\t<div class=\"pxl-showcase layout2\" data-wow-delay=\"ms\">\r\n    <div class=\"inner-box item-normarl\">\r\n        <div class=\"item-feature\">\r\n                        <img loading=\"lazy\" decoding=\"async\" width=\"300\" height=\"202\" src=\"https:\/\/elementus.lv\/wp-content\/uploads\/2024\/12\/thermal-control-ico-300x202.png\" class=\"attachment-medium\" alt=\"\" srcset=\"https:\/\/elementus.lv\/wp-content\/uploads\/2024\/12\/thermal-control-ico-300x202.png 300w, https:\/\/elementus.lv\/wp-content\/uploads\/2024\/12\/thermal-control-ico-1024x688.png 1024w, https:\/\/elementus.lv\/wp-content\/uploads\/2024\/12\/thermal-control-ico-768x516.png 768w, https:\/\/elementus.lv\/wp-content\/uploads\/2024\/12\/thermal-control-ico-1536x1032.png 1536w, https:\/\/elementus.lv\/wp-content\/uploads\/2024\/12\/thermal-control-ico-2048x1377.png 2048w, https:\/\/elementus.lv\/wp-content\/uploads\/2024\/12\/thermal-control-ico-1056x710.png 1056w, https:\/\/elementus.lv\/wp-content\/uploads\/2024\/12\/thermal-control-ico-885x593.png 885w, https:\/\/elementus.lv\/wp-content\/uploads\/2024\/12\/thermal-control-ico-600x403.png 600w\" sizes=\"(max-width: 300px) 100vw, 300px\" \/>            <div class=\"pxl-item-links\">\r\n                                    <a class=\"link-1\" href=\"https:\/\/elementus.lv\/lv\/thermal-control\/\">\r\n                        <span>Temperat\u016bras kontrole<\/span>\r\n                    <\/a>\r\n                                                    <a class=\"link-2\" href=\"https:\/\/elementus.lv\/lv\/thermal-control\/\">\r\n                        <span><\/span>\r\n                    <\/a>\r\n                            <\/div>\r\n        <\/div>\r\n        <h3 class=\"item-title\">\r\n                            Temperat\u016bras kontrole                    <\/h3>\r\n    <\/div>\r\n<\/div>\t\t\t\t<\/div>\n\t\t\t\t<\/div>\n\t\t            <\/div>\r\n        <\/div>\r\n        \t\t\t<\/div>\n\t\t<\/section>\n\t\t\t\t<\/div>","protected":false},"excerpt":{"rendered":"<p>Products Analytical equipment Analytical equipment Glassware And Labware Glassware And Labware Laboratory Equipment Laboratory Equipment Laboratory Furniture Laboratory Furniture Reagents Reagents Thermal Control Thermal Control<\/p>","protected":false},"author":1,"featured_media":0,"parent":0,"menu_order":0,"comment_status":"closed","ping_status":"closed","template":"","meta":{"footnotes":""},"class_list":["post-13283","page","type-page","status-publish","hentry"],"_links":{"self":[{"href":"https:\/\/elementus.lv\/lv\/wp-json\/wp\/v2\/pages\/13283","targetHints":{"allow":["GET"]}}],"collection":[{"href":"https:\/\/elementus.lv\/lv\/wp-json\/wp\/v2\/pages"}],"about":[{"href":"https:\/\/elementus.lv\/lv\/wp-json\/wp\/v2\/types\/page"}],"author":[{"embeddable":true,"href":"https:\/\/elementus.lv\/lv\/wp-json\/wp\/v2\/users\/1"}],"replies":[{"embeddable":true,"href":"https:\/\/elementus.lv\/lv\/wp-json\/wp\/v2\/comments?post=13283"}],"version-history":[{"count":47,"href":"https:\/\/elementus.lv\/lv\/wp-json\/wp\/v2\/pages\/13283\/revisions"}],"predecessor-version":[{"id":15587,"href":"https:\/\/elementus.lv\/lv\/wp-json\/wp\/v2\/pages\/13283\/revisions\/15587"}],"wp:attachment":[{"href":"https:\/\/elementus.lv\/lv\/wp-json\/wp\/v2\/media?parent=13283"}],"curies":[{"name":"wp","href":"https:\/\/api.w.org\/{rel}","templated":true}]}}