{"id":13310,"date":"2024-12-17T22:16:57","date_gmt":"2024-12-17T22:16:57","guid":{"rendered":"https:\/\/elementus.lv\/?page_id=13310"},"modified":"2025-01-21T18:03:33","modified_gmt":"2025-01-21T18:03:33","slug":"analytical-equipment","status":"publish","type":"page","link":"https:\/\/elementus.lv\/lv\/analytical-equipment\/","title":{"rendered":"Anal\u012btisk\u0101s iek\u0101rtas"},"content":{"rendered":"<div data-elementor-type=\"wp-page\" data-elementor-id=\"13310\" class=\"elementor elementor-13310\" data-elementor-post-type=\"page\">\n\t\t\t\t        <section class=\"elementor-section elementor-top-section elementor-element elementor-element-0883796 elementor-section-boxed elementor-section-height-default elementor-section-height-default pxl-type-header-none pxl-row-scroll-none\" data-id=\"0883796\" data-element_type=\"section\" data-e-type=\"section\" data-settings=\"{&quot;background_background&quot;:&quot;classic&quot;}\">\n\n                            <div class=\"elementor-background-overlay\"><\/div>\n            \n                <div class=\"elementor-container elementor-column-gap-default\">\n                <div class=\"elementor-column elementor-col-100 elementor-top-column elementor-element elementor-element-41b3403 pxl-column-element-default pxl-column-none\" data-id=\"41b3403\" data-element_type=\"column\" data-e-type=\"column\">\r\n        <div class=\"elementor-widget-wrap elementor-element-populated\">\r\n                     \r\n        \t\t<div class=\"elementor-element elementor-element-99d655a elementor-widget elementor-widget-pxl_heading\" data-id=\"99d655a\" data-element_type=\"widget\" data-e-type=\"widget\" data-widget_type=\"pxl_heading.default\">\n\t\t\t\t<div class=\"elementor-widget-container\">\n\t\t\t\t\t<div class=\"pxl-heading\">\n\t<div class=\"pxl-heading--inner\">\n\t\t\t\t<h3 class=\"pxl-item--title\" data-wow-delay=\"ms\">\n\t\t\tAnal\u012btisk\u0101s iek\u0101rtas\t\t\n\t\t<\/h3>\n\t\t\t<\/div>\n<\/div>\t\t\t\t<\/div>\n\t\t\t\t<\/div>\n\t\t            <\/div>\r\n        <\/div>\r\n        \t\t\t<\/div>\n\t\t<\/section>\n\t\t        <section class=\"elementor-section elementor-top-section elementor-element elementor-element-7572f26 elementor-section-boxed elementor-section-height-default elementor-section-height-default pxl-type-header-none pxl-row-scroll-none\" data-id=\"7572f26\" data-element_type=\"section\" data-e-type=\"section\">\n\n                \n                <div class=\"elementor-container elementor-column-gap-default\">\n                <div class=\"elementor-column elementor-col-33 elementor-top-column elementor-element elementor-element-97956ea pxl-column-element-default pxl-column-none\" data-id=\"97956ea\" data-element_type=\"column\" data-e-type=\"column\">\r\n        <div class=\"elementor-widget-wrap elementor-element-populated\">\r\n                     \r\n        \t\t<div class=\"elementor-element elementor-element-445d3f4 elementor-widget elementor-widget-pxl_showcase\" data-id=\"445d3f4\" data-element_type=\"widget\" data-e-type=\"widget\" data-widget_type=\"pxl_showcase.default\">\n\t\t\t\t<div class=\"elementor-widget-container\">\n\t\t\t\t\t<div class=\"pxl-showcase layout2\" data-wow-delay=\"ms\">\r\n    <div class=\"inner-box item-normarl\">\r\n        <div class=\"item-feature\">\r\n                        <img fetchpriority=\"high\" decoding=\"async\" width=\"300\" height=\"178\" src=\"https:\/\/elementus.lv\/wp-content\/uploads\/2024\/12\/Slice-1-300x178.png\" class=\"attachment-medium\" alt=\"\" srcset=\"https:\/\/elementus.lv\/wp-content\/uploads\/2024\/12\/Slice-1-300x178.png 300w, https:\/\/elementus.lv\/wp-content\/uploads\/2024\/12\/Slice-1-1024x606.png 1024w, https:\/\/elementus.lv\/wp-content\/uploads\/2024\/12\/Slice-1-768x455.png 768w, https:\/\/elementus.lv\/wp-content\/uploads\/2024\/12\/Slice-1-1536x909.png 1536w, https:\/\/elementus.lv\/wp-content\/uploads\/2024\/12\/Slice-1-2048x1212.png 2048w, https:\/\/elementus.lv\/wp-content\/uploads\/2024\/12\/Slice-1-1170x693.png 1170w, https:\/\/elementus.lv\/wp-content\/uploads\/2024\/12\/Slice-1-600x355.png 600w\" sizes=\"(max-width: 300px) 100vw, 300px\" \/>            <div class=\"pxl-item-links\">\r\n                                    <a class=\"link-1\" href=\"https:\/\/elementus.lv\/lv\/atomic-absorption\/\">\r\n                        <span>Atomabsorbcijas spektrometri<\/span>\r\n                    <\/a>\r\n                                                    <a class=\"link-2\" href=\"https:\/\/elementus.lv\/lv\/atomic-absorption\/\">\r\n                        <span><\/span>\r\n                    <\/a>\r\n                            <\/div>\r\n        <\/div>\r\n        <h3 class=\"item-title\">\r\n                            Atomabsorbcijas spektrometri                    <\/h3>\r\n    <\/div>\r\n<\/div>\t\t\t\t<\/div>\n\t\t\t\t<\/div>\n\t\t            <\/div>\r\n        <\/div>\r\n                <div class=\"elementor-column elementor-col-33 elementor-top-column elementor-element elementor-element-db6adc1 pxl-column-element-default pxl-column-none\" data-id=\"db6adc1\" data-element_type=\"column\" data-e-type=\"column\">\r\n        <div class=\"elementor-widget-wrap elementor-element-populated\">\r\n                     \r\n        \t\t<div class=\"elementor-element elementor-element-6e9dbde elementor-widget__width-initial elementor-widget-laptop__width-initial elementor-widget elementor-widget-pxl_showcase\" data-id=\"6e9dbde\" data-element_type=\"widget\" data-e-type=\"widget\" data-widget_type=\"pxl_showcase.default\">\n\t\t\t\t<div class=\"elementor-widget-container\">\n\t\t\t\t\t<div class=\"pxl-showcase layout2\" data-wow-delay=\"ms\">\r\n    <div class=\"inner-box item-normarl\">\r\n        <div class=\"item-feature\">\r\n                        <img decoding=\"async\" width=\"300\" height=\"174\" src=\"https:\/\/elementus.lv\/wp-content\/uploads\/2024\/12\/multiEA4000_sample_boats-300x174.jpg\" class=\"attachment-medium\" alt=\"\" srcset=\"https:\/\/elementus.lv\/wp-content\/uploads\/2024\/12\/multiEA4000_sample_boats-300x174.jpg 300w, https:\/\/elementus.lv\/wp-content\/uploads\/2024\/12\/multiEA4000_sample_boats-1024x595.jpg 1024w, https:\/\/elementus.lv\/wp-content\/uploads\/2024\/12\/multiEA4000_sample_boats-768x446.jpg 768w, https:\/\/elementus.lv\/wp-content\/uploads\/2024\/12\/multiEA4000_sample_boats-1536x892.jpg 1536w, https:\/\/elementus.lv\/wp-content\/uploads\/2024\/12\/multiEA4000_sample_boats-2048x1189.jpg 2048w, https:\/\/elementus.lv\/wp-content\/uploads\/2024\/12\/multiEA4000_sample_boats-1170x679.jpg 1170w, https:\/\/elementus.lv\/wp-content\/uploads\/2024\/12\/multiEA4000_sample_boats-600x348.jpg 600w\" sizes=\"(max-width: 300px) 100vw, 300px\" \/>            <div class=\"pxl-item-links\">\r\n                                    <a class=\"link-1\" href=\"https:\/\/elementus.lv\/lv\/element-analyzers\/\">\r\n                        <span>Elementu analizatori<\/span>\r\n                    <\/a>\r\n                                                    <a class=\"link-2\" href=\"https:\/\/elementus.lv\/lv\/element-analyzers\/\">\r\n                        <span><\/span>\r\n                    <\/a>\r\n                            <\/div>\r\n        <\/div>\r\n        <h3 class=\"item-title\">\r\n                            Elementu analizatori                    <\/h3>\r\n    <\/div>\r\n<\/div>\t\t\t\t<\/div>\n\t\t\t\t<\/div>\n\t\t            <\/div>\r\n        <\/div>\r\n                <div class=\"elementor-column elementor-col-33 elementor-top-column elementor-element elementor-element-2c047d3 pxl-column-element-default pxl-column-none\" data-id=\"2c047d3\" data-element_type=\"column\" data-e-type=\"column\">\r\n        <div class=\"elementor-widget-wrap elementor-element-populated\">\r\n                     \r\n        \t\t<div class=\"elementor-element elementor-element-2bbbdcd elementor-widget__width-initial elementor-widget-laptop__width-initial elementor-widget elementor-widget-pxl_showcase\" data-id=\"2bbbdcd\" data-element_type=\"widget\" data-e-type=\"widget\" data-widget_type=\"pxl_showcase.default\">\n\t\t\t\t<div class=\"elementor-widget-container\">\n\t\t\t\t\t<div class=\"pxl-showcase layout2\" data-wow-delay=\"ms\">\r\n    <div class=\"inner-box item-normarl\">\r\n        <div class=\"item-feature\">\r\n                        <img decoding=\"async\" width=\"300\" height=\"161\" src=\"https:\/\/elementus.lv\/wp-content\/uploads\/2024\/12\/PQLC_LCcompact_IC_series-1-300x161.jpg\" class=\"attachment-medium\" alt=\"\" srcset=\"https:\/\/elementus.lv\/wp-content\/uploads\/2024\/12\/PQLC_LCcompact_IC_series-1-300x161.jpg 300w, https:\/\/elementus.lv\/wp-content\/uploads\/2024\/12\/PQLC_LCcompact_IC_series-1-1024x549.jpg 1024w, https:\/\/elementus.lv\/wp-content\/uploads\/2024\/12\/PQLC_LCcompact_IC_series-1-768x412.jpg 768w, https:\/\/elementus.lv\/wp-content\/uploads\/2024\/12\/PQLC_LCcompact_IC_series-1-1536x823.jpg 1536w, https:\/\/elementus.lv\/wp-content\/uploads\/2024\/12\/PQLC_LCcompact_IC_series-1-2048x1098.jpg 2048w, https:\/\/elementus.lv\/wp-content\/uploads\/2024\/12\/PQLC_LCcompact_IC_series-1-1170x627.jpg 1170w, https:\/\/elementus.lv\/wp-content\/uploads\/2024\/12\/PQLC_LCcompact_IC_series-1-600x322.jpg 600w\" sizes=\"(max-width: 300px) 100vw, 300px\" \/>            <div class=\"pxl-item-links\">\r\n                                    <a class=\"link-1\" href=\"https:\/\/elementus.lv\/lv\/icp-ms\/\">\r\n                        <span>ICP-MS<\/span>\r\n                    <\/a>\r\n                                                    <a class=\"link-2\" href=\"https:\/\/elementus.lv\/lv\/icp-ms\/\">\r\n                        <span><\/span>\r\n                    <\/a>\r\n                            <\/div>\r\n        <\/div>\r\n        <h3 class=\"item-title\">\r\n                            ICP-MS                    <\/h3>\r\n    <\/div>\r\n<\/div>\t\t\t\t<\/div>\n\t\t\t\t<\/div>\n\t\t            <\/div>\r\n        <\/div>\r\n        \t\t\t<\/div>\n\t\t<\/section>\n\t\t        <section class=\"elementor-section elementor-top-section elementor-element elementor-element-91674ed elementor-section-boxed elementor-section-height-default elementor-section-height-default pxl-type-header-none pxl-row-scroll-none\" data-id=\"91674ed\" data-element_type=\"section\" data-e-type=\"section\">\n\n                \n                <div class=\"elementor-container elementor-column-gap-default\">\n                <div class=\"elementor-column elementor-col-33 elementor-top-column elementor-element elementor-element-5a9e838 pxl-column-element-default pxl-column-none\" data-id=\"5a9e838\" data-element_type=\"column\" data-e-type=\"column\">\r\n        <div class=\"elementor-widget-wrap elementor-element-populated\">\r\n                     \r\n        \t\t<div class=\"elementor-element elementor-element-f4302e7 elementor-widget elementor-widget-pxl_showcase\" data-id=\"f4302e7\" data-element_type=\"widget\" data-e-type=\"widget\" data-widget_type=\"pxl_showcase.default\">\n\t\t\t\t<div class=\"elementor-widget-container\">\n\t\t\t\t\t<div class=\"pxl-showcase layout2\" data-wow-delay=\"ms\">\r\n    <div class=\"inner-box item-normarl\">\r\n        <div class=\"item-feature\">\r\n                        <img loading=\"lazy\" decoding=\"async\" width=\"300\" height=\"169\" src=\"https:\/\/elementus.lv\/wp-content\/uploads\/2024\/12\/AJ_002_PlasmaQuant_9100_Elite_2er_003-300x169.jpg\" class=\"attachment-medium\" alt=\"\" srcset=\"https:\/\/elementus.lv\/wp-content\/uploads\/2024\/12\/AJ_002_PlasmaQuant_9100_Elite_2er_003-300x169.jpg 300w, https:\/\/elementus.lv\/wp-content\/uploads\/2024\/12\/AJ_002_PlasmaQuant_9100_Elite_2er_003-1024x576.jpg 1024w, https:\/\/elementus.lv\/wp-content\/uploads\/2024\/12\/AJ_002_PlasmaQuant_9100_Elite_2er_003-768x432.jpg 768w, https:\/\/elementus.lv\/wp-content\/uploads\/2024\/12\/AJ_002_PlasmaQuant_9100_Elite_2er_003-1536x864.jpg 1536w, https:\/\/elementus.lv\/wp-content\/uploads\/2024\/12\/AJ_002_PlasmaQuant_9100_Elite_2er_003-2048x1152.jpg 2048w, https:\/\/elementus.lv\/wp-content\/uploads\/2024\/12\/AJ_002_PlasmaQuant_9100_Elite_2er_003-1170x658.jpg 1170w, https:\/\/elementus.lv\/wp-content\/uploads\/2024\/12\/AJ_002_PlasmaQuant_9100_Elite_2er_003-600x338.jpg 600w\" sizes=\"(max-width: 300px) 100vw, 300px\" \/>            <div class=\"pxl-item-links\">\r\n                                    <a class=\"link-1\" href=\"https:\/\/elementus.lv\/lv\/icp-oes\/\">\r\n                        <span>ICP-OES<\/span>\r\n                    <\/a>\r\n                                                    <a class=\"link-2\" href=\"https:\/\/elementus.lv\/lv\/icp-oes\/\">\r\n                        <span><\/span>\r\n                    <\/a>\r\n                            <\/div>\r\n        <\/div>\r\n        <h3 class=\"item-title\">\r\n                            ICP-OES                    <\/h3>\r\n    <\/div>\r\n<\/div>\t\t\t\t<\/div>\n\t\t\t\t<\/div>\n\t\t            <\/div>\r\n        <\/div>\r\n                <div class=\"elementor-column elementor-col-33 elementor-top-column elementor-element elementor-element-47f703d pxl-column-element-default pxl-column-none\" data-id=\"47f703d\" data-element_type=\"column\" data-e-type=\"column\">\r\n        <div class=\"elementor-widget-wrap elementor-element-populated\">\r\n                     \r\n        \t\t<div class=\"elementor-element elementor-element-88bd7c7 elementor-widget__width-initial elementor-widget-laptop__width-initial elementor-widget elementor-widget-pxl_showcase\" data-id=\"88bd7c7\" data-element_type=\"widget\" data-e-type=\"widget\" data-widget_type=\"pxl_showcase.default\">\n\t\t\t\t<div class=\"elementor-widget-container\">\n\t\t\t\t\t<div class=\"pxl-showcase layout2\" data-wow-delay=\"ms\">\r\n    <div class=\"inner-box item-normarl\">\r\n        <div class=\"item-feature\">\r\n                        <img loading=\"lazy\" decoding=\"async\" width=\"300\" height=\"188\" src=\"https:\/\/elementus.lv\/wp-content\/uploads\/2024\/12\/mercur_cover_ALPHA-Copy-300x188.png\" class=\"attachment-medium\" alt=\"\" srcset=\"https:\/\/elementus.lv\/wp-content\/uploads\/2024\/12\/mercur_cover_ALPHA-Copy-300x188.png 300w, https:\/\/elementus.lv\/wp-content\/uploads\/2024\/12\/mercur_cover_ALPHA-Copy-1024x642.png 1024w, https:\/\/elementus.lv\/wp-content\/uploads\/2024\/12\/mercur_cover_ALPHA-Copy-768x482.png 768w, https:\/\/elementus.lv\/wp-content\/uploads\/2024\/12\/mercur_cover_ALPHA-Copy-1536x963.png 1536w, https:\/\/elementus.lv\/wp-content\/uploads\/2024\/12\/mercur_cover_ALPHA-Copy-2048x1284.png 2048w, https:\/\/elementus.lv\/wp-content\/uploads\/2024\/12\/mercur_cover_ALPHA-Copy-1132x710.png 1132w, https:\/\/elementus.lv\/wp-content\/uploads\/2024\/12\/mercur_cover_ALPHA-Copy-636x400.png 636w, https:\/\/elementus.lv\/wp-content\/uploads\/2024\/12\/mercur_cover_ALPHA-Copy-600x376.png 600w\" sizes=\"(max-width: 300px) 100vw, 300px\" \/>            <div class=\"pxl-item-links\">\r\n                                    <a class=\"link-1\" href=\"https:\/\/elementus.lv\/lv\/mercur-analyzers\/\">\r\n                        <span>Dz\u012bvsudraba analizatori<\/span>\r\n                    <\/a>\r\n                                                    <a class=\"link-2\" href=\"https:\/\/elementus.lv\/lv\/mercur-analyzers\/\">\r\n                        <span><\/span>\r\n                    <\/a>\r\n                            <\/div>\r\n        <\/div>\r\n        <h3 class=\"item-title\">\r\n                            Dz\u012bvsudraba analizatori                    <\/h3>\r\n    <\/div>\r\n<\/div>\t\t\t\t<\/div>\n\t\t\t\t<\/div>\n\t\t            <\/div>\r\n        <\/div>\r\n                <div class=\"elementor-column elementor-col-33 elementor-top-column elementor-element elementor-element-c2e24e1 pxl-column-element-default pxl-column-none\" data-id=\"c2e24e1\" data-element_type=\"column\" data-e-type=\"column\">\r\n        <div class=\"elementor-widget-wrap elementor-element-populated\">\r\n                     \r\n        \t\t<div class=\"elementor-element elementor-element-48809c0 elementor-widget__width-initial elementor-widget-laptop__width-initial elementor-widget elementor-widget-pxl_showcase\" data-id=\"48809c0\" data-element_type=\"widget\" data-e-type=\"widget\" data-widget_type=\"pxl_showcase.default\">\n\t\t\t\t<div class=\"elementor-widget-container\">\n\t\t\t\t\t<div class=\"pxl-showcase layout2\" data-wow-delay=\"ms\">\r\n    <div class=\"inner-box item-normarl\">\r\n        <div class=\"item-feature\">\r\n                        <img loading=\"lazy\" decoding=\"async\" width=\"300\" height=\"169\" src=\"https:\/\/elementus.lv\/wp-content\/uploads\/2024\/12\/IMG_multiNC_Serie_2300_3300_4300UV_01-300x169.jpg\" class=\"attachment-medium\" alt=\"\" srcset=\"https:\/\/elementus.lv\/wp-content\/uploads\/2024\/12\/IMG_multiNC_Serie_2300_3300_4300UV_01-300x169.jpg 300w, https:\/\/elementus.lv\/wp-content\/uploads\/2024\/12\/IMG_multiNC_Serie_2300_3300_4300UV_01-1024x576.jpg 1024w, https:\/\/elementus.lv\/wp-content\/uploads\/2024\/12\/IMG_multiNC_Serie_2300_3300_4300UV_01-768x432.jpg 768w, https:\/\/elementus.lv\/wp-content\/uploads\/2024\/12\/IMG_multiNC_Serie_2300_3300_4300UV_01-1536x864.jpg 1536w, https:\/\/elementus.lv\/wp-content\/uploads\/2024\/12\/IMG_multiNC_Serie_2300_3300_4300UV_01-2048x1152.jpg 2048w, https:\/\/elementus.lv\/wp-content\/uploads\/2024\/12\/IMG_multiNC_Serie_2300_3300_4300UV_01-1170x658.jpg 1170w, https:\/\/elementus.lv\/wp-content\/uploads\/2024\/12\/IMG_multiNC_Serie_2300_3300_4300UV_01-600x338.jpg 600w\" sizes=\"(max-width: 300px) 100vw, 300px\" \/>            <div class=\"pxl-item-links\">\r\n                                    <a class=\"link-1\" href=\"https:\/\/elementus.lv\/lv\/toc\/\">\r\n                        <span>TOC<\/span>\r\n                    <\/a>\r\n                                                    <a class=\"link-2\" href=\"https:\/\/elementus.lv\/lv\/toc\/\">\r\n                        <span><\/span>\r\n                    <\/a>\r\n                            <\/div>\r\n        <\/div>\r\n        <h3 class=\"item-title\">\r\n                            TOC                    <\/h3>\r\n    <\/div>\r\n<\/div>\t\t\t\t<\/div>\n\t\t\t\t<\/div>\n\t\t            <\/div>\r\n        <\/div>\r\n        \t\t\t<\/div>\n\t\t<\/section>\n\t\t        <section class=\"elementor-section elementor-top-section elementor-element elementor-element-018a838 elementor-section-boxed elementor-section-height-default elementor-section-height-default pxl-type-header-none pxl-row-scroll-none\" data-id=\"018a838\" data-element_type=\"section\" data-e-type=\"section\">\n\n                \n                <div class=\"elementor-container elementor-column-gap-default\">\n                <div class=\"elementor-column elementor-col-33 elementor-top-column elementor-element elementor-element-4765910 pxl-column-element-default pxl-column-none\" data-id=\"4765910\" data-element_type=\"column\" data-e-type=\"column\">\r\n        <div class=\"elementor-widget-wrap elementor-element-populated\">\r\n                     \r\n        \t\t<div class=\"elementor-element elementor-element-df63a42 elementor-widget__width-initial elementor-widget-laptop__width-initial elementor-widget elementor-widget-pxl_showcase\" data-id=\"df63a42\" data-element_type=\"widget\" data-e-type=\"widget\" data-widget_type=\"pxl_showcase.default\">\n\t\t\t\t<div class=\"elementor-widget-container\">\n\t\t\t\t\t<div class=\"pxl-showcase layout2\" data-wow-delay=\"ms\">\r\n    <div class=\"inner-box item-normarl\">\r\n        <div class=\"item-feature\">\r\n                        <img loading=\"lazy\" decoding=\"async\" width=\"300\" height=\"199\" src=\"https:\/\/elementus.lv\/wp-content\/uploads\/2024\/12\/Specord_250_PLUS_alpha-300x199.png\" class=\"attachment-medium\" alt=\"\" srcset=\"https:\/\/elementus.lv\/wp-content\/uploads\/2024\/12\/Specord_250_PLUS_alpha-300x199.png 300w, https:\/\/elementus.lv\/wp-content\/uploads\/2024\/12\/Specord_250_PLUS_alpha-1024x678.png 1024w, https:\/\/elementus.lv\/wp-content\/uploads\/2024\/12\/Specord_250_PLUS_alpha-768x508.png 768w, https:\/\/elementus.lv\/wp-content\/uploads\/2024\/12\/Specord_250_PLUS_alpha-1536x1017.png 1536w, https:\/\/elementus.lv\/wp-content\/uploads\/2024\/12\/Specord_250_PLUS_alpha-2048x1356.png 2048w, https:\/\/elementus.lv\/wp-content\/uploads\/2024\/12\/Specord_250_PLUS_alpha-1073x710.png 1073w, https:\/\/elementus.lv\/wp-content\/uploads\/2024\/12\/Specord_250_PLUS_alpha-600x397.png 600w\" sizes=\"(max-width: 300px) 100vw, 300px\" \/>            <div class=\"pxl-item-links\">\r\n                                    <a class=\"link-1\" href=\"https:\/\/elementus.lv\/lv\/uv-vis\/\">\r\n                        <span>UV-VIS<\/span>\r\n                    <\/a>\r\n                                                    <a class=\"link-2\" href=\"https:\/\/elementus.lv\/lv\/uv-vis\/\">\r\n                        <span><\/span>\r\n                    <\/a>\r\n                            <\/div>\r\n        <\/div>\r\n        <h3 class=\"item-title\">\r\n                            UV-VIS                    <\/h3>\r\n    <\/div>\r\n<\/div>\t\t\t\t<\/div>\n\t\t\t\t<\/div>\n\t\t            <\/div>\r\n        <\/div>\r\n                <div class=\"elementor-column elementor-col-33 elementor-top-column elementor-element elementor-element-1335b71 pxl-column-element-default pxl-column-none\" data-id=\"1335b71\" data-element_type=\"column\" data-e-type=\"column\">\r\n        <div class=\"elementor-widget-wrap\">\r\n                     \r\n                    <\/div>\r\n        <\/div>\r\n                <div class=\"elementor-column elementor-col-33 elementor-top-column elementor-element elementor-element-19df15a pxl-column-element-default pxl-column-none\" data-id=\"19df15a\" data-element_type=\"column\" data-e-type=\"column\">\r\n        <div class=\"elementor-widget-wrap\">\r\n                     \r\n                    <\/div>\r\n        <\/div>\r\n        \t\t\t<\/div>\n\t\t<\/section>\n\t\t\t\t<\/div>","protected":false},"excerpt":{"rendered":"<p>Analytical Equipment Atomic Absorbtion Atomic Absorbtion Element Analyzers Element Analyzers ICP-MS ICP-MS ICP-OES ICP-OES Mercur Analyzers Mercur Analyzers TOC TOC UV-VIS UV-VIS<\/p>","protected":false},"author":1,"featured_media":0,"parent":0,"menu_order":0,"comment_status":"closed","ping_status":"closed","template":"","meta":{"footnotes":""},"class_list":["post-13310","page","type-page","status-publish","hentry"],"_links":{"self":[{"href":"https:\/\/elementus.lv\/lv\/wp-json\/wp\/v2\/pages\/13310","targetHints":{"allow":["GET"]}}],"collection":[{"href":"https:\/\/elementus.lv\/lv\/wp-json\/wp\/v2\/pages"}],"about":[{"href":"https:\/\/elementus.lv\/lv\/wp-json\/wp\/v2\/types\/page"}],"author":[{"embeddable":true,"href":"https:\/\/elementus.lv\/lv\/wp-json\/wp\/v2\/users\/1"}],"replies":[{"embeddable":true,"href":"https:\/\/elementus.lv\/lv\/wp-json\/wp\/v2\/comments?post=13310"}],"version-history":[{"count":72,"href":"https:\/\/elementus.lv\/lv\/wp-json\/wp\/v2\/pages\/13310\/revisions"}],"predecessor-version":[{"id":15404,"href":"https:\/\/elementus.lv\/lv\/wp-json\/wp\/v2\/pages\/13310\/revisions\/15404"}],"wp:attachment":[{"href":"https:\/\/elementus.lv\/lv\/wp-json\/wp\/v2\/media?parent=13310"}],"curies":[{"name":"wp","href":"https:\/\/api.w.org\/{rel}","templated":true}]}}