{"id":13405,"date":"2024-12-18T13:21:54","date_gmt":"2024-12-18T13:21:54","guid":{"rendered":"https:\/\/elementus.lv\/?page_id=13405"},"modified":"2025-02-18T12:19:38","modified_gmt":"2025-02-18T12:19:38","slug":"icp-ms","status":"publish","type":"page","link":"https:\/\/elementus.lv\/lv\/icp-ms\/","title":{"rendered":"ICP-MS"},"content":{"rendered":"<div data-elementor-type=\"wp-page\" data-elementor-id=\"13405\" class=\"elementor elementor-13405\" data-elementor-post-type=\"page\">\n\t\t\t\t        <section class=\"elementor-section elementor-top-section elementor-element elementor-element-d67e71c elementor-section-boxed elementor-section-height-default elementor-section-height-default pxl-type-header-none pxl-row-scroll-none\" data-id=\"d67e71c\" data-element_type=\"section\" data-e-type=\"section\">\n\n                \n                <div class=\"elementor-container elementor-column-gap-default\">\n                <div class=\"elementor-column elementor-col-100 elementor-top-column elementor-element elementor-element-e5e0d0e pxl-column-element-default pxl-column-none\" data-id=\"e5e0d0e\" data-element_type=\"column\" data-e-type=\"column\">\r\n        <div class=\"elementor-widget-wrap\">\r\n                     \r\n                    <\/div>\r\n        <\/div>\r\n        \t\t\t<\/div>\n\t\t<\/section>\n\t\t        <section class=\"elementor-section elementor-top-section elementor-element elementor-element-2f60cc5 elementor-section-boxed elementor-section-height-default elementor-section-height-default pxl-type-header-none pxl-row-scroll-none\" data-id=\"2f60cc5\" data-element_type=\"section\" data-e-type=\"section\" data-settings=\"{&quot;background_background&quot;:&quot;classic&quot;}\">\n\n                            <div class=\"elementor-background-overlay\"><\/div>\n            \n                <div class=\"elementor-container elementor-column-gap-default\">\n                <div class=\"elementor-column elementor-col-100 elementor-top-column elementor-element elementor-element-59eaa5d pxl-column-element-default pxl-column-none\" data-id=\"59eaa5d\" data-element_type=\"column\" data-e-type=\"column\">\r\n        <div class=\"elementor-widget-wrap elementor-element-populated\">\r\n                     \r\n        \t\t<div class=\"elementor-element elementor-element-d9de1b5 elementor-widget elementor-widget-pxl_heading\" data-id=\"d9de1b5\" data-element_type=\"widget\" data-e-type=\"widget\" data-widget_type=\"pxl_heading.default\">\n\t\t\t\t<div class=\"elementor-widget-container\">\n\t\t\t\t\t<div class=\"pxl-heading\">\n\t<div class=\"pxl-heading--inner\">\n\t\t\t\t<h3 class=\"pxl-item--title\" data-wow-delay=\"ms\">\n\t\t\tICP-MS\t\t\n\t\t<\/h3>\n\t\t\t<\/div>\n<\/div>\t\t\t\t<\/div>\n\t\t\t\t<\/div>\n\t\t            <\/div>\r\n        <\/div>\r\n        \t\t\t<\/div>\n\t\t<\/section>\n\t\t        <section class=\"elementor-section elementor-top-section elementor-element elementor-element-e5309eb elementor-section-boxed elementor-section-height-default elementor-section-height-default pxl-type-header-none pxl-row-scroll-none\" data-id=\"e5309eb\" data-element_type=\"section\" data-e-type=\"section\">\n\n                \n                <div class=\"elementor-container elementor-column-gap-default\">\n                <div class=\"elementor-column elementor-col-100 elementor-top-column elementor-element elementor-element-8489b07 pxl-column-element-default pxl-column-none\" data-id=\"8489b07\" data-element_type=\"column\" data-e-type=\"column\">\r\n        <div class=\"elementor-widget-wrap\">\r\n                     \r\n                    <\/div>\r\n        <\/div>\r\n        \t\t\t<\/div>\n\t\t<\/section>\n\t\t        <section class=\"elementor-section elementor-top-section elementor-element elementor-element-9bc12b8 elementor-section-boxed elementor-section-height-default elementor-section-height-default pxl-type-header-none pxl-row-scroll-none\" data-id=\"9bc12b8\" data-element_type=\"section\" data-e-type=\"section\">\n\n                \n                <div class=\"elementor-container elementor-column-gap-default\">\n                <div class=\"elementor-column elementor-col-50 elementor-top-column elementor-element elementor-element-9903543 pxl-column-element-default pxl-column-none\" data-id=\"9903543\" data-element_type=\"column\" data-e-type=\"column\">\r\n        <div class=\"elementor-widget-wrap elementor-element-populated\">\r\n                     \r\n        \t\t<div class=\"elementor-element elementor-element-4f56509 elementor-widget elementor-widget-pxl_text_editor\" data-id=\"4f56509\" data-element_type=\"widget\" data-e-type=\"widget\" data-widget_type=\"pxl_text_editor.default\">\n\t\t\t\t<div class=\"elementor-widget-container\">\n\t\t\t\t\t<div class=\"pxl-text-editor\">\n\t<div class=\"pxl-item--inner\" data-wow-delay=\"ms\">\n\t\t<h5 style=\"text-align: justify\">Masas spektrometrija ar indukt\u012bvi saist\u012bto plazmu (ICP-MS) ir stabila, univers\u0101la un augstas precizit\u0101tes anal\u012bzes metode, kas ir iekarojusi savu vietu neorganisko elementu anal\u012bz\u0113. \u0160o anal\u012btisko metodi raksturo ne tikai izcilas noteik\u0161anas robe\u017eas, bet tai ir ar\u012b gr\u016bti pretoties, pateicoties t\u0101s \u0101trajam m\u0113r\u012bjumu \u0101trumam, unik\u0101lajai lietojumu daudzveid\u012bbai un stabilajai veiktsp\u0113jai.<\/h5>\t<\/div>\n<\/div>\t\t\t\t<\/div>\n\t\t\t\t<\/div>\n\t\t            <\/div>\r\n        <\/div>\r\n                <div class=\"elementor-column elementor-col-50 elementor-top-column elementor-element elementor-element-fce7c2f pxl-column-element-default pxl-column-none\" data-id=\"fce7c2f\" data-element_type=\"column\" data-e-type=\"column\">\r\n        <div class=\"elementor-widget-wrap elementor-element-populated\">\r\n                     \r\n        \t\t<div class=\"elementor-element elementor-element-0132fbc elementor-widget elementor-widget-pxl_image\" data-id=\"0132fbc\" data-element_type=\"widget\" data-e-type=\"widget\" data-widget_type=\"pxl_image.default\">\n\t\t\t\t<div class=\"elementor-widget-container\">\n\t\t\t\t\t<div class=\"pxl-image-single\" data-wow-delay=\"ms\">\r\n                                        <div class=\"pxl-item--inner\">\r\n                    <a href=\"https:\/\/www.analytik-jena.com\/\" target=\"_blank\" rel=\"noopener\">                        <img fetchpriority=\"high\" decoding=\"async\" width=\"520\" height=\"97\" src=\"https:\/\/elementus.lv\/wp-content\/uploads\/2025\/01\/logo-1.png\" class=\"no-lazyload attachment-full\" alt=\"\" srcset=\"https:\/\/elementus.lv\/wp-content\/uploads\/2025\/01\/logo-1.png 520w, https:\/\/elementus.lv\/wp-content\/uploads\/2025\/01\/logo-1-300x56.png 300w\" sizes=\"(max-width: 520px) 100vw, 520px\" \/>                    <\/a>                <\/div>\r\n                        <\/div>\t\t\t\t<\/div>\n\t\t\t\t<\/div>\n\t\t            <\/div>\r\n        <\/div>\r\n        \t\t\t<\/div>\n\t\t<\/section>\n\t\t        <section class=\"elementor-section elementor-top-section elementor-element elementor-element-38c363d elementor-section-boxed elementor-section-height-default elementor-section-height-default pxl-type-header-none pxl-row-scroll-none\" data-id=\"38c363d\" data-element_type=\"section\" data-e-type=\"section\">\n\n                \n                <div class=\"elementor-container elementor-column-gap-default\">\n                <div class=\"elementor-column elementor-col-50 elementor-top-column elementor-element elementor-element-4bc8267 pxl-column-element-default pxl-column-none\" data-id=\"4bc8267\" data-element_type=\"column\" data-e-type=\"column\">\r\n        <div class=\"elementor-widget-wrap elementor-element-populated\">\r\n                     \r\n        \t\t<div class=\"elementor-element elementor-element-c98da1b elementor-widget elementor-widget-pxl_image\" data-id=\"c98da1b\" data-element_type=\"widget\" data-e-type=\"widget\" data-widget_type=\"pxl_image.default\">\n\t\t\t\t<div class=\"elementor-widget-container\">\n\t\t\t\t\t<div class=\"pxl-image-single\" data-wow-delay=\"ms\">\r\n                                        <div class=\"pxl-item--inner\">\r\n                                            <img decoding=\"async\" width=\"2560\" height=\"1372\" src=\"https:\/\/elementus.lv\/wp-content\/uploads\/2024\/12\/PQLC_LCcompact_IC_series-1-scaled.jpg\" class=\"no-lazyload attachment-full\" alt=\"\" srcset=\"https:\/\/elementus.lv\/wp-content\/uploads\/2024\/12\/PQLC_LCcompact_IC_series-1-scaled.jpg 2560w, https:\/\/elementus.lv\/wp-content\/uploads\/2024\/12\/PQLC_LCcompact_IC_series-1-300x161.jpg 300w, https:\/\/elementus.lv\/wp-content\/uploads\/2024\/12\/PQLC_LCcompact_IC_series-1-1024x549.jpg 1024w, https:\/\/elementus.lv\/wp-content\/uploads\/2024\/12\/PQLC_LCcompact_IC_series-1-768x412.jpg 768w, https:\/\/elementus.lv\/wp-content\/uploads\/2024\/12\/PQLC_LCcompact_IC_series-1-1536x823.jpg 1536w, https:\/\/elementus.lv\/wp-content\/uploads\/2024\/12\/PQLC_LCcompact_IC_series-1-2048x1098.jpg 2048w, https:\/\/elementus.lv\/wp-content\/uploads\/2024\/12\/PQLC_LCcompact_IC_series-1-1170x627.jpg 1170w, https:\/\/elementus.lv\/wp-content\/uploads\/2024\/12\/PQLC_LCcompact_IC_series-1-600x322.jpg 600w\" sizes=\"(max-width: 2560px) 100vw, 2560px\" \/>                                    <\/div>\r\n                        <\/div>\t\t\t\t<\/div>\n\t\t\t\t<\/div>\n\t\t            <\/div>\r\n        <\/div>\r\n                <div class=\"elementor-column elementor-col-50 elementor-top-column elementor-element elementor-element-03b3148 pxl-column-element-default pxl-column-none\" data-id=\"03b3148\" data-element_type=\"column\" data-e-type=\"column\">\r\n        <div class=\"elementor-widget-wrap elementor-element-populated\">\r\n                     \r\n        \t\t<div class=\"elementor-element elementor-element-bad6936 elementor-widget elementor-widget-pxl_text_editor\" data-id=\"bad6936\" data-element_type=\"widget\" data-e-type=\"widget\" data-widget_type=\"pxl_text_editor.default\">\n\t\t\t\t<div class=\"elementor-widget-container\">\n\t\t\t\t\t<div class=\"pxl-text-editor\">\n\t<div class=\"pxl-item--inner\" data-wow-delay=\"ms\">\n\t\t<p style=\"text-align: justify;margin: 0cm 0cm 11.25pt 0cm\"><span lang=\"EN-US\" style=\"font-size: 14.5pt\">M\u016bsdienu modern\u0101kaj\u0101m laboratorij\u0101m j\u0101sp\u0113j analiz\u0113t lielu skaitu paraugu rekord\u012bs\u0101 laik\u0101, vienlaikus iev\u0113rojot visstingr\u0101k\u0101s precizit\u0101tes pras\u012bbas. Taj\u0101 pa\u0161\u0101 laik\u0101 past\u0101v nep\u0101rtraukts spiediens samazin\u0101t argona pat\u0113ri\u0146u, lai uzlabotu procesa ilgtsp\u0113ju un samazin\u0101tu ekspluat\u0101cijas izdevumus.<\/span><\/p><p>ICP-MS anal\u012btiskais process ir nostiprin\u0101jies da\u017e\u0101d\u0101s r\u016bpniec\u012bbas nozar\u0113s k\u0101 sp\u0113c\u012bga metode neorganisko elementu, piem\u0113ram, dz\u012bvsudraba, svina un kadmija, noteik\u0161anai. Mikroelementu anal\u012bzes pielietojumu palete ir pla\u0161a, s\u0101kot no vides anal\u012bzes, piem\u0113ram, dzeram\u0101 \u016bdens kvalit\u0101tes monitoringa, kl\u012bnisko paraugu anal\u012bzes, izotopu attiec\u012bbu m\u0113r\u012bjumiem p\u0101rtikas anal\u012bz\u0113 un beidzot ar t\u0101diem p\u0113tniec\u012bbas jaut\u0101jumiem k\u0101 atsevi\u0161\u0137u \u0161\u016bnu un nanoda\u013ci\u0146u m\u0113r\u012bjumi.\u00a0<\/p>\t<\/div>\n<\/div>\t\t\t\t<\/div>\n\t\t\t\t<\/div>\n\t\t            <\/div>\r\n        <\/div>\r\n        \t\t\t<\/div>\n\t\t<\/section>\n\t\t        <section class=\"elementor-section elementor-top-section elementor-element elementor-element-2d84c83 elementor-section-boxed elementor-section-height-default elementor-section-height-default pxl-type-header-none pxl-row-scroll-none\" data-id=\"2d84c83\" data-element_type=\"section\" data-e-type=\"section\">\n\n                \n                <div class=\"elementor-container elementor-column-gap-default\">\n                <div class=\"elementor-column elementor-col-100 elementor-top-column elementor-element elementor-element-8ff8dbf pxl-column-element-default pxl-column-none\" data-id=\"8ff8dbf\" data-element_type=\"column\" data-e-type=\"column\">\r\n        <div class=\"elementor-widget-wrap elementor-element-populated\">\r\n                     \r\n        \t\t<div class=\"elementor-element elementor-element-68bbd2b elementor-widget elementor-widget-pxl_text_editor\" data-id=\"68bbd2b\" data-element_type=\"widget\" data-e-type=\"widget\" data-widget_type=\"pxl_text_editor.default\">\n\t\t\t\t<div class=\"elementor-widget-container\">\n\t\t\t\t\t<div class=\"pxl-text-editor\">\n\t<div class=\"pxl-item--inner\" data-wow-delay=\"ms\">\n\t\t<p>M\u016bsdienu modern\u0101kaj\u0101m laboratorij\u0101m j\u0101sp\u0113j analiz\u0113t lielu skaitu paraugu rekord\u012bs\u0101 laik\u0101, vienlaikus iev\u0113rojot visstingr\u0101k\u0101s precizit\u0101tes pras\u012bbas. Taj\u0101 pa\u0161\u0101 laik\u0101 past\u0101v nep\u0101rtraukts spiediens samazin\u0101t argona pat\u0113ri\u0146u, lai uzlabotu procesa ilgtsp\u0113ju un samazin\u0101tu ekspluat\u0101cijas izdevumus.<\/p><p style=\"margin: 0cm;text-align: justify\"><span lang=\"EN-US\" style=\"font-size: 14.5pt\">ICP-MS anal\u012btiskais process ir nostiprin\u0101jies da\u017e\u0101d\u0101s r\u016bpniec\u012bbas nozar\u0113s k\u0101 sp\u0113c\u012bga metode neorganisko elementu, piem\u0113ram, dz\u012bvsudraba, svina un kadmija, noteik\u0161anai. Mikroelementu anal\u012bzes pielietojumu palete ir pla\u0161a, s\u0101kot no vides anal\u012bzes, piem\u0113ram, dzeram\u0101 \u016bdens kvalit\u0101tes monitoringa, kl\u012bnisko paraugu anal\u012bzes, izotopu attiec\u012bbu m\u0113r\u012bjumiem p\u0101rtikas anal\u012bz\u0113 un beidzot ar t\u0101diem p\u0113tniec\u012bbas jaut\u0101jumiem k\u0101 atsevi\u0161\u0137u \u0161\u016bnu un nanoda\u013ci\u0146u m\u0113r\u012bjumi.\u00a0<\/span><\/p><p style=\"text-align: justify;margin: 0cm 0cm 11.25pt 0cm\"><span lang=\"EN-US\" style=\"font-size: 14.5pt\">M\u016bsdienu modern\u0101kaj\u0101m laboratorij\u0101m j\u0101sp\u0113j analiz\u0113t lielu skaitu paraugu rekord\u012bs\u0101 laik\u0101, vienlaikus iev\u0113rojot visstingr\u0101k\u0101s precizit\u0101tes pras\u012bbas. Taj\u0101 pa\u0161\u0101 laik\u0101 past\u0101v nep\u0101rtraukts spiediens samazin\u0101t argona pat\u0113ri\u0146u, lai uzlabotu procesa ilgtsp\u0113ju un samazin\u0101tu ekspluat\u0101cijas izdevumus.<\/span><\/p><p>L\u012bdz ar att\u012bst\u012bbu\u00a0<a href=\"https:\/\/www.analytik-jena.com\/products\/chemical-analysis\/elemental-analysis\/icp-ms\/plasmaquant-ms-series\/\" target=\"_blank\" rel=\"noopener\">PlasmaQuant MS s\u0113rija<\/a>&nbsp;Analytik Jena ir veiksm\u012bgi atrisin\u0101jusi \u0161os izaicin\u0101jumus un padar\u012bjusi ICP masspektrometriju ilgtsp\u0113j\u012bg\u0101ku, rentabl\u0101ku un jaud\u012bg\u0101ku. \u0160\u012bs progres\u012bv\u0101s ier\u012bces pat\u0113r\u0113 l\u012bdz pat 50% maz\u0101k argona, sal\u012bdzinot ar cit\u0101m ier\u012bc\u0113m, un \u013cauj veikt anal\u012bzes \u012bs\u0101 laik\u0101, nezaud\u0113jot precizit\u0101ti. Tas ir \u013c\u0101vis ICP-MS sist\u0113m\u0101m no PlasmaQuant MS s\u0113rijas iev\u0113rojami palielin\u0101t, piem\u0113ram, dzeram\u0101 \u016bdens paraugu caurlaides sp\u0113ju, vienlaikus nodro\u0161inot atbilst\u012bbu starptautisko standartu pras\u012bb\u0101m.<\/p><p>\u00a0<\/p>\t<\/div>\n<\/div>\t\t\t\t<\/div>\n\t\t\t\t<\/div>\n\t\t            <\/div>\r\n        <\/div>\r\n        \t\t\t<\/div>\n\t\t<\/section>\n\t\t        <section class=\"elementor-section elementor-top-section elementor-element elementor-element-712d922 elementor-section-boxed elementor-section-height-default elementor-section-height-default pxl-type-header-none pxl-row-scroll-none\" data-id=\"712d922\" data-element_type=\"section\" data-e-type=\"section\">\n\n                \n                <div class=\"elementor-container elementor-column-gap-default\">\n                <div class=\"elementor-column elementor-col-33 elementor-top-column elementor-element elementor-element-5bff7e4 pxl-column-element-default pxl-column-none\" data-id=\"5bff7e4\" data-element_type=\"column\" data-e-type=\"column\">\r\n        <div class=\"elementor-widget-wrap\">\r\n                     \r\n                    <\/div>\r\n        <\/div>\r\n                <div class=\"elementor-column elementor-col-33 elementor-top-column elementor-element elementor-element-dab69e0 pxl-column-element-default pxl-column-none\" data-id=\"dab69e0\" data-element_type=\"column\" data-e-type=\"column\">\r\n        <div class=\"elementor-widget-wrap elementor-element-populated\">\r\n                     \r\n        \t\t<div class=\"elementor-element elementor-element-448a9a1 elementor-widget__width-initial elementor-widget elementor-widget-pxl_showcase\" data-id=\"448a9a1\" data-element_type=\"widget\" data-e-type=\"widget\" data-widget_type=\"pxl_showcase.default\">\n\t\t\t\t<div class=\"elementor-widget-container\">\n\t\t\t\t\t<div class=\"pxl-showcase layout2\" data-wow-delay=\"ms\">\r\n    <div class=\"inner-box item-normarl\">\r\n        <div class=\"item-feature\">\r\n                        <img decoding=\"async\" width=\"300\" height=\"169\" src=\"https:\/\/elementus.lv\/wp-content\/uploads\/2024\/12\/AJ_002_PlasmaQuant_9100_Elite_2er_003-300x169.jpg\" class=\"attachment-medium\" alt=\"\" srcset=\"https:\/\/elementus.lv\/wp-content\/uploads\/2024\/12\/AJ_002_PlasmaQuant_9100_Elite_2er_003-300x169.jpg 300w, https:\/\/elementus.lv\/wp-content\/uploads\/2024\/12\/AJ_002_PlasmaQuant_9100_Elite_2er_003-1024x576.jpg 1024w, https:\/\/elementus.lv\/wp-content\/uploads\/2024\/12\/AJ_002_PlasmaQuant_9100_Elite_2er_003-768x432.jpg 768w, https:\/\/elementus.lv\/wp-content\/uploads\/2024\/12\/AJ_002_PlasmaQuant_9100_Elite_2er_003-1536x864.jpg 1536w, https:\/\/elementus.lv\/wp-content\/uploads\/2024\/12\/AJ_002_PlasmaQuant_9100_Elite_2er_003-2048x1152.jpg 2048w, https:\/\/elementus.lv\/wp-content\/uploads\/2024\/12\/AJ_002_PlasmaQuant_9100_Elite_2er_003-1170x658.jpg 1170w, https:\/\/elementus.lv\/wp-content\/uploads\/2024\/12\/AJ_002_PlasmaQuant_9100_Elite_2er_003-600x338.jpg 600w\" sizes=\"(max-width: 300px) 100vw, 300px\" \/>            <div class=\"pxl-item-links\">\r\n                                    <a class=\"link-1\" href=\"https:\/\/elementus.lv\/wp-content\/uploads\/2025\/01\/ICP-MS.pdf\" target=\"_blank\">\r\n                        <span>PlasmaQuant MS katalogs<\/span>\r\n                    <\/a>\r\n                                                    <a class=\"link-2\" href=\"https:\/\/elementus.lv\/wp-content\/uploads\/2025\/01\/ICP-MS.pdf\">\r\n                        <span><\/span>\r\n                    <\/a>\r\n                            <\/div>\r\n        <\/div>\r\n        <h3 class=\"item-title\">\r\n                            PlasmaQuant MS                    <\/h3>\r\n    <\/div>\r\n<\/div>\t\t\t\t<\/div>\n\t\t\t\t<\/div>\n\t\t\t\t<div class=\"elementor-element elementor-element-7f6cff9 elementor-align-center elementor-widget-laptop__width-initial elementor-widget__width-initial elementor-widget elementor-widget-button\" data-id=\"7f6cff9\" data-element_type=\"widget\" data-e-type=\"widget\" data-widget_type=\"button.default\">\n\t\t\t\t<div class=\"elementor-widget-container\">\n\t\t\t\t\t\t\t\t\t<div class=\"elementor-button-wrapper\">\n\t\t\t\t\t<a class=\"elementor-button elementor-button-link elementor-size-sm\" href=\"https:\/\/elementus.lv\/wp-content\/uploads\/2025\/01\/ICP-MS.pdf?dl=1\" download=\"ICP-MS.pdf\">\n\t\t\t\t\t\t<span class=\"elementor-button-content-wrapper\">\n\t\t\t\t\t\t\t\t\t<span class=\"elementor-button-text\">Lejupiel\u0101d\u0113t katalogu<\/span>\n\t\t\t\t\t<\/span>\n\t\t\t\t\t<\/a>\n\t\t\t\t<\/div>\n\t\t\t\t\t\t\t\t<\/div>\n\t\t\t\t<\/div>\n\t\t            <\/div>\r\n        <\/div>\r\n                <div class=\"elementor-column elementor-col-33 elementor-top-column elementor-element elementor-element-31ca614 pxl-column-element-default pxl-column-none\" data-id=\"31ca614\" data-element_type=\"column\" data-e-type=\"column\">\r\n        <div class=\"elementor-widget-wrap\">\r\n                     \r\n                    <\/div>\r\n        <\/div>\r\n        \t\t\t<\/div>\n\t\t<\/section>\n\t\t\t\t<\/div>","protected":false},"excerpt":{"rendered":"<p>ICP-MS As a robust, versatile and high-precision analytic method, mass spectrometry with inductively coupled plasma (ICP-MS) has earned its place in inorganic elemental analysis. Characterized not only by its superior detection limits, this analytic method is also hard to resist thanks to its rapid measurement rate, unique diversity of applications and its robust performance. The [&hellip;]<\/p>\n","protected":false},"author":1,"featured_media":0,"parent":0,"menu_order":0,"comment_status":"closed","ping_status":"closed","template":"","meta":{"footnotes":""},"class_list":["post-13405","page","type-page","status-publish","hentry"],"_links":{"self":[{"href":"https:\/\/elementus.lv\/lv\/wp-json\/wp\/v2\/pages\/13405","targetHints":{"allow":["GET"]}}],"collection":[{"href":"https:\/\/elementus.lv\/lv\/wp-json\/wp\/v2\/pages"}],"about":[{"href":"https:\/\/elementus.lv\/lv\/wp-json\/wp\/v2\/types\/page"}],"author":[{"embeddable":true,"href":"https:\/\/elementus.lv\/lv\/wp-json\/wp\/v2\/users\/1"}],"replies":[{"embeddable":true,"href":"https:\/\/elementus.lv\/lv\/wp-json\/wp\/v2\/comments?post=13405"}],"version-history":[{"count":21,"href":"https:\/\/elementus.lv\/lv\/wp-json\/wp\/v2\/pages\/13405\/revisions"}],"predecessor-version":[{"id":16164,"href":"https:\/\/elementus.lv\/lv\/wp-json\/wp\/v2\/pages\/13405\/revisions\/16164"}],"wp:attachment":[{"href":"https:\/\/elementus.lv\/lv\/wp-json\/wp\/v2\/media?parent=13405"}],"curies":[{"name":"wp","href":"https:\/\/api.w.org\/{rel}","templated":true}]}}