{"id":13551,"date":"2024-12-19T15:36:15","date_gmt":"2024-12-19T15:36:15","guid":{"rendered":"https:\/\/elementus.lv\/?page_id=13551"},"modified":"2025-03-31T08:22:16","modified_gmt":"2025-03-31T08:22:16","slug":"reagents","status":"publish","type":"page","link":"https:\/\/elementus.lv\/lv\/reagents\/","title":{"rendered":"Rea\u0123enti"},"content":{"rendered":"<div data-elementor-type=\"wp-page\" data-elementor-id=\"13551\" class=\"elementor elementor-13551\" data-elementor-post-type=\"page\">\n\t\t\t\t        <section class=\"elementor-section elementor-top-section elementor-element elementor-element-997ae46 elementor-section-boxed elementor-section-height-default elementor-section-height-default pxl-type-header-none pxl-row-scroll-none\" data-id=\"997ae46\" data-element_type=\"section\" data-e-type=\"section\">\n\n                \n                <div class=\"elementor-container elementor-column-gap-default\">\n                <div class=\"elementor-column elementor-col-100 elementor-top-column elementor-element elementor-element-f8d19bf pxl-column-element-default pxl-column-none\" data-id=\"f8d19bf\" data-element_type=\"column\" data-e-type=\"column\">\r\n        <div class=\"elementor-widget-wrap\">\r\n                     \r\n                    <\/div>\r\n        <\/div>\r\n        \t\t\t<\/div>\n\t\t<\/section>\n\t\t        <section class=\"elementor-section elementor-top-section elementor-element elementor-element-6963dbd elementor-section-boxed elementor-section-height-default elementor-section-height-default pxl-type-header-none pxl-row-scroll-none\" data-id=\"6963dbd\" data-element_type=\"section\" data-e-type=\"section\" data-settings=\"{&quot;background_background&quot;:&quot;classic&quot;}\">\n\n                            <div class=\"elementor-background-overlay\"><\/div>\n            \n                <div class=\"elementor-container elementor-column-gap-default\">\n                <div class=\"elementor-column elementor-col-100 elementor-top-column elementor-element elementor-element-81bd6c9 pxl-column-element-default pxl-column-none\" data-id=\"81bd6c9\" data-element_type=\"column\" data-e-type=\"column\">\r\n        <div class=\"elementor-widget-wrap elementor-element-populated\">\r\n                     \r\n        \t\t<div class=\"elementor-element elementor-element-63a16b1 elementor-widget elementor-widget-pxl_heading\" data-id=\"63a16b1\" data-element_type=\"widget\" data-e-type=\"widget\" data-widget_type=\"pxl_heading.default\">\n\t\t\t\t<div class=\"elementor-widget-container\">\n\t\t\t\t\t<div class=\"pxl-heading\">\n\t<div class=\"pxl-heading--inner\">\n\t\t\t\t<h3 class=\"pxl-item--title\" data-wow-delay=\"ms\">\n\t\t\tRea\u0123enti\t\t\n\t\t<\/h3>\n\t\t\t<\/div>\n<\/div>\t\t\t\t<\/div>\n\t\t\t\t<\/div>\n\t\t            <\/div>\r\n        <\/div>\r\n        \t\t\t<\/div>\n\t\t<\/section>\n\t\t        <section class=\"elementor-section elementor-top-section elementor-element elementor-element-41e1919 elementor-section-boxed elementor-section-height-default elementor-section-height-default pxl-type-header-none pxl-row-scroll-none\" data-id=\"41e1919\" data-element_type=\"section\" data-e-type=\"section\">\n\n                \n                <div class=\"elementor-container elementor-column-gap-default\">\n                <div class=\"elementor-column elementor-col-100 elementor-top-column elementor-element elementor-element-af5a914 pxl-column-element-default pxl-column-none\" data-id=\"af5a914\" data-element_type=\"column\" data-e-type=\"column\">\r\n        <div class=\"elementor-widget-wrap elementor-element-populated\">\r\n                     \r\n        \t\t<div class=\"elementor-element elementor-element-7eb7ab2 elementor-widget elementor-widget-pxl_text_editor\" data-id=\"7eb7ab2\" data-element_type=\"widget\" data-e-type=\"widget\" data-widget_type=\"pxl_text_editor.default\">\n\t\t\t\t<div class=\"elementor-widget-container\">\n\t\t\t\t\t<div class=\"pxl-text-editor\">\n\t<div class=\"pxl-item--inner\" data-wow-delay=\"ms\">\n\t\t<h3><strong>\u0136\u012bmiskie rea\u0123enti un vielas: t\u012br\u012bba, dro\u0161\u012bba un uzticama pieg\u0101de<\/strong><\/h3>\t<\/div>\n<\/div>\t\t\t\t<\/div>\n\t\t\t\t<\/div>\n\t\t            <\/div>\r\n        <\/div>\r\n        \t\t\t<\/div>\n\t\t<\/section>\n\t\t        <section class=\"elementor-section elementor-top-section elementor-element elementor-element-b9382e2 elementor-section-boxed elementor-section-height-default elementor-section-height-default pxl-type-header-none pxl-row-scroll-none\" data-id=\"b9382e2\" data-element_type=\"section\" data-e-type=\"section\">\n\n                \n                <div class=\"elementor-container elementor-column-gap-default\">\n                <div class=\"elementor-column elementor-col-100 elementor-top-column elementor-element elementor-element-40e6713 pxl-column-element-default pxl-column-none\" data-id=\"40e6713\" data-element_type=\"column\" data-e-type=\"column\">\r\n        <div class=\"elementor-widget-wrap elementor-element-populated\">\r\n                     \r\n        \t\t<div class=\"elementor-element elementor-element-7a0b4d0 elementor-widget elementor-widget-pxl_text_editor\" data-id=\"7a0b4d0\" data-element_type=\"widget\" data-e-type=\"widget\" data-widget_type=\"pxl_text_editor.default\">\n\t\t\t\t<div class=\"elementor-widget-container\">\n\t\t\t\t\t<div class=\"pxl-text-editor\">\n\t<div class=\"pxl-item--inner\" data-wow-delay=\"ms\">\n\t\t<p>Katras veiksm\u012bgas laboratorijas darb\u012bbas pamat\u0101 ir augstas kvalit\u0101tes \u0137\u012bmiskie rea\u0123enti un vielas. To t\u012br\u012bba, stabilit\u0101te un pieejam\u012bba tie\u0161i ietekm\u0113 p\u0113t\u012bjumu rezult\u0101tus, r\u016bpnieciskos procesus un izgl\u012bt\u012bbas eksperimentus. M\u016bsu misija ir nodro\u0161in\u0101t jums vislab\u0101kos produktus un pakalpojumus, kas atbilst j\u016bsu vajadz\u012bb\u0101m, garant\u0113jot precizit\u0101ti, dro\u0161\u012bbu un efektivit\u0101ti j\u016bsu darb\u0101.<\/p>\t<\/div>\n<\/div>\t\t\t\t<\/div>\n\t\t\t\t<\/div>\n\t\t            <\/div>\r\n        <\/div>\r\n        \t\t\t<\/div>\n\t\t<\/section>\n\t\t        <section class=\"elementor-section elementor-top-section elementor-element elementor-element-848252a elementor-section-boxed elementor-section-height-default elementor-section-height-default pxl-type-header-none pxl-row-scroll-none\" data-id=\"848252a\" data-element_type=\"section\" data-e-type=\"section\">\n\n                \n                <div class=\"elementor-container elementor-column-gap-default\">\n                <div class=\"elementor-column elementor-col-50 elementor-top-column elementor-element elementor-element-f8b73e0 pxl-column-element-default pxl-column-none\" data-id=\"f8b73e0\" data-element_type=\"column\" data-e-type=\"column\">\r\n        <div class=\"elementor-widget-wrap elementor-element-populated\">\r\n                     \r\n        \t\t<div class=\"elementor-element elementor-element-db10561 elementor-widget elementor-widget-image\" data-id=\"db10561\" data-element_type=\"widget\" data-e-type=\"widget\" data-widget_type=\"image.default\">\n\t\t\t\t<div class=\"elementor-widget-container\">\n\t\t\t\t\t\t\t\t\t\t\t\t\t\t\t<img fetchpriority=\"high\" decoding=\"async\" width=\"1024\" height=\"683\" src=\"https:\/\/elementus.lv\/wp-content\/uploads\/2025\/03\/dynamic-reaction-in-chemical-old-school-laboratory-2023-11-27-05-30-15-utc-1024x683.jpg\" class=\"attachment-large size-large wp-image-16381\" alt=\"\" srcset=\"https:\/\/elementus.lv\/wp-content\/uploads\/2025\/03\/dynamic-reaction-in-chemical-old-school-laboratory-2023-11-27-05-30-15-utc-1024x683.jpg 1024w, https:\/\/elementus.lv\/wp-content\/uploads\/2025\/03\/dynamic-reaction-in-chemical-old-school-laboratory-2023-11-27-05-30-15-utc-300x200.jpg 300w, https:\/\/elementus.lv\/wp-content\/uploads\/2025\/03\/dynamic-reaction-in-chemical-old-school-laboratory-2023-11-27-05-30-15-utc-768x512.jpg 768w, https:\/\/elementus.lv\/wp-content\/uploads\/2025\/03\/dynamic-reaction-in-chemical-old-school-laboratory-2023-11-27-05-30-15-utc-1536x1024.jpg 1536w, https:\/\/elementus.lv\/wp-content\/uploads\/2025\/03\/dynamic-reaction-in-chemical-old-school-laboratory-2023-11-27-05-30-15-utc-2048x1365.jpg 2048w, https:\/\/elementus.lv\/wp-content\/uploads\/2025\/03\/dynamic-reaction-in-chemical-old-school-laboratory-2023-11-27-05-30-15-utc-18x12.jpg 18w, https:\/\/elementus.lv\/wp-content\/uploads\/2025\/03\/dynamic-reaction-in-chemical-old-school-laboratory-2023-11-27-05-30-15-utc-1065x710.jpg 1065w, https:\/\/elementus.lv\/wp-content\/uploads\/2025\/03\/dynamic-reaction-in-chemical-old-school-laboratory-2023-11-27-05-30-15-utc-600x400.jpg 600w\" sizes=\"(max-width: 1024px) 100vw, 1024px\" \/>\t\t\t\t\t\t\t\t\t\t\t\t\t\t\t<\/div>\n\t\t\t\t<\/div>\n\t\t            <\/div>\r\n        <\/div>\r\n                <div class=\"elementor-column elementor-col-50 elementor-top-column elementor-element elementor-element-d747efa pxl-column-element-default pxl-column-none\" data-id=\"d747efa\" data-element_type=\"column\" data-e-type=\"column\">\r\n        <div class=\"elementor-widget-wrap elementor-element-populated\">\r\n                     \r\n        \t\t<div class=\"elementor-element elementor-element-d31d0f9 elementor-widget elementor-widget-pxl_text_editor\" data-id=\"d31d0f9\" data-element_type=\"widget\" data-e-type=\"widget\" data-widget_type=\"pxl_text_editor.default\">\n\t\t\t\t<div class=\"elementor-widget-container\">\n\t\t\t\t\t<div class=\"pxl-text-editor\">\n\t<div class=\"pxl-item--inner\" data-wow-delay=\"ms\">\n\t\t<p><strong>T\u012br\u012bba: Precizit\u0101te, kurai varat uztic\u0113ties<\/strong><\/p><p>\u0136\u012bmisko rea\u0123entu t\u012br\u012bba ir kritiski svar\u012bga, lai ieg\u016btu uzticamus un konsekventus rezult\u0101tus. M\u0113s pied\u0101v\u0101jam pla\u0161u \u0137\u012bmisko vielu kl\u0101stu ar sertific\u0113tiem t\u012br\u012bbas l\u012bme\u0146iem, s\u0101kot no anal\u012btiskas t\u012br\u012bbas l\u012bdz ultra augstas t\u012br\u012bbas produktiem, kas atbilst vispras\u012bg\u0101kajiem lietojumiem. Katra partija tiek r\u016bp\u012bgi p\u0101rbaud\u012bta un nodro\u0161in\u0101ta ar atbilst\u012bbas sertifik\u0101tu (COA), garant\u0113jot atbilst\u012bbu starptautiskajiem standartiem.<\/p><p><strong>Der\u012bguma termi\u0146\u0161: Stabilit\u0101te, uz kuru varat pa\u013cauties<\/strong><\/p><p>Pareiza uzglab\u0101\u0161ana un stabilit\u0101te ir b\u016btiska, lai \u0137\u012bmiskie rea\u0123enti saglab\u0101tu efektivit\u0101ti laika gait\u0101. M\u0113s r\u016bp\u012bgi izv\u0113lamies pieg\u0101d\u0101t\u0101jus un produktus, kas atbilst stingriem der\u012bguma termi\u0146a krit\u0113rijiem, nodro\u0161inot, ka j\u016bsu rea\u0123enti darbojas optim\u0101li vis\u0101 to izmanto\u0161anas period\u0101. Ar skaidru mar\u0137\u0113jumu un uzglab\u0101\u0161anas nor\u0101d\u012bjumiem j\u016bs varat b\u016bt p\u0101rliecin\u0101ti par savu \u0137\u012bmisko vielu ilgm\u016b\u017e\u012bbu.<\/p><p><strong>Sertifik\u0101ti: P\u0101rbaud\u012bta kvalit\u0101te un atbilst\u012bba<\/strong><\/p><p>M\u016bsu \u0137\u012bmiskie rea\u0123enti tiek nodro\u0161in\u0101ti ar pla\u0161u dokument\u0101ciju, tostarp COA un materi\u0101lu dro\u0161\u012bbas datu lap\u0101m (MSDS), lai nodro\u0161in\u0101tu caursp\u012bd\u012bbu un izsekojam\u012bbu.<\/p><p>\u00a0<\/p>\t<\/div>\n<\/div>\t\t\t\t<\/div>\n\t\t\t\t<\/div>\n\t\t            <\/div>\r\n        <\/div>\r\n        \t\t\t<\/div>\n\t\t<\/section>\n\t\t        <section class=\"elementor-section elementor-top-section elementor-element elementor-element-dd605a5 elementor-section-boxed elementor-section-height-default elementor-section-height-default pxl-type-header-none pxl-row-scroll-none\" data-id=\"dd605a5\" data-element_type=\"section\" data-e-type=\"section\">\n\n                \n                <div class=\"elementor-container elementor-column-gap-default\">\n                <div class=\"elementor-column elementor-col-50 elementor-top-column elementor-element elementor-element-0592401 pxl-column-element-default pxl-column-none\" data-id=\"0592401\" data-element_type=\"column\" data-e-type=\"column\">\r\n        <div class=\"elementor-widget-wrap elementor-element-populated\">\r\n                     \r\n        \t\t<div class=\"elementor-element elementor-element-49af830 elementor-widget elementor-widget-pxl_text_editor\" data-id=\"49af830\" data-element_type=\"widget\" data-e-type=\"widget\" data-widget_type=\"pxl_text_editor.default\">\n\t\t\t\t<div class=\"elementor-widget-container\">\n\t\t\t\t\t<div class=\"pxl-text-editor\">\n\t<div class=\"pxl-item--inner\" data-wow-delay=\"ms\">\n\t\t<p>Neatkar\u012bgi no t\u0101, vai jums nepiecie\u0161amas \u0137\u012bmisk\u0101s vielas p\u0113tniec\u012bbai, farm\u0101cijas ra\u017eo\u0161anai vai r\u016bpnieciskiem procesiem, m\u016bsu sertifik\u0101ti atbilst normat\u012bvaj\u0101m un kvalit\u0101tes nodro\u0161in\u0101\u0161anas pras\u012bb\u0101m, nodro\u0161inot jums mieru.<\/p><p><strong>Dro\u0161\u012bba: J\u016bsu priorit\u0101te ir ar\u012b m\u016bsu priorit\u0101te<\/strong><\/p><p>Str\u0101d\u0101jot ar \u0137imik\u0101lij\u0101m, ir b\u016btiski iev\u0113rot stingrus dro\u0161\u012bbas protokolus. M\u0113s dodam priek\u0161roku j\u016bsu dro\u0161\u012bbai, nodro\u0161inot detaliz\u0113tas MSDS katram produktam, kur\u0101 aprakst\u012bti iesp\u0113jamie riski, dro\u0161as lieto\u0161anas nor\u0101d\u012bjumi un izn\u012bcin\u0101\u0161anas vadl\u012bnijas. M\u016bsu komanda ir pieejama, lai pal\u012bdz\u0113tu ar jebk\u0101diem jaut\u0101jumiem, nodro\u0161inot, ka j\u016bsu darba vide paliek dro\u0161a un atbilsto\u0161a normat\u012bvajiem aktiem.<\/p>\t<\/div>\n<\/div>\t\t\t\t<\/div>\n\t\t\t\t<\/div>\n\t\t\t\t<div class=\"elementor-element elementor-element-3c3c1c4 elementor-widget elementor-widget-pxl_text_editor\" data-id=\"3c3c1c4\" data-element_type=\"widget\" data-e-type=\"widget\" data-widget_type=\"pxl_text_editor.default\">\n\t\t\t\t<div class=\"elementor-widget-container\">\n\t\t\t\t\t<div class=\"pxl-text-editor\">\n\t<div class=\"pxl-item--inner\" data-wow-delay=\"ms\">\n\t\t<p class=\"\" data-start=\"476\" data-end=\"522\"><strong data-start=\"476\" data-end=\"522\">\u0100tra pieg\u0101de: Produkti, kad tie ir nepiecie\u0161ami<\/strong><\/p><p class=\"\" data-start=\"524\" data-end=\"858\">M\u0113s saprotam, ka kav\u0113\u0161an\u0101s, pieg\u0101d\u0101jot svar\u012bgus rea\u0123entus, var izjaukt j\u016bsu darbu. T\u0101p\u0113c m\u0113s pied\u0101v\u0101jam \u0101trus un uzticamus pieg\u0101des pakalpojumus, nodro\u0161inot, ka j\u016bsu \u0137imik\u0101lijas tiek pieg\u0101d\u0101tas savlaic\u012bgi un optim\u0101l\u0101 st\u0101vokl\u012b. Ar optimiz\u0113tu pieg\u0101des \u0137\u0113di un labi uztur\u0113tu kr\u0101jumu m\u0113s samazin\u0101m gaid\u012b\u0161anas laiku un pal\u012bdzam jums turpin\u0101t projektus saska\u0146\u0101 ar pl\u0101nu.<\/p>\t<\/div>\n<\/div>\t\t\t\t<\/div>\n\t\t\t\t<\/div>\n\t\t            <\/div>\r\n        <\/div>\r\n                <div class=\"elementor-column elementor-col-50 elementor-top-column elementor-element elementor-element-8bcccfd pxl-column-element-default pxl-column-none\" data-id=\"8bcccfd\" data-element_type=\"column\" data-e-type=\"column\">\r\n        <div class=\"elementor-widget-wrap elementor-element-populated\">\r\n                     \r\n        \t\t<div class=\"elementor-element elementor-element-158adb9 elementor-widget elementor-widget-image\" data-id=\"158adb9\" data-element_type=\"widget\" data-e-type=\"widget\" data-widget_type=\"image.default\">\n\t\t\t\t<div class=\"elementor-widget-container\">\n\t\t\t\t\t\t\t\t\t\t\t\t\t\t\t<img decoding=\"async\" width=\"1024\" height=\"683\" src=\"https:\/\/elementus.lv\/wp-content\/uploads\/2025\/03\/chemistry-science-2023-11-27-04-52-48-utc-1024x683.jpg\" class=\"attachment-large size-large wp-image-16382\" alt=\"\" srcset=\"https:\/\/elementus.lv\/wp-content\/uploads\/2025\/03\/chemistry-science-2023-11-27-04-52-48-utc-1024x683.jpg 1024w, https:\/\/elementus.lv\/wp-content\/uploads\/2025\/03\/chemistry-science-2023-11-27-04-52-48-utc-300x200.jpg 300w, https:\/\/elementus.lv\/wp-content\/uploads\/2025\/03\/chemistry-science-2023-11-27-04-52-48-utc-768x512.jpg 768w, https:\/\/elementus.lv\/wp-content\/uploads\/2025\/03\/chemistry-science-2023-11-27-04-52-48-utc-1536x1024.jpg 1536w, https:\/\/elementus.lv\/wp-content\/uploads\/2025\/03\/chemistry-science-2023-11-27-04-52-48-utc-2048x1365.jpg 2048w, https:\/\/elementus.lv\/wp-content\/uploads\/2025\/03\/chemistry-science-2023-11-27-04-52-48-utc-18x12.jpg 18w, https:\/\/elementus.lv\/wp-content\/uploads\/2025\/03\/chemistry-science-2023-11-27-04-52-48-utc-1065x710.jpg 1065w, https:\/\/elementus.lv\/wp-content\/uploads\/2025\/03\/chemistry-science-2023-11-27-04-52-48-utc-600x400.jpg 600w\" sizes=\"(max-width: 1024px) 100vw, 1024px\" \/>\t\t\t\t\t\t\t\t\t\t\t\t\t\t\t<\/div>\n\t\t\t\t<\/div>\n\t\t            <\/div>\r\n        <\/div>\r\n        \t\t\t<\/div>\n\t\t<\/section>\n\t\t        <section class=\"elementor-section elementor-top-section elementor-element elementor-element-474db00 elementor-section-boxed elementor-section-height-default elementor-section-height-default pxl-type-header-none pxl-row-scroll-none\" data-id=\"474db00\" data-element_type=\"section\" data-e-type=\"section\">\n\n                \n                <div class=\"elementor-container elementor-column-gap-default\">\n                <div class=\"elementor-column elementor-col-100 elementor-top-column elementor-element elementor-element-5b0ae0e pxl-column-element-default pxl-column-none\" data-id=\"5b0ae0e\" data-element_type=\"column\" data-e-type=\"column\">\r\n        <div class=\"elementor-widget-wrap elementor-element-populated\">\r\n                     \r\n        \t\t<div class=\"elementor-element elementor-element-f750c26 elementor-widget elementor-widget-pxl_text_editor\" data-id=\"f750c26\" data-element_type=\"widget\" data-e-type=\"widget\" data-widget_type=\"pxl_text_editor.default\">\n\t\t\t\t<div class=\"elementor-widget-container\">\n\t\t\t\t\t<div class=\"pxl-text-editor\">\n\t<div class=\"pxl-item--inner\" data-wow-delay=\"ms\">\n\t\t<p><strong>K\u0101p\u0113c izv\u0113l\u0113ties m\u016bs?<\/strong><\/p><p><strong>Pla\u0161s sortiments:<\/strong> No pamata rea\u0123entiem l\u012bdz specializ\u0113t\u0101m \u0137imik\u0101lij\u0101m \u2013 m\u0113s pied\u0101v\u0101jam visu, kas nepiecie\u0161ams.<\/p><p><strong>Kvalit\u0101tes nodro\u0161in\u0101\u0161ana:<\/strong> Stingra p\u0101rbaude un sertifik\u0101cija nodro\u0161ina konsekventu kvalit\u0101ti.<br \/><strong>Dro\u0161\u012bba pirmaj\u0101 viet\u0101:<\/strong> Visaptvero\u0161a dokument\u0101cija un ekspertu vad\u012bba dro\u0161ai lieto\u0161anai.<br \/><strong>Uzticama pieg\u0101de:<\/strong> \u0100tra pieg\u0101de un r\u016bp\u012bga kr\u0101jumu p\u0101rvald\u012bba.<br \/><strong>Klientu atbalsts:<\/strong> zino\u0161a komanda, ir gatava pal\u012bdz\u0113t katr\u0101 sol\u012b.<\/p>\t<\/div>\n<\/div>\t\t\t\t<\/div>\n\t\t\t\t<\/div>\n\t\t            <\/div>\r\n        <\/div>\r\n        \t\t\t<\/div>\n\t\t<\/section>\n\t\t        <section class=\"elementor-section elementor-top-section elementor-element elementor-element-6a607d7 elementor-section-boxed elementor-section-height-default elementor-section-height-default pxl-type-header-none pxl-row-scroll-none\" data-id=\"6a607d7\" data-element_type=\"section\" data-e-type=\"section\">\n\n                \n                <div class=\"elementor-container elementor-column-gap-default\">\n                <div class=\"elementor-column elementor-col-33 elementor-top-column elementor-element elementor-element-54ffe7e pxl-column-element-default pxl-column-none\" data-id=\"54ffe7e\" data-element_type=\"column\" data-e-type=\"column\">\r\n        <div class=\"elementor-widget-wrap\">\r\n                     \r\n                    <\/div>\r\n        <\/div>\r\n                <div class=\"elementor-column elementor-col-33 elementor-top-column elementor-element elementor-element-e77907e pxl-column-element-default pxl-column-none\" data-id=\"e77907e\" data-element_type=\"column\" data-e-type=\"column\">\r\n        <div class=\"elementor-widget-wrap elementor-element-populated\">\r\n                     \r\n        \t\t<div class=\"elementor-element elementor-element-722a1aa elementor-widget__width-inherit elementor-widget-laptop__width-initial elementor-widget elementor-widget-html\" data-id=\"722a1aa\" data-element_type=\"widget\" data-e-type=\"widget\" data-widget_type=\"html.default\">\n\t\t\t\t<div class=\"elementor-widget-container\">\n\t\t\t\t\t<button id='callaction'><a target='_blank' href='https:\/\/elementus.lv\/lv\/contact\/' style='color:white; font-weight:bold;'>Sazin\u0101ties<\/a><\/button>\t\t\t\t<\/div>\n\t\t\t\t<\/div>\n\t\t            <\/div>\r\n        <\/div>\r\n                <div class=\"elementor-column elementor-col-33 elementor-top-column elementor-element elementor-element-a2228ac pxl-column-element-default pxl-column-none\" data-id=\"a2228ac\" data-element_type=\"column\" data-e-type=\"column\">\r\n        <div class=\"elementor-widget-wrap\">\r\n                     \r\n                    <\/div>\r\n        <\/div>\r\n        \t\t\t<\/div>\n\t\t<\/section>\n\t\t\t\t<\/div>","protected":false},"excerpt":{"rendered":"<p>Reagents Chemical Reagents and Reactives: Purity, Safety, and Reliable Supply At the core of any successful laboratory operation are high-quality chemical reagents and reactives. Their purity, stability, and availability directly impact research outcomes, industrial processes, and educational experiments. Our mission is to provide you with the best products and services to meet your specific needs, [&hellip;]<\/p>\n","protected":false},"author":1,"featured_media":0,"parent":0,"menu_order":0,"comment_status":"closed","ping_status":"closed","template":"","meta":{"footnotes":""},"class_list":["post-13551","page","type-page","status-publish","hentry"],"_links":{"self":[{"href":"https:\/\/elementus.lv\/lv\/wp-json\/wp\/v2\/pages\/13551","targetHints":{"allow":["GET"]}}],"collection":[{"href":"https:\/\/elementus.lv\/lv\/wp-json\/wp\/v2\/pages"}],"about":[{"href":"https:\/\/elementus.lv\/lv\/wp-json\/wp\/v2\/types\/page"}],"author":[{"embeddable":true,"href":"https:\/\/elementus.lv\/lv\/wp-json\/wp\/v2\/users\/1"}],"replies":[{"embeddable":true,"href":"https:\/\/elementus.lv\/lv\/wp-json\/wp\/v2\/comments?post=13551"}],"version-history":[{"count":39,"href":"https:\/\/elementus.lv\/lv\/wp-json\/wp\/v2\/pages\/13551\/revisions"}],"predecessor-version":[{"id":16411,"href":"https:\/\/elementus.lv\/lv\/wp-json\/wp\/v2\/pages\/13551\/revisions\/16411"}],"wp:attachment":[{"href":"https:\/\/elementus.lv\/lv\/wp-json\/wp\/v2\/media?parent=13551"}],"curies":[{"name":"wp","href":"https:\/\/api.w.org\/{rel}","templated":true}]}}