{"id":13553,"date":"2024-12-19T15:36:41","date_gmt":"2024-12-19T15:36:41","guid":{"rendered":"https:\/\/elementus.lv\/?page_id=13553"},"modified":"2025-01-21T18:38:48","modified_gmt":"2025-01-21T18:38:48","slug":"thermal-control","status":"publish","type":"page","link":"https:\/\/elementus.lv\/lv\/thermal-control\/","title":{"rendered":"Temperat\u016bras kontrole"},"content":{"rendered":"<div data-elementor-type=\"wp-page\" data-elementor-id=\"13553\" class=\"elementor elementor-13553\" data-elementor-post-type=\"page\">\n\t\t\t\t        <section class=\"elementor-section elementor-top-section elementor-element elementor-element-dba1e4f elementor-section-boxed elementor-section-height-default elementor-section-height-default pxl-type-header-none pxl-row-scroll-none\" data-id=\"dba1e4f\" data-element_type=\"section\" data-e-type=\"section\">\n\n                \n                <div class=\"elementor-container elementor-column-gap-default\">\n                <div class=\"elementor-column elementor-col-100 elementor-top-column elementor-element elementor-element-6ac2234 pxl-column-element-default pxl-column-none\" data-id=\"6ac2234\" data-element_type=\"column\" data-e-type=\"column\">\r\n        <div class=\"elementor-widget-wrap\">\r\n                     \r\n                    <\/div>\r\n        <\/div>\r\n        \t\t\t<\/div>\n\t\t<\/section>\n\t\t        <section class=\"elementor-section elementor-top-section elementor-element elementor-element-ee43aa1 elementor-section-boxed elementor-section-height-default elementor-section-height-default pxl-type-header-none pxl-row-scroll-none\" data-id=\"ee43aa1\" data-element_type=\"section\" data-e-type=\"section\" data-settings=\"{&quot;background_background&quot;:&quot;classic&quot;}\">\n\n                            <div class=\"elementor-background-overlay\"><\/div>\n            \n                <div class=\"elementor-container elementor-column-gap-default\">\n                <div class=\"elementor-column elementor-col-100 elementor-top-column elementor-element elementor-element-8fb81e3 pxl-column-element-default pxl-column-none\" data-id=\"8fb81e3\" data-element_type=\"column\" data-e-type=\"column\">\r\n        <div class=\"elementor-widget-wrap elementor-element-populated\">\r\n                     \r\n        \t\t<div class=\"elementor-element elementor-element-6715460 elementor-widget elementor-widget-pxl_heading\" data-id=\"6715460\" data-element_type=\"widget\" data-e-type=\"widget\" data-widget_type=\"pxl_heading.default\">\n\t\t\t\t<div class=\"elementor-widget-container\">\n\t\t\t\t\t<div class=\"pxl-heading\">\n\t<div class=\"pxl-heading--inner\">\n\t\t\t\t<h3 class=\"pxl-item--title\" data-wow-delay=\"ms\">\n\t\t\tTemperat\u016bras kontrole\t\t\n\t\t<\/h3>\n\t\t\t<\/div>\n<\/div>\t\t\t\t<\/div>\n\t\t\t\t<\/div>\n\t\t            <\/div>\r\n        <\/div>\r\n        \t\t\t<\/div>\n\t\t<\/section>\n\t\t        <section class=\"elementor-section elementor-top-section elementor-element elementor-element-fa5cf5e elementor-section-boxed elementor-section-height-default elementor-section-height-default pxl-type-header-none pxl-row-scroll-none\" data-id=\"fa5cf5e\" data-element_type=\"section\" data-e-type=\"section\">\n\n                \n                <div class=\"elementor-container elementor-column-gap-default\">\n                <div class=\"elementor-column elementor-col-50 elementor-top-column elementor-element elementor-element-390a892 pxl-column-element-default pxl-column-none\" data-id=\"390a892\" data-element_type=\"column\" data-e-type=\"column\">\r\n        <div class=\"elementor-widget-wrap elementor-element-populated\">\r\n                     \r\n        \t\t<div class=\"elementor-element elementor-element-d8dc243 elementor-widget elementor-widget-pxl_text_editor\" data-id=\"d8dc243\" data-element_type=\"widget\" data-e-type=\"widget\" data-widget_type=\"pxl_text_editor.default\">\n\t\t\t\t<div class=\"elementor-widget-container\">\n\t\t\t\t\t<div class=\"pxl-text-editor\">\n\t<div class=\"pxl-item--inner\" data-wow-delay=\"ms\">\n\t\t<h3><strong>Temperat\u016bras kontrole farm\u0101cijas laboratorij\u0101s: Precizit\u0101tes un kvalit\u0101tes atsl\u0113ga<\/strong><\/h3>\t<\/div>\n<\/div>\t\t\t\t<\/div>\n\t\t\t\t<\/div>\n\t\t            <\/div>\r\n        <\/div>\r\n                <div class=\"elementor-column elementor-col-50 elementor-top-column elementor-element elementor-element-308c83f pxl-column-element-default pxl-column-none\" data-id=\"308c83f\" data-element_type=\"column\" data-e-type=\"column\">\r\n        <div class=\"elementor-widget-wrap elementor-element-populated\">\r\n                     \r\n        \t\t<div class=\"elementor-element elementor-element-bacbe24 elementor-widget__width-initial elementor-widget elementor-widget-pxl_image\" data-id=\"bacbe24\" data-element_type=\"widget\" data-e-type=\"widget\" data-widget_type=\"pxl_image.default\">\n\t\t\t\t<div class=\"elementor-widget-container\">\n\t\t\t\t\t<div class=\"pxl-image-single\" data-wow-delay=\"ms\">\r\n                                        <div class=\"pxl-item--inner\">\r\n                    <a href=\" https:\/\/www.huber-online.com\/en\/\" target=\"_blank\">                        <img fetchpriority=\"high\" decoding=\"async\" width=\"450\" height=\"112\" src=\"https:\/\/elementus.lv\/wp-content\/uploads\/2025\/01\/logo-2.png\" class=\"no-lazyload attachment-full\" alt=\"\" srcset=\"https:\/\/elementus.lv\/wp-content\/uploads\/2025\/01\/logo-2.png 450w, https:\/\/elementus.lv\/wp-content\/uploads\/2025\/01\/logo-2-300x75.png 300w\" sizes=\"(max-width: 450px) 100vw, 450px\" \/>                    <\/a>                <\/div>\r\n                        <\/div>\t\t\t\t<\/div>\n\t\t\t\t<\/div>\n\t\t            <\/div>\r\n        <\/div>\r\n        \t\t\t<\/div>\n\t\t<\/section>\n\t\t        <section class=\"elementor-section elementor-top-section elementor-element elementor-element-9075f2e elementor-section-boxed elementor-section-height-default elementor-section-height-default pxl-type-header-none pxl-row-scroll-none\" data-id=\"9075f2e\" data-element_type=\"section\" data-e-type=\"section\">\n\n                \n                <div class=\"elementor-container elementor-column-gap-default\">\n                <div class=\"elementor-column elementor-col-100 elementor-top-column elementor-element elementor-element-1fefb53 pxl-column-element-default pxl-column-none\" data-id=\"1fefb53\" data-element_type=\"column\" data-e-type=\"column\">\r\n        <div class=\"elementor-widget-wrap elementor-element-populated\">\r\n                     \r\n        \t\t<div class=\"elementor-element elementor-element-1a57c50 elementor-widget elementor-widget-pxl_text_editor\" data-id=\"1a57c50\" data-element_type=\"widget\" data-e-type=\"widget\" data-widget_type=\"pxl_text_editor.default\">\n\t\t\t\t<div class=\"elementor-widget-container\">\n\t\t\t\t\t<div class=\"pxl-text-editor\">\n\t<div class=\"pxl-item--inner\" data-wow-delay=\"ms\">\n\t\t<p>Temperat\u016bras kontrole ir viens no b\u016btisk\u0101kajiem faktoriem, kas ietekm\u0113 farm\u0101cijas laboratorij\u0101s notieko\u0161o procesu pan\u0101kumus. P\u0113t\u012bjumu un ra\u017eo\u0161anas rezult\u0101tu precizit\u0101te, reproduc\u0113jam\u012bba un dro\u0161\u012bba ir liel\u0101 m\u0113r\u0101 atkar\u012bga no vajadz\u012bg\u0101s temperat\u016bras uztur\u0113\u0161anas. Lai to pan\u0101ktu, laboratorij\u0101s izmanto specializ\u0113tas iek\u0101rtas, piem\u0113ram, termostatus, dzes\u0113t\u0101jus un sild\u012bt\u0101jus.<\/p><p><strong>Temperat\u016bras kontroles noz\u012bme<\/strong><\/p><p>Farmaceitiskajiem procesiem, piem\u0113ram, sint\u0113zei, ekstrakcijai, anal\u012bzei un uzglab\u0101\u0161anai, nepiecie\u0161ama stingra temperat\u016bras kontrole, lai:<\/p><ul><li><strong>Nodro\u0161in\u0101t vielas stabilit\u0101ti<\/strong>: Daudzas akt\u012bv\u0101s farmaceitisk\u0101s vielas ir jut\u012bgas pret temperat\u016bras sv\u0101rst\u012bb\u0101m.<\/li><li><strong>Uzlabot anal\u012btisko precizit\u0101ti<\/strong>: Lai ieg\u016btu ticamus rezult\u0101tus, \u0137\u012bmiskaj\u0101m reakcij\u0101m un test\u0113\u0161anai nepiecie\u0161ami prec\u012bzi temperat\u016bras apst\u0101k\u013ci.<\/li><li><strong>Atbilst normat\u012bvaj\u0101m pras\u012bb\u0101m<\/strong>: Starptautiskie standarti, piem\u0113ram, GMP (Laba ra\u017eo\u0161anas prakse) un GLP (Laba laboratorijas prakse), paredz stabilus laboratorijas apst\u0101k\u013cus.<\/li><\/ul>\t<\/div>\n<\/div>\t\t\t\t<\/div>\n\t\t\t\t<\/div>\n\t\t            <\/div>\r\n        <\/div>\r\n        \t\t\t<\/div>\n\t\t<\/section>\n\t\t        <section class=\"elementor-section elementor-top-section elementor-element elementor-element-92e4c5a elementor-section-boxed elementor-section-height-default elementor-section-height-default pxl-type-header-none pxl-row-scroll-none\" data-id=\"92e4c5a\" data-element_type=\"section\" data-e-type=\"section\">\n\n                \n                <div class=\"elementor-container elementor-column-gap-default\">\n                <div class=\"elementor-column elementor-col-50 elementor-top-column elementor-element elementor-element-2efab28 pxl-column-element-default pxl-column-none\" data-id=\"2efab28\" data-element_type=\"column\" data-e-type=\"column\">\r\n        <div class=\"elementor-widget-wrap elementor-element-populated\">\r\n                     \r\n        \t\t<div class=\"elementor-element elementor-element-5e81507 elementor-widget-laptop__width-initial elementor-widget elementor-widget-pxl_text_editor\" data-id=\"5e81507\" data-element_type=\"widget\" data-e-type=\"widget\" data-widget_type=\"pxl_text_editor.default\">\n\t\t\t\t<div class=\"elementor-widget-container\">\n\t\t\t\t\t<div class=\"pxl-text-editor\">\n\t<div class=\"pxl-item--inner\" data-wow-delay=\"ms\">\n\t\t<p><strong>Temperat\u016bras kontroles iek\u0101rtas<\/strong><\/p><p><strong>Termostati<br \/><\/strong>Termostati uztur stabilu temperat\u016bru diapazon\u0101 no dzes\u0113\u0161anas l\u012bdz sild\u012b\u0161anai.<\/p><ul><li><strong>\u016adens vannas<\/strong>: Ide\u0101li piem\u0113rots m\u0113\u0123en\u012b\u0161u, paraugu vai \u0161\u0137\u012bdumu inkub\u0113\u0161anai nemain\u012bg\u0101 temperat\u016br\u0101.<\/li><li><strong>Cirkul\u0101cijas termostati<\/strong>: Nodro\u0161ina vienm\u0113r\u012bgu temperat\u016bras sadal\u012bjumu sl\u0113gt\u0101 sist\u0113m\u0101, ko parasti izmanto \u0137\u012bmiskajos reaktoros un analizatoros.<\/li><\/ul><p><strong>Dzes\u0113\u0161anas iek\u0101rtas<br \/><\/strong>Dzesin\u0101t\u0101jus izmanto procesos, kuros nepiecie\u0161ama zemas temperat\u016bras uztur\u0113\u0161ana vai siltuma atdal\u012b\u0161ana.<\/p><ul><li><strong>Recirkul\u0101cijas dzes\u0113t\u0101ji<\/strong>: Nepiecie\u0161ams laboratorijas iek\u0101rtu, tostarp spektrometru un reaktoru, dzes\u0113\u0161anai.<\/li><li><strong>\u0100tr\u0101s sasald\u0113\u0161anas iek\u0101rtas<\/strong>: \u013boti svar\u012bgi biolo\u0123isko paraugu, piem\u0113ram, serumu un vakc\u012bnu, uzglab\u0101\u0161anai.<\/li><\/ul><p><strong>Sild\u012bt\u0101ji<br \/><\/strong>Sild\u012bt\u0101ji nodro\u0161ina uzticamu temperat\u016bras paaugstin\u0101\u0161anu da\u017e\u0101dos procesos.<\/p><ul><li><strong>Karst\u0101s pl\u0101tnes un sildelementi<\/strong>: Piem\u0113rots darbam ar rea\u0123entiem vai paraugiem, kuriem nepiecie\u0161ama apstr\u0101de augst\u0101 temperat\u016br\u0101.<\/li><li><strong>Laboratorijas kr\u0101snis<\/strong>: Izmanto materi\u0101lu \u017e\u0101v\u0113\u0161anai, steriliz\u0101cijai vai termiskai apstr\u0101dei.<\/li><\/ul>\t<\/div>\n<\/div>\t\t\t\t<\/div>\n\t\t\t\t<\/div>\n\t\t            <\/div>\r\n        <\/div>\r\n                <div class=\"elementor-column elementor-col-50 elementor-top-column elementor-element elementor-element-19f8f89 pxl-column-element-default pxl-column-none\" data-id=\"19f8f89\" data-element_type=\"column\" data-e-type=\"column\">\r\n        <div class=\"elementor-widget-wrap elementor-element-populated\">\r\n                     \r\n        \t\t<div class=\"elementor-element elementor-element-7d7e9b8 elementor-widget-laptop__width-initial elementor-widget elementor-widget-image\" data-id=\"7d7e9b8\" data-element_type=\"widget\" data-e-type=\"widget\" data-widget_type=\"image.default\">\n\t\t\t\t<div class=\"elementor-widget-container\">\n\t\t\t\t\t\t\t\t\t\t\t\t\t\t\t<img decoding=\"async\" width=\"683\" height=\"1024\" src=\"https:\/\/elementus.lv\/wp-content\/uploads\/2025\/01\/Huber_Unichiller-500Tw_3030.0011.01-683x1024.jpg\" class=\"attachment-large size-large wp-image-14867\" alt=\"\" srcset=\"https:\/\/elementus.lv\/wp-content\/uploads\/2025\/01\/Huber_Unichiller-500Tw_3030.0011.01-683x1024.jpg 683w, https:\/\/elementus.lv\/wp-content\/uploads\/2025\/01\/Huber_Unichiller-500Tw_3030.0011.01-200x300.jpg 200w, https:\/\/elementus.lv\/wp-content\/uploads\/2025\/01\/Huber_Unichiller-500Tw_3030.0011.01-768x1151.jpg 768w, https:\/\/elementus.lv\/wp-content\/uploads\/2025\/01\/Huber_Unichiller-500Tw_3030.0011.01-1025x1536.jpg 1025w, https:\/\/elementus.lv\/wp-content\/uploads\/2025\/01\/Huber_Unichiller-500Tw_3030.0011.01-1366x2048.jpg 1366w, https:\/\/elementus.lv\/wp-content\/uploads\/2025\/01\/Huber_Unichiller-500Tw_3030.0011.01-474x710.jpg 474w, https:\/\/elementus.lv\/wp-content\/uploads\/2025\/01\/Huber_Unichiller-500Tw_3030.0011.01-600x899.jpg 600w, https:\/\/elementus.lv\/wp-content\/uploads\/2025\/01\/Huber_Unichiller-500Tw_3030.0011.01-scaled.jpg 1708w\" sizes=\"(max-width: 683px) 100vw, 683px\" \/>\t\t\t\t\t\t\t\t\t\t\t\t\t\t\t<\/div>\n\t\t\t\t<\/div>\n\t\t            <\/div>\r\n        <\/div>\r\n        \t\t\t<\/div>\n\t\t<\/section>\n\t\t        <section class=\"elementor-section elementor-top-section elementor-element elementor-element-91e1de9 elementor-section-boxed elementor-section-height-default elementor-section-height-default pxl-type-header-none pxl-row-scroll-none\" data-id=\"91e1de9\" data-element_type=\"section\" data-e-type=\"section\">\n\n                \n                <div class=\"elementor-container elementor-column-gap-default\">\n                <div class=\"elementor-column elementor-col-100 elementor-top-column elementor-element elementor-element-cfa6f66 pxl-column-element-default pxl-column-none\" data-id=\"cfa6f66\" data-element_type=\"column\" data-e-type=\"column\">\r\n        <div class=\"elementor-widget-wrap elementor-element-populated\">\r\n                     \r\n        \t\t<div class=\"elementor-element elementor-element-de1b78a elementor-widget elementor-widget-pxl_text_editor\" data-id=\"de1b78a\" data-element_type=\"widget\" data-e-type=\"widget\" data-widget_type=\"pxl_text_editor.default\">\n\t\t\t\t<div class=\"elementor-widget-container\">\n\t\t\t\t\t<div class=\"pxl-text-editor\">\n\t<div class=\"pxl-item--inner\" data-wow-delay=\"ms\">\n\t\t<p><strong>Galvenie faktori, izv\u0113loties apr\u012bkojumu<br \/><\/strong>Izv\u0113loties termostatus, dzes\u0113t\u0101jus vai sild\u012bt\u0101jus farm\u0101cijas laboratorij\u0101m, \u0146emiet v\u0113r\u0101:<\/p><ul><li><strong>Uzlabot anal\u012btisko precizit\u0101ti<\/strong>: Lai ieg\u016btu ticamus rezult\u0101tus, \u0137\u012bmiskaj\u0101m reakcij\u0101m un test\u0113\u0161anai nepiecie\u0161ami prec\u012bzi temperat\u016bras apst\u0101k\u013ci.<\/li><li><strong>Atbilst normat\u012bvaj\u0101m pras\u012bb\u0101m<\/strong>: Starptautiskie standarti, piem\u0113ram, GMP (Laba ra\u017eo\u0161anas prakse) un GLP (Laba laboratorijas prakse), paredz stabilus laboratorijas apst\u0101k\u013cus.<\/li><\/ul><p><strong>Temperat\u016bras kontroles iek\u0101rtas<\/strong><\/p><p><strong> Termostati<br \/><\/strong>Termostati uztur stabilu temperat\u016bru diapazon\u0101 no dzes\u0113\u0161anas l\u012bdz sild\u012b\u0161anai.<\/p><ul><li><strong>\u016adens vannas<\/strong>: Ide\u0101li piem\u0113rots m\u0113\u0123en\u012b\u0161u, paraugu vai \u0161\u0137\u012bdumu inkub\u0113\u0161anai nemain\u012bg\u0101 temperat\u016br\u0101.<\/li><li><strong>Cirkul\u0101cijas termostati<\/strong>: Nodro\u0161ina vienm\u0113r\u012bgu temperat\u016bras sadal\u012bjumu sl\u0113gt\u0101 sist\u0113m\u0101, ko parasti izmanto \u0137\u012bmiskajos reaktoros un analizatoros.<\/li><\/ul>\t<\/div>\n<\/div>\t\t\t\t<\/div>\n\t\t\t\t<\/div>\n\t\t            <\/div>\r\n        <\/div>\r\n        \t\t\t<\/div>\n\t\t<\/section>\n\t\t        <section class=\"elementor-section elementor-top-section elementor-element elementor-element-ee4dc8a elementor-section-boxed elementor-section-height-default elementor-section-height-default pxl-type-header-none pxl-row-scroll-none\" data-id=\"ee4dc8a\" data-element_type=\"section\" data-e-type=\"section\">\n\n                \n                <div class=\"elementor-container elementor-column-gap-default\">\n                <div class=\"elementor-column elementor-col-50 elementor-top-column elementor-element elementor-element-ff1d3e1 pxl-column-element-default pxl-column-none\" data-id=\"ff1d3e1\" data-element_type=\"column\" data-e-type=\"column\">\r\n        <div class=\"elementor-widget-wrap elementor-element-populated\">\r\n                     \r\n        \t\t<div class=\"elementor-element elementor-element-586c952 elementor-widget elementor-widget-image\" data-id=\"586c952\" data-element_type=\"widget\" data-e-type=\"widget\" data-widget_type=\"image.default\">\n\t\t\t\t<div class=\"elementor-widget-container\">\n\t\t\t\t\t\t\t\t\t\t\t\t\t\t\t<img decoding=\"async\" width=\"815\" height=\"1024\" src=\"https:\/\/elementus.lv\/wp-content\/uploads\/2024\/12\/Huber_Group_KISS-CC-K6_grau-mit-Reaktor1-815x1024.jpg\" class=\"attachment-large size-large wp-image-13558\" alt=\"\" srcset=\"https:\/\/elementus.lv\/wp-content\/uploads\/2024\/12\/Huber_Group_KISS-CC-K6_grau-mit-Reaktor1-815x1024.jpg 815w, https:\/\/elementus.lv\/wp-content\/uploads\/2024\/12\/Huber_Group_KISS-CC-K6_grau-mit-Reaktor1-239x300.jpg 239w, https:\/\/elementus.lv\/wp-content\/uploads\/2024\/12\/Huber_Group_KISS-CC-K6_grau-mit-Reaktor1-768x965.jpg 768w, https:\/\/elementus.lv\/wp-content\/uploads\/2024\/12\/Huber_Group_KISS-CC-K6_grau-mit-Reaktor1-1223x1536.jpg 1223w, https:\/\/elementus.lv\/wp-content\/uploads\/2024\/12\/Huber_Group_KISS-CC-K6_grau-mit-Reaktor1-1630x2048.jpg 1630w, https:\/\/elementus.lv\/wp-content\/uploads\/2024\/12\/Huber_Group_KISS-CC-K6_grau-mit-Reaktor1-565x710.jpg 565w, https:\/\/elementus.lv\/wp-content\/uploads\/2024\/12\/Huber_Group_KISS-CC-K6_grau-mit-Reaktor1-600x754.jpg 600w, https:\/\/elementus.lv\/wp-content\/uploads\/2024\/12\/Huber_Group_KISS-CC-K6_grau-mit-Reaktor1-scaled.jpg 2038w\" sizes=\"(max-width: 815px) 100vw, 815px\" \/>\t\t\t\t\t\t\t\t\t\t\t\t\t\t\t<\/div>\n\t\t\t\t<\/div>\n\t\t            <\/div>\r\n        <\/div>\r\n                <div class=\"elementor-column elementor-col-50 elementor-top-column elementor-element elementor-element-f76718a pxl-column-element-default pxl-column-none\" data-id=\"f76718a\" data-element_type=\"column\" data-e-type=\"column\">\r\n        <div class=\"elementor-widget-wrap elementor-element-populated\">\r\n                     \r\n        \t\t<div class=\"elementor-element elementor-element-531e143 elementor-widget-laptop__width-initial elementor-widget elementor-widget-pxl_text_editor\" data-id=\"531e143\" data-element_type=\"widget\" data-e-type=\"widget\" data-widget_type=\"pxl_text_editor.default\">\n\t\t\t\t<div class=\"elementor-widget-container\">\n\t\t\t\t\t<div class=\"pxl-text-editor\">\n\t<div class=\"pxl-item--inner\" data-wow-delay=\"ms\">\n\t\t<p><strong>Temperat\u016bras kontroles lietojumi<\/strong><\/p><ul><li><strong>Z\u0101\u013cu stabilit\u0101tes test\u0113\u0161ana<\/strong>: Inkubatori un dzes\u0113t\u0101ji pal\u012bdz p\u0113t\u012bt, k\u0101 farmaceitiskie l\u012bdzek\u013ci rea\u0123\u0113 uz temperat\u016bras izmai\u0146\u0101m.<\/li><li><strong>\u0136\u012bmisk\u0101 sint\u0113ze<\/strong>: Termostati un sild\u012bt\u0101ji nodro\u0161ina optim\u0101lus apst\u0101k\u013cus reakcij\u0101m.<\/li><li><strong>Biolo\u0123isko materi\u0101lu uzglab\u0101\u0161ana<\/strong>: Aukstumiek\u0101rtas uztur paraugus dzi\u013ci sasald\u0113tos apst\u0101k\u013cos.<\/li><\/ul><p><strong>K\u0101p\u0113c ir svar\u012bga temperat\u016bras kontrole?<\/strong><\/p><p>Prec\u012bzu temperat\u016bras apst\u0101k\u013cu uztur\u0113\u0161ana ir dro\u0161as un efekt\u012bvas z\u0101\u013cu ra\u017eo\u0161anas pamats. Pat nelielas novirzes var main\u012bt z\u0101\u013cu \u0137\u012bmisko strukt\u016bru, samazin\u0101t to efektivit\u0101ti vai saboj\u0101t t\u0101s.<\/p><p>Temperat\u016bras kontrole ir b\u016btiska pras\u012bba farm\u0101cijas laboratorij\u0101m, kas iev\u0113ro augstas kvalit\u0101tes standartus. Izv\u0113loties uzticamu apr\u012bkojumu, piem\u0113ram, termostatus, dzes\u0113t\u0101jus un sild\u012bt\u0101jus, tiek nodro\u0161in\u0101ti stabili apst\u0101k\u013ci p\u0113tniec\u012bbai un ra\u017eo\u0161anai, l\u012bdz minimumam samazin\u0101ts risks un uzlabota procesu efektivit\u0101te.<\/p><p>Ieguldot modern\u0101s temperat\u016bras kontroles iek\u0101rt\u0101s, farm\u0101cijas laboratorijas ieg\u016bst nepiecie\u0161amos l\u012bdzek\u013cus, lai pan\u0101ktu precizit\u0101ti, uzticam\u012bbu un atbilst\u012bbu starptautiskajiem standartiem.<\/p>\t<\/div>\n<\/div>\t\t\t\t<\/div>\n\t\t\t\t<\/div>\n\t\t            <\/div>\r\n        <\/div>\r\n        \t\t\t<\/div>\n\t\t<\/section>\n\t\t        <section class=\"elementor-section elementor-top-section elementor-element elementor-element-95e75ba elementor-section-boxed elementor-section-height-default elementor-section-height-default pxl-type-header-none pxl-row-scroll-none\" data-id=\"95e75ba\" data-element_type=\"section\" data-e-type=\"section\">\n\n                \n                <div class=\"elementor-container elementor-column-gap-default\">\n                <div class=\"elementor-column elementor-col-33 elementor-top-column elementor-element elementor-element-62e1d3d pxl-column-element-default pxl-column-none\" data-id=\"62e1d3d\" data-element_type=\"column\" data-e-type=\"column\">\r\n        <div class=\"elementor-widget-wrap\">\r\n                     \r\n                    <\/div>\r\n        <\/div>\r\n                <div class=\"elementor-column elementor-col-33 elementor-top-column elementor-element elementor-element-d420ef0 pxl-column-element-default pxl-column-none\" data-id=\"d420ef0\" data-element_type=\"column\" data-e-type=\"column\">\r\n        <div class=\"elementor-widget-wrap elementor-element-populated\">\r\n                     \r\n        \t\t<div class=\"elementor-element elementor-element-078ed6d elementor-widget__width-inherit elementor-widget-laptop__width-initial balance-prod-cards elementor-widget elementor-widget-pxl_showcase\" data-id=\"078ed6d\" data-element_type=\"widget\" data-e-type=\"widget\" data-widget_type=\"pxl_showcase.default\">\n\t\t\t\t<div class=\"elementor-widget-container\">\n\t\t\t\t\t<div class=\"pxl-showcase layout1\" data-wow-delay=\"ms\">\r\n    <div class=\"inner-box item-normarl\">\r\n        <div class=\"item-feature\">\r\n            <img loading=\"lazy\" decoding=\"async\" width=\"450\" height=\"112\" src=\"https:\/\/elementus.lv\/wp-content\/uploads\/2024\/12\/Logo-2.png\" class=\"attachment-full\" alt=\"\" srcset=\"https:\/\/elementus.lv\/wp-content\/uploads\/2024\/12\/Logo-2.png 450w, https:\/\/elementus.lv\/wp-content\/uploads\/2024\/12\/Logo-2-300x75.png 300w\" sizes=\"(max-width: 450px) 100vw, 450px\" \/>            <div class=\"pxl-item-links\">\r\n                                    <a class=\"link-1\" href=\"https:\/\/elementus.lv\/wp-content\/uploads\/2024\/12\/Huber_Katalog_2024-2025_EN.pdf\" target=\"_blank\">\r\n                        <span>Huber katalogs<\/span>\r\n                    <\/a>\r\n                                                    <a class=\"link-2\" href=\"https:\/\/elementus.lv\/wp-content\/uploads\/2024\/12\/Huber_Katalog_2024-2025_EN.pdf\">\r\n                        <span><\/span>\r\n                    <\/a>\r\n                            <\/div>\r\n        <\/div>\r\n        <h3 class=\"item-title\">\r\n            <a href=\"https:\/\/elementus.lv\/wp-content\/uploads\/2024\/12\/novAA800-1.pdf\" target=\"_blank\">                Huber            <\/a>                    <\/h3>\r\n    <\/div>\r\n<\/div>\t\t\t\t<\/div>\n\t\t\t\t<\/div>\n\t\t\t\t<div class=\"elementor-element elementor-element-465c97f elementor-align-center elementor-widget-laptop__width-initial elementor-widget__width-inherit elementor-widget elementor-widget-button\" data-id=\"465c97f\" data-element_type=\"widget\" data-e-type=\"widget\" data-widget_type=\"button.default\">\n\t\t\t\t<div class=\"elementor-widget-container\">\n\t\t\t\t\t\t\t\t\t<div class=\"elementor-button-wrapper\">\n\t\t\t\t\t<a class=\"elementor-button elementor-button-link elementor-size-sm\" href=\"https:\/\/elementus.lv\/wp-content\/uploads\/2024\/12\/Huber_Katalog_2024-2025_EN.pdf?dl=1\" download=\"Huber_Katalog_2024-2025_EN.pdf\">\n\t\t\t\t\t\t<span class=\"elementor-button-content-wrapper\">\n\t\t\t\t\t\t\t\t\t<span class=\"elementor-button-text\">Lejupiel\u0101d\u0113t katalogu<\/span>\n\t\t\t\t\t<\/span>\n\t\t\t\t\t<\/a>\n\t\t\t\t<\/div>\n\t\t\t\t\t\t\t\t<\/div>\n\t\t\t\t<\/div>\n\t\t            <\/div>\r\n        <\/div>\r\n                <div class=\"elementor-column elementor-col-33 elementor-top-column elementor-element elementor-element-fcefc10 pxl-column-element-default pxl-column-none\" data-id=\"fcefc10\" data-element_type=\"column\" data-e-type=\"column\">\r\n        <div class=\"elementor-widget-wrap\">\r\n                     \r\n                    <\/div>\r\n        <\/div>\r\n        \t\t\t<\/div>\n\t\t<\/section>\n\t\t\t\t<\/div>","protected":false},"excerpt":{"rendered":"<p>Thermal Control Temperature Control in Pharmaceutical Laboratories: A Key to Accuracy and Quality Temperature control is one of the most critical factors influencing the success of processes in pharmaceutical laboratories. The precision, reproducibility, and safety of research and production results depend heavily on maintaining the required temperature conditions. To achieve this, laboratories utilize specialized equipment [&hellip;]<\/p>\n","protected":false},"author":1,"featured_media":0,"parent":0,"menu_order":0,"comment_status":"closed","ping_status":"closed","template":"","meta":{"footnotes":""},"class_list":["post-13553","page","type-page","status-publish","hentry"],"_links":{"self":[{"href":"https:\/\/elementus.lv\/lv\/wp-json\/wp\/v2\/pages\/13553","targetHints":{"allow":["GET"]}}],"collection":[{"href":"https:\/\/elementus.lv\/lv\/wp-json\/wp\/v2\/pages"}],"about":[{"href":"https:\/\/elementus.lv\/lv\/wp-json\/wp\/v2\/types\/page"}],"author":[{"embeddable":true,"href":"https:\/\/elementus.lv\/lv\/wp-json\/wp\/v2\/users\/1"}],"replies":[{"embeddable":true,"href":"https:\/\/elementus.lv\/lv\/wp-json\/wp\/v2\/comments?post=13553"}],"version-history":[{"count":68,"href":"https:\/\/elementus.lv\/lv\/wp-json\/wp\/v2\/pages\/13553\/revisions"}],"predecessor-version":[{"id":15432,"href":"https:\/\/elementus.lv\/lv\/wp-json\/wp\/v2\/pages\/13553\/revisions\/15432"}],"wp:attachment":[{"href":"https:\/\/elementus.lv\/lv\/wp-json\/wp\/v2\/media?parent=13553"}],"curies":[{"name":"wp","href":"https:\/\/api.w.org\/{rel}","templated":true}]}}