{"id":13602,"date":"2024-12-19T23:50:37","date_gmt":"2024-12-19T23:50:37","guid":{"rendered":"https:\/\/elementus.lv\/?page_id=13602"},"modified":"2025-02-18T11:57:20","modified_gmt":"2025-02-18T11:57:20","slug":"mercur-analyzers","status":"publish","type":"page","link":"https:\/\/elementus.lv\/lv\/mercur-analyzers\/","title":{"rendered":"Dz\u012bvsudraba analizatori"},"content":{"rendered":"<div data-elementor-type=\"wp-page\" data-elementor-id=\"13602\" class=\"elementor elementor-13602\" data-elementor-post-type=\"page\">\n\t\t\t\t        <section class=\"elementor-section elementor-top-section elementor-element elementor-element-8100dc6 elementor-section-boxed elementor-section-height-default elementor-section-height-default pxl-type-header-none pxl-row-scroll-none\" data-id=\"8100dc6\" data-element_type=\"section\" data-e-type=\"section\">\n\n                \n                <div class=\"elementor-container elementor-column-gap-default\">\n                <div class=\"elementor-column elementor-col-100 elementor-top-column elementor-element elementor-element-f0fb24b pxl-column-element-default pxl-column-none\" data-id=\"f0fb24b\" data-element_type=\"column\" data-e-type=\"column\">\r\n        <div class=\"elementor-widget-wrap\">\r\n                     \r\n                    <\/div>\r\n        <\/div>\r\n        \t\t\t<\/div>\n\t\t<\/section>\n\t\t        <section class=\"elementor-section elementor-top-section elementor-element elementor-element-4baa74b elementor-section-boxed elementor-section-height-default elementor-section-height-default pxl-type-header-none pxl-row-scroll-none\" data-id=\"4baa74b\" data-element_type=\"section\" data-e-type=\"section\" data-settings=\"{&quot;background_background&quot;:&quot;classic&quot;}\">\n\n                            <div class=\"elementor-background-overlay\"><\/div>\n            \n                <div class=\"elementor-container elementor-column-gap-default\">\n                <div class=\"elementor-column elementor-col-100 elementor-top-column elementor-element elementor-element-cb6a1fd pxl-column-element-default pxl-column-none\" data-id=\"cb6a1fd\" data-element_type=\"column\" data-e-type=\"column\">\r\n        <div class=\"elementor-widget-wrap elementor-element-populated\">\r\n                     \r\n        \t\t<div class=\"elementor-element elementor-element-e40efac elementor-widget elementor-widget-pxl_heading\" data-id=\"e40efac\" data-element_type=\"widget\" data-e-type=\"widget\" data-widget_type=\"pxl_heading.default\">\n\t\t\t\t<div class=\"elementor-widget-container\">\n\t\t\t\t\t<div class=\"pxl-heading\">\n\t<div class=\"pxl-heading--inner\">\n\t\t\t\t<h3 class=\"pxl-item--title\" data-wow-delay=\"ms\">\n\t\t\tDz\u012bvsudraba analizatori\t\t\n\t\t<\/h3>\n\t\t\t<\/div>\n<\/div>\t\t\t\t<\/div>\n\t\t\t\t<\/div>\n\t\t            <\/div>\r\n        <\/div>\r\n        \t\t\t<\/div>\n\t\t<\/section>\n\t\t        <section class=\"elementor-section elementor-top-section elementor-element elementor-element-682916a elementor-section-boxed elementor-section-height-default elementor-section-height-default pxl-type-header-none pxl-row-scroll-none\" data-id=\"682916a\" data-element_type=\"section\" data-e-type=\"section\">\n\n                \n                <div class=\"elementor-container elementor-column-gap-default\">\n                <div class=\"elementor-column elementor-col-50 elementor-top-column elementor-element elementor-element-8e770c2 pxl-column-element-default pxl-column-none\" data-id=\"8e770c2\" data-element_type=\"column\" data-e-type=\"column\">\r\n        <div class=\"elementor-widget-wrap elementor-element-populated\">\r\n                     \r\n        \t\t<div class=\"elementor-element elementor-element-19a205f elementor-widget-laptop__width-initial elementor-widget elementor-widget-pxl_text_editor\" data-id=\"19a205f\" data-element_type=\"widget\" data-e-type=\"widget\" data-widget_type=\"pxl_text_editor.default\">\n\t\t\t\t<div class=\"elementor-widget-container\">\n\t\t\t\t\t<div class=\"pxl-text-editor\">\n\t<div class=\"pxl-item--inner\" data-wow-delay=\"ms\">\n\t\t<h5><strong>Analytik Jena mercur DUO plus<\/strong> ir augsti att\u012bst\u012bts un daudzpus\u012bgs anal\u012btiskais instruments, kas paredz\u0113ts prec\u012bzai dz\u012bvsudraba anal\u012bzei da\u017e\u0101d\u0101s paraugu matric\u0101s. \u0160\u012b sist\u0113ma apvieno inovat\u012bvas tehnolo\u0123ijas ar robustu dizainu, nodro\u0161inot nep\u0101rsp\u0113jamu precizit\u0101ti dz\u012bvsudraba koncentr\u0101ciju noteik\u0161an\u0101 ultra-p\u0113du l\u012bmen\u012b, atbilstot glob\u0101lajiem vides, farmaceitiskajiem un r\u016bpniec\u012bbas standartiem.<\/h5>\t<\/div>\n<\/div>\t\t\t\t<\/div>\n\t\t\t\t<\/div>\n\t\t            <\/div>\r\n        <\/div>\r\n                <div class=\"elementor-column elementor-col-50 elementor-top-column elementor-element elementor-element-f68bc84 pxl-column-element-default pxl-column-none\" data-id=\"f68bc84\" data-element_type=\"column\" data-e-type=\"column\">\r\n        <div class=\"elementor-widget-wrap elementor-element-populated\">\r\n                     \r\n        \t\t<div class=\"elementor-element elementor-element-fb7dce8 elementor-widget elementor-widget-pxl_image\" data-id=\"fb7dce8\" data-element_type=\"widget\" data-e-type=\"widget\" data-widget_type=\"pxl_image.default\">\n\t\t\t\t<div class=\"elementor-widget-container\">\n\t\t\t\t\t<div class=\"pxl-image-single\" data-wow-delay=\"ms\">\r\n                                        <div class=\"pxl-item--inner\">\r\n                    <a href=\"https:\/\/www.analytik-jena.com\/\" target=\"_blank\" rel=\"noopener\">                        <img fetchpriority=\"high\" decoding=\"async\" width=\"520\" height=\"97\" src=\"https:\/\/elementus.lv\/wp-content\/uploads\/2025\/01\/logo-1.png\" class=\"no-lazyload attachment-full\" alt=\"\" srcset=\"https:\/\/elementus.lv\/wp-content\/uploads\/2025\/01\/logo-1.png 520w, https:\/\/elementus.lv\/wp-content\/uploads\/2025\/01\/logo-1-300x56.png 300w\" sizes=\"(max-width: 520px) 100vw, 520px\" \/>                    <\/a>                <\/div>\r\n                        <\/div>\t\t\t\t<\/div>\n\t\t\t\t<\/div>\n\t\t            <\/div>\r\n        <\/div>\r\n        \t\t\t<\/div>\n\t\t<\/section>\n\t\t        <section class=\"elementor-section elementor-top-section elementor-element elementor-element-adb84f0 elementor-section-boxed elementor-section-height-default elementor-section-height-default pxl-type-header-none pxl-row-scroll-none\" data-id=\"adb84f0\" data-element_type=\"section\" data-e-type=\"section\">\n\n                \n                <div class=\"elementor-container elementor-column-gap-default\">\n                <div class=\"elementor-column elementor-col-100 elementor-top-column elementor-element elementor-element-9035fbb pxl-column-element-default pxl-column-none\" data-id=\"9035fbb\" data-element_type=\"column\" data-e-type=\"column\">\r\n        <div class=\"elementor-widget-wrap elementor-element-populated\">\r\n                     \r\n        \t\t<div class=\"elementor-element elementor-element-e09a0cd elementor-widget elementor-widget-pxl_text_editor\" data-id=\"e09a0cd\" data-element_type=\"widget\" data-e-type=\"widget\" data-widget_type=\"pxl_text_editor.default\">\n\t\t\t\t<div class=\"elementor-widget-container\">\n\t\t\t\t\t<div class=\"pxl-text-editor\">\n\t<div class=\"pxl-item--inner\" data-wow-delay=\"ms\">\n\t\t<p><strong>Galven\u0101s \u012bpa\u0161\u012bbas:<\/strong><\/p><ul><li><strong>Dubult\u0101s tehnolo\u0123ijas integr\u0101cija:<\/strong>:<br \/>Mercur DUO plus apvieno Aukst\u0101 tvaika atomu absorbcijas spektroskopiju (CV-AAS) un Aukst\u0101 tvaika atomu fluorescences spektroskopiju (CV-AFS), pied\u0101v\u0101jot augstu elast\u012bbu un jut\u012bgumu anal\u012btiskaj\u0101m pras\u012bb\u0101m.<\/li><li><strong>Ultra-Trace noteik\u0161ana<\/strong>:<br \/>Pateicoties progres\u012bvaj\u0101m noteik\u0161anas sist\u0113m\u0101m, instruments sasniedz noteik\u0161anas robe\u017eas sub-ppt (da\u013cas triljon\u0101) diapazon\u0101, padarot to piem\u0113rotu \u013coti jut\u012bgiem lietojumiem, tostarp vides monitoringa un p\u0101rtikas dro\u0161\u012bbas anal\u012bzei.<\/li><li><strong>Automatiz\u0113ta paraugu apstr\u0101de<\/strong>:<br \/>Apr\u012bkots ar progres\u012bvu autom\u0101tisko paraugu \u0146em\u0161anas ier\u012bci, mercur DUO plus atbalsta efekt\u012bvu paraugu apstr\u0101di, apstr\u0101d\u0101jot vair\u0101kus paraugus vien\u0101 sec\u012bb\u0101, samazinot operatora darba slodzi un uzlabojot laboratorijas produktivit\u0101ti.<\/li><li><strong>Lietot\u0101jam draudz\u012bga darb\u012bba<\/strong>:<br \/>Intuit\u012bv\u0101 programmat\u016bras saskarne vienk\u0101r\u0161o instrumenta darb\u012bbu, meto\u017eu izstr\u0101di un datu anal\u012bzi. T\u0101 ar\u012b nodro\u0161ina atbilst\u012bbu Labas laboratorijas prakses (GLP) pras\u012bb\u0101m un dro\u0161u datu p\u0101rvald\u012bbu.<\/li><li><strong>Daudzpus\u012bba pielietojum\u0101<\/strong>:<br \/>mercur DUO plus ir ide\u0101li piem\u0113rots dz\u012bvsudraba anal\u012bzei \u0161\u0137idros, cietos un g\u0101zveida paraugos da\u017e\u0101d\u0101s nozar\u0113s, tostarp vides zin\u0101tn\u0113, naftas \u0137\u012bmij\u0101, farm\u0101cij\u0101 un p\u0101rtikas dro\u0161\u012bb\u0101.<\/li><li><strong>Zema apkope un ilgtsp\u0113j\u012bba<\/strong>:<br \/>Sist\u0113ma ir izstr\u0101d\u0101ta ilgtermi\u0146a uzticam\u012bbai un minim\u0101lai apkopei. T\u0101 efekt\u012bv\u0101 rea\u0123entu izmanto\u0161ana un atkritumu apsaimnieko\u0161anas sist\u0113mas veicina ilgtsp\u0113j\u012bgu laboratorijas praksi.<\/li><\/ul><p><strong>Pielietojumi:<\/strong><\/p><ul><li><strong>Vides monitorings<\/strong>:  \u016adens, augsnes un gaisa anal\u012bze dz\u012bvsudraba pies\u0101r\u0146ojumam atbilsto\u0161i normat\u012bvajiem standartiem.<\/li><li><strong>P\u0101rtikas un dz\u0113rienu dro\u0161\u012bba<\/strong>: Dz\u012bvsudraba noteik\u0161ana j\u016bras produktos un citos pat\u0113ri\u0146a produktos.<\/li><li><strong>Farmaceitisk\u0101 kvalit\u0101tes kontrole<\/strong>: Prec\u012bza dz\u012bvsudraba satura noteik\u0161ana izejviel\u0101s un gatavos produktos.<\/li><li><strong>R\u016bpnieciskie pielietojumi<\/strong>: Dz\u012bvsudraba anal\u012bze naftas \u0137\u012bmij\u0101, ieguves r\u016bpniec\u012bb\u0101 un ener\u0123\u0113tikas nozar\u0113s.<\/li><\/ul>\t<\/div>\n<\/div>\t\t\t\t<\/div>\n\t\t\t\t<\/div>\n\t\t            <\/div>\r\n        <\/div>\r\n        \t\t\t<\/div>\n\t\t<\/section>\n\t\t        <section class=\"elementor-section elementor-top-section elementor-element elementor-element-ce30838 elementor-section-boxed elementor-section-height-default elementor-section-height-default pxl-type-header-none pxl-row-scroll-none\" data-id=\"ce30838\" data-element_type=\"section\" data-e-type=\"section\">\n\n                \n                <div class=\"elementor-container elementor-column-gap-default\">\n                <div class=\"elementor-column elementor-col-50 elementor-top-column elementor-element elementor-element-e621950 pxl-column-element-default pxl-column-none\" data-id=\"e621950\" data-element_type=\"column\" data-e-type=\"column\">\r\n        <div class=\"elementor-widget-wrap elementor-element-populated\">\r\n                     \r\n        \t\t<div class=\"elementor-element elementor-element-8765f55 elementor-widget elementor-widget-pxl_showcase\" data-id=\"8765f55\" data-element_type=\"widget\" data-e-type=\"widget\" data-widget_type=\"pxl_showcase.default\">\n\t\t\t\t<div class=\"elementor-widget-container\">\n\t\t\t\t\t<div class=\"pxl-showcase layout2\" data-wow-delay=\"ms\">\r\n    <div class=\"inner-box item-normarl\">\r\n        <div class=\"item-feature\">\r\n                        <img decoding=\"async\" width=\"300\" height=\"132\" src=\"https:\/\/elementus.lv\/wp-content\/uploads\/2024\/12\/mercur_AS_FD-300x132.jpg\" class=\"attachment-medium\" alt=\"\" srcset=\"https:\/\/elementus.lv\/wp-content\/uploads\/2024\/12\/mercur_AS_FD-300x132.jpg 300w, https:\/\/elementus.lv\/wp-content\/uploads\/2024\/12\/mercur_AS_FD-1024x450.jpg 1024w, https:\/\/elementus.lv\/wp-content\/uploads\/2024\/12\/mercur_AS_FD-768x338.jpg 768w, https:\/\/elementus.lv\/wp-content\/uploads\/2024\/12\/mercur_AS_FD-1536x676.jpg 1536w, https:\/\/elementus.lv\/wp-content\/uploads\/2024\/12\/mercur_AS_FD-2048x901.jpg 2048w, https:\/\/elementus.lv\/wp-content\/uploads\/2024\/12\/mercur_AS_FD-1170x515.jpg 1170w, https:\/\/elementus.lv\/wp-content\/uploads\/2024\/12\/mercur_AS_FD-600x264.jpg 600w\" sizes=\"(max-width: 300px) 100vw, 300px\" \/>            <div class=\"pxl-item-links\">\r\n                                    <a class=\"link-1\" href=\"https:\/\/elementus.lv\/wp-content\/uploads\/2024\/12\/Mercur.pdf\">\r\n                        <span>Mercur AS FD katalogs<\/span>\r\n                    <\/a>\r\n                                                    <a class=\"link-2\" href=\"https:\/\/elementus.lv\/wp-content\/uploads\/2024\/12\/Mercur.pdf\">\r\n                        <span><\/span>\r\n                    <\/a>\r\n                            <\/div>\r\n        <\/div>\r\n        <h3 class=\"item-title\">\r\n                            Mercur AS FD                    <\/h3>\r\n    <\/div>\r\n<\/div>\t\t\t\t<\/div>\n\t\t\t\t<\/div>\n\t\t\t\t<div class=\"elementor-element elementor-element-5a3f096 elementor-align-center elementor-widget-laptop__width-initial elementor-widget elementor-widget-button\" data-id=\"5a3f096\" data-element_type=\"widget\" data-e-type=\"widget\" data-widget_type=\"button.default\">\n\t\t\t\t<div class=\"elementor-widget-container\">\n\t\t\t\t\t\t\t\t\t<div class=\"elementor-button-wrapper\">\n\t\t\t\t\t<a class=\"elementor-button elementor-button-link elementor-size-sm\" href=\"https:\/\/elementus.lv\/wp-content\/uploads\/2024\/12\/Mercur.pdf?dl=1\" download=\"Mercur\">\n\t\t\t\t\t\t<span class=\"elementor-button-content-wrapper\">\n\t\t\t\t\t\t\t\t\t<span class=\"elementor-button-text\">Lejupiel\u0101d\u0113t katalogu<\/span>\n\t\t\t\t\t<\/span>\n\t\t\t\t\t<\/a>\n\t\t\t\t<\/div>\n\t\t\t\t\t\t\t\t<\/div>\n\t\t\t\t<\/div>\n\t\t            <\/div>\r\n        <\/div>\r\n                <div class=\"elementor-column elementor-col-50 elementor-top-column elementor-element elementor-element-d71e556 pxl-column-element-default pxl-column-none\" data-id=\"d71e556\" data-element_type=\"column\" data-e-type=\"column\">\r\n        <div class=\"elementor-widget-wrap elementor-element-populated\">\r\n                     \r\n        \t\t<div class=\"elementor-element elementor-element-7d6abe5 elementor-widget__width-initial elementor-widget elementor-widget-pxl_showcase\" data-id=\"7d6abe5\" data-element_type=\"widget\" data-e-type=\"widget\" data-widget_type=\"pxl_showcase.default\">\n\t\t\t\t<div class=\"elementor-widget-container\">\n\t\t\t\t\t<div class=\"pxl-showcase layout2\" data-wow-delay=\"ms\">\r\n    <div class=\"inner-box item-normarl\">\r\n        <div class=\"item-feature\">\r\n                        <img decoding=\"async\" width=\"300\" height=\"154\" src=\"https:\/\/elementus.lv\/wp-content\/uploads\/2024\/12\/mercur_cover_ALPHA-300x154.png\" class=\"attachment-medium\" alt=\"\" srcset=\"https:\/\/elementus.lv\/wp-content\/uploads\/2024\/12\/mercur_cover_ALPHA-300x154.png 300w, https:\/\/elementus.lv\/wp-content\/uploads\/2024\/12\/mercur_cover_ALPHA-1024x527.png 1024w, https:\/\/elementus.lv\/wp-content\/uploads\/2024\/12\/mercur_cover_ALPHA-768x395.png 768w, https:\/\/elementus.lv\/wp-content\/uploads\/2024\/12\/mercur_cover_ALPHA-1536x791.png 1536w, https:\/\/elementus.lv\/wp-content\/uploads\/2024\/12\/mercur_cover_ALPHA-2048x1055.png 2048w, https:\/\/elementus.lv\/wp-content\/uploads\/2024\/12\/mercur_cover_ALPHA-1170x603.png 1170w, https:\/\/elementus.lv\/wp-content\/uploads\/2024\/12\/mercur_cover_ALPHA-600x309.png 600w\" sizes=\"(max-width: 300px) 100vw, 300px\" \/>            <div class=\"pxl-item-links\">\r\n                                    <a class=\"link-1\" href=\"https:\/\/elementus.lv\/wp-content\/uploads\/2024\/12\/Br_PlasmaQuant_9100_series_en.pdf\">\r\n                        <span>Mercur ALPHA<\/span>\r\n                    <\/a>\r\n                                                    <a class=\"link-2\" href=\"https:\/\/elementus.lv\/wp-content\/uploads\/2024\/12\/Br_PlasmaQuant_9100_series_en.pdf\">\r\n                        <span><\/span>\r\n                    <\/a>\r\n                            <\/div>\r\n        <\/div>\r\n        <h3 class=\"item-title\">\r\n                            Mercur ALPHA                    <\/h3>\r\n    <\/div>\r\n<\/div>\t\t\t\t<\/div>\n\t\t\t\t<\/div>\n\t\t            <\/div>\r\n        <\/div>\r\n        \t\t\t<\/div>\n\t\t<\/section>\n\t\t\t\t<\/div>","protected":false},"excerpt":{"rendered":"<p>Mercur Analyzers Analytik Jena mercur DUO plus is a highly advanced and versatile analytical instrument designed for precise mercury analysis in various sample matrices. This system combines innovative technology with robust design to provide unparalleled performance in detecting mercury concentrations at ultra-trace levels, ensuring compliance with global environmental, pharmaceutical, and industrial standards. Key Features: Dual [&hellip;]<\/p>\n","protected":false},"author":1,"featured_media":0,"parent":0,"menu_order":0,"comment_status":"closed","ping_status":"closed","template":"","meta":{"footnotes":""},"class_list":["post-13602","page","type-page","status-publish","hentry"],"_links":{"self":[{"href":"https:\/\/elementus.lv\/lv\/wp-json\/wp\/v2\/pages\/13602","targetHints":{"allow":["GET"]}}],"collection":[{"href":"https:\/\/elementus.lv\/lv\/wp-json\/wp\/v2\/pages"}],"about":[{"href":"https:\/\/elementus.lv\/lv\/wp-json\/wp\/v2\/types\/page"}],"author":[{"embeddable":true,"href":"https:\/\/elementus.lv\/lv\/wp-json\/wp\/v2\/users\/1"}],"replies":[{"embeddable":true,"href":"https:\/\/elementus.lv\/lv\/wp-json\/wp\/v2\/comments?post=13602"}],"version-history":[{"count":43,"href":"https:\/\/elementus.lv\/lv\/wp-json\/wp\/v2\/pages\/13602\/revisions"}],"predecessor-version":[{"id":16160,"href":"https:\/\/elementus.lv\/lv\/wp-json\/wp\/v2\/pages\/13602\/revisions\/16160"}],"wp:attachment":[{"href":"https:\/\/elementus.lv\/lv\/wp-json\/wp\/v2\/media?parent=13602"}],"curies":[{"name":"wp","href":"https:\/\/api.w.org\/{rel}","templated":true}]}}