{"id":13648,"date":"2024-12-20T11:54:13","date_gmt":"2024-12-20T11:54:13","guid":{"rendered":"https:\/\/elementus.lv\/?page_id=13648"},"modified":"2025-01-21T18:39:52","modified_gmt":"2025-01-21T18:39:52","slug":"uv-vis","status":"publish","type":"page","link":"https:\/\/elementus.lv\/lv\/uv-vis\/","title":{"rendered":"UV-VIS"},"content":{"rendered":"<div data-elementor-type=\"wp-page\" data-elementor-id=\"13648\" class=\"elementor elementor-13648\" data-elementor-post-type=\"page\">\n\t\t\t\t        <section class=\"elementor-section elementor-top-section elementor-element elementor-element-31640cd elementor-section-boxed elementor-section-height-default elementor-section-height-default pxl-type-header-none pxl-row-scroll-none\" data-id=\"31640cd\" data-element_type=\"section\" data-e-type=\"section\" data-settings=\"{&quot;background_background&quot;:&quot;classic&quot;}\">\n\n                            <div class=\"elementor-background-overlay\"><\/div>\n            \n                <div class=\"elementor-container elementor-column-gap-default\">\n                <div class=\"elementor-column elementor-col-100 elementor-top-column elementor-element elementor-element-6f2759a pxl-column-element-default pxl-column-none\" data-id=\"6f2759a\" data-element_type=\"column\" data-e-type=\"column\">\r\n        <div class=\"elementor-widget-wrap elementor-element-populated\">\r\n                     \r\n        \t\t<div class=\"elementor-element elementor-element-9fee298 elementor-widget elementor-widget-pxl_heading\" data-id=\"9fee298\" data-element_type=\"widget\" data-e-type=\"widget\" data-widget_type=\"pxl_heading.default\">\n\t\t\t\t<div class=\"elementor-widget-container\">\n\t\t\t\t\t<div class=\"pxl-heading\">\n\t<div class=\"pxl-heading--inner\">\n\t\t\t\t<h3 class=\"pxl-item--title\" data-wow-delay=\"ms\">\n\t\t\tUV-VIS\t\t\n\t\t<\/h3>\n\t\t\t<\/div>\n<\/div>\t\t\t\t<\/div>\n\t\t\t\t<\/div>\n\t\t            <\/div>\r\n        <\/div>\r\n        \t\t\t<\/div>\n\t\t<\/section>\n\t\t        <section class=\"elementor-section elementor-top-section elementor-element elementor-element-feb2272 elementor-section-boxed elementor-section-height-default elementor-section-height-default pxl-type-header-none pxl-row-scroll-none\" data-id=\"feb2272\" data-element_type=\"section\" data-e-type=\"section\">\n\n                \n                <div class=\"elementor-container elementor-column-gap-default\">\n                <div class=\"elementor-column elementor-col-50 elementor-top-column elementor-element elementor-element-35f2f26 pxl-column-element-default pxl-column-none\" data-id=\"35f2f26\" data-element_type=\"column\" data-e-type=\"column\">\r\n        <div class=\"elementor-widget-wrap elementor-element-populated\">\r\n                     \r\n        \t\t<div class=\"elementor-element elementor-element-0f3d5b8 elementor-widget elementor-widget-pxl_text_editor\" data-id=\"0f3d5b8\" data-element_type=\"widget\" data-e-type=\"widget\" data-widget_type=\"pxl_text_editor.default\">\n\t\t\t\t<div class=\"elementor-widget-container\">\n\t\t\t\t\t<div class=\"pxl-text-editor\">\n\t<div class=\"pxl-item--inner\" data-wow-delay=\"ms\">\n\t\t<h5 style=\"text-align: justify\">SPECORD PLUS s\u0113rija ietver UV\/Vis spektrofotometrus ar izcilu precizit\u0101ti un uzticam\u012bbu, intuit\u012bvu darb\u012bbu ar lietot\u0101jam draudz\u012bgu un jaud\u012bgu programmat\u016bru, k\u0101 ar\u012b \u013coti pla\u0161u papildapr\u012bkojuma kl\u0101stu. Neatkar\u012bgi no t\u0101, vai tiek veikta ikdienas anal\u012bze vai sare\u017e\u0123\u012btai m\u0113r\u012bjumi, gan UV\/Vis ies\u0101c\u0113ji, gan eksperti viegli ieg\u016bst konsekventus un reproduc\u0113jamus m\u0113r\u012bjumu rezult\u0101tus augst\u0101kaj\u0101 kvalit\u0101t\u0113. SPECORD PLUS s\u0113rija pied\u0101v\u0101 elast\u012bbu un vieglu lietojam\u012bbu, lai risin\u0101tu pa\u0161reiz\u0113j\u0101s un n\u0101kotnes anal\u012btisk\u0101s probl\u0113mas.<\/h5>\t<\/div>\n<\/div>\t\t\t\t<\/div>\n\t\t\t\t<\/div>\n\t\t            <\/div>\r\n        <\/div>\r\n                <div class=\"elementor-column elementor-col-50 elementor-top-column elementor-element elementor-element-02ce0db pxl-column-element-default pxl-column-none\" data-id=\"02ce0db\" data-element_type=\"column\" data-e-type=\"column\">\r\n        <div class=\"elementor-widget-wrap elementor-element-populated\">\r\n                     \r\n        \t\t<div class=\"elementor-element elementor-element-631757b elementor-widget elementor-widget-pxl_image\" data-id=\"631757b\" data-element_type=\"widget\" data-e-type=\"widget\" data-widget_type=\"pxl_image.default\">\n\t\t\t\t<div class=\"elementor-widget-container\">\n\t\t\t\t\t<div class=\"pxl-image-single\" data-wow-delay=\"ms\">\r\n                                        <div class=\"pxl-item--inner\">\r\n                    <a href=\"https:\/\/www.analytik-jena.com\/\" target=\"_blank\" rel=\"noopener\">                        <img fetchpriority=\"high\" decoding=\"async\" width=\"520\" height=\"97\" src=\"https:\/\/elementus.lv\/wp-content\/uploads\/2025\/01\/logo-1.png\" class=\"no-lazyload attachment-full\" alt=\"\" srcset=\"https:\/\/elementus.lv\/wp-content\/uploads\/2025\/01\/logo-1.png 520w, https:\/\/elementus.lv\/wp-content\/uploads\/2025\/01\/logo-1-300x56.png 300w\" sizes=\"(max-width: 520px) 100vw, 520px\" \/>                    <\/a>                <\/div>\r\n                        <\/div>\t\t\t\t<\/div>\n\t\t\t\t<\/div>\n\t\t            <\/div>\r\n        <\/div>\r\n        \t\t\t<\/div>\n\t\t<\/section>\n\t\t        <section class=\"elementor-section elementor-top-section elementor-element elementor-element-9d0e034 elementor-section-boxed elementor-section-height-default elementor-section-height-default pxl-type-header-none pxl-row-scroll-none\" data-id=\"9d0e034\" data-element_type=\"section\" data-e-type=\"section\">\n\n                \n                <div class=\"elementor-container elementor-column-gap-default\">\n                <div class=\"elementor-column elementor-col-50 elementor-top-column elementor-element elementor-element-3e04f35 pxl-column-element-default pxl-column-none\" data-id=\"3e04f35\" data-element_type=\"column\" data-e-type=\"column\">\r\n        <div class=\"elementor-widget-wrap elementor-element-populated\">\r\n                     \r\n        \t\t<div class=\"elementor-element elementor-element-4358094 elementor-widget elementor-widget-pxl_image\" data-id=\"4358094\" data-element_type=\"widget\" data-e-type=\"widget\" data-widget_type=\"pxl_image.default\">\n\t\t\t\t<div class=\"elementor-widget-container\">\n\t\t\t\t\t<div class=\"pxl-image-single\" data-wow-delay=\"ms\">\r\n                                        <div class=\"pxl-item--inner\">\r\n                                            <img decoding=\"async\" width=\"2560\" height=\"1708\" src=\"https:\/\/elementus.lv\/wp-content\/uploads\/2024\/12\/IMG_SPECORD_PLUS_Accessory_cuvette_carousel_002-scaled.jpg\" class=\"no-lazyload attachment-full\" alt=\"\" srcset=\"https:\/\/elementus.lv\/wp-content\/uploads\/2024\/12\/IMG_SPECORD_PLUS_Accessory_cuvette_carousel_002-scaled.jpg 2560w, https:\/\/elementus.lv\/wp-content\/uploads\/2024\/12\/IMG_SPECORD_PLUS_Accessory_cuvette_carousel_002-300x200.jpg 300w, https:\/\/elementus.lv\/wp-content\/uploads\/2024\/12\/IMG_SPECORD_PLUS_Accessory_cuvette_carousel_002-1024x683.jpg 1024w, https:\/\/elementus.lv\/wp-content\/uploads\/2024\/12\/IMG_SPECORD_PLUS_Accessory_cuvette_carousel_002-768x512.jpg 768w, https:\/\/elementus.lv\/wp-content\/uploads\/2024\/12\/IMG_SPECORD_PLUS_Accessory_cuvette_carousel_002-1536x1025.jpg 1536w, https:\/\/elementus.lv\/wp-content\/uploads\/2024\/12\/IMG_SPECORD_PLUS_Accessory_cuvette_carousel_002-2048x1366.jpg 2048w, https:\/\/elementus.lv\/wp-content\/uploads\/2024\/12\/IMG_SPECORD_PLUS_Accessory_cuvette_carousel_002-1064x710.jpg 1064w, https:\/\/elementus.lv\/wp-content\/uploads\/2024\/12\/IMG_SPECORD_PLUS_Accessory_cuvette_carousel_002-600x400.jpg 600w\" sizes=\"(max-width: 2560px) 100vw, 2560px\" \/>                                    <\/div>\r\n                        <\/div>\t\t\t\t<\/div>\n\t\t\t\t<\/div>\n\t\t            <\/div>\r\n        <\/div>\r\n                <div class=\"elementor-column elementor-col-50 elementor-top-column elementor-element elementor-element-c3fa236 pxl-column-element-default pxl-column-none\" data-id=\"c3fa236\" data-element_type=\"column\" data-e-type=\"column\">\r\n        <div class=\"elementor-widget-wrap elementor-element-populated\">\r\n                     \r\n        \t\t<div class=\"elementor-element elementor-element-d9dfccf elementor-widget elementor-widget-pxl_text_editor\" data-id=\"d9dfccf\" data-element_type=\"widget\" data-e-type=\"widget\" data-widget_type=\"pxl_text_editor.default\">\n\t\t\t\t<div class=\"elementor-widget-container\">\n\t\t\t\t\t<div class=\"pxl-text-editor\">\n\t<div class=\"pxl-item--inner\" data-wow-delay=\"ms\">\n\t\t<p><strong>Univers\u0101lais risin\u0101jums UV\/Vis Spektroskopijai<\/strong><\/p><p>L\u012bdz ar pieaugo\u0161aj\u0101m pras\u012bb\u0101m anal\u012btisko test\u0113\u0161anu jom\u0101, stingr\u0101k\u0101m norm\u0101m un standartiem, SPECORD PLUS instrumentu s\u0113rija UV\/Vis anal\u012bz\u0113 pied\u0101v\u0101 piem\u0113rotu risin\u0101jumu. Desmitiem gadu pieredze spektroskopij\u0101 apvienojum\u0101 ar inovat\u012bvu un inteli\u0123entu in\u017eenieriju un nep\u0101rtraukti atjaunotu programmat\u016bru, kas atbilst jaun\u0101kaj\u0101m tiesiskaj\u0101m pras\u012bb\u0101m, rezult\u0113jas SPECORD PLUS spektrofotometr\u0101. Robusta un funkciju virz\u012bta konstrukcija, tai skait\u0101 10 gadu garantija uz optiku, nodro\u0161ina uzticamu un ilgtsp\u0113j\u012bgu spektrofotometru daudziem gadiem ar uzticamiem rezult\u0101tiem. Deuterija un halog\u0113nu lampu kombin\u0101cija nodro\u0161ina augstu ener\u0123ijas intensit\u0101ti vis\u0101 vi\u013c\u0146u garuma diapazon\u0101, t\u0101d\u0113j\u0101di nodro\u0161inot augstu iz\u0161\u0137irtsp\u0113ju gan augstajos, gan zemajos vi\u013c\u0146u garumos. Tas ir \u012bpa\u0161i svar\u012bgi papla\u0161in\u0101tajam vi\u013c\u0146u garuma diapazonam no 185 l\u012bdz 1200 nm, kas p\u0101rsniedz parasto vi\u013c\u0146u garuma diapazonu ne tikai UV diapazon\u0101, bet ar\u012b NIR diapazon\u0101.<\/p>\t<\/div>\n<\/div>\t\t\t\t<\/div>\n\t\t\t\t<\/div>\n\t\t            <\/div>\r\n        <\/div>\r\n        \t\t\t<\/div>\n\t\t<\/section>\n\t\t        <section class=\"elementor-section elementor-top-section elementor-element elementor-element-c6f0138 elementor-section-boxed elementor-section-height-default elementor-section-height-default pxl-type-header-none pxl-row-scroll-none\" data-id=\"c6f0138\" data-element_type=\"section\" data-e-type=\"section\">\n\n                \n                <div class=\"elementor-container elementor-column-gap-default\">\n                <div class=\"elementor-column elementor-col-100 elementor-top-column elementor-element elementor-element-cbcd52b pxl-column-element-default pxl-column-none\" data-id=\"cbcd52b\" data-element_type=\"column\" data-e-type=\"column\">\r\n        <div class=\"elementor-widget-wrap elementor-element-populated\">\r\n                     \r\n        \t\t<div class=\"elementor-element elementor-element-6db3a5d elementor-widget elementor-widget-pxl_text_editor\" data-id=\"6db3a5d\" data-element_type=\"widget\" data-e-type=\"widget\" data-widget_type=\"pxl_text_editor.default\">\n\t\t\t\t<div class=\"elementor-widget-container\">\n\t\t\t\t\t<div class=\"pxl-text-editor\">\n\t<div class=\"pxl-item--inner\" data-wow-delay=\"ms\">\n\t\t<p>Daudzveid\u012bgas un elast\u012bgas lietojumprogrammas tiek atbalst\u012btas ne tikai ar augstu precizit\u0101ti un papla\u0161in\u0101to vi\u013c\u0146u garuma diapazonu, bet ar\u012b ar pla\u0161o papildapr\u012bkojuma kl\u0101stu. SPECORD PLUS spektrofotometra lielaj\u0101 parauga nodal\u012bjum\u0101 var izmantot taisnst\u016bra un cilindriskas kuvetes l\u012bdz pat 10 cm. Turkl\u0101t ir pieejams tur\u0113t\u0101js apa\u013caj\u0101m kuvet\u0113m ar main\u012bgiem diametriem no 11 l\u012bdz 16 mm no visiem standarta ra\u017eot\u0101jiem. T\u0101pat tiek atbalst\u012bti mikrovielu m\u0113r\u012bjumi, izmantojot \u012bpa\u0161us adapterus UVette, mikro un ultra-mikro kuvet\u0113m, k\u0101 ar\u012b Tray Cell, kas \u013cauj m\u0113r\u012bt paraugus ar apjomu l\u012bdz pat 4 \u00b5L. Centr\u0101l\u0101s augstuma regul\u0113\u0161ana nodro\u0161ina prec\u012bzus rezult\u0101tus. Papildus ir pieejami da\u017e\u0101di temperat\u016bras kontrol\u0113ti kuve\u0161u tur\u0113t\u0101ji un kuve\u0161u main\u012bt\u0101ji, p\u0113c piepras\u012bjuma ar\u012b apr\u012bkoti ar mais\u012bt\u0101ju. \u012apa\u0161s temperat\u016bras sensors nodro\u0161ina prec\u012bzu temperat\u016bras iestat\u012b\u0161anu l\u012bdz 0,1 \u00b0C. Augstas caurlaid\u012bbas anal\u012bz\u0113m pieejami autom\u0101tiskie paraugu \u0146\u0113m\u0113ji ar l\u012bdz pat 116 viet\u0101m, \u0161\u0137iedru savienojumi ar iegremd\u0113\u0161anas sensoru sist\u0113m\u0101m, s\u012bperu sist\u0113mas un kuve\u0161u karuselis. Ne tikai \u0161\u0137idrie un iz\u0161\u0137\u012bdu\u0161ie paraugi var tikt analiz\u0113ti, bet ar\u012b \u012bpa\u0161a iek\u0101rta \u013cauj veikt UV\/Vis spektroskopisko anal\u012bzi g\u0101zveida, cieto un pulverveida paraugu anal\u012bzi. \u0160\u012b pielietojumu da\u017e\u0101d\u012bba tiek atbalst\u012bta ar papildapr\u012bkojumu, piem\u0113ram, absorbcijas cauru\u013cu tur\u0113t\u0101jiem, integr\u0101cijas sf\u0113r\u0101m un papildu piederumiem sken\u0113\u0161anai, transmisijai un atstaro\u0161anai ar regul\u0113jamiem le\u0146\u0137iem un da\u017e\u0101diem diametriem. Jaunizstr\u0101d\u0101ts tur\u0113t\u0101js kontaktl\u0113c\u0101m transmisijas m\u0113r\u012bjumiem ir pieejams da\u017e\u0101dos diametros. Lielais parauga nodal\u012bjums \u013cauj elast\u012bgi izmantot divus papildapr\u012bkojuma elementus vienlaikus, piem\u0113ram, 2x8-k\u0101rtu kuve\u0161u main\u012bt\u0101ju, un \u0101tri un \u0113rti apmain\u012bt atsevi\u0161\u0137os piederumus. K\u0101 \u012bpa\u0161a funkcija nep\u0101rtrauktiem m\u0113r\u012bjumiem ir ne tikai lampu ilgs kalpo\u0161anas laiks, bet ar\u012b \u0101tra un viegla lampu nomai\u0146a bez instrumentiem.<\/p><p>ASpect UV programmat\u016bra ir jaud\u012bgs un elast\u012bgs r\u012bks UV\/Vis datu ierakst\u012b\u0161anai un anal\u012bzei. Programmat\u016bra ir Windows b\u0101z\u0113ta un t\u0101p\u0113c intuit\u012bva lietot\u0101jiem. Viegla lieto\u0161ana tiek papildin\u0101ta ar desmit jau iepriek\u0161 instal\u0113t\u0101m valod\u0101m, tostarp ang\u013cu, v\u0101cu, sp\u0101\u0146u, fran\u010du un \u0137\u012bnie\u0161u valod\u0101m. Funkcija Quick Start, kuru var piel\u0101got individu\u0101li, \u013cauj lietot\u0101jiem autom\u0101tiski ierakst\u012bt un analiz\u0113t UV\/Vis datus tikai ar da\u017eiem klik\u0161\u0137iem. Papildu modu\u013ci FDA 21 CFR da\u013ca 11, Ph. Eur. un USP \u013cauj veikt farmaceitiski atbilsto\u0161us m\u0113r\u012bjumus bez liek\u0101m p\u016bl\u0113m. Ir iepriek\u0161 instal\u0113ti da\u017e\u0101di lietot\u0101ju p\u0101rvald\u012bbas l\u012bme\u0146i, kurus var viegli modific\u0113t un piel\u0101got. Sist\u0113ma ar elast\u012bgiem digit\u0101liem parakstiem papildus atvieglo darbu stingri reglament\u0113taj\u0101s nozar\u0113s, piem\u0113ram, farmaceitiskaj\u0101 nozar\u0113.<\/p><p>Izcil\u0101 SPECORD PLUS spektrofotometra aparat\u016bra un pla\u0161ais papildapr\u012bkojuma kl\u0101sts, apvienojum\u0101 ar elast\u012bgo un jaud\u012bgo ASpect UV programmat\u016bru, ASpect UV nodro\u0161ina elast\u012bgu pielietojumu da\u017e\u0101d\u0101s nozar\u0113s.<\/p>\t<\/div>\n<\/div>\t\t\t\t<\/div>\n\t\t\t\t<\/div>\n\t\t            <\/div>\r\n        <\/div>\r\n        \t\t\t<\/div>\n\t\t<\/section>\n\t\t        <section class=\"elementor-section elementor-top-section elementor-element elementor-element-3f83fe6 elementor-section-boxed elementor-section-height-default elementor-section-height-default pxl-type-header-none pxl-row-scroll-none\" data-id=\"3f83fe6\" data-element_type=\"section\" data-e-type=\"section\">\n\n                \n                <div class=\"elementor-container elementor-column-gap-default\">\n                <div class=\"elementor-column elementor-col-50 elementor-top-column elementor-element elementor-element-3278251 pxl-column-element-default pxl-column-none\" data-id=\"3278251\" data-element_type=\"column\" data-e-type=\"column\">\r\n        <div class=\"elementor-widget-wrap elementor-element-populated\">\r\n                     \r\n        \t\t<div class=\"elementor-element elementor-element-76aaacf elementor-widget elementor-widget-pxl_showcase\" data-id=\"76aaacf\" data-element_type=\"widget\" data-e-type=\"widget\" data-widget_type=\"pxl_showcase.default\">\n\t\t\t\t<div class=\"elementor-widget-container\">\n\t\t\t\t\t<div class=\"pxl-showcase layout2\" data-wow-delay=\"ms\">\r\n    <div class=\"inner-box item-normarl\">\r\n        <div class=\"item-feature\">\r\n                        <img decoding=\"async\" width=\"300\" height=\"220\" src=\"https:\/\/elementus.lv\/wp-content\/uploads\/2024\/12\/Specord_50_PLUS_left-300x220.jpg\" class=\"attachment-medium\" alt=\"\" srcset=\"https:\/\/elementus.lv\/wp-content\/uploads\/2024\/12\/Specord_50_PLUS_left-300x220.jpg 300w, https:\/\/elementus.lv\/wp-content\/uploads\/2024\/12\/Specord_50_PLUS_left-1024x752.jpg 1024w, https:\/\/elementus.lv\/wp-content\/uploads\/2024\/12\/Specord_50_PLUS_left-768x564.jpg 768w, https:\/\/elementus.lv\/wp-content\/uploads\/2024\/12\/Specord_50_PLUS_left-1536x1127.jpg 1536w, https:\/\/elementus.lv\/wp-content\/uploads\/2024\/12\/Specord_50_PLUS_left-2048x1503.jpg 2048w, https:\/\/elementus.lv\/wp-content\/uploads\/2024\/12\/Specord_50_PLUS_left-967x710.jpg 967w, https:\/\/elementus.lv\/wp-content\/uploads\/2024\/12\/Specord_50_PLUS_left-600x440.jpg 600w\" sizes=\"(max-width: 300px) 100vw, 300px\" \/>            <div class=\"pxl-item-links\">\r\n                                    <a class=\"link-1\" >\r\n                        <span>Specord 50 PLUS<\/span>\r\n                    <\/a>\r\n                                            <\/div>\r\n        <\/div>\r\n        <h3 class=\"item-title\">\r\n                            Specord 50 PLUS                    <\/h3>\r\n    <\/div>\r\n<\/div>\t\t\t\t<\/div>\n\t\t\t\t<\/div>\n\t\t            <\/div>\r\n        <\/div>\r\n                <div class=\"elementor-column elementor-col-50 elementor-top-column elementor-element elementor-element-d8c1d1e pxl-column-element-default pxl-column-none\" data-id=\"d8c1d1e\" data-element_type=\"column\" data-e-type=\"column\">\r\n        <div class=\"elementor-widget-wrap elementor-element-populated\">\r\n                     \r\n        \t\t<div class=\"elementor-element elementor-element-9af088b elementor-widget__width-initial elementor-widget elementor-widget-pxl_showcase\" data-id=\"9af088b\" data-element_type=\"widget\" data-e-type=\"widget\" data-widget_type=\"pxl_showcase.default\">\n\t\t\t\t<div class=\"elementor-widget-container\">\n\t\t\t\t\t<div class=\"pxl-showcase layout2\" data-wow-delay=\"ms\">\r\n    <div class=\"inner-box item-normarl\">\r\n        <div class=\"item-feature\">\r\n                        <img loading=\"lazy\" decoding=\"async\" width=\"300\" height=\"199\" src=\"https:\/\/elementus.lv\/wp-content\/uploads\/2024\/12\/Specord_250_PLUS_alpha-300x199.png\" class=\"attachment-medium\" alt=\"\" srcset=\"https:\/\/elementus.lv\/wp-content\/uploads\/2024\/12\/Specord_250_PLUS_alpha-300x199.png 300w, https:\/\/elementus.lv\/wp-content\/uploads\/2024\/12\/Specord_250_PLUS_alpha-1024x678.png 1024w, https:\/\/elementus.lv\/wp-content\/uploads\/2024\/12\/Specord_250_PLUS_alpha-768x508.png 768w, https:\/\/elementus.lv\/wp-content\/uploads\/2024\/12\/Specord_250_PLUS_alpha-1536x1017.png 1536w, https:\/\/elementus.lv\/wp-content\/uploads\/2024\/12\/Specord_250_PLUS_alpha-2048x1356.png 2048w, https:\/\/elementus.lv\/wp-content\/uploads\/2024\/12\/Specord_250_PLUS_alpha-1073x710.png 1073w, https:\/\/elementus.lv\/wp-content\/uploads\/2024\/12\/Specord_250_PLUS_alpha-600x397.png 600w\" sizes=\"(max-width: 300px) 100vw, 300px\" \/>            <div class=\"pxl-item-links\">\r\n                                    <a class=\"link-1\" >\r\n                        <span>Specord 250 PLUS<\/span>\r\n                    <\/a>\r\n                                            <\/div>\r\n        <\/div>\r\n        <h3 class=\"item-title\">\r\n                            Specord 250 PLUS                    <\/h3>\r\n    <\/div>\r\n<\/div>\t\t\t\t<\/div>\n\t\t\t\t<\/div>\n\t\t            <\/div>\r\n        <\/div>\r\n        \t\t\t<\/div>\n\t\t<\/section>\n\t\t\t\t<\/div>","protected":false},"excerpt":{"rendered":"<p>UV-VIS The SPECORD PLUS series includes UV\/Vis instruments of outstanding precision and reliability, intuitive operation with a user-friendly and powerful software, and a very broad range of accessories. Whether routine analysis or complex applications, both UV\/Vis novices and experts can easily achieve consistent and reproducible measurement results of highest quality. The SPECORD PLUS series offers [&hellip;]<\/p>\n","protected":false},"author":1,"featured_media":0,"parent":0,"menu_order":0,"comment_status":"closed","ping_status":"closed","template":"","meta":{"footnotes":""},"class_list":["post-13648","page","type-page","status-publish","hentry"],"_links":{"self":[{"href":"https:\/\/elementus.lv\/lv\/wp-json\/wp\/v2\/pages\/13648","targetHints":{"allow":["GET"]}}],"collection":[{"href":"https:\/\/elementus.lv\/lv\/wp-json\/wp\/v2\/pages"}],"about":[{"href":"https:\/\/elementus.lv\/lv\/wp-json\/wp\/v2\/types\/page"}],"author":[{"embeddable":true,"href":"https:\/\/elementus.lv\/lv\/wp-json\/wp\/v2\/users\/1"}],"replies":[{"embeddable":true,"href":"https:\/\/elementus.lv\/lv\/wp-json\/wp\/v2\/comments?post=13648"}],"version-history":[{"count":25,"href":"https:\/\/elementus.lv\/lv\/wp-json\/wp\/v2\/pages\/13648\/revisions"}],"predecessor-version":[{"id":15434,"href":"https:\/\/elementus.lv\/lv\/wp-json\/wp\/v2\/pages\/13648\/revisions\/15434"}],"wp:attachment":[{"href":"https:\/\/elementus.lv\/lv\/wp-json\/wp\/v2\/media?parent=13648"}],"curies":[{"name":"wp","href":"https:\/\/api.w.org\/{rel}","templated":true}]}}