{"id":13702,"date":"2024-12-22T19:58:03","date_gmt":"2024-12-22T19:58:03","guid":{"rendered":"https:\/\/elementus.lv\/?page_id=13702"},"modified":"2025-03-29T19:22:04","modified_gmt":"2025-03-29T19:22:04","slug":"ovens","status":"publish","type":"page","link":"https:\/\/elementus.lv\/lv\/ovens\/","title":{"rendered":"\u017davskapji"},"content":{"rendered":"<div data-elementor-type=\"wp-page\" data-elementor-id=\"13702\" class=\"elementor elementor-13702\" data-elementor-post-type=\"page\">\n\t\t\t\t        <section class=\"elementor-section elementor-top-section elementor-element elementor-element-6adeee0 elementor-section-boxed elementor-section-height-default elementor-section-height-default pxl-type-header-none pxl-row-scroll-none\" data-id=\"6adeee0\" data-element_type=\"section\" data-e-type=\"section\" data-settings=\"{&quot;background_background&quot;:&quot;classic&quot;}\">\n\n                            <div class=\"elementor-background-overlay\"><\/div>\n            \n                <div class=\"elementor-container elementor-column-gap-default\">\n                <div class=\"elementor-column elementor-col-100 elementor-top-column elementor-element elementor-element-3579537 pxl-column-element-default pxl-column-none\" data-id=\"3579537\" data-element_type=\"column\" data-e-type=\"column\">\r\n        <div class=\"elementor-widget-wrap elementor-element-populated\">\r\n                     \r\n        \t\t<div class=\"elementor-element elementor-element-a57bb3f elementor-widget elementor-widget-pxl_heading\" data-id=\"a57bb3f\" data-element_type=\"widget\" data-e-type=\"widget\" data-widget_type=\"pxl_heading.default\">\n\t\t\t\t<div class=\"elementor-widget-container\">\n\t\t\t\t\t<div class=\"pxl-heading\">\n\t<div class=\"pxl-heading--inner\">\n\t\t\t\t<h3 class=\"pxl-item--title\" data-wow-delay=\"ms\">\n\t\t\t\u017davskapji\t\t\n\t\t<\/h3>\n\t\t\t<\/div>\n<\/div>\t\t\t\t<\/div>\n\t\t\t\t<\/div>\n\t\t            <\/div>\r\n        <\/div>\r\n        \t\t\t<\/div>\n\t\t<\/section>\n\t\t        <section class=\"elementor-section elementor-top-section elementor-element elementor-element-a84b820 elementor-section-boxed elementor-section-height-default elementor-section-height-default pxl-type-header-none pxl-row-scroll-none\" data-id=\"a84b820\" data-element_type=\"section\" data-e-type=\"section\">\n\n                \n                <div class=\"elementor-container elementor-column-gap-default\">\n                <div class=\"elementor-column elementor-col-50 elementor-top-column elementor-element elementor-element-266a170 pxl-column-element-default pxl-column-none\" data-id=\"266a170\" data-element_type=\"column\" data-e-type=\"column\">\r\n        <div class=\"elementor-widget-wrap elementor-element-populated\">\r\n                     \r\n        \t\t<div class=\"elementor-element elementor-element-8c83a60 elementor-widget__width-initial elementor-widget elementor-widget-pxl_text_editor\" data-id=\"8c83a60\" data-element_type=\"widget\" data-e-type=\"widget\" data-widget_type=\"pxl_text_editor.default\">\n\t\t\t\t<div class=\"elementor-widget-container\">\n\t\t\t\t\t<div class=\"pxl-text-editor\">\n\t<div class=\"pxl-item--inner\" data-wow-delay=\"ms\">\n\t\t<h3><strong>Laboratorijas kr\u0101snis: Precizit\u0101te un uzticam\u012bba j\u016bsu zin\u0101tniskaj\u0101m vajadz\u012bb\u0101m<\/strong><\/h3>\t<\/div>\n<\/div>\t\t\t\t<\/div>\n\t\t\t\t<\/div>\n\t\t            <\/div>\r\n        <\/div>\r\n                <div class=\"elementor-column elementor-col-50 elementor-top-column elementor-element elementor-element-0332b7c pxl-column-element-default pxl-column-none\" data-id=\"0332b7c\" data-element_type=\"column\" data-e-type=\"column\">\r\n        <div class=\"elementor-widget-wrap elementor-element-populated\">\r\n                     \r\n        \t\t<div class=\"elementor-element elementor-element-ca716c3 elementor-widget elementor-widget-pxl_image\" data-id=\"ca716c3\" data-element_type=\"widget\" data-e-type=\"widget\" data-widget_type=\"pxl_image.default\">\n\t\t\t\t<div class=\"elementor-widget-container\">\n\t\t\t\t\t<div class=\"pxl-image-single\" data-wow-delay=\"ms\">\r\n                                        <div class=\"pxl-item--inner\">\r\n                    <a href=\"https:\/\/www.memmert.com\/en\/home\" target=\"_blank\" rel=\"noopener\">                        <img fetchpriority=\"high\" decoding=\"async\" width=\"1175\" height=\"217\" src=\"https:\/\/elementus.lv\/wp-content\/uploads\/2025\/02\/1784_SNOL_logo_RGB.png\" class=\"no-lazyload attachment-full\" alt=\"\" srcset=\"https:\/\/elementus.lv\/wp-content\/uploads\/2025\/02\/1784_SNOL_logo_RGB.png 1175w, https:\/\/elementus.lv\/wp-content\/uploads\/2025\/02\/1784_SNOL_logo_RGB-300x55.png 300w, https:\/\/elementus.lv\/wp-content\/uploads\/2025\/02\/1784_SNOL_logo_RGB-1024x189.png 1024w, https:\/\/elementus.lv\/wp-content\/uploads\/2025\/02\/1784_SNOL_logo_RGB-768x142.png 768w, https:\/\/elementus.lv\/wp-content\/uploads\/2025\/02\/1784_SNOL_logo_RGB-18x3.png 18w, https:\/\/elementus.lv\/wp-content\/uploads\/2025\/02\/1784_SNOL_logo_RGB-1170x216.png 1170w, https:\/\/elementus.lv\/wp-content\/uploads\/2025\/02\/1784_SNOL_logo_RGB-600x111.png 600w\" sizes=\"(max-width: 1175px) 100vw, 1175px\" \/>                    <\/a>                <\/div>\r\n                        <\/div>\t\t\t\t<\/div>\n\t\t\t\t<\/div>\n\t\t            <\/div>\r\n        <\/div>\r\n        \t\t\t<\/div>\n\t\t<\/section>\n\t\t        <section class=\"elementor-section elementor-top-section elementor-element elementor-element-4f3543b elementor-section-boxed elementor-section-height-default elementor-section-height-default pxl-type-header-none pxl-row-scroll-none\" data-id=\"4f3543b\" data-element_type=\"section\" data-e-type=\"section\">\n\n                \n                <div class=\"elementor-container elementor-column-gap-default\">\n                <div class=\"elementor-column elementor-col-50 elementor-top-column elementor-element elementor-element-a59d789 pxl-column-element-default pxl-column-none\" data-id=\"a59d789\" data-element_type=\"column\" data-e-type=\"column\">\r\n        <div class=\"elementor-widget-wrap elementor-element-populated\">\r\n                     \r\n        \t\t<div class=\"elementor-element elementor-element-95481a3 elementor-widget__width-initial elementor-widget elementor-widget-pxl_text_editor\" data-id=\"95481a3\" data-element_type=\"widget\" data-e-type=\"widget\" data-widget_type=\"pxl_text_editor.default\">\n\t\t\t\t<div class=\"elementor-widget-container\">\n\t\t\t\t\t<div class=\"pxl-text-editor\">\n\t<div class=\"pxl-item--inner\" data-wow-delay=\"ms\">\n\t\t<p>SNOL specializ\u0113jas augstas kvalit\u0101tes laboratorijas un r\u016bpniecisko kr\u0101\u0161\u0146u ra\u017eo\u0161an\u0101, kas paredz\u0113tas da\u017e\u0101diem termisk\u0101s apstr\u0101des lietojumiem. To produktu kl\u0101st\u0101 ietilpst<\/p><ul><li><strong>Kameru kr\u0101snis<\/strong> - \u0160\u012bs r\u016bpniecisk\u0101s elektrisk\u0101s kr\u0101snis ar induc\u0113tu gaisa cirkul\u0101ciju nodro\u0161ina prec\u012bzu temperat\u016bras sadal\u012bjumu un tiek izmantotas t\u0101d\u0101s nozar\u0113s k\u0101 elektronikas, plastmasas un met\u0101lapstr\u0101des r\u016bpniec\u012bba, atbalstot procesus l\u012bdz 750\u00b0C.<\/li><li><strong>Keramikas kameras kr\u0101snis<\/strong> - \u0160\u012bs kr\u0101snis, kas paredz\u0113tas r\u016bd\u012b\u0161anai, atlaidin\u0101\u0161anai un normaliz\u0113\u0161anai, var apstr\u0101d\u0101t agres\u012bvus materi\u0101lus un darboties temperat\u016br\u0101 l\u012bdz 1300\u00b0C.<\/li><li><strong>Mufe\u013ckr\u0101snis un pelnu kr\u0101snis<\/strong> - \u0160\u012bs kr\u0101snis, kas paredz\u0113tas sadedzin\u0101\u0161anas procesiem, darbojas 900-1300\u00b0C temperat\u016br\u0101, un t\u0101m ir t\u0101das funkcijas k\u0101 aizsardz\u012bba pret p\u0101rkar\u0161anu, USB datu ierakst\u012b\u0161ana un d\u016bmu nos\u016bces d\u016bmvadi ar ventilatoru Cauru\u013cu kr\u0101snis - \u0161\u012bs kr\u0101snis ir piem\u0113rotas zin\u0101tniskiem p\u0113t\u012bjumiem un r\u016bpnieciskiem lietojumiem, t\u0101s ir ide\u0101li piem\u0113rotas prec\u012bzai termiskai apstr\u0101dei l\u012bdz 1250\u00b0C temperat\u016br\u0101.<\/li><li><strong>Inkubatori<\/strong> - SNOL ra\u017eo ar\u012b laboratorijas inkubatorus ar t\u0101d\u0101m opcij\u0101m k\u0101 ner\u016bs\u0113jo\u0161\u0101 t\u0113rauda kameras, programm\u0113jamie kontrolieri un OTP aizsardz\u012bba.<\/li><\/ul>\t<\/div>\n<\/div>\t\t\t\t<\/div>\n\t\t\t\t<\/div>\n\t\t\t\t<div class=\"elementor-element elementor-element-a4c2f49 elementor-widget-laptop__width-initial elementor-widget elementor-widget-image\" data-id=\"a4c2f49\" data-element_type=\"widget\" data-e-type=\"widget\" data-widget_type=\"image.default\">\n\t\t\t\t<div class=\"elementor-widget-container\">\n\t\t\t\t\t\t\t\t\t\t\t\t\t\t\t<img decoding=\"async\" width=\"1024\" height=\"768\" src=\"https:\/\/elementus.lv\/wp-content\/uploads\/2025\/03\/SNOL_64-2v-1024x768-1.jpg\" class=\"attachment-large size-large wp-image-16374\" alt=\"\" srcset=\"https:\/\/elementus.lv\/wp-content\/uploads\/2025\/03\/SNOL_64-2v-1024x768-1.jpg 1024w, https:\/\/elementus.lv\/wp-content\/uploads\/2025\/03\/SNOL_64-2v-1024x768-1-300x225.jpg 300w, https:\/\/elementus.lv\/wp-content\/uploads\/2025\/03\/SNOL_64-2v-1024x768-1-768x576.jpg 768w, https:\/\/elementus.lv\/wp-content\/uploads\/2025\/03\/SNOL_64-2v-1024x768-1-16x12.jpg 16w, https:\/\/elementus.lv\/wp-content\/uploads\/2025\/03\/SNOL_64-2v-1024x768-1-947x710.jpg 947w, https:\/\/elementus.lv\/wp-content\/uploads\/2025\/03\/SNOL_64-2v-1024x768-1-600x450.jpg 600w\" sizes=\"(max-width: 1024px) 100vw, 1024px\" \/>\t\t\t\t\t\t\t\t\t\t\t\t\t\t\t<\/div>\n\t\t\t\t<\/div>\n\t\t            <\/div>\r\n        <\/div>\r\n                <div class=\"elementor-column elementor-col-50 elementor-top-column elementor-element elementor-element-7d772f3 pxl-column-element-default pxl-column-none\" data-id=\"7d772f3\" data-element_type=\"column\" data-e-type=\"column\">\r\n        <div class=\"elementor-widget-wrap elementor-element-populated\">\r\n                     \r\n        \t\t<div class=\"elementor-element elementor-element-042b0a2 elementor-widget elementor-widget-image\" data-id=\"042b0a2\" data-element_type=\"widget\" data-e-type=\"widget\" data-widget_type=\"image.default\">\n\t\t\t\t<div class=\"elementor-widget-container\">\n\t\t\t\t\t\t\t\t\t\t\t\t\t\t\t<img decoding=\"async\" width=\"417\" height=\"400\" src=\"https:\/\/elementus.lv\/wp-content\/uploads\/2025\/03\/Memmert-Stainless-Steel-Interior-417x400-1.jpg\" class=\"attachment-large size-large wp-image-16375\" alt=\"\" srcset=\"https:\/\/elementus.lv\/wp-content\/uploads\/2025\/03\/Memmert-Stainless-Steel-Interior-417x400-1.jpg 417w, https:\/\/elementus.lv\/wp-content\/uploads\/2025\/03\/Memmert-Stainless-Steel-Interior-417x400-1-300x288.jpg 300w, https:\/\/elementus.lv\/wp-content\/uploads\/2025\/03\/Memmert-Stainless-Steel-Interior-417x400-1-13x12.jpg 13w\" sizes=\"(max-width: 417px) 100vw, 417px\" \/>\t\t\t\t\t\t\t\t\t\t\t\t\t\t\t<\/div>\n\t\t\t\t<\/div>\n\t\t            <\/div>\r\n        <\/div>\r\n        \t\t\t<\/div>\n\t\t<\/section>\n\t\t        <section class=\"elementor-section elementor-top-section elementor-element elementor-element-39ffc7e elementor-section-boxed elementor-section-height-default elementor-section-height-default pxl-type-header-none pxl-row-scroll-none\" data-id=\"39ffc7e\" data-element_type=\"section\" data-e-type=\"section\">\n\n                \n                <div class=\"elementor-container elementor-column-gap-default\">\n                <div class=\"elementor-column elementor-col-50 elementor-top-column elementor-element elementor-element-3362e07 pxl-column-element-default pxl-column-none\" data-id=\"3362e07\" data-element_type=\"column\" data-e-type=\"column\">\r\n        <div class=\"elementor-widget-wrap\">\r\n                     \r\n                    <\/div>\r\n        <\/div>\r\n                <div class=\"elementor-column elementor-col-50 elementor-top-column elementor-element elementor-element-cd39e7d pxl-column-element-default pxl-column-none\" data-id=\"cd39e7d\" data-element_type=\"column\" data-e-type=\"column\">\r\n        <div class=\"elementor-widget-wrap\">\r\n                     \r\n                    <\/div>\r\n        <\/div>\r\n        \t\t\t<\/div>\n\t\t<\/section>\n\t\t        <section class=\"elementor-section elementor-top-section elementor-element elementor-element-eeebfb9 elementor-section-boxed elementor-section-height-default elementor-section-height-default pxl-type-header-none pxl-row-scroll-none\" data-id=\"eeebfb9\" data-element_type=\"section\" data-e-type=\"section\">\n\n                \n                <div class=\"elementor-container elementor-column-gap-default\">\n                <div class=\"elementor-column elementor-col-33 elementor-top-column elementor-element elementor-element-82c0b0a pxl-column-element-default pxl-column-none\" data-id=\"82c0b0a\" data-element_type=\"column\" data-e-type=\"column\">\r\n        <div class=\"elementor-widget-wrap\">\r\n                     \r\n                    <\/div>\r\n        <\/div>\r\n                <div class=\"elementor-column elementor-col-33 elementor-top-column elementor-element elementor-element-368cd9d pxl-column-element-default pxl-column-none\" data-id=\"368cd9d\" data-element_type=\"column\" data-e-type=\"column\">\r\n        <div class=\"elementor-widget-wrap elementor-element-populated\">\r\n                     \r\n        \t\t<div class=\"elementor-element elementor-element-d58d979 elementor-widget__width-initial elementor-widget-laptop__width-initial balance-prod-cards elementor-widget elementor-widget-pxl_showcase\" data-id=\"d58d979\" data-element_type=\"widget\" data-e-type=\"widget\" data-widget_type=\"pxl_showcase.default\">\n\t\t\t\t<div class=\"elementor-widget-container\">\n\t\t\t\t\t<div class=\"pxl-showcase layout1\" data-wow-delay=\"ms\">\r\n    <div class=\"inner-box item-normarl\">\r\n        <div class=\"item-feature\">\r\n            <img loading=\"lazy\" decoding=\"async\" width=\"1175\" height=\"217\" src=\"https:\/\/elementus.lv\/wp-content\/uploads\/2025\/02\/1784_SNOL_logo_RGB.png\" class=\"attachment-full\" alt=\"\" srcset=\"https:\/\/elementus.lv\/wp-content\/uploads\/2025\/02\/1784_SNOL_logo_RGB.png 1175w, https:\/\/elementus.lv\/wp-content\/uploads\/2025\/02\/1784_SNOL_logo_RGB-300x55.png 300w, https:\/\/elementus.lv\/wp-content\/uploads\/2025\/02\/1784_SNOL_logo_RGB-1024x189.png 1024w, https:\/\/elementus.lv\/wp-content\/uploads\/2025\/02\/1784_SNOL_logo_RGB-768x142.png 768w, https:\/\/elementus.lv\/wp-content\/uploads\/2025\/02\/1784_SNOL_logo_RGB-18x3.png 18w, https:\/\/elementus.lv\/wp-content\/uploads\/2025\/02\/1784_SNOL_logo_RGB-1170x216.png 1170w, https:\/\/elementus.lv\/wp-content\/uploads\/2025\/02\/1784_SNOL_logo_RGB-600x111.png 600w\" sizes=\"(max-width: 1175px) 100vw, 1175px\" \/>            <div class=\"pxl-item-links\">\r\n                                    <a class=\"link-1\" href=\"https:\/\/elementus.lv\/wp-content\/uploads\/2025\/02\/SNOL-Laboratory-Industrial-2024.pdf\" target=\"_blank\">\r\n                        <span>Snol katalogs<\/span>\r\n                    <\/a>\r\n                                            <\/div>\r\n        <\/div>\r\n        <h3 class=\"item-title\">\r\n            <a href=\"https:\/\/elementus.lv\/wp-content\/uploads\/2025\/02\/SNOL-Laboratory-Industrial-2024.pdf\" target=\"_blank\">                Snol            <\/a>                    <\/h3>\r\n    <\/div>\r\n<\/div>\t\t\t\t<\/div>\n\t\t\t\t<\/div>\n\t\t\t\t<div class=\"elementor-element elementor-element-de52a67 elementor-align-center elementor-widget-laptop__width-initial elementor-widget elementor-widget-button\" data-id=\"de52a67\" data-element_type=\"widget\" data-e-type=\"widget\" data-widget_type=\"button.default\">\n\t\t\t\t<div class=\"elementor-widget-container\">\n\t\t\t\t\t\t\t\t\t<div class=\"elementor-button-wrapper\">\n\t\t\t\t\t<a class=\"elementor-button elementor-button-link elementor-size-sm\" href=\"https:\/\/elementus.lv\/wp-content\/uploads\/2025\/02\/SNOL-Laboratory-Industrial-2024.pdf?dl=1\" target=\"_blank\" download=\"SNOL-Laboratory-Industrial-2024.pdf\">\n\t\t\t\t\t\t<span class=\"elementor-button-content-wrapper\">\n\t\t\t\t\t\t\t\t\t<span class=\"elementor-button-text\">Lejupiel\u0101d\u0113t katalogu<\/span>\n\t\t\t\t\t<\/span>\n\t\t\t\t\t<\/a>\n\t\t\t\t<\/div>\n\t\t\t\t\t\t\t\t<\/div>\n\t\t\t\t<\/div>\n\t\t            <\/div>\r\n        <\/div>\r\n                <div class=\"elementor-column elementor-col-33 elementor-top-column elementor-element elementor-element-dc02af3 pxl-column-element-default pxl-column-none\" data-id=\"dc02af3\" data-element_type=\"column\" data-e-type=\"column\">\r\n        <div class=\"elementor-widget-wrap\">\r\n                     \r\n                    <\/div>\r\n        <\/div>\r\n        \t\t\t<\/div>\n\t\t<\/section>\n\t\t\t\t<\/div>","protected":false},"excerpt":{"rendered":"<p>Ovens Laboratory Ovens: Precision and Reliability for Your Scientific Needs SNOL specializes in manufacturing high-quality laboratory and industrial furnaces designed for various thermal processing applications. Their product range includes Chamber Ovens \u2013 These industrial electric ovens with induced air circulation ensure precise temperature distribution and are used in sectors like electronics, plastics, and metal industries, [&hellip;]<\/p>\n","protected":false},"author":1,"featured_media":0,"parent":0,"menu_order":0,"comment_status":"closed","ping_status":"closed","template":"","meta":{"footnotes":""},"class_list":["post-13702","page","type-page","status-publish","hentry"],"_links":{"self":[{"href":"https:\/\/elementus.lv\/lv\/wp-json\/wp\/v2\/pages\/13702","targetHints":{"allow":["GET"]}}],"collection":[{"href":"https:\/\/elementus.lv\/lv\/wp-json\/wp\/v2\/pages"}],"about":[{"href":"https:\/\/elementus.lv\/lv\/wp-json\/wp\/v2\/types\/page"}],"author":[{"embeddable":true,"href":"https:\/\/elementus.lv\/lv\/wp-json\/wp\/v2\/users\/1"}],"replies":[{"embeddable":true,"href":"https:\/\/elementus.lv\/lv\/wp-json\/wp\/v2\/comments?post=13702"}],"version-history":[{"count":49,"href":"https:\/\/elementus.lv\/lv\/wp-json\/wp\/v2\/pages\/13702\/revisions"}],"predecessor-version":[{"id":16378,"href":"https:\/\/elementus.lv\/lv\/wp-json\/wp\/v2\/pages\/13702\/revisions\/16378"}],"wp:attachment":[{"href":"https:\/\/elementus.lv\/lv\/wp-json\/wp\/v2\/media?parent=13702"}],"curies":[{"name":"wp","href":"https:\/\/api.w.org\/{rel}","templated":true}]}}