{"id":13712,"date":"2024-12-22T20:06:42","date_gmt":"2024-12-22T20:06:42","guid":{"rendered":"https:\/\/elementus.lv\/?page_id=13712"},"modified":"2025-04-14T11:35:21","modified_gmt":"2025-04-14T11:35:21","slug":"ph-meters","status":"publish","type":"page","link":"https:\/\/elementus.lv\/lv\/ph-meters\/","title":{"rendered":"pH m\u0113r\u012bt\u0101ji"},"content":{"rendered":"<div data-elementor-type=\"wp-page\" data-elementor-id=\"13712\" class=\"elementor elementor-13712\" data-elementor-post-type=\"page\">\n\t\t\t\t        <section class=\"elementor-section elementor-top-section elementor-element elementor-element-ab69c4f elementor-section-boxed elementor-section-height-default elementor-section-height-default pxl-type-header-none pxl-row-scroll-none\" data-id=\"ab69c4f\" data-element_type=\"section\" data-e-type=\"section\" data-settings=\"{&quot;background_background&quot;:&quot;classic&quot;}\">\n\n                            <div class=\"elementor-background-overlay\"><\/div>\n            \n                <div class=\"elementor-container elementor-column-gap-default\">\n                <div class=\"elementor-column elementor-col-100 elementor-top-column elementor-element elementor-element-e15b533 pxl-column-element-default pxl-column-none\" data-id=\"e15b533\" data-element_type=\"column\" data-e-type=\"column\">\r\n        <div class=\"elementor-widget-wrap elementor-element-populated\">\r\n                     \r\n        \t\t<div class=\"elementor-element elementor-element-b8998de elementor-widget elementor-widget-pxl_heading\" data-id=\"b8998de\" data-element_type=\"widget\" data-e-type=\"widget\" data-widget_type=\"pxl_heading.default\">\n\t\t\t\t<div class=\"elementor-widget-container\">\n\t\t\t\t\t<div class=\"pxl-heading\">\n\t<div class=\"pxl-heading--inner\">\n\t\t\t\t<h3 class=\"pxl-item--title\" data-wow-delay=\"ms\">\n\t\t\tpH m\u0113r\u012bt\u0101ji\t\t\n\t\t<\/h3>\n\t\t\t<\/div>\n<\/div>\t\t\t\t<\/div>\n\t\t\t\t<\/div>\n\t\t            <\/div>\r\n        <\/div>\r\n        \t\t\t<\/div>\n\t\t<\/section>\n\t\t        <section class=\"elementor-section elementor-top-section elementor-element elementor-element-6ae476b elementor-section-boxed elementor-section-height-default elementor-section-height-default pxl-type-header-none pxl-row-scroll-none\" data-id=\"6ae476b\" data-element_type=\"section\" data-e-type=\"section\">\n\n                \n                <div class=\"elementor-container elementor-column-gap-default\">\n                <div class=\"elementor-column elementor-col-50 elementor-top-column elementor-element elementor-element-72380cd pxl-column-element-default pxl-column-none\" data-id=\"72380cd\" data-element_type=\"column\" data-e-type=\"column\">\r\n        <div class=\"elementor-widget-wrap elementor-element-populated\">\r\n                     \r\n        \t\t<div class=\"elementor-element elementor-element-e117bdf elementor-widget elementor-widget-pxl_text_editor\" data-id=\"e117bdf\" data-element_type=\"widget\" data-e-type=\"widget\" data-widget_type=\"pxl_text_editor.default\">\n\t\t\t\t<div class=\"elementor-widget-container\">\n\t\t\t\t\t<div class=\"pxl-text-editor\">\n\t<div class=\"pxl-item--inner\" data-wow-delay=\"ms\">\n\t\t<h5>pH m\u0113r\u012bt\u0101ji ir b\u016btiski instrumenti laboratorij\u0101s da\u017e\u0101d\u0101s zin\u0101tnes un r\u016bpniec\u012bbas nozar\u0113s. Tie nodro\u0161ina prec\u012bzus un uzticamus \u0161\u0137\u012bduma sk\u0101buma vai s\u0101rmain\u012bbas m\u0113r\u012bjumus, kas ir b\u016btisks parametrs \u0137\u012bmiskaj\u0101s reakcij\u0101s, kvalit\u0101tes kontrol\u0113 un biolo\u0123iskajos procesos. No vides monitoringa l\u012bdz farm\u0101cijas ra\u017eo\u0161anai pH m\u0113r\u012bt\u0101jiem ir b\u016btiska noz\u012bme precizit\u0101tes un konsekvences nodro\u0161in\u0101\u0161an\u0101.<\/h5>\t<\/div>\n<\/div>\t\t\t\t<\/div>\n\t\t\t\t<\/div>\n\t\t            <\/div>\r\n        <\/div>\r\n                <div class=\"elementor-column elementor-col-50 elementor-top-column elementor-element elementor-element-dffe429 pxl-column-element-default pxl-column-none\" data-id=\"dffe429\" data-element_type=\"column\" data-e-type=\"column\">\r\n        <div class=\"elementor-widget-wrap elementor-element-populated\">\r\n                     \r\n        \t\t<div class=\"elementor-element elementor-element-e4b1b59 elementor-widget-laptop__width-initial elementor-widget-mobile__width-initial elementor-widget elementor-widget-pxl_image\" data-id=\"e4b1b59\" data-element_type=\"widget\" data-e-type=\"widget\" data-widget_type=\"pxl_image.default\">\n\t\t\t\t<div class=\"elementor-widget-container\">\n\t\t\t\t\t<div class=\"pxl-image-single\" data-wow-delay=\"ms\">\r\n                                        <div class=\"pxl-item--inner\">\r\n                    <a href=\"https:\/\/www.hannainst.com\/\" target=\"_blank\" rel=\"noopener\">                        <img fetchpriority=\"high\" decoding=\"async\" width=\"301\" height=\"167\" src=\"https:\/\/elementus.lv\/wp-content\/uploads\/2025\/01\/logo-6.png\" class=\"no-lazyload attachment-full\" alt=\"\" \/>                    <\/a>                <\/div>\r\n                        <\/div>\t\t\t\t<\/div>\n\t\t\t\t<\/div>\n\t\t\t\t<div class=\"elementor-element elementor-element-17adced elementor-widget-mobile__width-initial elementor-widget elementor-widget-pxl_image\" data-id=\"17adced\" data-element_type=\"widget\" data-e-type=\"widget\" data-widget_type=\"pxl_image.default\">\n\t\t\t\t<div class=\"elementor-widget-container\">\n\t\t\t\t\t<div class=\"pxl-image-single\" data-wow-delay=\"ms\">\r\n                                        <div class=\"pxl-item--inner\">\r\n                    <a href=\"https:\/\/www.mt.com\/us\/en\/home.html\" target=\"_blank\" rel=\"noopener\">                        <img decoding=\"async\" width=\"236\" height=\"100\" src=\"https:\/\/elementus.lv\/wp-content\/uploads\/2025\/01\/Mettler-Toledo-Logo_236x100-1.png\" class=\"no-lazyload attachment-full\" alt=\"\" \/>                    <\/a>                <\/div>\r\n                        <\/div>\t\t\t\t<\/div>\n\t\t\t\t<\/div>\n\t\t            <\/div>\r\n        <\/div>\r\n        \t\t\t<\/div>\n\t\t<\/section>\n\t\t        <section class=\"elementor-section elementor-top-section elementor-element elementor-element-d17525d elementor-section-boxed elementor-section-height-default elementor-section-height-default pxl-type-header-none pxl-row-scroll-none\" data-id=\"d17525d\" data-element_type=\"section\" data-e-type=\"section\">\n\n                \n                <div class=\"elementor-container elementor-column-gap-default\">\n                <div class=\"elementor-column elementor-col-50 elementor-top-column elementor-element elementor-element-008a70e pxl-column-element-default pxl-column-none\" data-id=\"008a70e\" data-element_type=\"column\" data-e-type=\"column\">\r\n        <div class=\"elementor-widget-wrap elementor-element-populated\">\r\n                     \r\n        \t\t<div class=\"elementor-element elementor-element-6d15c97 elementor-widget elementor-widget-pxl_text_editor\" data-id=\"6d15c97\" data-element_type=\"widget\" data-e-type=\"widget\" data-widget_type=\"pxl_text_editor.default\">\n\t\t\t\t<div class=\"elementor-widget-container\">\n\t\t\t\t\t<div class=\"pxl-text-editor\">\n\t<div class=\"pxl-item--inner\" data-wow-delay=\"ms\">\n\t\t<p><strong>pH m\u0113r\u012bt\u0101ju veidi<\/strong><\/p><ul><li><strong>Stacion\u0101rie pH m\u0113r\u012bt\u0101ji<\/strong><br \/>\u0160iem m\u0113r\u012bt\u0101jiem, kurus var atrast liel\u0101kaj\u0101 da\u013c\u0101 laboratoriju, ir augsta precizit\u0101te un funkcionalit\u0101te. Tie bie\u017ei ir apr\u012bkoti ar t\u0101d\u0101m funkcij\u0101m k\u0101 temperat\u016bras kompens\u0101cija, datu glab\u0101\u0161ana un daudzparametru m\u0113r\u012b\u0161anas iesp\u0113jas.<\/li><li><strong>P\u0101rn\u0113s\u0101jamie pH m\u0113r\u012bt\u0101ji<\/strong><br \/>\u0160\u012bs viegl\u0101s, ar akumulatoru darbin\u0101m\u0101s ier\u012bces ir ide\u0101li piem\u0113rotas lauka darbiem un test\u0113\u0161anai uz vietas. T\u0101s ir kompaktas un iztur\u012bgas, t\u0101p\u0113c ir piem\u0113rotas vides paraugu \u0146em\u0161anai un r\u016bpnieciskiem lietojumiem.<\/li><li><strong>Pildspalvas tipa pH m\u0113r\u012bt\u0101ji<\/strong><br \/>\u0160ie m\u0113r\u012bt\u0101ji, kas paredz\u0113ti \u0101triem un vienk\u0101r\u0161iem m\u0113r\u012bjumiem, ir pieejami par pie\u0146emamu cenu un tiek izmantoti maz\u0101k pras\u012bgos lietojumos, piem\u0113ram, akv\u0101rija \u016bdens p\u0101rbaudei vai pamata izgl\u012bt\u012bbas eksperimentiem.<\/li><li><strong>Specializ\u0113tie pH m\u0113r\u012bt\u0101ji<\/strong><br \/>Uzlabotie mode\u013ci ir piel\u0101goti \u012bpa\u0161iem lietojumiem, piem\u0113ram, p\u0101rtikas anal\u012bzei, augstas temperat\u016bras paraugiem vai m\u0113r\u012bjumiem jonu \u0161\u0137\u012bdumos ar zemu jonu stiprumu.<\/li><\/ul>\t<\/div>\n<\/div>\t\t\t\t<\/div>\n\t\t\t\t<\/div>\n\t\t            <\/div>\r\n        <\/div>\r\n                <div class=\"elementor-column elementor-col-50 elementor-top-column elementor-element elementor-element-cbb84cc pxl-column-element-default pxl-column-none\" data-id=\"cbb84cc\" data-element_type=\"column\" data-e-type=\"column\">\r\n        <div class=\"elementor-widget-wrap elementor-element-populated\">\r\n                     \r\n        \t\t<div class=\"elementor-element elementor-element-46d5c1a elementor-widget elementor-widget-pxl_image\" data-id=\"46d5c1a\" data-element_type=\"widget\" data-e-type=\"widget\" data-widget_type=\"pxl_image.default\">\n\t\t\t\t<div class=\"elementor-widget-container\">\n\t\t\t\t\t<div class=\"pxl-image-single\" data-wow-delay=\"ms\">\r\n                                        <div class=\"pxl-item--inner\">\r\n                                            <img decoding=\"async\" width=\"800\" height=\"833\" src=\"https:\/\/elementus.lv\/wp-content\/uploads\/2025\/01\/0D-24-42.jpg\" class=\"no-lazyload attachment-full\" alt=\"\" srcset=\"https:\/\/elementus.lv\/wp-content\/uploads\/2025\/01\/0D-24-42.jpg 800w, https:\/\/elementus.lv\/wp-content\/uploads\/2025\/01\/0D-24-42-288x300.jpg 288w, https:\/\/elementus.lv\/wp-content\/uploads\/2025\/01\/0D-24-42-768x800.jpg 768w, https:\/\/elementus.lv\/wp-content\/uploads\/2025\/01\/0D-24-42-12x12.jpg 12w, https:\/\/elementus.lv\/wp-content\/uploads\/2025\/01\/0D-24-42-682x710.jpg 682w, https:\/\/elementus.lv\/wp-content\/uploads\/2025\/01\/0D-24-42-600x625.jpg 600w\" sizes=\"(max-width: 800px) 100vw, 800px\" \/>                                    <\/div>\r\n                        <\/div>\t\t\t\t<\/div>\n\t\t\t\t<\/div>\n\t\t            <\/div>\r\n        <\/div>\r\n        \t\t\t<\/div>\n\t\t<\/section>\n\t\t        <section class=\"elementor-section elementor-top-section elementor-element elementor-element-25bbd43 elementor-section-boxed elementor-section-height-default elementor-section-height-default pxl-type-header-none pxl-row-scroll-none\" data-id=\"25bbd43\" data-element_type=\"section\" data-e-type=\"section\">\n\n                \n                <div class=\"elementor-container elementor-column-gap-default\">\n                <div class=\"elementor-column elementor-col-50 elementor-top-column elementor-element elementor-element-3473b6d pxl-column-element-default pxl-column-none\" data-id=\"3473b6d\" data-element_type=\"column\" data-e-type=\"column\">\r\n        <div class=\"elementor-widget-wrap elementor-element-populated\">\r\n                     \r\n        \t\t<div class=\"elementor-element elementor-element-a0f3d8a elementor-widget elementor-widget-pxl_image\" data-id=\"a0f3d8a\" data-element_type=\"widget\" data-e-type=\"widget\" data-widget_type=\"pxl_image.default\">\n\t\t\t\t<div class=\"elementor-widget-container\">\n\t\t\t\t\t<div class=\"pxl-image-single\" data-wow-delay=\"ms\">\r\n                                        <div class=\"pxl-item--inner\">\r\n                                            <img loading=\"lazy\" decoding=\"async\" width=\"500\" height=\"500\" src=\"https:\/\/elementus.lv\/wp-content\/uploads\/2025\/01\/Piramide-Ambiente-FiveEasy-F20-Mettler-Toledo.jpg\" class=\"no-lazyload attachment-full\" alt=\"\" srcset=\"https:\/\/elementus.lv\/wp-content\/uploads\/2025\/01\/Piramide-Ambiente-FiveEasy-F20-Mettler-Toledo.jpg 500w, https:\/\/elementus.lv\/wp-content\/uploads\/2025\/01\/Piramide-Ambiente-FiveEasy-F20-Mettler-Toledo-300x300.jpg 300w, https:\/\/elementus.lv\/wp-content\/uploads\/2025\/01\/Piramide-Ambiente-FiveEasy-F20-Mettler-Toledo-150x150.jpg 150w, https:\/\/elementus.lv\/wp-content\/uploads\/2025\/01\/Piramide-Ambiente-FiveEasy-F20-Mettler-Toledo-12x12.jpg 12w, https:\/\/elementus.lv\/wp-content\/uploads\/2025\/01\/Piramide-Ambiente-FiveEasy-F20-Mettler-Toledo-250x250.jpg 250w, https:\/\/elementus.lv\/wp-content\/uploads\/2025\/01\/Piramide-Ambiente-FiveEasy-F20-Mettler-Toledo-96x96.jpg 96w\" sizes=\"(max-width: 500px) 100vw, 500px\" \/>                                    <\/div>\r\n                        <\/div>\t\t\t\t<\/div>\n\t\t\t\t<\/div>\n\t\t            <\/div>\r\n        <\/div>\r\n                <div class=\"elementor-column elementor-col-50 elementor-top-column elementor-element elementor-element-2ca8c58 pxl-column-element-default pxl-column-none\" data-id=\"2ca8c58\" data-element_type=\"column\" data-e-type=\"column\">\r\n        <div class=\"elementor-widget-wrap elementor-element-populated\">\r\n                     \r\n        \t\t<div class=\"elementor-element elementor-element-dd02a39 elementor-widget elementor-widget-pxl_text_editor\" data-id=\"dd02a39\" data-element_type=\"widget\" data-e-type=\"widget\" data-widget_type=\"pxl_text_editor.default\">\n\t\t\t\t<div class=\"elementor-widget-container\">\n\t\t\t\t\t<div class=\"pxl-text-editor\">\n\t<div class=\"pxl-item--inner\" data-wow-delay=\"ms\">\n\t\t<p>Standarta pH m\u0113r\u012bt\u0101js sast\u0101v no \u0161\u0101d\u0101m sast\u0101vda\u013c\u0101m:<\/p><ul><li><strong>pH elektrods<\/strong><br \/>Elektrods ir pH m\u0113r\u012bt\u0101ja sirds. Taj\u0101 parasti ietilpst stikla kolba, kas jut\u012bga pret H\u207a joniem, un standartelektrods. Pareiza elektroda apkope ir \u013coti svar\u012bga, lai r\u0101d\u012bjumi b\u016btu prec\u012bzi.<\/li><li><strong>M\u0113r\u012bt\u0101ja vien\u012bba<\/strong><br \/>\u0160\u012b elektronisk\u0101 ier\u012bce interpret\u0113 elektroda sign\u0101lus un par\u0101da pH v\u0113rt\u012bbu. M\u016bsdienu m\u0113r\u012bt\u0101jiem bie\u017ei vien ir digit\u0101l\u0101s saskarnes un datu re\u0123istr\u0113\u0161anas iesp\u0113jas.<\/li><li><strong>Temperat\u016bras sensors<\/strong><br \/>T\u0101 k\u0101 pH r\u0101d\u012bjumi var b\u016bt atkar\u012bgi no temperat\u016bras, daudzos m\u0113rinstrumentos ir ieb\u016bv\u0113ta autom\u0101tisk\u0101 temperat\u016bras kompens\u0101cija (ATC), lai nodro\u0161in\u0101tu prec\u012bzus rezult\u0101tus.<\/li><\/ul><p><strong>pH m\u0113r\u012bt\u0101ju lietojumi laboratorij\u0101<\/strong><\/p>\t<\/div>\n<\/div>\t\t\t\t<\/div>\n\t\t\t\t<\/div>\n\t\t            <\/div>\r\n        <\/div>\r\n        \t\t\t<\/div>\n\t\t<\/section>\n\t\t        <section class=\"elementor-section elementor-top-section elementor-element elementor-element-449033a elementor-section-boxed elementor-section-height-default elementor-section-height-default pxl-type-header-none pxl-row-scroll-none\" data-id=\"449033a\" data-element_type=\"section\" data-e-type=\"section\">\n\n                \n                <div class=\"elementor-container elementor-column-gap-default\">\n                <div class=\"elementor-column elementor-col-100 elementor-top-column elementor-element elementor-element-7bc6a1b pxl-column-element-default pxl-column-none\" data-id=\"7bc6a1b\" data-element_type=\"column\" data-e-type=\"column\">\r\n        <div class=\"elementor-widget-wrap elementor-element-populated\">\r\n                     \r\n        \t\t<div class=\"elementor-element elementor-element-6b30437 elementor-widget elementor-widget-pxl_text_editor\" data-id=\"6b30437\" data-element_type=\"widget\" data-e-type=\"widget\" data-widget_type=\"pxl_text_editor.default\">\n\t\t\t\t<div class=\"elementor-widget-container\">\n\t\t\t\t\t<div class=\"pxl-text-editor\">\n\t<div class=\"pxl-item--inner\" data-wow-delay=\"ms\">\n\t\t<ul><li><strong>Vides test\u0113\u0161ana<\/strong><br \/>pH m\u0113r\u012bt\u0101jus izmanto, lai nov\u0113rt\u0113tu \u016bdens kvalit\u0101ti up\u0113s, ezeros un notek\u016bde\u0146u att\u012br\u012b\u0161anas iek\u0101rt\u0101s, nodro\u0161inot ekolo\u0123isko l\u012bdzsvaru un atbilst\u012bbu normat\u012bvajiem aktiem.<\/li><li><strong>Farm\u0101cijas r\u016bpniec\u012bba<\/strong><br \/>Prec\u012bza pH l\u012bme\u0146a uztur\u0113\u0161ana ir \u013coti svar\u012bga z\u0101\u013cu formul\u0113\u0161an\u0101, stabilit\u0101tes test\u0113\u0161an\u0101 un kvalit\u0101tes kontrol\u0113.<\/li><li><strong>P\u0101rtika un dz\u0113rieni<\/strong><br \/>pH uzraudz\u012bba p\u0101rtik\u0101 un dz\u0113rienos nodro\u0161ina produktu dro\u0161\u012bbu, kvalit\u0101ti un gar\u0161u. Piem\u0113ram, pH kontrole ir \u013coti svar\u012bga ferment\u0101cijas procesos, piem\u0113ram, jogurta un alus ra\u017eo\u0161an\u0101.<\/li><li><strong>\u0136\u012bmisk\u0101 izp\u0113te<\/strong><br \/>Prec\u012bzi pH m\u0113r\u012bjumi ir b\u016btiski reakciju kin\u0113tikas, materi\u0101lu sint\u0113zes un anal\u012btisk\u0101s \u0137\u012bmijas p\u0113t\u012bjumos.<\/li><li><strong>Biolo\u0123ija un biotehnolo\u0123ija<\/strong><br \/>pH ietekm\u0113 enz\u012bmu aktivit\u0101ti, \u0161\u016bnu kult\u016bru apst\u0101k\u013cus un olbaltumvielu stabilit\u0101ti, t\u0101p\u0113c pH m\u0113r\u012bt\u0101ji \u0161aj\u0101s jom\u0101s ir neaizst\u0101jami.<\/li><\/ul>\t<\/div>\n<\/div>\t\t\t\t<\/div>\n\t\t\t\t<\/div>\n\t\t            <\/div>\r\n        <\/div>\r\n        \t\t\t<\/div>\n\t\t<\/section>\n\t\t        <section class=\"elementor-section elementor-top-section elementor-element elementor-element-3c1748d elementor-section-boxed elementor-section-height-default elementor-section-height-default pxl-type-header-none pxl-row-scroll-none\" data-id=\"3c1748d\" data-element_type=\"section\" data-e-type=\"section\">\n\n                \n                <div class=\"elementor-container elementor-column-gap-default\">\n                <div class=\"elementor-column elementor-col-50 elementor-top-column elementor-element elementor-element-04ea812 pxl-column-element-default pxl-column-none\" data-id=\"04ea812\" data-element_type=\"column\" data-e-type=\"column\">\r\n        <div class=\"elementor-widget-wrap elementor-element-populated\">\r\n                     \r\n        \t\t<div class=\"elementor-element elementor-element-7e1cba8 elementor-widget__width-initial elementor-widget-laptop__width-initial balance-prod-cards elementor-widget elementor-widget-pxl_showcase\" data-id=\"7e1cba8\" data-element_type=\"widget\" data-e-type=\"widget\" data-widget_type=\"pxl_showcase.default\">\n\t\t\t\t<div class=\"elementor-widget-container\">\n\t\t\t\t\t<div class=\"pxl-showcase layout1\" data-wow-delay=\"ms\">\r\n    <div class=\"inner-box item-normarl\">\r\n        <div class=\"item-feature\">\r\n            <img loading=\"lazy\" decoding=\"async\" width=\"301\" height=\"167\" src=\"https:\/\/elementus.lv\/wp-content\/uploads\/2025\/01\/logo-6.png\" class=\"attachment-full\" alt=\"\" \/>            <div class=\"pxl-item-links\">\r\n                                    <a class=\"link-1\" href=\"https:\/\/elementus.lv\/wp-content\/uploads\/2024\/12\/hannainst-katalogas.pdf?dl=1\" target=\"_blank\">\r\n                        <span>Hanna instrumenti<\/span>\r\n                    <\/a>\r\n                                            <\/div>\r\n        <\/div>\r\n        <h3 class=\"item-title\">\r\n            <a href=\"https:\/\/elementus.lv\/wp-content\/uploads\/2024\/12\/hannainst-katalogas.pdf\" target=\"_blank\">                Hanna instrumenti            <\/a>                    <\/h3>\r\n    <\/div>\r\n<\/div>\t\t\t\t<\/div>\n\t\t\t\t<\/div>\n\t\t\t\t<div class=\"elementor-element elementor-element-ab9957a elementor-align-center elementor-widget-laptop__width-initial elementor-widget elementor-widget-button\" data-id=\"ab9957a\" data-element_type=\"widget\" data-e-type=\"widget\" data-widget_type=\"button.default\">\n\t\t\t\t<div class=\"elementor-widget-container\">\n\t\t\t\t\t\t\t\t\t<div class=\"elementor-button-wrapper\">\n\t\t\t\t\t<a class=\"elementor-button elementor-button-link elementor-size-sm\" href=\"https:\/\/elementus.lv\/wp-content\/uploads\/2024\/12\/hannainst-katalogas.pdf?dl=1\" download=\"hannainst-katalogas.pdf\">\n\t\t\t\t\t\t<span class=\"elementor-button-content-wrapper\">\n\t\t\t\t\t\t\t\t\t<span class=\"elementor-button-text\">Lejupiel\u0101d\u0113t katalogu<\/span>\n\t\t\t\t\t<\/span>\n\t\t\t\t\t<\/a>\n\t\t\t\t<\/div>\n\t\t\t\t\t\t\t\t<\/div>\n\t\t\t\t<\/div>\n\t\t            <\/div>\r\n        <\/div>\r\n                <div class=\"elementor-column elementor-col-50 elementor-top-column elementor-element elementor-element-9dab629 pxl-column-element-default pxl-column-none\" data-id=\"9dab629\" data-element_type=\"column\" data-e-type=\"column\">\r\n        <div class=\"elementor-widget-wrap elementor-element-populated\">\r\n                     \r\n        \t\t<div class=\"elementor-element elementor-element-344bd46 elementor-widget__width-initial elementor-widget-laptop__width-initial balance-prod-cards elementor-widget elementor-widget-pxl_showcase\" data-id=\"344bd46\" data-element_type=\"widget\" data-e-type=\"widget\" data-widget_type=\"pxl_showcase.default\">\n\t\t\t\t<div class=\"elementor-widget-container\">\n\t\t\t\t\t<div class=\"pxl-showcase layout1\" data-wow-delay=\"ms\">\r\n    <div class=\"inner-box item-normarl\">\r\n        <div class=\"item-feature\">\r\n            <img loading=\"lazy\" decoding=\"async\" width=\"236\" height=\"100\" src=\"https:\/\/elementus.lv\/wp-content\/uploads\/2025\/01\/Mettler-Toledo-Logo_236x100-1.png\" class=\"attachment-full\" alt=\"\" \/>            <div class=\"pxl-item-links\">\r\n                                    <a class=\"link-1\" href=\"https:\/\/elementus.lv\/wp-content\/uploads\/2025\/01\/MT_Analytical_Instruments_Catalog_2025_EN_compressed.pdf?dl=1\" target=\"_blank\">\r\n                        <span>Mettler Toledo<\/span>\r\n                    <\/a>\r\n                                            <\/div>\r\n        <\/div>\r\n        <h3 class=\"item-title\">\r\n            <a href=\"https:\/\/elementus.lv\/wp-content\/uploads\/2025\/01\/MT_Analytical_Instruments_Catalog_2025_EN_compressed.pdf?dl=1\" target=\"_blank\">                Mettler Toledo            <\/a>                    <\/h3>\r\n    <\/div>\r\n<\/div>\t\t\t\t<\/div>\n\t\t\t\t<\/div>\n\t\t\t\t<div class=\"elementor-element elementor-element-8e232c4 elementor-align-center elementor-widget-laptop__width-initial elementor-widget elementor-widget-button\" data-id=\"8e232c4\" data-element_type=\"widget\" data-e-type=\"widget\" data-widget_type=\"button.default\">\n\t\t\t\t<div class=\"elementor-widget-container\">\n\t\t\t\t\t\t\t\t\t<div class=\"elementor-button-wrapper\">\n\t\t\t\t\t<a class=\"elementor-button elementor-button-link elementor-size-sm\" href=\"https:\/\/elementus.lv\/wp-content\/uploads\/2025\/01\/MT_Analytical_Instruments_Catalog_2025_EN_compressed.pdf?dl=1\" target=\"_blank\" download=\"MT_Analytical_Instruments_Catalog_2025_EN_compressed.pdf\">\n\t\t\t\t\t\t<span class=\"elementor-button-content-wrapper\">\n\t\t\t\t\t\t\t\t\t<span class=\"elementor-button-text\">Lejupiel\u0101d\u0113t katalogu<\/span>\n\t\t\t\t\t<\/span>\n\t\t\t\t\t<\/a>\n\t\t\t\t<\/div>\n\t\t\t\t\t\t\t\t<\/div>\n\t\t\t\t<\/div>\n\t\t            <\/div>\r\n        <\/div>\r\n        \t\t\t<\/div>\n\t\t<\/section>\n\t\t\t\t<\/div>","protected":false},"excerpt":{"rendered":"<p>pH Meters pH meters are essential instruments in laboratories across various scientific and industrial disciplines. They provide accurate and reliable measurements of the acidity or alkalinity of a solution, a critical parameter in chemical reactions, quality control, and biological processes. From environmental monitoring to pharmaceutical manufacturing, pH meters play a pivotal role in ensuring precision [&hellip;]<\/p>\n","protected":false},"author":1,"featured_media":0,"parent":0,"menu_order":0,"comment_status":"closed","ping_status":"closed","template":"","meta":{"footnotes":""},"class_list":["post-13712","page","type-page","status-publish","hentry"],"_links":{"self":[{"href":"https:\/\/elementus.lv\/lv\/wp-json\/wp\/v2\/pages\/13712","targetHints":{"allow":["GET"]}}],"collection":[{"href":"https:\/\/elementus.lv\/lv\/wp-json\/wp\/v2\/pages"}],"about":[{"href":"https:\/\/elementus.lv\/lv\/wp-json\/wp\/v2\/types\/page"}],"author":[{"embeddable":true,"href":"https:\/\/elementus.lv\/lv\/wp-json\/wp\/v2\/users\/1"}],"replies":[{"embeddable":true,"href":"https:\/\/elementus.lv\/lv\/wp-json\/wp\/v2\/comments?post=13712"}],"version-history":[{"count":46,"href":"https:\/\/elementus.lv\/lv\/wp-json\/wp\/v2\/pages\/13712\/revisions"}],"predecessor-version":[{"id":16485,"href":"https:\/\/elementus.lv\/lv\/wp-json\/wp\/v2\/pages\/13712\/revisions\/16485"}],"wp:attachment":[{"href":"https:\/\/elementus.lv\/lv\/wp-json\/wp\/v2\/media?parent=13712"}],"curies":[{"name":"wp","href":"https:\/\/api.w.org\/{rel}","templated":true}]}}