{"id":13718,"date":"2024-12-22T20:11:14","date_gmt":"2024-12-22T20:11:14","guid":{"rendered":"https:\/\/elementus.lv\/?page_id=13718"},"modified":"2025-02-19T07:51:45","modified_gmt":"2025-02-19T07:51:45","slug":"refrigerators-and-freezers","status":"publish","type":"page","link":"https:\/\/elementus.lv\/lv\/refrigerators-and-freezers\/","title":{"rendered":"Ledusskapji un sald\u0113tavas"},"content":{"rendered":"<div data-elementor-type=\"wp-page\" data-elementor-id=\"13718\" class=\"elementor elementor-13718\" data-elementor-post-type=\"page\">\n\t\t\t\t        <section class=\"elementor-section elementor-top-section elementor-element elementor-element-0101ba4 elementor-section-boxed elementor-section-height-default elementor-section-height-default pxl-type-header-none pxl-row-scroll-none\" data-id=\"0101ba4\" data-element_type=\"section\" data-e-type=\"section\" data-settings=\"{&quot;background_background&quot;:&quot;classic&quot;}\">\n\n                            <div class=\"elementor-background-overlay\"><\/div>\n            \n                <div class=\"elementor-container elementor-column-gap-default\">\n                <div class=\"elementor-column elementor-col-100 elementor-top-column elementor-element elementor-element-dd2c445 pxl-column-element-default pxl-column-none\" data-id=\"dd2c445\" data-element_type=\"column\" data-e-type=\"column\">\r\n        <div class=\"elementor-widget-wrap elementor-element-populated\">\r\n                     \r\n        \t\t<div class=\"elementor-element elementor-element-165d199 elementor-widget elementor-widget-pxl_heading\" data-id=\"165d199\" data-element_type=\"widget\" data-e-type=\"widget\" data-widget_type=\"pxl_heading.default\">\n\t\t\t\t<div class=\"elementor-widget-container\">\n\t\t\t\t\t<div class=\"pxl-heading\">\n\t<div class=\"pxl-heading--inner\">\n\t\t\t\t<h3 class=\"pxl-item--title\" data-wow-delay=\"ms\">\n\t\t\tLedusskapji un sald\u0113tavas\t\t\n\t\t<\/h3>\n\t\t\t<\/div>\n<\/div>\t\t\t\t<\/div>\n\t\t\t\t<\/div>\n\t\t            <\/div>\r\n        <\/div>\r\n        \t\t\t<\/div>\n\t\t<\/section>\n\t\t        <section class=\"elementor-section elementor-top-section elementor-element elementor-element-076b19d elementor-section-boxed elementor-section-height-default elementor-section-height-default pxl-type-header-none pxl-row-scroll-none\" data-id=\"076b19d\" data-element_type=\"section\" data-e-type=\"section\">\n\n                \n                <div class=\"elementor-container elementor-column-gap-default\">\n                <div class=\"elementor-column elementor-col-50 elementor-top-column elementor-element elementor-element-f041bef pxl-column-element-default pxl-column-none\" data-id=\"f041bef\" data-element_type=\"column\" data-e-type=\"column\">\r\n        <div class=\"elementor-widget-wrap elementor-element-populated\">\r\n                     \r\n        \t\t<div class=\"elementor-element elementor-element-7ebfef1 elementor-widget elementor-widget-pxl_text_editor\" data-id=\"7ebfef1\" data-element_type=\"widget\" data-e-type=\"widget\" data-widget_type=\"pxl_text_editor.default\">\n\t\t\t\t<div class=\"elementor-widget-container\">\n\t\t\t\t\t<div class=\"pxl-text-editor\">\n\t<div class=\"pxl-item--inner\" data-wow-delay=\"ms\">\n\t\t<h3>BioLine priek\u0161roc\u012bbas<\/h3>\t<\/div>\n<\/div>\t\t\t\t<\/div>\n\t\t\t\t<\/div>\n\t\t            <\/div>\r\n        <\/div>\r\n                <div class=\"elementor-column elementor-col-50 elementor-top-column elementor-element elementor-element-a40f6f1 pxl-column-element-default pxl-column-none\" data-id=\"a40f6f1\" data-element_type=\"column\" data-e-type=\"column\">\r\n        <div class=\"elementor-widget-wrap elementor-element-populated\">\r\n                     \r\n        \t\t<div class=\"elementor-element elementor-element-f4de4cb elementor-widget elementor-widget-pxl_image\" data-id=\"f4de4cb\" data-element_type=\"widget\" data-e-type=\"widget\" data-widget_type=\"pxl_image.default\">\n\t\t\t\t<div class=\"elementor-widget-container\">\n\t\t\t\t\t<div class=\"pxl-image-single\" data-wow-delay=\"ms\">\r\n                                        <div class=\"pxl-item--inner\">\r\n                    <a href=\"https:\/\/www.gram-bioline.com\/\" target=\"_blank\" rel=\"noopener\">                        <img fetchpriority=\"high\" decoding=\"async\" width=\"390\" height=\"129\" src=\"https:\/\/elementus.lv\/wp-content\/uploads\/2024\/12\/Grambioline.jpg\" class=\"no-lazyload attachment-full\" alt=\"\" srcset=\"https:\/\/elementus.lv\/wp-content\/uploads\/2024\/12\/Grambioline.jpg 390w, https:\/\/elementus.lv\/wp-content\/uploads\/2024\/12\/Grambioline-300x99.jpg 300w\" sizes=\"(max-width: 390px) 100vw, 390px\" \/>                    <\/a>                <\/div>\r\n                        <\/div>\t\t\t\t<\/div>\n\t\t\t\t<\/div>\n\t\t            <\/div>\r\n        <\/div>\r\n        \t\t\t<\/div>\n\t\t<\/section>\n\t\t        <section class=\"elementor-section elementor-top-section elementor-element elementor-element-e6fb4d0 elementor-section-boxed elementor-section-height-default elementor-section-height-default pxl-type-header-none pxl-row-scroll-none\" data-id=\"e6fb4d0\" data-element_type=\"section\" data-e-type=\"section\">\n\n                \n                <div class=\"elementor-container elementor-column-gap-default\">\n                <div class=\"elementor-column elementor-col-50 elementor-top-column elementor-element elementor-element-1f051c5 pxl-column-element-default pxl-column-none\" data-id=\"1f051c5\" data-element_type=\"column\" data-e-type=\"column\">\r\n        <div class=\"elementor-widget-wrap elementor-element-populated\">\r\n                     \r\n        \t\t<div class=\"elementor-element elementor-element-36871d9 elementor-widget elementor-widget-pxl_text_editor\" data-id=\"36871d9\" data-element_type=\"widget\" data-e-type=\"widget\" data-widget_type=\"pxl_text_editor.default\">\n\t\t\t\t<div class=\"elementor-widget-container\">\n\t\t\t\t\t<div class=\"pxl-text-editor\">\n\t<div class=\"pxl-item--inner\" data-wow-delay=\"ms\">\n\t\t<p>Lai gan \u0161\u0137ietamais izskats var b\u016bt maldino\u0161s, BioLine s\u0113rijas kontrol\u0113t\u0101s biolo\u0123isk\u0101s uzglab\u0101\u0161anas risin\u0101jumiem ir maz kop\u012bga ar sadz\u012bves ledusskapjiem un sald\u0113tav\u0101m. Lai gan sadz\u012bves ledusskapji ir paredz\u0113ti ikdienas personiskai lieto\u0161anai m\u0101jsaimniec\u012bb\u0101, tie nav piem\u0113roti jut\u012bgu biozin\u0101t\u0146u materi\u0101lu dzes\u0113\u0161anai. Sal\u012bdzinot ar \u0161iem produktiem, BioLine skapji pied\u0101v\u0101 ne tikai iev\u0113rojami liel\u0101ku veiktsp\u0113ju un dzes\u0113\u0161anas jaudu, bet ar\u012b iev\u0113rojami pla\u0161\u0101kas specifik\u0101cijas nek\u0101 jebkuras komerci\u0101l\u0101s sald\u0113\u0161anas un sald\u0113\u0161anas iek\u0101rtas.<\/p><p>T\u0101p\u0113c m\u0113s jums varam apliecin\u0101t, ka ikviens m\u016bsu BioLine kl\u0101sta produkts atbilst un p\u0101rsniedz visas sp\u0113k\u0101 eso\u0161\u0101s likumdo\u0161anas pras\u012bbas un starptautiskos standartus. BioLine pied\u0101v\u0101 se\u0161us da\u017e\u0101dus biolo\u0123isk\u0101s uzglab\u0101\u0161anas risin\u0101jumus biolo\u0123isk\u0101 materi\u0101la kontrol\u0113tai uzglab\u0101\u0161anai. Pilna BioLine s\u0113rija apmierina visas uzglab\u0101\u0161anas vajadz\u012bbas - no visaugst\u0101kaj\u0101m bioglab\u0101\u0161anas specifik\u0101cij\u0101m kritiski svar\u012bgiem uzdevumiem l\u012bdz visp\u0101r\u0113jas noz\u012bmes ledusskapjiem un sald\u0113tav\u0101m.<\/p>\t<\/div>\n<\/div>\t\t\t\t<\/div>\n\t\t\t\t<\/div>\n\t\t            <\/div>\r\n        <\/div>\r\n                <div class=\"elementor-column elementor-col-50 elementor-top-column elementor-element elementor-element-0bbc89a pxl-column-element-default pxl-column-none\" data-id=\"0bbc89a\" data-element_type=\"column\" data-e-type=\"column\">\r\n        <div class=\"elementor-widget-wrap elementor-element-populated\">\r\n                     \r\n        \t\t<div class=\"elementor-element elementor-element-d37e237 elementor-widget-laptop__width-initial elementor-widget elementor-widget-pxl_image\" data-id=\"d37e237\" data-element_type=\"widget\" data-e-type=\"widget\" data-widget_type=\"pxl_image.default\">\n\t\t\t\t<div class=\"elementor-widget-container\">\n\t\t\t\t\t<div class=\"pxl-image-single\" data-wow-delay=\"ms\">\r\n                                        <div class=\"pxl-item--inner\">\r\n                                            <img decoding=\"async\" width=\"1413\" height=\"1633\" src=\"https:\/\/elementus.lv\/wp-content\/uploads\/2025\/02\/BioBlood_Group_1-A-scaled-1-e1739908179334.jpg\" class=\"no-lazyload attachment-full\" alt=\"\" srcset=\"https:\/\/elementus.lv\/wp-content\/uploads\/2025\/02\/BioBlood_Group_1-A-scaled-1-e1739908179334.jpg 1413w, https:\/\/elementus.lv\/wp-content\/uploads\/2025\/02\/BioBlood_Group_1-A-scaled-1-e1739908179334-260x300.jpg 260w, https:\/\/elementus.lv\/wp-content\/uploads\/2025\/02\/BioBlood_Group_1-A-scaled-1-e1739908179334-886x1024.jpg 886w, https:\/\/elementus.lv\/wp-content\/uploads\/2025\/02\/BioBlood_Group_1-A-scaled-1-e1739908179334-768x888.jpg 768w, https:\/\/elementus.lv\/wp-content\/uploads\/2025\/02\/BioBlood_Group_1-A-scaled-1-e1739908179334-1329x1536.jpg 1329w, https:\/\/elementus.lv\/wp-content\/uploads\/2025\/02\/BioBlood_Group_1-A-scaled-1-e1739908179334-10x12.jpg 10w, https:\/\/elementus.lv\/wp-content\/uploads\/2025\/02\/BioBlood_Group_1-A-scaled-1-e1739908179334-614x710.jpg 614w, https:\/\/elementus.lv\/wp-content\/uploads\/2025\/02\/BioBlood_Group_1-A-scaled-1-e1739908179334-600x693.jpg 600w\" sizes=\"(max-width: 1413px) 100vw, 1413px\" \/>                                    <\/div>\r\n                        <\/div>\t\t\t\t<\/div>\n\t\t\t\t<\/div>\n\t\t            <\/div>\r\n        <\/div>\r\n        \t\t\t<\/div>\n\t\t<\/section>\n\t\t        <section class=\"elementor-section elementor-top-section elementor-element elementor-element-fb66c89 elementor-section-boxed elementor-section-height-default elementor-section-height-default pxl-type-header-none pxl-row-scroll-none\" data-id=\"fb66c89\" data-element_type=\"section\" data-e-type=\"section\">\n\n                \n                <div class=\"elementor-container elementor-column-gap-default\">\n                <div class=\"elementor-column elementor-col-50 elementor-top-column elementor-element elementor-element-350f47f pxl-column-element-default pxl-column-none\" data-id=\"350f47f\" data-element_type=\"column\" data-e-type=\"column\">\r\n        <div class=\"elementor-widget-wrap elementor-element-populated\">\r\n                     \r\n        \t\t<div class=\"elementor-element elementor-element-92b06d2 elementor-widget__width-initial elementor-widget-laptop__width-initial balance-prod-cards elementor-widget elementor-widget-pxl_showcase\" data-id=\"92b06d2\" data-element_type=\"widget\" data-e-type=\"widget\" data-widget_type=\"pxl_showcase.default\">\n\t\t\t\t<div class=\"elementor-widget-container\">\n\t\t\t\t\t<div class=\"pxl-showcase layout1\" data-wow-delay=\"ms\">\r\n    <div class=\"inner-box item-normarl\">\r\n        <div class=\"item-feature\">\r\n            <img decoding=\"async\" width=\"390\" height=\"129\" src=\"https:\/\/elementus.lv\/wp-content\/uploads\/2024\/12\/Grambioline.jpg\" class=\"attachment-full\" alt=\"\" srcset=\"https:\/\/elementus.lv\/wp-content\/uploads\/2024\/12\/Grambioline.jpg 390w, https:\/\/elementus.lv\/wp-content\/uploads\/2024\/12\/Grambioline-300x99.jpg 300w\" sizes=\"(max-width: 390px) 100vw, 390px\" \/>            <div class=\"pxl-item-links\">\r\n                                            <\/div>\r\n        <\/div>\r\n        <h3 class=\"item-title\">\r\n            <a href=\"https:\/\/elementus.lv\/wp-content\/uploads\/2024\/12\/BioLine-Brand-Brochure-ENG-2024.pdf\" target=\"_blank\">                Gram Bio Line            <\/a>                    <\/h3>\r\n    <\/div>\r\n<\/div>\t\t\t\t<\/div>\n\t\t\t\t<\/div>\n\t\t\t\t<div class=\"elementor-element elementor-element-c054e9c elementor-align-center elementor-widget-laptop__width-initial elementor-widget elementor-widget-button\" data-id=\"c054e9c\" data-element_type=\"widget\" data-e-type=\"widget\" data-widget_type=\"button.default\">\n\t\t\t\t<div class=\"elementor-widget-container\">\n\t\t\t\t\t\t\t\t\t<div class=\"elementor-button-wrapper\">\n\t\t\t\t\t<a class=\"elementor-button elementor-button-link elementor-size-sm\" href=\"https:\/\/elementus.lv\/wp-content\/uploads\/2024\/12\/BioLine-Brand-Brochure-ENG-2024.pdf?dl=1\" download=\"BioLine-Brand-Brochure-ENG-2024.pdf\">\n\t\t\t\t\t\t<span class=\"elementor-button-content-wrapper\">\n\t\t\t\t\t\t\t\t\t<span class=\"elementor-button-text\">Lejupiel\u0101d\u0113t katalogu<\/span>\n\t\t\t\t\t<\/span>\n\t\t\t\t\t<\/a>\n\t\t\t\t<\/div>\n\t\t\t\t\t\t\t\t<\/div>\n\t\t\t\t<\/div>\n\t\t            <\/div>\r\n        <\/div>\r\n                <div class=\"elementor-column elementor-col-50 elementor-top-column elementor-element elementor-element-4f1f513 pxl-column-element-default pxl-column-none\" data-id=\"4f1f513\" data-element_type=\"column\" data-e-type=\"column\">\r\n        <div class=\"elementor-widget-wrap elementor-element-populated\">\r\n                     \r\n        \t\t<div class=\"elementor-element elementor-element-7650a7b elementor-widget-laptop__width-initial elementor-widget__width-inherit elementor-widget elementor-widget-pxl_image\" data-id=\"7650a7b\" data-element_type=\"widget\" data-e-type=\"widget\" data-widget_type=\"pxl_image.default\">\n\t\t\t\t<div class=\"elementor-widget-container\">\n\t\t\t\t\t<div class=\"pxl-image-single\" data-wow-delay=\"ms\">\r\n                                        <div class=\"pxl-item--inner\">\r\n                                            <img loading=\"lazy\" decoding=\"async\" width=\"460\" height=\"307\" src=\"https:\/\/elementus.lv\/wp-content\/uploads\/2025\/02\/GRAM_ATEX-Freezers_-25\u00b0C-1.jpg\" class=\"no-lazyload attachment-full\" alt=\"\" srcset=\"https:\/\/elementus.lv\/wp-content\/uploads\/2025\/02\/GRAM_ATEX-Freezers_-25\u00b0C-1.jpg 460w, https:\/\/elementus.lv\/wp-content\/uploads\/2025\/02\/GRAM_ATEX-Freezers_-25\u00b0C-1-300x200.jpg 300w, https:\/\/elementus.lv\/wp-content\/uploads\/2025\/02\/GRAM_ATEX-Freezers_-25\u00b0C-1-18x12.jpg 18w\" sizes=\"(max-width: 460px) 100vw, 460px\" \/>                                    <\/div>\r\n                        <\/div>\t\t\t\t<\/div>\n\t\t\t\t<\/div>\n\t\t            <\/div>\r\n        <\/div>\r\n        \t\t\t<\/div>\n\t\t<\/section>\n\t\t\t\t<\/div>","protected":false},"excerpt":{"rendered":"<p>Refrigerators And Freezers The BioLine advantage lthough appearances can be deceptive, the controlled biostorage solutions of the BioLine series have little in common with household fridges and freezers. While household refrigerators are intended for a household&#8217;s daily personal use, they are not suitable for cooling sensitive life science materials. Compared to these products, the BioLine [&hellip;]<\/p>\n","protected":false},"author":1,"featured_media":0,"parent":0,"menu_order":0,"comment_status":"closed","ping_status":"closed","template":"","meta":{"footnotes":""},"class_list":["post-13718","page","type-page","status-publish","hentry"],"_links":{"self":[{"href":"https:\/\/elementus.lv\/lv\/wp-json\/wp\/v2\/pages\/13718","targetHints":{"allow":["GET"]}}],"collection":[{"href":"https:\/\/elementus.lv\/lv\/wp-json\/wp\/v2\/pages"}],"about":[{"href":"https:\/\/elementus.lv\/lv\/wp-json\/wp\/v2\/types\/page"}],"author":[{"embeddable":true,"href":"https:\/\/elementus.lv\/lv\/wp-json\/wp\/v2\/users\/1"}],"replies":[{"embeddable":true,"href":"https:\/\/elementus.lv\/lv\/wp-json\/wp\/v2\/comments?post=13718"}],"version-history":[{"count":58,"href":"https:\/\/elementus.lv\/lv\/wp-json\/wp\/v2\/pages\/13718\/revisions"}],"predecessor-version":[{"id":16238,"href":"https:\/\/elementus.lv\/lv\/wp-json\/wp\/v2\/pages\/13718\/revisions\/16238"}],"wp:attachment":[{"href":"https:\/\/elementus.lv\/lv\/wp-json\/wp\/v2\/media?parent=13718"}],"curies":[{"name":"wp","href":"https:\/\/api.w.org\/{rel}","templated":true}]}}