{"id":13757,"date":"2024-12-22T20:38:30","date_gmt":"2024-12-22T20:38:30","guid":{"rendered":"https:\/\/elementus.lv\/?page_id=13757"},"modified":"2025-06-11T14:39:59","modified_gmt":"2025-06-11T14:39:59","slug":"fume-cupboards","status":"publish","type":"page","link":"https:\/\/elementus.lv\/lv\/fume-cupboards\/","title":{"rendered":"Velkmes skapis"},"content":{"rendered":"<div data-elementor-type=\"wp-page\" data-elementor-id=\"13757\" class=\"elementor elementor-13757\" data-elementor-post-type=\"page\">\n\t\t\t\t        <section class=\"elementor-section elementor-top-section elementor-element elementor-element-d6db63c elementor-section-boxed elementor-section-height-default elementor-section-height-default pxl-type-header-none pxl-row-scroll-none\" data-id=\"d6db63c\" data-element_type=\"section\" data-e-type=\"section\" data-settings=\"{&quot;background_background&quot;:&quot;classic&quot;}\">\n\n                            <div class=\"elementor-background-overlay\"><\/div>\n            \n                <div class=\"elementor-container elementor-column-gap-default\">\n                <div class=\"elementor-column elementor-col-100 elementor-top-column elementor-element elementor-element-6734907 pxl-column-element-default pxl-column-none\" data-id=\"6734907\" data-element_type=\"column\" data-e-type=\"column\">\r\n        <div class=\"elementor-widget-wrap elementor-element-populated\">\r\n                     \r\n        \t\t<div class=\"elementor-element elementor-element-60cc37a elementor-widget elementor-widget-pxl_heading\" data-id=\"60cc37a\" data-element_type=\"widget\" data-e-type=\"widget\" data-widget_type=\"pxl_heading.default\">\n\t\t\t\t<div class=\"elementor-widget-container\">\n\t\t\t\t\t<div class=\"pxl-heading\">\n\t<div class=\"pxl-heading--inner\">\n\t\t\t\t<h3 class=\"pxl-item--title\" data-wow-delay=\"ms\">\n\t\t\tModerns velkmes skapis\t\t\n\t\t<\/h3>\n\t\t\t<\/div>\n<\/div>\t\t\t\t<\/div>\n\t\t\t\t<\/div>\n\t\t            <\/div>\r\n        <\/div>\r\n        \t\t\t<\/div>\n\t\t<\/section>\n\t\t        <section class=\"elementor-section elementor-top-section elementor-element elementor-element-98682c7 elementor-section-boxed elementor-section-height-default elementor-section-height-default pxl-type-header-none pxl-row-scroll-none\" data-id=\"98682c7\" data-element_type=\"section\" data-e-type=\"section\">\n\n                \n                <div class=\"elementor-container elementor-column-gap-default\">\n                <div class=\"elementor-column elementor-col-50 elementor-top-column elementor-element elementor-element-d11c028 pxl-column-element-default pxl-column-none\" data-id=\"d11c028\" data-element_type=\"column\" data-e-type=\"column\">\r\n        <div class=\"elementor-widget-wrap elementor-element-populated\">\r\n                     \r\n        \t\t<div class=\"elementor-element elementor-element-bd87bde elementor-widget__width-initial elementor-widget elementor-widget-pxl_text_editor\" data-id=\"bd87bde\" data-element_type=\"widget\" data-e-type=\"widget\" data-widget_type=\"pxl_text_editor.default\">\n\t\t\t\t<div class=\"elementor-widget-container\">\n\t\t\t\t\t<div class=\"pxl-text-editor\">\n\t<div class=\"pxl-item--inner\" data-wow-delay=\"ms\">\n\t\t<h3>Laboratorijas dro\u0161\u012bbas nodro\u0161in\u0101\u0161ana ar profesion\u0101liem velkmes skapju risin\u0101jumiem<\/h3>\t<\/div>\n<\/div>\t\t\t\t<\/div>\n\t\t\t\t<\/div>\n\t\t            <\/div>\r\n        <\/div>\r\n                <div class=\"elementor-column elementor-col-50 elementor-top-column elementor-element elementor-element-a604000 pxl-column-element-default pxl-column-none\" data-id=\"a604000\" data-element_type=\"column\" data-e-type=\"column\">\r\n        <div class=\"elementor-widget-wrap elementor-element-populated\">\r\n                     \r\n        \t\t<div class=\"elementor-element elementor-element-59cff44 elementor-widget elementor-widget-pxl_image\" data-id=\"59cff44\" data-element_type=\"widget\" data-e-type=\"widget\" data-widget_type=\"pxl_image.default\">\n\t\t\t\t<div class=\"elementor-widget-container\">\n\t\t\t\t\t<div class=\"pxl-image-single\" data-wow-delay=\"ms\">\r\n                                        <div class=\"pxl-item--inner\">\r\n                                            <img fetchpriority=\"high\" decoding=\"async\" width=\"1081\" height=\"446\" src=\"https:\/\/elementus.lv\/wp-content\/uploads\/2025\/06\/LabInterior_LOGO-1-pdf.jpg\" class=\"no-lazyload attachment-full\" alt=\"\" \/>                                    <\/div>\r\n                        <\/div>\t\t\t\t<\/div>\n\t\t\t\t<\/div>\n\t\t            <\/div>\r\n        <\/div>\r\n        \t\t\t<\/div>\n\t\t<\/section>\n\t\t        <section class=\"elementor-section elementor-top-section elementor-element elementor-element-5e5bdd0 elementor-section-boxed elementor-section-height-default elementor-section-height-default pxl-type-header-none pxl-row-scroll-none\" data-id=\"5e5bdd0\" data-element_type=\"section\" data-e-type=\"section\">\n\n                \n                <div class=\"elementor-container elementor-column-gap-default\">\n                <div class=\"elementor-column elementor-col-50 elementor-top-column elementor-element elementor-element-3e868df pxl-column-element-default pxl-column-none\" data-id=\"3e868df\" data-element_type=\"column\" data-e-type=\"column\">\r\n        <div class=\"elementor-widget-wrap elementor-element-populated\">\r\n                     \r\n        \t\t<div class=\"elementor-element elementor-element-28e7e89 elementor-widget elementor-widget-pxl_text_editor\" data-id=\"28e7e89\" data-element_type=\"widget\" data-e-type=\"widget\" data-widget_type=\"pxl_text_editor.default\">\n\t\t\t\t<div class=\"elementor-widget-container\">\n\t\t\t\t\t<div class=\"pxl-text-editor\">\n\t<div class=\"pxl-item--inner\" data-wow-delay=\"ms\">\n\t\t<p>Laboratorij\u0101s kait\u012bgo tvaiku atvad\u012b\u0161anai no darba vietas past\u0101v daudz da\u017e\u0101du risin\u0101jumu. Viens no \u0161iem risin\u0101jumiem ir velkmes skapis. Galvenais velkmes skapja uzdevums laboratorij\u0101 ir aizsarg\u0101t darbinieku no kait\u012bgajiem tvaikiem, kas var veidoties \u0137\u012bmisko reakciju laik\u0101. T\u0101p\u0113c, izv\u0113loties velkmes skapi laboratorijai, vispirms tiek dom\u0101ts par person\u0101la dro\u0161\u012bbu.<\/p><p>Daudzi uzskata, ka velkmes skapis ir vienk\u0101r\u0161i taisnst\u016brveida kaste ar ventilatoru aug\u0161\u0101, kas izs\u016bc visus kait\u012bgos \u0137\u012bmiskos elementus, ta\u010du tas nav tik vienk\u0101r\u0161i. Velkmes skapis ir dro\u0161\u012bbas risin\u0101jums, ko izstr\u0101d\u0101ju\u0161i darba aizsardz\u012bbas speci\u0101listi, dizaineri, \u0137\u012bmi\u0137i-tehnologi un dabas resursu taup\u012bbas eksperti.<\/p><p>Standarts EN 14175, kas nosaka velkmes skapju funkcijas, tika izstr\u0101d\u0101ts V\u0101cij\u0101, un t\u0101 pras\u012bbas tiek uzlabotas un papildin\u0101tas ik p\u0113c da\u017eiem gadiem.<\/p>\t<\/div>\n<\/div>\t\t\t\t<\/div>\n\t\t\t\t<\/div>\n\t\t            <\/div>\r\n        <\/div>\r\n                <div class=\"elementor-column elementor-col-50 elementor-top-column elementor-element elementor-element-bed8ddf pxl-column-element-default pxl-column-none\" data-id=\"bed8ddf\" data-element_type=\"column\" data-e-type=\"column\">\r\n        <div class=\"elementor-widget-wrap elementor-element-populated\">\r\n                     \r\n        \t\t<div class=\"elementor-element elementor-element-7888a15 elementor-widget__width-initial elementor-widget elementor-widget-image\" data-id=\"7888a15\" data-element_type=\"widget\" data-e-type=\"widget\" data-widget_type=\"image.default\">\n\t\t\t\t<div class=\"elementor-widget-container\">\n\t\t\t\t\t\t\t\t\t\t\t\t\t\t\t<img decoding=\"async\" width=\"1024\" height=\"683\" src=\"https:\/\/elementus.lv\/wp-content\/uploads\/2025\/06\/FC1-1-1024x683.jpg\" class=\"attachment-large size-large wp-image-16685\" alt=\"\" srcset=\"https:\/\/elementus.lv\/wp-content\/uploads\/2025\/06\/FC1-1-1024x683.jpg 1024w, https:\/\/elementus.lv\/wp-content\/uploads\/2025\/06\/FC1-1-300x200.jpg 300w, https:\/\/elementus.lv\/wp-content\/uploads\/2025\/06\/FC1-1-768x512.jpg 768w, https:\/\/elementus.lv\/wp-content\/uploads\/2025\/06\/FC1-1-1536x1024.jpg 1536w, https:\/\/elementus.lv\/wp-content\/uploads\/2025\/06\/FC1-1-2048x1365.jpg 2048w, https:\/\/elementus.lv\/wp-content\/uploads\/2025\/06\/FC1-1-18x12.jpg 18w, https:\/\/elementus.lv\/wp-content\/uploads\/2025\/06\/FC1-1-1065x710.jpg 1065w\" sizes=\"(max-width: 1024px) 100vw, 1024px\" \/>\t\t\t\t\t\t\t\t\t\t\t\t\t\t\t<\/div>\n\t\t\t\t<\/div>\n\t\t            <\/div>\r\n        <\/div>\r\n        \t\t\t<\/div>\n\t\t<\/section>\n\t\t        <section class=\"elementor-section elementor-top-section elementor-element elementor-element-738785e elementor-section-boxed elementor-section-height-default elementor-section-height-default pxl-type-header-none pxl-row-scroll-none\" data-id=\"738785e\" data-element_type=\"section\" data-e-type=\"section\">\n\n                \n                <div class=\"elementor-container elementor-column-gap-default\">\n                <div class=\"elementor-column elementor-col-50 elementor-top-column elementor-element elementor-element-53ec051 pxl-column-element-default pxl-column-none\" data-id=\"53ec051\" data-element_type=\"column\" data-e-type=\"column\">\r\n        <div class=\"elementor-widget-wrap elementor-element-populated\">\r\n                     \r\n        \t\t<div class=\"elementor-element elementor-element-a7dc841 elementor-widget elementor-widget-image\" data-id=\"a7dc841\" data-element_type=\"widget\" data-e-type=\"widget\" data-widget_type=\"image.default\">\n\t\t\t\t<div class=\"elementor-widget-container\">\n\t\t\t\t\t\t\t\t\t\t\t\t\t\t\t<img decoding=\"async\" width=\"1024\" height=\"683\" src=\"https:\/\/elementus.lv\/wp-content\/uploads\/2025\/06\/FC1-2-1024x683.jpg\" class=\"attachment-large size-large wp-image-16682\" alt=\"\" srcset=\"https:\/\/elementus.lv\/wp-content\/uploads\/2025\/06\/FC1-2-1024x683.jpg 1024w, https:\/\/elementus.lv\/wp-content\/uploads\/2025\/06\/FC1-2-300x200.jpg 300w, https:\/\/elementus.lv\/wp-content\/uploads\/2025\/06\/FC1-2-768x512.jpg 768w, https:\/\/elementus.lv\/wp-content\/uploads\/2025\/06\/FC1-2-1536x1024.jpg 1536w, https:\/\/elementus.lv\/wp-content\/uploads\/2025\/06\/FC1-2-2048x1365.jpg 2048w, https:\/\/elementus.lv\/wp-content\/uploads\/2025\/06\/FC1-2-18x12.jpg 18w, https:\/\/elementus.lv\/wp-content\/uploads\/2025\/06\/FC1-2-1065x710.jpg 1065w\" sizes=\"(max-width: 1024px) 100vw, 1024px\" \/>\t\t\t\t\t\t\t\t\t\t\t\t\t\t\t<\/div>\n\t\t\t\t<\/div>\n\t\t            <\/div>\r\n        <\/div>\r\n                <div class=\"elementor-column elementor-col-50 elementor-top-column elementor-element elementor-element-d631136 pxl-column-element-default pxl-column-none\" data-id=\"d631136\" data-element_type=\"column\" data-e-type=\"column\">\r\n        <div class=\"elementor-widget-wrap elementor-element-populated\">\r\n                     \r\n        \t\t<div class=\"elementor-element elementor-element-7538d42 elementor-widget elementor-widget-pxl_text_editor\" data-id=\"7538d42\" data-element_type=\"widget\" data-e-type=\"widget\" data-widget_type=\"pxl_text_editor.default\">\n\t\t\t\t<div class=\"elementor-widget-container\">\n\t\t\t\t\t<div class=\"pxl-text-editor\">\n\t<div class=\"pxl-item--inner\" data-wow-delay=\"ms\">\n\t\t<p><span lang=\"EN-US\">R\u016bpes par m\u016bsu plan\u0113tas klimatu \u0161odien liek mums dom\u0101t ar\u012b par velkmes skapju energoefektivit\u0101ti. Tas noz\u012bm\u0113, ka mums j\u0101nodro\u0161ina p\u0113c iesp\u0113jas maz\u0101ks izs\u016bkt\u0101 gaisa daudzums, vienlaikus garant\u0113jot darbinieka piln\u012bgu dro\u0161\u012bbu \u2014 pret\u0113ji agr\u0101k pie\u0146emtajam uzskatam, ka labs velkmes skapis ir tas, kam ir \u013coti liels gaisa pat\u0113ri\u0146\u0161. Ja m\u0113s izs\u016bcam gaisu no velkmes skapja, mums tas j\u0101aizvieto ar siltu, att\u012br\u012btu gaisu, un tas ir \u013coti energoietilp\u012bgi. T\u0101p\u0113c m\u016bsdien\u0101s visi velkmes skapju ra\u017eot\u0101ji cen\u0161as samazin\u0101t \u0161o gaisa pat\u0113ri\u0146u.<\/span><\/p>\t<\/div>\n<\/div>\t\t\t\t<\/div>\n\t\t\t\t<\/div>\n\t\t            <\/div>\r\n        <\/div>\r\n        \t\t\t<\/div>\n\t\t<\/section>\n\t\t        <section class=\"elementor-section elementor-top-section elementor-element elementor-element-f8bc112 elementor-section-boxed elementor-section-height-default elementor-section-height-default pxl-type-header-none pxl-row-scroll-none\" data-id=\"f8bc112\" data-element_type=\"section\" data-e-type=\"section\">\n\n                \n                <div class=\"elementor-container elementor-column-gap-default\">\n                <div class=\"elementor-column elementor-col-50 elementor-top-column elementor-element elementor-element-fe5636e pxl-column-element-default pxl-column-none\" data-id=\"fe5636e\" data-element_type=\"column\" data-e-type=\"column\">\r\n        <div class=\"elementor-widget-wrap elementor-element-populated\">\r\n                     \r\n        \t\t<div class=\"elementor-element elementor-element-90c8948 elementor-widget elementor-widget-pxl_text_editor\" data-id=\"90c8948\" data-element_type=\"widget\" data-e-type=\"widget\" data-widget_type=\"pxl_text_editor.default\">\n\t\t\t\t<div class=\"elementor-widget-container\">\n\t\t\t\t\t<div class=\"pxl-text-editor\">\n\t<div class=\"pxl-item--inner\" data-wow-delay=\"ms\">\n\t\t<p>Izv\u0113loties velkmes skapi, ir svar\u012bgi zin\u0101t, k\u0101di \u0137\u012bmiskie procesi taj\u0101 tiks veikti, k\u0101di rea\u0123enti tiks izmantoti un k\u0101dos daudzumos, k\u0101di temperat\u016bras re\u017e\u012bmi b\u016bs nepiecie\u0161ami, k\u0101 ar\u012b k\u0101ds apr\u012bkojums tiks izmantots vilkmes skap\u012b.<\/p><p>Pamatojoties uz \u0161o inform\u0101ciju, uz\u0146\u0113muma Elementus speci\u0101listi sadarb\u012bb\u0101 ar velkmes skapju ra\u017eot\u0101ju Lab Interior var piemekl\u0113t piem\u0113rot\u0101ko risin\u0101jumu tie\u0161i j\u016bsu laboratorijai, kas piln\u012bb\u0101 atbild\u012bs EN 14175-3 standartam.<\/p>\t<\/div>\n<\/div>\t\t\t\t<\/div>\n\t\t\t\t<\/div>\n\t\t            <\/div>\r\n        <\/div>\r\n                <div class=\"elementor-column elementor-col-50 elementor-top-column elementor-element elementor-element-b4aee87 pxl-column-element-default pxl-column-none\" data-id=\"b4aee87\" data-element_type=\"column\" data-e-type=\"column\">\r\n        <div class=\"elementor-widget-wrap elementor-element-populated\">\r\n                     \r\n        \t\t<div class=\"elementor-element elementor-element-97951c7 elementor-widget elementor-widget-image\" data-id=\"97951c7\" data-element_type=\"widget\" data-e-type=\"widget\" data-widget_type=\"image.default\">\n\t\t\t\t<div class=\"elementor-widget-container\">\n\t\t\t\t\t\t\t\t\t\t\t\t\t\t\t<img loading=\"lazy\" decoding=\"async\" width=\"1024\" height=\"683\" src=\"https:\/\/elementus.lv\/wp-content\/uploads\/2025\/06\/FC1-3-1024x683.jpg\" class=\"attachment-large size-large wp-image-16773\" alt=\"\" srcset=\"https:\/\/elementus.lv\/wp-content\/uploads\/2025\/06\/FC1-3-1024x683.jpg 1024w, https:\/\/elementus.lv\/wp-content\/uploads\/2025\/06\/FC1-3-300x200.jpg 300w, https:\/\/elementus.lv\/wp-content\/uploads\/2025\/06\/FC1-3-768x512.jpg 768w, https:\/\/elementus.lv\/wp-content\/uploads\/2025\/06\/FC1-3-1536x1024.jpg 1536w, https:\/\/elementus.lv\/wp-content\/uploads\/2025\/06\/FC1-3-2048x1365.jpg 2048w, https:\/\/elementus.lv\/wp-content\/uploads\/2025\/06\/FC1-3-18x12.jpg 18w, https:\/\/elementus.lv\/wp-content\/uploads\/2025\/06\/FC1-3-1065x710.jpg 1065w\" sizes=\"(max-width: 1024px) 100vw, 1024px\" \/>\t\t\t\t\t\t\t\t\t\t\t\t\t\t\t<\/div>\n\t\t\t\t<\/div>\n\t\t            <\/div>\r\n        <\/div>\r\n        \t\t\t<\/div>\n\t\t<\/section>\n\t\t        <section class=\"elementor-section elementor-top-section elementor-element elementor-element-48b889a elementor-section-boxed elementor-section-height-default elementor-section-height-default pxl-type-header-none pxl-row-scroll-none\" data-id=\"48b889a\" data-element_type=\"section\" data-e-type=\"section\">\n\n                \n                <div class=\"elementor-container elementor-column-gap-default\">\n                <div class=\"elementor-column elementor-col-100 elementor-top-column elementor-element elementor-element-8221a4a pxl-column-element-default pxl-column-none\" data-id=\"8221a4a\" data-element_type=\"column\" data-e-type=\"column\">\r\n        <div class=\"elementor-widget-wrap elementor-element-populated\">\r\n                     \r\n        \t\t<div class=\"elementor-element elementor-element-42e0735 elementor-widget elementor-widget-pxl_text_editor\" data-id=\"42e0735\" data-element_type=\"widget\" data-e-type=\"widget\" data-widget_type=\"pxl_text_editor.default\">\n\t\t\t\t<div class=\"elementor-widget-container\">\n\t\t\t\t\t<div class=\"pxl-text-editor\">\n\t<div class=\"pxl-item--inner\" data-wow-delay=\"ms\">\n\t\t<p><span lang=\"EN-US\">Pla\u0161\u0101ku inform\u0101ciju par velkmes skapju tehniskaj\u0101m \u012bpa\u0161\u012bb\u0101m j\u016bs varat atrast Lab Interior katalog\u0101.<br \/>Vilkmes skapja platums: 1200 \/ 1500 \/ 1800 \/ 2100 mm<br \/>Vilkmes skapja augstums: 2400 \/ 2700 mm<br \/>Papildapr\u012bkojums: izlietne, kanaliz\u0101cija, \u016bdens, g\u0101zes, saspiestais gaiss, vakuums, rozetes un citi risin\u0101jumi.<\/span><\/p>\t<\/div>\n<\/div>\t\t\t\t<\/div>\n\t\t\t\t<\/div>\n\t\t            <\/div>\r\n        <\/div>\r\n        \t\t\t<\/div>\n\t\t<\/section>\n\t\t        <section class=\"elementor-section elementor-top-section elementor-element elementor-element-215acd8 elementor-section-boxed elementor-section-height-default elementor-section-height-default pxl-type-header-none pxl-row-scroll-none\" data-id=\"215acd8\" data-element_type=\"section\" data-e-type=\"section\">\n\n                \n                <div class=\"elementor-container elementor-column-gap-default\">\n                <div class=\"elementor-column elementor-col-50 elementor-top-column elementor-element elementor-element-e6ef2aa pxl-column-element-default pxl-column-none\" data-id=\"e6ef2aa\" data-element_type=\"column\" data-e-type=\"column\">\r\n        <div class=\"elementor-widget-wrap elementor-element-populated\">\r\n                     \r\n        \t\t<div class=\"elementor-element elementor-element-8458fdf elementor-widget elementor-widget-image\" data-id=\"8458fdf\" data-element_type=\"widget\" data-e-type=\"widget\" data-widget_type=\"image.default\">\n\t\t\t\t<div class=\"elementor-widget-container\">\n\t\t\t\t\t\t\t\t\t\t\t\t\t\t\t<img loading=\"lazy\" decoding=\"async\" width=\"1024\" height=\"683\" src=\"https:\/\/elementus.lv\/wp-content\/uploads\/2025\/06\/FC5-1024x683.jpg\" class=\"attachment-large size-large wp-image-16705\" alt=\"\" srcset=\"https:\/\/elementus.lv\/wp-content\/uploads\/2025\/06\/FC5-1024x683.jpg 1024w, https:\/\/elementus.lv\/wp-content\/uploads\/2025\/06\/FC5-300x200.jpg 300w, https:\/\/elementus.lv\/wp-content\/uploads\/2025\/06\/FC5-768x512.jpg 768w, https:\/\/elementus.lv\/wp-content\/uploads\/2025\/06\/FC5-18x12.jpg 18w, https:\/\/elementus.lv\/wp-content\/uploads\/2025\/06\/FC5-1065x710.jpg 1065w, https:\/\/elementus.lv\/wp-content\/uploads\/2025\/06\/FC5.jpg 1200w\" sizes=\"(max-width: 1024px) 100vw, 1024px\" \/>\t\t\t\t\t\t\t\t\t\t\t\t\t\t\t<\/div>\n\t\t\t\t<\/div>\n\t\t            <\/div>\r\n        <\/div>\r\n                <div class=\"elementor-column elementor-col-50 elementor-top-column elementor-element elementor-element-07ce692 pxl-column-element-default pxl-column-none\" data-id=\"07ce692\" data-element_type=\"column\" data-e-type=\"column\">\r\n        <div class=\"elementor-widget-wrap elementor-element-populated\">\r\n                     \r\n        \t\t<div class=\"elementor-element elementor-element-066e300 elementor-widget elementor-widget-image\" data-id=\"066e300\" data-element_type=\"widget\" data-e-type=\"widget\" data-widget_type=\"image.default\">\n\t\t\t\t<div class=\"elementor-widget-container\">\n\t\t\t\t\t\t\t\t\t\t\t\t\t\t\t<img loading=\"lazy\" decoding=\"async\" width=\"1024\" height=\"683\" src=\"https:\/\/elementus.lv\/wp-content\/uploads\/2025\/06\/FC1-4-1024x683.jpg\" class=\"attachment-large size-large wp-image-16683\" alt=\"\" srcset=\"https:\/\/elementus.lv\/wp-content\/uploads\/2025\/06\/FC1-4-1024x683.jpg 1024w, https:\/\/elementus.lv\/wp-content\/uploads\/2025\/06\/FC1-4-300x200.jpg 300w, https:\/\/elementus.lv\/wp-content\/uploads\/2025\/06\/FC1-4-768x512.jpg 768w, https:\/\/elementus.lv\/wp-content\/uploads\/2025\/06\/FC1-4-18x12.jpg 18w, https:\/\/elementus.lv\/wp-content\/uploads\/2025\/06\/FC1-4-1065x710.jpg 1065w, https:\/\/elementus.lv\/wp-content\/uploads\/2025\/06\/FC1-4.jpg 1140w\" sizes=\"(max-width: 1024px) 100vw, 1024px\" \/>\t\t\t\t\t\t\t\t\t\t\t\t\t\t\t<\/div>\n\t\t\t\t<\/div>\n\t\t            <\/div>\r\n        <\/div>\r\n        \t\t\t<\/div>\n\t\t<\/section>\n\t\t        <section class=\"elementor-section elementor-top-section elementor-element elementor-element-7497c87 elementor-section-boxed elementor-section-height-default elementor-section-height-default pxl-type-header-none pxl-row-scroll-none\" data-id=\"7497c87\" data-element_type=\"section\" data-e-type=\"section\">\n\n                \n                <div class=\"elementor-container elementor-column-gap-default\">\n                <div class=\"elementor-column elementor-col-100 elementor-top-column elementor-element elementor-element-513088b pxl-column-element-default pxl-column-none\" data-id=\"513088b\" data-element_type=\"column\" data-e-type=\"column\">\r\n        <div class=\"elementor-widget-wrap elementor-element-populated\">\r\n                     \r\n        \t\t<div class=\"elementor-element elementor-element-b71afff elementor-widget elementor-widget-pxl_showcase\" data-id=\"b71afff\" data-element_type=\"widget\" data-e-type=\"widget\" data-widget_type=\"pxl_showcase.default\">\n\t\t\t\t<div class=\"elementor-widget-container\">\n\t\t\t\t\t<div class=\"pxl-showcase layout1\" data-wow-delay=\"ms\">\r\n    <div class=\"inner-box item-normarl\">\r\n        <div class=\"item-feature\">\r\n            <img loading=\"lazy\" decoding=\"async\" width=\"1140\" height=\"760\" src=\"https:\/\/elementus.lv\/wp-content\/uploads\/2025\/06\/FC1-4.jpg\" class=\"attachment-full\" alt=\"\" srcset=\"https:\/\/elementus.lv\/wp-content\/uploads\/2025\/06\/FC1-4.jpg 1140w, https:\/\/elementus.lv\/wp-content\/uploads\/2025\/06\/FC1-4-300x200.jpg 300w, https:\/\/elementus.lv\/wp-content\/uploads\/2025\/06\/FC1-4-1024x683.jpg 1024w, https:\/\/elementus.lv\/wp-content\/uploads\/2025\/06\/FC1-4-768x512.jpg 768w, https:\/\/elementus.lv\/wp-content\/uploads\/2025\/06\/FC1-4-18x12.jpg 18w, https:\/\/elementus.lv\/wp-content\/uploads\/2025\/06\/FC1-4-1065x710.jpg 1065w\" sizes=\"(max-width: 1140px) 100vw, 1140px\" \/>            <div class=\"pxl-item-links\">\r\n                                    <a class=\"link-1\" href=\"https:\/\/elementus.lv\/wp-content\/uploads\/2024\/12\/multiEA5000.pdf\" target=\"_blank\">\r\n                        <span>Laboratorijas m\u0113be\u013cu katalogs<\/span>\r\n                    <\/a>\r\n                                                    <a class=\"link-2\" href=\"https:\/\/elementus.lv\/wp-content\/uploads\/2024\/12\/multiEA5000.pdf\">\r\n                        <span><\/span>\r\n                    <\/a>\r\n                            <\/div>\r\n        <\/div>\r\n        <h3 class=\"item-title\">\r\n            <a href=\"https:\/\/elementus.lv\/wp-content\/uploads\/2025\/06\/Laboratorijas-mebelu-tehniskais-katalogs.pdf\" target=\"_blank\">                Laboratorijas m\u0113be\u013cu katalogs            <\/a>                    <\/h3>\r\n    <\/div>\r\n<\/div>\t\t\t\t<\/div>\n\t\t\t\t<\/div>\n\t\t            <\/div>\r\n        <\/div>\r\n        \t\t\t<\/div>\n\t\t<\/section>\n\t\t        <section class=\"elementor-section elementor-top-section elementor-element elementor-element-e523fa9 elementor-section-boxed elementor-section-height-default elementor-section-height-default pxl-type-header-none pxl-row-scroll-none\" data-id=\"e523fa9\" data-element_type=\"section\" data-e-type=\"section\">\n\n                \n                <div class=\"elementor-container elementor-column-gap-default\">\n                <div class=\"elementor-column elementor-col-100 elementor-top-column elementor-element elementor-element-64ce411 pxl-column-element-default pxl-column-none\" data-id=\"64ce411\" data-element_type=\"column\" data-e-type=\"column\">\r\n        <div class=\"elementor-widget-wrap elementor-element-populated\">\r\n                     \r\n        \t\t<div class=\"elementor-element elementor-element-da4a692 elementor-align-center elementor-widget elementor-widget-button\" data-id=\"da4a692\" data-element_type=\"widget\" data-e-type=\"widget\" data-widget_type=\"button.default\">\n\t\t\t\t<div class=\"elementor-widget-container\">\n\t\t\t\t\t\t\t\t\t<div class=\"elementor-button-wrapper\">\n\t\t\t\t\t<a class=\"elementor-button elementor-button-link elementor-size-sm\" href=\"https:\/\/elementus.lv\/wp-content\/uploads\/2025\/06\/Laboratorijas-mebelu-tehniskais-katalogs.pdf?dl=1\" download=\"multiEA5000.pdf\">\n\t\t\t\t\t\t<span class=\"elementor-button-content-wrapper\">\n\t\t\t\t\t\t\t\t\t<span class=\"elementor-button-text\">Lejupiel\u0101d\u0113t katalogu<\/span>\n\t\t\t\t\t<\/span>\n\t\t\t\t\t<\/a>\n\t\t\t\t<\/div>\n\t\t\t\t\t\t\t\t<\/div>\n\t\t\t\t<\/div>\n\t\t            <\/div>\r\n        <\/div>\r\n        \t\t\t<\/div>\n\t\t<\/section>\n\t\t\t\t<\/div>","protected":false},"excerpt":{"rendered":"<p>Modern Fume Hoods Ensuring Laboratory Safety with Professional Fume Cupboard Solutions There are many different solutions for removing hazardous vapors from the workspace in laboratories. One of these solutions is the fume hood. The main purpose of a fume hood in a laboratory is to protect the worker from harmful vapors that may form during [&hellip;]<\/p>\n","protected":false},"author":1,"featured_media":0,"parent":0,"menu_order":0,"comment_status":"closed","ping_status":"closed","template":"","meta":{"footnotes":""},"class_list":["post-13757","page","type-page","status-publish","hentry"],"_links":{"self":[{"href":"https:\/\/elementus.lv\/lv\/wp-json\/wp\/v2\/pages\/13757","targetHints":{"allow":["GET"]}}],"collection":[{"href":"https:\/\/elementus.lv\/lv\/wp-json\/wp\/v2\/pages"}],"about":[{"href":"https:\/\/elementus.lv\/lv\/wp-json\/wp\/v2\/types\/page"}],"author":[{"embeddable":true,"href":"https:\/\/elementus.lv\/lv\/wp-json\/wp\/v2\/users\/1"}],"replies":[{"embeddable":true,"href":"https:\/\/elementus.lv\/lv\/wp-json\/wp\/v2\/comments?post=13757"}],"version-history":[{"count":54,"href":"https:\/\/elementus.lv\/lv\/wp-json\/wp\/v2\/pages\/13757\/revisions"}],"predecessor-version":[{"id":16780,"href":"https:\/\/elementus.lv\/lv\/wp-json\/wp\/v2\/pages\/13757\/revisions\/16780"}],"wp:attachment":[{"href":"https:\/\/elementus.lv\/lv\/wp-json\/wp\/v2\/media?parent=13757"}],"curies":[{"name":"wp","href":"https:\/\/api.w.org\/{rel}","templated":true}]}}