{"id":13763,"date":"2024-12-22T20:40:57","date_gmt":"2024-12-22T20:40:57","guid":{"rendered":"https:\/\/elementus.lv\/?page_id=13763"},"modified":"2025-01-21T18:33:41","modified_gmt":"2025-01-21T18:33:41","slug":"local-extractors","status":"publish","type":"page","link":"https:\/\/elementus.lv\/lv\/local-extractors\/","title":{"rendered":"Lok\u0101las velkmes"},"content":{"rendered":"<div data-elementor-type=\"wp-page\" data-elementor-id=\"13763\" class=\"elementor elementor-13763\" data-elementor-post-type=\"page\">\n\t\t\t\t        <section class=\"elementor-section elementor-top-section elementor-element elementor-element-8fdb854 elementor-section-boxed elementor-section-height-default elementor-section-height-default pxl-type-header-none pxl-row-scroll-none\" data-id=\"8fdb854\" data-element_type=\"section\" data-e-type=\"section\" data-settings=\"{&quot;background_background&quot;:&quot;classic&quot;}\">\n\n                            <div class=\"elementor-background-overlay\"><\/div>\n            \n                <div class=\"elementor-container elementor-column-gap-default\">\n                <div class=\"elementor-column elementor-col-100 elementor-top-column elementor-element elementor-element-6535af3 pxl-column-element-default pxl-column-none\" data-id=\"6535af3\" data-element_type=\"column\" data-e-type=\"column\">\r\n        <div class=\"elementor-widget-wrap elementor-element-populated\">\r\n                     \r\n        \t\t<div class=\"elementor-element elementor-element-e86dfc0 elementor-widget elementor-widget-pxl_heading\" data-id=\"e86dfc0\" data-element_type=\"widget\" data-e-type=\"widget\" data-widget_type=\"pxl_heading.default\">\n\t\t\t\t<div class=\"elementor-widget-container\">\n\t\t\t\t\t<div class=\"pxl-heading\">\n\t<div class=\"pxl-heading--inner\">\n\t\t\t\t<h3 class=\"pxl-item--title\" data-wow-delay=\"ms\">\n\t\t\tLok\u0101las velkmes\t\t\n\t\t<\/h3>\n\t\t\t<\/div>\n<\/div>\t\t\t\t<\/div>\n\t\t\t\t<\/div>\n\t\t            <\/div>\r\n        <\/div>\r\n        \t\t\t<\/div>\n\t\t<\/section>\n\t\t        <section class=\"elementor-section elementor-top-section elementor-element elementor-element-95d7245 elementor-section-boxed elementor-section-height-default elementor-section-height-default pxl-type-header-none pxl-row-scroll-none\" data-id=\"95d7245\" data-element_type=\"section\" data-e-type=\"section\">\n\n                \n                <div class=\"elementor-container elementor-column-gap-default\">\n                <div class=\"elementor-column elementor-col-50 elementor-top-column elementor-element elementor-element-62108f4 pxl-column-element-default pxl-column-none\" data-id=\"62108f4\" data-element_type=\"column\" data-e-type=\"column\">\r\n        <div class=\"elementor-widget-wrap elementor-element-populated\">\r\n                     \r\n        \t\t<div class=\"elementor-element elementor-element-501d774 elementor-widget elementor-widget-pxl_text_editor\" data-id=\"501d774\" data-element_type=\"widget\" data-e-type=\"widget\" data-widget_type=\"pxl_text_editor.default\">\n\t\t\t\t<div class=\"elementor-widget-container\">\n\t\t\t\t\t<div class=\"pxl-text-editor\">\n\t<div class=\"pxl-item--inner\" data-wow-delay=\"ms\">\n\t\t<h3><strong>Piev\u0113rsiet uzman\u012bbu t\u012bram gaisam un dro\u0161ai laboratorijas videi.<\/strong><\/h3>\t<\/div>\n<\/div>\t\t\t\t<\/div>\n\t\t\t\t<\/div>\n\t\t            <\/div>\r\n        <\/div>\r\n                <div class=\"elementor-column elementor-col-50 elementor-top-column elementor-element elementor-element-3983221 pxl-column-element-default pxl-column-none\" data-id=\"3983221\" data-element_type=\"column\" data-e-type=\"column\">\r\n        <div class=\"elementor-widget-wrap elementor-element-populated\">\r\n                     \r\n        \t\t<div class=\"elementor-element elementor-element-1ae2934 elementor-widget elementor-widget-pxl_image\" data-id=\"1ae2934\" data-element_type=\"widget\" data-e-type=\"widget\" data-widget_type=\"pxl_image.default\">\n\t\t\t\t<div class=\"elementor-widget-container\">\n\t\t\t\t\t<div class=\"pxl-image-single\" data-wow-delay=\"ms\">\r\n                                        <div class=\"pxl-item--inner\">\r\n                                            <img fetchpriority=\"high\" decoding=\"async\" width=\"2048\" height=\"666\" src=\"https:\/\/elementus.lv\/wp-content\/uploads\/2025\/01\/Fumex-Logo-2048x666-1199833346.png\" class=\"no-lazyload attachment-full\" alt=\"\" srcset=\"https:\/\/elementus.lv\/wp-content\/uploads\/2025\/01\/Fumex-Logo-2048x666-1199833346.png 2048w, https:\/\/elementus.lv\/wp-content\/uploads\/2025\/01\/Fumex-Logo-2048x666-1199833346-300x98.png 300w, https:\/\/elementus.lv\/wp-content\/uploads\/2025\/01\/Fumex-Logo-2048x666-1199833346-1024x333.png 1024w, https:\/\/elementus.lv\/wp-content\/uploads\/2025\/01\/Fumex-Logo-2048x666-1199833346-768x250.png 768w, https:\/\/elementus.lv\/wp-content\/uploads\/2025\/01\/Fumex-Logo-2048x666-1199833346-1536x500.png 1536w, https:\/\/elementus.lv\/wp-content\/uploads\/2025\/01\/Fumex-Logo-2048x666-1199833346-1170x380.png 1170w, https:\/\/elementus.lv\/wp-content\/uploads\/2025\/01\/Fumex-Logo-2048x666-1199833346-600x195.png 600w\" sizes=\"(max-width: 2048px) 100vw, 2048px\" \/>                                    <\/div>\r\n                        <\/div>\t\t\t\t<\/div>\n\t\t\t\t<\/div>\n\t\t            <\/div>\r\n        <\/div>\r\n        \t\t\t<\/div>\n\t\t<\/section>\n\t\t        <section class=\"elementor-section elementor-top-section elementor-element elementor-element-2c5ec5f elementor-section-boxed elementor-section-height-default elementor-section-height-default pxl-type-header-none pxl-row-scroll-none\" data-id=\"2c5ec5f\" data-element_type=\"section\" data-e-type=\"section\">\n\n                \n                <div class=\"elementor-container elementor-column-gap-default\">\n                <div class=\"elementor-column elementor-col-50 elementor-top-column elementor-element elementor-element-73de38f pxl-column-element-default pxl-column-none\" data-id=\"73de38f\" data-element_type=\"column\" data-e-type=\"column\">\r\n        <div class=\"elementor-widget-wrap elementor-element-populated\">\r\n                     \r\n        \t\t<div class=\"elementor-element elementor-element-f4da1be elementor-widget__width-initial elementor-widget elementor-widget-pxl_image\" data-id=\"f4da1be\" data-element_type=\"widget\" data-e-type=\"widget\" data-widget_type=\"pxl_image.default\">\n\t\t\t\t<div class=\"elementor-widget-container\">\n\t\t\t\t\t<div class=\"pxl-image-single\" data-wow-delay=\"ms\">\r\n                                        <div class=\"pxl-item--inner\">\r\n                                            <img decoding=\"async\" width=\"402\" height=\"600\" src=\"https:\/\/elementus.lv\/wp-content\/uploads\/2025\/01\/Local-extractors2.jpg\" class=\"no-lazyload attachment-full\" alt=\"\" srcset=\"https:\/\/elementus.lv\/wp-content\/uploads\/2025\/01\/Local-extractors2.jpg 402w, https:\/\/elementus.lv\/wp-content\/uploads\/2025\/01\/Local-extractors2-201x300.jpg 201w\" sizes=\"(max-width: 402px) 100vw, 402px\" \/>                                    <\/div>\r\n                        <\/div>\t\t\t\t<\/div>\n\t\t\t\t<\/div>\n\t\t            <\/div>\r\n        <\/div>\r\n                <div class=\"elementor-column elementor-col-50 elementor-top-column elementor-element elementor-element-43e57c7 pxl-column-element-default pxl-column-none\" data-id=\"43e57c7\" data-element_type=\"column\" data-e-type=\"column\">\r\n        <div class=\"elementor-widget-wrap elementor-element-populated\">\r\n                     \r\n        \t\t<div class=\"elementor-element elementor-element-4750443 elementor-widget elementor-widget-pxl_text_editor\" data-id=\"4750443\" data-element_type=\"widget\" data-e-type=\"widget\" data-widget_type=\"pxl_text_editor.default\">\n\t\t\t\t<div class=\"elementor-widget-container\">\n\t\t\t\t\t<div class=\"pxl-text-editor\">\n\t<div class=\"pxl-item--inner\" data-wow-delay=\"ms\">\n\t\t<p>Laba darba vide laboratorij\u0101s, slimn\u012bc\u0101s un skol\u0101s ir galvenais konkur\u0113tsp\u0113jas saglab\u0101\u0161anas faktors, kas veicina vesel\u012bbu, ap\u0146em\u0161anos, efektivit\u0101ti un kvalit\u0101ti. Tom\u0113r to nevar uzskat\u012bt par pa\u0161saprotamu. Cilv\u0113kus ietekm\u0113 gaisa pies\u0101r\u0146ojums smaku, g\u0101zu un da\u013ci\u0146u veid\u0101. Fumex izstr\u0101d\u0101 produktus, kas efekt\u012bvi darbojas t\u012bras, dro\u0161as un vesel\u012bgas darba vides nodro\u0161in\u0101\u0161anai.<\/p><p>Izstr\u0101d\u0101jumus raksturo m\u016bsdien\u012bgs dizains un augsta apdare, efektivit\u0101te un energoefektivit\u0101te. Izmantojot elast\u012bgus, inovat\u012bvus un bie\u017ei vien unik\u0101lus dizaina risin\u0101jumus, m\u0113s rad\u0101m t\u012bras priek\u0161roc\u012bbas gan uzst\u0101d\u012bt\u0101jiem, gan gala lietot\u0101jiem uzst\u0101d\u012b\u0161anas, lieto\u0161anas un apkalpo\u0161anas laik\u0101.<\/p><p>Izmantojiet m\u016bsu pied\u0101v\u0101jumu laboratorijas videi.<\/p>\t<\/div>\n<\/div>\t\t\t\t<\/div>\n\t\t\t\t<\/div>\n\t\t            <\/div>\r\n        <\/div>\r\n        \t\t\t<\/div>\n\t\t<\/section>\n\t\t\t\t<\/div>","protected":false},"excerpt":{"rendered":"<p>Local Extractors Focus on clean air and a safe lab environment. Good working environment in laboratory environment, hospitals and schools is a key factor for maintaining competitiveness and contributes to health, commitment, efficiency and quality. However, it can not be taken for granted. Humans are affected by air pollution in the form of odors, gases [&hellip;]<\/p>\n","protected":false},"author":1,"featured_media":0,"parent":0,"menu_order":0,"comment_status":"closed","ping_status":"closed","template":"","meta":{"footnotes":""},"class_list":["post-13763","page","type-page","status-publish","hentry"],"_links":{"self":[{"href":"https:\/\/elementus.lv\/lv\/wp-json\/wp\/v2\/pages\/13763","targetHints":{"allow":["GET"]}}],"collection":[{"href":"https:\/\/elementus.lv\/lv\/wp-json\/wp\/v2\/pages"}],"about":[{"href":"https:\/\/elementus.lv\/lv\/wp-json\/wp\/v2\/types\/page"}],"author":[{"embeddable":true,"href":"https:\/\/elementus.lv\/lv\/wp-json\/wp\/v2\/users\/1"}],"replies":[{"embeddable":true,"href":"https:\/\/elementus.lv\/lv\/wp-json\/wp\/v2\/comments?post=13763"}],"version-history":[{"count":18,"href":"https:\/\/elementus.lv\/lv\/wp-json\/wp\/v2\/pages\/13763\/revisions"}],"predecessor-version":[{"id":15421,"href":"https:\/\/elementus.lv\/lv\/wp-json\/wp\/v2\/pages\/13763\/revisions\/15421"}],"wp:attachment":[{"href":"https:\/\/elementus.lv\/lv\/wp-json\/wp\/v2\/media?parent=13763"}],"curies":[{"name":"wp","href":"https:\/\/api.w.org\/{rel}","templated":true}]}}