{"id":13952,"date":"2025-01-02T10:03:53","date_gmt":"2025-01-02T10:03:53","guid":{"rendered":"https:\/\/elementus.lv\/?page_id=13952"},"modified":"2025-01-23T14:26:48","modified_gmt":"2025-01-23T14:26:48","slug":"services","status":"publish","type":"page","link":"https:\/\/elementus.lv\/lv\/services\/","title":{"rendered":"Pakalpojumi"},"content":{"rendered":"<div data-elementor-type=\"wp-page\" data-elementor-id=\"13952\" class=\"elementor elementor-13952\" data-elementor-post-type=\"page\">\n\t\t\t\t        <section class=\"elementor-section elementor-top-section elementor-element elementor-element-4767324 elementor-section-boxed elementor-section-height-default elementor-section-height-default pxl-type-header-none pxl-row-scroll-none\" data-id=\"4767324\" data-element_type=\"section\" data-e-type=\"section\">\n\n                \n                <div class=\"elementor-container elementor-column-gap-default\">\n                <div class=\"elementor-column elementor-col-100 elementor-top-column elementor-element elementor-element-08393ad pxl-column-element-default pxl-column-none\" data-id=\"08393ad\" data-element_type=\"column\" data-e-type=\"column\">\r\n        <div class=\"elementor-widget-wrap\">\r\n                     \r\n                    <\/div>\r\n        <\/div>\r\n        \t\t\t<\/div>\n\t\t<\/section>\n\t\t        <section class=\"elementor-section elementor-top-section elementor-element elementor-element-84c72f2 elementor-section-boxed elementor-section-height-default elementor-section-height-default pxl-type-header-none pxl-row-scroll-none\" data-id=\"84c72f2\" data-element_type=\"section\" data-e-type=\"section\" data-settings=\"{&quot;background_background&quot;:&quot;classic&quot;}\">\n\n                            <div class=\"elementor-background-overlay\"><\/div>\n            \n                <div class=\"elementor-container elementor-column-gap-default\">\n                <div class=\"elementor-column elementor-col-100 elementor-top-column elementor-element elementor-element-8b8861e pxl-column-element-default pxl-column-none\" data-id=\"8b8861e\" data-element_type=\"column\" data-e-type=\"column\">\r\n        <div class=\"elementor-widget-wrap elementor-element-populated\">\r\n                     \r\n        \t\t<div class=\"elementor-element elementor-element-cfd5b58 elementor-widget elementor-widget-pxl_heading\" data-id=\"cfd5b58\" data-element_type=\"widget\" data-e-type=\"widget\" data-widget_type=\"pxl_heading.default\">\n\t\t\t\t<div class=\"elementor-widget-container\">\n\t\t\t\t\t<div class=\"pxl-heading\">\n\t<div class=\"pxl-heading--inner\">\n\t\t\t\t<h3 class=\"pxl-item--title\" data-wow-delay=\"ms\">\n\t\t\tPakalpojumi\t\t\n\t\t<\/h3>\n\t\t\t<\/div>\n<\/div>\t\t\t\t<\/div>\n\t\t\t\t<\/div>\n\t\t            <\/div>\r\n        <\/div>\r\n        \t\t\t<\/div>\n\t\t<\/section>\n\t\t        <section class=\"elementor-section elementor-top-section elementor-element elementor-element-0e8bb88 elementor-section-boxed elementor-section-height-default elementor-section-height-default pxl-type-header-none pxl-row-scroll-none\" data-id=\"0e8bb88\" data-element_type=\"section\" data-e-type=\"section\">\n\n                \n                <div class=\"elementor-container elementor-column-gap-default\">\n                <div class=\"elementor-column elementor-col-50 elementor-top-column elementor-element elementor-element-72a0fc4 pxl-column-element-default pxl-column-none\" data-id=\"72a0fc4\" data-element_type=\"column\" data-e-type=\"column\">\r\n        <div class=\"elementor-widget-wrap elementor-element-populated\">\r\n                     \r\n        \t\t<div class=\"elementor-element elementor-element-82fe3df elementor-widget elementor-widget-pxl_showcase\" data-id=\"82fe3df\" data-element_type=\"widget\" data-e-type=\"widget\" data-widget_type=\"pxl_showcase.default\">\n\t\t\t\t<div class=\"elementor-widget-container\">\n\t\t\t\t\t<div class=\"pxl-showcase layout2\" data-wow-delay=\"ms\">\r\n    <div class=\"inner-box item-normarl\">\r\n        <div class=\"item-feature\">\r\n                        <img fetchpriority=\"high\" decoding=\"async\" width=\"300\" height=\"200\" src=\"https:\/\/elementus.lv\/wp-content\/uploads\/2024\/12\/man-mechanic-repairing-a-car-in-a-garage-2024-10-18-17-33-54-utc-300x200.jpg\" class=\"attachment-medium\" alt=\"\" srcset=\"https:\/\/elementus.lv\/wp-content\/uploads\/2024\/12\/man-mechanic-repairing-a-car-in-a-garage-2024-10-18-17-33-54-utc-300x200.jpg 300w, https:\/\/elementus.lv\/wp-content\/uploads\/2024\/12\/man-mechanic-repairing-a-car-in-a-garage-2024-10-18-17-33-54-utc-1024x683.jpg 1024w, https:\/\/elementus.lv\/wp-content\/uploads\/2024\/12\/man-mechanic-repairing-a-car-in-a-garage-2024-10-18-17-33-54-utc-768x512.jpg 768w, https:\/\/elementus.lv\/wp-content\/uploads\/2024\/12\/man-mechanic-repairing-a-car-in-a-garage-2024-10-18-17-33-54-utc-1536x1024.jpg 1536w, https:\/\/elementus.lv\/wp-content\/uploads\/2024\/12\/man-mechanic-repairing-a-car-in-a-garage-2024-10-18-17-33-54-utc-2048x1365.jpg 2048w, https:\/\/elementus.lv\/wp-content\/uploads\/2024\/12\/man-mechanic-repairing-a-car-in-a-garage-2024-10-18-17-33-54-utc-1065x710.jpg 1065w, https:\/\/elementus.lv\/wp-content\/uploads\/2024\/12\/man-mechanic-repairing-a-car-in-a-garage-2024-10-18-17-33-54-utc-885x593.jpg 885w, https:\/\/elementus.lv\/wp-content\/uploads\/2024\/12\/man-mechanic-repairing-a-car-in-a-garage-2024-10-18-17-33-54-utc-600x400.jpg 600w\" sizes=\"(max-width: 300px) 100vw, 300px\" \/>            <div class=\"pxl-item-links\">\r\n                                    <a class=\"link-1\" href=\"https:\/\/elementus.lv\/lv\/laboratory-design-and-planning\/\">\r\n                        <span>Laboratorijas pl\u0101no\u0161ana un projekt\u0113\u0161ana<\/span>\r\n                    <\/a>\r\n                                                    <a class=\"link-2\" href=\"https:\/\/elementus.lv\/lv\/laboratory-design-and-planning\/\">\r\n                        <span><\/span>\r\n                    <\/a>\r\n                            <\/div>\r\n        <\/div>\r\n        <h3 class=\"item-title\">\r\n                            Laboratorijas pl\u0101no\u0161ana un projekt\u0113\u0161ana                    <\/h3>\r\n    <\/div>\r\n<\/div>\t\t\t\t<\/div>\n\t\t\t\t<\/div>\n\t\t            <\/div>\r\n        <\/div>\r\n                <div class=\"elementor-column elementor-col-50 elementor-top-column elementor-element elementor-element-6609bee pxl-column-element-default pxl-column-none\" data-id=\"6609bee\" data-element_type=\"column\" data-e-type=\"column\">\r\n        <div class=\"elementor-widget-wrap elementor-element-populated\">\r\n                     \r\n        \t\t<div class=\"elementor-element elementor-element-bec8d32 elementor-widget__width-initial elementor-widget elementor-widget-pxl_showcase\" data-id=\"bec8d32\" data-element_type=\"widget\" data-e-type=\"widget\" data-widget_type=\"pxl_showcase.default\">\n\t\t\t\t<div class=\"elementor-widget-container\">\n\t\t\t\t\t<div class=\"pxl-showcase layout2\" data-wow-delay=\"ms\">\r\n    <div class=\"inner-box item-normarl\">\r\n        <div class=\"item-feature\">\r\n                        <img decoding=\"async\" width=\"300\" height=\"200\" src=\"https:\/\/elementus.lv\/wp-content\/uploads\/2024\/12\/the-man-to-keep-your-bike-up-and-running-2024-07-05-19-26-40-utc-300x200.jpg\" class=\"attachment-medium\" alt=\"\" srcset=\"https:\/\/elementus.lv\/wp-content\/uploads\/2024\/12\/the-man-to-keep-your-bike-up-and-running-2024-07-05-19-26-40-utc-300x200.jpg 300w, https:\/\/elementus.lv\/wp-content\/uploads\/2024\/12\/the-man-to-keep-your-bike-up-and-running-2024-07-05-19-26-40-utc-1024x683.jpg 1024w, https:\/\/elementus.lv\/wp-content\/uploads\/2024\/12\/the-man-to-keep-your-bike-up-and-running-2024-07-05-19-26-40-utc-768x513.jpg 768w, https:\/\/elementus.lv\/wp-content\/uploads\/2024\/12\/the-man-to-keep-your-bike-up-and-running-2024-07-05-19-26-40-utc-1536x1025.jpg 1536w, https:\/\/elementus.lv\/wp-content\/uploads\/2024\/12\/the-man-to-keep-your-bike-up-and-running-2024-07-05-19-26-40-utc-2048x1367.jpg 2048w, https:\/\/elementus.lv\/wp-content\/uploads\/2024\/12\/the-man-to-keep-your-bike-up-and-running-2024-07-05-19-26-40-utc-1064x710.jpg 1064w, https:\/\/elementus.lv\/wp-content\/uploads\/2024\/12\/the-man-to-keep-your-bike-up-and-running-2024-07-05-19-26-40-utc-885x593.jpg 885w, https:\/\/elementus.lv\/wp-content\/uploads\/2024\/12\/the-man-to-keep-your-bike-up-and-running-2024-07-05-19-26-40-utc-600x400.jpg 600w\" sizes=\"(max-width: 300px) 100vw, 300px\" \/>            <div class=\"pxl-item-links\">\r\n                                    <a class=\"link-1\" href=\"https:\/\/elementus.lv\/lv\/repair-and-maintenance\/\">\r\n                        <span>Remonts un apkope<\/span>\r\n                    <\/a>\r\n                                                    <a class=\"link-2\" href=\"https:\/\/elementus.lv\/lv\/repair-and-maintenance\/\">\r\n                        <span><\/span>\r\n                    <\/a>\r\n                            <\/div>\r\n        <\/div>\r\n        <h3 class=\"item-title\">\r\n                            Remonts un apkope                    <\/h3>\r\n    <\/div>\r\n<\/div>\t\t\t\t<\/div>\n\t\t\t\t<\/div>\n\t\t            <\/div>\r\n        <\/div>\r\n        \t\t\t<\/div>\n\t\t<\/section>\n\t\t\t\t<\/div>","protected":false},"excerpt":{"rendered":"<p>Services Laboratory Design And Planning Laboratory Design And Planning Repair And Maintenance Repair And Maintenance<\/p>","protected":false},"author":1,"featured_media":0,"parent":0,"menu_order":0,"comment_status":"closed","ping_status":"closed","template":"","meta":{"footnotes":""},"class_list":["post-13952","page","type-page","status-publish","hentry"],"_links":{"self":[{"href":"https:\/\/elementus.lv\/lv\/wp-json\/wp\/v2\/pages\/13952","targetHints":{"allow":["GET"]}}],"collection":[{"href":"https:\/\/elementus.lv\/lv\/wp-json\/wp\/v2\/pages"}],"about":[{"href":"https:\/\/elementus.lv\/lv\/wp-json\/wp\/v2\/types\/page"}],"author":[{"embeddable":true,"href":"https:\/\/elementus.lv\/lv\/wp-json\/wp\/v2\/users\/1"}],"replies":[{"embeddable":true,"href":"https:\/\/elementus.lv\/lv\/wp-json\/wp\/v2\/comments?post=13952"}],"version-history":[{"count":18,"href":"https:\/\/elementus.lv\/lv\/wp-json\/wp\/v2\/pages\/13952\/revisions"}],"predecessor-version":[{"id":15571,"href":"https:\/\/elementus.lv\/lv\/wp-json\/wp\/v2\/pages\/13952\/revisions\/15571"}],"wp:attachment":[{"href":"https:\/\/elementus.lv\/lv\/wp-json\/wp\/v2\/media?parent=13952"}],"curies":[{"name":"wp","href":"https:\/\/api.w.org\/{rel}","templated":true}]}}