{"id":14665,"date":"2025-01-08T12:24:41","date_gmt":"2025-01-08T12:24:41","guid":{"rendered":"https:\/\/elementus.lv\/?page_id=14665"},"modified":"2025-03-29T20:30:58","modified_gmt":"2025-03-29T20:30:58","slug":"bochem","status":"publish","type":"page","link":"https:\/\/elementus.lv\/lv\/bochem\/","title":{"rendered":"Bochem"},"content":{"rendered":"<div data-elementor-type=\"wp-page\" data-elementor-id=\"14665\" class=\"elementor elementor-14665\" data-elementor-post-type=\"page\">\n\t\t\t\t        <section class=\"elementor-section elementor-top-section elementor-element elementor-element-c4c88fb elementor-section-boxed elementor-section-height-default elementor-section-height-default pxl-type-header-none pxl-row-scroll-none\" data-id=\"c4c88fb\" data-element_type=\"section\" data-e-type=\"section\" data-settings=\"{&quot;background_background&quot;:&quot;classic&quot;}\">\n\n                            <div class=\"elementor-background-overlay\"><\/div>\n            \n                <div class=\"elementor-container elementor-column-gap-default\">\n                <div class=\"elementor-column elementor-col-100 elementor-top-column elementor-element elementor-element-37cebcd pxl-column-element-default pxl-column-none\" data-id=\"37cebcd\" data-element_type=\"column\" data-e-type=\"column\">\r\n        <div class=\"elementor-widget-wrap elementor-element-populated\">\r\n                     \r\n        \t\t<div class=\"elementor-element elementor-element-7020650 elementor-widget elementor-widget-pxl_heading\" data-id=\"7020650\" data-element_type=\"widget\" data-e-type=\"widget\" data-widget_type=\"pxl_heading.default\">\n\t\t\t\t<div class=\"elementor-widget-container\">\n\t\t\t\t\t<div class=\"pxl-heading\">\n\t<div class=\"pxl-heading--inner\">\n\t\t\t\t<h3 class=\"pxl-item--title\" data-wow-delay=\"ms\">\n\t\t\tBochem\t\t\n\t\t<\/h3>\n\t\t\t<\/div>\n<\/div>\t\t\t\t<\/div>\n\t\t\t\t<\/div>\n\t\t            <\/div>\r\n        <\/div>\r\n        \t\t\t<\/div>\n\t\t<\/section>\n\t\t        <section class=\"elementor-section elementor-top-section elementor-element elementor-element-65755b5 elementor-section-boxed elementor-section-height-default elementor-section-height-default pxl-type-header-none pxl-row-scroll-none\" data-id=\"65755b5\" data-element_type=\"section\" data-e-type=\"section\">\n\n                \n                <div class=\"elementor-container elementor-column-gap-default\">\n                <div class=\"elementor-column elementor-col-50 elementor-top-column elementor-element elementor-element-c1dcf94 pxl-column-element-default pxl-column-none\" data-id=\"c1dcf94\" data-element_type=\"column\" data-e-type=\"column\">\r\n        <div class=\"elementor-widget-wrap elementor-element-populated\">\r\n                     \r\n        \t\t<div class=\"elementor-element elementor-element-40fbebc elementor-widget__width-initial elementor-widget elementor-widget-pxl_text_editor\" data-id=\"40fbebc\" data-element_type=\"widget\" data-e-type=\"widget\" data-widget_type=\"pxl_text_editor.default\">\n\t\t\t\t<div class=\"elementor-widget-container\">\n\t\t\t\t\t<div class=\"pxl-text-editor\">\n\t<div class=\"pxl-item--inner\" data-wow-delay=\"ms\">\n\t\t<h3>Bochem: prec\u012bza in\u017eenierija nep\u0101rsp\u0113jamas kvalit\u0101tes laboratorijas darbar\u012bkiem<\/h3>\t<\/div>\n<\/div>\t\t\t\t<\/div>\n\t\t\t\t<\/div>\n\t\t            <\/div>\r\n        <\/div>\r\n                <div class=\"elementor-column elementor-col-50 elementor-top-column elementor-element elementor-element-44aa068 pxl-column-element-default pxl-column-none\" data-id=\"44aa068\" data-element_type=\"column\" data-e-type=\"column\">\r\n        <div class=\"elementor-widget-wrap elementor-element-populated\">\r\n                     \r\n        \t\t<div class=\"elementor-element elementor-element-6ca16e3 elementor-widget__width-initial elementor-widget elementor-widget-pxl_image\" data-id=\"6ca16e3\" data-element_type=\"widget\" data-e-type=\"widget\" data-widget_type=\"pxl_image.default\">\n\t\t\t\t<div class=\"elementor-widget-container\">\n\t\t\t\t\t<div class=\"pxl-image-single\" data-wow-delay=\"ms\">\r\n                                        <div class=\"pxl-item--inner\">\r\n                    <a href=\"https:\/\/bochem.de\/?lang=en\" target=\"_blank\" rel=\"noopener\">                        <img fetchpriority=\"high\" decoding=\"async\" width=\"463\" height=\"109\" src=\"https:\/\/elementus.lv\/wp-content\/uploads\/2024\/12\/download.png\" class=\"no-lazyload attachment-full\" alt=\"\" srcset=\"https:\/\/elementus.lv\/wp-content\/uploads\/2024\/12\/download.png 463w, https:\/\/elementus.lv\/wp-content\/uploads\/2024\/12\/download-300x71.png 300w\" sizes=\"(max-width: 463px) 100vw, 463px\" \/>                    <\/a>                <\/div>\r\n                        <\/div>\t\t\t\t<\/div>\n\t\t\t\t<\/div>\n\t\t            <\/div>\r\n        <\/div>\r\n        \t\t\t<\/div>\n\t\t<\/section>\n\t\t        <section class=\"elementor-section elementor-top-section elementor-element elementor-element-8b5e8bd elementor-section-boxed elementor-section-height-default elementor-section-height-default pxl-type-header-none pxl-row-scroll-none\" data-id=\"8b5e8bd\" data-element_type=\"section\" data-e-type=\"section\">\n\n                \n                <div class=\"elementor-container elementor-column-gap-default\">\n                <div class=\"elementor-column elementor-col-100 elementor-top-column elementor-element elementor-element-be8e65b pxl-column-element-default pxl-column-none\" data-id=\"be8e65b\" data-element_type=\"column\" data-e-type=\"column\">\r\n        <div class=\"elementor-widget-wrap elementor-element-populated\">\r\n                     \r\n        \t\t<div class=\"elementor-element elementor-element-849c2f6 elementor-widget__width-initial elementor-widget elementor-widget-pxl_text_editor\" data-id=\"849c2f6\" data-element_type=\"widget\" data-e-type=\"widget\" data-widget_type=\"pxl_text_editor.default\">\n\t\t\t\t<div class=\"elementor-widget-container\">\n\t\t\t\t\t<div class=\"pxl-text-editor\">\n\t<div class=\"pxl-item--inner\" data-wow-delay=\"ms\">\n\t\t<p>Uz\u0146\u0113muma Bochem Instrumente GmbH stipr\u0101 puse ir t\u0113rauda vai alum\u012bnija apstr\u0101de un apdare, k\u0101 ar\u012b \u0161o materi\u0101lu apstr\u0101de. Tie, kas rok\u0101s pa\u0146ems l\u0101psti\u0146as, \u0161\u0137\u0113res vai mais\u012bt\u0101jus, redz\u0113s un jut\u012bs at\u0161\u0137ir\u012bbu: Stabilit\u0101te, iztur\u012bba un augstas kvalit\u0101tes apstr\u0101de ir paman\u0101ma no pirm\u0101 acu uzmetiena.<\/p>\t<\/div>\n<\/div>\t\t\t\t<\/div>\n\t\t\t\t<\/div>\n\t\t            <\/div>\r\n        <\/div>\r\n        \t\t\t<\/div>\n\t\t<\/section>\n\t\t        <section class=\"elementor-section elementor-top-section elementor-element elementor-element-a7a9857 elementor-section-boxed elementor-section-height-default elementor-section-height-default pxl-type-header-none pxl-row-scroll-none\" data-id=\"a7a9857\" data-element_type=\"section\" data-e-type=\"section\">\n\n                \n                <div class=\"elementor-container elementor-column-gap-default\">\n                <div class=\"elementor-column elementor-col-25 elementor-top-column elementor-element elementor-element-df447a3 pxl-column-element-default pxl-column-none\" data-id=\"df447a3\" data-element_type=\"column\" data-e-type=\"column\">\r\n        <div class=\"elementor-widget-wrap elementor-element-populated\">\r\n                     \r\n        \t\t<div class=\"elementor-element elementor-element-039e0bf elementor-widget__width-initial elementor-widget-laptop__width-initial elementor-widget elementor-widget-pxl_image\" data-id=\"039e0bf\" data-element_type=\"widget\" data-e-type=\"widget\" data-widget_type=\"pxl_image.default\">\n\t\t\t\t<div class=\"elementor-widget-container\">\n\t\t\t\t\t<div class=\"pxl-image-single\" data-wow-delay=\"ms\">\r\n                                        <div class=\"pxl-item--inner\">\r\n                                            <img decoding=\"async\" width=\"500\" height=\"500\" src=\"https:\/\/elementus.lv\/wp-content\/uploads\/2025\/01\/Bochem.gif\" class=\"no-lazyload attachment-full\" alt=\"\" \/>                                    <\/div>\r\n                        <\/div>\t\t\t\t<\/div>\n\t\t\t\t<\/div>\n\t\t            <\/div>\r\n        <\/div>\r\n                <div class=\"elementor-column elementor-col-25 elementor-top-column elementor-element elementor-element-ebfd1aa pxl-column-element-default pxl-column-none\" data-id=\"ebfd1aa\" data-element_type=\"column\" data-e-type=\"column\">\r\n        <div class=\"elementor-widget-wrap elementor-element-populated\">\r\n                     \r\n        \t\t<div class=\"elementor-element elementor-element-e1c1f5a elementor-widget__width-initial elementor-widget-laptop__width-initial elementor-widget elementor-widget-pxl_image\" data-id=\"e1c1f5a\" data-element_type=\"widget\" data-e-type=\"widget\" data-widget_type=\"pxl_image.default\">\n\t\t\t\t<div class=\"elementor-widget-container\">\n\t\t\t\t\t<div class=\"pxl-image-single\" data-wow-delay=\"ms\">\r\n                                        <div class=\"pxl-item--inner\">\r\n                                            <img decoding=\"async\" width=\"1800\" height=\"1800\" src=\"https:\/\/elementus.lv\/wp-content\/uploads\/2025\/03\/de-labor-gasbrenner-bunsenbrenner-bochem-teclu-brenner-mit-nadelventil-din-30665-.jpg\" class=\"no-lazyload attachment-full\" alt=\"\" srcset=\"https:\/\/elementus.lv\/wp-content\/uploads\/2025\/03\/de-labor-gasbrenner-bunsenbrenner-bochem-teclu-brenner-mit-nadelventil-din-30665-.jpg 1800w, https:\/\/elementus.lv\/wp-content\/uploads\/2025\/03\/de-labor-gasbrenner-bunsenbrenner-bochem-teclu-brenner-mit-nadelventil-din-30665--300x300.jpg 300w, https:\/\/elementus.lv\/wp-content\/uploads\/2025\/03\/de-labor-gasbrenner-bunsenbrenner-bochem-teclu-brenner-mit-nadelventil-din-30665--1024x1024.jpg 1024w, https:\/\/elementus.lv\/wp-content\/uploads\/2025\/03\/de-labor-gasbrenner-bunsenbrenner-bochem-teclu-brenner-mit-nadelventil-din-30665--150x150.jpg 150w, https:\/\/elementus.lv\/wp-content\/uploads\/2025\/03\/de-labor-gasbrenner-bunsenbrenner-bochem-teclu-brenner-mit-nadelventil-din-30665--768x768.jpg 768w, https:\/\/elementus.lv\/wp-content\/uploads\/2025\/03\/de-labor-gasbrenner-bunsenbrenner-bochem-teclu-brenner-mit-nadelventil-din-30665--1536x1536.jpg 1536w, https:\/\/elementus.lv\/wp-content\/uploads\/2025\/03\/de-labor-gasbrenner-bunsenbrenner-bochem-teclu-brenner-mit-nadelventil-din-30665--12x12.jpg 12w, https:\/\/elementus.lv\/wp-content\/uploads\/2025\/03\/de-labor-gasbrenner-bunsenbrenner-bochem-teclu-brenner-mit-nadelventil-din-30665--710x710.jpg 710w, https:\/\/elementus.lv\/wp-content\/uploads\/2025\/03\/de-labor-gasbrenner-bunsenbrenner-bochem-teclu-brenner-mit-nadelventil-din-30665--600x600.jpg 600w, https:\/\/elementus.lv\/wp-content\/uploads\/2025\/03\/de-labor-gasbrenner-bunsenbrenner-bochem-teclu-brenner-mit-nadelventil-din-30665--250x250.jpg 250w, https:\/\/elementus.lv\/wp-content\/uploads\/2025\/03\/de-labor-gasbrenner-bunsenbrenner-bochem-teclu-brenner-mit-nadelventil-din-30665--96x96.jpg 96w\" sizes=\"(max-width: 1800px) 100vw, 1800px\" \/>                                    <\/div>\r\n                        <\/div>\t\t\t\t<\/div>\n\t\t\t\t<\/div>\n\t\t            <\/div>\r\n        <\/div>\r\n                <div class=\"elementor-column elementor-col-25 elementor-top-column elementor-element elementor-element-29bdb64 pxl-column-element-default pxl-column-none\" data-id=\"29bdb64\" data-element_type=\"column\" data-e-type=\"column\">\r\n        <div class=\"elementor-widget-wrap elementor-element-populated\">\r\n                     \r\n        \t\t<div class=\"elementor-element elementor-element-51620f2 elementor-widget__width-initial elementor-widget-laptop__width-initial elementor-widget elementor-widget-pxl_image\" data-id=\"51620f2\" data-element_type=\"widget\" data-e-type=\"widget\" data-widget_type=\"pxl_image.default\">\n\t\t\t\t<div class=\"elementor-widget-container\">\n\t\t\t\t\t<div class=\"pxl-image-single\" data-wow-delay=\"ms\">\r\n                                        <div class=\"pxl-item--inner\">\r\n                                            <img loading=\"lazy\" decoding=\"async\" width=\"786\" height=\"1000\" src=\"https:\/\/elementus.lv\/wp-content\/uploads\/2025\/03\/10-786x1000-1.jpg\" class=\"no-lazyload attachment-full\" alt=\"\" srcset=\"https:\/\/elementus.lv\/wp-content\/uploads\/2025\/03\/10-786x1000-1.jpg 786w, https:\/\/elementus.lv\/wp-content\/uploads\/2025\/03\/10-786x1000-1-236x300.jpg 236w, https:\/\/elementus.lv\/wp-content\/uploads\/2025\/03\/10-786x1000-1-768x977.jpg 768w, https:\/\/elementus.lv\/wp-content\/uploads\/2025\/03\/10-786x1000-1-9x12.jpg 9w, https:\/\/elementus.lv\/wp-content\/uploads\/2025\/03\/10-786x1000-1-558x710.jpg 558w, https:\/\/elementus.lv\/wp-content\/uploads\/2025\/03\/10-786x1000-1-600x763.jpg 600w\" sizes=\"(max-width: 786px) 100vw, 786px\" \/>                                    <\/div>\r\n                        <\/div>\t\t\t\t<\/div>\n\t\t\t\t<\/div>\n\t\t            <\/div>\r\n        <\/div>\r\n                <div class=\"elementor-column elementor-col-25 elementor-top-column elementor-element elementor-element-467973c pxl-column-element-default pxl-column-none\" data-id=\"467973c\" data-element_type=\"column\" data-e-type=\"column\">\r\n        <div class=\"elementor-widget-wrap elementor-element-populated\">\r\n                     \r\n        \t\t<div class=\"elementor-element elementor-element-82a111f elementor-widget__width-initial elementor-widget-laptop__width-initial elementor-widget elementor-widget-pxl_image\" data-id=\"82a111f\" data-element_type=\"widget\" data-e-type=\"widget\" data-widget_type=\"pxl_image.default\">\n\t\t\t\t<div class=\"elementor-widget-container\">\n\t\t\t\t\t<div class=\"pxl-image-single\" data-wow-delay=\"ms\">\r\n                                        <div class=\"pxl-item--inner\">\r\n                                            <img loading=\"lazy\" decoding=\"async\" width=\"1964\" height=\"1628\" src=\"https:\/\/elementus.lv\/wp-content\/uploads\/2025\/03\/11015_2.jpg\" class=\"no-lazyload attachment-full\" alt=\"\" srcset=\"https:\/\/elementus.lv\/wp-content\/uploads\/2025\/03\/11015_2.jpg 1964w, https:\/\/elementus.lv\/wp-content\/uploads\/2025\/03\/11015_2-300x249.jpg 300w, https:\/\/elementus.lv\/wp-content\/uploads\/2025\/03\/11015_2-1024x849.jpg 1024w, https:\/\/elementus.lv\/wp-content\/uploads\/2025\/03\/11015_2-768x637.jpg 768w, https:\/\/elementus.lv\/wp-content\/uploads\/2025\/03\/11015_2-1536x1273.jpg 1536w, https:\/\/elementus.lv\/wp-content\/uploads\/2025\/03\/11015_2-14x12.jpg 14w, https:\/\/elementus.lv\/wp-content\/uploads\/2025\/03\/11015_2-857x710.jpg 857w, https:\/\/elementus.lv\/wp-content\/uploads\/2025\/03\/11015_2-600x497.jpg 600w\" sizes=\"(max-width: 1964px) 100vw, 1964px\" \/>                                    <\/div>\r\n                        <\/div>\t\t\t\t<\/div>\n\t\t\t\t<\/div>\n\t\t            <\/div>\r\n        <\/div>\r\n        \t\t\t<\/div>\n\t\t<\/section>\n\t\t        <section class=\"elementor-section elementor-top-section elementor-element elementor-element-540bec6 elementor-section-boxed elementor-section-height-default elementor-section-height-default pxl-type-header-none pxl-row-scroll-none\" data-id=\"540bec6\" data-element_type=\"section\" data-e-type=\"section\">\n\n                \n                <div class=\"elementor-container elementor-column-gap-default\">\n                <div class=\"elementor-column elementor-col-100 elementor-top-column elementor-element elementor-element-43bc0fa pxl-column-element-default pxl-column-none\" data-id=\"43bc0fa\" data-element_type=\"column\" data-e-type=\"column\">\r\n        <div class=\"elementor-widget-wrap elementor-element-populated\">\r\n                     \r\n        \t\t<div class=\"elementor-element elementor-element-66cbb2e elementor-widget__width-initial elementor-widget-laptop__width-initial elementor-widget elementor-widget-pxl_image\" data-id=\"66cbb2e\" data-element_type=\"widget\" data-e-type=\"widget\" data-widget_type=\"pxl_image.default\">\n\t\t\t\t<div class=\"elementor-widget-container\">\n\t\t\t\t\t<div class=\"pxl-image-single\" data-wow-delay=\"ms\">\r\n                                        <div class=\"pxl-item--inner\">\r\n                                            <img loading=\"lazy\" decoding=\"async\" width=\"1493\" height=\"591\" src=\"https:\/\/elementus.lv\/wp-content\/uploads\/2025\/03\/5425_1.jpg\" class=\"no-lazyload attachment-full\" alt=\"\" srcset=\"https:\/\/elementus.lv\/wp-content\/uploads\/2025\/03\/5425_1.jpg 1493w, https:\/\/elementus.lv\/wp-content\/uploads\/2025\/03\/5425_1-300x119.jpg 300w, https:\/\/elementus.lv\/wp-content\/uploads\/2025\/03\/5425_1-1024x405.jpg 1024w, https:\/\/elementus.lv\/wp-content\/uploads\/2025\/03\/5425_1-768x304.jpg 768w, https:\/\/elementus.lv\/wp-content\/uploads\/2025\/03\/5425_1-18x7.jpg 18w, https:\/\/elementus.lv\/wp-content\/uploads\/2025\/03\/5425_1-1170x463.jpg 1170w, https:\/\/elementus.lv\/wp-content\/uploads\/2025\/03\/5425_1-600x238.jpg 600w\" sizes=\"(max-width: 1493px) 100vw, 1493px\" \/>                                    <\/div>\r\n                        <\/div>\t\t\t\t<\/div>\n\t\t\t\t<\/div>\n\t\t            <\/div>\r\n        <\/div>\r\n        \t\t\t<\/div>\n\t\t<\/section>\n\t\t        <section class=\"elementor-section elementor-top-section elementor-element elementor-element-fbfaa3a elementor-section-boxed elementor-section-height-default elementor-section-height-default pxl-type-header-none pxl-row-scroll-none\" data-id=\"fbfaa3a\" data-element_type=\"section\" data-e-type=\"section\">\n\n                \n                <div class=\"elementor-container elementor-column-gap-default\">\n                <div class=\"elementor-column elementor-col-100 elementor-top-column elementor-element elementor-element-63f5b95 pxl-column-element-default pxl-column-none\" data-id=\"63f5b95\" data-element_type=\"column\" data-e-type=\"column\">\r\n        <div class=\"elementor-widget-wrap elementor-element-populated\">\r\n                     \r\n        \t\t<div class=\"elementor-element elementor-element-a0737c7 elementor-widget__width-initial elementor-widget elementor-widget-pxl_text_editor\" data-id=\"a0737c7\" data-element_type=\"widget\" data-e-type=\"widget\" data-widget_type=\"pxl_text_editor.default\">\n\t\t\t\t<div class=\"elementor-widget-container\">\n\t\t\t\t\t<div class=\"pxl-text-editor\">\n\t<div class=\"pxl-item--inner\" data-wow-delay=\"ms\">\n\t\t\t<\/div>\n<\/div>\t\t\t\t<\/div>\n\t\t\t\t<\/div>\n\t\t            <\/div>\r\n        <\/div>\r\n        \t\t\t<\/div>\n\t\t<\/section>\n\t\t        <section class=\"elementor-section elementor-top-section elementor-element elementor-element-bc010c6 elementor-section-boxed elementor-section-height-default elementor-section-height-default pxl-type-header-none pxl-row-scroll-none\" data-id=\"bc010c6\" data-element_type=\"section\" data-e-type=\"section\">\n\n                \n                <div class=\"elementor-container elementor-column-gap-default\">\n                <div class=\"elementor-column elementor-col-33 elementor-top-column elementor-element elementor-element-6cd1cf3 pxl-column-element-default pxl-column-none\" data-id=\"6cd1cf3\" data-element_type=\"column\" data-e-type=\"column\">\r\n        <div class=\"elementor-widget-wrap\">\r\n                     \r\n                    <\/div>\r\n        <\/div>\r\n                <div class=\"elementor-column elementor-col-33 elementor-top-column elementor-element elementor-element-fc4fbc5 pxl-column-element-default pxl-column-none\" data-id=\"fc4fbc5\" data-element_type=\"column\" data-e-type=\"column\">\r\n        <div class=\"elementor-widget-wrap elementor-element-populated\">\r\n                     \r\n        \t\t<div class=\"elementor-element elementor-element-d6a2708 elementor-widget elementor-widget-pxl_showcase\" data-id=\"d6a2708\" data-element_type=\"widget\" data-e-type=\"widget\" data-widget_type=\"pxl_showcase.default\">\n\t\t\t\t<div class=\"elementor-widget-container\">\n\t\t\t\t\t<div class=\"pxl-showcase layout2\" data-wow-delay=\"ms\">\r\n    <div class=\"inner-box item-normarl\">\r\n        <div class=\"item-feature\">\r\n                        <img loading=\"lazy\" decoding=\"async\" width=\"300\" height=\"71\" src=\"https:\/\/elementus.lv\/wp-content\/uploads\/2024\/12\/download-300x71.png\" class=\"attachment-medium\" alt=\"\" srcset=\"https:\/\/elementus.lv\/wp-content\/uploads\/2024\/12\/download-300x71.png 300w, https:\/\/elementus.lv\/wp-content\/uploads\/2024\/12\/download.png 463w\" sizes=\"(max-width: 300px) 100vw, 300px\" \/>            <div class=\"pxl-item-links\">\r\n                                    <a class=\"link-1\" href=\"https:\/\/elementus.lv\/wp-content\/uploads\/2024\/12\/Bochem-katalogs.pdf?dl=1\" target=\"_blank\">\r\n                        <span>Bochem<\/span>\r\n                    <\/a>\r\n                                                    <a class=\"link-2\" href=\"https:\/\/elementus.lv\/wp-content\/uploads\/2024\/12\/Bochem-katalogs.pdf?dl=1\">\r\n                        <span><\/span>\r\n                    <\/a>\r\n                            <\/div>\r\n        <\/div>\r\n        <h3 class=\"item-title\">\r\n                            Bochem                    <\/h3>\r\n    <\/div>\r\n<\/div>\t\t\t\t<\/div>\n\t\t\t\t<\/div>\n\t\t\t\t<div class=\"elementor-element elementor-element-5ee42ee elementor-align-center elementor-widget elementor-widget-button\" data-id=\"5ee42ee\" data-element_type=\"widget\" data-e-type=\"widget\" data-widget_type=\"button.default\">\n\t\t\t\t<div class=\"elementor-widget-container\">\n\t\t\t\t\t\t\t\t\t<div class=\"elementor-button-wrapper\">\n\t\t\t\t\t<a class=\"elementor-button elementor-button-link elementor-size-sm\" href=\"https:\/\/elementus.lv\/wp-content\/uploads\/2024\/12\/Bochem-katalogs.pdf?dl=1\" download=\"Bochem-katalogs.pdf\">\n\t\t\t\t\t\t<span class=\"elementor-button-content-wrapper\">\n\t\t\t\t\t\t\t\t\t<span class=\"elementor-button-text\">Lejupiel\u0101d\u0113t katalogu<\/span>\n\t\t\t\t\t<\/span>\n\t\t\t\t\t<\/a>\n\t\t\t\t<\/div>\n\t\t\t\t\t\t\t\t<\/div>\n\t\t\t\t<\/div>\n\t\t            <\/div>\r\n        <\/div>\r\n                <div class=\"elementor-column elementor-col-33 elementor-top-column elementor-element elementor-element-2367f75 pxl-column-element-default pxl-column-none\" data-id=\"2367f75\" data-element_type=\"column\" data-e-type=\"column\">\r\n        <div class=\"elementor-widget-wrap\">\r\n                     \r\n                    <\/div>\r\n        <\/div>\r\n        \t\t\t<\/div>\n\t\t<\/section>\n\t\t\t\t<\/div>","protected":false},"excerpt":{"rendered":"<p>Bochem Bochem: Precision Engineering for Unmatched Quality in Laboratory Tools The strength of Bochem Instrumente GmbH lies in the processing and finishing of steel or aluminium as well as the handling of these materials. Those who take spatulas, scissors or stirrers in their hands will see and sense the difference: Stability, durability and high-quality processing [&hellip;]<\/p>\n","protected":false},"author":1,"featured_media":0,"parent":0,"menu_order":0,"comment_status":"closed","ping_status":"closed","template":"","meta":{"footnotes":""},"class_list":["post-14665","page","type-page","status-publish","hentry"],"_links":{"self":[{"href":"https:\/\/elementus.lv\/lv\/wp-json\/wp\/v2\/pages\/14665","targetHints":{"allow":["GET"]}}],"collection":[{"href":"https:\/\/elementus.lv\/lv\/wp-json\/wp\/v2\/pages"}],"about":[{"href":"https:\/\/elementus.lv\/lv\/wp-json\/wp\/v2\/types\/page"}],"author":[{"embeddable":true,"href":"https:\/\/elementus.lv\/lv\/wp-json\/wp\/v2\/users\/1"}],"replies":[{"embeddable":true,"href":"https:\/\/elementus.lv\/lv\/wp-json\/wp\/v2\/comments?post=14665"}],"version-history":[{"count":48,"href":"https:\/\/elementus.lv\/lv\/wp-json\/wp\/v2\/pages\/14665\/revisions"}],"predecessor-version":[{"id":16394,"href":"https:\/\/elementus.lv\/lv\/wp-json\/wp\/v2\/pages\/14665\/revisions\/16394"}],"wp:attachment":[{"href":"https:\/\/elementus.lv\/lv\/wp-json\/wp\/v2\/media?parent=14665"}],"curies":[{"name":"wp","href":"https:\/\/api.w.org\/{rel}","templated":true}]}}