{"id":14674,"date":"2025-01-08T12:40:59","date_gmt":"2025-01-08T12:40:59","guid":{"rendered":"https:\/\/elementus.lv\/?page_id=14674"},"modified":"2025-03-29T20:26:56","modified_gmt":"2025-03-29T20:26:56","slug":"brand","status":"publish","type":"page","link":"https:\/\/elementus.lv\/lv\/brand\/","title":{"rendered":"Brand"},"content":{"rendered":"<div data-elementor-type=\"wp-page\" data-elementor-id=\"14674\" class=\"elementor elementor-14674\" data-elementor-post-type=\"page\">\n\t\t\t\t        <section class=\"elementor-section elementor-top-section elementor-element elementor-element-3d42c46 elementor-section-boxed elementor-section-height-default elementor-section-height-default pxl-type-header-none pxl-row-scroll-none\" data-id=\"3d42c46\" data-element_type=\"section\" data-e-type=\"section\" data-settings=\"{&quot;background_background&quot;:&quot;classic&quot;}\">\n\n                            <div class=\"elementor-background-overlay\"><\/div>\n            \n                <div class=\"elementor-container elementor-column-gap-default\">\n                <div class=\"elementor-column elementor-col-100 elementor-top-column elementor-element elementor-element-087e9c6 pxl-column-element-default pxl-column-none\" data-id=\"087e9c6\" data-element_type=\"column\" data-e-type=\"column\">\r\n        <div class=\"elementor-widget-wrap elementor-element-populated\">\r\n                     \r\n        \t\t<div class=\"elementor-element elementor-element-9ff00b5 elementor-widget elementor-widget-pxl_heading\" data-id=\"9ff00b5\" data-element_type=\"widget\" data-e-type=\"widget\" data-widget_type=\"pxl_heading.default\">\n\t\t\t\t<div class=\"elementor-widget-container\">\n\t\t\t\t\t<div class=\"pxl-heading\">\n\t<div class=\"pxl-heading--inner\">\n\t\t\t\t<h3 class=\"pxl-item--title\" data-wow-delay=\"ms\">\n\t\t\tBrand\t\t\n\t\t<\/h3>\n\t\t\t<\/div>\n<\/div>\t\t\t\t<\/div>\n\t\t\t\t<\/div>\n\t\t            <\/div>\r\n        <\/div>\r\n        \t\t\t<\/div>\n\t\t<\/section>\n\t\t        <section class=\"elementor-section elementor-top-section elementor-element elementor-element-16cca7f elementor-section-boxed elementor-section-height-default elementor-section-height-default pxl-type-header-none pxl-row-scroll-none\" data-id=\"16cca7f\" data-element_type=\"section\" data-e-type=\"section\">\n\n                \n                <div class=\"elementor-container elementor-column-gap-default\">\n                <div class=\"elementor-column elementor-col-50 elementor-top-column elementor-element elementor-element-99aba0e pxl-column-element-default pxl-column-none\" data-id=\"99aba0e\" data-element_type=\"column\" data-e-type=\"column\">\r\n        <div class=\"elementor-widget-wrap elementor-element-populated\">\r\n                     \r\n        \t\t<div class=\"elementor-element elementor-element-4af8dd3 elementor-widget elementor-widget-pxl_text_editor\" data-id=\"4af8dd3\" data-element_type=\"widget\" data-e-type=\"widget\" data-widget_type=\"pxl_text_editor.default\">\n\t\t\t\t<div class=\"elementor-widget-container\">\n\t\t\t\t\t<div class=\"pxl-text-editor\">\n\t<div class=\"pxl-item--inner\" data-wow-delay=\"ms\">\n\t\t<h4>Precizit\u0101te un uzticam\u012bba ar BRAND\u00ae pipet\u0113m<\/h4>\t<\/div>\n<\/div>\t\t\t\t<\/div>\n\t\t\t\t<\/div>\n\t\t            <\/div>\r\n        <\/div>\r\n                <div class=\"elementor-column elementor-col-50 elementor-top-column elementor-element elementor-element-fed6d55 pxl-column-element-default pxl-column-none\" data-id=\"fed6d55\" data-element_type=\"column\" data-e-type=\"column\">\r\n        <div class=\"elementor-widget-wrap elementor-element-populated\">\r\n                     \r\n        \t\t<div class=\"elementor-element elementor-element-345823e elementor-widget elementor-widget-pxl_image\" data-id=\"345823e\" data-element_type=\"widget\" data-e-type=\"widget\" data-widget_type=\"pxl_image.default\">\n\t\t\t\t<div class=\"elementor-widget-container\">\n\t\t\t\t\t<div class=\"pxl-image-single\" data-wow-delay=\"ms\">\r\n                                        <div class=\"pxl-item--inner\">\r\n                    <a href=\"https:\/\/www.brand.de\/en\/\" target=\"_blank\" rel=\"noopener\">                        <img decoding=\"async\" width=\"128\" height=\"158\" src=\"https:\/\/elementus.lv\/wp-content\/uploads\/2025\/01\/csm_BRAND_Logo_registered_weissraum_1740bc768d-small.png\" class=\"no-lazyload attachment-full\" alt=\"\" \/>                    <\/a>                <\/div>\r\n                        <\/div>\t\t\t\t<\/div>\n\t\t\t\t<\/div>\n\t\t            <\/div>\r\n        <\/div>\r\n        \t\t\t<\/div>\n\t\t<\/section>\n\t\t        <section class=\"elementor-section elementor-top-section elementor-element elementor-element-45188f2 elementor-section-boxed elementor-section-height-default elementor-section-height-default pxl-type-header-none pxl-row-scroll-none\" data-id=\"45188f2\" data-element_type=\"section\" data-e-type=\"section\">\n\n                \n                <div class=\"elementor-container elementor-column-gap-default\">\n                <div class=\"elementor-column elementor-col-100 elementor-top-column elementor-element elementor-element-e2a0d97 pxl-column-element-default pxl-column-none\" data-id=\"e2a0d97\" data-element_type=\"column\" data-e-type=\"column\">\r\n        <div class=\"elementor-widget-wrap elementor-element-populated\">\r\n                     \r\n        \t\t<div class=\"elementor-element elementor-element-92d8196 elementor-widget elementor-widget-pxl_text_editor\" data-id=\"92d8196\" data-element_type=\"widget\" data-e-type=\"widget\" data-widget_type=\"pxl_text_editor.default\">\n\t\t\t\t<div class=\"elementor-widget-container\">\n\t\t\t\t\t<div class=\"pxl-text-editor\">\n\t<div class=\"pxl-item--inner\" data-wow-delay=\"ms\">\n\t\t<p>BRAND\u00ae pipetes ir prec\u012bzas \u0161\u0137idrumu apstr\u0101des etalons laboratorij\u0101s vis\u0101 pasaul\u0113. BRAND\u00ae pipetes, kas izstr\u0101d\u0101tas, pateicoties v\u0101cu in\u017eenieru izcil\u012bbai un gadu desmitiem ilgai pieredzei, pied\u0101v\u0101 pla\u0161u pipet\u0113\u0161anas risin\u0101jumu kl\u0101stu p\u0113tniekiem, kl\u012bnicistiem un laboratoriju speci\u0101listiem, kas mekl\u0113 precizit\u0101ti, uzticam\u012bbu un ergonomisku lieto\u0161anu.<\/p>\t<\/div>\n<\/div>\t\t\t\t<\/div>\n\t\t\t\t<\/div>\n\t\t            <\/div>\r\n        <\/div>\r\n        \t\t\t<\/div>\n\t\t<\/section>\n\t\t        <section class=\"elementor-section elementor-top-section elementor-element elementor-element-dc3905c elementor-section-boxed elementor-section-height-default elementor-section-height-default pxl-type-header-none pxl-row-scroll-none\" data-id=\"dc3905c\" data-element_type=\"section\" data-e-type=\"section\">\n\n                \n                <div class=\"elementor-container elementor-column-gap-default\">\n                <div class=\"elementor-column elementor-col-50 elementor-top-column elementor-element elementor-element-0e168e3 pxl-column-element-default pxl-column-none\" data-id=\"0e168e3\" data-element_type=\"column\" data-e-type=\"column\">\r\n        <div class=\"elementor-widget-wrap elementor-element-populated\">\r\n                     \r\n        \t\t<div class=\"elementor-element elementor-element-d20d722 elementor-widget__width-initial elementor-widget elementor-widget-pxl_text_editor\" data-id=\"d20d722\" data-element_type=\"widget\" data-e-type=\"widget\" data-widget_type=\"pxl_text_editor.default\">\n\t\t\t\t<div class=\"elementor-widget-container\">\n\t\t\t\t\t<div class=\"pxl-text-editor\">\n\t<div class=\"pxl-item--inner\" data-wow-delay=\"ms\">\n\t\t<p><strong>Precizit\u0101te un uzticam\u012bba ar BRAND\u00ae pipet\u0113m<\/strong><\/p><p>BRAND\u00ae pipetes ir prec\u012bzas \u0161\u0137idrumu apstr\u0101des etalons laboratorij\u0101s vis\u0101 pasaul\u0113. BRAND\u00ae pipetes, kas izstr\u0101d\u0101tas, pateicoties v\u0101cu in\u017eenieru izcil\u012bbai un gadu desmitiem ilgai pieredzei, pied\u0101v\u0101 pla\u0161u pipet\u0113\u0161anas risin\u0101jumu kl\u0101stu p\u0113tniekiem, kl\u012bnicistiem un laboratoriju speci\u0101listiem, kas mekl\u0113 precizit\u0101ti, uzticam\u012bbu un ergonomisku lieto\u0161anu.<\/p><p><strong>BRAND\u00ae pipe\u0161u galven\u0101s \u012bpa\u0161\u012bbas:<\/strong><\/p><ul><li><strong>Precizit\u0101te un precizit\u0101te<\/strong>: BRAND\u00ae pipetes ir kalibr\u0113tas, lai nodro\u0161in\u0101tu nemain\u012bgu veiktsp\u0113ju pat visjut\u012bg\u0101kajiem lietojumiem.<\/li><li><strong>Ergonomisks dizains<\/strong>: Viegla konstrukcija un p\u0101rdom\u0101ti veidoti rokturi samazina spriedzi ilgsto\u0161as lieto\u0161anas laik\u0101, uzlabojot lietot\u0101ja komfortu.<\/li><\/ul>\t<\/div>\n<\/div>\t\t\t\t<\/div>\n\t\t\t\t<\/div>\n\t\t            <\/div>\r\n        <\/div>\r\n                <div class=\"elementor-column elementor-col-50 elementor-top-column elementor-element elementor-element-6fb3ced pxl-column-element-default pxl-column-none\" data-id=\"6fb3ced\" data-element_type=\"column\" data-e-type=\"column\">\r\n        <div class=\"elementor-widget-wrap elementor-element-populated\">\r\n                     \r\n        \t\t<div class=\"elementor-element elementor-element-3063778 elementor-widget__width-initial elementor-widget elementor-widget-pxl_image\" data-id=\"3063778\" data-element_type=\"widget\" data-e-type=\"widget\" data-widget_type=\"pxl_image.default\">\n\t\t\t\t<div class=\"elementor-widget-container\">\n\t\t\t\t\t<div class=\"pxl-image-single\" data-wow-delay=\"ms\">\r\n                                        <div class=\"pxl-item--inner\">\r\n                                            <img fetchpriority=\"high\" decoding=\"async\" width=\"300\" height=\"300\" src=\"https:\/\/elementus.lv\/wp-content\/uploads\/2025\/01\/Brand.jpg\" class=\"no-lazyload attachment-full\" alt=\"\" srcset=\"https:\/\/elementus.lv\/wp-content\/uploads\/2025\/01\/Brand.jpg 300w, https:\/\/elementus.lv\/wp-content\/uploads\/2025\/01\/Brand-150x150.jpg 150w, https:\/\/elementus.lv\/wp-content\/uploads\/2025\/01\/Brand-250x250.jpg 250w, https:\/\/elementus.lv\/wp-content\/uploads\/2025\/01\/Brand-96x96.jpg 96w\" sizes=\"(max-width: 300px) 100vw, 300px\" \/>                                    <\/div>\r\n                        <\/div>\t\t\t\t<\/div>\n\t\t\t\t<\/div>\n\t\t            <\/div>\r\n        <\/div>\r\n        \t\t\t<\/div>\n\t\t<\/section>\n\t\t        <section class=\"elementor-section elementor-top-section elementor-element elementor-element-d988598 elementor-section-boxed elementor-section-height-default elementor-section-height-default pxl-type-header-none pxl-row-scroll-none\" data-id=\"d988598\" data-element_type=\"section\" data-e-type=\"section\">\n\n                \n                <div class=\"elementor-container elementor-column-gap-default\">\n                <div class=\"elementor-column elementor-col-50 elementor-top-column elementor-element elementor-element-7d6f808 pxl-column-element-default pxl-column-none\" data-id=\"7d6f808\" data-element_type=\"column\" data-e-type=\"column\">\r\n        <div class=\"elementor-widget-wrap elementor-element-populated\">\r\n                     \r\n        \t\t<div class=\"elementor-element elementor-element-fd6a869 elementor-widget__width-initial elementor-widget elementor-widget-pxl_image\" data-id=\"fd6a869\" data-element_type=\"widget\" data-e-type=\"widget\" data-widget_type=\"pxl_image.default\">\n\t\t\t\t<div class=\"elementor-widget-container\">\n\t\t\t\t\t<div class=\"pxl-image-single\" data-wow-delay=\"ms\">\r\n                                        <div class=\"pxl-item--inner\">\r\n                                            <img decoding=\"async\" width=\"1000\" height=\"1000\" src=\"https:\/\/elementus.lv\/wp-content\/uploads\/2025\/03\/PIP5229.jpg\" class=\"no-lazyload attachment-full\" alt=\"\" srcset=\"https:\/\/elementus.lv\/wp-content\/uploads\/2025\/03\/PIP5229.jpg 1000w, https:\/\/elementus.lv\/wp-content\/uploads\/2025\/03\/PIP5229-300x300.jpg 300w, https:\/\/elementus.lv\/wp-content\/uploads\/2025\/03\/PIP5229-150x150.jpg 150w, https:\/\/elementus.lv\/wp-content\/uploads\/2025\/03\/PIP5229-768x768.jpg 768w, https:\/\/elementus.lv\/wp-content\/uploads\/2025\/03\/PIP5229-12x12.jpg 12w, https:\/\/elementus.lv\/wp-content\/uploads\/2025\/03\/PIP5229-710x710.jpg 710w, https:\/\/elementus.lv\/wp-content\/uploads\/2025\/03\/PIP5229-600x600.jpg 600w, https:\/\/elementus.lv\/wp-content\/uploads\/2025\/03\/PIP5229-250x250.jpg 250w, https:\/\/elementus.lv\/wp-content\/uploads\/2025\/03\/PIP5229-96x96.jpg 96w\" sizes=\"(max-width: 1000px) 100vw, 1000px\" \/>                                    <\/div>\r\n                        <\/div>\t\t\t\t<\/div>\n\t\t\t\t<\/div>\n\t\t            <\/div>\r\n        <\/div>\r\n                <div class=\"elementor-column elementor-col-50 elementor-top-column elementor-element elementor-element-4cc5f17 pxl-column-element-default pxl-column-none\" data-id=\"4cc5f17\" data-element_type=\"column\" data-e-type=\"column\">\r\n        <div class=\"elementor-widget-wrap elementor-element-populated\">\r\n                     \r\n        \t\t<div class=\"elementor-element elementor-element-4e76c1d elementor-widget__width-initial elementor-widget elementor-widget-pxl_text_editor\" data-id=\"4e76c1d\" data-element_type=\"widget\" data-e-type=\"widget\" data-widget_type=\"pxl_text_editor.default\">\n\t\t\t\t<div class=\"elementor-widget-container\">\n\t\t\t\t\t<div class=\"pxl-text-editor\">\n\t<div class=\"pxl-item--inner\" data-wow-delay=\"ms\">\n\t\t<ul><li><strong>Pla\u0161s mode\u013cu kl\u0101sts<\/strong>: BRAND\u00ae pied\u0101v\u0101 da\u017e\u0101das laboratorijas vajadz\u012bb\u0101m piem\u0113rotas iesp\u0113jas - no vienkan\u0101lu l\u012bdz daudzkan\u0101lu un elektroniskaj\u0101m pipet\u0113m.<\/li><li><strong>\u0136\u012bmisk\u0101 iztur\u012bba<\/strong>: Izgatavots no augstas kvalit\u0101tes materi\u0101liem, kas nodro\u0161ina iztur\u012bbu un sader\u012bbu ar da\u017e\u0101diem rea\u0123entiem.<\/li><li><strong>Viegla apkope<\/strong>: Vienk\u0101r\u0161a demont\u0101\u017ea un autokl\u0101v\u0113jamas sast\u0101vda\u013cas padara t\u012br\u012b\u0161anu un steriliz\u0101ciju \u0113rtu.<p><strong>Produktu portfelis:<\/strong><\/p><\/li><\/ul><ul><li><strong>Vienkan\u0101lu pipetes<\/strong>: Ide\u0101li piem\u0113rots augstas precizit\u0101tes lietojumiem, koncentr\u0113joties uz individu\u0101lu paraugu apstr\u0101di.<\/li><li><strong>Daudzkan\u0101lu pipetes<\/strong>: Pieejamas 8 un 12 kan\u0101lu konfigur\u0101cijas efekt\u012bvam darbam ar mikroplat\u0113m.<\/li><li><strong>Elektronisk\u0101s pipetes<\/strong>: Uzlabota digit\u0101l\u0101 vad\u012bba automatiz\u0113tai, augstas veiktsp\u0113jas \u0161\u0137idrumu apstr\u0101dei.<\/li><li><strong>Aksesu\u0101ri<\/strong>: Pilns pipe\u0161u uzga\u013cu, stat\u012bvu un kalibr\u0113\u0161anas r\u012bku kl\u0101sts, lai optimiz\u0113tu veiktsp\u0113ju.<\/li><\/ul><p>\u00a0<\/p>\t<\/div>\n<\/div>\t\t\t\t<\/div>\n\t\t\t\t<\/div>\n\t\t            <\/div>\r\n        <\/div>\r\n        \t\t\t<\/div>\n\t\t<\/section>\n\t\t        <section class=\"elementor-section elementor-top-section elementor-element elementor-element-8a9d9a6 elementor-section-boxed elementor-section-height-default elementor-section-height-default pxl-type-header-none pxl-row-scroll-none\" data-id=\"8a9d9a6\" data-element_type=\"section\" data-e-type=\"section\">\n\n                \n                <div class=\"elementor-container elementor-column-gap-default\">\n                <div class=\"elementor-column elementor-col-100 elementor-top-column elementor-element elementor-element-6e1f5aa pxl-column-element-default pxl-column-none\" data-id=\"6e1f5aa\" data-element_type=\"column\" data-e-type=\"column\">\r\n        <div class=\"elementor-widget-wrap elementor-element-populated\">\r\n                     \r\n        \t\t<div class=\"elementor-element elementor-element-faf9d38 elementor-widget__width-initial elementor-widget elementor-widget-pxl_text_editor\" data-id=\"faf9d38\" data-element_type=\"widget\" data-e-type=\"widget\" data-widget_type=\"pxl_text_editor.default\">\n\t\t\t\t<div class=\"elementor-widget-container\">\n\t\t\t\t\t<div class=\"pxl-text-editor\">\n\t<div class=\"pxl-item--inner\" data-wow-delay=\"ms\">\n\t\t<p><strong>K\u0101p\u0113c izv\u0113l\u0113ties BRAND\u00ae?<\/strong><\/p><ul><li><strong>ISO sertific\u0113ta ra\u017eo\u0161ana:<\/strong> BRAND\u00ae pipetes tiek ra\u017eotas atbilsto\u0161i visaugst\u0101kajiem starptautiskajiem kvalit\u0101tes nodro\u0161in\u0101\u0161anas standartiem.<br \/>Ilgtsp\u0113jas saist\u012bbas: BRAND\u00ae ra\u017eo\u0161an\u0101 izmanto videi draudz\u012bgu praksi, l\u012bdz minimumam samazinot atkritumu un ener\u0123ijas pat\u0113ri\u0146u.<br \/>Uzticams vis\u0101 pasaul\u0113: BRAND\u00ae pipetes tiek izmantotas akad\u0113miskaj\u0101s, r\u016bpnieciskaj\u0101s un kl\u012bniskaj\u0101s laboratorij\u0101s vis\u0101 pasaul\u0113, un t\u0101s ir uzticams partneris, lai ieg\u016btu prec\u012bzus rezult\u0101tus.<\/li><li><strong>BRAND\u00ae pipetes<\/strong> tie ir vair\u0101k nek\u0101 tikai instrumenti - tie ir ieguld\u012bjums j\u016bsu darba precizit\u0101t\u0113 un kvalit\u0101t\u0113. Izbaudiet nep\u0101rsp\u0113jamu veiktsp\u0113ju un lieto\u0161anas \u0113rtumu ar BRAND\u00ae pipet\u0113m, kas ir uzticama izv\u0113le visur laboratorij\u0101s.<\/li><\/ul>\t<\/div>\n<\/div>\t\t\t\t<\/div>\n\t\t\t\t<\/div>\n\t\t            <\/div>\r\n        <\/div>\r\n        \t\t\t<\/div>\n\t\t<\/section>\n\t\t        <section class=\"elementor-section elementor-top-section elementor-element elementor-element-64380ed elementor-section-boxed elementor-section-height-default elementor-section-height-default pxl-type-header-none pxl-row-scroll-none\" data-id=\"64380ed\" data-element_type=\"section\" data-e-type=\"section\">\n\n                \n                <div class=\"elementor-container elementor-column-gap-default\">\n                <div class=\"elementor-column elementor-col-33 elementor-top-column elementor-element elementor-element-9f362dd pxl-column-element-default pxl-column-none\" data-id=\"9f362dd\" data-element_type=\"column\" data-e-type=\"column\">\r\n        <div class=\"elementor-widget-wrap\">\r\n                     \r\n                    <\/div>\r\n        <\/div>\r\n                <div class=\"elementor-column elementor-col-33 elementor-top-column elementor-element elementor-element-905af25 pxl-column-element-default pxl-column-none\" data-id=\"905af25\" data-element_type=\"column\" data-e-type=\"column\">\r\n        <div class=\"elementor-widget-wrap elementor-element-populated\">\r\n                     \r\n        \t\t<div class=\"elementor-element elementor-element-76e67b7 elementor-widget__width-initial elementor-widget elementor-widget-pxl_showcase\" data-id=\"76e67b7\" data-element_type=\"widget\" data-e-type=\"widget\" data-widget_type=\"pxl_showcase.default\">\n\t\t\t\t<div class=\"elementor-widget-container\">\n\t\t\t\t\t<div class=\"pxl-showcase layout2\" data-wow-delay=\"ms\">\r\n    <div class=\"inner-box item-normarl\">\r\n        <div class=\"item-feature\">\r\n                        <img loading=\"lazy\" decoding=\"async\" width=\"200\" height=\"226\" src=\"https:\/\/elementus.lv\/wp-content\/uploads\/2024\/12\/csm_BRAND_Logo_registered_weissraum_1740bc768d.png\" class=\"attachment-medium\" alt=\"\" \/>            <div class=\"pxl-item-links\">\r\n                                    <a class=\"link-1\" href=\"https:\/\/elementus.lv\/wp-content\/uploads\/2025\/01\/Brand.pdf\" target=\"_blank\">\r\n                        <span>Brand<\/span>\r\n                    <\/a>\r\n                                                    <a class=\"link-2\" href=\"https:\/\/elementus.lv\/wp-content\/uploads\/2025\/01\/Brand.pdf?dl\">\r\n                        <span><\/span>\r\n                    <\/a>\r\n                            <\/div>\r\n        <\/div>\r\n        <h3 class=\"item-title\">\r\n                            Brand                    <\/h3>\r\n    <\/div>\r\n<\/div>\t\t\t\t<\/div>\n\t\t\t\t<\/div>\n\t\t\t\t<div class=\"elementor-element elementor-element-b913c2f elementor-align-center elementor-widget elementor-widget-button\" data-id=\"b913c2f\" data-element_type=\"widget\" data-e-type=\"widget\" data-widget_type=\"button.default\">\n\t\t\t\t<div class=\"elementor-widget-container\">\n\t\t\t\t\t\t\t\t\t<div class=\"elementor-button-wrapper\">\n\t\t\t\t\t<a class=\"elementor-button elementor-button-link elementor-size-sm\" href=\"https:\/\/elementus.lv\/wp-content\/uploads\/2025\/01\/Brand.pdf?dl=1\" download=\"Brand.pdf\">\n\t\t\t\t\t\t<span class=\"elementor-button-content-wrapper\">\n\t\t\t\t\t\t\t\t\t<span class=\"elementor-button-text\">Lejupiel\u0101d\u0113t katalogu<\/span>\n\t\t\t\t\t<\/span>\n\t\t\t\t\t<\/a>\n\t\t\t\t<\/div>\n\t\t\t\t\t\t\t\t<\/div>\n\t\t\t\t<\/div>\n\t\t            <\/div>\r\n        <\/div>\r\n                <div class=\"elementor-column elementor-col-33 elementor-top-column elementor-element elementor-element-8a969fe pxl-column-element-default pxl-column-none\" data-id=\"8a969fe\" data-element_type=\"column\" data-e-type=\"column\">\r\n        <div class=\"elementor-widget-wrap\">\r\n                     \r\n                    <\/div>\r\n        <\/div>\r\n        \t\t\t<\/div>\n\t\t<\/section>\n\t\t\t\t<\/div>","protected":false},"excerpt":{"rendered":"<p>Brand Precision and Reliability with BRAND\u00ae Pipettes BRAND\u00ae pipettes are the benchmark for precision liquid handling in laboratories worldwide. Designed with German engineering excellence and decades of expertise, BRAND\u00ae offers a comprehensive range of pipetting solutions for researchers, clinicians, and lab professionals seeking accuracy, reliability, and ergonomic operation. Precision and Reliability with BRAND\u00ae Pipettes BRAND\u00ae [&hellip;]<\/p>\n","protected":false},"author":1,"featured_media":0,"parent":0,"menu_order":0,"comment_status":"closed","ping_status":"closed","template":"","meta":{"footnotes":""},"class_list":["post-14674","page","type-page","status-publish","hentry"],"_links":{"self":[{"href":"https:\/\/elementus.lv\/lv\/wp-json\/wp\/v2\/pages\/14674","targetHints":{"allow":["GET"]}}],"collection":[{"href":"https:\/\/elementus.lv\/lv\/wp-json\/wp\/v2\/pages"}],"about":[{"href":"https:\/\/elementus.lv\/lv\/wp-json\/wp\/v2\/types\/page"}],"author":[{"embeddable":true,"href":"https:\/\/elementus.lv\/lv\/wp-json\/wp\/v2\/users\/1"}],"replies":[{"embeddable":true,"href":"https:\/\/elementus.lv\/lv\/wp-json\/wp\/v2\/comments?post=14674"}],"version-history":[{"count":51,"href":"https:\/\/elementus.lv\/lv\/wp-json\/wp\/v2\/pages\/14674\/revisions"}],"predecessor-version":[{"id":16390,"href":"https:\/\/elementus.lv\/lv\/wp-json\/wp\/v2\/pages\/14674\/revisions\/16390"}],"wp:attachment":[{"href":"https:\/\/elementus.lv\/lv\/wp-json\/wp\/v2\/media?parent=14674"}],"curies":[{"name":"wp","href":"https:\/\/api.w.org\/{rel}","templated":true}]}}