{"id":14681,"date":"2025-01-08T13:02:50","date_gmt":"2025-01-08T13:02:50","guid":{"rendered":"https:\/\/elementus.lv\/?page_id=14681"},"modified":"2025-03-29T16:50:39","modified_gmt":"2025-03-29T16:50:39","slug":"burkle","status":"publish","type":"page","link":"https:\/\/elementus.lv\/lv\/burkle\/","title":{"rendered":"Burkle"},"content":{"rendered":"<div data-elementor-type=\"wp-page\" data-elementor-id=\"14681\" class=\"elementor elementor-14681\" data-elementor-post-type=\"page\">\n\t\t\t\t        <section class=\"elementor-section elementor-top-section elementor-element elementor-element-f1352da elementor-section-boxed elementor-section-height-default elementor-section-height-default pxl-type-header-none pxl-row-scroll-none\" data-id=\"f1352da\" data-element_type=\"section\" data-e-type=\"section\" data-settings=\"{&quot;background_background&quot;:&quot;classic&quot;}\">\n\n                            <div class=\"elementor-background-overlay\"><\/div>\n            \n                <div class=\"elementor-container elementor-column-gap-default\">\n                <div class=\"elementor-column elementor-col-100 elementor-top-column elementor-element elementor-element-b06f798 pxl-column-element-default pxl-column-none\" data-id=\"b06f798\" data-element_type=\"column\" data-e-type=\"column\">\r\n        <div class=\"elementor-widget-wrap elementor-element-populated\">\r\n                     \r\n        \t\t<div class=\"elementor-element elementor-element-5764dc2 elementor-widget elementor-widget-pxl_heading\" data-id=\"5764dc2\" data-element_type=\"widget\" data-e-type=\"widget\" data-widget_type=\"pxl_heading.default\">\n\t\t\t\t<div class=\"elementor-widget-container\">\n\t\t\t\t\t<div class=\"pxl-heading\">\n\t<div class=\"pxl-heading--inner\">\n\t\t\t\t<h3 class=\"pxl-item--title\" data-wow-delay=\"ms\">\n\t\t\tB\u00fcrkle\t\t\n\t\t<\/h3>\n\t\t\t<\/div>\n<\/div>\t\t\t\t<\/div>\n\t\t\t\t<\/div>\n\t\t            <\/div>\r\n        <\/div>\r\n        \t\t\t<\/div>\n\t\t<\/section>\n\t\t        <section class=\"elementor-section elementor-top-section elementor-element elementor-element-ba7b742 elementor-section-boxed elementor-section-height-default elementor-section-height-default pxl-type-header-none pxl-row-scroll-none\" data-id=\"ba7b742\" data-element_type=\"section\" data-e-type=\"section\">\n\n                \n                <div class=\"elementor-container elementor-column-gap-default\">\n                <div class=\"elementor-column elementor-col-100 elementor-top-column elementor-element elementor-element-13de5d0 pxl-column-element-default pxl-column-none\" data-id=\"13de5d0\" data-element_type=\"column\" data-e-type=\"column\">\r\n        <div class=\"elementor-widget-wrap elementor-element-populated\">\r\n                     \r\n        \t\t<div class=\"elementor-element elementor-element-e7ce829 elementor-widget__width-initial elementor-widget elementor-widget-pxl_text_editor\" data-id=\"e7ce829\" data-element_type=\"widget\" data-e-type=\"widget\" data-widget_type=\"pxl_text_editor.default\">\n\t\t\t\t<div class=\"elementor-widget-container\">\n\t\t\t\t\t<div class=\"pxl-text-editor\">\n\t<div class=\"pxl-item--inner\" data-wow-delay=\"ms\">\n\t\t\t<\/div>\n<\/div>\t\t\t\t<\/div>\n\t\t\t\t<\/div>\n\t\t            <\/div>\r\n        <\/div>\r\n        \t\t\t<\/div>\n\t\t<\/section>\n\t\t        <section class=\"elementor-section elementor-top-section elementor-element elementor-element-c30c0d7 elementor-section-boxed elementor-section-height-default elementor-section-height-default pxl-type-header-none pxl-row-scroll-none\" data-id=\"c30c0d7\" data-element_type=\"section\" data-e-type=\"section\">\n\n                \n                <div class=\"elementor-container elementor-column-gap-default\">\n                <div class=\"elementor-column elementor-col-50 elementor-top-column elementor-element elementor-element-b1587d0 pxl-column-element-default pxl-column-none\" data-id=\"b1587d0\" data-element_type=\"column\" data-e-type=\"column\">\r\n        <div class=\"elementor-widget-wrap elementor-element-populated\">\r\n                     \r\n        \t\t<div class=\"elementor-element elementor-element-050cc4e elementor-widget__width-initial elementor-widget elementor-widget-pxl_text_editor\" data-id=\"050cc4e\" data-element_type=\"widget\" data-e-type=\"widget\" data-widget_type=\"pxl_text_editor.default\">\n\t\t\t\t<div class=\"elementor-widget-container\">\n\t\t\t\t\t<div class=\"pxl-text-editor\">\n\t<div class=\"pxl-item--inner\" data-wow-delay=\"ms\">\n\t\t<h5>B\u00fcrkle pied\u0101v\u0101 pla\u0161u augstas kvalit\u0101tes paraugu \u0146em\u0161anas ier\u012b\u010du, mucu un konteineru s\u016bk\u0146u, k\u0101 ar\u012b laboratorijas piederumu kl\u0101stu, \u012bpa\u0161u uzman\u012bbu piev\u0113r\u0161ot kvalit\u0101tei un inov\u0101cij\u0101m. Ar pla\u0161u produktu sortimentu un visaptvero\u0161iem konsult\u0101ciju pakalpojumiem B\u00fcrkle atbalsta klientus no da\u017e\u0101d\u0101m r\u016bpniec\u012bbas, laboratorijas un zin\u0101tnes nozar\u0113m vis\u0101 pasaul\u0113.<\/h5>\t<\/div>\n<\/div>\t\t\t\t<\/div>\n\t\t\t\t<\/div>\n\t\t            <\/div>\r\n        <\/div>\r\n                <div class=\"elementor-column elementor-col-50 elementor-top-column elementor-element elementor-element-d8af92d pxl-column-element-default pxl-column-none\" data-id=\"d8af92d\" data-element_type=\"column\" data-e-type=\"column\">\r\n        <div class=\"elementor-widget-wrap elementor-element-populated\">\r\n                     \r\n        \t\t<div class=\"elementor-element elementor-element-6b223fa elementor-widget__width-initial elementor-widget elementor-widget-pxl_image\" data-id=\"6b223fa\" data-element_type=\"widget\" data-e-type=\"widget\" data-widget_type=\"pxl_image.default\">\n\t\t\t\t<div class=\"elementor-widget-container\">\n\t\t\t\t\t<div class=\"pxl-image-single\" data-wow-delay=\"ms\">\r\n                                        <div class=\"pxl-item--inner\">\r\n                    <a href=\"https:\/\/www.buerkle.de\/en\" target=\"_blank\" rel=\"noopener\">                        <img fetchpriority=\"high\" decoding=\"async\" width=\"275\" height=\"183\" src=\"https:\/\/elementus.lv\/wp-content\/uploads\/2024\/12\/download-4.png\" class=\"no-lazyload attachment-full\" alt=\"\" \/>                    <\/a>                <\/div>\r\n                        <\/div>\t\t\t\t<\/div>\n\t\t\t\t<\/div>\n\t\t            <\/div>\r\n        <\/div>\r\n        \t\t\t<\/div>\n\t\t<\/section>\n\t\t        <section class=\"elementor-section elementor-top-section elementor-element elementor-element-f9d970c elementor-section-boxed elementor-section-height-default elementor-section-height-default pxl-type-header-none pxl-row-scroll-none\" data-id=\"f9d970c\" data-element_type=\"section\" data-e-type=\"section\">\n\n                \n                <div class=\"elementor-container elementor-column-gap-default\">\n                <div class=\"elementor-column elementor-col-33 elementor-top-column elementor-element elementor-element-4be1617 pxl-column-element-default pxl-column-none\" data-id=\"4be1617\" data-element_type=\"column\" data-e-type=\"column\">\r\n        <div class=\"elementor-widget-wrap elementor-element-populated\">\r\n                     \r\n        \t\t<div class=\"elementor-element elementor-element-b50f194 elementor-widget elementor-widget-pxl_text_editor\" data-id=\"b50f194\" data-element_type=\"widget\" data-e-type=\"widget\" data-widget_type=\"pxl_text_editor.default\">\n\t\t\t\t<div class=\"elementor-widget-container\">\n\t\t\t\t\t<div class=\"pxl-text-editor\">\n\t<div class=\"pxl-item--inner\" data-wow-delay=\"ms\">\n\t\t<p><strong>Produkti:<\/strong><\/p><p>Laboratorijas centrif\u016bgas ir daudzpus\u012bgi instrumenti, kam ir b\u016btiska noz\u012bme daudz\u0101s jom\u0101s. Da\u017ei no visbie\u017e\u0101k izmantotajiem lietojumiem ir:<\/p><ul><li><strong>Paraugu \u0146em\u0161anas apr\u012bkojums<\/strong> M\u0113rc\u0113jamie trauki, kausi, paraugu \u0146\u0113m\u0113ji \u0161\u0137idrumiem, pulveriem un granul\u0101m.<\/li><li><strong>Doz\u0113\u0161anas sist\u0113mas<\/strong> \u2013 S\u016bk\u0146i un doz\u0113\u0161anas risin\u0101jumi \u0137\u012bmisk\u0101m un laboratorijas vajadz\u012bb\u0101m.<\/li><li><strong>Konteineri un pudeles<\/strong> \u2013 Dro\u0161\u012bbas konteineri, mucas un transport\u0113\u0161anas risin\u0101jumi.<\/li><li><strong>Laboratorijas piederumi<\/strong> \u2013 Piltuves, l\u0101psti\u0146as, mais\u012bt\u0101ji un caurules.<\/li><\/ul>\t<\/div>\n<\/div>\t\t\t\t<\/div>\n\t\t\t\t<\/div>\n\t\t            <\/div>\r\n        <\/div>\r\n                <div class=\"elementor-column elementor-col-33 elementor-top-column elementor-element elementor-element-2979b8a pxl-column-element-default pxl-column-none\" data-id=\"2979b8a\" data-element_type=\"column\" data-e-type=\"column\">\r\n        <div class=\"elementor-widget-wrap elementor-element-populated\">\r\n                     \r\n        \t\t<div class=\"elementor-element elementor-element-bdc5d2c elementor-widget-laptop__width-initial elementor-widget elementor-widget-image\" data-id=\"bdc5d2c\" data-element_type=\"widget\" data-e-type=\"widget\" data-widget_type=\"image.default\">\n\t\t\t\t<div class=\"elementor-widget-container\">\n\t\t\t\t\t\t\t\t\t\t\t\t\t\t\t<img decoding=\"async\" width=\"376\" height=\"500\" src=\"https:\/\/elementus.lv\/wp-content\/uploads\/2025\/03\/63760-2505899.jpg\" class=\"attachment-large size-large wp-image-16276\" alt=\"\" srcset=\"https:\/\/elementus.lv\/wp-content\/uploads\/2025\/03\/63760-2505899.jpg 376w, https:\/\/elementus.lv\/wp-content\/uploads\/2025\/03\/63760-2505899-226x300.jpg 226w, https:\/\/elementus.lv\/wp-content\/uploads\/2025\/03\/63760-2505899-9x12.jpg 9w\" sizes=\"(max-width: 376px) 100vw, 376px\" \/>\t\t\t\t\t\t\t\t\t\t\t\t\t\t\t<\/div>\n\t\t\t\t<\/div>\n\t\t            <\/div>\r\n        <\/div>\r\n                <div class=\"elementor-column elementor-col-33 elementor-top-column elementor-element elementor-element-e65b3db pxl-column-element-default pxl-column-none\" data-id=\"e65b3db\" data-element_type=\"column\" data-e-type=\"column\">\r\n        <div class=\"elementor-widget-wrap elementor-element-populated\">\r\n                     \r\n        \t\t<div class=\"elementor-element elementor-element-6b75ba2 elementor-widget-laptop__width-initial elementor-widget-mobile__width-initial elementor-widget elementor-widget-pxl_image\" data-id=\"6b75ba2\" data-element_type=\"widget\" data-e-type=\"widget\" data-widget_type=\"pxl_image.default\">\n\t\t\t\t<div class=\"elementor-widget-container\">\n\t\t\t\t\t<div class=\"pxl-image-single\" data-wow-delay=\"ms\">\r\n                                        <div class=\"pxl-item--inner\">\r\n                                            <img decoding=\"async\" width=\"332\" height=\"335\" src=\"https:\/\/elementus.lv\/wp-content\/uploads\/2025\/03\/1578387133_water-sampler-5354-5355.jpg\" class=\"no-lazyload attachment-full\" alt=\"\" srcset=\"https:\/\/elementus.lv\/wp-content\/uploads\/2025\/03\/1578387133_water-sampler-5354-5355.jpg 332w, https:\/\/elementus.lv\/wp-content\/uploads\/2025\/03\/1578387133_water-sampler-5354-5355-297x300.jpg 297w, https:\/\/elementus.lv\/wp-content\/uploads\/2025\/03\/1578387133_water-sampler-5354-5355-150x150.jpg 150w, https:\/\/elementus.lv\/wp-content\/uploads\/2025\/03\/1578387133_water-sampler-5354-5355-12x12.jpg 12w, https:\/\/elementus.lv\/wp-content\/uploads\/2025\/03\/1578387133_water-sampler-5354-5355-96x96.jpg 96w\" sizes=\"(max-width: 332px) 100vw, 332px\" \/>                                    <\/div>\r\n                        <\/div>\t\t\t\t<\/div>\n\t\t\t\t<\/div>\n\t\t\t\t<div class=\"elementor-element elementor-element-6a55a78 elementor-widget-laptop__width-initial elementor-widget-mobile__width-initial elementor-widget elementor-widget-image\" data-id=\"6a55a78\" data-element_type=\"widget\" data-e-type=\"widget\" data-widget_type=\"image.default\">\n\t\t\t\t<div class=\"elementor-widget-container\">\n\t\t\t\t\t\t\t\t\t\t\t\t\t\t\t<img loading=\"lazy\" decoding=\"async\" width=\"540\" height=\"450\" src=\"https:\/\/elementus.lv\/wp-content\/uploads\/2025\/03\/buerkle-5354-4100-long-handle-sampler-telescoop-bottle-holder-pr53319.jpg\" class=\"attachment-large size-large wp-image-16275\" alt=\"\" srcset=\"https:\/\/elementus.lv\/wp-content\/uploads\/2025\/03\/buerkle-5354-4100-long-handle-sampler-telescoop-bottle-holder-pr53319.jpg 540w, https:\/\/elementus.lv\/wp-content\/uploads\/2025\/03\/buerkle-5354-4100-long-handle-sampler-telescoop-bottle-holder-pr53319-300x250.jpg 300w, https:\/\/elementus.lv\/wp-content\/uploads\/2025\/03\/buerkle-5354-4100-long-handle-sampler-telescoop-bottle-holder-pr53319-14x12.jpg 14w\" sizes=\"(max-width: 540px) 100vw, 540px\" \/>\t\t\t\t\t\t\t\t\t\t\t\t\t\t\t<\/div>\n\t\t\t\t<\/div>\n\t\t            <\/div>\r\n        <\/div>\r\n        \t\t\t<\/div>\n\t\t<\/section>\n\t\t        <section class=\"elementor-section elementor-top-section elementor-element elementor-element-a94343f elementor-section-boxed elementor-section-height-default elementor-section-height-default pxl-type-header-none pxl-row-scroll-none\" data-id=\"a94343f\" data-element_type=\"section\" data-e-type=\"section\">\n\n                \n                <div class=\"elementor-container elementor-column-gap-default\">\n                <div class=\"elementor-column elementor-col-100 elementor-top-column elementor-element elementor-element-b48af5d pxl-column-element-default pxl-column-none\" data-id=\"b48af5d\" data-element_type=\"column\" data-e-type=\"column\">\r\n        <div class=\"elementor-widget-wrap elementor-element-populated\">\r\n                     \r\n        \t\t<div class=\"elementor-element elementor-element-6c6c7b4 elementor-widget__width-initial elementor-widget elementor-widget-pxl_showcase\" data-id=\"6c6c7b4\" data-element_type=\"widget\" data-e-type=\"widget\" data-widget_type=\"pxl_showcase.default\">\n\t\t\t\t<div class=\"elementor-widget-container\">\n\t\t\t\t\t<div class=\"pxl-showcase layout2\" data-wow-delay=\"ms\">\r\n    <div class=\"inner-box item-normarl\">\r\n        <div class=\"item-feature\">\r\n                        <img loading=\"lazy\" decoding=\"async\" width=\"275\" height=\"183\" src=\"https:\/\/elementus.lv\/wp-content\/uploads\/2024\/12\/download-4.png\" class=\"attachment-medium\" alt=\"\" \/>            <div class=\"pxl-item-links\">\r\n                                    <a class=\"link-1\" href=\"https:\/\/elementus.lv\/wp-content\/uploads\/2024\/12\/buerkle_catalogue_2024_english_no_prices.pdf?dl=1\" target=\"_blank\">\r\n                        <span>Burkle katalogs<\/span>\r\n                    <\/a>\r\n                                                    <a class=\"link-2\" href=\"https:\/\/elementus.lv\/wp-content\/uploads\/2024\/12\/buerkle_catalogue_2024_english_no_prices.pdf?dl=1\">\r\n                        <span><\/span>\r\n                    <\/a>\r\n                            <\/div>\r\n        <\/div>\r\n        <h3 class=\"item-title\">\r\n                            Burkle                    <\/h3>\r\n    <\/div>\r\n<\/div>\t\t\t\t<\/div>\n\t\t\t\t<\/div>\n\t\t\t\t<div class=\"elementor-element elementor-element-65fd908 elementor-align-center elementor-widget elementor-widget-button\" data-id=\"65fd908\" data-element_type=\"widget\" data-e-type=\"widget\" data-widget_type=\"button.default\">\n\t\t\t\t<div class=\"elementor-widget-container\">\n\t\t\t\t\t\t\t\t\t<div class=\"elementor-button-wrapper\">\n\t\t\t\t\t<a class=\"elementor-button elementor-button-link elementor-size-sm\" href=\"https:\/\/elementus.lv\/wp-content\/uploads\/2024\/12\/buerkle_catalogue_2024_english_no_prices.pdf?dl=1\" download=\"buerkle_catalogue_2024_english_no_prices.pdf\">\n\t\t\t\t\t\t<span class=\"elementor-button-content-wrapper\">\n\t\t\t\t\t\t\t\t\t<span class=\"elementor-button-text\">Lejupiel\u0101d\u0113t katalogu<\/span>\n\t\t\t\t\t<\/span>\n\t\t\t\t\t<\/a>\n\t\t\t\t<\/div>\n\t\t\t\t\t\t\t\t<\/div>\n\t\t\t\t<\/div>\n\t\t            <\/div>\r\n        <\/div>\r\n        \t\t\t<\/div>\n\t\t<\/section>\n\t\t\t\t<\/div>","protected":false},"excerpt":{"rendered":"<p>B\u00fcrkle B\u00fcrkle offers a wide range of high-quality samplers, drum and container pumps as well as laboratory supplies with a focus on quality and innovation. With a wide range of products and comprehensive consulting services, B\u00fcrkle supports customers from a wide variety of industrial, laboratory and scientific sectors worldwide. Products: Laboratory centrifuges are versatile tools [&hellip;]<\/p>\n","protected":false},"author":1,"featured_media":0,"parent":0,"menu_order":0,"comment_status":"closed","ping_status":"closed","template":"","meta":{"footnotes":""},"class_list":["post-14681","page","type-page","status-publish","hentry"],"_links":{"self":[{"href":"https:\/\/elementus.lv\/lv\/wp-json\/wp\/v2\/pages\/14681","targetHints":{"allow":["GET"]}}],"collection":[{"href":"https:\/\/elementus.lv\/lv\/wp-json\/wp\/v2\/pages"}],"about":[{"href":"https:\/\/elementus.lv\/lv\/wp-json\/wp\/v2\/types\/page"}],"author":[{"embeddable":true,"href":"https:\/\/elementus.lv\/lv\/wp-json\/wp\/v2\/users\/1"}],"replies":[{"embeddable":true,"href":"https:\/\/elementus.lv\/lv\/wp-json\/wp\/v2\/comments?post=14681"}],"version-history":[{"count":54,"href":"https:\/\/elementus.lv\/lv\/wp-json\/wp\/v2\/pages\/14681\/revisions"}],"predecessor-version":[{"id":16308,"href":"https:\/\/elementus.lv\/lv\/wp-json\/wp\/v2\/pages\/14681\/revisions\/16308"}],"wp:attachment":[{"href":"https:\/\/elementus.lv\/lv\/wp-json\/wp\/v2\/media?parent=14681"}],"curies":[{"name":"wp","href":"https:\/\/api.w.org\/{rel}","templated":true}]}}