{"id":14695,"date":"2025-01-08T13:18:43","date_gmt":"2025-01-08T13:18:43","guid":{"rendered":"https:\/\/elementus.lv\/?page_id=14695"},"modified":"2025-04-14T12:16:50","modified_gmt":"2025-04-14T12:16:50","slug":"dwk","status":"publish","type":"page","link":"https:\/\/elementus.lv\/lv\/dwk\/","title":{"rendered":"DWK"},"content":{"rendered":"<div data-elementor-type=\"wp-page\" data-elementor-id=\"14695\" class=\"elementor elementor-14695\" data-elementor-post-type=\"page\">\n\t\t\t\t        <section class=\"elementor-section elementor-top-section elementor-element elementor-element-1b69415 elementor-section-boxed elementor-section-height-default elementor-section-height-default pxl-type-header-none pxl-row-scroll-none\" data-id=\"1b69415\" data-element_type=\"section\" data-e-type=\"section\" data-settings=\"{&quot;background_background&quot;:&quot;classic&quot;}\">\n\n                            <div class=\"elementor-background-overlay\"><\/div>\n            \n                <div class=\"elementor-container elementor-column-gap-default\">\n                <div class=\"elementor-column elementor-col-100 elementor-top-column elementor-element elementor-element-1470810 pxl-column-element-default pxl-column-none\" data-id=\"1470810\" data-element_type=\"column\" data-e-type=\"column\">\r\n        <div class=\"elementor-widget-wrap elementor-element-populated\">\r\n                     \r\n        \t\t<div class=\"elementor-element elementor-element-2af5a44 elementor-widget elementor-widget-pxl_heading\" data-id=\"2af5a44\" data-element_type=\"widget\" data-e-type=\"widget\" data-widget_type=\"pxl_heading.default\">\n\t\t\t\t<div class=\"elementor-widget-container\">\n\t\t\t\t\t<div class=\"pxl-heading\">\n\t<div class=\"pxl-heading--inner\">\n\t\t\t\t<h3 class=\"pxl-item--title\" data-wow-delay=\"ms\">\n\t\t\tDWK\t\t\n\t\t<\/h3>\n\t\t\t<\/div>\n<\/div>\t\t\t\t<\/div>\n\t\t\t\t<\/div>\n\t\t            <\/div>\r\n        <\/div>\r\n        \t\t\t<\/div>\n\t\t<\/section>\n\t\t        <section class=\"elementor-section elementor-top-section elementor-element elementor-element-6abc391 elementor-section-boxed elementor-section-height-default elementor-section-height-default pxl-type-header-none pxl-row-scroll-none\" data-id=\"6abc391\" data-element_type=\"section\" data-e-type=\"section\">\n\n                \n                <div class=\"elementor-container elementor-column-gap-default\">\n                <div class=\"elementor-column elementor-col-50 elementor-top-column elementor-element elementor-element-ccfdeb7 pxl-column-element-default pxl-column-none\" data-id=\"ccfdeb7\" data-element_type=\"column\" data-e-type=\"column\">\r\n        <div class=\"elementor-widget-wrap elementor-element-populated\">\r\n                     \r\n        \t\t<div class=\"elementor-element elementor-element-fcb24cb elementor-widget elementor-widget-pxl_text_editor\" data-id=\"fcb24cb\" data-element_type=\"widget\" data-e-type=\"widget\" data-widget_type=\"pxl_text_editor.default\">\n\t\t\t\t<div class=\"elementor-widget-container\">\n\t\t\t\t\t<div class=\"pxl-text-editor\">\n\t<div class=\"pxl-item--inner\" data-wow-delay=\"ms\">\n\t\t<h5>DURAN\u00ae ir pasaul\u0113 atz\u012bts augst\u0101k\u0101s kvalit\u0101tes laboratorijas stikla trauku z\u012bmols, kas ir slavens ar savu augstas kvalit\u0101tes borsilik\u0101ta stiklu 3.3, kas ra\u017eots V\u0101cij\u0101. Ar vair\u0101k nek\u0101 120 gadu pieredzi DURAN\u00ae apvieno izcilus ra\u017eo\u0161anas standartus un ap\u0146em\u0161anos ieviest inov\u0101cijas, pied\u0101v\u0101jot pla\u0161u vair\u0101k nek\u0101 3000 izstr\u0101d\u0101jumu portfeli, kas galvenok\u0101rt ra\u017eoti saska\u0146\u0101 ar DIN\/ISO standartiem.<\/h5>\t<\/div>\n<\/div>\t\t\t\t<\/div>\n\t\t\t\t<\/div>\n\t\t            <\/div>\r\n        <\/div>\r\n                <div class=\"elementor-column elementor-col-50 elementor-top-column elementor-element elementor-element-deec69c pxl-column-element-default pxl-column-none\" data-id=\"deec69c\" data-element_type=\"column\" data-e-type=\"column\">\r\n        <div class=\"elementor-widget-wrap elementor-element-populated\">\r\n                     \r\n        \t\t<div class=\"elementor-element elementor-element-851a53d elementor-widget elementor-widget-pxl_image\" data-id=\"851a53d\" data-element_type=\"widget\" data-e-type=\"widget\" data-widget_type=\"pxl_image.default\">\n\t\t\t\t<div class=\"elementor-widget-container\">\n\t\t\t\t\t<div class=\"pxl-image-single\" data-wow-delay=\"ms\">\r\n                                        <div class=\"pxl-item--inner\">\r\n                    <a href=\"https:\/\/www.dwk.com\/\" target=\"_blank\" rel=\"noopener\">                        <img fetchpriority=\"high\" decoding=\"async\" width=\"319\" height=\"158\" src=\"https:\/\/elementus.lv\/wp-content\/uploads\/2024\/12\/download-1-1.png\" class=\"no-lazyload attachment-full\" alt=\"\" srcset=\"https:\/\/elementus.lv\/wp-content\/uploads\/2024\/12\/download-1-1.png 319w, https:\/\/elementus.lv\/wp-content\/uploads\/2024\/12\/download-1-1-300x149.png 300w\" sizes=\"(max-width: 319px) 100vw, 319px\" \/>                    <\/a>                <\/div>\r\n                        <\/div>\t\t\t\t<\/div>\n\t\t\t\t<\/div>\n\t\t            <\/div>\r\n        <\/div>\r\n        \t\t\t<\/div>\n\t\t<\/section>\n\t\t        <section class=\"elementor-section elementor-top-section elementor-element elementor-element-0a87643 elementor-section-boxed elementor-section-height-default elementor-section-height-default pxl-type-header-none pxl-row-scroll-none\" data-id=\"0a87643\" data-element_type=\"section\" data-e-type=\"section\">\n\n                \n                <div class=\"elementor-container elementor-column-gap-default\">\n                <div class=\"elementor-column elementor-col-50 elementor-top-column elementor-element elementor-element-6186449 pxl-column-element-default pxl-column-none\" data-id=\"6186449\" data-element_type=\"column\" data-e-type=\"column\">\r\n        <div class=\"elementor-widget-wrap elementor-element-populated\">\r\n                     \r\n        \t\t<div class=\"elementor-element elementor-element-f123cf3 elementor-widget elementor-widget-pxl_text_editor\" data-id=\"f123cf3\" data-element_type=\"widget\" data-e-type=\"widget\" data-widget_type=\"pxl_text_editor.default\">\n\t\t\t\t<div class=\"elementor-widget-container\">\n\t\t\t\t\t<div class=\"pxl-text-editor\">\n\t<div class=\"pxl-item--inner\" data-wow-delay=\"ms\">\n\t\t<p><strong>DURAN\u00ae Borosilicate 3.3 stikla \u012bpa\u0161\u012bbas:<\/strong><\/p><ul><li><strong>Konsekventa kvalit\u0101te<\/strong>: DURAN\u00ae stikls ir slavens ar \u013coti reproduc\u0113jamu un uzticamu kvalit\u0101ti.<\/li><li><strong>\u0136\u012bmisk\u0101 iztur\u012bba<\/strong>: Izcila iztur\u012bba pret \u0137imik\u0101lij\u0101m un inerta uzved\u012bba, kas padara to ide\u0101li piem\u0113rotu sare\u017e\u0123\u012btiem laboratorijas lietojumiem.<\/li><li><strong>P\u0101rredzam\u012bba<\/strong>: Nodro\u0161ina skaidru redzam\u012bbu, kas ir b\u016btiska prec\u012bzam darbam laboratorij\u0101s.<\/li><li><strong>Siltuma \u012bpa\u0161\u012bbas<\/strong>: Augsta lieto\u0161anas temperat\u016bra, minim\u0101la termisk\u0101 izple\u0161an\u0101s un lieliska iztur\u012bba pret termisko triecienu.<\/li><li><strong>Farm\u0101cijas standarti<\/strong>: Atbilst USP\/EP\/JP 1. tipa neitr\u0101l\u0101 stikla pras\u012bb\u0101m, t\u0101p\u0113c tas ir piem\u0113rots izmanto\u0161anai farm\u0101cij\u0101.<\/li><\/ul><p><strong>Produktu portfelis:<\/strong><\/p><p>DURAN\u00ae pied\u0101v\u0101 pla\u0161u laboratorijas stikla izstr\u0101d\u0101jumu kl\u0101stu, kas piel\u0101gots da\u017e\u0101diem pielietojumiem:<\/p>\t<\/div>\n<\/div>\t\t\t\t<\/div>\n\t\t\t\t<\/div>\n\t\t            <\/div>\r\n        <\/div>\r\n                <div class=\"elementor-column elementor-col-50 elementor-top-column elementor-element elementor-element-77015f0 pxl-column-element-default pxl-column-none\" data-id=\"77015f0\" data-element_type=\"column\" data-e-type=\"column\">\r\n        <div class=\"elementor-widget-wrap elementor-element-populated\">\r\n                     \r\n        \t\t<div class=\"elementor-element elementor-element-75c5351 elementor-widget-laptop__width-initial elementor-widget elementor-widget-pxl_logo\" data-id=\"75c5351\" data-element_type=\"widget\" data-e-type=\"widget\" data-widget_type=\"pxl_logo.default\">\n\t\t\t\t<div class=\"elementor-widget-container\">\n\t\t\t\t\t    <div class=\"pxl-logo logo-normal\" data-wow-delay=\"ms\">\r\n                    <img decoding=\"async\" width=\"940\" height=\"932\" src=\"https:\/\/elementus.lv\/wp-content\/uploads\/2025\/03\/media-bottles-wheaton.jpg\" class=\"attachment-full\" alt=\"\" srcset=\"https:\/\/elementus.lv\/wp-content\/uploads\/2025\/03\/media-bottles-wheaton.jpg 940w, https:\/\/elementus.lv\/wp-content\/uploads\/2025\/03\/media-bottles-wheaton-300x297.jpg 300w, https:\/\/elementus.lv\/wp-content\/uploads\/2025\/03\/media-bottles-wheaton-150x150.jpg 150w, https:\/\/elementus.lv\/wp-content\/uploads\/2025\/03\/media-bottles-wheaton-768x761.jpg 768w, https:\/\/elementus.lv\/wp-content\/uploads\/2025\/03\/media-bottles-wheaton-12x12.jpg 12w, https:\/\/elementus.lv\/wp-content\/uploads\/2025\/03\/media-bottles-wheaton-716x710.jpg 716w, https:\/\/elementus.lv\/wp-content\/uploads\/2025\/03\/media-bottles-wheaton-600x595.jpg 600w, https:\/\/elementus.lv\/wp-content\/uploads\/2025\/03\/media-bottles-wheaton-96x96.jpg 96w\" sizes=\"(max-width: 940px) 100vw, 940px\" \/>            <\/div>\r\n\t\t\t\t<\/div>\n\t\t\t\t<\/div>\n\t\t            <\/div>\r\n        <\/div>\r\n        \t\t\t<\/div>\n\t\t<\/section>\n\t\t        <section class=\"elementor-section elementor-top-section elementor-element elementor-element-270a1df elementor-section-boxed elementor-section-height-default elementor-section-height-default pxl-type-header-none pxl-row-scroll-none\" data-id=\"270a1df\" data-element_type=\"section\" data-e-type=\"section\">\n\n                \n                <div class=\"elementor-container elementor-column-gap-default\">\n                <div class=\"elementor-column elementor-col-50 elementor-top-column elementor-element elementor-element-a0a58be pxl-column-element-default pxl-column-none\" data-id=\"a0a58be\" data-element_type=\"column\" data-e-type=\"column\">\r\n        <div class=\"elementor-widget-wrap elementor-element-populated\">\r\n                     \r\n        \t\t<div class=\"elementor-element elementor-element-e3976ff elementor-widget-laptop__width-initial elementor-widget elementor-widget-pxl_logo\" data-id=\"e3976ff\" data-element_type=\"widget\" data-e-type=\"widget\" data-widget_type=\"pxl_logo.default\">\n\t\t\t\t<div class=\"elementor-widget-container\">\n\t\t\t\t\t    <div class=\"pxl-logo logo-normal\" data-wow-delay=\"ms\">\r\n                    <img decoding=\"async\" width=\"1349\" height=\"867\" src=\"https:\/\/elementus.lv\/wp-content\/uploads\/2025\/03\/dwk_vials.jpg\" class=\"attachment-full\" alt=\"\" srcset=\"https:\/\/elementus.lv\/wp-content\/uploads\/2025\/03\/dwk_vials.jpg 1349w, https:\/\/elementus.lv\/wp-content\/uploads\/2025\/03\/dwk_vials-300x193.jpg 300w, https:\/\/elementus.lv\/wp-content\/uploads\/2025\/03\/dwk_vials-1024x658.jpg 1024w, https:\/\/elementus.lv\/wp-content\/uploads\/2025\/03\/dwk_vials-768x494.jpg 768w, https:\/\/elementus.lv\/wp-content\/uploads\/2025\/03\/dwk_vials-18x12.jpg 18w, https:\/\/elementus.lv\/wp-content\/uploads\/2025\/03\/dwk_vials-1105x710.jpg 1105w, https:\/\/elementus.lv\/wp-content\/uploads\/2025\/03\/dwk_vials-600x386.jpg 600w\" sizes=\"(max-width: 1349px) 100vw, 1349px\" \/>            <\/div>\r\n\t\t\t\t<\/div>\n\t\t\t\t<\/div>\n\t\t            <\/div>\r\n        <\/div>\r\n                <div class=\"elementor-column elementor-col-50 elementor-top-column elementor-element elementor-element-62bb543 pxl-column-element-default pxl-column-none\" data-id=\"62bb543\" data-element_type=\"column\" data-e-type=\"column\">\r\n        <div class=\"elementor-widget-wrap elementor-element-populated\">\r\n                     \r\n        \t\t<div class=\"elementor-element elementor-element-cd156ac elementor-widget-laptop__width-initial elementor-widget elementor-widget-pxl_text_editor\" data-id=\"cd156ac\" data-element_type=\"widget\" data-e-type=\"widget\" data-widget_type=\"pxl_text_editor.default\">\n\t\t\t\t<div class=\"elementor-widget-container\">\n\t\t\t\t\t<div class=\"pxl-text-editor\">\n\t<div class=\"pxl-item--inner\" data-wow-delay=\"ms\">\n\t\t<ul><li><strong>Kausi\u0146i<\/strong>: Pieejamas zemas un augstas formas, lai atbilstu da\u017e\u0101d\u0101m vajadz\u012bb\u0101m.<\/li><li><strong>Erlenmeijera flakoni<\/strong>: Iesp\u0113jam\u0101s opcijas ietver platus un \u0161aurus kakla dizainus.<\/li><li><strong>Sild\u012b\u0161anas flakoni<\/strong>: Apa\u013cas un plakana dibena kolbas, kas \u012bpa\u0161i paredz\u0113tas sild\u012b\u0161anai.<\/li><li><strong>Super Duty diapazons<\/strong>: Pastiprin\u0101ta meh\u0101nisk\u0101 iztur\u012bba dro\u0161\u0101k\u0101m laboratorijas darb\u012bb\u0101m.<\/li><\/ul><p>Jau gadu desmitiem DURAN\u00ae spain\u012b\u0161i un kolbas ir uzticamas laboratoriju pamatlietas vis\u0101 pasaul\u0113, nodro\u0161inot nep\u0101rsp\u0113jamu uzticam\u012bbu un daudzpus\u012bbu. Neatkar\u012bgi no pielietojuma DURAN\u00ae stikla trauki nodro\u0161ina veiktsp\u0113ju un dro\u0161\u012bbu jebkur\u0101 laboratorij\u0101.<\/p>\t<\/div>\n<\/div>\t\t\t\t<\/div>\n\t\t\t\t<\/div>\n\t\t            <\/div>\r\n        <\/div>\r\n        \t\t\t<\/div>\n\t\t<\/section>\n\t\t        <section class=\"elementor-section elementor-top-section elementor-element elementor-element-b7dc3f7 elementor-section-boxed elementor-section-height-default elementor-section-height-default pxl-type-header-none pxl-row-scroll-none\" data-id=\"b7dc3f7\" data-element_type=\"section\" data-e-type=\"section\">\n\n                \n                <div class=\"elementor-container elementor-column-gap-default\">\n                <div class=\"elementor-column elementor-col-50 elementor-top-column elementor-element elementor-element-4211d55 pxl-column-element-default pxl-column-none\" data-id=\"4211d55\" data-element_type=\"column\" data-e-type=\"column\">\r\n        <div class=\"elementor-widget-wrap elementor-element-populated\">\r\n                     \r\n        \t\t<div class=\"elementor-element elementor-element-600da18 elementor-widget elementor-widget-pxl_text_editor\" data-id=\"600da18\" data-element_type=\"widget\" data-e-type=\"widget\" data-widget_type=\"pxl_text_editor.default\">\n\t\t\t\t<div class=\"elementor-widget-container\">\n\t\t\t\t\t<div class=\"pxl-text-editor\">\n\t<div class=\"pxl-item--inner\" data-wow-delay=\"ms\">\n\t\t<p><strong>DURAN\u00ae Borosilicate 3.3 stikla \u012bpa\u0161\u012bbas:<\/strong><\/p><ul><li><strong>Konsekventa kvalit\u0101te<\/strong>: DURAN\u00ae stikls ir slavens ar \u013coti reproduc\u0113jamu un uzticamu kvalit\u0101ti.<\/li><li><strong>\u0136\u012bmisk\u0101 iztur\u012bba<\/strong>: Izcila iztur\u012bba pret \u0137imik\u0101lij\u0101m un inerta uzved\u012bba, kas padara to ide\u0101li piem\u0113rotu sare\u017e\u0123\u012btiem laboratorijas lietojumiem.<\/li><li><strong>P\u0101rredzam\u012bba<\/strong>: Nodro\u0161ina skaidru redzam\u012bbu, kas ir b\u016btiska prec\u012bzam darbam laboratorij\u0101s.<\/li><li><strong>Siltuma \u012bpa\u0161\u012bbas<\/strong>: Augsta lieto\u0161anas temperat\u016bra, minim\u0101la termisk\u0101 izple\u0161an\u0101s un lieliska iztur\u012bba pret termisko triecienu.<\/li><li><strong>Farm\u0101cijas standarti<\/strong>: Atbilst USP\/EP\/JP 1. tipa neitr\u0101l\u0101 stikla pras\u012bb\u0101m, t\u0101p\u0113c tas ir piem\u0113rots izmanto\u0161anai farm\u0101cij\u0101.<\/li><\/ul>\t<\/div>\n<\/div>\t\t\t\t<\/div>\n\t\t\t\t<\/div>\n\t\t            <\/div>\r\n        <\/div>\r\n                <div class=\"elementor-column elementor-col-50 elementor-top-column elementor-element elementor-element-7b3c709 pxl-column-element-default pxl-column-none\" data-id=\"7b3c709\" data-element_type=\"column\" data-e-type=\"column\">\r\n        <div class=\"elementor-widget-wrap elementor-element-populated\">\r\n                     \r\n        \t\t<div class=\"elementor-element elementor-element-77d5b10 elementor-widget-laptop__width-initial elementor-widget elementor-widget-pxl_logo\" data-id=\"77d5b10\" data-element_type=\"widget\" data-e-type=\"widget\" data-widget_type=\"pxl_logo.default\">\n\t\t\t\t<div class=\"elementor-widget-container\">\n\t\t\t\t\t    <div class=\"pxl-logo logo-normal\" data-wow-delay=\"ms\">\r\n                    <img loading=\"lazy\" decoding=\"async\" width=\"500\" height=\"500\" src=\"https:\/\/elementus.lv\/wp-content\/uploads\/2025\/03\/39970-16973809.jpg\" class=\"attachment-full\" alt=\"\" srcset=\"https:\/\/elementus.lv\/wp-content\/uploads\/2025\/03\/39970-16973809.jpg 500w, https:\/\/elementus.lv\/wp-content\/uploads\/2025\/03\/39970-16973809-300x300.jpg 300w, https:\/\/elementus.lv\/wp-content\/uploads\/2025\/03\/39970-16973809-150x150.jpg 150w, https:\/\/elementus.lv\/wp-content\/uploads\/2025\/03\/39970-16973809-12x12.jpg 12w, https:\/\/elementus.lv\/wp-content\/uploads\/2025\/03\/39970-16973809-250x250.jpg 250w, https:\/\/elementus.lv\/wp-content\/uploads\/2025\/03\/39970-16973809-96x96.jpg 96w\" sizes=\"(max-width: 500px) 100vw, 500px\" \/>            <\/div>\r\n\t\t\t\t<\/div>\n\t\t\t\t<\/div>\n\t\t            <\/div>\r\n        <\/div>\r\n        \t\t\t<\/div>\n\t\t<\/section>\n\t\t        <section class=\"elementor-section elementor-top-section elementor-element elementor-element-1ab342f elementor-section-boxed elementor-section-height-default elementor-section-height-default pxl-type-header-none pxl-row-scroll-none\" data-id=\"1ab342f\" data-element_type=\"section\" data-e-type=\"section\">\n\n                \n                <div class=\"elementor-container elementor-column-gap-default\">\n                <div class=\"elementor-column elementor-col-33 elementor-top-column elementor-element elementor-element-3829058 pxl-column-element-default pxl-column-none\" data-id=\"3829058\" data-element_type=\"column\" data-e-type=\"column\">\r\n        <div class=\"elementor-widget-wrap\">\r\n                     \r\n                    <\/div>\r\n        <\/div>\r\n                <div class=\"elementor-column elementor-col-33 elementor-top-column elementor-element elementor-element-af3459d pxl-column-element-default pxl-column-none\" data-id=\"af3459d\" data-element_type=\"column\" data-e-type=\"column\">\r\n        <div class=\"elementor-widget-wrap elementor-element-populated\">\r\n                     \r\n        \t\t<div class=\"elementor-element elementor-element-d1b02a9 elementor-widget elementor-widget-pxl_showcase\" data-id=\"d1b02a9\" data-element_type=\"widget\" data-e-type=\"widget\" data-widget_type=\"pxl_showcase.default\">\n\t\t\t\t<div class=\"elementor-widget-container\">\n\t\t\t\t\t<div class=\"pxl-showcase layout2\" data-wow-delay=\"ms\">\r\n    <div class=\"inner-box item-normarl\">\r\n        <div class=\"item-feature\">\r\n                        <img loading=\"lazy\" decoding=\"async\" width=\"300\" height=\"149\" src=\"https:\/\/elementus.lv\/wp-content\/uploads\/2024\/12\/download-1-1-300x149.png\" class=\"attachment-medium\" alt=\"\" srcset=\"https:\/\/elementus.lv\/wp-content\/uploads\/2024\/12\/download-1-1-300x149.png 300w, https:\/\/elementus.lv\/wp-content\/uploads\/2024\/12\/download-1-1.png 319w\" sizes=\"(max-width: 300px) 100vw, 300px\" \/>            <div class=\"pxl-item-links\">\r\n                                    <a class=\"link-1\" href=\"https:\/\/elementus.lv\/wp-content\/uploads\/2025\/01\/DWK-catalog.pdf\" target=\"_blank\">\r\n                        <span>DWK<\/span>\r\n                    <\/a>\r\n                                            <\/div>\r\n        <\/div>\r\n        <h3 class=\"item-title\">\r\n                            DWK                    <\/h3>\r\n    <\/div>\r\n<\/div>\t\t\t\t<\/div>\n\t\t\t\t<\/div>\n\t\t\t\t<div class=\"elementor-element elementor-element-d50c6a5 elementor-align-center elementor-widget elementor-widget-button\" data-id=\"d50c6a5\" data-element_type=\"widget\" data-e-type=\"widget\" data-widget_type=\"button.default\">\n\t\t\t\t<div class=\"elementor-widget-container\">\n\t\t\t\t\t\t\t\t\t<div class=\"elementor-button-wrapper\">\n\t\t\t\t\t<a class=\"elementor-button elementor-button-link elementor-size-sm\" href=\"https:\/\/elementus.lv\/wp-content\/uploads\/2025\/01\/DWK-catalog.pdf?dl=1\" download=\"DWK-catalog.pdf\">\n\t\t\t\t\t\t<span class=\"elementor-button-content-wrapper\">\n\t\t\t\t\t\t\t\t\t<span class=\"elementor-button-text\">Lejupiel\u0101d\u0113t katalogu<\/span>\n\t\t\t\t\t<\/span>\n\t\t\t\t\t<\/a>\n\t\t\t\t<\/div>\n\t\t\t\t\t\t\t\t<\/div>\n\t\t\t\t<\/div>\n\t\t            <\/div>\r\n        <\/div>\r\n                <div class=\"elementor-column elementor-col-33 elementor-top-column elementor-element elementor-element-f38efc6 pxl-column-element-default pxl-column-none\" data-id=\"f38efc6\" data-element_type=\"column\" data-e-type=\"column\">\r\n        <div class=\"elementor-widget-wrap\">\r\n                     \r\n                    <\/div>\r\n        <\/div>\r\n        \t\t\t<\/div>\n\t\t<\/section>\n\t\t\t\t<\/div>","protected":false},"excerpt":{"rendered":"<p>DWK DURAN\u00ae is a globally recognized premium brand for laboratory glassware, renowned for its high-quality borosilicate glass 3.3, which is engineered in Germany. With over 120 years of expertise, DURAN\u00ae combines exceptional manufacturing standards with a commitment to innovation, offering a comprehensive portfolio of over 3,000 products, primarily manufactured to DIN\/ISO standards. Features of DURAN\u00ae [&hellip;]<\/p>\n","protected":false},"author":1,"featured_media":0,"parent":0,"menu_order":0,"comment_status":"closed","ping_status":"closed","template":"","meta":{"footnotes":""},"class_list":["post-14695","page","type-page","status-publish","hentry"],"_links":{"self":[{"href":"https:\/\/elementus.lv\/lv\/wp-json\/wp\/v2\/pages\/14695","targetHints":{"allow":["GET"]}}],"collection":[{"href":"https:\/\/elementus.lv\/lv\/wp-json\/wp\/v2\/pages"}],"about":[{"href":"https:\/\/elementus.lv\/lv\/wp-json\/wp\/v2\/types\/page"}],"author":[{"embeddable":true,"href":"https:\/\/elementus.lv\/lv\/wp-json\/wp\/v2\/users\/1"}],"replies":[{"embeddable":true,"href":"https:\/\/elementus.lv\/lv\/wp-json\/wp\/v2\/comments?post=14695"}],"version-history":[{"count":41,"href":"https:\/\/elementus.lv\/lv\/wp-json\/wp\/v2\/pages\/14695\/revisions"}],"predecessor-version":[{"id":16510,"href":"https:\/\/elementus.lv\/lv\/wp-json\/wp\/v2\/pages\/14695\/revisions\/16510"}],"wp:attachment":[{"href":"https:\/\/elementus.lv\/lv\/wp-json\/wp\/v2\/media?parent=14695"}],"curies":[{"name":"wp","href":"https:\/\/api.w.org\/{rel}","templated":true}]}}