{"id":14711,"date":"2025-01-08T13:29:23","date_gmt":"2025-01-08T13:29:23","guid":{"rendered":"https:\/\/elementus.lv\/?page_id=14711"},"modified":"2025-03-29T18:54:18","modified_gmt":"2025-03-29T18:54:18","slug":"vitlab","status":"publish","type":"page","link":"https:\/\/elementus.lv\/lv\/vitlab\/","title":{"rendered":"Vitlab"},"content":{"rendered":"<div data-elementor-type=\"wp-page\" data-elementor-id=\"14711\" class=\"elementor elementor-14711\" data-elementor-post-type=\"page\">\n\t\t\t\t        <section class=\"elementor-section elementor-top-section elementor-element elementor-element-abfcc39 elementor-section-boxed elementor-section-height-default elementor-section-height-default pxl-type-header-none pxl-row-scroll-none\" data-id=\"abfcc39\" data-element_type=\"section\" data-e-type=\"section\" data-settings=\"{&quot;background_background&quot;:&quot;classic&quot;}\">\n\n                            <div class=\"elementor-background-overlay\"><\/div>\n            \n                <div class=\"elementor-container elementor-column-gap-default\">\n                <div class=\"elementor-column elementor-col-100 elementor-top-column elementor-element elementor-element-99b1904 pxl-column-element-default pxl-column-none\" data-id=\"99b1904\" data-element_type=\"column\" data-e-type=\"column\">\r\n        <div class=\"elementor-widget-wrap elementor-element-populated\">\r\n                     \r\n        \t\t<div class=\"elementor-element elementor-element-06ce486 elementor-widget elementor-widget-pxl_heading\" data-id=\"06ce486\" data-element_type=\"widget\" data-e-type=\"widget\" data-widget_type=\"pxl_heading.default\">\n\t\t\t\t<div class=\"elementor-widget-container\">\n\t\t\t\t\t<div class=\"pxl-heading\">\n\t<div class=\"pxl-heading--inner\">\n\t\t\t\t<h3 class=\"pxl-item--title\" data-wow-delay=\"ms\">\n\t\t\tVitlab\t\t\n\t\t<\/h3>\n\t\t\t<\/div>\n<\/div>\t\t\t\t<\/div>\n\t\t\t\t<\/div>\n\t\t            <\/div>\r\n        <\/div>\r\n        \t\t\t<\/div>\n\t\t<\/section>\n\t\t        <section class=\"elementor-section elementor-top-section elementor-element elementor-element-75483b2 elementor-section-boxed elementor-section-height-default elementor-section-height-default pxl-type-header-none pxl-row-scroll-none\" data-id=\"75483b2\" data-element_type=\"section\" data-e-type=\"section\">\n\n                \n                <div class=\"elementor-container elementor-column-gap-default\">\n                <div class=\"elementor-column elementor-col-50 elementor-top-column elementor-element elementor-element-9d585a8 pxl-column-element-default pxl-column-none\" data-id=\"9d585a8\" data-element_type=\"column\" data-e-type=\"column\">\r\n        <div class=\"elementor-widget-wrap elementor-element-populated\">\r\n                     \r\n        \t\t<div class=\"elementor-element elementor-element-8e1c1de elementor-widget elementor-widget-pxl_text_editor\" data-id=\"8e1c1de\" data-element_type=\"widget\" data-e-type=\"widget\" data-widget_type=\"pxl_text_editor.default\">\n\t\t\t\t<div class=\"elementor-widget-container\">\n\t\t\t\t\t<div class=\"pxl-text-editor\">\n\t<div class=\"pxl-item--inner\" data-wow-delay=\"ms\">\n\t\t<h5>Vitlab izstr\u0101d\u0101 un ra\u017eo \u0161os laboratorijas produktus sav\u0101 ra\u017eotn\u0113. Vitlab pla\u0161ais produktu kl\u0101sts nodro\u0161ina optim\u0101lu atbalstu j\u016bsu laboratorijas darb\u0101 visda\u017e\u0101d\u0101kajos pielietojuma diapazonos. Neatkar\u012bgi no t\u0101, vai j\u016bsu darbs ir saist\u012bts ar tilpuma m\u0113r\u012bjumiem, paraugu \u0146em\u0161anu vai uzglab\u0101\u0161anu: VITLAB produkti to atvieglos, vienlaikus nodro\u0161inot nevainojamu rezult\u0101tu sasnieg\u0161anu.<\/h5>\t<\/div>\n<\/div>\t\t\t\t<\/div>\n\t\t\t\t<\/div>\n\t\t            <\/div>\r\n        <\/div>\r\n                <div class=\"elementor-column elementor-col-50 elementor-top-column elementor-element elementor-element-1919c8c pxl-column-element-default pxl-column-none\" data-id=\"1919c8c\" data-element_type=\"column\" data-e-type=\"column\">\r\n        <div class=\"elementor-widget-wrap elementor-element-populated\">\r\n                     \r\n        \t\t<div class=\"elementor-element elementor-element-530d2c4 elementor-widget elementor-widget-pxl_image\" data-id=\"530d2c4\" data-element_type=\"widget\" data-e-type=\"widget\" data-widget_type=\"pxl_image.default\">\n\t\t\t\t<div class=\"elementor-widget-container\">\n\t\t\t\t\t<div class=\"pxl-image-single\" data-wow-delay=\"ms\">\r\n                                        <div class=\"pxl-item--inner\">\r\n                    <a href=\"https:\/\/www.vitlab.com\/en\/\" target=\"_blank\" rel=\"noopener\">                        <img fetchpriority=\"high\" decoding=\"async\" width=\"340\" height=\"148\" src=\"https:\/\/elementus.lv\/wp-content\/uploads\/2024\/12\/download-3-1.png\" class=\"no-lazyload attachment-full\" alt=\"\" srcset=\"https:\/\/elementus.lv\/wp-content\/uploads\/2024\/12\/download-3-1.png 340w, https:\/\/elementus.lv\/wp-content\/uploads\/2024\/12\/download-3-1-300x131.png 300w\" sizes=\"(max-width: 340px) 100vw, 340px\" \/>                    <\/a>                <\/div>\r\n                        <\/div>\t\t\t\t<\/div>\n\t\t\t\t<\/div>\n\t\t            <\/div>\r\n        <\/div>\r\n        \t\t\t<\/div>\n\t\t<\/section>\n\t\t        <section class=\"elementor-section elementor-top-section elementor-element elementor-element-08f87e0 elementor-section-boxed elementor-section-height-default elementor-section-height-default pxl-type-header-none pxl-row-scroll-none\" data-id=\"08f87e0\" data-element_type=\"section\" data-e-type=\"section\">\n\n                \n                <div class=\"elementor-container elementor-column-gap-default\">\n                <div class=\"elementor-column elementor-col-50 elementor-top-column elementor-element elementor-element-5cec299 pxl-column-element-default pxl-column-none\" data-id=\"5cec299\" data-element_type=\"column\" data-e-type=\"column\">\r\n        <div class=\"elementor-widget-wrap elementor-element-populated\">\r\n                     \r\n        \t\t<div class=\"elementor-element elementor-element-8a7b61b elementor-widget elementor-widget-pxl_text_editor\" data-id=\"8a7b61b\" data-element_type=\"widget\" data-e-type=\"widget\" data-widget_type=\"pxl_text_editor.default\">\n\t\t\t\t<div class=\"elementor-widget-container\">\n\t\t\t\t\t<div class=\"pxl-text-editor\">\n\t<div class=\"pxl-item--inner\" data-wow-delay=\"ms\">\n\t\t<p>Lai atvieglotu mekl\u0113\u0161anu, Vitlab produktu kl\u0101sts ir iedal\u012bts kategorij\u0101s \u0161\u0101d\u0101s pielietojuma jom\u0101s:<\/p><ul><li><strong>Tilpuma m\u0113rinstrumenti<\/strong>: Biretes, pipetes, gradu\u0113ti cilindri un m\u0113rkolbas, kas paredz\u0113tas prec\u012bziem \u0161\u0137idrumu m\u0113r\u012bjumiem.<\/li><li><strong>Darbs ar \u0161\u0137idrumiem<\/strong>: Mikropipetes (vienkan\u0101lu un daudzkan\u0101lu), dozatori un rea\u0123entu rezervu\u0101ri prec\u012bzai \u0161\u0137idrumu doz\u0113\u0161anai.<\/li><li><strong>Laboratorijas pudeles un trauki<\/strong>: Uzglab\u0101\u0161anas pudeles, mazg\u0101\u0161anas pudeles un pudeles ar dro\u0161u p\u0101rkl\u0101jumu da\u017e\u0101diem \u0137\u012bmisko vielu un paraugu uzglab\u0101\u0161anas veidiem.<\/li><li><strong>Titr\u0113\u0161anas apr\u012bkojums<\/strong>: Specializ\u0113ts titr\u0113\u0161anas apar\u0101ts laboratorijas anal\u012bz\u0113m.<\/li><li><strong>Aksesu\u0101ri<\/strong>: Stat\u012bvi, sienas stiprin\u0101jumi un filtri pipet\u0113m, k\u0101 ar\u012b t\u012br\u012b\u0161anas \u0161\u0137\u012bdumi.<\/li><\/ul>\t<\/div>\n<\/div>\t\t\t\t<\/div>\n\t\t\t\t<\/div>\n\t\t            <\/div>\r\n        <\/div>\r\n                <div class=\"elementor-column elementor-col-50 elementor-top-column elementor-element elementor-element-c96875b pxl-column-element-default pxl-column-none\" data-id=\"c96875b\" data-element_type=\"column\" data-e-type=\"column\">\r\n        <div class=\"elementor-widget-wrap elementor-element-populated\">\r\n                     \r\n        \t\t<div class=\"elementor-element elementor-element-f291e3a elementor-widget elementor-widget-pxl_image\" data-id=\"f291e3a\" data-element_type=\"widget\" data-e-type=\"widget\" data-widget_type=\"pxl_image.default\">\n\t\t\t\t<div class=\"elementor-widget-container\">\n\t\t\t\t\t<div class=\"pxl-image-single\" data-wow-delay=\"ms\">\r\n                                        <div class=\"pxl-item--inner\">\r\n                                            <img decoding=\"async\" width=\"1200\" height=\"1201\" src=\"https:\/\/elementus.lv\/wp-content\/uploads\/2025\/03\/Vitlab_plastic_ware.jpg\" class=\"no-lazyload attachment-full\" alt=\"\" srcset=\"https:\/\/elementus.lv\/wp-content\/uploads\/2025\/03\/Vitlab_plastic_ware.jpg 1200w, https:\/\/elementus.lv\/wp-content\/uploads\/2025\/03\/Vitlab_plastic_ware-300x300.jpg 300w, https:\/\/elementus.lv\/wp-content\/uploads\/2025\/03\/Vitlab_plastic_ware-1024x1024.jpg 1024w, https:\/\/elementus.lv\/wp-content\/uploads\/2025\/03\/Vitlab_plastic_ware-150x150.jpg 150w, https:\/\/elementus.lv\/wp-content\/uploads\/2025\/03\/Vitlab_plastic_ware-768x769.jpg 768w, https:\/\/elementus.lv\/wp-content\/uploads\/2025\/03\/Vitlab_plastic_ware-12x12.jpg 12w, https:\/\/elementus.lv\/wp-content\/uploads\/2025\/03\/Vitlab_plastic_ware-709x710.jpg 709w, https:\/\/elementus.lv\/wp-content\/uploads\/2025\/03\/Vitlab_plastic_ware-600x600.jpg 600w, https:\/\/elementus.lv\/wp-content\/uploads\/2025\/03\/Vitlab_plastic_ware-250x250.jpg 250w, https:\/\/elementus.lv\/wp-content\/uploads\/2025\/03\/Vitlab_plastic_ware-96x96.jpg 96w\" sizes=\"(max-width: 1200px) 100vw, 1200px\" \/>                                    <\/div>\r\n                        <\/div>\t\t\t\t<\/div>\n\t\t\t\t<\/div>\n\t\t            <\/div>\r\n        <\/div>\r\n        \t\t\t<\/div>\n\t\t<\/section>\n\t\t        <section class=\"elementor-section elementor-top-section elementor-element elementor-element-41c9957 elementor-section-boxed elementor-section-height-default elementor-section-height-default pxl-type-header-none pxl-row-scroll-none\" data-id=\"41c9957\" data-element_type=\"section\" data-e-type=\"section\">\n\n                \n                <div class=\"elementor-container elementor-column-gap-default\">\n                <div class=\"elementor-column elementor-col-33 elementor-top-column elementor-element elementor-element-81bc1f0 pxl-column-element-default pxl-column-none\" data-id=\"81bc1f0\" data-element_type=\"column\" data-e-type=\"column\">\r\n        <div class=\"elementor-widget-wrap elementor-element-populated\">\r\n                     \r\n        \t\t<div class=\"elementor-element elementor-element-7f7a871 elementor-widget-laptop__width-initial elementor-widget elementor-widget-pxl_image\" data-id=\"7f7a871\" data-element_type=\"widget\" data-e-type=\"widget\" data-widget_type=\"pxl_image.default\">\n\t\t\t\t<div class=\"elementor-widget-container\">\n\t\t\t\t\t<div class=\"pxl-image-single\" data-wow-delay=\"ms\">\r\n                                        <div class=\"pxl-item--inner\">\r\n                                            <img decoding=\"async\" width=\"600\" height=\"777\" src=\"https:\/\/elementus.lv\/wp-content\/uploads\/2025\/03\/csm_Disp-neu_ea931bad67.png\" class=\"no-lazyload attachment-full\" alt=\"\" srcset=\"https:\/\/elementus.lv\/wp-content\/uploads\/2025\/03\/csm_Disp-neu_ea931bad67.png 600w, https:\/\/elementus.lv\/wp-content\/uploads\/2025\/03\/csm_Disp-neu_ea931bad67-232x300.png 232w, https:\/\/elementus.lv\/wp-content\/uploads\/2025\/03\/csm_Disp-neu_ea931bad67-9x12.png 9w, https:\/\/elementus.lv\/wp-content\/uploads\/2025\/03\/csm_Disp-neu_ea931bad67-548x710.png 548w\" sizes=\"(max-width: 600px) 100vw, 600px\" \/>                                    <\/div>\r\n                        <\/div>\t\t\t\t<\/div>\n\t\t\t\t<\/div>\n\t\t            <\/div>\r\n        <\/div>\r\n                <div class=\"elementor-column elementor-col-33 elementor-top-column elementor-element elementor-element-1712df9 pxl-column-element-default pxl-column-none\" data-id=\"1712df9\" data-element_type=\"column\" data-e-type=\"column\">\r\n        <div class=\"elementor-widget-wrap elementor-element-populated\">\r\n                     \r\n        \t\t<div class=\"elementor-element elementor-element-818d3fd elementor-widget__width-initial elementor-widget elementor-widget-pxl_showcase\" data-id=\"818d3fd\" data-element_type=\"widget\" data-e-type=\"widget\" data-widget_type=\"pxl_showcase.default\">\n\t\t\t\t<div class=\"elementor-widget-container\">\n\t\t\t\t\t<div class=\"pxl-showcase layout2\" data-wow-delay=\"ms\">\r\n    <div class=\"inner-box item-normarl\">\r\n        <div class=\"item-feature\">\r\n                        <img loading=\"lazy\" decoding=\"async\" width=\"300\" height=\"131\" src=\"https:\/\/elementus.lv\/wp-content\/uploads\/2024\/12\/download-3-1-300x131.png\" class=\"attachment-medium\" alt=\"\" srcset=\"https:\/\/elementus.lv\/wp-content\/uploads\/2024\/12\/download-3-1-300x131.png 300w, https:\/\/elementus.lv\/wp-content\/uploads\/2024\/12\/download-3-1.png 340w\" sizes=\"(max-width: 300px) 100vw, 300px\" \/>            <div class=\"pxl-item-links\">\r\n                                    <a class=\"link-1\" href=\"https:\/\/elementus.lv\/wp-content\/uploads\/2024\/12\/VITLAB-katalogs.pdf\" target=\"_blank\">\r\n                        <span>Vitlab katalogs<\/span>\r\n                    <\/a>\r\n                                            <\/div>\r\n        <\/div>\r\n        <h3 class=\"item-title\">\r\n                            Vitlab                    <\/h3>\r\n    <\/div>\r\n<\/div>\t\t\t\t<\/div>\n\t\t\t\t<\/div>\n\t\t\t\t<div class=\"elementor-element elementor-element-2975cd7 elementor-align-center elementor-widget elementor-widget-button\" data-id=\"2975cd7\" data-element_type=\"widget\" data-e-type=\"widget\" data-widget_type=\"button.default\">\n\t\t\t\t<div class=\"elementor-widget-container\">\n\t\t\t\t\t\t\t\t\t<div class=\"elementor-button-wrapper\">\n\t\t\t\t\t<a class=\"elementor-button elementor-button-link elementor-size-sm\" href=\"https:\/\/elementus.lv\/wp-content\/uploads\/2024\/12\/VITLAB-katalogs.pdf?dl=1\" download=\"VITLAB-katalogs.pdf\">\n\t\t\t\t\t\t<span class=\"elementor-button-content-wrapper\">\n\t\t\t\t\t\t\t\t\t<span class=\"elementor-button-text\">Lejupiel\u0101d\u0113t katalogu<\/span>\n\t\t\t\t\t<\/span>\n\t\t\t\t\t<\/a>\n\t\t\t\t<\/div>\n\t\t\t\t\t\t\t\t<\/div>\n\t\t\t\t<\/div>\n\t\t            <\/div>\r\n        <\/div>\r\n                <div class=\"elementor-column elementor-col-33 elementor-top-column elementor-element elementor-element-1b07cb6 pxl-column-element-default pxl-column-none\" data-id=\"1b07cb6\" data-element_type=\"column\" data-e-type=\"column\">\r\n        <div class=\"elementor-widget-wrap elementor-element-populated\">\r\n                     \r\n        \t\t<div class=\"elementor-element elementor-element-15fc1c0 elementor-widget elementor-widget-pxl_image\" data-id=\"15fc1c0\" data-element_type=\"widget\" data-e-type=\"widget\" data-widget_type=\"pxl_image.default\">\n\t\t\t\t<div class=\"elementor-widget-container\">\n\t\t\t\t\t<div class=\"pxl-image-single\" data-wow-delay=\"ms\">\r\n                                        <div class=\"pxl-item--inner\">\r\n                                            <img loading=\"lazy\" decoding=\"async\" width=\"2560\" height=\"1690\" src=\"https:\/\/elementus.lv\/wp-content\/uploads\/2025\/01\/Vitlab-scaled.jpg\" class=\"no-lazyload attachment-full\" alt=\"\" srcset=\"https:\/\/elementus.lv\/wp-content\/uploads\/2025\/01\/Vitlab-scaled.jpg 2560w, https:\/\/elementus.lv\/wp-content\/uploads\/2025\/01\/Vitlab-300x198.jpg 300w, https:\/\/elementus.lv\/wp-content\/uploads\/2025\/01\/Vitlab-1024x676.jpg 1024w, https:\/\/elementus.lv\/wp-content\/uploads\/2025\/01\/Vitlab-768x507.jpg 768w, https:\/\/elementus.lv\/wp-content\/uploads\/2025\/01\/Vitlab-1536x1014.jpg 1536w, https:\/\/elementus.lv\/wp-content\/uploads\/2025\/01\/Vitlab-2048x1352.jpg 2048w, https:\/\/elementus.lv\/wp-content\/uploads\/2025\/01\/Vitlab-1076x710.jpg 1076w, https:\/\/elementus.lv\/wp-content\/uploads\/2025\/01\/Vitlab-600x396.jpg 600w\" sizes=\"(max-width: 2560px) 100vw, 2560px\" \/>                                    <\/div>\r\n                        <\/div>\t\t\t\t<\/div>\n\t\t\t\t<\/div>\n\t\t            <\/div>\r\n        <\/div>\r\n        \t\t\t<\/div>\n\t\t<\/section>\n\t\t\t\t<\/div>","protected":false},"excerpt":{"rendered":"<p>Vitlab Vitlab develops and manufactures these laboratory products at its own production facility. Vitlab\u2019s extensive range of products provides optimal support in your laboratory work in a wide variety of application ranges. Regardless of whether your work involves volume measurement, sampling or storage: VITLAB products will facilitate it while continuing to ensure that you achieve [&hellip;]<\/p>\n","protected":false},"author":1,"featured_media":0,"parent":0,"menu_order":0,"comment_status":"closed","ping_status":"closed","template":"","meta":{"footnotes":""},"class_list":["post-14711","page","type-page","status-publish","hentry"],"_links":{"self":[{"href":"https:\/\/elementus.lv\/lv\/wp-json\/wp\/v2\/pages\/14711","targetHints":{"allow":["GET"]}}],"collection":[{"href":"https:\/\/elementus.lv\/lv\/wp-json\/wp\/v2\/pages"}],"about":[{"href":"https:\/\/elementus.lv\/lv\/wp-json\/wp\/v2\/types\/page"}],"author":[{"embeddable":true,"href":"https:\/\/elementus.lv\/lv\/wp-json\/wp\/v2\/users\/1"}],"replies":[{"embeddable":true,"href":"https:\/\/elementus.lv\/lv\/wp-json\/wp\/v2\/comments?post=14711"}],"version-history":[{"count":35,"href":"https:\/\/elementus.lv\/lv\/wp-json\/wp\/v2\/pages\/14711\/revisions"}],"predecessor-version":[{"id":16372,"href":"https:\/\/elementus.lv\/lv\/wp-json\/wp\/v2\/pages\/14711\/revisions\/16372"}],"wp:attachment":[{"href":"https:\/\/elementus.lv\/lv\/wp-json\/wp\/v2\/media?parent=14711"}],"curies":[{"name":"wp","href":"https:\/\/api.w.org\/{rel}","templated":true}]}}