{"id":14875,"date":"2025-01-09T13:45:01","date_gmt":"2025-01-09T13:45:01","guid":{"rendered":"https:\/\/elementus.lv\/?page_id=14875"},"modified":"2025-01-21T18:33:14","modified_gmt":"2025-01-21T18:33:14","slug":"laminar-cabinets","status":"publish","type":"page","link":"https:\/\/elementus.lv\/lv\/laminar-cabinets\/","title":{"rendered":"Lamin\u0101rais skapis"},"content":{"rendered":"<div data-elementor-type=\"wp-page\" data-elementor-id=\"14875\" class=\"elementor elementor-14875\" data-elementor-post-type=\"page\">\n\t\t\t\t        <section class=\"elementor-section elementor-top-section elementor-element elementor-element-d9b9895 elementor-section-boxed elementor-section-height-default elementor-section-height-default pxl-type-header-none pxl-row-scroll-none\" data-id=\"d9b9895\" data-element_type=\"section\" data-e-type=\"section\" data-settings=\"{&quot;background_background&quot;:&quot;classic&quot;}\">\n\n                            <div class=\"elementor-background-overlay\"><\/div>\n            \n                <div class=\"elementor-container elementor-column-gap-default\">\n                <div class=\"elementor-column elementor-col-100 elementor-top-column elementor-element elementor-element-01372ee pxl-column-element-default pxl-column-none\" data-id=\"01372ee\" data-element_type=\"column\" data-e-type=\"column\">\r\n        <div class=\"elementor-widget-wrap elementor-element-populated\">\r\n                     \r\n        \t\t<div class=\"elementor-element elementor-element-b81800c elementor-widget elementor-widget-pxl_heading\" data-id=\"b81800c\" data-element_type=\"widget\" data-e-type=\"widget\" data-widget_type=\"pxl_heading.default\">\n\t\t\t\t<div class=\"elementor-widget-container\">\n\t\t\t\t\t<div class=\"pxl-heading\">\n\t<div class=\"pxl-heading--inner\">\n\t\t\t\t<h3 class=\"pxl-item--title\" data-wow-delay=\"ms\">\n\t\t\tLamin\u0101rais skapis\t\t\n\t\t<\/h3>\n\t\t\t<\/div>\n<\/div>\t\t\t\t<\/div>\n\t\t\t\t<\/div>\n\t\t            <\/div>\r\n        <\/div>\r\n        \t\t\t<\/div>\n\t\t<\/section>\n\t\t        <section class=\"elementor-section elementor-top-section elementor-element elementor-element-dddc5ce elementor-section-boxed elementor-section-height-default elementor-section-height-default pxl-type-header-none pxl-row-scroll-none\" data-id=\"dddc5ce\" data-element_type=\"section\" data-e-type=\"section\">\n\n                \n                <div class=\"elementor-container elementor-column-gap-default\">\n                <div class=\"elementor-column elementor-col-50 elementor-top-column elementor-element elementor-element-3e9420a pxl-column-element-default pxl-column-none\" data-id=\"3e9420a\" data-element_type=\"column\" data-e-type=\"column\">\r\n        <div class=\"elementor-widget-wrap elementor-element-populated\">\r\n                     \r\n        \t\t<div class=\"elementor-element elementor-element-33636f9 elementor-widget elementor-widget-pxl_text_editor\" data-id=\"33636f9\" data-element_type=\"widget\" data-e-type=\"widget\" data-widget_type=\"pxl_text_editor.default\">\n\t\t\t\t<div class=\"elementor-widget-container\">\n\t\t\t\t\t<div class=\"pxl-text-editor\">\n\t<div class=\"pxl-item--inner\" data-wow-delay=\"ms\">\n\t\t<h3>TopAir Systems: Inovat\u012bvi risin\u0101jumi t\u012br\u0101m telp\u0101m un laboratorij\u0101m<\/h3>\t<\/div>\n<\/div>\t\t\t\t<\/div>\n\t\t\t\t<\/div>\n\t\t            <\/div>\r\n        <\/div>\r\n                <div class=\"elementor-column elementor-col-50 elementor-top-column elementor-element elementor-element-14706e2 pxl-column-element-default pxl-column-none\" data-id=\"14706e2\" data-element_type=\"column\" data-e-type=\"column\">\r\n        <div class=\"elementor-widget-wrap elementor-element-populated\">\r\n                     \r\n        \t\t<div class=\"elementor-element elementor-element-6184dad elementor-widget elementor-widget-pxl_image\" data-id=\"6184dad\" data-element_type=\"widget\" data-e-type=\"widget\" data-widget_type=\"pxl_image.default\">\n\t\t\t\t<div class=\"elementor-widget-container\">\n\t\t\t\t\t<div class=\"pxl-image-single\" data-wow-delay=\"ms\">\r\n                                        <div class=\"pxl-item--inner\">\r\n                                            <img fetchpriority=\"high\" decoding=\"async\" width=\"600\" height=\"240\" src=\"https:\/\/elementus.lv\/wp-content\/uploads\/2025\/01\/LOGO-19.png\" class=\"no-lazyload attachment-full\" alt=\"\" srcset=\"https:\/\/elementus.lv\/wp-content\/uploads\/2025\/01\/LOGO-19.png 600w, https:\/\/elementus.lv\/wp-content\/uploads\/2025\/01\/LOGO-19-300x120.png 300w\" sizes=\"(max-width: 600px) 100vw, 600px\" \/>                                    <\/div>\r\n                        <\/div>\t\t\t\t<\/div>\n\t\t\t\t<\/div>\n\t\t            <\/div>\r\n        <\/div>\r\n        \t\t\t<\/div>\n\t\t<\/section>\n\t\t        <section class=\"elementor-section elementor-top-section elementor-element elementor-element-24fe192 elementor-section-boxed elementor-section-height-default elementor-section-height-default pxl-type-header-none pxl-row-scroll-none\" data-id=\"24fe192\" data-element_type=\"section\" data-e-type=\"section\">\n\n                \n                <div class=\"elementor-container elementor-column-gap-default\">\n                <div class=\"elementor-column elementor-col-100 elementor-top-column elementor-element elementor-element-bc87ec3 pxl-column-element-default pxl-column-none\" data-id=\"bc87ec3\" data-element_type=\"column\" data-e-type=\"column\">\r\n        <div class=\"elementor-widget-wrap elementor-element-populated\">\r\n                     \r\n        \t\t<div class=\"elementor-element elementor-element-b4a74e5 elementor-widget elementor-widget-pxl_text_editor\" data-id=\"b4a74e5\" data-element_type=\"widget\" data-e-type=\"widget\" data-widget_type=\"pxl_text_editor.default\">\n\t\t\t\t<div class=\"elementor-widget-container\">\n\t\t\t\t\t<div class=\"pxl-text-editor\">\n\t<div class=\"pxl-item--inner\" data-wow-delay=\"ms\">\n\t\t<p>TopAir Systems ir vado\u0161ais ra\u017eot\u0101js, kas specializ\u0113jas augstas kvalit\u0101tes t\u012bro telpu un laboratoriju apr\u012bkojuma ra\u017eo\u0161an\u0101, kas izstr\u0101d\u0101ts, lai atbilstu m\u016bsdienu r\u016bpniec\u012bbas stingraj\u0101m pras\u012bb\u0101m. Piev\u0113r\u0161ot uzman\u012bbu inov\u0101cij\u0101m, efektivit\u0101tei un dro\u0161\u012bbai, TopAir Systems pied\u0101v\u0101 pla\u0161u produktu kl\u0101stu, kas atbalsta p\u0113tniec\u012bbu, vesel\u012bbas apr\u016bpi un r\u016bpniec\u012bbu vis\u0101 pasaul\u0113.<\/p>\t<\/div>\n<\/div>\t\t\t\t<\/div>\n\t\t\t\t<\/div>\n\t\t            <\/div>\r\n        <\/div>\r\n        \t\t\t<\/div>\n\t\t<\/section>\n\t\t        <section class=\"elementor-section elementor-top-section elementor-element elementor-element-e15367d elementor-section-boxed elementor-section-height-default elementor-section-height-default pxl-type-header-none pxl-row-scroll-none\" data-id=\"e15367d\" data-element_type=\"section\" data-e-type=\"section\">\n\n                \n                <div class=\"elementor-container elementor-column-gap-default\">\n                <div class=\"elementor-column elementor-col-50 elementor-top-column elementor-element elementor-element-c0928b2 pxl-column-element-default pxl-column-none\" data-id=\"c0928b2\" data-element_type=\"column\" data-e-type=\"column\">\r\n        <div class=\"elementor-widget-wrap elementor-element-populated\">\r\n                     \r\n        \t\t<div class=\"elementor-element elementor-element-1b56ebb elementor-widget elementor-widget-pxl_image\" data-id=\"1b56ebb\" data-element_type=\"widget\" data-e-type=\"widget\" data-widget_type=\"pxl_image.default\">\n\t\t\t\t<div class=\"elementor-widget-container\">\n\t\t\t\t\t<div class=\"pxl-image-single\" data-wow-delay=\"ms\">\r\n                                        <div class=\"pxl-item--inner\">\r\n                                            <img decoding=\"async\" width=\"500\" height=\"660\" src=\"https:\/\/elementus.lv\/wp-content\/uploads\/2025\/01\/slide-prod.png\" class=\"no-lazyload attachment-full\" alt=\"\" srcset=\"https:\/\/elementus.lv\/wp-content\/uploads\/2025\/01\/slide-prod.png 500w, https:\/\/elementus.lv\/wp-content\/uploads\/2025\/01\/slide-prod-227x300.png 227w\" sizes=\"(max-width: 500px) 100vw, 500px\" \/>                                    <\/div>\r\n                        <\/div>\t\t\t\t<\/div>\n\t\t\t\t<\/div>\n\t\t            <\/div>\r\n        <\/div>\r\n                <div class=\"elementor-column elementor-col-50 elementor-top-column elementor-element elementor-element-2b7dcd0 pxl-column-element-default pxl-column-none\" data-id=\"2b7dcd0\" data-element_type=\"column\" data-e-type=\"column\">\r\n        <div class=\"elementor-widget-wrap elementor-element-populated\">\r\n                     \r\n        \t\t<div class=\"elementor-element elementor-element-3ab6f0c elementor-widget elementor-widget-pxl_text_editor\" data-id=\"3ab6f0c\" data-element_type=\"widget\" data-e-type=\"widget\" data-widget_type=\"pxl_text_editor.default\">\n\t\t\t\t<div class=\"elementor-widget-container\">\n\t\t\t\t\t<div class=\"pxl-text-editor\">\n\t<div class=\"pxl-item--inner\" data-wow-delay=\"ms\">\n\t\t<p><strong>Galvenie produktu pied\u0101v\u0101jumi<\/strong><\/p><ol><li><strong>D\u016bmu nos\u016bc\u0113ji<\/strong> TopAir Systems pied\u0101v\u0101 virkni tvaika nos\u016bc\u0113ju, tostarp kan\u0101lu un bezkan\u0101lu mode\u013cus, kas paredz\u0113ti, lai nodro\u0161in\u0101tu optim\u0101lu lietot\u0101ju aizsardz\u012bbu, str\u0101d\u0101jot ar b\u012bstam\u0101m viel\u0101m. Bezkan\u0101lu tvaika nos\u016bc\u0113ji ir apr\u012bkoti ar modernu filtr\u0113\u0161anas tehnolo\u0123iju, kas nodro\u0161ina visaugst\u0101k\u0101 l\u012bme\u0146a gaisa kvalit\u0101ti un atbilst\u012bbu starptautiskajiem dro\u0161\u012bbas standartiem.<\/li><li><strong>Lamin\u0101r\u0101s pl\u016bsmas skapji<\/strong> \u0160ie skapji ir izstr\u0101d\u0101ti vid\u0113m, kur\u0101s nepiecie\u0161ama sterila darba vide, piem\u0113ram, farm\u0101cijas ra\u017eo\u0161an\u0101, elektronik\u0101 un laboratorijas p\u0113tniec\u012bb\u0101. TopAir lamin\u0101r\u0101s pl\u016bsmas risin\u0101jumi nodro\u0161ina konsekventu gaisa att\u012br\u012b\u0161anu un pies\u0101r\u0146ojuma kontroli.<\/li><li><strong>Biolo\u0123isk\u0101s dro\u0161\u012bbas skapji<\/strong> TopAir biolo\u0123isk\u0101s dro\u0161\u012bbas skapji ir veidoti t\u0101, lai nodro\u0161in\u0101tu maksim\u0101lu aizsardz\u012bbu gan operatoriem, gan jut\u012bgiem materi\u0101liem. Tie ir ide\u0101li piem\u0113roti darbam ar biolo\u0123iskiem a\u0123entiem un nodro\u0161ina atbilst\u012bbu biolo\u0123isk\u0101s dro\u0161\u012bbas standartiem.<\/li><li><strong>\u0136\u012bmisko vielu glab\u0101\u0161anas skapji<\/strong> TopAir skapji ir paredz\u0113ti dro\u0161ai b\u012bstamo \u0137\u012bmisko vielu uzglab\u0101\u0161anai, un tiem ir iztur\u012bga konstrukcija un progres\u012bvi dro\u0161\u012bbas meh\u0101nismi, tostarp ventil\u0101cija un ugunsdro\u0161\u012bba.<\/li><li><strong>Laboratorijas m\u0113beles<\/strong> TopAir pied\u0101v\u0101 ar\u012b ergonomiskas un iztur\u012bgas laboratorijas m\u0113beles, tostarp darba galdus, glab\u0101\u0161anas risin\u0101jumus un plauktus. \u0160os produktus var piel\u0101got, lai tie atbilstu da\u017e\u0101du laboratoriju specifiskaj\u0101m vajadz\u012bb\u0101m.<\/li><li><strong>Gaisa \u0161ovi un caurlai\u017eu kastes<\/strong> Lai saglab\u0101tu t\u012bro telpu integrit\u0101ti, TopAir ra\u017eo gaisa du\u0161as un caurlaides kastes, kas samazina da\u013ci\u0146u pies\u0101r\u0146ojumu person\u0101la vai materi\u0101lu p\u0101rvieto\u0161anas laik\u0101.<\/li><\/ol>\t<\/div>\n<\/div>\t\t\t\t<\/div>\n\t\t\t\t<\/div>\n\t\t            <\/div>\r\n        <\/div>\r\n        \t\t\t<\/div>\n\t\t<\/section>\n\t\t        <section class=\"elementor-section elementor-top-section elementor-element elementor-element-4944d0a elementor-section-boxed elementor-section-height-default elementor-section-height-default pxl-type-header-none pxl-row-scroll-none\" data-id=\"4944d0a\" data-element_type=\"section\" data-e-type=\"section\">\n\n                \n                <div class=\"elementor-container elementor-column-gap-default\">\n                <div class=\"elementor-column elementor-col-50 elementor-top-column elementor-element elementor-element-db87a99 pxl-column-element-default pxl-column-none\" data-id=\"db87a99\" data-element_type=\"column\" data-e-type=\"column\">\r\n        <div class=\"elementor-widget-wrap elementor-element-populated\">\r\n                     \r\n        \t\t<div class=\"elementor-element elementor-element-1eca192 elementor-widget elementor-widget-pxl_text_editor\" data-id=\"1eca192\" data-element_type=\"widget\" data-e-type=\"widget\" data-widget_type=\"pxl_text_editor.default\">\n\t\t\t\t<div class=\"elementor-widget-container\">\n\t\t\t\t\t<div class=\"pxl-text-editor\">\n\t<div class=\"pxl-item--inner\" data-wow-delay=\"ms\">\n\t\t<p><strong>K\u0101p\u0113c izv\u0113l\u0113ties TopAir Systems?<\/strong><\/p><ul><li><strong>Augstas kvalit\u0101tes materi\u0101li:<\/strong> TopAir izmanto iztur\u012bgus, \u0137\u012bmiski iztur\u012bgus materi\u0101lus, piem\u0113ram, polipropil\u0113nu un ner\u016bs\u0113jo\u0161o t\u0113raudu, lai nodro\u0161in\u0101tu ilgu produktu kalpo\u0161anas laiku.<\/li><li><strong>Piel\u0101gojami risin\u0101jumi:<\/strong> Produkti ir piel\u0101goti, lai atbilstu klientu unik\u0101laj\u0101m pras\u012bb\u0101m da\u017e\u0101d\u0101s nozar\u0113s.<\/li><li><strong>Atbilst\u012bba dro\u0161\u012bbas pras\u012bb\u0101m:<\/strong> Visi produkti atbilst stingriem starptautiskiem standartiem, piem\u0113ram, ISO, CE un OSHA vadl\u012bnij\u0101m.<\/li><li><strong>Inovat\u012bvas tehnolo\u0123ijas:<\/strong> TopAir apvieno modern\u0101k\u0101s filtr\u0113\u0161anas un gaisa pl\u016bsmas tehnolo\u0123ijas, lai uzlabotu veiktsp\u0113ju un dro\u0161\u012bbu.<\/li><\/ul><p><strong>Apkalpot\u0101s nozares<\/strong><\/p><p>TopAir Systems apkalpo da\u017e\u0101das nozares, tostarp:<\/p><ul><li>Biotehnolo\u0123ija un farm\u0101cija<\/li><li>Vesel\u012bbas apr\u016bpe un medic\u012bnas p\u0113tniec\u012bba<\/li><li>Elektronikas un pusvad\u012bt\u0101ju ra\u017eo\u0161ana<\/li><li>\u0136\u012bmisk\u0101 apstr\u0101de<\/li><li>Akad\u0113misk\u0101s un izgl\u012bt\u012bbas iest\u0101des<\/li><\/ul><p>TopAir Systems pied\u0101v\u0101 uzticamus, inovat\u012bvus risin\u0101jumus, kas uzlabo produktivit\u0101ti un dro\u0161\u012bbu laboratorij\u0101s un t\u012br\u0101s telp\u0101s. Lai ieg\u016btu vair\u0101k inform\u0101cijas, apmekl\u0113jiet uz\u0146\u0113muma t\u012bmek\u013ca vietni vai skatiet produktu katalogu.<\/p>\t<\/div>\n<\/div>\t\t\t\t<\/div>\n\t\t\t\t<\/div>\n\t\t            <\/div>\r\n        <\/div>\r\n                <div class=\"elementor-column elementor-col-50 elementor-top-column elementor-element elementor-element-780079b pxl-column-element-default pxl-column-none\" data-id=\"780079b\" data-element_type=\"column\" data-e-type=\"column\">\r\n        <div class=\"elementor-widget-wrap elementor-element-populated\">\r\n                     \r\n        \t\t<div class=\"elementor-element elementor-element-979c6c6 elementor-widget elementor-widget-pxl_image\" data-id=\"979c6c6\" data-element_type=\"widget\" data-e-type=\"widget\" data-widget_type=\"pxl_image.default\">\n\t\t\t\t<div class=\"elementor-widget-container\">\n\t\t\t\t\t<div class=\"pxl-image-single\" data-wow-delay=\"ms\">\r\n                                        <div class=\"pxl-item--inner\">\r\n                                            <img decoding=\"async\" width=\"564\" height=\"744\" src=\"https:\/\/elementus.lv\/wp-content\/uploads\/2025\/01\/bio-a2.jpg\" class=\"no-lazyload attachment-full\" alt=\"\" srcset=\"https:\/\/elementus.lv\/wp-content\/uploads\/2025\/01\/bio-a2.jpg 564w, https:\/\/elementus.lv\/wp-content\/uploads\/2025\/01\/bio-a2-227x300.jpg 227w, https:\/\/elementus.lv\/wp-content\/uploads\/2025\/01\/bio-a2-538x710.jpg 538w\" sizes=\"(max-width: 564px) 100vw, 564px\" \/>                                    <\/div>\r\n                        <\/div>\t\t\t\t<\/div>\n\t\t\t\t<\/div>\n\t\t            <\/div>\r\n        <\/div>\r\n        \t\t\t<\/div>\n\t\t<\/section>\n\t\t        <section class=\"elementor-section elementor-top-section elementor-element elementor-element-f1307e8 elementor-section-boxed elementor-section-height-default elementor-section-height-default pxl-type-header-none pxl-row-scroll-none\" data-id=\"f1307e8\" data-element_type=\"section\" data-e-type=\"section\">\n\n                \n                <div class=\"elementor-container elementor-column-gap-default\">\n                <div class=\"elementor-column elementor-col-33 elementor-top-column elementor-element elementor-element-e3c4da2 pxl-column-element-default pxl-column-none\" data-id=\"e3c4da2\" data-element_type=\"column\" data-e-type=\"column\">\r\n        <div class=\"elementor-widget-wrap\">\r\n                     \r\n                    <\/div>\r\n        <\/div>\r\n                <div class=\"elementor-column elementor-col-33 elementor-top-column elementor-element elementor-element-0391b80 pxl-column-element-default pxl-column-none\" data-id=\"0391b80\" data-element_type=\"column\" data-e-type=\"column\">\r\n        <div class=\"elementor-widget-wrap elementor-element-populated\">\r\n                     \r\n        \t\t<div class=\"elementor-element elementor-element-beee355 elementor-widget elementor-widget-pxl_showcase\" data-id=\"beee355\" data-element_type=\"widget\" data-e-type=\"widget\" data-widget_type=\"pxl_showcase.default\">\n\t\t\t\t<div class=\"elementor-widget-container\">\n\t\t\t\t\t<div class=\"pxl-showcase layout1\" data-wow-delay=\"ms\">\r\n    <div class=\"inner-box item-normarl\">\r\n        <div class=\"item-feature\">\r\n            <img loading=\"lazy\" decoding=\"async\" width=\"564\" height=\"744\" src=\"https:\/\/elementus.lv\/wp-content\/uploads\/2025\/01\/bio-a2.jpg\" class=\"attachment-full\" alt=\"\" srcset=\"https:\/\/elementus.lv\/wp-content\/uploads\/2025\/01\/bio-a2.jpg 564w, https:\/\/elementus.lv\/wp-content\/uploads\/2025\/01\/bio-a2-227x300.jpg 227w, https:\/\/elementus.lv\/wp-content\/uploads\/2025\/01\/bio-a2-538x710.jpg 538w\" sizes=\"(max-width: 564px) 100vw, 564px\" \/>            <div class=\"pxl-item-links\">\r\n                                    <a class=\"link-1\" href=\"https:\/\/elementus.lv\/wp-content\/uploads\/2025\/01\/Laminar-cabinets.pdf\" target=\"_blank\">\r\n                        <span>TOPAIR katalogs<\/span>\r\n                    <\/a>\r\n                                                    <a class=\"link-2\" href=\"https:\/\/elementus.lv\/wp-content\/uploads\/2025\/01\/Laminar-cabinets.pdf\">\r\n                        <span><\/span>\r\n                    <\/a>\r\n                            <\/div>\r\n        <\/div>\r\n        <h3 class=\"item-title\">\r\n            <a href=\"https:\/\/elementus.lv\/wp-content\/uploads\/2025\/01\/Laminar-cabinets.pdf\" target=\"_blank\">                TOPAIR katalogs            <\/a>                    <\/h3>\r\n    <\/div>\r\n<\/div>\t\t\t\t<\/div>\n\t\t\t\t<\/div>\n\t\t\t\t<div class=\"elementor-element elementor-element-89fd43a elementor-align-center elementor-widget elementor-widget-button\" data-id=\"89fd43a\" data-element_type=\"widget\" data-e-type=\"widget\" data-widget_type=\"button.default\">\n\t\t\t\t<div class=\"elementor-widget-container\">\n\t\t\t\t\t\t\t\t\t<div class=\"elementor-button-wrapper\">\n\t\t\t\t\t<a class=\"elementor-button elementor-button-link elementor-size-sm\" href=\"https:\/\/elementus.lv\/wp-content\/uploads\/2025\/01\/Laminar-cabinets.pdf?dl=1\" download=\"Laminar-cabinets.pdf\">\n\t\t\t\t\t\t<span class=\"elementor-button-content-wrapper\">\n\t\t\t\t\t\t\t\t\t<span class=\"elementor-button-text\">Lejupiel\u0101d\u0113t katalogu<\/span>\n\t\t\t\t\t<\/span>\n\t\t\t\t\t<\/a>\n\t\t\t\t<\/div>\n\t\t\t\t\t\t\t\t<\/div>\n\t\t\t\t<\/div>\n\t\t            <\/div>\r\n        <\/div>\r\n                <div class=\"elementor-column elementor-col-33 elementor-top-column elementor-element elementor-element-8130496 pxl-column-element-default pxl-column-none\" data-id=\"8130496\" data-element_type=\"column\" data-e-type=\"column\">\r\n        <div class=\"elementor-widget-wrap\">\r\n                     \r\n                    <\/div>\r\n        <\/div>\r\n        \t\t\t<\/div>\n\t\t<\/section>\n\t\t\t\t<\/div>","protected":false},"excerpt":{"rendered":"<p>Laminar Cabinets TopAir Systems: Innovative Solutions for Cleanroom and Laboratory Environments TopAir Systems is a leading manufacturer specializing in high-quality cleanroom and laboratory equipment designed to meet the stringent demands of modern industries. With a focus on innovation, efficiency, and safety, TopAir Systems delivers a range of products that support research, healthcare, and industrial applications [&hellip;]<\/p>\n","protected":false},"author":1,"featured_media":0,"parent":0,"menu_order":0,"comment_status":"closed","ping_status":"closed","template":"","meta":{"footnotes":""},"class_list":["post-14875","page","type-page","status-publish","hentry"],"_links":{"self":[{"href":"https:\/\/elementus.lv\/lv\/wp-json\/wp\/v2\/pages\/14875","targetHints":{"allow":["GET"]}}],"collection":[{"href":"https:\/\/elementus.lv\/lv\/wp-json\/wp\/v2\/pages"}],"about":[{"href":"https:\/\/elementus.lv\/lv\/wp-json\/wp\/v2\/types\/page"}],"author":[{"embeddable":true,"href":"https:\/\/elementus.lv\/lv\/wp-json\/wp\/v2\/users\/1"}],"replies":[{"embeddable":true,"href":"https:\/\/elementus.lv\/lv\/wp-json\/wp\/v2\/comments?post=14875"}],"version-history":[{"count":8,"href":"https:\/\/elementus.lv\/lv\/wp-json\/wp\/v2\/pages\/14875\/revisions"}],"predecessor-version":[{"id":15420,"href":"https:\/\/elementus.lv\/lv\/wp-json\/wp\/v2\/pages\/14875\/revisions\/15420"}],"wp:attachment":[{"href":"https:\/\/elementus.lv\/lv\/wp-json\/wp\/v2\/media?parent=14875"}],"curies":[{"name":"wp","href":"https:\/\/api.w.org\/{rel}","templated":true}]}}