{"id":16305,"date":"2025-03-29T17:04:13","date_gmt":"2025-03-29T17:04:13","guid":{"rendered":"https:\/\/elementus.lv\/?page_id=16305"},"modified":"2025-04-16T12:27:54","modified_gmt":"2025-04-16T12:27:54","slug":"consumables","status":"publish","type":"page","link":"https:\/\/elementus.lv\/lv\/consumables\/","title":{"rendered":"Izlietoj\u0101mie materi\u0101li"},"content":{"rendered":"<div data-elementor-type=\"wp-page\" data-elementor-id=\"16305\" class=\"elementor elementor-16305\" data-elementor-post-type=\"page\">\n\t\t\t\t        <section class=\"elementor-section elementor-top-section elementor-element elementor-element-2757cb6 elementor-section-boxed elementor-section-height-default elementor-section-height-default pxl-type-header-none pxl-row-scroll-none\" data-id=\"2757cb6\" data-element_type=\"section\" data-e-type=\"section\" data-settings=\"{&quot;background_background&quot;:&quot;classic&quot;}\">\n\n                            <div class=\"elementor-background-overlay\"><\/div>\n            \n                <div class=\"elementor-container elementor-column-gap-default\">\n                <div class=\"elementor-column elementor-col-100 elementor-top-column elementor-element elementor-element-6134e3f pxl-column-element-default pxl-column-none\" data-id=\"6134e3f\" data-element_type=\"column\" data-e-type=\"column\">\r\n        <div class=\"elementor-widget-wrap elementor-element-populated\">\r\n                     \r\n        \t\t<div class=\"elementor-element elementor-element-12b68ca elementor-widget elementor-widget-pxl_heading\" data-id=\"12b68ca\" data-element_type=\"widget\" data-e-type=\"widget\" data-widget_type=\"pxl_heading.default\">\n\t\t\t\t<div class=\"elementor-widget-container\">\n\t\t\t\t\t<div class=\"pxl-heading\">\n\t<div class=\"pxl-heading--inner\">\n\t\t\t\t<h3 class=\"pxl-item--title\" data-wow-delay=\"ms\">\n\t\t\tAnal\u012btisko pasaul\u0113 atz\u012btu z\u012bmolu preces\t\t\n\t\t<\/h3>\n\t\t\t<\/div>\n<\/div>\t\t\t\t<\/div>\n\t\t\t\t<\/div>\n\t\t            <\/div>\r\n        <\/div>\r\n        \t\t\t<\/div>\n\t\t<\/section>\n\t\t        <section class=\"elementor-section elementor-top-section elementor-element elementor-element-ee6e93d elementor-section-boxed elementor-section-height-default elementor-section-height-default pxl-type-header-none pxl-row-scroll-none\" data-id=\"ee6e93d\" data-element_type=\"section\" data-e-type=\"section\">\n\n                \n                <div class=\"elementor-container elementor-column-gap-default\">\n                <div class=\"elementor-column elementor-col-100 elementor-top-column elementor-element elementor-element-907839c pxl-column-element-default pxl-column-none\" data-id=\"907839c\" data-element_type=\"column\" data-e-type=\"column\">\r\n        <div class=\"elementor-widget-wrap elementor-element-populated\">\r\n                     \r\n        \t\t<div class=\"elementor-element elementor-element-29c732a elementor-widget__width-initial elementor-widget elementor-widget-pxl_text_editor\" data-id=\"29c732a\" data-element_type=\"widget\" data-e-type=\"widget\" data-widget_type=\"pxl_text_editor.default\">\n\t\t\t\t<div class=\"elementor-widget-container\">\n\t\t\t\t\t<div class=\"pxl-text-editor\">\n\t<div class=\"pxl-item--inner\" data-wow-delay=\"ms\">\n\t\t<h5>Augstas kvalit\u0101tes izlietoj\u0101mie materi\u0101li no vado\u0161ajiem laboratoriju z\u012bmoliem<\/h5>\t<\/div>\n<\/div>\t\t\t\t<\/div>\n\t\t\t\t<\/div>\n\t\t            <\/div>\r\n        <\/div>\r\n        \t\t\t<\/div>\n\t\t<\/section>\n\t\t        <section class=\"elementor-section elementor-top-section elementor-element elementor-element-e86bdf7 elementor-section-boxed elementor-section-height-default elementor-section-height-default pxl-type-header-none pxl-row-scroll-none\" data-id=\"e86bdf7\" data-element_type=\"section\" data-e-type=\"section\">\n\n                \n                <div class=\"elementor-container elementor-column-gap-default\">\n                <div class=\"elementor-column elementor-col-50 elementor-top-column elementor-element elementor-element-ed942e6 pxl-column-element-default pxl-column-none\" data-id=\"ed942e6\" data-element_type=\"column\" data-e-type=\"column\">\r\n        <div class=\"elementor-widget-wrap elementor-element-populated\">\r\n                     \r\n        \t\t<div class=\"elementor-element elementor-element-571038a elementor-widget__width-initial elementor-widget elementor-widget-pxl_text_editor\" data-id=\"571038a\" data-element_type=\"widget\" data-e-type=\"widget\" data-widget_type=\"pxl_text_editor.default\">\n\t\t\t\t<div class=\"elementor-widget-container\">\n\t\t\t\t\t<div class=\"pxl-text-editor\">\n\t<div class=\"pxl-item--inner\" data-wow-delay=\"ms\">\n\t\t<p>Laboratorijas p\u0113t\u012bjumu un anal\u012b\u017eu pasaul\u0113 izlietojamu materi\u0101lu kvalit\u0101te un uzticam\u012bba sp\u0113l\u0113 iz\u0161\u0137iro\u0161u lomu, nodro\u0161inot prec\u012bzus rezult\u0101tus un nevainojamu darb\u012bbu. Elementus lepojas ar augst\u0101k\u0101s kvalit\u0101tes izlietojamu materi\u0101lu pieg\u0101di pasaul\u0113 no atz\u012btiem z\u012bmoliem, tostarp Waters, Agilent, Shimadzu, Mettler Toledo, Metrohm un Thermo Scientific.<\/p>\t<\/div>\n<\/div>\t\t\t\t<\/div>\n\t\t\t\t<\/div>\n\t\t            <\/div>\r\n        <\/div>\r\n                <div class=\"elementor-column elementor-col-50 elementor-top-column elementor-element elementor-element-71979b2 pxl-column-element-default pxl-column-none\" data-id=\"71979b2\" data-element_type=\"column\" data-e-type=\"column\">\r\n        <div class=\"elementor-widget-wrap elementor-element-populated\">\r\n                     \r\n        \t\t<div class=\"elementor-element elementor-element-6e8bb14 elementor-widget-laptop__width-initial elementor-widget elementor-widget-image\" data-id=\"6e8bb14\" data-element_type=\"widget\" data-e-type=\"widget\" data-widget_type=\"image.default\">\n\t\t\t\t<div class=\"elementor-widget-container\">\n\t\t\t\t\t\t\t\t\t\t\t\t\t\t\t<img fetchpriority=\"high\" decoding=\"async\" width=\"275\" height=\"183\" src=\"https:\/\/elementus.lv\/wp-content\/uploads\/2025\/03\/images.jpg\" class=\"attachment-large size-large wp-image-16315\" alt=\"\" srcset=\"https:\/\/elementus.lv\/wp-content\/uploads\/2025\/03\/images.jpg 275w, https:\/\/elementus.lv\/wp-content\/uploads\/2025\/03\/images-18x12.jpg 18w\" sizes=\"(max-width: 275px) 100vw, 275px\" \/>\t\t\t\t\t\t\t\t\t\t\t\t\t\t\t<\/div>\n\t\t\t\t<\/div>\n\t\t            <\/div>\r\n        <\/div>\r\n        \t\t\t<\/div>\n\t\t<\/section>\n\t\t        <section class=\"elementor-section elementor-top-section elementor-element elementor-element-6292729 elementor-section-boxed elementor-section-height-default elementor-section-height-default pxl-type-header-none pxl-row-scroll-none\" data-id=\"6292729\" data-element_type=\"section\" data-e-type=\"section\">\n\n                \n                <div class=\"elementor-container elementor-column-gap-default\">\n                <div class=\"elementor-column elementor-col-50 elementor-top-column elementor-element elementor-element-e68122b pxl-column-element-default pxl-column-none\" data-id=\"e68122b\" data-element_type=\"column\" data-e-type=\"column\">\r\n        <div class=\"elementor-widget-wrap elementor-element-populated\">\r\n                     \r\n        \t\t<div class=\"elementor-element elementor-element-cb534d1 elementor-widget-laptop__width-initial elementor-widget elementor-widget-pxl_image\" data-id=\"cb534d1\" data-element_type=\"widget\" data-e-type=\"widget\" data-widget_type=\"pxl_image.default\">\n\t\t\t\t<div class=\"elementor-widget-container\">\n\t\t\t\t\t<div class=\"pxl-image-single\" data-wow-delay=\"ms\">\r\n                                        <div class=\"pxl-item--inner\">\r\n                                            <img decoding=\"async\" width=\"430\" height=\"261\" src=\"https:\/\/elementus.lv\/wp-content\/uploads\/2025\/03\/HPLC-Mix-consumables.jpg\" class=\"no-lazyload attachment-full\" alt=\"\" srcset=\"https:\/\/elementus.lv\/wp-content\/uploads\/2025\/03\/HPLC-Mix-consumables.jpg 430w, https:\/\/elementus.lv\/wp-content\/uploads\/2025\/03\/HPLC-Mix-consumables-300x182.jpg 300w, https:\/\/elementus.lv\/wp-content\/uploads\/2025\/03\/HPLC-Mix-consumables-18x12.jpg 18w\" sizes=\"(max-width: 430px) 100vw, 430px\" \/>                                    <\/div>\r\n                        <\/div>\t\t\t\t<\/div>\n\t\t\t\t<\/div>\n\t\t            <\/div>\r\n        <\/div>\r\n                <div class=\"elementor-column elementor-col-50 elementor-top-column elementor-element elementor-element-2abd071 pxl-column-element-default pxl-column-none\" data-id=\"2abd071\" data-element_type=\"column\" data-e-type=\"column\">\r\n        <div class=\"elementor-widget-wrap elementor-element-populated\">\r\n                     \r\n        \t\t<div class=\"elementor-element elementor-element-f53524a elementor-widget__width-initial elementor-widget-laptop__width-initial elementor-widget elementor-widget-pxl_text_editor\" data-id=\"f53524a\" data-element_type=\"widget\" data-e-type=\"widget\" data-widget_type=\"pxl_text_editor.default\">\n\t\t\t\t<div class=\"elementor-widget-container\">\n\t\t\t\t\t<div class=\"pxl-text-editor\">\n\t<div class=\"pxl-item--inner\" data-wow-delay=\"ms\">\n\t\t<h5>Pla\u0161s pat\u0113ri\u0146a materi\u0101lu kl\u0101sts<\/h5>\t<\/div>\n<\/div>\t\t\t\t<\/div>\n\t\t\t\t<\/div>\n\t\t\t\t<div class=\"elementor-element elementor-element-5dfa0e2 elementor-widget__width-initial elementor-widget elementor-widget-pxl_text_editor\" data-id=\"5dfa0e2\" data-element_type=\"widget\" data-e-type=\"widget\" data-widget_type=\"pxl_text_editor.default\">\n\t\t\t\t<div class=\"elementor-widget-container\">\n\t\t\t\t\t<div class=\"pxl-text-editor\">\n\t<div class=\"pxl-item--inner\" data-wow-delay=\"ms\">\n\t\t<p>M\u0113s pied\u0101v\u0101jam pla\u0161u izlietojamu materi\u0101lu izv\u0113li, kas piel\u0101gota augst\u0101kajiem nozares standartiem, nodro\u0161inot sader\u012bbu un optim\u0101lu veiktsp\u0113ju j\u016bsu laboratorijas instrumentiem. M\u016bsu portfel\u012b ietilpst:<\/p>\t<\/div>\n<\/div>\t\t\t\t<\/div>\n\t\t\t\t<\/div>\n\t\t\t\t<div class=\"elementor-element elementor-element-1d26ed9 elementor-widget__width-initial elementor-widget elementor-widget-pxl_text_editor\" data-id=\"1d26ed9\" data-element_type=\"widget\" data-e-type=\"widget\" data-widget_type=\"pxl_text_editor.default\">\n\t\t\t\t<div class=\"elementor-widget-container\">\n\t\t\t\t\t<div class=\"pxl-text-editor\">\n\t<div class=\"pxl-item--inner\" data-wow-delay=\"ms\">\n\t\t<ul><li><strong>Hromatogr\u0101fijas pat\u0113ri\u0146a materi\u0101li<\/strong> \u2013 Kolonnas, flakoni, v\u0101ci\u0146i, \u0161\u013circes un filtri HPLC, GC un LC-MS pielietojumiem no Waters, Agilent un Shimadzu.<\/li><li><strong>Elektro\u0137\u012bmijas un titr\u0113\u0161anas piederumi<\/strong> \u2013 Elektrodi, \u0161\u0137\u012bdumi un piederumi, kas sader\u012bgi ar Metrohm un Mettler Toledo instrumentiem.<\/li><\/ul>\t<\/div>\n<\/div>\t\t\t\t<\/div>\n\t\t\t\t<\/div>\n\t\t            <\/div>\r\n        <\/div>\r\n        \t\t\t<\/div>\n\t\t<\/section>\n\t\t        <section class=\"elementor-section elementor-top-section elementor-element elementor-element-2f05faf elementor-section-boxed elementor-section-height-default elementor-section-height-default pxl-type-header-none pxl-row-scroll-none\" data-id=\"2f05faf\" data-element_type=\"section\" data-e-type=\"section\">\n\n                \n                <div class=\"elementor-container elementor-column-gap-default\">\n                <div class=\"elementor-column elementor-col-50 elementor-top-column elementor-element elementor-element-8513ff2 pxl-column-element-default pxl-column-none\" data-id=\"8513ff2\" data-element_type=\"column\" data-e-type=\"column\">\r\n        <div class=\"elementor-widget-wrap elementor-element-populated\">\r\n                     \r\n        \t\t<div class=\"elementor-element elementor-element-64f1ff9 elementor-widget elementor-widget-pxl_text_editor\" data-id=\"64f1ff9\" data-element_type=\"widget\" data-e-type=\"widget\" data-widget_type=\"pxl_text_editor.default\">\n\t\t\t\t<div class=\"elementor-widget-container\">\n\t\t\t\t\t<div class=\"pxl-text-editor\">\n\t<div class=\"pxl-item--inner\" data-wow-delay=\"ms\">\n\t\t<ul><li><strong>Svara noteik\u0161anas un paraugu sagatavo\u0161anas materi\u0101li<\/strong> \u2013 Prec\u012bzi sv\u0113r\u0161anas pap\u012bri, kalibr\u0113\u0161anas atsvari un paraugu konteineri Mettler Toledo svariem.<\/li><li><strong>Spektroskopijas piederumi<\/strong> \u2013 Kuvetes, lampas un kalibr\u0113\u0161anas standarti Thermo Scientific un Agilent spektrometriem.<\/li><li><strong>Visp\u0101r\u0113jie laboratorijas piederumi<\/strong> \u2013 Caurul\u012btes, pipetes uzga\u013ci un filtri da\u017e\u0101diem anal\u012btiskajiem procesiem.<\/li><\/ul><p>Ja j\u016bs interes\u0113 sa\u0146emt cenas pied\u0101v\u0101jumu zin\u0101mam kataloga produktam, l\u016bdzu, nos\u016btiet mums piepras\u012bjumu noradot kataloga numuru.<\/p>\t<\/div>\n<\/div>\t\t\t\t<\/div>\n\t\t\t\t<\/div>\n\t\t\t\t<div class=\"elementor-element elementor-element-452ad95 elementor-widget__width-inherit elementor-widget-laptop__width-initial elementor-widget elementor-widget-html\" data-id=\"452ad95\" data-element_type=\"widget\" data-e-type=\"widget\" id=\"calltocontact\" data-widget_type=\"html.default\">\n\t\t\t\t<div class=\"elementor-widget-container\">\n\t\t\t\t\t<button id='callaction'><a target='_blank' href='https:\/\/elementus.lv\/lv\/contact\/' style='color:white; font-weight:bold;'>Sazin\u0101ties<\/a><\/button>\t\t\t\t<\/div>\n\t\t\t\t<\/div>\n\t\t            <\/div>\r\n        <\/div>\r\n                <div class=\"elementor-column elementor-col-50 elementor-top-column elementor-element elementor-element-17b4a9d pxl-column-element-default pxl-column-none\" data-id=\"17b4a9d\" data-element_type=\"column\" data-e-type=\"column\">\r\n        <div class=\"elementor-widget-wrap elementor-element-populated\">\r\n                     \r\n        \t\t<div class=\"elementor-element elementor-element-82ec9b7 elementor-widget-laptop__width-initial elementor-widget elementor-widget-image\" data-id=\"82ec9b7\" data-element_type=\"widget\" data-e-type=\"widget\" data-widget_type=\"image.default\">\n\t\t\t\t<div class=\"elementor-widget-container\">\n\t\t\t\t\t\t\t\t\t\t\t\t\t\t\t<img decoding=\"async\" width=\"500\" height=\"500\" src=\"https:\/\/elementus.lv\/wp-content\/uploads\/2025\/03\/500x500-GC-Consum.jpg\" class=\"attachment-large size-large wp-image-16310\" alt=\"\" srcset=\"https:\/\/elementus.lv\/wp-content\/uploads\/2025\/03\/500x500-GC-Consum.jpg 500w, https:\/\/elementus.lv\/wp-content\/uploads\/2025\/03\/500x500-GC-Consum-300x300.jpg 300w, https:\/\/elementus.lv\/wp-content\/uploads\/2025\/03\/500x500-GC-Consum-150x150.jpg 150w, https:\/\/elementus.lv\/wp-content\/uploads\/2025\/03\/500x500-GC-Consum-12x12.jpg 12w, https:\/\/elementus.lv\/wp-content\/uploads\/2025\/03\/500x500-GC-Consum-250x250.jpg 250w, https:\/\/elementus.lv\/wp-content\/uploads\/2025\/03\/500x500-GC-Consum-96x96.jpg 96w\" sizes=\"(max-width: 500px) 100vw, 500px\" \/>\t\t\t\t\t\t\t\t\t\t\t\t\t\t\t<\/div>\n\t\t\t\t<\/div>\n\t\t            <\/div>\r\n        <\/div>\r\n        \t\t\t<\/div>\n\t\t<\/section>\n\t\t\t\t<\/div>","protected":false},"excerpt":{"rendered":"<p>Analytical famous brand goods High-Quality Consumables for Leading Laboratory Brands In the world of laboratory research and analysis, the quality and reliability of consumables play a crucial role in ensuring accurate results and smooth operations. At Elementus, we take pride in supplying premium consumables for globally recognized brands, including Waters, Agilent, Shimadzu, Mettler Toledo, Metrohm, [&hellip;]<\/p>\n","protected":false},"author":1,"featured_media":0,"parent":0,"menu_order":0,"comment_status":"closed","ping_status":"closed","template":"","meta":{"footnotes":""},"class_list":["post-16305","page","type-page","status-publish","hentry"],"_links":{"self":[{"href":"https:\/\/elementus.lv\/lv\/wp-json\/wp\/v2\/pages\/16305","targetHints":{"allow":["GET"]}}],"collection":[{"href":"https:\/\/elementus.lv\/lv\/wp-json\/wp\/v2\/pages"}],"about":[{"href":"https:\/\/elementus.lv\/lv\/wp-json\/wp\/v2\/types\/page"}],"author":[{"embeddable":true,"href":"https:\/\/elementus.lv\/lv\/wp-json\/wp\/v2\/users\/1"}],"replies":[{"embeddable":true,"href":"https:\/\/elementus.lv\/lv\/wp-json\/wp\/v2\/comments?post=16305"}],"version-history":[{"count":23,"href":"https:\/\/elementus.lv\/lv\/wp-json\/wp\/v2\/pages\/16305\/revisions"}],"predecessor-version":[{"id":16613,"href":"https:\/\/elementus.lv\/lv\/wp-json\/wp\/v2\/pages\/16305\/revisions\/16613"}],"wp:attachment":[{"href":"https:\/\/elementus.lv\/lv\/wp-json\/wp\/v2\/media?parent=16305"}],"curies":[{"name":"wp","href":"https:\/\/api.w.org\/{rel}","templated":true}]}}