{"id":22,"date":"2023-08-23T04:23:45","date_gmt":"2023-08-23T04:23:45","guid":{"rendered":"https:\/\/demo.bravisthemes.com\/patholab\/?page_id=22"},"modified":"2025-04-16T12:31:30","modified_gmt":"2025-04-16T12:31:30","slug":"coming-soon","status":"publish","type":"page","link":"https:\/\/elementus.lv\/lv\/coming-soon\/","title":{"rendered":"Dr\u012bzum\u0101 gaid\u0101ms"},"content":{"rendered":"<div data-elementor-type=\"wp-page\" data-elementor-id=\"22\" class=\"elementor elementor-22\" data-elementor-post-type=\"page\">\n\t\t\t\t        <section class=\"elementor-section elementor-top-section elementor-element elementor-element-3c18d09 elementor-section-full_width elementor-section-height-default elementor-section-height-default pxl-type-header-none pxl-section-offset-none pxl-row-scroll-none\" data-id=\"3c18d09\" data-element_type=\"section\" data-e-type=\"section\" data-settings=\"{&quot;background_background&quot;:&quot;classic&quot;}\">\n\n                            <div class=\"elementor-background-overlay\"><\/div>\n            \n                <div class=\"elementor-container elementor-column-gap-no\">\n                <div class=\"elementor-column elementor-col-100 elementor-top-column elementor-element elementor-element-d707164 pxl-column-element-default pxl-column-none\" data-id=\"d707164\" data-element_type=\"column\" data-e-type=\"column\" data-settings=\"{&quot;background_background&quot;:&quot;classic&quot;}\">\r\n        <div class=\"elementor-widget-wrap elementor-element-populated\">\r\n                                <div class=\"elementor-background-overlay\"><\/div>\r\n         \r\n        \t\t<div class=\"elementor-element elementor-element-7461e0b elementor-widget elementor-widget-pxl_heading\" data-id=\"7461e0b\" data-element_type=\"widget\" data-e-type=\"widget\" data-widget_type=\"pxl_heading.default\">\n\t\t\t\t<div class=\"elementor-widget-container\">\n\t\t\t\t\t<div class=\"pxl-heading\">\n\t<div class=\"pxl-heading--inner\">\n\t\t\t\t<h3 class=\"pxl-item--title wow skewIn\" data-wow-delay=\"ms\">\n\t\t\t\u0160\u012a LAPA TIEK VEIDOTA\t\t\n\t\t<\/h3>\n\t\t\t<\/div>\n<\/div>\t\t\t\t<\/div>\n\t\t\t\t<\/div>\n\t\t\t\t<div class=\"elementor-element elementor-element-0625377 elementor-widget elementor-widget-pxl_title_extra\" data-id=\"0625377\" data-element_type=\"widget\" data-e-type=\"widget\" data-widget_type=\"pxl_title_extra.default\">\n\t\t\t\t<div class=\"elementor-widget-container\">\n\t\t\t\t\t<div class=\"pxl-title-extra shadow-extra wow skewIn\" data-wow-delay=\"ms\">\r\n    <div class=\"pxl-item--title\">\r\n    \t        \t<span class=\"text-gradient\">DR\u012aZUM\u0100 GAID\u0100MS<\/span>\r\n        \t<span class=\"text-shadow\">DR\u012aZUM\u0100 GAID\u0100MS<\/span>\r\n            <\/div>\r\n<\/div>\t\t\t\t<\/div>\n\t\t\t\t<\/div>\n\t\t            <\/div>\r\n        <\/div>\r\n        \t\t\t<\/div>\n\t\t<\/section>\n\t\t\t\t<\/div>","protected":false},"excerpt":{"rendered":"<p>THIS PAGE IS UNDER CONSTRUCTION COMING SOON COMING SOON<\/p>","protected":false},"author":1,"featured_media":0,"parent":0,"menu_order":0,"comment_status":"closed","ping_status":"closed","template":"","meta":{"footnotes":""},"class_list":["post-22","page","type-page","status-publish","hentry"],"_links":{"self":[{"href":"https:\/\/elementus.lv\/lv\/wp-json\/wp\/v2\/pages\/22","targetHints":{"allow":["GET"]}}],"collection":[{"href":"https:\/\/elementus.lv\/lv\/wp-json\/wp\/v2\/pages"}],"about":[{"href":"https:\/\/elementus.lv\/lv\/wp-json\/wp\/v2\/types\/page"}],"author":[{"embeddable":true,"href":"https:\/\/elementus.lv\/lv\/wp-json\/wp\/v2\/users\/1"}],"replies":[{"embeddable":true,"href":"https:\/\/elementus.lv\/lv\/wp-json\/wp\/v2\/comments?post=22"}],"version-history":[{"count":12,"href":"https:\/\/elementus.lv\/lv\/wp-json\/wp\/v2\/pages\/22\/revisions"}],"predecessor-version":[{"id":16615,"href":"https:\/\/elementus.lv\/lv\/wp-json\/wp\/v2\/pages\/22\/revisions\/16615"}],"wp:attachment":[{"href":"https:\/\/elementus.lv\/lv\/wp-json\/wp\/v2\/media?parent=22"}],"curies":[{"name":"wp","href":"https:\/\/api.w.org\/{rel}","templated":true}]}}